{"id":1001,"date":"2025-06-05T11:00:17","date_gmt":"2025-06-05T11:00:17","guid":{"rendered":"https:\/\/solanteq.web-design.ee\/solar-fraud-prevention\/"},"modified":"2025-06-12T11:41:05","modified_gmt":"2025-06-12T11:41:05","slug":"solar-fraud-prevention","status":"publish","type":"page","link":"https:\/\/solanteq.com\/es\/solar-fraud-prevention\/","title":{"rendered":"SOLAR Fraud Prevention"},"content":{"rendered":"<div class=\"wpb-content-wrapper\"><p>[vc_row][vc_column][vc_raw_html css=\u00bb.vc_custom_1749558353114{margin-bottom: 0px !important;}\u00bb el_class=\u00bbbreadcrumbs\u00bb]JTNDYSUyMGhyZWYlM0QlMjIlMkYlMjIlM0VIb21lJTNDJTJGYSUzRSUyMCU3QyUyMFByb2R1Y3RvcyUyMCU3QyUyMCUzQ3NwYW4lM0VTT0xBUiUyMEZyYXVkJTIwUHJldmVudGlvbiUzQyUyRnNwYW4lM0U=[\/vc_raw_html][\/vc_column][\/vc_row][vc_row css=\u00bb.vc_custom_1747922304231{border-color: #FF0000 !important;}\u00bb][vc_column][vc_empty_space height=\u00bb40px\u00bb][vc_custom_heading text=\u00bb<b>SOLAR<\/b> Fraud Prevention \u2014 protecci\u00f3n total para sus transacciones\u00bb font_container=\u00bbtag:h1|font_size:64px|text_align:left|color:%23424D59|line_height:84px\u00bb use_theme_fonts=\u00bbyes\u00bb css=\u00bb.vc_custom_1749558488192{margin-bottom: 0px !important;margin-left: -5px !important;}\u00bb el_class=\u00bbheading-big\u00bb][vc_empty_space height=\u00bb25px\u00bb][vc_custom_heading text=\u00bbSOLAR Fraud Prevention, dise\u00f1ada para emisores, adquirentes y procesadores, le permite controlar de sus pagos y previene el fraude en todos los canales. Las transacciones se asignan a categor\u00edas de riesgo mediante reglas personalizables basadas en los par\u00e1metros de las transacciones de los clientes, su historial y otros datos, como sus comportamientos est\u00e1ndar.\u00bb font_container=\u00bbtag:p|font_size:20px|text_align:left|color:%23424D59|line_height:28px\u00bb use_theme_fonts=\u00bbyes\u00bb css=\u00bb.vc_custom_1749558502587{margin-bottom: 0px !important;}\u00bb el_class=\u00bbweight-light\u00bb][vc_empty_space height=\u00bb50px\u00bb][\/vc_column][\/vc_row][vc_row full_width=\u00bbstretch_row\u00bb css=\u00bb.vc_custom_1748962391931{padding-top: 100px !important;padding-bottom: 100px !important;background-color: #424D59 !important;background-position: center !important;background-repeat: no-repeat !important;background-size: cover !important;}\u00bb el_class=\u00bbdisable-row-overflow page-under-video-block\u00bb][vc_column][vc_custom_heading text=\u00bbCUBRE TODOS LOS CANALES\u00bb font_container=\u00bbtag:h2|font_size:36px|text_align:left|color:%23FFFFFF|line_height:44px\u00bb use_theme_fonts=\u00bbyes\u00bb css=\u00bb\u00bb el_class=\u00bbheading-big page-bits-title\u00bb][vc_empty_space height=\u00bb20px\u00bb][vc_column_text css=\u00bb\u00bb]<span style=\"color: #ffffff;\">SOLAR Fraud Prevention incluye interfaces con los principales sistemas de informaci\u00f3n bancaria, cuyos datos mejoran la seguridad de las transacciones:<\/span>[\/vc_column_text][vc_empty_space height=\u00bb20px\u00bb][vc_row_inner css=\u00bb.vc_custom_1748967280488{border-top-width: 1px !important;border-right-width: 1px !important;border-bottom-width: 1px !important;border-left-width: 1px !important;padding-top: 40px !important;padding-right: 30px !important;padding-bottom: 40px !important;padding-left: 30px !important;background-color: #515D6A !important;border-radius: 20px !important;border-color: #515D6A !important;}\u00bb][vc_column_inner][vc_raw_html css=\u00bb\u00bb el_class=\u00bbbits-of-functionality much-text bulletlist\u00bb]c2lzdGVtYXMlMjBkZSUyMHByb2Nlc2FtaWVudG8lMjBkZSUyMHRhcmpldGFzJTNC[\/vc_raw_html][vc_raw_html css=\u00bb\u00bb el_class=\u00bbbits-of-functionality much-text bulletlist\u00bb]Y2FuYWxlcyUyMGRlJTIwYmFuY2ElMjBhJTIwZGlzdGFuY2lhJTJDJTIwc2lzdGVtYXMlMjBkZSUyMGJhbmNhJTIwbWlub3Jpc3RhJTIweSUyMG90cm9zLg==[\/vc_raw_html][\/vc_column_inner][\/vc_row_inner][vc_empty_space height=\u00bb40px\u00bb][vc_column_text css=\u00bb\u00bb]<span style=\"color: #ffffff;\">La informaci\u00f3n de estos sistemas se tiene en cuenta para el an\u00e1lisis de riesgos y la asignaci\u00f3n de acciones como:<\/span>[\/vc_column_text][vc_empty_space height=\u00bb20px\u00bb][vc_row_inner css=\u00bb.vc_custom_1748967280488{border-top-width: 1px !important;border-right-width: 1px !important;border-bottom-width: 1px !important;border-left-width: 1px !important;padding-top: 40px !important;padding-right: 30px !important;padding-bottom: 40px !important;padding-left: 30px !important;background-color: #515D6A !important;border-radius: 20px !important;border-color: #515D6A !important;}\u00bb][vc_column_inner][vc_raw_html css=\u00bb\u00bb el_class=\u00bbbits-of-functionality much-text bulletlist\u00bb]ZXRpcXVldGFyJTIwbGFzJTIwbGxhbWFkYXMlMjBkZSUyMGNvbnRyb2wlMjB5JTIwc2VndWltaWVudG8lM0I=[\/vc_raw_html][vc_raw_html css=\u00bb\u00bb el_class=\u00bbbits-of-functionality much-text bulletlist\u00bb]cmVjaGF6YXIlM0I=[\/vc_raw_html][vc_raw_html css=\u00bb\u00bb el_class=\u00bbbits-of-functionality much-text bulletlist\u00bb]ZW52aWFyJTIwdW5hJTIwbm90aWZpY2FjaSVDMyVCM24lMjAlMjhTTVMlMjBvJTIwY29ycmVvJTIwZWxlY3RyJUMzJUIzbmljbyUyOSUyMGFsJTIwY2xpZW50ZSUyMG8lMjBhbCUyMGNlbnRybyUyMGRlJTIwc2VndXJpZGFkJTIwZGVsJTIwYmFuY28lM0I=[\/vc_raw_html][vc_raw_html css=\u00bb\u00bb el_class=\u00bbbits-of-functionality much-text bulletlist\u00bb]YSVDMyVCMWFkaXIlMjBjbGllbnRlcyUyQyUyMHRhcmpldGFzJTIweSUyMGNvbWVyY2lvcyUyMGElMjB1bmElMjBsaXN0YSUyMG5lZ3JhLg==[\/vc_raw_html][\/vc_column_inner][\/vc_row_inner][vc_empty_space height=\u00bb40px\u00bb][vc_custom_heading text=\u00bbREGLAS FLEXIBLES Y F\u00c1CILES DE ESTABLECER\u00bb font_container=\u00bbtag:h2|font_size:36px|text_align:left|color:%23FFFFFF|line_height:44px\u00bb use_theme_fonts=\u00bbyes\u00bb css=\u00bb\u00bb el_class=\u00bbheading-big page-bits-title\u00bb][vc_empty_space height=\u00bb20px\u00bb][vc_column_text css=\u00bb\u00bb]<span style=\"color: #ffffff;\">SOLAR Fraud Prevention analiza las transacciones en funci\u00f3n de las reglas configuradas, que pueden utilizar tanto los par\u00e1metros de la transacci\u00f3n como el historial de transacciones del cliente dentro de un periodo de tiempo ajustable. No es necesario tener conocimientos de programaci\u00f3n para configurar las reglas: se establecen en las p\u00e1ginas de configuraci\u00f3n a las que se accede desde el perfil del administrador. Los an\u00e1lisis integrados basados en el aprendizaje autom\u00e1tico recopilan los datos sobre el uso de las reglas y ayudan a identificar las reglas ineficaces u obsoletas.<\/span>[\/vc_column_text][vc_empty_space height=\u00bb40px\u00bb][vc_custom_heading text=\u00bbPRUEBAS DE LAS REGLAS Y NUEVAS ESTRATEGIAS\u00bb font_container=\u00bbtag:h2|font_size:36px|text_align:left|color:%23FFFFFF|line_height:44px\u00bb use_theme_fonts=\u00bbyes\u00bb css=\u00bb\u00bb el_class=\u00bbheading-big page-bits-title\u00bb][vc_empty_space height=\u00bb20px\u00bb][vc_column_text css=\u00bb\u00bb]<span style=\"color: #ffffff;\">A medida que los delitos financieros se vuelven m\u00e1s y m\u00e1s complejos, sus empleados tendr\u00e1n que poner en marcha nuevos m\u00e9todos para prevenirlos. Aqu\u00ed, SOLAR Fraud Prevention se convierte en su aliado. Hemos creado un sistema de pruebas que le permite desarrollar nuevas estrategias de forma segura y analizar si est\u00e1n listas para su lanzamiento, sin afectar al cliente ni al proceso de autorizaci\u00f3n.<\/span><\/p>\n<p><span style=\"color: #ffffff;\">SOLAR Fraud Prevention puede equiparse con SOLAR Case Management o con una interfaz est\u00e1ndar para su sistema de gesti\u00f3n de casos si es necesario. Fraud Prevention abre un caso para cada transacci\u00f3n sospechosa que puede incluir transacciones similares ocurridas en un periodo de tiempo cercano.<\/span>[\/vc_column_text][vc_empty_space height=\u00bb40px\u00bb][vc_custom_heading text=\u00bbNOS HEMOS OCUPADO DE INTERNET\u00bb font_container=\u00bbtag:h2|font_size:36px|text_align:left|color:%23FFFFFF|line_height:44px\u00bb use_theme_fonts=\u00bbyes\u00bb css=\u00bb\u00bb el_class=\u00bbheading-big page-bits-title\u00bb][vc_empty_space height=\u00bb20px\u00bb][vc_column_text css=\u00bb\u00bb]<span style=\"color: #ffffff;\">SOLAR Fraud Prevention dispone de m\u00f3dulos para el seguimiento de transacciones y pagos en l\u00ednea. Es posible establecer reglas que incluyan los dispositivos utilizados para realizar estos pagos, sus direcciones IP y otra informaci\u00f3n relevante.<\/span>[\/vc_column_text][vc_empty_space height=\u00bb40px\u00bb][vc_custom_heading text=\u00bbCUALQUIERA PUEDE CONECTARSE\u00bb font_container=\u00bbtag:h2|font_size:36px|text_align:left|color:%23FFFFFF|line_height:44px\u00bb use_theme_fonts=\u00bbyes\u00bb css=\u00bb\u00bb el_class=\u00bbheading-big page-bits-title\u00bb][vc_empty_space height=\u00bb20px\u00bb][vc_column_text css=\u00bb\u00bb]<span style=\"color: #ffffff;\">SOLAR Fraud Prevention es un sistema independiente dise\u00f1ado para mejorar sus soluciones para facilitar transacciones, tanto si se basan en SOLAR como en los componentes de otras empresas. SOLAR Fraud Prevention puede integrarse para intercambiar informaci\u00f3n sobre los casos de riesgo a trav\u00e9s de un conjunto de interfaces personalizadas para su entorno de sistemas de informaci\u00f3n espec\u00edfico.<\/span>[\/vc_column_text][vc_empty_space height=\u00bb40px\u00bb][vc_single_image image=\u00bb1389&#8243; img_size=\u00bbfull\u00bb alignment=\u00bbcenter\u00bb css=\u00bb.vc_custom_1749558897872{padding-top: 20px !important;padding-right: 20px !important;padding-bottom: 20px !important;padding-left: 20px !important;background-color: #FFFFFF !important;}\u00bb el_class=\u00bbborder-radius20&#8243;][vc_empty_space height=\u00bb40px\u00bb][vc_custom_heading text=\u00bbLAS AUTORIZACIONES NUNCA SE RALENTIZAN\u00bb font_container=\u00bbtag:h2|font_size:36px|text_align:left|color:%23FFFFFF|line_height:44px\u00bb use_theme_fonts=\u00bbyes\u00bb css=\u00bb\u00bb el_class=\u00bbheading-big page-bits-title\u00bb][vc_empty_space height=\u00bb20px\u00bb][vc_column_text css=\u00bb\u00bb]<span style=\"color: #ffffff;\">SOLAR Fraud Prevention es r\u00e1pido y almacena los datos de forma compacta. Esto es importante porque, a medida que aumenta el n\u00famero de reglas, se necesitan m\u00e1s recursos para un buen an\u00e1lisis de riesgos. SOLAR Fraud Prevention es escalable horizontalmente y varias de sus caracter\u00edsticas b\u00e1sicas contribuyen a su velocidad:<\/span>[\/vc_column_text][vc_empty_space height=\u00bb20px\u00bb][vc_row_inner css=\u00bb.vc_custom_1748969047907{border-top-width: 1px !important;border-right-width: 1px !important;border-bottom-width: 1px !important;border-left-width: 1px !important;padding-top: 40px !important;padding-right: 30px !important;padding-bottom: 40px !important;padding-left: 30px !important;background-color: #515D6A !important;border-radius: 20px !important;border-color: #515D6A !important;}\u00bb][vc_column_inner][vc_raw_html css=\u00bb\u00bb el_class=\u00bbbits-of-functionality much-text bulletlist\u00bb]bG9zJTIwcHJvY2Vzb3MlMjBzZSUyMGVqZWN1dGFuJTIwcG9yJTIwc2VwYXJhZG8lMjB5JTIwZW4lMjBwYXJhbGVsbyUyMGElMjBsYXMlMjBhY2Npb25lcyUyMGRlJTIwYXV0b3JpemFjaSVDMyVCM24lMkMlMjBsbyUyMHF1ZSUyMG5vJTIwbGFzJTIwYWZlY3RhJTNC[\/vc_raw_html][vc_raw_html css=\u00bb\u00bb el_class=\u00bbbits-of-functionality much-text bulletlist\u00bb]ZWwlMjB0aWVtcG8lMjBkZSUyMGFuJUMzJUExbGlzaXMlMjBzZSUyMGNvbnRyb2xhJTIweSUyMGVsJTIwYWRtaW5pc3RyYWRvciUyMHJlY2liZSUyMHVuYSUyMGFsZXJ0YSUyMGN1YW5kbyUyMHNlJTIwYWxjYW56YW4lMjBsb3MlMjBsJUMzJUFEbWl0ZXMlMjBkZSUyMHRpZW1wbyUyMHJlY29tZW5kYWRvcyUzQg==[\/vc_raw_html][vc_raw_html css=\u00bb\u00bb el_class=\u00bbbits-of-functionality much-text bulletlist\u00bb]c2UlMjBwdWVkZSUyMGNvbmZpZ3VyYXIlMjBlbCUyMHRpZW1wbyUyMGRlJTIwcmVzcHVlc3RhJTIwZ2FyYW50aXphZG8u[\/vc_raw_html][\/vc_column_inner][\/vc_row_inner][vc_empty_space height=\u00bb40px\u00bb][vc_custom_heading text=\u00bbSEGUIMIENTO DE TODAS LAS TARJETAS Y DISPOSITIVOS\u00bb font_container=\u00bbtag:h2|font_size:36px|text_align:left|color:%23FFFFFF|line_height:44px\u00bb use_theme_fonts=\u00bbyes\u00bb css=\u00bb\u00bb el_class=\u00bbheading-big page-bits-title\u00bb][vc_empty_space height=\u00bb20px\u00bb][vc_column_text css=\u00bb\u00bb]<span style=\"color: #ffffff;\">SOLAR Fraud Prevention es una potente soluci\u00f3n de \u00faltima generaci\u00f3n para prevenir el fraude en los pagos y ayudarle a controlar sus transacciones como emisor, adquirente o en un papel completamente diferente. Con SOLAR Fraud Prevention, puede poner en marcha estrategias para que la interacci\u00f3n de todas las partes implicadas en el proceso de pago sea segura.<\/span><\/p>\n<p><span style=\"color: #ffffff;\">Con cada instalaci\u00f3n, ofrecemos paquetes de reglas de supervisi\u00f3n preconfigurados que nuestros expertos seleccionan a partir de su experiencia y de una sesi\u00f3n introductoria con su equipo.<\/span>[\/vc_column_text][\/vc_column][\/vc_row][vc_row full_width=\u00bbstretch_row\u00bb equal_height=\u00bbyes\u00bb content_placement=\u00bbmiddle\u00bb css=\u00bb.vc_custom_1748969789929{margin-bottom: -40px !important;padding-top: 30px !important;padding-bottom: 30px !important;background-color: #E8432D !important;}\u00bb][vc_column width=\u00bb1\/6&#8243; css=\u00bb.vc_custom_1748443670093{border-color: #FFFFFF !important;}\u00bb el_class=\u00bbbenefit-icon-col\u00bb][vc_empty_space height=\u00bb30px\u00bb el_class=\u00bbmobile-off\u00bb][vc_icon icon_fontawesome=\u00bbfa fa-regular fa-envelope-open\u00bb color=\u00bbwhite\u00bb size=\u00bbxl\u00bb align=\u00bbcenter\u00bb css=\u00bb\u00bb][\/vc_column][vc_column width=\u00bb5\/6&#8243; el_class=\u00bbbenefit-content-col\u00bb][vc_custom_heading text=\u00bbEstamos convencidos de que SOLAR Fraud Prevention le proporcionar\u00e1 una protecci\u00f3n infalible mientras navega por el mundo de los pagos.\u00bb font_container=\u00bbtag:h3|font_size:32px|text_align:left|color:%23FFFFFF|line_height:34px\u00bb use_theme_fonts=\u00bbyes\u00bb css=\u00bb.vc_custom_1749559041838{margin-bottom: 10px !important;}\u00bb el_class=\u00bbweight-regular\u00bb][vc_custom_heading text=\u00bb\u00a1Contacte con nosotros! Estaremos encantados de organizar una demostraci\u00f3n para responder a todas sus preguntas en detalle.\u00bb font_container=\u00bbtag:p|font_size:20px|text_align:left|color:%23FFFFFF|line_height:28px\u00bb use_theme_fonts=\u00bbyes\u00bb css=\u00bb.vc_custom_1749559052925{margin-bottom: 10px !important;}\u00bb][vc_empty_space height=\u00bb30px\u00bb][vc_btn title=\u00bbContacte Con Nosotros\u00bb style=\u00bbcustom\u00bb custom_background=\u00bb#E8432D\u00bb custom_text=\u00bb#FFFFFF\u00bb shape=\u00bbround\u00bb size=\u00bblg\u00bb align=\u00bbleft\u00bb css=\u00bb.vc_custom_1749728464463{margin-bottom: 0px !important;border-color: #FFFFFF !important;}\u00bb link=\u00bburl:%23&#8243; el_class=\u00bbbutton-red-bg popmake-1553&#8243;][\/vc_column][\/vc_row]<\/p>\n<\/div>","protected":false},"excerpt":{"rendered":"<p>[vc_row][vc_column][vc_raw_html css=\u00bb.vc_custom_1749558353114{margin-bottom: 0px !important;}\u00bb el_class=\u00bbbreadcrumbs\u00bb]JTNDYSUyMGhyZWYlM0QlMjIlMkYlMjIlM0VIb21lJTNDJTJGYSUzRSUyMCU3QyUyMFByb2R1Y3RvcyUyMCU3QyUyMCUzQ3NwYW4lM0VTT0xBUiUyMEZyYXVkJTIwUHJldmVudGlvbiUzQyUyRnNwYW4lM0U=[\/vc_raw_html][\/vc_column][\/vc_row][vc_row css=\u00bb.vc_custom_1747922304231{border-color: #FF0000 !important;}\u00bb][vc_column][vc_empty_space height=\u00bb40px\u00bb][vc_custom_heading text=\u00bbSOLAR Fraud Prevention \u2014 protecci\u00f3n total para sus transacciones\u00bb font_container=\u00bbtag:h1|font_size:64px|text_align:left|color:%23424D59|line_height:84px\u00bb use_theme_fonts=\u00bbyes\u00bb css=\u00bb.vc_custom_1749558488192{margin-bottom: 0px !important;margin-left: -5px !important;}\u00bb el_class=\u00bbheading-big\u00bb][vc_empty_space height=\u00bb25px\u00bb][vc_custom_heading text=\u00bbSOLAR Fraud Prevention, dise\u00f1ada para emisores, adquirentes y procesadores, le permite controlar de sus pagos y previene el fraude en todos los canales. Las transacciones se asignan a &#8230; <a title=\"SOLAR Fraud Prevention\" class=\"read-more\" href=\"https:\/\/solanteq.com\/es\/solar-fraud-prevention\/\" aria-label=\"Leer m\u00e1s sobre SOLAR Fraud Prevention\">Read more<\/a><\/p>\n","protected":false},"author":3,"featured_media":0,"parent":0,"menu_order":0,"comment_status":"closed","ping_status":"closed","template":"","meta":{"footnotes":""},"class_list":["post-1001","page","type-page","status-publish"],"_links":{"self":[{"href":"https:\/\/solanteq.com\/es\/wp-json\/wp\/v2\/pages\/1001","targetHints":{"allow":["GET"]}}],"collection":[{"href":"https:\/\/solanteq.com\/es\/wp-json\/wp\/v2\/pages"}],"about":[{"href":"https:\/\/solanteq.com\/es\/wp-json\/wp\/v2\/types\/page"}],"author":[{"embeddable":true,"href":"https:\/\/solanteq.com\/es\/wp-json\/wp\/v2\/users\/3"}],"replies":[{"embeddable":true,"href":"https:\/\/solanteq.com\/es\/wp-json\/wp\/v2\/comments?post=1001"}],"version-history":[{"count":3,"href":"https:\/\/solanteq.com\/es\/wp-json\/wp\/v2\/pages\/1001\/revisions"}],"predecessor-version":[{"id":1647,"href":"https:\/\/solanteq.com\/es\/wp-json\/wp\/v2\/pages\/1001\/revisions\/1647"}],"wp:attachment":[{"href":"https:\/\/solanteq.com\/es\/wp-json\/wp\/v2\/media?parent=1001"}],"curies":[{"name":"wp","href":"https:\/\/api.w.org\/{rel}","templated":true}]}}