{"id":1003,"date":"2025-06-05T10:57:24","date_gmt":"2025-06-05T10:57:24","guid":{"rendered":"https:\/\/solanteq.web-design.ee\/solar-token-management\/"},"modified":"2025-06-12T11:43:02","modified_gmt":"2025-06-12T11:43:02","slug":"solar-token-management","status":"publish","type":"page","link":"https:\/\/solanteq.com\/es\/solar-token-management\/","title":{"rendered":"SOLAR Token Management"},"content":{"rendered":"<div class=\"wpb-content-wrapper\"><p>[vc_row][vc_column][vc_raw_html css=\u00bb.vc_custom_1749538968296{margin-bottom: 0px !important;}\u00bb el_class=\u00bbbreadcrumbs\u00bb]JTNDYSUyMGhyZWYlM0QlMjIlMkYlMjIlM0VIb21lJTNDJTJGYSUzRSUyMCU3QyUyMFByb2R1Y3RvcyUyMCU3QyUyMCUzQ3NwYW4lM0VTT0xBUiUyMFRva2VuJTIwTWFuYWdlbWVudCUzQyUyRnNwYW4lM0U=[\/vc_raw_html][\/vc_column][\/vc_row][vc_row css=\u00bb.vc_custom_1747922304231{border-color: #FF0000 !important;}\u00bb][vc_column][vc_empty_space height=\u00bb40px\u00bb][vc_custom_heading text=\u00bb<b>SOLAR<\/b> Token Management \u2014 protecci\u00f3n de datos de tarjetas de pago\u00bb font_container=\u00bbtag:h1|font_size:64px|text_align:left|color:%23424D59|line_height:84px\u00bb use_theme_fonts=\u00bbyes\u00bb css=\u00bb.vc_custom_1749538957144{margin-bottom: 0px !important;margin-left: -5px !important;}\u00bb el_class=\u00bbheading-big\u00bb][vc_empty_space height=\u00bb25px\u00bb][vc_custom_heading text=\u00bbSOLAR Token Management es una soluci\u00f3n de software para la tokenizaci\u00f3n de los datos de los pagos digitales y sin contacto.\u00bb font_container=\u00bbtag:p|font_size:20px|text_align:left|color:%23424D59|line_height:28px\u00bb use_theme_fonts=\u00bbyes\u00bb css=\u00bb.vc_custom_1749538985271{margin-bottom: 0px !important;}\u00bb el_class=\u00bbweight-light\u00bb][vc_empty_space height=\u00bb50px\u00bb][\/vc_column][\/vc_row][vc_row full_width=\u00bbstretch_row\u00bb css=\u00bb.vc_custom_1748962391931{padding-top: 100px !important;padding-bottom: 100px !important;background-color: #424D59 !important;background-position: center !important;background-repeat: no-repeat !important;background-size: cover !important;}\u00bb el_class=\u00bbdisable-row-overflow page-under-video-block\u00bb][vc_column][vc_empty_space height=\u00bb20px\u00bb][vc_custom_heading text=\u00bbSEGURIDAD DE LOS DATOS\u00bb font_container=\u00bbtag:h2|font_size:36px|text_align:left|color:%23FFFFFF|line_height:44px\u00bb use_theme_fonts=\u00bbyes\u00bb css=\u00bb\u00bb el_class=\u00bbheading-big page-bits-title\u00bb][vc_empty_space height=\u00bb20px\u00bb][vc_column_text css=\u00bb\u00bb]<span style=\"color: #ffffff;\">La tokenizaci\u00f3n es una tecnolog\u00eda novedosa, conveniente tanto para los vendedores como para los titulares de las tarjetas, ya que facilita un proceso de pago seguro y r\u00e1pido en los comercios online y offline. La mayor ventaja de la tokenizaci\u00f3n es que la informaci\u00f3n real de la tarjeta de pago se sustituye por un valor digital \u00fanico: un token (n\u00famero DPAN). Los datos confidenciales de la tarjeta no se transfieren a ninguna parte y, por lo tanto, el vendedor, el adquirente o las aplicaciones de pago no pueden almacenarlos. En las transacciones, solo se utiliza el DPAN<\/span>[\/vc_column_text][vc_empty_space height=\u00bb40px\u00bb][vc_custom_heading text=\u00bbSOLAR Token Management est\u00e1 dise\u00f1ado para llevar a cabo pagos tokenizados:\u00bb font_container=\u00bbtag:h2|font_size:36px|text_align:left|color:%23FFFFFF|line_height:44px\u00bb use_theme_fonts=\u00bbyes\u00bb css=\u00bb\u00bb el_class=\u00bbheading-big page-bits-title\u00bb][vc_empty_space height=\u00bb20px\u00bb][vc_row_inner css=\u00bb.vc_custom_1748967280488{border-top-width: 1px !important;border-right-width: 1px !important;border-bottom-width: 1px !important;border-left-width: 1px !important;padding-top: 40px !important;padding-right: 30px !important;padding-bottom: 40px !important;padding-left: 30px !important;background-color: #515D6A !important;border-radius: 20px !important;border-color: #515D6A !important;}\u00bb][vc_column_inner][vc_raw_html css=\u00bb\u00bb el_class=\u00bbbits-of-functionality much-text bulletlist\u00bb]cHJlcGFyYSUyMGxvcyUyMGRhdG9zJTIwbmVjZXNhcmlvcyUyMHBhcmElMjBsb3MlMjBzZXJ2aWNpb3MlMjBkZSUyMHRva2VuaXphY2klQzMlQjNuJTIwZGUlMjBsYSUyMEFQSSUyMGRlJTIwbG9zJTIwc2lzdGVtYXMlMjBkZSUyMHBhZ28lMjBpbnRlcm5hY2lvbmFsZXMlMjB5JTIwbG9zJTIwbW9uZWRlcm9zJTIwZWxlY3RyJUMzJUIzbmljb3MlMjBtJUMzJUExcyUyMHBvcHVsYXJlcyUyQyUyMGNvbW8lMjBBcHBsZSUyMFBheSUyQyUyMEdvb2dsZSUyMFBheSUyQyUyMFNhbXN1bmclMjBQYXklMjB5JTIwR2FybWluJTIwUGF5JTIwZW50cmUlMjBvdHJvcyUzQg==[\/vc_raw_html][vc_raw_html css=\u00bb\u00bb el_class=\u00bbbits-of-functionality much-text bulletlist\u00bb]cHJvdGVnZSUyMGxvcyUyMGRhdG9zJTIwZGVsJTIwY2xpZW50ZSUyMGRlJTIwYWN1ZXJkbyUyMGNvbiUyMGVsJTIwUENJJTIwRFNTJTJDJTIwcHVlc3RvJTIwcXVlJTIwbGElMjBvcGVyYWNpJUMzJUIzbiUyMHNlJTIwaW5pY2lhJTIwc2luJTIwaW50cm9kdWNpciUyMGxvcyUyMGRhdG9zJTIwZGUlMjBsYSUyMHRhcmpldGElM0I=[\/vc_raw_html][vc_raw_html css=\u00bb\u00bb el_class=\u00bbbits-of-functionality much-text bulletlist\u00bb]b2ZyZWNlJTIwdW4lMjBhbG1hY2VuYW1pZW50byUyMHNlZ3VybyUyMGRlJTIwbG9zJTIwZGF0b3MlMjBkZSUyMGxhJTIwdGFyamV0YSUyQyUyMGNhbWJpYW5kbyUyMGxvcyUyMGRhdG9zJTIwZGUlMjBsYXMlMjB0YXJqZXRhcyUyMHByZXZpYW1lbnRlJTIwZ3VhcmRhZGFzJTIweSUyMGFzaWduYW5kbyUyMGlkZW50aWZpY2Fkb3JlcyUyMGRpZ2l0YWxlcyUyMCVDMyVCQW5pY29zLg==[\/vc_raw_html][\/vc_column_inner][\/vc_row_inner][vc_empty_space height=\u00bb40px\u00bb][vc_row_inner equal_height=\u00bbyes\u00bb content_placement=\u00bbmiddle\u00bb css=\u00bb.vc_custom_1748968639058{border-top-width: 1px !important;border-right-width: 1px !important;border-bottom-width: 1px !important;border-left-width: 1px !important;padding-top: 40px !important;padding-bottom: 40px !important;background-color: #E8432D !important;border-left-style: solid !important;border-right-style: solid !important;border-top-style: solid !important;border-bottom-style: solid !important;border-radius: 20px !important;border-color: #E8432D !important;}\u00bb][vc_column_inner el_class=\u00bbbenefit-icon-col\u00bb width=\u00bb1\/6&#8243;][vc_empty_space height=\u00bb30px\u00bb el_class=\u00bbmobile-off\u00bb][vc_icon icon_fontawesome=\u00bbfa fa-regular fa-lightbulb\u00bb color=\u00bbwhite\u00bb size=\u00bbxl\u00bb align=\u00bbcenter\u00bb css=\u00bb\u00bb][\/vc_column_inner][vc_column_inner el_class=\u00bbbenefit-content-col\u00bb width=\u00bb5\/6&#8243; css=\u00bb.vc_custom_1748968779705{padding-right: 50px !important;padding-left: 50px !important;}\u00bb][vc_column_text css=\u00bb\u00bb]<span style=\"color: #ffffff;\">Solanteq, desarrollador de la plataforma SOLAR, especializa en la creaci\u00f3n de componentes innovadores que se utilizan para crear soluciones de pago y aplicaciones digitales. Los productos de software SOLAR son f\u00e1cilmente escalables, se integran de forma nativa en los entornos de nube, ofrecen la m\u00e1xima tolerancia a fallos y pueden suministrarse como contenedores personalizables de forma flexible a petici\u00f3n del cliente. La plataforma SOLAR es universal para el desarrollo de negocio de banca minorista y compa\u00f1\u00edas de procesamiento.<\/span>[\/vc_column_text][\/vc_column_inner][\/vc_row_inner][vc_empty_space height=\u00bb40px\u00bb][vc_custom_heading text=\u00bbF\u00c1CIL LANZAMIENTO E INTEGRACI\u00d3N CON CUALQUIER SISTEMA\u00bb font_container=\u00bbtag:h2|font_size:36px|text_align:left|color:%23FFFFFF|line_height:44px\u00bb use_theme_fonts=\u00bbyes\u00bb css=\u00bb\u00bb el_class=\u00bbheading-big page-bits-title\u00bb][vc_empty_space height=\u00bb20px\u00bb][vc_row_inner css=\u00bb.vc_custom_1748967280488{border-top-width: 1px !important;border-right-width: 1px !important;border-bottom-width: 1px !important;border-left-width: 1px !important;padding-top: 40px !important;padding-right: 30px !important;padding-bottom: 40px !important;padding-left: 30px !important;background-color: #515D6A !important;border-radius: 20px !important;border-color: #515D6A !important;}\u00bb][vc_column_inner][vc_raw_html css=\u00bb\u00bb el_class=\u00bbbits-of-functionality much-text bulletlist\u00bb]SW5zdGFsYWNpJUMzJUIzbiUyQyUyMGxhbnphbWllbnRvJTIwZSUyMGludGVncmFjaSVDMyVCM24lMjBlbiUyMDItNCUyMG1lc2VzLg==[\/vc_raw_html][vc_raw_html css=\u00bb\u00bb el_class=\u00bbbits-of-functionality much-text bulletlist\u00bb]UmVxdWlzaXRvcyUyMG0lQzMlQURuaW1vcyUyMGRlJTIwaGFyZHdhcmUlMjB5JTIwc29mdHdhcmUu[\/vc_raw_html][vc_raw_html css=\u00bb\u00bb el_class=\u00bbbits-of-functionality much-text bulletlist\u00bb]TGFzJTIwaW50ZXJmYWNlcyUyMHB1ZWRlbiUyMGNyZWFyc2UlMjBjb24lMjBkb2NlbmFzJTIwZGUlMjBzaXN0ZW1hcyUyMGRlJTIwZGF0b3Mu[\/vc_raw_html][vc_raw_html css=\u00bb\u00bb el_class=\u00bbbits-of-functionality much-text bulletlist\u00bb]TG9zJTIwcGFxdWV0ZXMlMjBkZSUyMGludGVncmFjaSVDMyVCM24lMjBsaXN0b3MlMjBwYXJhJTIwdXNhciUyMGZhY2lsaXRhbiUyMGxhJTIwY29uZXhpJUMzJUIzbiUyMGRlJTIwbG9zJTIwc2lzdGVtYXMlMjBleGlzdGVudGVzLg==[\/vc_raw_html][vc_raw_html css=\u00bb\u00bb el_class=\u00bbbits-of-functionality much-text bulletlist\u00bb]TGElMjBpbnRlcmZheiUyMGRlJTIwbWlncmFjaSVDMyVCM24lMjBkZSUyMGRhdG9zJTIwc2UlMjBpbmNvcnBvcmElMjBhbCUyMHRyYW5zZmVyaXJzZSUyMGElMjBTT0xBUiUyMEFUTSUyMEhhbmRsZXIlMjBkZXNkZSUyMGxvcyUyMHNpc3RlbWFzJTIwaGVyZWRhZG9zLg==[\/vc_raw_html][\/vc_column_inner][\/vc_row_inner][vc_empty_space height=\u00bb40px\u00bb][vc_custom_heading text=\u00bbPARA LOS SERVICIOS DE PAGO\u00bb font_container=\u00bbtag:h2|font_size:36px|text_align:left|color:%23FFFFFF|line_height:44px\u00bb use_theme_fonts=\u00bbyes\u00bb css=\u00bb\u00bb el_class=\u00bbheading-big page-bits-title\u00bb][vc_empty_space height=\u00bb20px\u00bb][vc_column_text css=\u00bb\u00bb]<span style=\"color: #ffffff;\">Al realizar pagos desde un dispositivo m\u00f3vil, el comprador guarda la tarjeta en su aplicaci\u00f3n de monedero electr\u00f3nico e inicia as\u00ed la emisi\u00f3n de un token. SOLAR Token Management prepara los datos necesarios para solicitar el token seg\u00fan las especificaciones del desarrollador del monedero y el sistema de pago internacional al que pertenece la tarjeta. Para cada transacci\u00f3n, la aplicaci\u00f3n utiliza un token y un criptograma que funciona como c\u00f3digo de un solo uso. El sistema de pago verifica el criptograma y coteja el token con el n\u00famero de la tarjeta. Como el token puede gestionarse, borrarse o actualizarse al margen de la tarjeta bancaria, su utilizaci\u00f3n permite seguir con la transacci\u00f3n sin riesgo de comprometer los datos reales. Incluso si un estafador consiguiera el token, no es posible crear un criptograma sin el dispositivo m\u00f3vil espec\u00edfico.<\/span>[\/vc_column_text][vc_empty_space height=\u00bb40px\u00bb][vc_custom_heading text=\u00bbPARA TRANSFERENCIAS RECURRENTES\u00bb font_container=\u00bbtag:h2|font_size:36px|text_align:left|color:%23FFFFFF|line_height:44px\u00bb use_theme_fonts=\u00bbyes\u00bb css=\u00bb\u00bb el_class=\u00bbheading-big page-bits-title\u00bb][vc_empty_space height=\u00bb20px\u00bb][vc_column_text css=\u00bb\u00bb]<span style=\"color: #ffffff;\">SOLAR Token Management ofrece la posibilidad de almacenar los datos confidenciales de las tarjetas y generar identificadores seguros para las transferencias recurrentes en una aplicaci\u00f3n bancaria. Las operaciones con tarjetas almacenadas se realizan con fluidez, a trav\u00e9s de SOLAR Payment Hub o de un sistema de terceros; en este caso, SOLAR Token Management garantiza la transmisi\u00f3n del n\u00famero de tarjeta mediante un identificador especificado. As\u00ed, el n\u00famero de tarjeta no se transmite en las consultas de la aplicaci\u00f3n bancaria, sino que permanece en un almac\u00e9n seguro.<\/span>[\/vc_column_text][vc_empty_space height=\u00bb40px\u00bb][vc_custom_heading text=\u00bbPARA EL COMERCIO ELECTR\u00d3NICO\u00bb font_container=\u00bbtag:h2|font_size:36px|text_align:left|color:%23FFFFFF|line_height:44px\u00bb use_theme_fonts=\u00bbyes\u00bb css=\u00bb\u00bb el_class=\u00bbheading-big page-bits-title\u00bb][vc_empty_space height=\u00bb20px\u00bb][vc_column_text css=\u00bb\u00bb]<span style=\"color: #ffffff;\">SOLAR Token Management admite los pagos con tarjetas guardadas iniciados por las tiendas online. El usuario introduce los datos de su tarjeta una sola vez en la tienda online, confirma su permiso para guardar los datos de la tarjeta y el identificador \u00fanico de la tarjeta guardada se utilizar\u00e1 autom\u00e1ticamente en las siguientes transacciones. La propia tienda puede ejecutar pagos regulares, por ejemplo, suscripciones o cargos mensuales de servicios p\u00fablicos.<\/span><\/p>\n<p><span style=\"color: #ffffff;\">Adem\u00e1s, es muy c\u00f3modo para el usuario guardar su tarjeta en la p\u00e1gina de pago del adquirente para futuras compras. En ambos casos, los datos de la tarjeta estar\u00e1n protegidos en un almacenamiento externo, y los posibles estafadores no podr\u00e1n interceptarlos, ya que en la operaci\u00f3n de pago solo interviene el identificador.<\/span>[\/vc_column_text][vc_empty_space height=\u00bb20px\u00bb][\/vc_column][\/vc_row][vc_row full_width=\u00bbstretch_row\u00bb equal_height=\u00bbyes\u00bb content_placement=\u00bbmiddle\u00bb css=\u00bb.vc_custom_1748969789929{margin-bottom: -40px !important;padding-top: 30px !important;padding-bottom: 30px !important;background-color: #E8432D !important;}\u00bb][vc_column width=\u00bb1\/6&#8243; css=\u00bb.vc_custom_1748443670093{border-color: #FFFFFF !important;}\u00bb el_class=\u00bbbenefit-icon-col\u00bb][vc_empty_space height=\u00bb30px\u00bb el_class=\u00bbmobile-off\u00bb][vc_icon icon_fontawesome=\u00bbfa fa-regular fa-envelope-open\u00bb color=\u00bbwhite\u00bb size=\u00bbxl\u00bb align=\u00bbcenter\u00bb css=\u00bb\u00bb][\/vc_column][vc_column width=\u00bb5\/6&#8243; el_class=\u00bbbenefit-content-col\u00bb][vc_custom_heading text=\u00bbSOLAR Token Management proporciona ventajas a todos los implicados en el proceso de pago y hace que las transacciones sean c\u00f3modas y seguras.\u00bb font_container=\u00bbtag:h3|font_size:32px|text_align:left|color:%23FFFFFF|line_height:34px\u00bb use_theme_fonts=\u00bbyes\u00bb css=\u00bb.vc_custom_1749539260594{margin-bottom: 10px !important;}\u00bb el_class=\u00bbweight-regular\u00bb][vc_custom_heading text=\u00bb\u00a1Contacte con nosotros! Estaremos encantados de organizar una demostraci\u00f3n para responder a todas sus preguntas en detalle.\u00bb font_container=\u00bbtag:p|font_size:20px|text_align:left|color:%23FFFFFF|line_height:28px\u00bb use_theme_fonts=\u00bbyes\u00bb css=\u00bb.vc_custom_1749539270757{margin-bottom: 10px !important;}\u00bb][vc_empty_space height=\u00bb30px\u00bb][vc_btn title=\u00bbContacte Con Nosotros\u00bb style=\u00bbcustom\u00bb custom_background=\u00bb#E8432D\u00bb custom_text=\u00bb#FFFFFF\u00bb shape=\u00bbround\u00bb size=\u00bblg\u00bb align=\u00bbleft\u00bb css=\u00bb.vc_custom_1749728579501{margin-bottom: 0px !important;border-color: #FFFFFF !important;}\u00bb link=\u00bburl:%23&#8243; el_class=\u00bbbutton-red-bg popmake-1553&#8243;][\/vc_column][\/vc_row]<\/p>\n<\/div>","protected":false},"excerpt":{"rendered":"<p>[vc_row][vc_column][vc_raw_html css=\u00bb.vc_custom_1749538968296{margin-bottom: 0px !important;}\u00bb el_class=\u00bbbreadcrumbs\u00bb]JTNDYSUyMGhyZWYlM0QlMjIlMkYlMjIlM0VIb21lJTNDJTJGYSUzRSUyMCU3QyUyMFByb2R1Y3RvcyUyMCU3QyUyMCUzQ3NwYW4lM0VTT0xBUiUyMFRva2VuJTIwTWFuYWdlbWVudCUzQyUyRnNwYW4lM0U=[\/vc_raw_html][\/vc_column][\/vc_row][vc_row css=\u00bb.vc_custom_1747922304231{border-color: #FF0000 !important;}\u00bb][vc_column][vc_empty_space height=\u00bb40px\u00bb][vc_custom_heading text=\u00bbSOLAR Token Management \u2014 protecci\u00f3n de datos de tarjetas de pago\u00bb font_container=\u00bbtag:h1|font_size:64px|text_align:left|color:%23424D59|line_height:84px\u00bb use_theme_fonts=\u00bbyes\u00bb css=\u00bb.vc_custom_1749538957144{margin-bottom: 0px !important;margin-left: -5px !important;}\u00bb el_class=\u00bbheading-big\u00bb][vc_empty_space height=\u00bb25px\u00bb][vc_custom_heading text=\u00bbSOLAR Token Management es una soluci\u00f3n de software para la tokenizaci\u00f3n de los datos de los pagos digitales y sin contacto.\u00bb font_container=\u00bbtag:p|font_size:20px|text_align:left|color:%23424D59|line_height:28px\u00bb use_theme_fonts=\u00bbyes\u00bb css=\u00bb.vc_custom_1749538985271{margin-bottom: 0px !important;}\u00bb &#8230; <a title=\"SOLAR Token Management\" class=\"read-more\" href=\"https:\/\/solanteq.com\/es\/solar-token-management\/\" aria-label=\"Leer m\u00e1s sobre SOLAR Token Management\">Read more<\/a><\/p>\n","protected":false},"author":3,"featured_media":0,"parent":0,"menu_order":0,"comment_status":"closed","ping_status":"closed","template":"","meta":{"footnotes":""},"class_list":["post-1003","page","type-page","status-publish"],"_links":{"self":[{"href":"https:\/\/solanteq.com\/es\/wp-json\/wp\/v2\/pages\/1003","targetHints":{"allow":["GET"]}}],"collection":[{"href":"https:\/\/solanteq.com\/es\/wp-json\/wp\/v2\/pages"}],"about":[{"href":"https:\/\/solanteq.com\/es\/wp-json\/wp\/v2\/types\/page"}],"author":[{"embeddable":true,"href":"https:\/\/solanteq.com\/es\/wp-json\/wp\/v2\/users\/3"}],"replies":[{"embeddable":true,"href":"https:\/\/solanteq.com\/es\/wp-json\/wp\/v2\/comments?post=1003"}],"version-history":[{"count":2,"href":"https:\/\/solanteq.com\/es\/wp-json\/wp\/v2\/pages\/1003\/revisions"}],"predecessor-version":[{"id":1657,"href":"https:\/\/solanteq.com\/es\/wp-json\/wp\/v2\/pages\/1003\/revisions\/1657"}],"wp:attachment":[{"href":"https:\/\/solanteq.com\/es\/wp-json\/wp\/v2\/media?parent=1003"}],"curies":[{"name":"wp","href":"https:\/\/api.w.org\/{rel}","templated":true}]}}