{"id":1005,"date":"2025-06-04T14:53:46","date_gmt":"2025-06-04T14:53:46","guid":{"rendered":"https:\/\/solanteq.web-design.ee\/solar-digital-card\/"},"modified":"2025-06-12T11:40:45","modified_gmt":"2025-06-12T11:40:45","slug":"solar-digital-card","status":"publish","type":"page","link":"https:\/\/solanteq.com\/es\/solar-digital-card\/","title":{"rendered":"SOLAR Digital Card"},"content":{"rendered":"<div class=\"wpb-content-wrapper\"><p>[vc_row][vc_column][vc_raw_html css=\u00bb.vc_custom_1749536471979{margin-bottom: 0px !important;}\u00bb el_class=\u00bbbreadcrumbs\u00bb]JTNDYSUyMGhyZWYlM0QlMjIlMkYlMjIlM0VIb21lJTNDJTJGYSUzRSUyMCU3QyUyMFByb2R1Y3RvcyUyMCU3QyUyMCUzQ3NwYW4lM0VTT0xBUiUyMERpZ2l0YWwlMjBDYXJkJTNDJTJGc3BhbiUzRQ==[\/vc_raw_html][\/vc_column][\/vc_row][vc_row css=\u00bb.vc_custom_1747922304231{border-color: #FF0000 !important;}\u00bb][vc_column][vc_empty_space height=\u00bb40px\u00bb][vc_custom_heading text=\u00bb<b>SOLAR<\/b> Digital Card \u2014 novedosas opciones de pago sin contacto para sus clientes\u00bb font_container=\u00bbtag:h1|font_size:64px|text_align:left|color:%23424D59|line_height:84px\u00bb use_theme_fonts=\u00bbyes\u00bb css=\u00bb.vc_custom_1749536489159{margin-bottom: 0px !important;margin-left: -5px !important;}\u00bb el_class=\u00bbheading-big\u00bb][vc_empty_space height=\u00bb25px\u00bb][vc_custom_heading text=\u00bbSOLAR Digital Card es un paquete de software universal que permite emitir una versi\u00f3n digital completa de las tarjetas bancarias, sustituyendo o complementando las tarjetas de pl\u00e1stico con su equivalente virtual. La soluci\u00f3n permite crear aplicaciones personalizadas y elegantes para servicios bancarios a distancia.\u00bb font_container=\u00bbtag:p|font_size:20px|text_align:left|color:%23424D59|line_height:28px\u00bb use_theme_fonts=\u00bbyes\u00bb css=\u00bb.vc_custom_1749536500338{margin-bottom: 0px !important;}\u00bb el_class=\u00bbweight-light\u00bb][vc_empty_space height=\u00bb50px\u00bb][\/vc_column][\/vc_row][vc_row full_width=\u00bbstretch_row\u00bb css=\u00bb.vc_custom_1748962391931{padding-top: 100px !important;padding-bottom: 100px !important;background-color: #424D59 !important;background-position: center !important;background-repeat: no-repeat !important;background-size: cover !important;}\u00bb el_class=\u00bbdisable-row-overflow page-under-video-block\u00bb][vc_column][vc_video link=\u00bbhttps:\/\/youtu.be\/kfaxSKJSWTs?feature=shared\u00bb align=\u00bbcenter\u00bb css=\u00bb.vc_custom_1749048912895{background-color: #FFFFFF !important;}\u00bb el_class=\u00bbvideo-widget\u00bb][vc_empty_space height=\u00bb40px\u00bb][vc_custom_heading text=\u00bbLA PRIMERA EXPERIENCIA DE BANCA DIGITAL DESDE EL M\u00d3VIL\u00bb font_container=\u00bbtag:h2|font_size:36px|text_align:left|color:%23FFFFFF|line_height:44px\u00bb use_theme_fonts=\u00bbyes\u00bb css=\u00bb\u00bb el_class=\u00bbheading-big page-bits-title\u00bb][vc_empty_space height=\u00bb20px\u00bb][vc_column_text css=\u00bb\u00bb]<span style=\"color: #ffffff;\">Para mejorar el servicio digital al cliente, SOLAR Digital Card ofrece una c\u00f3moda forma de pagar con tel\u00e9fono inteligente y de comprar en l\u00ednea utilizando versiones digitales de las tarjetas de cr\u00e9dito o d\u00e9bito almacenadas en la aplicaci\u00f3n m\u00f3vil.<\/span>[\/vc_column_text][vc_empty_space height=\u00bb20px\u00bb][vc_row_inner css=\u00bb.vc_custom_1748967280488{border-top-width: 1px !important;border-right-width: 1px !important;border-bottom-width: 1px !important;border-left-width: 1px !important;padding-top: 40px !important;padding-right: 30px !important;padding-bottom: 40px !important;padding-left: 30px !important;background-color: #515D6A !important;border-radius: 20px !important;border-color: #515D6A !important;}\u00bb][vc_column_inner][vc_raw_html css=\u00bb\u00bb el_class=\u00bbbits-of-functionality much-text bulletlist\u00bb]U2lzdGVtYSUyMGRlJTIwZ2VzdGklQzMlQjNuJTIwZGUlMjB0YXJqZXRhcyUyMHBhcmElMjBlbWl0aXIlMjB0YXJqZXRhcyUyMGRpZ2l0YWxlcyUyMHBlcnNvbmFsaXphZGFzJTIwc2VnJUMzJUJBbiUyMGxhcyUyMG5lY2VzaWRhZGVzJTIwZGVsJTIwY2xpZW50ZS4=[\/vc_raw_html][vc_raw_html css=\u00bb\u00bb el_class=\u00bbbits-of-functionality much-text bulletlist\u00bb]SW50ZWdyYWNpJUMzJUIzbiUyMG5hdGl2YSUyMGNvbiUyMFNPTEFSJTIwUmV0YWlsJTIwQmFua2luZyUyMHklMjBjb21wYXRpYmlsaWRhZCUyMGNvbiUyMG90cmFzJTIwc29sdWNpb25lcyUyMGRlJTIwYmFjayUyMG9mZmljZSUyMGV4aXN0ZW50ZXMu[\/vc_raw_html][vc_raw_html css=\u00bb\u00bb el_class=\u00bbbits-of-functionality much-text bulletlist\u00bb]SW50ZWdyYWNpJUMzJUIzbiUyMG5hdGl2YSUyMGNvbiUyMFNPTEFSJTIwUmV0YWlsJTIwQmFua2luZyUyMHklMjBjb21wYXRpYmlsaWRhZCUyMGNvbiUyMG90cmFzJTIwc29sdWNpb25lcyUyMGRlJTIwYmFjayUyMFBhZ29zJTJDJTIwdHJhbnNmZXJlbmNpYXMlMkMlMjByZWNhcmdhcyUyQyUyMHJldGlyYWRhcyUyMGRlJTIwZWZlY3Rpdm8lMkMlMjBmYWN0dXJhY2klQzMlQjNuJTIweSUyMHBhZ29zLiUyMFNvbGljaXR1ZCUyMGRlJTIwZW1pc2klQzMlQjNuJTIwZGUlMjBsYSUyMHRhcmpldGElMjBhJTIwdHJhdiVDMyVBOXMlMjBkZSUyMHVuYSUyMGFwbGljYWNpJUMzJUIzbiUyMG0lQzMlQjN2aWwlMjBjb24lMjBsYSUyMHBvc2liaWxpZGFkJTIwZGUlMjBhZGp1bnRhciUyMGRvY3VtZW50b3MlMjBkZSUyMGlkZW50aWZpY2FjaSVDMyVCM24lMjB5JTIwZGUlMjBjb25zdWx0YXIlMjBlbCUyMGVzdGFkbyUyMGRlJTIwbGElMjBzb2xpY2l0dWQlM0JmZmljZSUyMGV4aXN0ZW50ZXMu[\/vc_raw_html][vc_raw_html css=\u00bb\u00bb el_class=\u00bbbits-of-functionality much-text bulletlist\u00bb]JTBEJTBBRW5sYWNlJTIwZW50cmUlMjBsYSUyMHRhcmpldGElMjBkaWdpdGFsJTIweSUyMG90cmFzJTIwdGFyamV0YXMlMjAlMjhyZWNhcmdhJTIwYXV0b20lQzMlQTF0aWNhJTI5Lg==[\/vc_raw_html][vc_raw_html css=\u00bb\u00bb el_class=\u00bbbits-of-functionality much-text bulletlist\u00bb]Q3JlYWNpJUMzJUIzbiUyRmNhbWJpbyUyMGRlJTIwUElOLg==[\/vc_raw_html][vc_raw_html css=\u00bb\u00bb el_class=\u00bbbits-of-functionality much-text bulletlist\u00bb]TmF2ZWdhY2klQzMlQjNuJTIwZiVDMyVBMWNpbCUyMGVuJTIwbGElMjBhcGxpY2FjaSVDMyVCM24lMjBTT0xBUiUyME1vYmlsZS4=[\/vc_raw_html][vc_raw_html css=\u00bb\u00bb el_class=\u00bbbits-of-functionality much-text bulletlist\u00bb]U09MQVIlMjBNUEklMjB5JTIwU09MQVIlMjBBQ1MlMjBjb21vJTIwcGFydGUlMjBkZWwlMjBwYXF1ZXRlJTIwRGlnaXRhbCUyMENhcmQlMjBwYXJhJTIwZWwlMjBzb3BvcnRlJTIwZGVsJTIwcHJvdG9jb2xvJTIwZGUlMjBhdXRlbnRpY2FjaSVDMyVCM24lMjAzLUQu[\/vc_raw_html][vc_raw_html css=\u00bb\u00bb el_class=\u00bbbits-of-functionality much-text bulletlist\u00bb]UHJvdG9jb2xvJTIwZGUlMjBhdXRlbnRpY2FjaSVDMyVCM24lMjBzZWd1cm8u[\/vc_raw_html][vc_raw_html css=\u00bb\u00bb el_class=\u00bbbits-of-functionality much-text bulletlist\u00bb]Tm90aWZpY2FjaW9uZXMlMjBpbmZvcm1hdGl2YXMu[\/vc_raw_html][vc_raw_html css=\u00bb\u00bb el_class=\u00bbbits-of-functionality much-text bulletlist\u00bb]SGlzdG9yaWFsJTIwZGUlMjB0cmFuc2FjY2lvbmVzJTIwY29uJTIwbGElMjBwb3NpYmlsaWRhZCUyMGRlJTIwbW9zdHJhciUyMGluZm9ybWFjaSVDMyVCM24lMjBkZXRhbGxhZGEu[\/vc_raw_html][vc_raw_html css=\u00bb\u00bb el_class=\u00bbbits-of-functionality much-text bulletlist\u00bb]UHJvZ3JhbWFzJTIwZGUlMjBmaWRlbGl6YWNpJUMzJUIzbiUyMHBlcnNvbmFsaXphZG9zLg==[\/vc_raw_html][vc_raw_html css=\u00bb\u00bb el_class=\u00bbbits-of-functionality much-text bulletlist\u00bb]Q2hhdHMlMjBpbnRlcmFjdGl2b3MlMjBlbnRyZSUyMGxvcyUyMGNsaWVudGVzJTIweSUyMGxvcyUyMGVtcGxlYWRvcyUyMGRlbCUyMGJhbmNvLg==[\/vc_raw_html][vc_raw_html css=\u00bb\u00bb el_class=\u00bbbits-of-functionality much-text bulletlist\u00bb]RnVuY2lvbmVzJTIwUEZNJTNBJTIwdmlzdWFsaXphY2klQzMlQjNuJTIwZGUlMjBsb3MlMjBnYXN0b3MlMjB5JTIwbW92aW1pZW50b3MlMjBkZSUyMGZvbmRvcyUyMGRlJTIwbG9zJTIwY2xpZW50ZXMlMjBlbiUyMGZvcm1hJTIwZGUlMjBkaWFncmFtYXMu[\/vc_raw_html][\/vc_column_inner][\/vc_row_inner][vc_empty_space height=\u00bb40px\u00bb][vc_custom_heading text=\u00bbF\u00c1CIL LANZAMIENTO E INTEGRACI\u00d3N CON CUALQUIER SISTEMA\u00bb font_container=\u00bbtag:h2|font_size:36px|text_align:left|color:%23FFFFFF|line_height:44px\u00bb use_theme_fonts=\u00bbyes\u00bb css=\u00bb\u00bb el_class=\u00bbheading-big page-bits-title\u00bb][vc_empty_space height=\u00bb20px\u00bb][vc_row_inner css=\u00bb.vc_custom_1748967280488{border-top-width: 1px !important;border-right-width: 1px !important;border-bottom-width: 1px !important;border-left-width: 1px !important;padding-top: 40px !important;padding-right: 30px !important;padding-bottom: 40px !important;padding-left: 30px !important;background-color: #515D6A !important;border-radius: 20px !important;border-color: #515D6A !important;}\u00bb][vc_column_inner][vc_raw_html css=\u00bb\u00bb el_class=\u00bbbits-of-functionality much-text bulletlist\u00bb]RiVDMyVBMWNpbCUyMGludGVncmFjaSVDMyVCM24lMjBjb24lMjBzdSUyMHNpc3RlbWElMjBkZSUyMHByb2Nlc2FtaWVudG8lMjBzZWclQzMlQkFuJTIwbG9zJTIwcHJvdG9jb2xvcyUyMGludGVybmFjaW9uYWxlcyUyMGVzdCVDMyVBMW5kYXIu[\/vc_raw_html][vc_raw_html css=\u00bb\u00bb el_class=\u00bbbits-of-functionality much-text bulletlist\u00bb]SW5zdGFsYWNpJUMzJUIzbiUyQyUyMGxhbnphbWllbnRvJTIwZSUyMGludGVncmFjaSVDMyVCM24lMjBlbiUyMDItNCUyMG1lc2VzLg==[\/vc_raw_html][vc_raw_html css=\u00bb\u00bb el_class=\u00bbbits-of-functionality much-text bulletlist\u00bb]UmVxdWlzaXRvcyUyMG0lQzMlQURuaW1vcyUyMGRlJTIwaGFyZHdhcmUlMjB5JTIwc29mdHdhcmUu[\/vc_raw_html][vc_raw_html css=\u00bb\u00bb el_class=\u00bbbits-of-functionality much-text bulletlist\u00bb]RXhwZXJpZW5jaWElMjBlbiUyMGxhJTIwY3JlYWNpJUMzJUIzbiUyMGRlJTIwaW50ZXJmYWNlcyUyMGNvbiUyMGRvY2VuYXMlMjBkZSUyMHNpc3RlbWFzJTIwZGUlMjBpbmZvcm1hY2klQzMlQjNuJTIwY29ub2NpZG9zLg==[\/vc_raw_html][vc_raw_html css=\u00bb\u00bb el_class=\u00bbbits-of-functionality much-text bulletlist\u00bb]SW50ZWdyYWNpJUMzJUIzbiUyMGNvbiUyMHRvZG9zJTIwc3VzJTIwcHJvZHVjdG9zLg==[\/vc_raw_html][vc_raw_html css=\u00bb\u00bb el_class=\u00bbbits-of-functionality much-text bulletlist\u00bb]UHJvY2Vzb3MlMjBlJTIwaW50ZXJmYWNlcyUyMHBlcnNvbmFsaXphYmxlcyUyMGxpc3RvcyUyMHBhcmElMjBlbCUyMGxhbnphbWllbnRvLg==[\/vc_raw_html][\/vc_column_inner][\/vc_row_inner][vc_empty_space height=\u00bb40px\u00bb][vc_single_image image=\u00bb1319&#8243; img_size=\u00bbfull\u00bb alignment=\u00bbcenter\u00bb css=\u00bb.vc_custom_1749536960906{padding-top: 20px !important;padding-right: 20px !important;padding-bottom: 20px !important;padding-left: 20px !important;background-color: #FFFFFF !important;}\u00bb el_class=\u00bbborder-radius20&#8243;][vc_empty_space height=\u00bb40px\u00bb][vc_row_inner equal_height=\u00bbyes\u00bb content_placement=\u00bbmiddle\u00bb css=\u00bb.vc_custom_1748968639058{border-top-width: 1px !important;border-right-width: 1px !important;border-bottom-width: 1px !important;border-left-width: 1px !important;padding-top: 40px !important;padding-bottom: 40px !important;background-color: #E8432D !important;border-left-style: solid !important;border-right-style: solid !important;border-top-style: solid !important;border-bottom-style: solid !important;border-radius: 20px !important;border-color: #E8432D !important;}\u00bb][vc_column_inner el_class=\u00bbbenefit-icon-col\u00bb width=\u00bb1\/6&#8243;][vc_empty_space height=\u00bb30px\u00bb el_class=\u00bbmobile-off\u00bb][vc_icon icon_fontawesome=\u00bbfa fa-regular fa-lightbulb\u00bb color=\u00bbwhite\u00bb size=\u00bbxl\u00bb align=\u00bbcenter\u00bb css=\u00bb\u00bb][\/vc_column_inner][vc_column_inner el_class=\u00bbbenefit-content-col\u00bb width=\u00bb5\/6&#8243; css=\u00bb.vc_custom_1748968779705{padding-right: 50px !important;padding-left: 50px !important;}\u00bb][vc_column_text css=\u00bb\u00bb]<span style=\"color: #ffffff;\">Solanteq, desarrollador de la plataforma SOLAR, especializa en la creaci\u00f3n de componentes innovadores que se utilizan para crear soluciones de pago y aplicaciones digitales. Los productos de software SOLAR son f\u00e1cilmente escalables, se integran de forma nativa en los entornos de nube, ofrecen la m\u00e1xima tolerancia a fallos y pueden suministrarse como contenedores personalizables de forma flexible a petici\u00f3n del cliente. La plataforma SOLAR es universal para el desarrollo de negocio de banca minorista y compa\u00f1\u00edas de procesamiento.<\/span>[\/vc_column_text][\/vc_column_inner][\/vc_row_inner][vc_empty_space height=\u00bb40px\u00bb][vc_custom_heading text=\u00bbREFUERZO DE SU ESTRATEGIA DE DIGITALIZACI\u00d3N\u00bb font_container=\u00bbtag:h2|font_size:36px|text_align:left|color:%23FFFFFF|line_height:44px\u00bb use_theme_fonts=\u00bbyes\u00bb css=\u00bb\u00bb el_class=\u00bbheading-big page-bits-title\u00bb][vc_empty_space height=\u00bb20px\u00bb][vc_column_text css=\u00bb\u00bb]<span style=\"color: #ffffff;\">SOLAR Digital Card puede ponerse en funcionamiento sobre la base de SOLAR Retail Banking, un back office inteligente y con muchas posibilidades de personalizaci\u00f3n, o integrarse con otros sistemas. Su objetivo atraer a nuevos clientes y aumentar.<\/span><\/p>\n<p><span style=\"color: #ffffff;\">la fidelidad de los existentes. Los usuarios obtienen importantes ventajas:<\/span>[\/vc_column_text][vc_empty_space height=\u00bb20px\u00bb][vc_row_inner css=\u00bb.vc_custom_1748967280488{border-top-width: 1px !important;border-right-width: 1px !important;border-bottom-width: 1px !important;border-left-width: 1px !important;padding-top: 40px !important;padding-right: 30px !important;padding-bottom: 40px !important;padding-left: 30px !important;background-color: #515D6A !important;border-radius: 20px !important;border-color: #515D6A !important;}\u00bb][vc_column_inner][vc_raw_html css=\u00bb\u00bb el_class=\u00bbbits-of-functionality much-text bulletlist\u00bb]ZW1pc2klQzMlQjNuJTIwaW5zdGFudCVDMyVBMW5lYSUyMGRlJTIwbGElMjB0YXJqZXRhJTIweSUyMHNvbGljaXR1ZCUyMGVuJTIwbCVDMyVBRG5lYSUzQg==[\/vc_raw_html][vc_raw_html css=\u00bb\u00bb el_class=\u00bbbits-of-functionality much-text bulletlist\u00bb]Y29udHJvbCUyMGYlQzMlQTFjaWwlMjBkZSUyMHVzYXIlMjBtZWRpYW50ZSUyMGxhJTIwYXBsaWNhY2klQzMlQjNuJTIwU09MQVIlMjBNb2JpbGUlMjBkZXNkZSUyMHVuJTIwdGVsJUMzJUE5Zm9ubyUyMGludGVsaWdlbnRlJTIwbyUyMGxhJTIwd2ViJTNC[\/vc_raw_html][vc_raw_html css=\u00bb\u00bb el_class=\u00bbbits-of-functionality much-text bulletlist\u00bb]YWxlcnRhcyUyMGluZm9ybWF0aXZhcyUyMGNvbiUyMGNvbmZpZ3VyYWNpJUMzJUIzbiUyMGZsZXhpYmxlJTNC[\/vc_raw_html][vc_raw_html css=\u00bb\u00bb el_class=\u00bbbits-of-functionality much-text bulletlist\u00bb]c29wb3J0ZSUyMGRlJTIwbGElMjBmdW5jaW9uYWxpZGFkJTIwY29tcGxldGElMjBpZCVDMyVBOW50aWNvJTIwbGElMjBkZSUyMGxhcyUyMHRhcmpldGFzJTIwZGUlMjBwbCVDMyVBMXN0aWNvJTIwJTI4Y29tcHJhcyUyMGVuJTIwbCVDMyVBRG5lYSUyMG8lMjBwYWdvJTIwc2luJTIwY29udGFjdG8lMjBjb24lMjBlbCUyMHRlbCVDMyVBOWZvbm8lMjBpbnRlbGlnZW50ZSUyQyUyMHJldGlyYWRhJTIwZGUlMjBlZmVjdGl2byUyQyUyMHRyYW5zZmVyZW5jaWElMjBkZSUyMGRpbmVybyUyOSUzQg==[\/vc_raw_html][vc_raw_html css=\u00bb\u00bb el_class=\u00bbbits-of-functionality much-text bulletlist\u00bb]cHJvdGVjY2klQzMlQjNuJTIwY29udHJhJTIwbGElMjBjb3BpYSUyMGRlJTIwZGF0b3MlMjBkZSUyMGxhJTIwdGFyamV0YS4=[\/vc_raw_html][\/vc_column_inner][\/vc_row_inner][vc_empty_space height=\u00bb40px\u00bb][vc_column_text css=\u00bb\u00bb]<span style=\"color: #ffffff;\">La plataforma SOLAR Retail Banking permite gestionar todo tipo de contratos de servicio al cliente minorista y contiene todos los mecanismos necesarios para el procesamiento y la contabilidad de las transacciones con tarjetas digitales.<\/span><\/p>\n<p><span style=\"color: #ffffff;\">Los pagos y transferencias por m\u00f3vil y comercio electr\u00f3nico son escenarios interactivos. A menudo requieren la combinaci\u00f3n de varios pasos procesados por diferentes sistemas en una sola transacci\u00f3n comercial. SOLAR Payment Hub puede utilizarse como un c\u00f3modo coordinador \u00fanico para todo tipo de pagos digitales.<\/span>[\/vc_column_text][vc_empty_space height=\u00bb40px\u00bb][vc_custom_heading text=\u00bbSEGURIDAD\u00bb font_container=\u00bbtag:h2|font_size:36px|text_align:left|color:%23FFFFFF|line_height:44px\u00bb use_theme_fonts=\u00bbyes\u00bb css=\u00bb\u00bb el_class=\u00bbheading-big page-bits-title\u00bb][vc_empty_space height=\u00bb20px\u00bb][vc_column_text css=\u00bb\u00bb]<span style=\"color: #ffffff;\">SOLAR Digital Card proporciona una s\u00f3lida protecci\u00f3n contra el fraude gracias a su m\u00f3dulo integrado SOLAR Fraud Prevention y elimina el riesgo de p\u00e9rdida o copia de los datos de la tarjeta.<\/span><\/p>\n<p><span style=\"color: #ffffff;\">SOLAR Fraud Prevention analiza las transacciones a partir de reglas configurables y del comportamiento de los clientes.<\/span>[\/vc_column_text][vc_empty_space height=\u00bb40px\u00bb][vc_custom_heading text=\u00bbINFORMES\u00bb font_container=\u00bbtag:h2|font_size:36px|text_align:left|color:%23FFFFFF|line_height:44px\u00bb use_theme_fonts=\u00bbyes\u00bb css=\u00bb\u00bb el_class=\u00bbheading-big page-bits-title\u00bb][vc_empty_space height=\u00bb20px\u00bb][vc_column_text css=\u00bb\u00bb]<span style=\"color: #ffffff;\">El sistema SOLAR Reporting genera informes explicativos y f\u00e1ciles de usar para monitorizar la actividad de los clientes, poner en marcha programas de fidelizaci\u00f3n en la fiable plataforma SOLAR Loyalty o en cualquier otra, y ajustar estrategias antifraude.<\/span><\/p>\n<p><span style=\"color: #ffffff;\">SOLAR Reporting puede consolidar datos de varios sistemas de informaci\u00f3n, lo que elimina cualquier restricci\u00f3n en cuanto al n\u00famero y tipo de fuentes de datos para sus informes.<\/span>[\/vc_column_text][vc_empty_space height=\u00bb40px\u00bb][vc_custom_heading text=\u00bbOPTIMIZACI\u00d3N DE COSTES\u00bb font_container=\u00bbtag:h2|font_size:36px|text_align:left|color:%23FFFFFF|line_height:44px\u00bb use_theme_fonts=\u00bbyes\u00bb css=\u00bb\u00bb el_class=\u00bbheading-big page-bits-title\u00bb][vc_empty_space height=\u00bb20px\u00bb][vc_column_text css=\u00bb\u00bb]<span style=\"color: #ffffff;\">SOLAR Digital Card reducir\u00e1 significativamente sus gastos de emisi\u00f3n y reemisi\u00f3n f\u00edsica de tarjetas de pl\u00e1stico.<\/span><\/p>\n<p><span style=\"color: #ffffff;\">Todos los productos SOLAR son escalables horizontalmente, por lo que no requieren componentes costosos de hardware o software.<\/span>[\/vc_column_text][\/vc_column][\/vc_row][vc_row full_width=\u00bbstretch_row\u00bb equal_height=\u00bbyes\u00bb content_placement=\u00bbmiddle\u00bb css=\u00bb.vc_custom_1748969789929{margin-bottom: -40px !important;padding-top: 30px !important;padding-bottom: 30px !important;background-color: #E8432D !important;}\u00bb][vc_column width=\u00bb1\/6&#8243; css=\u00bb.vc_custom_1748443670093{border-color: #FFFFFF !important;}\u00bb el_class=\u00bbbenefit-icon-col\u00bb][vc_empty_space height=\u00bb30px\u00bb el_class=\u00bbmobile-off\u00bb][vc_icon icon_fontawesome=\u00bbfa fa-regular fa-envelope-open\u00bb color=\u00bbwhite\u00bb size=\u00bbxl\u00bb align=\u00bbcenter\u00bb css=\u00bb\u00bb][\/vc_column][vc_column width=\u00bb5\/6&#8243; el_class=\u00bbbenefit-content-col\u00bb][vc_custom_heading text=\u00bbEstamos convencidos de que SOLAR Digital Card se convertir\u00e1 en un elemento clave de su estrategia digital como herramienta fiable para los pagos electr\u00f3nicos.\u00bb font_container=\u00bbtag:h3|font_size:32px|text_align:left|color:%23FFFFFF|line_height:34px\u00bb use_theme_fonts=\u00bbyes\u00bb css=\u00bb.vc_custom_1749537455402{margin-bottom: 10px !important;}\u00bb el_class=\u00bbweight-regular\u00bb][vc_custom_heading text=\u00bb\u00a1Contacte con nosotros! Estaremos encantados de organizar una demostraci\u00f3n para responder a todas sus preguntas en detalle.\u00bb font_container=\u00bbtag:p|font_size:20px|text_align:left|color:%23FFFFFF|line_height:28px\u00bb use_theme_fonts=\u00bbyes\u00bb css=\u00bb.vc_custom_1749537466890{margin-bottom: 10px !important;}\u00bb][vc_empty_space height=\u00bb30px\u00bb][vc_btn title=\u00bbContacte Con Nosotros\u00bb style=\u00bbcustom\u00bb custom_background=\u00bb#E8432D\u00bb custom_text=\u00bb#FFFFFF\u00bb shape=\u00bbround\u00bb size=\u00bblg\u00bb align=\u00bbleft\u00bb css=\u00bb.vc_custom_1749728444239{margin-bottom: 0px !important;border-color: #FFFFFF !important;}\u00bb link=\u00bburl:%23&#8243; el_class=\u00bbbutton-red-bg popmake-1553&#8243;][\/vc_column][\/vc_row]<\/p>\n<\/div>","protected":false},"excerpt":{"rendered":"<p>[vc_row][vc_column][vc_raw_html css=\u00bb.vc_custom_1749536471979{margin-bottom: 0px !important;}\u00bb el_class=\u00bbbreadcrumbs\u00bb]JTNDYSUyMGhyZWYlM0QlMjIlMkYlMjIlM0VIb21lJTNDJTJGYSUzRSUyMCU3QyUyMFByb2R1Y3RvcyUyMCU3QyUyMCUzQ3NwYW4lM0VTT0xBUiUyMERpZ2l0YWwlMjBDYXJkJTNDJTJGc3BhbiUzRQ==[\/vc_raw_html][\/vc_column][\/vc_row][vc_row css=\u00bb.vc_custom_1747922304231{border-color: #FF0000 !important;}\u00bb][vc_column][vc_empty_space height=\u00bb40px\u00bb][vc_custom_heading text=\u00bbSOLAR Digital Card \u2014 novedosas opciones de pago sin contacto para sus clientes\u00bb font_container=\u00bbtag:h1|font_size:64px|text_align:left|color:%23424D59|line_height:84px\u00bb use_theme_fonts=\u00bbyes\u00bb css=\u00bb.vc_custom_1749536489159{margin-bottom: 0px !important;margin-left: -5px !important;}\u00bb el_class=\u00bbheading-big\u00bb][vc_empty_space height=\u00bb25px\u00bb][vc_custom_heading text=\u00bbSOLAR Digital Card es un paquete de software universal que permite emitir una versi\u00f3n digital completa de las tarjetas bancarias, sustituyendo o complementando las &#8230; <a title=\"SOLAR Digital Card\" class=\"read-more\" href=\"https:\/\/solanteq.com\/es\/solar-digital-card\/\" aria-label=\"Leer m\u00e1s sobre SOLAR Digital Card\">Read more<\/a><\/p>\n","protected":false},"author":3,"featured_media":0,"parent":0,"menu_order":0,"comment_status":"closed","ping_status":"closed","template":"","meta":{"footnotes":""},"class_list":["post-1005","page","type-page","status-publish"],"_links":{"self":[{"href":"https:\/\/solanteq.com\/es\/wp-json\/wp\/v2\/pages\/1005","targetHints":{"allow":["GET"]}}],"collection":[{"href":"https:\/\/solanteq.com\/es\/wp-json\/wp\/v2\/pages"}],"about":[{"href":"https:\/\/solanteq.com\/es\/wp-json\/wp\/v2\/types\/page"}],"author":[{"embeddable":true,"href":"https:\/\/solanteq.com\/es\/wp-json\/wp\/v2\/users\/3"}],"replies":[{"embeddable":true,"href":"https:\/\/solanteq.com\/es\/wp-json\/wp\/v2\/comments?post=1005"}],"version-history":[{"count":3,"href":"https:\/\/solanteq.com\/es\/wp-json\/wp\/v2\/pages\/1005\/revisions"}],"predecessor-version":[{"id":1645,"href":"https:\/\/solanteq.com\/es\/wp-json\/wp\/v2\/pages\/1005\/revisions\/1645"}],"wp:attachment":[{"href":"https:\/\/solanteq.com\/es\/wp-json\/wp\/v2\/media?parent=1005"}],"curies":[{"name":"wp","href":"https:\/\/api.w.org\/{rel}","templated":true}]}}