{"id":1007,"date":"2025-06-04T13:35:07","date_gmt":"2025-06-04T13:35:07","guid":{"rendered":"https:\/\/solanteq.web-design.ee\/solar-loyalty\/"},"modified":"2025-06-12T11:41:30","modified_gmt":"2025-06-12T11:41:30","slug":"solar-loyalty","status":"publish","type":"page","link":"https:\/\/solanteq.com\/es\/solar-loyalty\/","title":{"rendered":"SOLAR Loyalty"},"content":{"rendered":"<div class=\"wpb-content-wrapper\"><p>[vc_row][vc_column][vc_raw_html css=\u00bb.vc_custom_1749475222568{margin-bottom: 0px !important;}\u00bb el_class=\u00bbbreadcrumbs\u00bb]JTNDYSUyMGhyZWYlM0QlMjIlMkYlMjIlM0VIb21lJTNDJTJGYSUzRSUyMCU3QyUyMFByb2R1Y3RvcyUyMCU3QyUyMCUzQ3NwYW4lM0VTT0xBUiUyMExveWFsdHklM0MlMkZzcGFuJTNF[\/vc_raw_html][\/vc_column][\/vc_row][vc_row css=\u00bb.vc_custom_1747922304231{border-color: #FF0000 !important;}\u00bb][vc_column][vc_empty_space height=\u00bb40px\u00bb][vc_custom_heading text=\u00bb<b>SOLAR<\/b> Loyalty \u2014 fidelizaci\u00f3n en una plataforma s\u00f3lida\u00bb font_container=\u00bbtag:h1|font_size:64px|text_align:left|color:%23424D59|line_height:84px\u00bb use_theme_fonts=\u00bbyes\u00bb css=\u00bb.vc_custom_1749475244430{margin-bottom: 0px !important;margin-left: -5px !important;}\u00bb el_class=\u00bbheading-big\u00bb][vc_empty_space height=\u00bb25px\u00bb][vc_custom_heading text=\u00bbSOLAR es una plataforma de software de vanguardia que Solanteq ha desarrollado para las empresas del mundo de los pagos. Proporciona una automatizaci\u00f3n inteligente de todos sus procesos clave, desde la emisi\u00f3n y el servicio de tarjetas de pago hasta la gesti\u00f3n de redes de puntos de TPV a gran escala. Estamos orgullosos de presentar SOLAR Loyalty, una soluci\u00f3n r\u00e1pida, eficaz y fiable dise\u00f1ada para apoyar a los bancos en su estrategia de transformaci\u00f3n digital. Con SOLAR Loyalty, puede supervisar f\u00e1cilmente las actividades de los clientes y obtener informaci\u00f3n valiosa sobre c\u00f3mo y cu\u00e1ndo aumentar su compromiso.\u00bb font_container=\u00bbtag:p|font_size:20px|text_align:left|color:%23424D59|line_height:28px\u00bb use_theme_fonts=\u00bbyes\u00bb css=\u00bb.vc_custom_1749475251257{margin-bottom: 0px !important;}\u00bb el_class=\u00bbweight-light\u00bb][vc_empty_space height=\u00bb50px\u00bb][\/vc_column][\/vc_row][vc_row full_width=\u00bbstretch_row\u00bb css=\u00bb.vc_custom_1748962391931{padding-top: 100px !important;padding-bottom: 100px !important;background-color: #424D59 !important;background-position: center !important;background-repeat: no-repeat !important;background-size: cover !important;}\u00bb el_class=\u00bbdisable-row-overflow page-under-video-block\u00bb][vc_column][vc_custom_heading text=\u00bbTODO LO QUE NECESITA PARA SUS PROGRAMAS DE FIDELIZACI\u00d3N\u00bb font_container=\u00bbtag:h2|font_size:36px|text_align:left|color:%23FFFFFF|line_height:44px\u00bb use_theme_fonts=\u00bbyes\u00bb css=\u00bb\u00bb el_class=\u00bbheading-big page-bits-title\u00bb][vc_empty_space height=\u00bb20px\u00bb][vc_row_inner css=\u00bb.vc_custom_1748967280488{border-top-width: 1px !important;border-right-width: 1px !important;border-bottom-width: 1px !important;border-left-width: 1px !important;padding-top: 40px !important;padding-right: 30px !important;padding-bottom: 40px !important;padding-left: 30px !important;background-color: #515D6A !important;border-radius: 20px !important;border-color: #515D6A !important;}\u00bb][vc_column_inner][vc_raw_html css=\u00bb\u00bb el_class=\u00bbbits-of-functionality much-text bulletlist\u00bb]UHJvZ3JhbWFzJTIwZGUlMjBmaWRlbGl6YWNpJUMzJUIzbiUyMHklMjBvZmVydGFzJTIwZXNwZWNpYWxlcyUyMGJhc2Fkb3MlMjBlbiUyMGxvcyUyMHBlcmZpbGVzJTIwZGUlMjBsb3MlMjBjbGllbnRlcyUyQyUyMGluY2x1aWRhcyUyMHN1cyUyMGFjdGl2aWRhZGVzJTIwYWN0dWFsZXMlMjB5JTIwcGFzYWRhcy4=[\/vc_raw_html][vc_raw_html css=\u00bb\u00bb el_class=\u00bbbits-of-functionality much-text bulletlist\u00bb]Qm9uaWZpY2FjaW9uZXMlMkMlMjBtaWxsYXMlMkMlMjBwdW50b3MlMkMlMjBhaG9ycm9zJTIwaW5zdGFudCVDMyVBMW5lb3MlMjB5JTIwYWN1bXVsYWRvcy4=[\/vc_raw_html][vc_raw_html css=\u00bb\u00bb el_class=\u00bbbits-of-functionality much-text bulletlist\u00bb]Q2F0ZWdvciVDMyVBRGFzJTIwZmF2b3JpdGFzJTIwZGVsJTIwY2xpZW50ZSUyMHklMjBvZmVydGFzJTIwcG9yJTIwdGllbXBvJTIwbGltaXRhZG8u[\/vc_raw_html][vc_raw_html css=\u00bb\u00bb el_class=\u00bbbits-of-functionality much-text bulletlist\u00bb]UmVnYWxvcyUyMHklMjBjZXJ0aWZpY2Fkb3Mu[\/vc_raw_html][vc_raw_html css=\u00bb\u00bb el_class=\u00bbbits-of-functionality much-text bulletlist\u00bb]UHJvZ3JhbWFzJTIwZmFtaWxpYXJlcyUyMHklMjBwcmVtaW9zJTIwcGVyc29uYWxpemFkb3MlMkMlMjBwcm9ncmFtYXMlMjBkZSUyMHNvY2lvcyUyMHklMjBkZSUyMG1hcmNhJTIwY29tcGFydGlkYS4=[\/vc_raw_html][vc_raw_html css=\u00bb\u00bb el_class=\u00bbbits-of-functionality much-text bulletlist\u00bb]R2VzdGklQzMlQjNuJTIwZGUlMjBwbGFuZXMlMjBkZSUyMHRhcmlmYXMu[\/vc_raw_html][vc_raw_html css=\u00bb\u00bb el_class=\u00bbbits-of-functionality much-text bulletlist\u00bb]R2VzdGklQzMlQjNuJTIwZGUlMjByaWVzZ29zJTIweSUyMHByZXZlbmNpJUMzJUIzbiUyMGRlbCUyMGZyYXVkZS4=[\/vc_raw_html][vc_raw_html css=\u00bb\u00bb el_class=\u00bbbits-of-functionality much-text bulletlist\u00bb]SnVlZ29zJTIwcHJvbW9jaW9uYWxlcyUyMHklMjBzb3J0ZW9zLg==[\/vc_raw_html][vc_raw_html css=\u00bb\u00bb el_class=\u00bbbits-of-functionality much-text bulletlist\u00bb]R2VzdGklQzMlQjNuJTIwZGVsJTIwcHJlc3VwdWVzdG8lMjB5JTIwY29udHJvbCUyMGRlJTIwbGElMjBlZmljaWVuY2lhJTJDJTIwZmluYWxpemFjaSVDMyVCM24lMjBhdXRvbSVDMyVBMXRpY2ElMjBkZSUyMHByb2dyYW1hcyUyMHklMjBvZmVydGFzLg==[\/vc_raw_html][vc_raw_html css=\u00bb\u00bb el_class=\u00bbbits-of-functionality much-text bulletlist\u00bb]U2VndWltaWVudG8lMjBkZSUyMGxhcyUyMHJlY29tcGVuc2FzJTIweSUyMGxpbWl0YWNpb25lcyUyMGRlJTIwbG9zJTIwcHJlbWlvcy4=[\/vc_raw_html][vc_raw_html css=\u00bb\u00bb el_class=\u00bbbits-of-functionality much-text bulletlist\u00bb]VmFyaWFzJTIwb3BjaW9uZXMlMjBkZSUyMGdhc3RvJTIwZGUlMjBwdW50b3MlMkMlMjBpbmNsdXNvJTIwZW4lMjB0aWVtcG8lMjByZWFsJTIwZHVyYW50ZSUyMHVuYSUyMGNvbXByYS4=[\/vc_raw_html][vc_raw_html css=\u00bb\u00bb el_class=\u00bbbits-of-functionality much-text bulletlist\u00bb]UCVDMyVBMWdpbmElMjBkZSUyMGNsaWVudGUlMjBwZXJzb25hbGl6YWRhJTIwaW5jb3Jwb3JhZGElMjBvJTIwaW50ZWdyYWNpJUMzJUIzbiUyMGNvbiUyMHVuJTIwc2lzdGVtYSUyMGRlJTIwc2VydmljaW8lMjByZW1vdG8u[\/vc_raw_html][vc_raw_html css=\u00bb\u00bb el_class=\u00bbbits-of-functionality much-text bulletlist\u00bb]TWVuc2FqZXMlMjB5JTIwZW52JUMzJUFEb3MlMjBtYXNpdm9zLg==[\/vc_raw_html][\/vc_column_inner][\/vc_row_inner][vc_empty_space height=\u00bb40px\u00bb][vc_custom_heading text=\u00bbF\u00c1CIL LANZAMIENTO E INTEGRACI\u00d3N CON CUALQUIER SISTEMA\u00bb font_container=\u00bbtag:h2|font_size:36px|text_align:left|color:%23FFFFFF|line_height:44px\u00bb use_theme_fonts=\u00bbyes\u00bb css=\u00bb\u00bb el_class=\u00bbheading-big page-bits-title\u00bb][vc_empty_space height=\u00bb20px\u00bb][vc_row_inner css=\u00bb.vc_custom_1748967280488{border-top-width: 1px !important;border-right-width: 1px !important;border-bottom-width: 1px !important;border-left-width: 1px !important;padding-top: 40px !important;padding-right: 30px !important;padding-bottom: 40px !important;padding-left: 30px !important;background-color: #515D6A !important;border-radius: 20px !important;border-color: #515D6A !important;}\u00bb][vc_column_inner][vc_raw_html css=\u00bb\u00bb el_class=\u00bbbits-of-functionality much-text bulletlist\u00bb]SW5zdGFsYWNpJUMzJUIzbiUyQyUyMGxhbnphbWllbnRvJTIwZSUyMGludGVncmFjaSVDMyVCM24lMjBlbiUyMDItNCUyMG1lc2VzLg==[\/vc_raw_html][vc_raw_html css=\u00bb\u00bb el_class=\u00bbbits-of-functionality much-text bulletlist\u00bb]UmVxdWlzaXRvcyUyMG0lQzMlQURuaW1vcyUyMGRlJTIwaGFyZHdhcmUlMjB5JTIwc29mdHdhcmUu[\/vc_raw_html][vc_raw_html css=\u00bb\u00bb el_class=\u00bbbits-of-functionality much-text bulletlist\u00bb]TGFzJTIwaW50ZXJmYWNlcyUyMHB1ZWRlbiUyMGNyZWFyc2UlMjBjb24lMjBkb2NlbmFzJTIwZGUlMjBzaXN0ZW1hcyUyMGRlJTIwZGF0b3Mu[\/vc_raw_html][vc_raw_html css=\u00bb\u00bb el_class=\u00bbbits-of-functionality much-text bulletlist\u00bb]TG9zJTIwcGFxdWV0ZXMlMjBkZSUyMGludGVncmFjaSVDMyVCM24lMjBsaXN0b3MlMjBwYXJhJTIwdXNhciUyMGZhY2lsaXRhbiUyMGxhJTIwY29uZXhpJUMzJUIzbiUyMGRlJTIwbG9zJTIwc2lzdGVtYXMlMjBleGlzdGVudGVzLg==[\/vc_raw_html][vc_raw_html css=\u00bb\u00bb el_class=\u00bbbits-of-functionality much-text bulletlist\u00bb]Q29uZmlndXJhY2lvbmVzJTIwYmFzZSUyMGluY29ycG9yYWRhcyUyMHklMjBsaXN0YXMlMjBwYXJhJTIwdXNhci4=[\/vc_raw_html][\/vc_column_inner][\/vc_row_inner][vc_empty_space height=\u00bb40px\u00bb][vc_single_image image=\u00bb1308&#8243; img_size=\u00bbfull\u00bb alignment=\u00bbcenter\u00bb css=\u00bb.vc_custom_1749475514988{padding-top: 20px !important;padding-right: 20px !important;padding-bottom: 20px !important;padding-left: 20px !important;background-color: #FFFFFF !important;}\u00bb el_class=\u00bbborder-radius20&#8243;][vc_empty_space height=\u00bb40px\u00bb][vc_row_inner equal_height=\u00bbyes\u00bb content_placement=\u00bbmiddle\u00bb css=\u00bb.vc_custom_1748968639058{border-top-width: 1px !important;border-right-width: 1px !important;border-bottom-width: 1px !important;border-left-width: 1px !important;padding-top: 40px !important;padding-bottom: 40px !important;background-color: #E8432D !important;border-left-style: solid !important;border-right-style: solid !important;border-top-style: solid !important;border-bottom-style: solid !important;border-radius: 20px !important;border-color: #E8432D !important;}\u00bb][vc_column_inner el_class=\u00bbbenefit-icon-col\u00bb width=\u00bb1\/6&#8243;][vc_empty_space height=\u00bb30px\u00bb el_class=\u00bbmobile-off\u00bb][vc_icon icon_fontawesome=\u00bbfa fa-regular fa-lightbulb\u00bb color=\u00bbwhite\u00bb size=\u00bbxl\u00bb align=\u00bbcenter\u00bb css=\u00bb\u00bb][\/vc_column_inner][vc_column_inner el_class=\u00bbbenefit-content-col\u00bb width=\u00bb5\/6&#8243; css=\u00bb.vc_custom_1748968779705{padding-right: 50px !important;padding-left: 50px !important;}\u00bb][vc_column_text css=\u00bb\u00bb]<span style=\"color: #ffffff;\">Solanteq, desarrollador de la plataforma SOLAR, especializa en la creaci\u00f3n de componentes innovadores que se utilizan para crear soluciones de pago y aplicaciones digitales. Los productos de software SOLAR son f\u00e1cilmente escalables, se integran de forma nativa en los entornos de nube, ofrecen la m\u00e1xima tolerancia a fallos y pueden suministrarse como contenedores personalizables de forma flexible a petici\u00f3n del cliente. La plataforma SOLAR es universal para el desarrollo de negocio de banca minorista y compa\u00f1\u00edas de procesamiento.<\/span>[\/vc_column_text][\/vc_column_inner][\/vc_row_inner][vc_empty_space height=\u00bb40px\u00bb][vc_custom_heading text=\u00bbCONFIGURE SUS PROGRAMAS CON FACILIDAD\u00bb font_container=\u00bbtag:h2|font_size:36px|text_align:left|color:%23FFFFFF|line_height:44px\u00bb use_theme_fonts=\u00bbyes\u00bb css=\u00bb\u00bb el_class=\u00bbheading-big page-bits-title\u00bb][vc_empty_space height=\u00bb20px\u00bb][vc_column_text css=\u00bb\u00bb]<span style=\"color: #ffffff;\">Para configurar sus ofertas y programas de fidelizaci\u00f3n, no es necesaria ninguna programaci\u00f3n. Los usuarios pueden realizar los ajustes necesarios a trav\u00e9s de las interfaces f\u00e1ciles de usar en los puestos de trabajo web. Gracias a su sencillez, los programas y las ofertas pueden configurarse y activarse en cuesti\u00f3n de minutos. Las interfaces de SOLAR Loyalty est\u00e1n traducidas y todas las caracter\u00edsticas del sistema se describen en una documentaci\u00f3n detallada.<\/span>[\/vc_column_text][vc_empty_space height=\u00bb40px\u00bb][vc_custom_heading text=\u00bbFIABLE Y EFICAZ\u00bb font_container=\u00bbtag:h2|font_size:36px|text_align:left|color:%23FFFFFF|line_height:44px\u00bb use_theme_fonts=\u00bbyes\u00bb css=\u00bb\u00bb el_class=\u00bbheading-big page-bits-title\u00bb][vc_empty_space height=\u00bb20px\u00bb][vc_column_text css=\u00bb\u00bb]<span style=\"color: #ffffff;\">SOLAR Loyalty mantiene el mismo nivel de fiabilidad que todos nuestros productos SOLAR. Siempre recomendamos el sistema de replicaci\u00f3n activo-activo integrado de SOLAR para proporcionar la m\u00e1xima tolerancia a fallos y eficiencia. Las soluciones de nuestra plataforma SOLAR est\u00e1n funcionando en bancos y empresas de procesamiento con grandes cargas con un excelente rendimiento.<\/span>[\/vc_column_text][vc_empty_space height=\u00bb40px\u00bb][vc_custom_heading text=\u00bbCONTROL DE LA FIDELIZACI\u00d3N\u00bb font_container=\u00bbtag:h2|font_size:36px|text_align:left|color:%23FFFFFF|line_height:44px\u00bb use_theme_fonts=\u00bbyes\u00bb css=\u00bb\u00bb el_class=\u00bbheading-big page-bits-title\u00bb][vc_empty_space height=\u00bb20px\u00bb][vc_column_text css=\u00bb\u00bb]<span style=\"color: #ffffff;\">Incluso la instalaci\u00f3n m\u00e1s b\u00e1sica de SOLAR Loyalty viene equipada con una serie de informes listos para usar que le ayudar\u00e1n a supervisar sus programas de fidelizaci\u00f3n activos y decidir c\u00f3mo desarrollarlos. No solo eso, SOLAR Loyalty cuenta con herramientas para crear sus propios informes, que pueden guardarse y descargarse en formato Excel, Word o PDF.<\/span>[\/vc_column_text][vc_empty_space height=\u00bb40px\u00bb][vc_custom_heading text=\u00bbREQUISITOS DE SERVIDOR Y SOFTWARE\u00bb font_container=\u00bbtag:h2|font_size:36px|text_align:left|color:%23FFFFFF|line_height:44px\u00bb use_theme_fonts=\u00bbyes\u00bb css=\u00bb\u00bb el_class=\u00bbheading-big page-bits-title\u00bb][vc_empty_space height=\u00bb20px\u00bb][vc_column_text css=\u00bb\u00bb]<span style=\"color: #ffffff;\">La instalaci\u00f3n de SOLAR Loyalty no requiere actualizaciones significativas de hardware y software. Dado que SOLAR es escalable horizontalmente, la soluci\u00f3n puede lanzarse en una plataforma x86 b\u00e1sica y a\u00f1adir nodos gradualmente para ampliarla a medida que su empresa crece. Adem\u00e1s, si se utiliza la virtualizaci\u00f3n, los recursos necesarios ser\u00e1n solicitados por el sistema y asignados din\u00e1micamente en funci\u00f3n de la carga en cada momento.<\/span>[\/vc_column_text][vc_empty_space height=\u00bb40px\u00bb][vc_custom_heading text=\u00bbGESTI\u00d3N DE RIESGOS\u00bb font_container=\u00bbtag:h2|font_size:36px|text_align:left|color:%23FFFFFF|line_height:44px\u00bb use_theme_fonts=\u00bbyes\u00bb css=\u00bb\u00bb el_class=\u00bbheading-big page-bits-title\u00bb][vc_empty_space height=\u00bb20px\u00bb][vc_column_text css=\u00bb\u00bb]<span style=\"color: #ffffff;\">La puesta en marcha de un programa de fidelizaci\u00f3n adecuado para su negocio aumentar\u00e1 sin duda el compromiso de los clientes, fomentar\u00e1 el uso de las tarjetas y estimular\u00e1 el gasto. Nadie podr\u00e1 aprovecharse de su generosidad por medios fraudulentos para recibir recompensas inmerecidas. La plataforma SOLAR ofrece su propio programa antifraude que incluye bloqueos permanentes y temporales, diversos l\u00edmites y listas de exclusi\u00f3n.<\/span>[\/vc_column_text][vc_empty_space height=\u00bb40px\u00bb][vc_custom_heading text=\u00bbSOPORTE FIABLE 24\/7&#8243; font_container=\u00bbtag:h2|font_size:36px|text_align:left|color:%23FFFFFF|line_height:44px\u00bb use_theme_fonts=\u00bbyes\u00bb css=\u00bb\u00bb el_class=\u00bbheading-big page-bits-title\u00bb][vc_empty_space height=\u00bb20px\u00bb][vc_column_text css=\u00bb\u00bb]<span style=\"color: #ffffff;\">La fiabilidad de la plataforma SOLAR hace que la mayor\u00eda de las situaciones puedan resolverse consultando la documentaci\u00f3n detallada del producto. Pero si se necesita asistencia, nuestro equipo de soporte 24\/7 est\u00e1 a su disposici\u00f3n para ayudarle y aconsejarle sobre cualquier problema.<\/span><\/p>\n<p><span style=\"color: #ffffff;\">Controle las actualizaciones de su sistema con SOLAR Loyalty y descubra c\u00f3mo satisfacer a sus clientes.<\/span>[\/vc_column_text][\/vc_column][\/vc_row][vc_row full_width=\u00bbstretch_row\u00bb equal_height=\u00bbyes\u00bb content_placement=\u00bbmiddle\u00bb css=\u00bb.vc_custom_1748969789929{margin-bottom: -40px !important;padding-top: 30px !important;padding-bottom: 30px !important;background-color: #E8432D !important;}\u00bb][vc_column width=\u00bb1\/6&#8243; css=\u00bb.vc_custom_1748443670093{border-color: #FFFFFF !important;}\u00bb el_class=\u00bbbenefit-icon-col\u00bb][vc_empty_space height=\u00bb30px\u00bb el_class=\u00bbmobile-off\u00bb][vc_icon icon_fontawesome=\u00bbfa fa-regular fa-envelope-open\u00bb color=\u00bbwhite\u00bb size=\u00bbxl\u00bb align=\u00bbcenter\u00bb css=\u00bb\u00bb][\/vc_column][vc_column width=\u00bb5\/6&#8243; el_class=\u00bbbenefit-content-col\u00bb][vc_custom_heading text=\u00bbEstamos convencidos de que SOLAR Loyalty puede convertirse en una herramienta indispensable en la gesti\u00f3n de las preferencias de sus clientes.\u00bb font_container=\u00bbtag:h3|font_size:32px|text_align:left|color:%23FFFFFF|line_height:34px\u00bb use_theme_fonts=\u00bbyes\u00bb css=\u00bb.vc_custom_1749475711614{margin-bottom: 10px !important;}\u00bb el_class=\u00bbweight-regular\u00bb][vc_custom_heading text=\u00bb\u00a1Contacte con nosotros! Estaremos encantados de organizar una demostraci\u00f3n para responder a todas sus preguntas en detalle.\u00bb font_container=\u00bbtag:p|font_size:20px|text_align:left|color:%23FFFFFF|line_height:28px\u00bb use_theme_fonts=\u00bbyes\u00bb css=\u00bb.vc_custom_1749475721308{margin-bottom: 10px !important;}\u00bb][vc_empty_space height=\u00bb30px\u00bb][vc_btn title=\u00bbContacte Con Nosotros\u00bb style=\u00bbcustom\u00bb custom_background=\u00bb#E8432D\u00bb custom_text=\u00bb#FFFFFF\u00bb shape=\u00bbround\u00bb size=\u00bblg\u00bb align=\u00bbleft\u00bb css=\u00bb.vc_custom_1749728485433{margin-bottom: 0px !important;border-color: #FFFFFF !important;}\u00bb link=\u00bburl:%23&#8243; el_class=\u00bbbutton-red-bg popmake-1553&#8243;][\/vc_column][\/vc_row]<\/p>\n<\/div>","protected":false},"excerpt":{"rendered":"<p>[vc_row][vc_column][vc_raw_html css=\u00bb.vc_custom_1749475222568{margin-bottom: 0px !important;}\u00bb el_class=\u00bbbreadcrumbs\u00bb]JTNDYSUyMGhyZWYlM0QlMjIlMkYlMjIlM0VIb21lJTNDJTJGYSUzRSUyMCU3QyUyMFByb2R1Y3RvcyUyMCU3QyUyMCUzQ3NwYW4lM0VTT0xBUiUyMExveWFsdHklM0MlMkZzcGFuJTNF[\/vc_raw_html][\/vc_column][\/vc_row][vc_row css=\u00bb.vc_custom_1747922304231{border-color: #FF0000 !important;}\u00bb][vc_column][vc_empty_space height=\u00bb40px\u00bb][vc_custom_heading text=\u00bbSOLAR Loyalty \u2014 fidelizaci\u00f3n en una plataforma s\u00f3lida\u00bb font_container=\u00bbtag:h1|font_size:64px|text_align:left|color:%23424D59|line_height:84px\u00bb use_theme_fonts=\u00bbyes\u00bb css=\u00bb.vc_custom_1749475244430{margin-bottom: 0px !important;margin-left: -5px !important;}\u00bb el_class=\u00bbheading-big\u00bb][vc_empty_space height=\u00bb25px\u00bb][vc_custom_heading text=\u00bbSOLAR es una plataforma de software de vanguardia que Solanteq ha desarrollado para las empresas del mundo de los pagos. Proporciona una automatizaci\u00f3n inteligente de todos sus procesos clave, &#8230; <a title=\"SOLAR Loyalty\" class=\"read-more\" href=\"https:\/\/solanteq.com\/es\/solar-loyalty\/\" aria-label=\"Leer m\u00e1s sobre SOLAR Loyalty\">Read more<\/a><\/p>\n","protected":false},"author":3,"featured_media":0,"parent":0,"menu_order":0,"comment_status":"closed","ping_status":"closed","template":"","meta":{"footnotes":""},"class_list":["post-1007","page","type-page","status-publish"],"_links":{"self":[{"href":"https:\/\/solanteq.com\/es\/wp-json\/wp\/v2\/pages\/1007","targetHints":{"allow":["GET"]}}],"collection":[{"href":"https:\/\/solanteq.com\/es\/wp-json\/wp\/v2\/pages"}],"about":[{"href":"https:\/\/solanteq.com\/es\/wp-json\/wp\/v2\/types\/page"}],"author":[{"embeddable":true,"href":"https:\/\/solanteq.com\/es\/wp-json\/wp\/v2\/users\/3"}],"replies":[{"embeddable":true,"href":"https:\/\/solanteq.com\/es\/wp-json\/wp\/v2\/comments?post=1007"}],"version-history":[{"count":2,"href":"https:\/\/solanteq.com\/es\/wp-json\/wp\/v2\/pages\/1007\/revisions"}],"predecessor-version":[{"id":1649,"href":"https:\/\/solanteq.com\/es\/wp-json\/wp\/v2\/pages\/1007\/revisions\/1649"}],"wp:attachment":[{"href":"https:\/\/solanteq.com\/es\/wp-json\/wp\/v2\/media?parent=1007"}],"curies":[{"name":"wp","href":"https:\/\/api.w.org\/{rel}","templated":true}]}}