{"id":1009,"date":"2025-06-04T10:41:15","date_gmt":"2025-06-04T10:41:15","guid":{"rendered":"https:\/\/solanteq.web-design.ee\/solar-card-issuing\/"},"modified":"2025-06-12T11:40:34","modified_gmt":"2025-06-12T11:40:34","slug":"solar-card-issuing","status":"publish","type":"page","link":"https:\/\/solanteq.com\/es\/solar-card-issuing\/","title":{"rendered":"SOLAR Card Issuing"},"content":{"rendered":"<div class=\"wpb-content-wrapper\"><p>[vc_row][vc_column][vc_raw_html css=\u00bb.vc_custom_1749470194354{margin-bottom: 0px !important;}\u00bb el_class=\u00bbbreadcrumbs\u00bb]JTNDYSUyMGhyZWYlM0QlMjIlMkYlMjIlM0VIb21lJTNDJTJGYSUzRSUyMCU3QyUyMFByb2R1Y3RvcyUyMCU3QyUyMCUzQ3NwYW4lM0VTT0xBUiUyMENhcmQlMjBJc3N1aW5nJTNDJTJGc3BhbiUzRQ==[\/vc_raw_html][\/vc_column][\/vc_row][vc_row css=\u00bb.vc_custom_1747922304231{border-color: #FF0000 !important;}\u00bb][vc_column][vc_empty_space height=\u00bb40px\u00bb][vc_custom_heading text=\u00bb<b>SOLAR<\/b> Card Issuing \u2014 sus productos digitales enriquecidos con API\u00bb font_container=\u00bbtag:h1|font_size:64px|text_align:left|color:%23424D59|line_height:84px\u00bb use_theme_fonts=\u00bbyes\u00bb css=\u00bb.vc_custom_1749470213827{margin-bottom: 0px !important;margin-left: -5px !important;}\u00bb el_class=\u00bbheading-big\u00bb][vc_empty_space height=\u00bb25px\u00bb][vc_custom_heading text=\u00bbLas tendencias en los productos para la emisi\u00f3n de tarjetas de pago ya no se centran en las tarjetas de d\u00e9bito, cr\u00e9dito o n\u00f3mina. Nuestros clientes disfrutan de las mayores ventajas al combinar varias funciones en un solo producto digital para crear una herramienta f\u00e1cil de usar y c\u00f3moda para el cliente. Por ejemplo, un producto eficaz podr\u00eda combinar las tarjetas de n\u00f3mina y de cr\u00e9dito revolvente con un programa de fidelidad y opciones de pago a plazos, junto con el reembolso autom\u00e1tico de las deudas vencidas desde otras cuentas del monedero del cliente\u00bb font_container=\u00bbtag:p|font_size:20px|text_align:left|color:%23424D59|line_height:28px\u00bb use_theme_fonts=\u00bbyes\u00bb css=\u00bb.vc_custom_1749470224896{margin-bottom: 0px !important;}\u00bb el_class=\u00bbweight-light\u00bb][vc_empty_space height=\u00bb50px\u00bb][\/vc_column][\/vc_row][vc_row full_width=\u00bbstretch_row\u00bb css=\u00bb.vc_custom_1748962391931{padding-top: 100px !important;padding-bottom: 100px !important;background-color: #424D59 !important;background-position: center !important;background-repeat: no-repeat !important;background-size: cover !important;}\u00bb el_class=\u00bbdisable-row-overflow page-under-video-block\u00bb][vc_column][vc_custom_heading text=\u00bbBACK OFFICE DE CONFIANZA EN TIEMPO REAL\u00bb font_container=\u00bbtag:h2|font_size:36px|text_align:left|color:%23FFFFFF|line_height:44px\u00bb use_theme_fonts=\u00bbyes\u00bb css=\u00bb\u00bb el_class=\u00bbheading-big page-bits-title\u00bb][vc_empty_space height=\u00bb20px\u00bb][vc_column_text css=\u00bb\u00bb]<span style=\"color: #ffffff;\">SOLAR Card Issuing le permite celebrar todo tipo de acuerdos con sus clientes para los servicios de banca minorista como dep\u00f3sitos, cuotas, productos de cr\u00e9dito (cr\u00e9dito al consumo, cr\u00e9dito automotriz, hipoteca), tarjetas de d\u00e9bito, servicios de gesti\u00f3n de efectivo, tarjetas de cr\u00e9dito revolventes con periodos de carencia y diversas combinaciones de estos productos minoristas. Se trata de un back office para las operaciones minoristas totalmente nuevo e inteligente, dise\u00f1ado desde el principio como un sistema de gesti\u00f3n y seguimiento de las transacciones en l\u00ednea, en el que la tarjeta se utiliza \u00fanicamente como llave de acceso a las cuentas del cliente. Combinando SOLAR Card Issuing con otros productos SOLAR \u2014por ejemplo, SOLAR Switch o SOLAR Terminal Handler entre otros\u2014 podemos construir para usted una herramienta compleja y universal para el procesamiento de los pagos y operaciones con o sin tarjeta. La combinaci\u00f3n con SOLAR Loyalty le ayudar\u00e1 a crear estrategias personalizadas para aumentar el compromiso de sus clientes mediante privilegios y bonificaciones.<\/span>[\/vc_column_text][vc_empty_space height=\u00bb40px\u00bb][vc_custom_heading text=\u00bbF\u00c1CIL INTEGRACI\u00d3N CON SUS SISTEMAS\u00bb font_container=\u00bbtag:h2|font_size:36px|text_align:left|color:%23FFFFFF|line_height:44px\u00bb use_theme_fonts=\u00bbyes\u00bb css=\u00bb\u00bb el_class=\u00bbheading-big page-bits-title\u00bb][vc_empty_space height=\u00bb20px\u00bb][vc_column_text css=\u00bb\u00bb]<span style=\"color: #ffffff;\">SOLAR Card Issuing est\u00e1 enriquecido con API y ha sido pensado para que pueda establecer para una estrecha interacci\u00f3n con cualquier infraestructura existente:<\/span>[\/vc_column_text][vc_empty_space height=\u00bb20px\u00bb][vc_row_inner css=\u00bb.vc_custom_1748967280488{border-top-width: 1px !important;border-right-width: 1px !important;border-bottom-width: 1px !important;border-left-width: 1px !important;padding-top: 40px !important;padding-right: 30px !important;padding-bottom: 40px !important;padding-left: 30px !important;background-color: #515D6A !important;border-radius: 20px !important;border-color: #515D6A !important;}\u00bb][vc_column_inner][vc_raw_html css=\u00bb\u00bb el_class=\u00bbbits-of-functionality much-text bulletlist\u00bb]VG9kb3MlMjBsb3MlMjBzaXN0ZW1hcyUyMGRlJTIwcGFnbyUyMGNvbiUyMHRhcmpldGEuJTIwU09MQVIlMjBDYXJkJTIwSXNzdWluZyUyMHNlJTIwYWRhcHRhJTIwYSUyMGN1YWxxdWllciUyMHRpcG8lMjBkZSUyMGludGVyZmF6JTIwcGFyYSUyMGxhJTIwaW50ZWdyYWNpJUMzJUIzbiUyMGVuJTIwbCVDMyVBRG5lYSUyMHklMjBwb3IlMjBsb3RlcyUyMHBhcmElMjByZWNpYmlyJTIwZGF0b3MlMjBkZSUyMGxvcyUyMGNsaWVudGVzJTJDJTIwbGFzJTIwdHJhbnNhY2Npb25lcyUyQyUyMGxhJTIwY29tcGVuc2FjaSVDMyVCM24lMkMlMjBldGMu[\/vc_raw_html][vc_raw_html css=\u00bb\u00bb el_class=\u00bbbits-of-functionality much-text bulletlist\u00bb]U2VydmljaW9zJTIwYmFuY2FyaW9zJTIwYSUyMGRpc3RhbmNpYS4lMjBVbmElMjBpbnN0YWxhY2klQzMlQjNuJTIwZXN0JUMzJUExbmRhciUyMGRlJTIwU09MQVIlMjBDYXJkJTIwSXNzdWluZyUyMHByb3BvcmNpb25hJTIwc2VydmljaW9zJTIwd2ViJTIwcXVlJTIwcGVybWl0aXIlQzMlQTFuJTIwYSUyMHN1JTIwY2xpZW50ZSUyMGdlc3Rpb25hciUyMGxvcyUyMGNvbnRyYXRvcyUyMGRlJTIwc2VydmljaW8u[\/vc_raw_html][vc_raw_html css=\u00bb\u00bb el_class=\u00bbbits-of-functionality much-text bulletlist\u00bb]TGlicm9zJTIwbWF5b3JlcyUyMHklMjBzaXN0ZW1hcyUyMGRlJTIwY29udGFiaWxpZGFkLiUyMFNPTEFSJTIwQ2FyZCUyMElzc3VpbmclMjBwdWVkZSUyMGdlbmVyYXIlMjB0cmFuc2FjY2lvbmVzJTIwY29udGFibGVzJTIwYW5hbCVDMyVBRHRpY2FzJTIweSUyMHNpbnQlQzMlQTl0aWNhcyUyMGRlJTIwZm9ybWElMjBpbmRlcGVuZGllbnRlJTJDJTIwbyUyMHNpbXBsZW1lbnRlJTIwZXhwb3J0YXIlMjB1bmElMjBsaXN0YSUyMGRlJTIwdHJhbnNhY2Npb25lcyUyMHBhcmElMjB1biUyMHNpc3RlbWElMjBjb250YWJsZS4=[\/vc_raw_html][\/vc_column_inner][\/vc_row_inner][vc_empty_space height=\u00bb40px\u00bb][vc_custom_heading text=\u00bbINFORMES\u00bb font_container=\u00bbtag:h2|font_size:36px|text_align:left|color:%23FFFFFF|line_height:44px\u00bb use_theme_fonts=\u00bbyes\u00bb css=\u00bb\u00bb el_class=\u00bbheading-big page-bits-title\u00bb][vc_empty_space height=\u00bb20px\u00bb][vc_column_text css=\u00bb\u00bb]<span style=\"color: #ffffff;\">SOLAR Card Issuing proporciona a los sistemas externos un data mart que contiene la informaci\u00f3n necesaria para generar informes reglamentarios y de gesti\u00f3n. Adem\u00e1s, los informes operativos pueden crearse sin esperar a que el data mart cierre el d\u00eda. De ello se encarga el subsistema de informes propio de SOLAR Card Issuing, SOLAR Reporting, que cuenta con una descripci\u00f3n detallada de la estructura de la base de datos y ejemplos de informes. En particular, permite crear informes resumidos a partir de datos de m\u00faltiples sistemas de informaci\u00f3n, lo que elimina cualquier restricci\u00f3n en el n\u00famero y tipo de fuentes de datos para sus informes.<\/span>[\/vc_column_text][vc_empty_space height=\u00bb40px\u00bb][vc_custom_heading text=\u00bbRENDIMIENTO\u00bb font_container=\u00bbtag:h2|font_size:36px|text_align:left|color:%23FFFFFF|line_height:44px\u00bb use_theme_fonts=\u00bbyes\u00bb css=\u00bb\u00bb el_class=\u00bbheading-big page-bits-title\u00bb][vc_empty_space height=\u00bb20px\u00bb][vc_column_text css=\u00bb\u00bb]<span style=\"color: #ffffff;\">Al igual que otros productos SOLAR, SOLAR Card Issuing es una soluci\u00f3n en l\u00ednea en tiempo real fiable y eficaz. Al estar asentada en la plataforma SOLAR, es 100 % escalable horizontalmente. Al instalar nuestra plataforma, siempre recomendamos el sistema de replicaci\u00f3n activo-activo incorporado de SOLAR, ya que proporciona el mayor grado de tolerancia a fallos y rendimiento. Las soluciones de nuestra plataforma SOLAR est\u00e1n funcionando en bancos y empresas de procesamiento con grandes cargas con un excelente rendimiento.<\/span>[\/vc_column_text][vc_empty_space height=\u00bb40px\u00bb][vc_custom_heading text=\u00bbCUENTAS CORRIENTES Y DEP\u00d3SITOS\u00bb font_container=\u00bbtag:h2|font_size:36px|text_align:left|color:%23FFFFFF|line_height:44px\u00bb use_theme_fonts=\u00bbyes\u00bb css=\u00bb\u00bb el_class=\u00bbheading-big page-bits-title\u00bb][vc_empty_space height=\u00bb20px\u00bb][vc_column_text css=\u00bb\u00bb]<span style=\"color: #ffffff;\">SOLAR Card Issuing opera con todas las funcionalidades necesarias para crear un producto de cuenta corriente o dep\u00f3sito que sea atractivo para el cliente y rentable para el banco.<\/span>[\/vc_column_text][vc_empty_space height=\u00bb20px\u00bb][vc_row_inner css=\u00bb.vc_custom_1748967280488{border-top-width: 1px !important;border-right-width: 1px !important;border-bottom-width: 1px !important;border-left-width: 1px !important;padding-top: 40px !important;padding-right: 30px !important;padding-bottom: 40px !important;padding-left: 30px !important;background-color: #515D6A !important;border-radius: 20px !important;border-color: #515D6A !important;}\u00bb][vc_column_inner][vc_raw_html css=\u00bb\u00bb el_class=\u00bbbits-of-functionality much-text bulletlist\u00bb]RXNjYWxhcyUyMGRlJTIwdGlwb3MlMjBkZSUyMGludGVyJUMzJUE5cyUyMGVuJTIwZnVuY2klQzMlQjNuJTIwZGVsJTIwaW1wb3J0ZSUyMHklMjBlbCUyMHBlcmlvZG8lMjBkZWwlMjBkZXAlQzMlQjNzaXRvLg==[\/vc_raw_html][vc_raw_html css=\u00bb\u00bb el_class=\u00bbbits-of-functionality much-text bulletlist\u00bb]U2FsZG8lMjBtJUMzJUFEbmltbyUyMGRlJTIwbGElMjBjdWVudGEu[\/vc_raw_html][vc_raw_html css=\u00bb\u00bb el_class=\u00bbbits-of-functionality much-text bulletlist\u00bb]RGVwJUMzJUIzc2l0b3MlMjBtdWx0aWRpdmlzYSUyMGNvbiUyMHRpcG9zJTIwZGUlMjBjb252ZXJzaSVDMyVCM24lMjBmbGV4aWJsZXMlMjB5JTIwYWNjZXNpYmxlcyUyMGElMjB0cmF2JUMzJUE5cyUyMGRlJTIwdmFyaW9zJTIwY2FuYWxlcy4=[\/vc_raw_html][vc_raw_html css=\u00bb\u00bb el_class=\u00bbbits-of-functionality much-text bulletlist\u00bb]RGl2ZXJzb3MlMjByZWclQzMlQURtZW5lcyUyMGRlJTIwaW50ZXJlc2VzJTNBJTIwZGlhcmlvcyUyQyUyMHBvciUyMHNhbGRvJTIwbWVkaW8lMjBtZW5zdWFsJTJDJTIwcG9yJTIwc2FsZG8lMjBtJUMzJUFEbmltbyUyRm0lQzMlQTF4aW1vJTIwbWVuc3VhbCUyQyUyMHBvciUyMHNhbGRvJTIwZGUlMjBkZXAlQzMlQjNzaXRvJTJGcmV0aXJhZGElMjBtZW5zdWFsJTJDJTIwaW50ZXJlc2VzJTIwcG9yJTIwYWRlbGFudGFkby4=[\/vc_raw_html][vc_raw_html css=\u00bb\u00bb el_class=\u00bbbits-of-functionality much-text bulletlist\u00bb]UG9zaWJpbGlkYWQlMjBkZSUyMGVzdGFibGVjZXIlMjBjb25kaWNpb25lcyUyMGRlJTIwZGVwJUMzJUIzc2l0byUyMGVzcGVjaWFsZXMlMjBlJTIwaW5kaXZpZHVhbGVzLg==[\/vc_raw_html][\/vc_column_inner][\/vc_row_inner][vc_empty_space height=\u00bb40px\u00bb][vc_column_text css=\u00bb\u00bb]<span style=\"color: #ffffff;\">Adem\u00e1s, SOLAR Card Issuing puede gestionar poderes notariales, testamentos personales y programas familiares personalizados con condiciones de dep\u00f3sito compartidas entre las cuentas de los miembros.<\/span>[\/vc_column_text][vc_empty_space height=\u00bb40px\u00bb][vc_row_inner equal_height=\u00bbyes\u00bb content_placement=\u00bbmiddle\u00bb css=\u00bb.vc_custom_1748968639058{border-top-width: 1px !important;border-right-width: 1px !important;border-bottom-width: 1px !important;border-left-width: 1px !important;padding-top: 40px !important;padding-bottom: 40px !important;background-color: #E8432D !important;border-left-style: solid !important;border-right-style: solid !important;border-top-style: solid !important;border-bottom-style: solid !important;border-radius: 20px !important;border-color: #E8432D !important;}\u00bb][vc_column_inner el_class=\u00bbbenefit-icon-col\u00bb width=\u00bb1\/6&#8243;][vc_empty_space height=\u00bb30px\u00bb el_class=\u00bbmobile-off\u00bb][vc_icon icon_fontawesome=\u00bbfa fa-regular fa-lightbulb\u00bb color=\u00bbwhite\u00bb size=\u00bbxl\u00bb align=\u00bbcenter\u00bb css=\u00bb\u00bb][\/vc_column_inner][vc_column_inner el_class=\u00bbbenefit-content-col\u00bb width=\u00bb5\/6&#8243; css=\u00bb.vc_custom_1748968779705{padding-right: 50px !important;padding-left: 50px !important;}\u00bb][vc_column_text css=\u00bb\u00bb]<span style=\"color: #ffffff;\">Solanteq, desarrollador de la plataforma SOLAR, especializa en la creaci\u00f3n de componentes innovadores que se utilizan para crear soluciones de pago y aplicaciones digitales. Los productos de software SOLAR son f\u00e1cilmente escalables, se integran de forma nativa en los entornos de nube, ofrecen la m\u00e1xima tolerancia a fallos y pueden suministrarse como contenedores personalizables de forma flexible a petici\u00f3n del cliente. La plataforma SOLAR es universal para el desarrollo de negocio de banca minorista y compa\u00f1\u00edas de procesamiento.<\/span>[\/vc_column_text][\/vc_column_inner][\/vc_row_inner][vc_empty_space height=\u00bb40px\u00bb][vc_custom_heading text=\u00bbTARJETAS DE PAGO\u00bb font_container=\u00bbtag:h2|font_size:36px|text_align:left|color:%23FFFFFF|line_height:44px\u00bb use_theme_fonts=\u00bbyes\u00bb css=\u00bb\u00bb el_class=\u00bbheading-big page-bits-title\u00bb][vc_empty_space height=\u00bb20px\u00bb][vc_column_text css=\u00bb\u00bb]<span style=\"color: #ffffff;\">Es f\u00e1cil seguir y procesar los pagos con tarjeta a trav\u00e9s de SOLAR Card Issuing. La organizaci\u00f3n flexible del ciclo de vida del producto le permite configurar y seguir las transacciones de los siguientes tipos de productos:<\/span>[\/vc_column_text][vc_empty_space height=\u00bb20px\u00bb][vc_row_inner css=\u00bb.vc_custom_1748967280488{border-top-width: 1px !important;border-right-width: 1px !important;border-bottom-width: 1px !important;border-left-width: 1px !important;padding-top: 40px !important;padding-right: 30px !important;padding-bottom: 40px !important;padding-left: 30px !important;background-color: #515D6A !important;border-radius: 20px !important;border-color: #515D6A !important;}\u00bb][vc_column_inner][vc_raw_html css=\u00bb\u00bb el_class=\u00bbbits-of-functionality much-text bulletlist\u00bb]dGFyamV0YXMlMjBkZSUyMGNyJUMzJUE5ZGl0byUyQyUyMHRhcmpldGFzJTIwZGUlMjBzb2JyZWdpcm8lMkMlMjB0YXJqZXRhcyUyMGRlJTIwY3IlQzMlQTlkaXRvJTIwY29uJTIwcGVyaW9kbyUyMGRlJTIwY2FyZW5jaWElM0I=[\/vc_raw_html][vc_raw_html css=\u00bb\u00bb el_class=\u00bbbits-of-functionality much-text bulletlist\u00bb]dGFyamV0YXMlMjBkZSUyMGQlQzMlQTliaXRvJTNC[\/vc_raw_html][vc_raw_html css=\u00bb\u00bb el_class=\u00bbbits-of-functionality much-text bulletlist\u00bb]dGFyamV0YXMlMjBtdWx0aWRpdmlzYSUzQg==[\/vc_raw_html][vc_raw_html css=\u00bb\u00bb el_class=\u00bbbits-of-functionality much-text bulletlist\u00bb]dGFyamV0YXMlMjBkZSUyMGNvbXByYSUzQg==[\/vc_raw_html][vc_raw_html css=\u00bb\u00bb el_class=\u00bbbits-of-functionality much-text bulletlist\u00bb]dGFyamV0YXMlMjBkZSUyMHBhZ28lMjBhJTIwcGxhem9zJTNC[\/vc_raw_html][vc_raw_html css=\u00bb\u00bb el_class=\u00bbbits-of-functionality much-text bulletlist\u00bb]dGFyamV0YXMlMjBkZSUyMHBhZ28lMjBzb2NpYWwlM0I=[\/vc_raw_html][vc_raw_html css=\u00bb\u00bb el_class=\u00bbbits-of-functionality much-text bulletlist\u00bb]Y29tYmluYWNpb25lcyUyMCVDMyVCQW5pY2FzJTIwZGUlMjBlc3RhcyUyMHRhcmpldGFzLg==[\/vc_raw_html][\/vc_column_inner][\/vc_row_inner][vc_empty_space height=\u00bb40px\u00bb][vc_column_text css=\u00bb\u00bb]<span style=\"color: #ffffff;\">SOLAR Card Issuing procesa las transacciones, calcula los intereses y el importe del pago m\u00ednimo, hace un seguimiento de los reembolsos e impagos, genera penalizaciones y env\u00eda notificaciones. Para cada operaci\u00f3n, se crean asientos contables seg\u00fan las reglas configuradas. Si desea desarrollar su propia funcionalidad, SOLAR Card Issuing ofrece una amplia variedad de puntos de extensi\u00f3n documentados, lo que le permite crear un n\u00famero ilimitado de extensiones de la funcionalidad de su producto: no solo caracter\u00edsticas de importaci\u00f3n y exportaci\u00f3n, sino procedimientos diarios y reglas complejas de procesamiento de transacciones.<\/span>[\/vc_column_text][vc_empty_space height=\u00bb40px\u00bb][vc_custom_heading text=\u00bbPAGO A PLAZOS Y CR\u00c9DITO AL CONSUMO\u00bb font_container=\u00bbtag:h2|font_size:36px|text_align:left|color:%23FFFFFF|line_height:44px\u00bb use_theme_fonts=\u00bbyes\u00bb css=\u00bb\u00bb el_class=\u00bbheading-big page-bits-title\u00bb][vc_empty_space height=\u00bb20px\u00bb][vc_column_text css=\u00bb\u00bb]<span style=\"color: #ffffff;\">El pago a plazos permite a sus clientes abonar sus compras en cantidades constantes durante un tiempo determinado. Puede ofrecer un plan de cuotas sin intereses, cobrar una cuota \u00fanica, incluirla en el importe del plazo o configurar cargos adicionales por el uso del cr\u00e9dito.<\/span><\/p>\n<p><span style=\"color: #ffffff;\">Cualquier compra puede transformarse en un plan de pago a plazos a trav\u00e9s de varios canales:<\/span>[\/vc_column_text][vc_empty_space height=\u00bb20px\u00bb][vc_row_inner css=\u00bb.vc_custom_1748967280488{border-top-width: 1px !important;border-right-width: 1px !important;border-bottom-width: 1px !important;border-left-width: 1px !important;padding-top: 40px !important;padding-right: 30px !important;padding-bottom: 40px !important;padding-left: 30px !important;background-color: #515D6A !important;border-radius: 20px !important;border-color: #515D6A !important;}\u00bb][vc_column_inner][vc_raw_html css=\u00bb\u00bb el_class=\u00bbbits-of-functionality much-text bulletlist\u00bb]YSUyMHRyYXYlQzMlQTlzJTIwZGUlMjBsYSUyMGJhbmNhJTIwcG9yJTIwSW50ZXJuZXQlM0ElMjBsYXMlMjBjb21wcmFzJTIwcmVhbGl6YWRhcyUyMGNvbiUyMHVuJTIwY3IlQzMlQTlkaXRvJTIwaW5kaXZpZHVhbCUyMHUlMjBvdHJvcyUyMG1lZGlvcyUyMGRlJTIwY3IlQzMlQTlkaXRvJTIwcHVlZGVuJTIwY29udmVydGlyc2UlMjBlbiUyMHBsYXpvcyUzQg==[\/vc_raw_html][vc_raw_html css=\u00bb\u00bb el_class=\u00bbbits-of-functionality much-text bulletlist\u00bb]ZW4lMjBlbCUyMG1vbWVudG8lMjBkZSUyMGxhJTIwY29tcHJhJTNBJTIwbWVkaWFudGUlMjByZWdsYXMlMjBwcmVjb25maWd1cmFkYXMlMjBxdWUlMjBjYWxjdWxhbiUyMGF1dG9tJUMzJUExdGljYW1lbnRlJTIwZWwlMjBjYWxlbmRhcmlvJTIwZGUlMjBwYWdvcyUyQyUyMGxhJTIwY3VvdGElMkMlMjBsb3MlMjBpbnRlcmVzZXMlMjB5JTIwb3Ryb3MlMjBwYXIlQzMlQTFtZXRyb3Mu[\/vc_raw_html][\/vc_column_inner][\/vc_row_inner][vc_empty_space height=\u00bb40px\u00bb][vc_column_text css=\u00bb\u00bb]<span style=\"color: #ffffff;\">La funcionalidad de SOLAR Card Issuing puede ampliarse a\u00f1adiendo m\u00f3dulos especializados de programas de afiliados. Sus clientes pueden obtener condiciones especiales de pago a plazos para las compras realizadas en las redes de afiliaci\u00f3n, y usted puede controlar f\u00e1cilmente las transacciones con las cuentas de los socios.<\/span>[\/vc_column_text][vc_empty_space height=\u00bb40px\u00bb][vc_custom_heading text=\u00bbINTEGRACI\u00d3N Y PUESTOS DE TRABAJO\u00bb font_container=\u00bbtag:h2|font_size:36px|text_align:left|color:%23FFFFFF|line_height:44px\u00bb use_theme_fonts=\u00bbyes\u00bb css=\u00bb\u00bb el_class=\u00bbheading-big page-bits-title\u00bb][vc_empty_space height=\u00bb20px\u00bb][vc_column_text css=\u00bb\u00bb]<span style=\"color: #ffffff;\">Todas las soluciones SOLAR est\u00e1n equipadas con puestos de trabajo de cliente ligero configurables. Cumplen con los requisitos de seguridad tanto para el uso de VPN como para su utilizaci\u00f3n como puestos de trabajo para sucursales, agentes y socios que prestan servicios relacionados con el cr\u00e9dito. Incluso pueden emplearse como espacios personales de los clientes de la empresa.<\/span>[\/vc_column_text][\/vc_column][\/vc_row][vc_row full_width=\u00bbstretch_row\u00bb equal_height=\u00bbyes\u00bb content_placement=\u00bbmiddle\u00bb css=\u00bb.vc_custom_1748969789929{margin-bottom: -40px !important;padding-top: 30px !important;padding-bottom: 30px !important;background-color: #E8432D !important;}\u00bb][vc_column width=\u00bb1\/6&#8243; css=\u00bb.vc_custom_1748443670093{border-color: #FFFFFF !important;}\u00bb el_class=\u00bbbenefit-icon-col\u00bb][vc_empty_space height=\u00bb30px\u00bb el_class=\u00bbmobile-off\u00bb][vc_icon icon_fontawesome=\u00bbfa fa-regular fa-envelope-open\u00bb color=\u00bbwhite\u00bb size=\u00bbxl\u00bb align=\u00bbcenter\u00bb css=\u00bb\u00bb][\/vc_column][vc_column width=\u00bb5\/6&#8243; el_class=\u00bbbenefit-content-col\u00bb][vc_custom_heading text=\u00bbEstamos convencidos de que SOLAR Card Issuing se convertir\u00e1 en su plataforma de confianza para desarrollar su negocio minorista.\u00bb font_container=\u00bbtag:h3|font_size:32px|text_align:left|color:%23FFFFFF|line_height:34px\u00bb use_theme_fonts=\u00bbyes\u00bb css=\u00bb.vc_custom_1749470747319{margin-bottom: 10px !important;}\u00bb el_class=\u00bbweight-regular\u00bb][vc_custom_heading text=\u00bb\u00a1Contacte con nosotros! Estaremos encantados de organizar una demostraci\u00f3n para responder a todas sus preguntas en detalle.\u00bb font_container=\u00bbtag:p|font_size:20px|text_align:left|color:%23FFFFFF|line_height:28px\u00bb use_theme_fonts=\u00bbyes\u00bb css=\u00bb.vc_custom_1749470757395{margin-bottom: 10px !important;}\u00bb][vc_empty_space height=\u00bb30px\u00bb][vc_btn title=\u00bbContacte Con Nosotros\u00bb style=\u00bbcustom\u00bb custom_background=\u00bb#E8432D\u00bb custom_text=\u00bb#FFFFFF\u00bb shape=\u00bbround\u00bb size=\u00bblg\u00bb align=\u00bbleft\u00bb css=\u00bb.vc_custom_1749728433214{margin-bottom: 0px !important;border-color: #FFFFFF !important;}\u00bb link=\u00bburl:%23&#8243; el_class=\u00bbbutton-red-bg popmake-1553&#8243;][\/vc_column][\/vc_row]<\/p>\n<\/div>","protected":false},"excerpt":{"rendered":"<p>[vc_row][vc_column][vc_raw_html css=\u00bb.vc_custom_1749470194354{margin-bottom: 0px !important;}\u00bb el_class=\u00bbbreadcrumbs\u00bb]JTNDYSUyMGhyZWYlM0QlMjIlMkYlMjIlM0VIb21lJTNDJTJGYSUzRSUyMCU3QyUyMFByb2R1Y3RvcyUyMCU3QyUyMCUzQ3NwYW4lM0VTT0xBUiUyMENhcmQlMjBJc3N1aW5nJTNDJTJGc3BhbiUzRQ==[\/vc_raw_html][\/vc_column][\/vc_row][vc_row css=\u00bb.vc_custom_1747922304231{border-color: #FF0000 !important;}\u00bb][vc_column][vc_empty_space height=\u00bb40px\u00bb][vc_custom_heading text=\u00bbSOLAR Card Issuing \u2014 sus productos digitales enriquecidos con API\u00bb font_container=\u00bbtag:h1|font_size:64px|text_align:left|color:%23424D59|line_height:84px\u00bb use_theme_fonts=\u00bbyes\u00bb css=\u00bb.vc_custom_1749470213827{margin-bottom: 0px !important;margin-left: -5px !important;}\u00bb el_class=\u00bbheading-big\u00bb][vc_empty_space height=\u00bb25px\u00bb][vc_custom_heading text=\u00bbLas tendencias en los productos para la emisi\u00f3n de tarjetas de pago ya no se centran en las tarjetas de d\u00e9bito, cr\u00e9dito o n\u00f3mina. Nuestros clientes disfrutan &#8230; <a title=\"SOLAR Card Issuing\" class=\"read-more\" href=\"https:\/\/solanteq.com\/es\/solar-card-issuing\/\" aria-label=\"Leer m\u00e1s sobre SOLAR Card Issuing\">Read more<\/a><\/p>\n","protected":false},"author":3,"featured_media":0,"parent":0,"menu_order":0,"comment_status":"closed","ping_status":"closed","template":"","meta":{"footnotes":""},"class_list":["post-1009","page","type-page","status-publish"],"_links":{"self":[{"href":"https:\/\/solanteq.com\/es\/wp-json\/wp\/v2\/pages\/1009","targetHints":{"allow":["GET"]}}],"collection":[{"href":"https:\/\/solanteq.com\/es\/wp-json\/wp\/v2\/pages"}],"about":[{"href":"https:\/\/solanteq.com\/es\/wp-json\/wp\/v2\/types\/page"}],"author":[{"embeddable":true,"href":"https:\/\/solanteq.com\/es\/wp-json\/wp\/v2\/users\/3"}],"replies":[{"embeddable":true,"href":"https:\/\/solanteq.com\/es\/wp-json\/wp\/v2\/comments?post=1009"}],"version-history":[{"count":2,"href":"https:\/\/solanteq.com\/es\/wp-json\/wp\/v2\/pages\/1009\/revisions"}],"predecessor-version":[{"id":1644,"href":"https:\/\/solanteq.com\/es\/wp-json\/wp\/v2\/pages\/1009\/revisions\/1644"}],"wp:attachment":[{"href":"https:\/\/solanteq.com\/es\/wp-json\/wp\/v2\/media?parent=1009"}],"curies":[{"name":"wp","href":"https:\/\/api.w.org\/{rel}","templated":true}]}}