{"id":1011,"date":"2025-06-04T10:00:07","date_gmt":"2025-06-04T10:00:07","guid":{"rendered":"https:\/\/solanteq.web-design.ee\/solar-merchant-portal\/"},"modified":"2025-06-12T11:41:44","modified_gmt":"2025-06-12T11:41:44","slug":"solar-merchant-portal","status":"publish","type":"page","link":"https:\/\/solanteq.com\/es\/solar-merchant-portal\/","title":{"rendered":"SOLAR Merchant Portal"},"content":{"rendered":"<div class=\"wpb-content-wrapper\"><p>[vc_row][vc_column][vc_raw_html css=\u00bb.vc_custom_1749466437719{margin-bottom: 0px !important;}\u00bb el_class=\u00bbbreadcrumbs\u00bb]JTNDYSUyMGhyZWYlM0QlMjIlMkYlMjIlM0VIb21lJTNDJTJGYSUzRSUyMCU3QyUyMFByb2R1Y3RvcyUyMCU3QyUyMCUzQ3NwYW4lM0VTT0xBUiUyME1lcmNoYW50JTIwUG9ydGFsJTNDJTJGc3BhbiUzRQ==[\/vc_raw_html][\/vc_column][\/vc_row][vc_row css=\u00bb.vc_custom_1747922304231{border-color: #FF0000 !important;}\u00bb][vc_column][vc_empty_space height=\u00bb40px\u00bb][vc_custom_heading text=\u00bb<b>SOLAR<\/b> Merchant Portal \u2014 un \u00e1rea personal c\u00f3moda para su negocio\u00bb font_container=\u00bbtag:h1|font_size:64px|text_align:left|color:%23424D59|line_height:84px\u00bb use_theme_fonts=\u00bbyes\u00bb css=\u00bb.vc_custom_1749466453170{margin-bottom: 0px !important;margin-left: -5px !important;}\u00bb el_class=\u00bbheading-big\u00bb][vc_empty_space height=\u00bb25px\u00bb][vc_custom_heading text=\u00bbSOLAR Merchant Portal es una aplicaci\u00f3n web para ver las transacciones de comercio electr\u00f3nico y los mensajes entre el vendedor y el banco adquirente.\u00bb font_container=\u00bbtag:p|font_size:20px|text_align:left|color:%23424D59|line_height:28px\u00bb use_theme_fonts=\u00bbyes\u00bb css=\u00bb.vc_custom_1749466465110{margin-bottom: 0px !important;}\u00bb el_class=\u00bbweight-light\u00bb][vc_empty_space height=\u00bb50px\u00bb][\/vc_column][\/vc_row][vc_row full_width=\u00bbstretch_row\u00bb css=\u00bb.vc_custom_1748962391931{padding-top: 100px !important;padding-bottom: 100px !important;background-color: #424D59 !important;background-position: center !important;background-repeat: no-repeat !important;background-size: cover !important;}\u00bb el_class=\u00bbdisable-row-overflow page-under-video-block\u00bb][vc_column][vc_custom_heading text=\u00bbF\u00c1CIL GESTI\u00d3N FINANCIERA\u00bb font_container=\u00bbtag:h2|font_size:36px|text_align:left|color:%23FFFFFF|line_height:44px\u00bb use_theme_fonts=\u00bbyes\u00bb css=\u00bb\u00bb el_class=\u00bbheading-big page-bits-title\u00bb][vc_empty_space height=\u00bb20px\u00bb][vc_column_text css=\u00bb\u00bb]<span style=\"color: #ffffff;\">SOLAR Merchant Portal ayuda a interactuar r\u00e1pidamente con el banco adquirente y proporciona informaci\u00f3n sobre todas las compras realizadas con tarjetas de pago a trav\u00e9s de los TPV o en l\u00ednea. Permite filtrar las transacciones por categor\u00edas y puntos de venta. SOLAR Merchant Portal presenta todas las compras en tiempo real, adem\u00e1s:<\/span>[\/vc_column_text][vc_empty_space height=\u00bb20px\u00bb][vc_empty_space height=\u00bb20px\u00bb][vc_row_inner css=\u00bb.vc_custom_1748967280488{border-top-width: 1px !important;border-right-width: 1px !important;border-bottom-width: 1px !important;border-left-width: 1px !important;padding-top: 40px !important;padding-right: 30px !important;padding-bottom: 40px !important;padding-left: 30px !important;background-color: #515D6A !important;border-radius: 20px !important;border-color: #515D6A !important;}\u00bb][vc_column_inner][vc_raw_html css=\u00bb\u00bb el_class=\u00bbbits-of-functionality much-text bulletlist\u00bb]bXVlc3RyYSUyMGluZm9ybWVzJTIweSUyMGRhdG9zJTIwZGUlMjBjb25jaWxpYWNpJUMzJUIzbiUyMGRlbCUyMGFkcXVpcmVudGUlMjB5JTIwZGUlMjBsb3MlMjBzaXN0ZW1hcyUyMGRlJTIwcGFnbyUzQg==[\/vc_raw_html][vc_raw_html css=\u00bb\u00bb el_class=\u00bbbits-of-functionality much-text bulletlist\u00bb]cGVybWl0ZSUyMGdlc3Rpb25hciUyMGxhcyUyMHRyYW5zYWNjaW9uZXMlMjBlbiUyMGRpc3B1dGElM0I=[\/vc_raw_html][vc_raw_html css=\u00bb\u00bb el_class=\u00bbbits-of-functionality much-text bulletlist\u00bb]b2ZyZWNlJTIwdmFyaW9zJTIwbml2ZWxlcyUyMGRlJTIwYWNjZXNvJTIweSUyMGxhJTIwb3BjaSVDMyVCM24lMjBkZSUyMG1vZGlmaWNhciUyMGxvcyUyMGRhdG9zJTIwZGVsJTIwcGVyZmlsJTNC[\/vc_raw_html][vc_raw_html css=\u00bb\u00bb el_class=\u00bbbits-of-functionality much-text bulletlist\u00bb]cHJlc2VudGElMjBsYSUyMGluZm9ybWFjaSVDMyVCM24lMjBzb2JyZSUyMGxvcyUyMHBhZ29zJTIwZW4lMjB0aWVtcG8lMjByZWFsJTNC[\/vc_raw_html][vc_raw_html css=\u00bb\u00bb el_class=\u00bbbits-of-functionality much-text bulletlist\u00bb]ZmFjaWxpdGElMjBsYSUyMGdlc3RpJUMzJUIzbiUyMGRlJTIwdmFyaW9zJTIwY29tZXJjaW9zJTIwZGVzZGUlMjB1biUyMHNvbG8lMjBlc3BhY2lvJTNC[\/vc_raw_html][vc_raw_html css=\u00bb\u00bb el_class=\u00bbbits-of-functionality much-text bulletlist\u00bb]Z2VuZXJhJTIwZmFjdHVyYXMlMjB5JTIwZW5sYWNlcyUyMGRlJTIwcGFnby4=[\/vc_raw_html][\/vc_column_inner][\/vc_row_inner][vc_empty_space height=\u00bb40px\u00bb][vc_column_text css=\u00bb\u00bb]<span style=\"color: #ffffff;\">SOLAR Merchant Portal es un s\u00f3lido eslab\u00f3n en una estrategia comercial exitosa, una aplicaci\u00f3n con una interfaz ergon\u00f3mica que muestra el movimiento de fondos con informaci\u00f3n detallada sobre cada transacci\u00f3n.<\/span><\/p>\n<p><span style=\"color: #ffffff;\">Los vendedores, en su \u00e1rea personal, pueden gestionar todo el ciclo de vida de un pago, desde su inicio hasta la recepci\u00f3n de la indemnizaci\u00f3n o la cancelaci\u00f3n y el reembolso. SOLAR Merchant Portal le ayuda a responder r\u00e1pidamente a las reclamaciones de los clientes, evitando posibles p\u00e9rdidas financieras para su negocio.<\/span>[\/vc_column_text][vc_empty_space height=\u00bb20px\u00bb][vc_custom_heading text=\u00bbAN\u00c1LITICA \u00daTIL\u00bb font_container=\u00bbtag:h2|font_size:36px|text_align:left|color:%23FFFFFF|line_height:44px\u00bb use_theme_fonts=\u00bbyes\u00bb css=\u00bb\u00bb el_class=\u00bbheading-big page-bits-title\u00bb][vc_empty_space height=\u00bb20px\u00bb][vc_column_text css=\u00bb\u00bb]<span style=\"color: #ffffff;\">SOLAR Merchant Portal recoge informaci\u00f3n sobre las transacciones realizadas y genera informes en l\u00ednea para ayudar a los comerciantes a tomar decisiones estrat\u00e9gicas productivas y analizar el rendimiento de los proyectos.<\/span><\/p>\n<p><span style=\"color: #ffffff;\">Los datos de las transacciones est\u00e1n disponibles en una aplicaci\u00f3n f\u00e1cil de usar y pueden clasificarse y buscarse por correo electr\u00f3nico, periodo, destino y otros identificadores, tanto para toda la empresa como para los puntos de venta individuales.<\/span>[\/vc_column_text][vc_empty_space height=\u00bb40px\u00bb][vc_row_inner equal_height=\u00bbyes\u00bb content_placement=\u00bbmiddle\u00bb css=\u00bb.vc_custom_1748968639058{border-top-width: 1px !important;border-right-width: 1px !important;border-bottom-width: 1px !important;border-left-width: 1px !important;padding-top: 40px !important;padding-bottom: 40px !important;background-color: #E8432D !important;border-left-style: solid !important;border-right-style: solid !important;border-top-style: solid !important;border-bottom-style: solid !important;border-radius: 20px !important;border-color: #E8432D !important;}\u00bb][vc_column_inner el_class=\u00bbbenefit-icon-col\u00bb width=\u00bb1\/6&#8243;][vc_empty_space height=\u00bb30px\u00bb el_class=\u00bbmobile-off\u00bb][vc_icon icon_fontawesome=\u00bbfa fa-regular fa-lightbulb\u00bb color=\u00bbwhite\u00bb size=\u00bbxl\u00bb align=\u00bbcenter\u00bb css=\u00bb\u00bb][\/vc_column_inner][vc_column_inner el_class=\u00bbbenefit-content-col\u00bb width=\u00bb5\/6&#8243; css=\u00bb.vc_custom_1748968779705{padding-right: 50px !important;padding-left: 50px !important;}\u00bb][vc_column_text css=\u00bb\u00bb]<span style=\"color: #ffffff;\">Solanteq, desarrollador de la plataforma SOLAR, especializa en la creaci\u00f3n de componentes innovadores que se utilizan para crear soluciones de pago y aplicaciones digitales. Los productos de software SOLAR son f\u00e1cilmente escalables, se integran de forma nativa en los entornos de nube, ofrecen la m\u00e1xima tolerancia a fallos y pueden suministrarse como contenedores personalizables de forma flexible a petici\u00f3n del cliente. La plataforma SOLAR es universal para el desarrollo de negocio de banca minorista y compa\u00f1\u00edas de procesamiento.<\/span>[\/vc_column_text][\/vc_column_inner][\/vc_row_inner][vc_empty_space height=\u00bb40px\u00bb][vc_custom_heading text=\u00bbPARA EL FUTURO\u00bb font_container=\u00bbtag:h2|font_size:36px|text_align:left|color:%23FFFFFF|line_height:44px\u00bb use_theme_fonts=\u00bbyes\u00bb css=\u00bb\u00bb el_class=\u00bbheading-big page-bits-title\u00bb][vc_empty_space height=\u00bb20px\u00bb][vc_column_text css=\u00bb\u00bb]<span style=\"color: #ffffff;\">A trav\u00e9s de SOLAR Merchant Portal, los comerciantes pueden solicitar la conexi\u00f3n de interfaces de pago, registrar terminales o a\u00f1adir sus empresas. SOLAR Merchant Portal presenta los datos de las transacciones en varias opciones de visualizaci\u00f3n: en la propia aplicaci\u00f3n y como un informe de Excel, lo que el an\u00e1lisis de los datos y su posterior integraci\u00f3n. Cuenta tambi\u00e9n con la funci\u00f3n de intercambio de mensajes de texto o archivos cargados con el banco que proporciona una pasarela de pago para el vendedor.<\/span><br \/>\n[\/vc_column_text][vc_empty_space height=\u00bb20px\u00bb][vc_custom_heading text=\u00bbSEGURIDAD\u00bb font_container=\u00bbtag:h2|font_size:36px|text_align:left|color:%23FFFFFF|line_height:44px\u00bb use_theme_fonts=\u00bbyes\u00bb css=\u00bb\u00bb el_class=\u00bbheading-big page-bits-title\u00bb][vc_empty_space height=\u00bb20px\u00bb][vc_column_text css=\u00bb\u00bb]<span style=\"color: #ffffff;\">SOLAR Merchant Portal proporciona diferentes niveles de acceso a una cuenta comercial personal, autenticaci\u00f3n de dos factores, registro digital seguro en el portal y establecimiento de l\u00edmites individuales para diferentes tipos de transacciones. El control adicional sobre las transacciones a trav\u00e9s de SOLAR Merchant se ejecuta mediante la integraci\u00f3n con SOLAR Merchant Portal, un m\u00f3dulo que combina la tecnolog\u00eda de aprendizaje autom\u00e1tico con la configuraci\u00f3n de reglas flexibles. Esta combinaci\u00f3n permite identificar con rapidez y precisi\u00f3n la actividad sospechosa de los comerciantes en el portal y prevenir una gran variedad de escenarios de fraude.<\/span>[\/vc_column_text][\/vc_column][\/vc_row][vc_row full_width=\u00bbstretch_row\u00bb equal_height=\u00bbyes\u00bb content_placement=\u00bbmiddle\u00bb css=\u00bb.vc_custom_1748969789929{margin-bottom: -40px !important;padding-top: 30px !important;padding-bottom: 30px !important;background-color: #E8432D !important;}\u00bb][vc_column width=\u00bb1\/6&#8243; css=\u00bb.vc_custom_1748443670093{border-color: #FFFFFF !important;}\u00bb el_class=\u00bbbenefit-icon-col\u00bb][vc_empty_space height=\u00bb30px\u00bb el_class=\u00bbmobile-off\u00bb][vc_icon icon_fontawesome=\u00bbfa fa-regular fa-envelope-open\u00bb color=\u00bbwhite\u00bb size=\u00bbxl\u00bb align=\u00bbcenter\u00bb css=\u00bb\u00bb][\/vc_column][vc_column width=\u00bb5\/6&#8243; el_class=\u00bbbenefit-content-col\u00bb][vc_custom_heading text=\u00bbCon SOLAR Merchant Portal, es f\u00e1cil analizar su historial de pagos y desarrollar su negocio.\u00bb font_container=\u00bbtag:h3|font_size:32px|text_align:left|color:%23FFFFFF|line_height:34px\u00bb use_theme_fonts=\u00bbyes\u00bb css=\u00bb.vc_custom_1749467096811{margin-bottom: 10px !important;}\u00bb el_class=\u00bbweight-regular\u00bb][vc_custom_heading text=\u00bb\u00a1Contacte con nosotros! Estaremos encantados de organizar una demostraci\u00f3n para responder a todas sus preguntas en detalle.<br \/>\nContacte con nosotros\u00bb font_container=\u00bbtag:p|font_size:20px|text_align:left|color:%23FFFFFF|line_height:28px\u00bb use_theme_fonts=\u00bbyes\u00bb css=\u00bb.vc_custom_1749467107688{margin-bottom: 10px !important;}\u00bb][vc_empty_space height=\u00bb30px\u00bb][vc_btn title=\u00bbContacte Con Nosotros\u00bb style=\u00bbcustom\u00bb custom_background=\u00bb#E8432D\u00bb custom_text=\u00bb#FFFFFF\u00bb shape=\u00bbround\u00bb size=\u00bblg\u00bb align=\u00bbleft\u00bb css=\u00bb.vc_custom_1749728501741{margin-bottom: 0px !important;border-color: #FFFFFF !important;}\u00bb link=\u00bburl:%23&#8243; el_class=\u00bbbutton-red-bg popmake-1553&#8243;][\/vc_column][\/vc_row]<\/p>\n<\/div>","protected":false},"excerpt":{"rendered":"<p>[vc_row][vc_column][vc_raw_html css=\u00bb.vc_custom_1749466437719{margin-bottom: 0px !important;}\u00bb el_class=\u00bbbreadcrumbs\u00bb]JTNDYSUyMGhyZWYlM0QlMjIlMkYlMjIlM0VIb21lJTNDJTJGYSUzRSUyMCU3QyUyMFByb2R1Y3RvcyUyMCU3QyUyMCUzQ3NwYW4lM0VTT0xBUiUyME1lcmNoYW50JTIwUG9ydGFsJTNDJTJGc3BhbiUzRQ==[\/vc_raw_html][\/vc_column][\/vc_row][vc_row css=\u00bb.vc_custom_1747922304231{border-color: #FF0000 !important;}\u00bb][vc_column][vc_empty_space height=\u00bb40px\u00bb][vc_custom_heading text=\u00bbSOLAR Merchant Portal \u2014 un \u00e1rea personal c\u00f3moda para su negocio\u00bb font_container=\u00bbtag:h1|font_size:64px|text_align:left|color:%23424D59|line_height:84px\u00bb use_theme_fonts=\u00bbyes\u00bb css=\u00bb.vc_custom_1749466453170{margin-bottom: 0px !important;margin-left: -5px !important;}\u00bb el_class=\u00bbheading-big\u00bb][vc_empty_space height=\u00bb25px\u00bb][vc_custom_heading text=\u00bbSOLAR Merchant Portal es una aplicaci\u00f3n web para ver las transacciones de comercio electr\u00f3nico y los mensajes entre el vendedor y el banco adquirente.\u00bb font_container=\u00bbtag:p|font_size:20px|text_align:left|color:%23424D59|line_height:28px\u00bb use_theme_fonts=\u00bbyes\u00bb &#8230; <a title=\"SOLAR Merchant Portal\" class=\"read-more\" href=\"https:\/\/solanteq.com\/es\/solar-merchant-portal\/\" aria-label=\"Leer m\u00e1s sobre SOLAR Merchant Portal\">Read more<\/a><\/p>\n","protected":false},"author":3,"featured_media":0,"parent":0,"menu_order":0,"comment_status":"closed","ping_status":"closed","template":"","meta":{"footnotes":""},"class_list":["post-1011","page","type-page","status-publish"],"_links":{"self":[{"href":"https:\/\/solanteq.com\/es\/wp-json\/wp\/v2\/pages\/1011","targetHints":{"allow":["GET"]}}],"collection":[{"href":"https:\/\/solanteq.com\/es\/wp-json\/wp\/v2\/pages"}],"about":[{"href":"https:\/\/solanteq.com\/es\/wp-json\/wp\/v2\/types\/page"}],"author":[{"embeddable":true,"href":"https:\/\/solanteq.com\/es\/wp-json\/wp\/v2\/users\/3"}],"replies":[{"embeddable":true,"href":"https:\/\/solanteq.com\/es\/wp-json\/wp\/v2\/comments?post=1011"}],"version-history":[{"count":5,"href":"https:\/\/solanteq.com\/es\/wp-json\/wp\/v2\/pages\/1011\/revisions"}],"predecessor-version":[{"id":1650,"href":"https:\/\/solanteq.com\/es\/wp-json\/wp\/v2\/pages\/1011\/revisions\/1650"}],"wp:attachment":[{"href":"https:\/\/solanteq.com\/es\/wp-json\/wp\/v2\/media?parent=1011"}],"curies":[{"name":"wp","href":"https:\/\/api.w.org\/{rel}","templated":true}]}}