{"id":1013,"date":"2025-06-04T09:54:42","date_gmt":"2025-06-04T09:54:42","guid":{"rendered":"https:\/\/solanteq.web-design.ee\/solar-pos-handler\/"},"modified":"2025-06-12T11:42:19","modified_gmt":"2025-06-12T11:42:19","slug":"solar-pos-handler","status":"publish","type":"page","link":"https:\/\/solanteq.com\/es\/solar-pos-handler\/","title":{"rendered":"SOLAR POS Handler"},"content":{"rendered":"<div class=\"wpb-content-wrapper\"><p>[vc_row][vc_column][vc_raw_html css=\u00bb.vc_custom_1749463450573{margin-bottom: 0px !important;}\u00bb el_class=\u00bbbreadcrumbs\u00bb]JTNDYSUyMGhyZWYlM0QlMjIlMkYlMjIlM0VIb21lJTNDJTJGYSUzRSUyMCU3QyUyMFByb2R1Y3RvcyUyMCU3QyUyMCUzQ3NwYW4lM0VTT0xBUiUyMFBPUyUyMEhhbmRsZXIlM0MlMkZzcGFuJTNF[\/vc_raw_html][\/vc_column][\/vc_row][vc_row css=\u00bb.vc_custom_1747922304231{border-color: #FF0000 !important;}\u00bb][vc_column][vc_empty_space height=\u00bb40px\u00bb][vc_custom_heading text=\u00bb<b>SOLAR<\/b> POS Handler \u2014 refuerzo del comercio minorista\u00bb font_container=\u00bbtag:h1|font_size:64px|text_align:left|color:%23424D59|line_height:84px\u00bb use_theme_fonts=\u00bbyes\u00bb css=\u00bb.vc_custom_1749463462544{margin-bottom: 0px !important;margin-left: -5px !important;}\u00bb el_class=\u00bbheading-big\u00bb][vc_empty_space height=\u00bb25px\u00bb][vc_custom_heading text=\u00bbSOLAR POS Handler es un sistema de procesamiento de pagos flexible y personalizable que refuerza su negocio con una plataforma de gesti\u00f3n de TPV fiable y vers\u00e1til. La soluci\u00f3n ampl\u00eda las prestaciones actuales de la red TPV y es compatible con las \u00faltimas innovaciones en los sistemas TPV, que pueden adaptarse a sus necesidades.\u00bb font_container=\u00bbtag:p|font_size:20px|text_align:left|color:%23424D59|line_height:28px\u00bb use_theme_fonts=\u00bbyes\u00bb css=\u00bb.vc_custom_1749463477135{margin-bottom: 0px !important;}\u00bb el_class=\u00bbweight-light\u00bb][vc_empty_space height=\u00bb50px\u00bb][\/vc_column][\/vc_row][vc_row full_width=\u00bbstretch_row\u00bb css=\u00bb.vc_custom_1748962391931{padding-top: 100px !important;padding-bottom: 100px !important;background-color: #424D59 !important;background-position: center !important;background-repeat: no-repeat !important;background-size: cover !important;}\u00bb el_class=\u00bbdisable-row-overflow page-under-video-block\u00bb][vc_column][vc_custom_heading text=\u00bbVERS\u00c1TIL Y T\u00c9CNICAMENTE AVANZADO\u00bb font_container=\u00bbtag:h2|font_size:36px|text_align:left|color:%23FFFFFF|line_height:44px\u00bb use_theme_fonts=\u00bbyes\u00bb css=\u00bb\u00bb el_class=\u00bbheading-big page-bits-title\u00bb][vc_empty_space height=\u00bb20px\u00bb][vc_column_text css=\u00bb\u00bb]<span style=\"color: #ffffff;\">SOLAR POS Handler es una soluci\u00f3n con una gran variedad de funciones que integra todas las caracter\u00edsticas de los sistemas TPV m\u00e1s avanzados:<\/span>[\/vc_column_text][vc_empty_space height=\u00bb20px\u00bb][vc_empty_space height=\u00bb20px\u00bb][vc_row_inner css=\u00bb.vc_custom_1748967280488{border-top-width: 1px !important;border-right-width: 1px !important;border-bottom-width: 1px !important;border-left-width: 1px !important;padding-top: 40px !important;padding-right: 30px !important;padding-bottom: 40px !important;padding-left: 30px !important;background-color: #515D6A !important;border-radius: 20px !important;border-color: #515D6A !important;}\u00bb][vc_column_inner][vc_raw_html css=\u00bb\u00bb el_class=\u00bbbits-of-functionality much-text bulletlist\u00bb]Y29tcGF0aWJpbGlkYWQlMjBjb24lMjB2YXJpb3MlMjBwcm90b2NvbG9zJTIweSUyMHRpcG9zJTIwZGUlMjBUUFYlM0I=[\/vc_raw_html][vc_raw_html css=\u00bb\u00bb el_class=\u00bbbits-of-functionality much-text bulletlist\u00bb]YWNlcHRhY2klQzMlQjNuJTIwZGUlMjBtJUMzJUJBbHRpcGxlcyUyMHRpcG9zJTIwZGUlMjB0YXJqZXRhcyUyMHklMjBvdHJhcyUyMGhlcnJhbWllbnRhcyUyMGRlJTIwcGFnbyUzQg==[\/vc_raw_html][vc_raw_html css=\u00bb\u00bb el_class=\u00bbbits-of-functionality much-text bulletlist\u00bb]aW50ZWdyYWNpJUMzJUIzbiUyMGNvbiUyMHNpc3RlbWFzJTIwZGUlMjBmaWRlbGl6YWNpJUMzJUIzbiUzQg==[\/vc_raw_html][vc_raw_html css=\u00bb\u00bb el_class=\u00bbbits-of-functionality much-text bulletlist\u00bb]bXVsdGlkaXZpc2ElMjBjb24lMjBjb252ZXJzaSVDMyVCM24lMjBkaW4lQzMlQTFtaWNhJTNC[\/vc_raw_html][vc_raw_html css=\u00bb\u00bb el_class=\u00bbbits-of-functionality much-text bulletlist\u00bb]aW5mb3JtZXMlMjBkZXRhbGxhZG9zJTJDJTIwY29uJTIwbGElMjBjYXBhY2lkYWQlMjBkZSUyMHJldmlzYXIlMjB5JTIwZGVzYXJyb2xsYXIlMjBudWV2b3MlMjBpbmZvcm1lcyUyMGRlJTIwZm9ybWElMjBpbmRlcGVuZGllbnRlJTNC[\/vc_raw_html][vc_raw_html css=\u00bb\u00bb el_class=\u00bbbits-of-functionality much-text bulletlist\u00bb]YXBveW8lMjBwYXJhJTIwbGElMjB0cmFuc2ZlcmVuY2lhJTIwZGUlMjBpbmZvcm1hY2klQzMlQjNuJTIwYW1wbGlhZGElMjAlMjhjYXJyaXRvJTIwZGUlMjBsYXMlMjBjb21wcmElMkMlMjBpbmZvcm1hY2klQzMlQjNuJTIwZGUlMjBwYWdvJTJDJTIwZXRjLiUyOSUzQg==[\/vc_raw_html][vc_raw_html css=\u00bb\u00bb el_class=\u00bbbits-of-functionality much-text bulletlist\u00bb]cGFnb3MlMjBjb24lMjBjJUMzJUIzZGlnbyUyMFFSJTNC[\/vc_raw_html][vc_raw_html css=\u00bb\u00bb el_class=\u00bbbits-of-functionality much-text bulletlist\u00bb]Y29uY2lsaWFjaW9uZXMlMjBhbCUyMGZpbmFsJTIwZGVsJTIwZCVDMyVBRGElMjB5JTIwYSUyMGxhJTIwY2FydGEu[\/vc_raw_html][\/vc_column_inner][\/vc_row_inner][vc_empty_space height=\u00bb40px\u00bb][vc_column_text css=\u00bb\u00bb]<span style=\"color: #ffffff;\">Adem\u00e1s, SOLAR POS Handler facilita el proceso de pago gracias a las tecnolog\u00edas m\u00e1s avanzadas:<\/span>[\/vc_column_text][vc_empty_space height=\u00bb40px\u00bb][vc_row_inner css=\u00bb.vc_custom_1748967280488{border-top-width: 1px !important;border-right-width: 1px !important;border-bottom-width: 1px !important;border-left-width: 1px !important;padding-top: 40px !important;padding-right: 30px !important;padding-bottom: 40px !important;padding-left: 30px !important;background-color: #515D6A !important;border-radius: 20px !important;border-color: #515D6A !important;}\u00bb][vc_column_inner][vc_raw_html css=\u00bb\u00bb el_class=\u00bbbits-of-functionality much-text bulletlist\u00bb]c29wb3J0ZSUyMGRlJTIwVFBWJTIwZGUlMjBBbmRyb2lkJTNC[\/vc_raw_html][vc_raw_html css=\u00bb\u00bb el_class=\u00bbbits-of-functionality much-text bulletlist\u00bb]cG9ydGFsJTIwd2ViJTIweSUyMGFwbGljYWNpJUMzJUIzbiUyMG0lQzMlQjN2aWwlMjBwYXJhJTIwbG9zJTIwY29tZXJjaW9zJTIwJTI4U09MQVIlMjBNZXJjaGFudCUyMFBvcnRhbCUyOSUzQg==[\/vc_raw_html][vc_raw_html css=\u00bb\u00bb el_class=\u00bbbits-of-functionality much-text bulletlist\u00bb]bSVDMyVCQWx0aXBsZXMlMjBNQ0MlMjAlMjhjJUMzJUIzZGlnb3MlMjBkZSUyMGNhdGVnb3IlQzMlQURhJTIwZGUlMjBjb21lcmNpYW50ZSUyOSUyMHZpcnR1YWxlcyUyMGVuJTIwdW4lMjBkaXNwb3NpdGl2byUyMFRQViUyMGYlQzMlQURzaWNvJTNC[\/vc_raw_html][vc_raw_html css=\u00bb\u00bb el_class=\u00bbbits-of-functionality much-text bulletlist\u00bb]Y2FyZ2ElMjByZW1vdGElMjBkZSUyMGNsYXZlcyUzQg==[\/vc_raw_html][vc_raw_html css=\u00bb\u00bb el_class=\u00bbbits-of-functionality much-text bulletlist\u00bb]aGVycmFtaWVudGFzJTIwaW50ZWdyYWRhcyUyMHBhcmElMjBsYXMlMjBwcnVlYmFzJTIwZGUlMjByZWdyZXNpJUMzJUIzbiUyMHklMjByZW5kaW1pZW50byUzQg==[\/vc_raw_html][vc_raw_html css=\u00bb\u00bb el_class=\u00bbbits-of-functionality much-text bulletlist\u00bb]aW50ZXJhY2NpJUMzJUIzbiUyMGNvbiUyMGxvcyUyMFRQViUyMHV0aWxpemFuZG8lMjBwcm90b2NvbG9zJTIwJTIyY2wlQzMlQTFzaWNvcyUyMiUyMCUyOElTTzg1ODMlMjklMjB5JTIwY2FwYWNpZGFkJTIwZGUlMjBjb25lY3RhcnNlJTIwYSUyMHRyYXYlQzMlQTlzJTIwZGUlMjBYTUwlMkZKU09OJTNC[\/vc_raw_html][vc_raw_html css=\u00bb\u00bb el_class=\u00bbbits-of-functionality much-text bulletlist\u00bb]Z2VzdGklQzMlQjNuJTIwZGUlMjBpbnZlbnRhcmlvcy4=[\/vc_raw_html][\/vc_column_inner][\/vc_row_inner][vc_empty_space height=\u00bb40px\u00bb][vc_custom_heading text=\u00bbDISE\u00d1ADO PARA SER FLEXIBLE\u00bb font_container=\u00bbtag:h2|font_size:36px|text_align:left|color:%23FFFFFF|line_height:44px\u00bb use_theme_fonts=\u00bbyes\u00bb css=\u00bb\u00bb el_class=\u00bbheading-big page-bits-title\u00bb][vc_empty_space height=\u00bb40px\u00bb][vc_column_text css=\u00bb\u00bb]<span style=\"color: #ffffff;\">Al igual que otros productos SOLAR, SOLAR POS Handler es escalable horizontalmente. El m\u00f3dulo puede lanzarse en la plataforma b\u00e1sica x86 y a\u00f1adir nodos para ampliarlo a medida que su negocio crece.<\/span><\/p>\n<p><span style=\"color: #ffffff;\">SOLAR POS Handler ofrece una gran variedad de posibilidades de personalizaci\u00f3n y permite a los adquirentes configurar una soluci\u00f3n ideal para el entorno minorista de forma r\u00e1pida y sencilla.<\/span>[\/vc_column_text][vc_empty_space height=\u00bb40px\u00bb][vc_custom_heading text=\u00bbF\u00c1CIL LANZAMIENTO E INTEGRACI\u00d3N CON CUALQUIER SISTEMA\u00bb font_container=\u00bbtag:h2|font_size:36px|text_align:left|color:%23FFFFFF|line_height:44px\u00bb use_theme_fonts=\u00bbyes\u00bb css=\u00bb\u00bb el_class=\u00bbheading-big page-bits-title\u00bb][vc_empty_space height=\u00bb40px\u00bb][vc_row_inner css=\u00bb.vc_custom_1748967280488{border-top-width: 1px !important;border-right-width: 1px !important;border-bottom-width: 1px !important;border-left-width: 1px !important;padding-top: 40px !important;padding-right: 30px !important;padding-bottom: 40px !important;padding-left: 30px !important;background-color: #515D6A !important;border-radius: 20px !important;border-color: #515D6A !important;}\u00bb][vc_column_inner][vc_raw_html css=\u00bb\u00bb el_class=\u00bbbits-of-functionality much-text bulletlist\u00bb]SW5zdGFsYWNpJUMzJUIzbiUyQyUyMGludGVncmFjaSVDMyVCM24lMjB5JTIwbGFuemFtaWVudG8lMjBlbiUyMDItNCUyMG1lc2VzLg==[\/vc_raw_html][vc_raw_html css=\u00bb\u00bb el_class=\u00bbbits-of-functionality much-text bulletlist\u00bb]Q2FwYWNpZGFkJTIwZGUlMjB0cmFiYWphciUyMGVuJTIwc2Vydmlkb3JlcyUyMHNpbXBsZXMlMjB5JTIwdmlydHVhbGl6YWNpJUMzJUIzbi4=[\/vc_raw_html][vc_raw_html css=\u00bb\u00bb el_class=\u00bbbits-of-functionality much-text bulletlist\u00bb]UmVxdWlzaXRvcyUyMG0lQzMlQURuaW1vcyUyMGRlJTIwaGFyZHdhcmUlMjB5JTIwc29mdHdhcmUu[\/vc_raw_html][vc_raw_html css=\u00bb\u00bb el_class=\u00bbbits-of-functionality much-text bulletlist\u00bb]UHJvY2Vzb3MlMjBpbm5vdmFkb3JlcyUyMHklMjBwZXJzb25hbGl6YWJsZXMlMjB5JTIwaW50ZXJmYWNlcyUyMGxpc3RhcyUyMHBhcmElMjBlbCUyMGxhbnphbWllbnRvLg==[\/vc_raw_html][vc_raw_html css=\u00bb\u00bb el_class=\u00bbbits-of-functionality much-text bulletlist\u00bb]SW50ZWdyYWNpJUMzJUIzbiUyMGYlQzMlQTFjaWwlMjBjb24lMjB0b2RvcyUyMHN1cyUyMHByb2R1Y3Rvcy4=[\/vc_raw_html][\/vc_column_inner][\/vc_row_inner][vc_empty_space height=\u00bb40px\u00bb][vc_single_image image=\u00bb1280&#8243; img_size=\u00bbfull\u00bb alignment=\u00bbcenter\u00bb css=\u00bb.vc_custom_1749463922871{padding-top: 20px !important;padding-right: 20px !important;padding-bottom: 20px !important;padding-left: 20px !important;background-color: #FFFFFF !important;}\u00bb el_class=\u00bbborder-radius20&#8243;][vc_empty_space height=\u00bb40px\u00bb][vc_row_inner equal_height=\u00bbyes\u00bb content_placement=\u00bbmiddle\u00bb css=\u00bb.vc_custom_1748968639058{border-top-width: 1px !important;border-right-width: 1px !important;border-bottom-width: 1px !important;border-left-width: 1px !important;padding-top: 40px !important;padding-bottom: 40px !important;background-color: #E8432D !important;border-left-style: solid !important;border-right-style: solid !important;border-top-style: solid !important;border-bottom-style: solid !important;border-radius: 20px !important;border-color: #E8432D !important;}\u00bb][vc_column_inner el_class=\u00bbbenefit-icon-col\u00bb width=\u00bb1\/6&#8243;][vc_empty_space height=\u00bb30px\u00bb el_class=\u00bbmobile-off\u00bb][vc_icon icon_fontawesome=\u00bbfa fa-regular fa-lightbulb\u00bb color=\u00bbwhite\u00bb size=\u00bbxl\u00bb align=\u00bbcenter\u00bb css=\u00bb\u00bb][\/vc_column_inner][vc_column_inner el_class=\u00bbbenefit-content-col\u00bb width=\u00bb5\/6&#8243; css=\u00bb.vc_custom_1748968779705{padding-right: 50px !important;padding-left: 50px !important;}\u00bb][vc_column_text css=\u00bb\u00bb]<span style=\"color: #ffffff;\">Solanteq, desarrollador de la plataforma SOLAR, especializa en la creaci\u00f3n de componentes innovadores que se utilizan para crear soluciones de pago y aplicaciones digitales. Los productos de software SOLAR son f\u00e1cilmente escalables, se integran de forma nativa en los entornos de nube, ofrecen la m\u00e1xima tolerancia a fallos y pueden suministrarse como contenedores personalizables de forma flexible a petici\u00f3n del cliente. La plataforma SOLAR es universal para el desarrollo de negocio de banca minorista y compa\u00f1\u00edas de procesamiento.<\/span>[\/vc_column_text][\/vc_column_inner][\/vc_row_inner][vc_empty_space height=\u00bb40px\u00bb][vc_custom_heading text=\u00bbFIABLE E INTELIGENTE\u00bb font_container=\u00bbtag:h2|font_size:36px|text_align:left|color:%23FFFFFF|line_height:44px\u00bb use_theme_fonts=\u00bbyes\u00bb css=\u00bb\u00bb el_class=\u00bbheading-big page-bits-title\u00bb][vc_empty_space height=\u00bb20px\u00bb][vc_column_text css=\u00bb\u00bb]<span style=\"color: #ffffff;\">SOLAR POS Handler puede combinarse con SOLAR Acquiring. El resultado es una soluci\u00f3n vers\u00e1til de procesamiento de transacciones y de back office que le ayudar\u00e1 a realizar el seguimiento de las tarifas, le facilitar\u00e1 la configuraci\u00f3n de l\u00edmites ajustables y realiza liquidaciones flexibles con los comerciantes, incluida la liquidaci\u00f3n por grupo de terminales y otros canales de adquisici\u00f3n.<\/span><\/p>\n<p><span style=\"color: #ffffff;\">La combinaci\u00f3n con SOLAR Loyalty aumentar\u00e1 el inter\u00e9s de los clientes y le permitir\u00e1 poner en marcha programas de fidelizaci\u00f3n personalizados con la opci\u00f3n de ofrecer descuentos y promociones diferentes para cada categor\u00eda de tarjetas y clientes, acumular puntos y usarlos para las compras en l\u00ednea, y unirse a programas de afiliados.<\/span><\/p>\n<p><span style=\"color: #ffffff;\">Al ser compatible con varios protocolos, SOLAR POS Handler puede integrarse con todo tipo de TPV, incluidos los \u00faltimos sistemas de tel\u00e9fonos inteligentes y tabletas (punto de venta m\u00f3vil), lo que permite intercambiar datos ampliados durante las transacciones. El m\u00f3dulo ayudar\u00e1 a las empresas a conocer mejor a sus clientes: sus tiendas favoritas o incluso su lista de compras. Gracias a la gesti\u00f3n de las transacciones omnicanal y al acceso a los datos de ventas, los adquirentes pueden ofrecer a los comerciantes unas condiciones contractuales atractivas y visibilidad de sus operaciones minoristas.<\/span>[\/vc_column_text][vc_empty_space height=\u00bb20px\u00bb][vc_custom_heading text=\u00bbPARA EL PROCESAMIENTO DE PAGOS SEGURO\u00bb font_container=\u00bbtag:h2|font_size:36px|text_align:left|color:%23FFFFFF|line_height:44px\u00bb use_theme_fonts=\u00bbyes\u00bb css=\u00bb\u00bb el_class=\u00bbheading-big page-bits-title\u00bb][vc_empty_space height=\u00bb20px\u00bb][vc_row_inner css=\u00bb.vc_custom_1748969047907{border-top-width: 1px !important;border-right-width: 1px !important;border-bottom-width: 1px !important;border-left-width: 1px !important;padding-top: 40px !important;padding-right: 30px !important;padding-bottom: 40px !important;padding-left: 30px !important;background-color: #515D6A !important;border-radius: 20px !important;border-color: #515D6A !important;}\u00bb][vc_column_inner][vc_raw_html css=\u00bb\u00bb el_class=\u00bbbits-of-functionality much-text bulletlist\u00bb]QWRtaXRlJTIwSFNNJTIwJTI4bSVDMyVCM2R1bG9zJTIwZGUlMjBzZWd1cmlkYWQlMjBkZSUyMGhhcmR3YXJlJTI5JTJDJTIwaW50ZXJjYW1iaW8lMjBkZSUyMGRhdG9zJTIwZW5jcmlwdGFkb3MlMjB5JTIwY2FyZ2ElMjByZW1vdGElMjBkZSUyMGNsYXZlcy4=[\/vc_raw_html][vc_raw_html css=\u00bb\u00bb el_class=\u00bbbits-of-functionality much-text bulletlist\u00bb]UGVyc29uYWxpemFjaSVDMyVCM24lMjBkZSUyMGxvcyUyMGRhdG9zJTIwbW9zdHJhZG9zJTIwZW4lMjBsYSUyMGludGVyZmF6JTIwZGUlMjB1c3VhcmlvJTIwZGVwZW5kaWVuZG8lMjBkZSUyMGxvcyUyMGRpZmVyZW50ZXMlMjBuaXZlbGVzJTIwZGUlMjBhY2Nlc28u[\/vc_raw_html][vc_raw_html css=\u00bb\u00bb el_class=\u00bbbits-of-functionality much-text bulletlist\u00bb]TGElMjBpbnRlZ3JhY2klQzMlQjNuJTIwbmF0aXZhJTIweSUyMGxhJTIwY29tcGF0aWJpbGlkYWQlMjBjb24lMjBTT0xBUiUyMEZyYXVkJTIwUHJldmVudGlvbiUyMGFzZWd1cmFuJTIwdW5hJTIwcHJvdGVjY2klQzMlQjNuJTIwZmlhYmxlJTIwY29udHJhJTIwbGFzJTIwYWN0aXZpZGFkZXMlMjBmcmF1ZHVsZW50YXMu[\/vc_raw_html][\/vc_column_inner][\/vc_row_inner][vc_empty_space height=\u00bb40px\u00bb][vc_custom_heading text=\u00bbUN FIEL AYUDANTE EN EL MUNDO DE LOS PAGOS AL POR MENOR\u00bb font_container=\u00bbtag:h2|font_size:36px|text_align:left|color:%23FFFFFF|line_height:44px\u00bb use_theme_fonts=\u00bbyes\u00bb css=\u00bb\u00bb el_class=\u00bbheading-big page-bits-title\u00bb][vc_empty_space height=\u00bb20px\u00bb][vc_column_text css=\u00bb\u00bb]<span style=\"color: #ffffff;\">SOLAR POS Handler tiene como objetivo proporcionar la m\u00e1xima flexibilidad en el procesamiento de pagos. La soluci\u00f3n se conecta f\u00e1cilmente con otros sistemas, reduce los tiempos de pago, es compatible con varios tipos de TPV, satisface sus necesidades actuales y le permite a\u00f1adir funciones adicionales a medida que su negocio crece.<\/span><\/p>\n<p><span style=\"color: #ffffff;\">SOLAR POS Handler proporciona una gran experiencia de compra tanto a los comerciantes como a los clientes.<\/span>[\/vc_column_text][\/vc_column][\/vc_row][vc_row full_width=\u00bbstretch_row\u00bb equal_height=\u00bbyes\u00bb content_placement=\u00bbmiddle\u00bb css=\u00bb.vc_custom_1748969789929{margin-bottom: -40px !important;padding-top: 30px !important;padding-bottom: 30px !important;background-color: #E8432D !important;}\u00bb][vc_column width=\u00bb1\/6&#8243; css=\u00bb.vc_custom_1748443670093{border-color: #FFFFFF !important;}\u00bb el_class=\u00bbbenefit-icon-col\u00bb][vc_empty_space height=\u00bb30px\u00bb el_class=\u00bbmobile-off\u00bb][vc_icon icon_fontawesome=\u00bbfa fa-regular fa-envelope-open\u00bb color=\u00bbwhite\u00bb size=\u00bbxl\u00bb align=\u00bbcenter\u00bb css=\u00bb\u00bb][\/vc_column][vc_column width=\u00bb5\/6&#8243; el_class=\u00bbbenefit-content-col\u00bb][vc_custom_heading text=\u00bbEstamos convencidos de que SOLAR POS Handler mantendr\u00e1 el sistema de gesti\u00f3n de los TPV al d\u00eda con las \u00faltimas tendencias.\u00bb font_container=\u00bbtag:h3|font_size:32px|text_align:left|color:%23FFFFFF|line_height:34px\u00bb use_theme_fonts=\u00bbyes\u00bb css=\u00bb.vc_custom_1749464115749{margin-bottom: 10px !important;}\u00bb el_class=\u00bbweight-regular\u00bb][vc_custom_heading text=\u00bb\u00a1Contacte con nosotros! Estaremos encantados de organizar una demostraci\u00f3n para responder a todas sus preguntas en detalle.\u00bb font_container=\u00bbtag:p|font_size:20px|text_align:left|color:%23FFFFFF|line_height:28px\u00bb use_theme_fonts=\u00bbyes\u00bb css=\u00bb.vc_custom_1749464127140{margin-bottom: 10px !important;}\u00bb][vc_empty_space height=\u00bb30px\u00bb][vc_btn title=\u00bbContacte Con Nosotros\u00bb style=\u00bbcustom\u00bb custom_background=\u00bb#E8432D\u00bb custom_text=\u00bb#FFFFFF\u00bb shape=\u00bbround\u00bb size=\u00bblg\u00bb align=\u00bbleft\u00bb css=\u00bb.vc_custom_1749728538076{margin-bottom: 0px !important;border-color: #FFFFFF !important;}\u00bb link=\u00bburl:%23&#8243; el_class=\u00bbbutton-red-bg popmake-1553&#8243;][\/vc_column][\/vc_row]<\/p>\n<\/div>","protected":false},"excerpt":{"rendered":"<p>[vc_row][vc_column][vc_raw_html css=\u00bb.vc_custom_1749463450573{margin-bottom: 0px !important;}\u00bb el_class=\u00bbbreadcrumbs\u00bb]JTNDYSUyMGhyZWYlM0QlMjIlMkYlMjIlM0VIb21lJTNDJTJGYSUzRSUyMCU3QyUyMFByb2R1Y3RvcyUyMCU3QyUyMCUzQ3NwYW4lM0VTT0xBUiUyMFBPUyUyMEhhbmRsZXIlM0MlMkZzcGFuJTNF[\/vc_raw_html][\/vc_column][\/vc_row][vc_row css=\u00bb.vc_custom_1747922304231{border-color: #FF0000 !important;}\u00bb][vc_column][vc_empty_space height=\u00bb40px\u00bb][vc_custom_heading text=\u00bbSOLAR POS Handler \u2014 refuerzo del comercio minorista\u00bb font_container=\u00bbtag:h1|font_size:64px|text_align:left|color:%23424D59|line_height:84px\u00bb use_theme_fonts=\u00bbyes\u00bb css=\u00bb.vc_custom_1749463462544{margin-bottom: 0px !important;margin-left: -5px !important;}\u00bb el_class=\u00bbheading-big\u00bb][vc_empty_space height=\u00bb25px\u00bb][vc_custom_heading text=\u00bbSOLAR POS Handler es un sistema de procesamiento de pagos flexible y personalizable que refuerza su negocio con una plataforma de gesti\u00f3n de TPV fiable y vers\u00e1til. La soluci\u00f3n &#8230; <a title=\"SOLAR POS Handler\" class=\"read-more\" href=\"https:\/\/solanteq.com\/es\/solar-pos-handler\/\" aria-label=\"Leer m\u00e1s sobre SOLAR POS Handler\">Read more<\/a><\/p>\n","protected":false},"author":3,"featured_media":0,"parent":0,"menu_order":0,"comment_status":"closed","ping_status":"closed","template":"","meta":{"footnotes":""},"class_list":["post-1013","page","type-page","status-publish"],"_links":{"self":[{"href":"https:\/\/solanteq.com\/es\/wp-json\/wp\/v2\/pages\/1013","targetHints":{"allow":["GET"]}}],"collection":[{"href":"https:\/\/solanteq.com\/es\/wp-json\/wp\/v2\/pages"}],"about":[{"href":"https:\/\/solanteq.com\/es\/wp-json\/wp\/v2\/types\/page"}],"author":[{"embeddable":true,"href":"https:\/\/solanteq.com\/es\/wp-json\/wp\/v2\/users\/3"}],"replies":[{"embeddable":true,"href":"https:\/\/solanteq.com\/es\/wp-json\/wp\/v2\/comments?post=1013"}],"version-history":[{"count":2,"href":"https:\/\/solanteq.com\/es\/wp-json\/wp\/v2\/pages\/1013\/revisions"}],"predecessor-version":[{"id":1653,"href":"https:\/\/solanteq.com\/es\/wp-json\/wp\/v2\/pages\/1013\/revisions\/1653"}],"wp:attachment":[{"href":"https:\/\/solanteq.com\/es\/wp-json\/wp\/v2\/media?parent=1013"}],"curies":[{"name":"wp","href":"https:\/\/api.w.org\/{rel}","templated":true}]}}