{"id":1019,"date":"2025-06-03T15:57:22","date_gmt":"2025-06-03T15:57:22","guid":{"rendered":"https:\/\/solanteq.web-design.ee\/certification-migration-and-maintenance\/"},"modified":"2025-06-12T11:23:39","modified_gmt":"2025-06-12T11:23:39","slug":"certification-migration-and-maintenance","status":"publish","type":"page","link":"https:\/\/solanteq.com\/es\/certification-migration-and-maintenance\/","title":{"rendered":"Certificaci\u00f3n, migraci\u00f3n y mantenimiento"},"content":{"rendered":"<div class=\"wpb-content-wrapper\"><p>[vc_row][vc_column][vc_raw_html css=\u00bb.vc_custom_1749563404140{margin-bottom: 0px !important;}\u00bb el_class=\u00bbbreadcrumbs\u00bb]JTNDYSUyMGhyZWYlM0QlMjIlMkYlMjIlM0VIb21lJTNDJTJGYSUzRSUyMCU3QyUyMCUzQ3NwYW4lM0VDZXJ0aWZpY2FjaSVDMyVCM24lMkMlMjBtaWdyYWNpJUMzJUIzbiUyMHklMjBtYW50ZW5pbWllbnRvJTNDJTJGc3BhbiUzRQ==[\/vc_raw_html][\/vc_column][\/vc_row][vc_row css=\u00bb.vc_custom_1747922304231{border-color: #FF0000 !important;}\u00bb][vc_column][vc_empty_space height=\u00bb40px\u00bb][vc_custom_heading text=\u00bbCertificaci\u00f3n, migraci\u00f3n y mantenimiento\u00bb font_container=\u00bbtag:h1|font_size:64px|text_align:left|color:%23424D59|line_height:84px\u00bb use_theme_fonts=\u00bbyes\u00bb css=\u00bb.vc_custom_1749563420414{margin-bottom: 0px !important;margin-left: -5px !important;}\u00bb el_class=\u00bbheading-big\u00bb][vc_empty_space height=\u00bb50px\u00bb][\/vc_column][\/vc_row][vc_row full_width=\u00bbstretch_row\u00bb css=\u00bb.vc_custom_1748962391931{padding-top: 100px !important;padding-bottom: 100px !important;background-color: #424D59 !important;background-position: center !important;background-repeat: no-repeat !important;background-size: cover !important;}\u00bb el_class=\u00bbdisable-row-overflow page-under-video-block\u00bb][vc_column][vc_raw_html css=\u00bb\u00bb el_class=\u00bbbits-of-functionality much-text bulletlist\u00bb]TWFzdGVyQ2FyZCUzQSUyME1USVAlMkMlMjBOSVY=[\/vc_raw_html][vc_raw_html css=\u00bb\u00bb el_class=\u00bbbits-of-functionality much-text bulletlist\u00bb]VmlzYSUzQSUyMEFEVFYlMkMlMjBwcnVlYmFzJTIwZGUlMjBvcmlnZW4lMkMlMjBwcnVlYmFzJTIwZGUlMjBjb21vZGlkYWQ=[\/vc_raw_html][vc_raw_html css=\u00bb\u00bb el_class=\u00bbbits-of-functionality much-text bulletlist\u00bb]QU1FWCUzQSUyMENlcnRpZmljYWNpJUMzJUIzbiUyMGRlJTIwbGElMjByZWQ=[\/vc_raw_html][vc_raw_html css=\u00bb\u00bb el_class=\u00bbbits-of-functionality much-text bulletlist\u00bb]SkNCJTIwLSUyMFBydWViYSUyMGRlJTIwY2VydGlmaWNhY2klQzMlQjNuJTIwZGUlMjBsYSUyMGludGVyZmF6JTIwZW4lMjBsJUMzJUFEbmVhJTIweSUyMHBvciUyMGxvdGVz[\/vc_raw_html][vc_raw_html css=\u00bb\u00bb el_class=\u00bbbits-of-functionality much-text bulletlist\u00bb]VW5pb25QYXklM0ElMjBQcnVlYmFzJTIwZnVuY2lvbmFsZXMlMkZkZSUyMGludGVncmFjaSVDMyVCM24=[\/vc_raw_html][vc_raw_html css=\u00bb\u00bb el_class=\u00bbbits-of-functionality much-text bulletlist\u00bb]RGluZXJzJTIwQ2x1YiUyMEludGVybmF0aW9uYWwlM0ElMjBQcnVlYmFzJTIwZGUlMjBleHRyZW1vJTIwYSUyMGV4dHJlbW8lMjAlMjhFMkUlMjk=[\/vc_raw_html][\/vc_column][\/vc_row][vc_row full_width=\u00bbstretch_row\u00bb equal_height=\u00bbyes\u00bb content_placement=\u00bbmiddle\u00bb css=\u00bb.vc_custom_1748342848647{margin-bottom: -40px !important;padding-top: 30px !important;padding-bottom: 30px !important;background-color: #E8432D !important;}\u00bb][vc_column width=\u00bb1\/6&#8243; css=\u00bb.vc_custom_1748443670093{border-color: #FFFFFF !important;}\u00bb el_class=\u00bbbenefit-icon-col\u00bb][vc_empty_space height=\u00bb30px\u00bb el_class=\u00bbmobile-off\u00bb][vc_single_image image=\u00bb507&#8243; img_size=\u00bbfull\u00bb alignment=\u00bbcenter\u00bb css=\u00bb\u00bb][vc_empty_space height=\u00bb30px\u00bb el_class=\u00bbmobile-off\u00bb][\/vc_column][vc_column width=\u00bb5\/6&#8243; el_class=\u00bbbenefit-content-col\u00bb][vc_custom_heading text=\u00bbSOLAR Transaction Processing suite para hacer brillar su negocio\u00bb font_container=\u00bbtag:h3|font_size:32px|text_align:left|color:%23FFFFFF|line_height:34px\u00bb use_theme_fonts=\u00bbyes\u00bb css=\u00bb.vc_custom_1749563492551{margin-bottom: 10px !important;}\u00bb el_class=\u00bbweight-regular\u00bb][vc_empty_space height=\u00bb30px\u00bb][vc_btn title=\u00bbCont\u00e1ctenos\u00bb style=\u00bbcustom\u00bb custom_background=\u00bb#E8432D\u00bb custom_text=\u00bb#FFFFFF\u00bb shape=\u00bbround\u00bb size=\u00bblg\u00bb align=\u00bbleft\u00bb css=\u00bb.vc_custom_1749727418255{margin-bottom: 0px !important;border-color: #FFFFFF !important;}\u00bb link=\u00bburl:%23&#8243; el_class=\u00bbbutton-red-bg popmake-1553&#8243;][\/vc_column][\/vc_row]<\/p>\n<\/div>","protected":false},"excerpt":{"rendered":"<p>[vc_row][vc_column][vc_raw_html css=\u00bb.vc_custom_1749563404140{margin-bottom: 0px !important;}\u00bb el_class=\u00bbbreadcrumbs\u00bb]JTNDYSUyMGhyZWYlM0QlMjIlMkYlMjIlM0VIb21lJTNDJTJGYSUzRSUyMCU3QyUyMCUzQ3NwYW4lM0VDZXJ0aWZpY2FjaSVDMyVCM24lMkMlMjBtaWdyYWNpJUMzJUIzbiUyMHklMjBtYW50ZW5pbWllbnRvJTNDJTJGc3BhbiUzRQ==[\/vc_raw_html][\/vc_column][\/vc_row][vc_row css=\u00bb.vc_custom_1747922304231{border-color: #FF0000 !important;}\u00bb][vc_column][vc_empty_space height=\u00bb40px\u00bb][vc_custom_heading text=\u00bbCertificaci\u00f3n, migraci\u00f3n y mantenimiento\u00bb font_container=\u00bbtag:h1|font_size:64px|text_align:left|color:%23424D59|line_height:84px\u00bb use_theme_fonts=\u00bbyes\u00bb css=\u00bb.vc_custom_1749563420414{margin-bottom: 0px !important;margin-left: -5px !important;}\u00bb el_class=\u00bbheading-big\u00bb][vc_empty_space height=\u00bb50px\u00bb][\/vc_column][\/vc_row][vc_row full_width=\u00bbstretch_row\u00bb css=\u00bb.vc_custom_1748962391931{padding-top: 100px !important;padding-bottom: 100px !important;background-color: #424D59 !important;background-position: center !important;background-repeat: no-repeat !important;background-size: cover !important;}\u00bb el_class=\u00bbdisable-row-overflow page-under-video-block\u00bb][vc_column][vc_raw_html css=\u00bb\u00bb el_class=\u00bbbits-of-functionality much-text bulletlist\u00bb]TWFzdGVyQ2FyZCUzQSUyME1USVAlMkMlMjBOSVY=[\/vc_raw_html][vc_raw_html css=\u00bb\u00bb el_class=\u00bbbits-of-functionality much-text bulletlist\u00bb]VmlzYSUzQSUyMEFEVFYlMkMlMjBwcnVlYmFzJTIwZGUlMjBvcmlnZW4lMkMlMjBwcnVlYmFzJTIwZGUlMjBjb21vZGlkYWQ=[\/vc_raw_html][vc_raw_html css=\u00bb\u00bb el_class=\u00bbbits-of-functionality much-text bulletlist\u00bb]QU1FWCUzQSUyMENlcnRpZmljYWNpJUMzJUIzbiUyMGRlJTIwbGElMjByZWQ=[\/vc_raw_html][vc_raw_html css=\u00bb\u00bb el_class=\u00bbbits-of-functionality much-text bulletlist\u00bb]SkNCJTIwLSUyMFBydWViYSUyMGRlJTIwY2VydGlmaWNhY2klQzMlQjNuJTIwZGUlMjBsYSUyMGludGVyZmF6JTIwZW4lMjBsJUMzJUFEbmVhJTIweSUyMHBvciUyMGxvdGVz[\/vc_raw_html][vc_raw_html css=\u00bb\u00bb &#8230; <a title=\"Certificaci\u00f3n, migraci\u00f3n y mantenimiento\" class=\"read-more\" href=\"https:\/\/solanteq.com\/es\/certification-migration-and-maintenance\/\" aria-label=\"Leer m\u00e1s sobre Certificaci\u00f3n, migraci\u00f3n y mantenimiento\">Read more<\/a><\/p>\n","protected":false},"author":3,"featured_media":0,"parent":0,"menu_order":0,"comment_status":"closed","ping_status":"closed","template":"","meta":{"footnotes":""},"class_list":["post-1019","page","type-page","status-publish"],"_links":{"self":[{"href":"https:\/\/solanteq.com\/es\/wp-json\/wp\/v2\/pages\/1019","targetHints":{"allow":["GET"]}}],"collection":[{"href":"https:\/\/solanteq.com\/es\/wp-json\/wp\/v2\/pages"}],"about":[{"href":"https:\/\/solanteq.com\/es\/wp-json\/wp\/v2\/types\/page"}],"author":[{"embeddable":true,"href":"https:\/\/solanteq.com\/es\/wp-json\/wp\/v2\/users\/3"}],"replies":[{"embeddable":true,"href":"https:\/\/solanteq.com\/es\/wp-json\/wp\/v2\/comments?post=1019"}],"version-history":[{"count":2,"href":"https:\/\/solanteq.com\/es\/wp-json\/wp\/v2\/pages\/1019\/revisions"}],"predecessor-version":[{"id":1602,"href":"https:\/\/solanteq.com\/es\/wp-json\/wp\/v2\/pages\/1019\/revisions\/1602"}],"wp:attachment":[{"href":"https:\/\/solanteq.com\/es\/wp-json\/wp\/v2\/media?parent=1019"}],"curies":[{"name":"wp","href":"https:\/\/api.w.org\/{rel}","templated":true}]}}