{"id":1023,"date":"2025-06-03T15:49:48","date_gmt":"2025-06-03T15:49:48","guid":{"rendered":"https:\/\/solanteq.web-design.ee\/integration-and-deployment\/"},"modified":"2025-06-12T11:23:23","modified_gmt":"2025-06-12T11:23:23","slug":"integration-and-deployment","status":"publish","type":"page","link":"https:\/\/solanteq.com\/es\/integration-and-deployment\/","title":{"rendered":"Integraci\u00f3n e instalaci\u00f3n"},"content":{"rendered":"<div class=\"wpb-content-wrapper\"><p>[vc_row][vc_column][vc_raw_html css=\u00bb.vc_custom_1749562074964{margin-bottom: 0px !important;}\u00bb el_class=\u00bbbreadcrumbs\u00bb]JTNDYSUyMGhyZWYlM0QlMjIlMkYlMjIlM0VIb21lJTNDJTJGYSUzRSUyMCU3QyUyMCUzQ3NwYW4lM0VJbnRlZ3JhY2klQzMlQjNuJTIwZSUyMGluc3RhbGFjaSVDMyVCM24lM0MlMkZzcGFuJTNF[\/vc_raw_html][\/vc_column][\/vc_row][vc_row css=\u00bb.vc_custom_1747922304231{border-color: #FF0000 !important;}\u00bb][vc_column][vc_empty_space height=\u00bb40px\u00bb][vc_custom_heading text=\u00bbIntegraci\u00f3n e instalaci\u00f3n\u00bb font_container=\u00bbtag:h1|font_size:64px|text_align:left|color:%23424D59|line_height:84px\u00bb use_theme_fonts=\u00bbyes\u00bb css=\u00bb.vc_custom_1749562102746{margin-bottom: 0px !important;margin-left: -5px !important;}\u00bb el_class=\u00bbheading-big\u00bb][vc_empty_space height=\u00bb50px\u00bb][\/vc_column][\/vc_row][vc_row full_width=\u00bbstretch_row\u00bb css=\u00bb.vc_custom_1748962391931{padding-top: 100px !important;padding-bottom: 100px !important;background-color: #424D59 !important;background-position: center !important;background-repeat: no-repeat !important;background-size: cover !important;}\u00bb el_class=\u00bbdisable-row-overflow page-under-video-block\u00bb][vc_column][vc_column_text css=\u00bb\u00bb]<\/p>\n<div class=\"wpb_text_column wpb_content_element\">\n<div class=\"wpb_wrapper\">\n<div class=\"wpb_text_column wpb_content_element color-scheme-light\">\n<div class=\"wpb_wrapper\">\n<p><span style=\"color: #ffffff;\">\u00bfNecesita instalar o sustituir una soluci\u00f3n de pagos con tarjeta o m\u00f3vil? Nuestro equipo puede encargarse de la totalidad o parte del proyecto o programa en coordinaci\u00f3n con otros equipos. Ello conlleva en la pr\u00e1ctica, adem\u00e1s del an\u00e1lisis de los requisitos empresariales y t\u00e9cnicos y la planificaci\u00f3n, instalar un conmutador de transacciones o un sistema que gestione el registro de datos de tarjetas\/m\u00f3viles con toda la configuraci\u00f3n, integraci\u00f3n, migraci\u00f3n y certificaci\u00f3n necesarias.<\/span><\/p>\n<\/div>\n<\/div>\n<\/div>\n<\/div>\n<p>[\/vc_column_text][vc_empty_space height=\u00bb50px\u00bb][vc_custom_heading text=\u00bbTanto si se trata de nuestras propias soluciones de software como de las de terceros, aportaremos los ingredientes m\u00e1s importantes:\u00bb font_container=\u00bbtag:h2|font_size:36px|text_align:left|color:%23FFFFFF|line_height:44px\u00bb use_theme_fonts=\u00bbyes\u00bb css=\u00bb\u00bb el_class=\u00bbheading-big page-bits-title\u00bb][vc_empty_space height=\u00bb20px\u00bb][vc_raw_html css=\u00bb\u00bb el_class=\u00bbbits-of-functionality much-text bulletlist\u00bb]TWV0b2RvbG9nJUMzJUFEYSUyMGElMjBwYXJ0aXIlMjBkZSUyMHVuYSUyMHJpY2ElMjBleHBlcmllbmNpYSUyMGRlJTIwcHJveWVjdG9zJTIwZXhpdG9zb3Mu[\/vc_raw_html][vc_raw_html css=\u00bb\u00bb el_class=\u00bbbits-of-functionality much-text bulletlist\u00bb]Q2FwYWNpZGFkJTIwcGFyYSUyMHRyYWJhamFyJTIwZGUlMjBhY3VlcmRvJTIwY29uJTIwcGFyYWRpZ21hcyUyMG8lMjBtb2RlbG9zJTIwcGFyYSUyMHVuJTIwcHJveWVjdG8lMjBjb25jcmV0by4=[\/vc_raw_html][vc_raw_html css=\u00bb\u00bb el_class=\u00bbbits-of-functionality much-text bulletlist\u00bb]SW50ZWdyYWNpJUMzJUIzbiUyMGVuJTIwbG9zJTIwcHJvY2Vzb3MlMjBkZWwlMjBjbGllbnRlLg==[\/vc_raw_html][vc_raw_html css=\u00bb\u00bb el_class=\u00bbbits-of-functionality much-text bulletlist\u00bb]RXZhbHVhY2klQzMlQjNuJTIwZGUlMjBsYSUyMGNhbGlkYWQlMjB5JTIwbG9zJTIwcmllc2dvcy4=[\/vc_raw_html][vc_raw_html css=\u00bb\u00bb el_class=\u00bbbits-of-functionality much-text bulletlist\u00bb]R2VzdGklQzMlQjNuJTIwcHJvYWN0aXZhJTIwZGVsJTIwcHJveWVjdG8lMjAlMjhxdWUlMjBldml0YSUyMGxhJTIwZ2VzdGklQzMlQjNuJTIwZGUlMjBpbmNpZGVuY2lhcyUyOQ==[\/vc_raw_html][vc_raw_html css=\u00bb\u00bb el_class=\u00bbbits-of-functionality much-text bulletlist\u00bb]Q29udHJvbCUyMHRyYW5zcGFyZW50ZSUyMGRlbCUyMHByb2dyZXNvJTIwYSUyMHRyYXYlQzMlQTlzJTIwZGVsJTIwcG9ydGFsJTIwZGUlMjBwcm95ZWN0b3M=[\/vc_raw_html][vc_raw_html css=\u00bb\u00bb el_class=\u00bbbits-of-functionality much-text bulletlist\u00bb]Q29tYmluYWNpJUMzJUIzbiUyMCVDMyVCM3B0aW1hJTIwZGUlMjBhY3RpdmlkYWRlcyUyMGluJTIwc2l0dSUyRmV4dHJhJTIwc2l0dQ==[\/vc_raw_html][\/vc_column][\/vc_row][vc_row full_width=\u00bbstretch_row\u00bb equal_height=\u00bbyes\u00bb content_placement=\u00bbmiddle\u00bb css=\u00bb.vc_custom_1748342848647{margin-bottom: -40px !important;padding-top: 30px !important;padding-bottom: 30px !important;background-color: #E8432D !important;}\u00bb][vc_column width=\u00bb1\/6&#8243; css=\u00bb.vc_custom_1748443670093{border-color: #FFFFFF !important;}\u00bb el_class=\u00bbbenefit-icon-col\u00bb][vc_empty_space height=\u00bb30px\u00bb el_class=\u00bbmobile-off\u00bb][vc_single_image image=\u00bb507&#8243; img_size=\u00bbfull\u00bb alignment=\u00bbcenter\u00bb css=\u00bb\u00bb][vc_empty_space height=\u00bb30px\u00bb el_class=\u00bbmobile-off\u00bb][\/vc_column][vc_column width=\u00bb5\/6&#8243; el_class=\u00bbbenefit-content-col\u00bb][vc_custom_heading text=\u00bbSOLAR Transaction Processing suite para hacer brillar su negocio\u00bb font_container=\u00bbtag:h3|font_size:32px|text_align:left|color:%23FFFFFF|line_height:34px\u00bb use_theme_fonts=\u00bbyes\u00bb css=\u00bb.vc_custom_1749562267729{margin-bottom: 10px !important;}\u00bb el_class=\u00bbweight-regular\u00bb][vc_empty_space height=\u00bb30px\u00bb][vc_btn title=\u00bbCont\u00e1ctenos\u00bb style=\u00bbcustom\u00bb custom_background=\u00bb#E8432D\u00bb custom_text=\u00bb#FFFFFF\u00bb shape=\u00bbround\u00bb size=\u00bblg\u00bb align=\u00bbleft\u00bb css=\u00bb.vc_custom_1749727401595{margin-bottom: 0px !important;border-color: #FFFFFF !important;}\u00bb link=\u00bburl:%23&#8243; el_class=\u00bbbutton-red-bg popmake-1553&#8243;][\/vc_column][\/vc_row]<\/p>\n<\/div>","protected":false},"excerpt":{"rendered":"<p>[vc_row][vc_column][vc_raw_html css=\u00bb.vc_custom_1749562074964{margin-bottom: 0px !important;}\u00bb el_class=\u00bbbreadcrumbs\u00bb]JTNDYSUyMGhyZWYlM0QlMjIlMkYlMjIlM0VIb21lJTNDJTJGYSUzRSUyMCU3QyUyMCUzQ3NwYW4lM0VJbnRlZ3JhY2klQzMlQjNuJTIwZSUyMGluc3RhbGFjaSVDMyVCM24lM0MlMkZzcGFuJTNF[\/vc_raw_html][\/vc_column][\/vc_row][vc_row css=\u00bb.vc_custom_1747922304231{border-color: #FF0000 !important;}\u00bb][vc_column][vc_empty_space height=\u00bb40px\u00bb][vc_custom_heading text=\u00bbIntegraci\u00f3n e instalaci\u00f3n\u00bb font_container=\u00bbtag:h1|font_size:64px|text_align:left|color:%23424D59|line_height:84px\u00bb use_theme_fonts=\u00bbyes\u00bb css=\u00bb.vc_custom_1749562102746{margin-bottom: 0px !important;margin-left: -5px !important;}\u00bb el_class=\u00bbheading-big\u00bb][vc_empty_space height=\u00bb50px\u00bb][\/vc_column][\/vc_row][vc_row full_width=\u00bbstretch_row\u00bb css=\u00bb.vc_custom_1748962391931{padding-top: 100px !important;padding-bottom: 100px !important;background-color: #424D59 !important;background-position: center !important;background-repeat: no-repeat !important;background-size: cover !important;}\u00bb el_class=\u00bbdisable-row-overflow page-under-video-block\u00bb][vc_column][vc_column_text css=\u00bb\u00bb] \u00bfNecesita instalar o sustituir una soluci\u00f3n de pagos con tarjeta o m\u00f3vil? Nuestro equipo puede encargarse de &#8230; <a title=\"Integraci\u00f3n e instalaci\u00f3n\" class=\"read-more\" href=\"https:\/\/solanteq.com\/es\/integration-and-deployment\/\" aria-label=\"Leer m\u00e1s sobre Integraci\u00f3n e instalaci\u00f3n\">Read more<\/a><\/p>\n","protected":false},"author":3,"featured_media":0,"parent":0,"menu_order":0,"comment_status":"closed","ping_status":"closed","template":"","meta":{"footnotes":""},"class_list":["post-1023","page","type-page","status-publish"],"_links":{"self":[{"href":"https:\/\/solanteq.com\/es\/wp-json\/wp\/v2\/pages\/1023","targetHints":{"allow":["GET"]}}],"collection":[{"href":"https:\/\/solanteq.com\/es\/wp-json\/wp\/v2\/pages"}],"about":[{"href":"https:\/\/solanteq.com\/es\/wp-json\/wp\/v2\/types\/page"}],"author":[{"embeddable":true,"href":"https:\/\/solanteq.com\/es\/wp-json\/wp\/v2\/users\/3"}],"replies":[{"embeddable":true,"href":"https:\/\/solanteq.com\/es\/wp-json\/wp\/v2\/comments?post=1023"}],"version-history":[{"count":2,"href":"https:\/\/solanteq.com\/es\/wp-json\/wp\/v2\/pages\/1023\/revisions"}],"predecessor-version":[{"id":1600,"href":"https:\/\/solanteq.com\/es\/wp-json\/wp\/v2\/pages\/1023\/revisions\/1600"}],"wp:attachment":[{"href":"https:\/\/solanteq.com\/es\/wp-json\/wp\/v2\/media?parent=1023"}],"curies":[{"name":"wp","href":"https:\/\/api.w.org\/{rel}","templated":true}]}}