{"id":1025,"date":"2025-06-03T15:35:51","date_gmt":"2025-06-03T15:35:51","guid":{"rendered":"https:\/\/solanteq.web-design.ee\/business-analysis-and-configuration\/"},"modified":"2025-06-12T11:23:15","modified_gmt":"2025-06-12T11:23:15","slug":"business-analysis-and-configuration","status":"publish","type":"page","link":"https:\/\/solanteq.com\/es\/business-analysis-and-configuration\/","title":{"rendered":"An\u00e1lisis y configuraci\u00f3n del negocio"},"content":{"rendered":"<div class=\"wpb-content-wrapper\"><p>[vc_row][vc_column][vc_raw_html css=\u00bb.vc_custom_1749561384566{margin-bottom: 0px !important;}\u00bb el_class=\u00bbbreadcrumbs\u00bb]JTNDYSUyMGhyZWYlM0QlMjIlMkYlMjIlM0VIb21lJTNDJTJGYSUzRSUyMCU3QyUyMCUzQ3NwYW4lM0VBbiVDMyVBMWxpc2lzJTIweSUyMGNvbmZpZ3VyYWNpJUMzJUIzbiUyMGRlbCUyMG5lZ29jaW8lM0MlMkZzcGFuJTNF[\/vc_raw_html][\/vc_column][\/vc_row][vc_row css=\u00bb.vc_custom_1747922304231{border-color: #FF0000 !important;}\u00bb][vc_column][vc_empty_space height=\u00bb40px\u00bb][vc_custom_heading text=\u00bbAn\u00e1lisis y configuraci\u00f3n del negocio\u00bb font_container=\u00bbtag:h1|font_size:64px|text_align:left|color:%23424D59|line_height:84px\u00bb use_theme_fonts=\u00bbyes\u00bb css=\u00bb.vc_custom_1749561389882{margin-bottom: 0px !important;margin-left: -5px !important;}\u00bb el_class=\u00bbheading-big\u00bb][vc_empty_space height=\u00bb50px\u00bb][\/vc_column][\/vc_row][vc_row full_width=\u00bbstretch_row\u00bb css=\u00bb.vc_custom_1748962391931{padding-top: 100px !important;padding-bottom: 100px !important;background-color: #424D59 !important;background-position: center !important;background-repeat: no-repeat !important;background-size: cover !important;}\u00bb el_class=\u00bbdisable-row-overflow page-under-video-block\u00bb][vc_column][vc_column_text css=\u00bb\u00bb]<\/p>\n<div class=\"wpb_text_column wpb_content_element\">\n<div class=\"wpb_wrapper\">\n<div class=\"wpb_text_column wpb_content_element color-scheme-light\">\n<div class=\"wpb_wrapper\">\n<p><span style=\"color: #ffffff;\">Cualquier innovaci\u00f3n requiere experiencia en la construcci\u00f3n de soluciones, y la mayor\u00eda de las ideas en el sector financiero necesitan desarrollo de software. Como desarrollamos este tipo de software para nosotros mismos, ofrecemos nuestro saber hacer para crear soluciones de software que su empresa pueda necesitar.<\/span><\/p>\n<\/div>\n<\/div>\n<\/div>\n<\/div>\n<p>[\/vc_column_text][vc_empty_space height=\u00bb50px\u00bb][vc_custom_heading text=\u00bbEstamos en disposici\u00f3n de ofrecer:\u00bb font_container=\u00bbtag:h2|font_size:36px|text_align:left|color:%23FFFFFF|line_height:44px\u00bb use_theme_fonts=\u00bbyes\u00bb css=\u00bb\u00bb el_class=\u00bbheading-big page-bits-title\u00bb][vc_empty_space height=\u00bb20px\u00bb][vc_raw_html css=\u00bb\u00bb el_class=\u00bbbits-of-functionality much-text bulletlist\u00bb]QW4lQzMlQTFsaXNpcyUyMHklMjBldmFsdWFjaSVDMyVCM24lMjBkZSUyMHJlcXVpc2l0b3M=[\/vc_raw_html][vc_raw_html css=\u00bb\u00bb el_class=\u00bbbits-of-functionality much-text bulletlist\u00bb]QXJxdWl0ZWN0dXJhJTIwZGUlMjBsYSUyMHNvbHVjaSVDMyVCM24lMkZpbnRlZ3JhY2klQzMlQjNu[\/vc_raw_html][vc_raw_html css=\u00bb\u00bb el_class=\u00bbbits-of-functionality much-text bulletlist\u00bb]UHVlc3RhJTIwZW4lMjBtYXJjaGElMjBkZWwlMjBzb2Z0d2FyZSUyMGRlJTIwcHJvY2VzYW1pZW50bw==[\/vc_raw_html][vc_raw_html css=\u00bb\u00bb el_class=\u00bbbits-of-functionality much-text bulletlist\u00bb]VGVjbm9sb2clQzMlQURhJTJDJTIwSSUyQkQ=[\/vc_raw_html][vc_raw_html css=\u00bb\u00bb el_class=\u00bbbits-of-functionality much-text bulletlist\u00bb]TWFwZW8lMkZtaWdyYWNpJUMzJUIzbiUyMGRlJTIwZGF0b3M=[\/vc_raw_html][vc_raw_html css=\u00bb\u00bb el_class=\u00bbbits-of-functionality much-text bulletlist\u00bb]Q2VydGlmaWNhY2klQzMlQjNuJTIwZGUlMjBzaXN0ZW1hcyUyMGRlJTIwcGFnbyUyMG5hY2lvbmFsZXMlMjBlJTIwaW50ZXJuYWNpb25hbGVz[\/vc_raw_html][vc_raw_html css=\u00bb\u00bb el_class=\u00bbbits-of-functionality much-text bulletlist\u00bb]QW4lQzMlQTFsaXNpcyUyMHklMjBhanVzdGUlMjBkZWwlMjByZW5kaW1pZW50bw==[\/vc_raw_html][vc_raw_html css=\u00bb\u00bb el_class=\u00bbbits-of-functionality much-text bulletlist\u00bb]R2VzdGklQzMlQjNuJTIwZGUlMjBwcm95ZWN0b3MlMjB5JTIwcHJvZ3JhbWFz[\/vc_raw_html][vc_raw_html css=\u00bb\u00bb el_class=\u00bbbits-of-functionality much-text bulletlist\u00bb]VUFUJTJDJTIwcHJ1ZWJhcyUyMGRlJTIwcmVncmVzaSVDMyVCM24lMjBhdXRvbWF0aXphZGFz[\/vc_raw_html][vc_raw_html css=\u00bb\u00bb el_class=\u00bbbits-of-functionality much-text bulletlist\u00bb]Q29tYmluYWNpJUMzJUIzbiUyMCVDMyVCM3B0aW1hJTIwb25zaG9yZSUyRm9mZnNob3Jl[\/vc_raw_html][vc_raw_html css=\u00bb\u00bb el_class=\u00bbbits-of-functionality much-text bulletlist\u00bb]TWFudGVuaW1pZW50byUyRmFzaXN0ZW5jaWElMjB0JUMzJUE5Y25pY2E=[\/vc_raw_html][vc_raw_html css=\u00bb\u00bb el_class=\u00bbbits-of-functionality much-text bulletlist\u00bb]VG9kb3MlMjBsb3MlMjBzZXJ2aWNpb3M=[\/vc_raw_html][\/vc_column][\/vc_row][vc_row full_width=\u00bbstretch_row\u00bb equal_height=\u00bbyes\u00bb content_placement=\u00bbmiddle\u00bb css=\u00bb.vc_custom_1748342848647{margin-bottom: -40px !important;padding-top: 30px !important;padding-bottom: 30px !important;background-color: #E8432D !important;}\u00bb][vc_column width=\u00bb1\/6&#8243; css=\u00bb.vc_custom_1748443670093{border-color: #FFFFFF !important;}\u00bb el_class=\u00bbbenefit-icon-col\u00bb][vc_empty_space height=\u00bb30px\u00bb el_class=\u00bbmobile-off\u00bb][vc_single_image image=\u00bb507&#8243; img_size=\u00bbfull\u00bb alignment=\u00bbcenter\u00bb css=\u00bb\u00bb][vc_empty_space height=\u00bb30px\u00bb el_class=\u00bbmobile-off\u00bb][\/vc_column][vc_column width=\u00bb5\/6&#8243; el_class=\u00bbbenefit-content-col\u00bb][vc_custom_heading text=\u00bbSOLAR Transaction Processing suite para hacer brillar su negocio\u00bb font_container=\u00bbtag:h3|font_size:32px|text_align:left|color:%23FFFFFF|line_height:34px\u00bb use_theme_fonts=\u00bbyes\u00bb css=\u00bb.vc_custom_1749561624895{margin-bottom: 10px !important;}\u00bb el_class=\u00bbweight-regular\u00bb][vc_empty_space height=\u00bb30px\u00bb][vc_btn title=\u00bbCont\u00e1ctenos\u00bb style=\u00bbcustom\u00bb custom_background=\u00bb#E8432D\u00bb custom_text=\u00bb#FFFFFF\u00bb shape=\u00bbround\u00bb size=\u00bblg\u00bb align=\u00bbleft\u00bb css=\u00bb.vc_custom_1749727393628{margin-bottom: 0px !important;border-color: #FFFFFF !important;}\u00bb link=\u00bburl:%23&#8243; el_class=\u00bbbutton-red-bg popmake-1553&#8243;][\/vc_column][\/vc_row]<\/p>\n<\/div>","protected":false},"excerpt":{"rendered":"<p>[vc_row][vc_column][vc_raw_html css=\u00bb.vc_custom_1749561384566{margin-bottom: 0px !important;}\u00bb el_class=\u00bbbreadcrumbs\u00bb]JTNDYSUyMGhyZWYlM0QlMjIlMkYlMjIlM0VIb21lJTNDJTJGYSUzRSUyMCU3QyUyMCUzQ3NwYW4lM0VBbiVDMyVBMWxpc2lzJTIweSUyMGNvbmZpZ3VyYWNpJUMzJUIzbiUyMGRlbCUyMG5lZ29jaW8lM0MlMkZzcGFuJTNF[\/vc_raw_html][\/vc_column][\/vc_row][vc_row css=\u00bb.vc_custom_1747922304231{border-color: #FF0000 !important;}\u00bb][vc_column][vc_empty_space height=\u00bb40px\u00bb][vc_custom_heading text=\u00bbAn\u00e1lisis y configuraci\u00f3n del negocio\u00bb font_container=\u00bbtag:h1|font_size:64px|text_align:left|color:%23424D59|line_height:84px\u00bb use_theme_fonts=\u00bbyes\u00bb css=\u00bb.vc_custom_1749561389882{margin-bottom: 0px !important;margin-left: -5px !important;}\u00bb el_class=\u00bbheading-big\u00bb][vc_empty_space height=\u00bb50px\u00bb][\/vc_column][\/vc_row][vc_row full_width=\u00bbstretch_row\u00bb css=\u00bb.vc_custom_1748962391931{padding-top: 100px !important;padding-bottom: 100px !important;background-color: #424D59 !important;background-position: center !important;background-repeat: no-repeat !important;background-size: cover !important;}\u00bb el_class=\u00bbdisable-row-overflow page-under-video-block\u00bb][vc_column][vc_column_text css=\u00bb\u00bb] Cualquier innovaci\u00f3n requiere experiencia en la construcci\u00f3n de soluciones, y la mayor\u00eda de las ideas &#8230; <a title=\"An\u00e1lisis y configuraci\u00f3n del negocio\" class=\"read-more\" href=\"https:\/\/solanteq.com\/es\/business-analysis-and-configuration\/\" aria-label=\"Leer m\u00e1s sobre An\u00e1lisis y configuraci\u00f3n del negocio\">Read more<\/a><\/p>\n","protected":false},"author":3,"featured_media":0,"parent":0,"menu_order":0,"comment_status":"closed","ping_status":"closed","template":"","meta":{"footnotes":""},"class_list":["post-1025","page","type-page","status-publish"],"_links":{"self":[{"href":"https:\/\/solanteq.com\/es\/wp-json\/wp\/v2\/pages\/1025","targetHints":{"allow":["GET"]}}],"collection":[{"href":"https:\/\/solanteq.com\/es\/wp-json\/wp\/v2\/pages"}],"about":[{"href":"https:\/\/solanteq.com\/es\/wp-json\/wp\/v2\/types\/page"}],"author":[{"embeddable":true,"href":"https:\/\/solanteq.com\/es\/wp-json\/wp\/v2\/users\/3"}],"replies":[{"embeddable":true,"href":"https:\/\/solanteq.com\/es\/wp-json\/wp\/v2\/comments?post=1025"}],"version-history":[{"count":2,"href":"https:\/\/solanteq.com\/es\/wp-json\/wp\/v2\/pages\/1025\/revisions"}],"predecessor-version":[{"id":1599,"href":"https:\/\/solanteq.com\/es\/wp-json\/wp\/v2\/pages\/1025\/revisions\/1599"}],"wp:attachment":[{"href":"https:\/\/solanteq.com\/es\/wp-json\/wp\/v2\/media?parent=1025"}],"curies":[{"name":"wp","href":"https:\/\/api.w.org\/{rel}","templated":true}]}}