{"id":1027,"date":"2025-06-03T14:37:30","date_gmt":"2025-06-03T14:37:30","guid":{"rendered":"https:\/\/solanteq.web-design.ee\/about-solanteq\/"},"modified":"2025-06-12T11:09:51","modified_gmt":"2025-06-12T11:09:51","slug":"about-solanteq","status":"publish","type":"page","link":"https:\/\/solanteq.com\/es\/about-solanteq\/","title":{"rendered":"Qui\u00e9nes somos"},"content":{"rendered":"<div class=\"wpb-content-wrapper\"><p>[vc_row][vc_column][vc_raw_html css=\u00bb.vc_custom_1749637257143{margin-bottom: 0px !important;}\u00bb el_class=\u00bbbreadcrumbs\u00bb]JTNDYSUyMGhyZWYlM0QlMjIlMkYlMjIlM0VIb21lJTNDJTJGYSUzRSUyMCU3QyUyMCUzQ3NwYW4lM0VRdWklQzMlQTluZXMlMjBzb21vcyUzQyUyRnNwYW4lM0U=[\/vc_raw_html][\/vc_column][\/vc_row][vc_row css=\u00bb.vc_custom_1747922304231{border-color: #FF0000 !important;}\u00bb][vc_column][vc_empty_space height=\u00bb40px\u00bb][vc_custom_heading text=\u00bbAcerca de Solanteq\u00bb font_container=\u00bbtag:h1|font_size:64px|text_align:left|color:%23424D59|line_height:84px\u00bb use_theme_fonts=\u00bbyes\u00bb css=\u00bb.vc_custom_1749637290890{margin-bottom: 0px !important;margin-left: -5px !important;}\u00bb el_class=\u00bbheading-big\u00bb][vc_empty_space height=\u00bb50px\u00bb][\/vc_column][\/vc_row][vc_row full_width=\u00bbstretch_row\u00bb css=\u00bb.vc_custom_1748962391931{padding-top: 100px !important;padding-bottom: 100px !important;background-color: #424D59 !important;background-position: center !important;background-repeat: no-repeat !important;background-size: cover !important;}\u00bb el_class=\u00bbdisable-row-overflow page-under-video-block\u00bb][vc_column][vc_row_inner equal_height=\u00bbyes\u00bb content_placement=\u00bbmiddle\u00bb gap=\u00bb35&#8243; css=\u00bb.vc_custom_1748964315665{border-top-width: 1px !important;border-right-width: 1px !important;border-bottom-width: 1px !important;border-left-width: 1px !important;padding-top: 50px !important;padding-right: 20px !important;padding-bottom: 50px !important;padding-left: 20px !important;border-left-style: solid !important;border-right-style: solid !important;border-top-style: solid !important;border-bottom-style: solid !important;border-radius: 20px !important;border-color: #FFFFFF !important;}\u00bb][vc_column_inner width=\u00bb1\/3&#8243;][vc_single_image image=\u00bb540&#8243; img_size=\u00bbfull\u00bb css=\u00bb.vc_custom_1748962736896{border-top-width: 1px !important;border-right-width: 1px !important;border-bottom-width: 1px !important;border-left-width: 1px !important;border-left-style: solid !important;border-right-style: solid !important;border-top-style: solid !important;border-bottom-style: solid !important;border-radius: 20px !important;border-color: #434D59 !important;}\u00bb el_class=\u00bbborder-radius20&#8243;][\/vc_column_inner][vc_column_inner width=\u00bb2\/3&#8243;][vc_custom_heading text=\u00bbQuienes somos\u00bb font_container=\u00bbtag:h2|font_size:36px|text_align:left|color:%23FFFFFF|line_height:44px\u00bb use_theme_fonts=\u00bbyes\u00bb css=\u00bb\u00bb el_class=\u00bbheading-big page-bits-title title-border\u00bb][vc_column_text css=\u00bb\u00bb]<\/p>\n<div class=\"wpb_text_column wpb_content_element\">\n<div class=\"wpb_wrapper\">\n<p><span style=\"color: #ffffff;\"><b>SOLANTEQ, DESARROLLADOR DE LA PLATAFORMA SOLAR<\/b>, , es l\u00edder en dise\u00f1ar componentes innovadores para crear soluciones de pago eficientes y elegantes.<\/span><\/p>\n<p><span style=\"color: #ffffff;\">Tras haberse expandido r\u00e1pidamente desde su creaci\u00f3n en 2014, SOLANTEQ ofrece al mercado global los productos de software avanzados y potentes para desarrollar el negocio bancario minorista y de centros de procesamiento.<\/span><\/p>\n<p><span style=\"color: #ffffff;\">A diferencia de la mayor\u00eda de las plataformas, SOLAR fue dise\u00f1ada por nuestros expertos para enfrentar los desaf\u00edos m\u00e1s recientes del mundo de los pagos globales, como la transformaci\u00f3n digital, la experiencia del cliente, la seguridad y el riesgo, y la optimizaci\u00f3n de costes.<\/span><\/p>\n<p><span style=\"color: #ffffff;\">Desde el proyecto piloto m\u00e1s peque\u00f1o y m\u00e1s all\u00e1, todos nuestros valorados clientes obtienen los mismos beneficios garantizados.<\/span><\/p>\n<\/div>\n<\/div>\n<p>[\/vc_column_text][\/vc_column_inner][\/vc_row_inner][vc_row_inner content_placement=\u00bbmiddle\u00bb gap=\u00bb35&#8243; css=\u00bb.vc_custom_1748964324424{padding-top: 50px !important;border-radius: 20px !important;border-color: #FFFFFF !important;}\u00bb][vc_column_inner width=\u00bb1\/3&#8243; css=\u00bb.vc_custom_1748964184052{border-top-width: 1px !important;border-right-width: 1px !important;border-bottom-width: 1px !important;border-left-width: 1px !important;padding-top: 30px !important;padding-right: 30px !important;padding-bottom: 30px !important;padding-left: 30px !important;background-color: #515D6A !important;border-radius: 20px !important;border-color: #515D6A !important;}\u00bb][vc_raw_html css=\u00bb.vc_custom_1748963547732{margin-bottom: 0px !important;}\u00bb el_class=\u00bbbits-of-functionality much-text blackbg\u00bb]WW91JTIwd2lsbCUyMGZpbmQlMjB0aGF0JTIwZG9pbmclMjBwcm9qZWN0cyUyMHdpdGglMjB1cyUyMGlzJTIwYSUyMHBsZWFzdXJlLg==[\/vc_raw_html][\/vc_column_inner][vc_column_inner width=\u00bb2\/3&#8243;][vc_custom_heading text=\u00bbConfianza\u00bb font_container=\u00bbtag:h2|font_size:36px|text_align:left|color:%23FFFFFF|line_height:44px\u00bb use_theme_fonts=\u00bbyes\u00bb css=\u00bb\u00bb el_class=\u00bbheading-big page-bits-title title-border\u00bb][vc_column_text css=\u00bb\u00bb]<\/p>\n<div class=\"wpb_text_column wpb_content_element\">\n<div class=\"wpb_wrapper\">\n<p><span style=\"color: #ffffff;\">Nuestra visi\u00f3n es ser un reconocido creador de tendencias y un socio fiable en el mundo global de los pagos en beneficio de nuestros clientes, nuestros colegas y la sociedad.<\/span><\/p>\n<p><span style=\"color: #ffffff;\">Desde el principio, hemos establecido relaciones duraderas y de confianza con nuestros clientes. Los proyectos conjuntos finalizados con \u00e9xito respaldan nuestro crecimiento como empresa y como un jugador importante en el mundo del procesamiento de pagos.<\/span><\/p>\n<\/div>\n<\/div>\n<p>[\/vc_column_text][\/vc_column_inner][\/vc_row_inner][vc_row_inner content_placement=\u00bbmiddle\u00bb gap=\u00bb35&#8243; css=\u00bb.vc_custom_1748964356028{padding-top: 50px !important;border-radius: 20px !important;border-color: #FFFFFF !important;}\u00bb][vc_column_inner width=\u00bb1\/3&#8243; css=\u00bb.vc_custom_1748964184052{border-top-width: 1px !important;border-right-width: 1px !important;border-bottom-width: 1px !important;border-left-width: 1px !important;padding-top: 30px !important;padding-right: 30px !important;padding-bottom: 30px !important;padding-left: 30px !important;background-color: #515D6A !important;border-radius: 20px !important;border-color: #515D6A !important;}\u00bb][vc_raw_html css=\u00bb.vc_custom_1749637551307{margin-bottom: 0px !important;}\u00bb el_class=\u00bbbits-of-functionality much-text blackbg\u00bb]VW5hJTIwc29sdWNpJUMzJUIzbiUyMHJlYWxtZW50ZSUyMCVDMyVCQW5pY2ElMjB5JTIwZXhjZXBjaW9uYWwu[\/vc_raw_html][\/vc_column_inner][vc_column_inner width=\u00bb2\/3&#8243;][vc_custom_heading text=\u00bbTecnolog\u00edas\u00bb font_container=\u00bbtag:h2|font_size:36px|text_align:left|color:%23FFFFFF|line_height:44px\u00bb use_theme_fonts=\u00bbyes\u00bb css=\u00bb\u00bb el_class=\u00bbheading-big page-bits-title title-border\u00bb][vc_column_text css=\u00bb\u00bb]<\/p>\n<div class=\"wpb_text_column wpb_content_element\">\n<div class=\"wpb_wrapper\">\n<p><span style=\"color: #ffffff;\">El mundo de los pagos y transacciones financieras est\u00e1 en constante evoluci\u00f3n. Nuestra misi\u00f3n es hacer que estos cambios sean c\u00f3modos, ayudando a nuestros clientes aprovechar los beneficios del progreso.<\/span><\/p>\n<p><span style=\"color: #ffffff;\">Nuestra capacidad para capturar las \u00faltimas tendencias en la evoluci\u00f3n del mundo de los pagos se ha combinado con las tecnolog\u00edas y la arquitectura m\u00e1s avanzadas.<\/span><\/p>\n<\/div>\n<\/div>\n<p>[\/vc_column_text][\/vc_column_inner][\/vc_row_inner][vc_row_inner content_placement=\u00bbmiddle\u00bb gap=\u00bb35&#8243; css=\u00bb.vc_custom_1748964356028{padding-top: 50px !important;border-radius: 20px !important;border-color: #FFFFFF !important;}\u00bb][vc_column_inner width=\u00bb1\/3&#8243; css=\u00bb.vc_custom_1748964184052{border-top-width: 1px !important;border-right-width: 1px !important;border-bottom-width: 1px !important;border-left-width: 1px !important;padding-top: 30px !important;padding-right: 30px !important;padding-bottom: 30px !important;padding-left: 30px !important;background-color: #515D6A !important;border-radius: 20px !important;border-color: #515D6A !important;}\u00bb][vc_raw_html css=\u00bb.vc_custom_1749637565515{margin-bottom: 0px !important;}\u00bb el_class=\u00bbbits-of-functionality much-text blackbg\u00bb]RW4lMjBTb2xhbnRlcSUyQyUyMGVsJTIwY29ub2NpbWllbnRvJTIwbSVDMyVBMXMlMjBsYSUyMG1vdGl2YWNpJUMzJUIzbiUyMGVuZm9jYWRhJTIwZXMlMjBpZ3VhbCUyMGFsJTIwJUMzJUE5eGl0by4=[\/vc_raw_html][\/vc_column_inner][vc_column_inner width=\u00bb2\/3&#8243;][vc_custom_heading text=\u00bbCredo\u00bb font_container=\u00bbtag:h2|font_size:36px|text_align:left|color:%23FFFFFF|line_height:44px\u00bb use_theme_fonts=\u00bbyes\u00bb css=\u00bb\u00bb el_class=\u00bbheading-big page-bits-title title-border\u00bb][vc_column_text css=\u00bb\u00bb]<\/p>\n<div class=\"wpb_text_column wpb_content_element\">\n<div class=\"wpb_wrapper\">\n<p><span style=\"color: #ffffff;\">Creemos que la colaboraci\u00f3n con SOLANTEQ deber\u00eda apoyar las nuevas oportunidades de negocio de nuestros clientes, proporcionarles ahorros sustanciales en el presupuesto y dejarlos completamente satisfechos. Ofrecemos excelencia en todos los aspectos del proyecto, ya sea la calidad, fechas l\u00edmite o la implementaci\u00f3n de ideas innovadoras.<\/span><\/p>\n<\/div>\n<\/div>\n<p>[\/vc_column_text][\/vc_column_inner][\/vc_row_inner][\/vc_column][\/vc_row][vc_row full_width=\u00bbstretch_row\u00bb equal_height=\u00bbyes\u00bb content_placement=\u00bbmiddle\u00bb css=\u00bb.vc_custom_1748342848647{margin-bottom: -40px !important;padding-top: 30px !important;padding-bottom: 30px !important;background-color: #E8432D !important;}\u00bb][vc_column width=\u00bb1\/6&#8243; css=\u00bb.vc_custom_1748443670093{border-color: #FFFFFF !important;}\u00bb el_class=\u00bbbenefit-icon-col\u00bb][vc_empty_space height=\u00bb30px\u00bb el_class=\u00bbmobile-off\u00bb][vc_single_image image=\u00bb507&#8243; img_size=\u00bbfull\u00bb alignment=\u00bbcenter\u00bb css=\u00bb\u00bb][vc_empty_space height=\u00bb30px\u00bb el_class=\u00bbmobile-off\u00bb][\/vc_column][vc_column width=\u00bb5\/6&#8243; el_class=\u00bbbenefit-content-col\u00bb][vc_custom_heading text=\u00bbSOLAR Transaction Processing suite para hacer brillar su negocio\u00bb font_container=\u00bbtag:h3|font_size:32px|text_align:left|color:%23FFFFFF|line_height:34px\u00bb use_theme_fonts=\u00bbyes\u00bb css=\u00bb.vc_custom_1749637725193{margin-bottom: 10px !important;}\u00bb el_class=\u00bbweight-regular\u00bb][vc_empty_space height=\u00bb30px\u00bb][vc_btn title=\u00bbCont\u00e1ctenos\u00bb style=\u00bbcustom\u00bb custom_background=\u00bb#E8432D\u00bb custom_text=\u00bb#FFFFFF\u00bb shape=\u00bbround\u00bb size=\u00bblg\u00bb align=\u00bbleft\u00bb css=\u00bb.vc_custom_1749726589428{margin-bottom: 0px !important;border-color: #FFFFFF !important;}\u00bb link=\u00bburl:%23&#8243; el_class=\u00bbbutton-red-bg popmake-1553&#8243;][\/vc_column][\/vc_row]<\/p>\n<\/div>","protected":false},"excerpt":{"rendered":"<p>[vc_row][vc_column][vc_raw_html css=\u00bb.vc_custom_1749637257143{margin-bottom: 0px !important;}\u00bb el_class=\u00bbbreadcrumbs\u00bb]JTNDYSUyMGhyZWYlM0QlMjIlMkYlMjIlM0VIb21lJTNDJTJGYSUzRSUyMCU3QyUyMCUzQ3NwYW4lM0VRdWklQzMlQTluZXMlMjBzb21vcyUzQyUyRnNwYW4lM0U=[\/vc_raw_html][\/vc_column][\/vc_row][vc_row css=\u00bb.vc_custom_1747922304231{border-color: #FF0000 !important;}\u00bb][vc_column][vc_empty_space height=\u00bb40px\u00bb][vc_custom_heading text=\u00bbAcerca de Solanteq\u00bb font_container=\u00bbtag:h1|font_size:64px|text_align:left|color:%23424D59|line_height:84px\u00bb use_theme_fonts=\u00bbyes\u00bb css=\u00bb.vc_custom_1749637290890{margin-bottom: 0px !important;margin-left: -5px !important;}\u00bb el_class=\u00bbheading-big\u00bb][vc_empty_space height=\u00bb50px\u00bb][\/vc_column][\/vc_row][vc_row full_width=\u00bbstretch_row\u00bb css=\u00bb.vc_custom_1748962391931{padding-top: 100px !important;padding-bottom: 100px !important;background-color: #424D59 !important;background-position: center !important;background-repeat: no-repeat !important;background-size: cover !important;}\u00bb el_class=\u00bbdisable-row-overflow page-under-video-block\u00bb][vc_column][vc_row_inner equal_height=\u00bbyes\u00bb content_placement=\u00bbmiddle\u00bb gap=\u00bb35&#8243; css=\u00bb.vc_custom_1748964315665{border-top-width: 1px !important;border-right-width: 1px !important;border-bottom-width: 1px !important;border-left-width: 1px !important;padding-top: 50px !important;padding-right: 20px !important;padding-bottom: 50px !important;padding-left: &#8230; <a title=\"Qui\u00e9nes somos\" class=\"read-more\" href=\"https:\/\/solanteq.com\/es\/about-solanteq\/\" aria-label=\"Leer m\u00e1s sobre Qui\u00e9nes somos\">Read more<\/a><\/p>\n","protected":false},"author":3,"featured_media":0,"parent":0,"menu_order":0,"comment_status":"closed","ping_status":"closed","template":"","meta":{"footnotes":""},"class_list":["post-1027","page","type-page","status-publish"],"_links":{"self":[{"href":"https:\/\/solanteq.com\/es\/wp-json\/wp\/v2\/pages\/1027","targetHints":{"allow":["GET"]}}],"collection":[{"href":"https:\/\/solanteq.com\/es\/wp-json\/wp\/v2\/pages"}],"about":[{"href":"https:\/\/solanteq.com\/es\/wp-json\/wp\/v2\/types\/page"}],"author":[{"embeddable":true,"href":"https:\/\/solanteq.com\/es\/wp-json\/wp\/v2\/users\/3"}],"replies":[{"embeddable":true,"href":"https:\/\/solanteq.com\/es\/wp-json\/wp\/v2\/comments?post=1027"}],"version-history":[{"count":4,"href":"https:\/\/solanteq.com\/es\/wp-json\/wp\/v2\/pages\/1027\/revisions"}],"predecessor-version":[{"id":1577,"href":"https:\/\/solanteq.com\/es\/wp-json\/wp\/v2\/pages\/1027\/revisions\/1577"}],"wp:attachment":[{"href":"https:\/\/solanteq.com\/es\/wp-json\/wp\/v2\/media?parent=1027"}],"curies":[{"name":"wp","href":"https:\/\/api.w.org\/{rel}","templated":true}]}}