{"id":1029,"date":"2025-06-03T10:36:55","date_gmt":"2025-06-03T10:36:55","guid":{"rendered":"https:\/\/solanteq.web-design.ee\/technology\/"},"modified":"2025-06-13T10:24:05","modified_gmt":"2025-06-13T10:24:05","slug":"technology","status":"publish","type":"page","link":"https:\/\/solanteq.com\/es\/technology\/","title":{"rendered":"Tecnolog\u00eda"},"content":{"rendered":"<div class=\"wpb-content-wrapper\"><p>[vc_row][vc_column][vc_raw_html css=\u00bb.vc_custom_1749810209075{margin-bottom: 0px !important;}\u00bb el_class=\u00bbbreadcrumbs\u00bb]JTNDYSUyMGhyZWYlM0QlMjIlMjIlM0VIb21lJTNDJTJGYSUzRSUyMCU3QyUyMCUzQ3NwYW4lM0VUZWNub2xvZyVDMyVBRGElM0MlMkZzcGFuJTNF[\/vc_raw_html][\/vc_column][\/vc_row][vc_row css=\u00bb.vc_custom_1747922304231{border-color: #FF0000 !important;}\u00bb][vc_column][vc_empty_space height=\u00bb40px\u00bb][vc_custom_heading text=\u00bbTecnolog\u00eda\u00bb font_container=\u00bbtag:h1|font_size:64px|text_align:left|color:%23424D59|line_height:84px\u00bb use_theme_fonts=\u00bbyes\u00bb css=\u00bb.vc_custom_1749810235991{margin-bottom: 0px !important;margin-left: -5px !important;}\u00bb el_class=\u00bbheading-big\u00bb][vc_empty_space height=\u00bb25px\u00bb][vc_custom_heading text=\u00bbOfrecemos una cartera de productos vers\u00e1til, SOLAR Transaction Processing Suite, que dispone de las herramientas necesarias para configurar cualquier soluci\u00f3n de pago para la emisi\u00f3n, la adquisici\u00f3n, el procesamiento y la banca.\u00bb font_container=\u00bbtag:p|font_size:20px|text_align:left|color:%23424D59|line_height:28px\u00bb use_theme_fonts=\u00bbyes\u00bb css=\u00bb.vc_custom_1749559995574{margin-bottom: 0px !important;}\u00bb el_class=\u00bbweight-light\u00bb][vc_empty_space height=\u00bb30px\u00bb][vc_custom_heading text=\u00bbSOLAR Transaction Processing Suite es modular y cuenta con soluciones listas para usar y m\u00f3dulos independientes. Cada componente puede integrarse de forma independiente, lo que hace que la innovaci\u00f3n bancaria a gran escala sea simple y organizada.\u00bb font_container=\u00bbtag:p|font_size:20px|text_align:left|color:%23424D59|line_height:28px\u00bb use_theme_fonts=\u00bbyes\u00bb css=\u00bb.vc_custom_1749560034658{margin-bottom: 0px !important;}\u00bb el_class=\u00bbweight-light\u00bb][vc_empty_space height=\u00bb50px\u00bb][\/vc_column][\/vc_row][vc_row full_width=\u00bbstretch_row\u00bb css=\u00bb.vc_custom_1748947547459{background: #424D59 url(https:\/\/solanteq.com\/wp-content\/uploads\/2025\/06\/Group-432.jpg?id=493) !important;background-position: center !important;background-repeat: no-repeat !important;background-size: cover !important;}\u00bb el_class=\u00bbdisable-row-overflow page-under-video-block\u00bb][vc_column][vc_row_inner equal_height=\u00bbyes\u00bb css=\u00bb.vc_custom_1748947250366{padding-right: 0px !important;padding-left: 0px !important;}\u00bb el_class=\u00bbservices-row page-temp\u00bb][vc_column_inner el_class=\u00bbservice-col\u00bb width=\u00bb1\/4&#8243; css=\u00bb.vc_custom_1748871274091{background-color: #E8432D !important;}\u00bb][vc_single_image image=\u00bb494&#8243; img_size=\u00bbfull\u00bb css=\u00bb.vc_custom_1748947890999{margin-bottom: 0px !important;padding-top: 30px !important;padding-right: 20px !important;padding-bottom: 20px !important;padding-left: 20px !important;background-color: #424D59 !important;}\u00bb][vc_custom_heading text=\u00bbEs f\u00e1cilmente escalable en funci\u00f3n de la din\u00e1mica de desarrollo de su negocio.\u00bb font_container=\u00bbtag:h2|font_size:20px|text_align:left|color:%23FFFFFF|line_height:28px\u00bb use_theme_fonts=\u00bbyes\u00bb css=\u00bb.vc_custom_1749560045501{margin-bottom: 0px !important;padding-top: 20px !important;padding-right: 20px !important;padding-bottom: 20px !important;padding-left: 20px !important;}\u00bb link=\u00bburl:%23&#8243;][\/vc_column_inner][vc_column_inner el_class=\u00bbservice-col\u00bb width=\u00bb1\/4&#8243; css=\u00bb.vc_custom_1748871295788{background-color: #FF5842 !important;}\u00bb][vc_single_image image=\u00bb495&#8243; img_size=\u00bbfull\u00bb css=\u00bb.vc_custom_1748947143150{margin-bottom: 0px !important;padding-top: 32px !important;padding-right: 20px !important;padding-bottom: 20px !important;padding-left: 20px !important;background-color: #576778 !important;}\u00bb][vc_custom_heading text=\u00bbSe adapta a las necesidades espec\u00edficas de su negocio y se llevan a cabo actualizaciones de funcionalidad peri\u00f3dicas.\u00bb font_container=\u00bbtag:h2|font_size:20px|text_align:left|color:%23FFFFFF|line_height:28px\u00bb use_theme_fonts=\u00bbyes\u00bb css=\u00bb.vc_custom_1749560096210{margin-bottom: 0px !important;padding-top: 20px !important;padding-right: 20px !important;padding-bottom: 20px !important;padding-left: 20px !important;}\u00bb link=\u00bburl:%23&#8243;][\/vc_column_inner][vc_column_inner el_class=\u00bbservice-col\u00bb width=\u00bb1\/4&#8243; css=\u00bb.vc_custom_1747926194831{background-color: #E8432D !important;}\u00bb][vc_single_image image=\u00bb496&#8243; img_size=\u00bbfull\u00bb css=\u00bb.vc_custom_1748947910756{margin-bottom: 0px !important;padding-top: 31px !important;padding-right: 20px !important;padding-bottom: 20px !important;padding-left: 20px !important;background-color: #424D59 !important;}\u00bb][vc_custom_heading text=\u00bbDisminuye el riesgo operacional mediante la automatizaci\u00f3n y la distribuci\u00f3n equilibrada de la carga de trabajo.\u00bb font_container=\u00bbtag:h2|font_size:20px|text_align:left|color:%23FFFFFF|line_height:28px\u00bb use_theme_fonts=\u00bbyes\u00bb css=\u00bb.vc_custom_1749560107397{margin-bottom: 0px !important;padding-top: 20px !important;padding-right: 20px !important;padding-bottom: 20px !important;padding-left: 20px !important;}\u00bb link=\u00bburl:%23&#8243;][\/vc_column_inner][vc_column_inner el_class=\u00bbservice-col\u00bb width=\u00bb1\/4&#8243; css=\u00bb.vc_custom_1748871303926{background-color: #FF5842 !important;}\u00bb][vc_single_image image=\u00bb497&#8243; img_size=\u00bbfull\u00bb css=\u00bb.vc_custom_1748947930371{margin-bottom: 0px !important;padding-top: 32px !important;padding-right: 20px !important;padding-bottom: 20px !important;padding-left: 20px !important;background-color: #576778 !important;}\u00bb][vc_custom_heading text=\u00bbReduce costes gracias a un modelo de implementaci\u00f3n en la nube.\u00bb font_container=\u00bbtag:h2|font_size:20px|text_align:left|color:%23FFFFFF|line_height:28px\u00bb use_theme_fonts=\u00bbyes\u00bb css=\u00bb.vc_custom_1749560118867{margin-bottom: 0px !important;padding-top: 20px !important;padding-right: 20px !important;padding-bottom: 20px !important;padding-left: 20px !important;}\u00bb link=\u00bburl:%23&#8243;][\/vc_column_inner][\/vc_row_inner][vc_row_inner equal_height=\u00bbyes\u00bb css=\u00bb.vc_custom_1748947250366{padding-right: 0px !important;padding-left: 0px !important;}\u00bb el_class=\u00bbservices-row page-temp\u00bb][vc_column_inner el_class=\u00bbservice-col change-color-col1&#8243; width=\u00bb1\/3&#8243;][vc_single_image image=\u00bb498&#8243; img_size=\u00bbfull\u00bb css=\u00bb.vc_custom_1748949934886{margin-bottom: 0px !important;padding-top: 29px !important;padding-right: 20px !important;padding-bottom: 20px !important;padding-left: 20px !important;}\u00bb][vc_custom_heading text=\u00bbSe integra a la perfecci\u00f3n con la infraestructura previa.\u00bb font_container=\u00bbtag:h2|font_size:20px|text_align:left|color:%23FFFFFF|line_height:28px\u00bb use_theme_fonts=\u00bbyes\u00bb css=\u00bb.vc_custom_1749560129744{margin-bottom: 0px !important;padding-top: 20px !important;padding-right: 20px !important;padding-bottom: 20px !important;padding-left: 20px !important;}\u00bb link=\u00bburl:%23&#8243;][\/vc_column_inner][vc_column_inner el_class=\u00bbservice-col change-color-col2&#8243; width=\u00bb1\/3&#8243;][vc_single_image image=\u00bb499&#8243; img_size=\u00bbfull\u00bb css=\u00bb.vc_custom_1748949940625{margin-bottom: 0px !important;padding-top: 30px !important;padding-right: 20px !important;padding-bottom: 20px !important;padding-left: 20px !important;}\u00bb][vc_custom_heading text=\u00bbAsegura la operaci\u00f3n bancaria simult\u00e1nea mediante el uso de varios centros de procesamiento cuando es necesario.\u00bb font_container=\u00bbtag:h2|font_size:20px|text_align:left|color:%23FFFFFF|line_height:28px\u00bb use_theme_fonts=\u00bbyes\u00bb css=\u00bb.vc_custom_1749560138996{margin-bottom: 0px !important;padding-top: 20px !important;padding-right: 20px !important;padding-bottom: 20px !important;padding-left: 20px !important;}\u00bb link=\u00bburl:%23&#8243;][\/vc_column_inner][vc_column_inner el_class=\u00bbservice-col change-color-col3&#8243; width=\u00bb1\/3&#8243;][vc_single_image image=\u00bb500&#8243; img_size=\u00bbfull\u00bb css=\u00bb.vc_custom_1748949947226{margin-bottom: 0px !important;padding-top: 29px !important;padding-right: 20px !important;padding-bottom: 20px !important;padding-left: 20px !important;}\u00bb][vc_custom_heading text=\u00bbOfrece aplicaciones de marca blanca para clients.\u00bb font_container=\u00bbtag:h2|font_size:20px|text_align:left|color:%23FFFFFF|line_height:28px\u00bb use_theme_fonts=\u00bbyes\u00bb css=\u00bb.vc_custom_1749560152099{margin-bottom: 0px !important;padding-top: 20px !important;padding-right: 20px !important;padding-bottom: 20px !important;padding-left: 20px !important;}\u00bb link=\u00bburl:%23&#8243;][\/vc_column_inner][\/vc_row_inner][\/vc_column][\/vc_row][vc_row full_width=\u00bbstretch_row\u00bb css=\u00bb.vc_custom_1748949248823{background-color: #F5F6F4 !important;}\u00bb el_class=\u00bbvideo-row\u00bb][vc_column][vc_empty_space height=\u00bb110px\u00bb el_class=\u00bbmobile-off\u00bb][vc_video link=\u00bbhttps:\/\/youtu.be\/eoQ7D7olJCM?feature=shared\u00bb align=\u00bbcenter\u00bb css=\u00bb.vc_custom_1749048677611{background-color: #FFFFFF !important;}\u00bb el_class=\u00bbvideo-widget\u00bb][vc_empty_space height=\u00bb110px\u00bb el_class=\u00bbmobile-off\u00bb][\/vc_column][\/vc_row][vc_row full_width=\u00bbstretch_row\u00bb equal_height=\u00bbyes\u00bb content_placement=\u00bbmiddle\u00bb css=\u00bb.vc_custom_1748342848647{margin-bottom: -40px !important;padding-top: 30px !important;padding-bottom: 30px !important;background-color: #E8432D !important;}\u00bb][vc_column width=\u00bb1\/6&#8243; css=\u00bb.vc_custom_1748443670093{border-color: #FFFFFF !important;}\u00bb el_class=\u00bbbenefit-icon-col\u00bb][vc_empty_space height=\u00bb30px\u00bb el_class=\u00bbmobile-off\u00bb][vc_single_image image=\u00bb507&#8243; img_size=\u00bbfull\u00bb alignment=\u00bbcenter\u00bb css=\u00bb\u00bb][vc_empty_space height=\u00bb30px\u00bb el_class=\u00bbmobile-off\u00bb][\/vc_column][vc_column width=\u00bb5\/6&#8243; el_class=\u00bbbenefit-content-col\u00bb][vc_custom_heading text=\u00bbSolar Transaction Processing Suite\u00bb font_container=\u00bbtag:h3|font_size:32px|text_align:left|color:%23FFFFFF|line_height:34px\u00bb use_theme_fonts=\u00bbyes\u00bb css=\u00bb.vc_custom_1748948070788{margin-bottom: 10px !important;}\u00bb el_class=\u00bbweight-regular\u00bb][vc_custom_heading text=\u00bbpara hacer brillar su negocio\u00bb font_container=\u00bbtag:p|font_size:20px|text_align:left|color:%23FFFFFF|line_height:28px\u00bb use_theme_fonts=\u00bbyes\u00bb css=\u00bb.vc_custom_1749560172934{margin-bottom: 0px !important;}\u00bb el_class=\u00bbweight-light\u00bb][vc_empty_space height=\u00bb30px\u00bb][vc_btn title=\u00bbCont\u00e1ctenos\u00bb style=\u00bbcustom\u00bb custom_background=\u00bb#E8432D\u00bb custom_text=\u00bb#FFFFFF\u00bb shape=\u00bbround\u00bb size=\u00bblg\u00bb align=\u00bbleft\u00bb css=\u00bb.vc_custom_1749727426731{margin-bottom: 0px !important;border-color: #FFFFFF !important;}\u00bb link=\u00bburl:%23&#8243; el_class=\u00bbbutton-red-bg popmake-1553&#8243;][\/vc_column][\/vc_row]<\/p>\n<\/div>","protected":false},"excerpt":{"rendered":"<p>[vc_row][vc_column][vc_raw_html css=\u00bb.vc_custom_1749810209075{margin-bottom: 0px !important;}\u00bb el_class=\u00bbbreadcrumbs\u00bb]JTNDYSUyMGhyZWYlM0QlMjIlMjIlM0VIb21lJTNDJTJGYSUzRSUyMCU3QyUyMCUzQ3NwYW4lM0VUZWNub2xvZyVDMyVBRGElM0MlMkZzcGFuJTNF[\/vc_raw_html][\/vc_column][\/vc_row][vc_row css=\u00bb.vc_custom_1747922304231{border-color: #FF0000 !important;}\u00bb][vc_column][vc_empty_space height=\u00bb40px\u00bb][vc_custom_heading text=\u00bbTecnolog\u00eda\u00bb font_container=\u00bbtag:h1|font_size:64px|text_align:left|color:%23424D59|line_height:84px\u00bb use_theme_fonts=\u00bbyes\u00bb css=\u00bb.vc_custom_1749810235991{margin-bottom: 0px !important;margin-left: -5px !important;}\u00bb el_class=\u00bbheading-big\u00bb][vc_empty_space height=\u00bb25px\u00bb][vc_custom_heading text=\u00bbOfrecemos una cartera de productos vers\u00e1til, SOLAR Transaction Processing Suite, que dispone de las herramientas necesarias para configurar cualquier soluci\u00f3n de pago para la emisi\u00f3n, la adquisici\u00f3n, el procesamiento y la banca.\u00bb font_container=\u00bbtag:p|font_size:20px|text_align:left|color:%23424D59|line_height:28px\u00bb use_theme_fonts=\u00bbyes\u00bb css=\u00bb.vc_custom_1749559995574{margin-bottom: 0px &#8230; <a title=\"Tecnolog\u00eda\" class=\"read-more\" href=\"https:\/\/solanteq.com\/es\/technology\/\" aria-label=\"Leer m\u00e1s sobre Tecnolog\u00eda\">Read more<\/a><\/p>\n","protected":false},"author":3,"featured_media":0,"parent":0,"menu_order":0,"comment_status":"closed","ping_status":"closed","template":"","meta":{"footnotes":""},"class_list":["post-1029","page","type-page","status-publish"],"_links":{"self":[{"href":"https:\/\/solanteq.com\/es\/wp-json\/wp\/v2\/pages\/1029","targetHints":{"allow":["GET"]}}],"collection":[{"href":"https:\/\/solanteq.com\/es\/wp-json\/wp\/v2\/pages"}],"about":[{"href":"https:\/\/solanteq.com\/es\/wp-json\/wp\/v2\/types\/page"}],"author":[{"embeddable":true,"href":"https:\/\/solanteq.com\/es\/wp-json\/wp\/v2\/users\/3"}],"replies":[{"embeddable":true,"href":"https:\/\/solanteq.com\/es\/wp-json\/wp\/v2\/comments?post=1029"}],"version-history":[{"count":6,"href":"https:\/\/solanteq.com\/es\/wp-json\/wp\/v2\/pages\/1029\/revisions"}],"predecessor-version":[{"id":1835,"href":"https:\/\/solanteq.com\/es\/wp-json\/wp\/v2\/pages\/1029\/revisions\/1835"}],"wp:attachment":[{"href":"https:\/\/solanteq.com\/es\/wp-json\/wp\/v2\/media?parent=1029"}],"curies":[{"name":"wp","href":"https:\/\/api.w.org\/{rel}","templated":true}]}}