{"id":1033,"date":"2025-06-03T09:46:24","date_gmt":"2025-06-03T06:46:24","guid":{"rendered":"https:\/\/solanteq.web-design.ee\/payment-rails\/"},"modified":"2025-06-16T13:38:03","modified_gmt":"2025-06-16T13:38:03","slug":"payment-rails","status":"publish","type":"page","link":"https:\/\/solanteq.com\/es\/payment-rails\/","title":{"rendered":"V\u00edas de pago"},"content":{"rendered":"<div class=\"wpb-content-wrapper\"><p>[vc_row][vc_column][vc_raw_html css=\u00bb.vc_custom_1749632863624{margin-bottom: 0px !important;}\u00bb el_class=\u00bbbreadcrumbs\u00bb]JTNDYSUyMGhyZWYlM0QlMjIlMjIlM0VIb21lJTNDJTJGYSUzRSUyMCU3QyUyMCUzQ2ElMjBocmVmJTNEJTIyJTIyJTNFU2VjdG9yZXMlMjBkZWwlMjBtZXJjYWRvJTNDJTJGYSUzRSUyMCU3QyUyMCUzQ3NwYW4lM0VWJUMzJUFEYXMlMjBkZSUyMHBhZ28lM0MlMkZzcGFuJTNF[\/vc_raw_html][\/vc_column][\/vc_row][vc_row css=\u00bb.vc_custom_1747922304231{border-color: #FF0000 !important;}\u00bb][vc_column][vc_empty_space height=\u00bb40px\u00bb][vc_custom_heading text=\u00bb<b>Construya una red<\/b> de pagos que permita a sus clientes beneficiarse de transferencias de dinero f\u00e1ciles y sin fronteras\u00bb font_container=\u00bbtag:h1|font_size:64px|text_align:left|color:%23424D59|line_height:84px\u00bb use_theme_fonts=\u00bbyes\u00bb css=\u00bb.vc_custom_1749632896274{margin-bottom: 0px !important;margin-left: -5px !important;}\u00bb el_class=\u00bbheading-big\u00bb][vc_empty_space height=\u00bb25px\u00bb][vc_custom_heading text=\u00bbLa plataforma Solanteq le proporciona las herramientas adecuadas para crear servicios de remesas que le permitir\u00e1n interactuar con sus socios de una manera fluida, segura y dentro de la normativa.<br \/>\nElija entre una amplia variedad de opciones de in\u00bb font_container=\u00bbtag:p|font_size:20px|text_align:left|color:%23424D59|line_height:28px\u00bb use_theme_fonts=\u00bbyes\u00bb css=\u00bb.vc_custom_1749632942379{margin-bottom: 0px !important;}\u00bb el_class=\u00bbweight-light\u00bb][vc_empty_space height=\u00bb110px\u00bb][\/vc_column][\/vc_row][vc_row full_width=\u00bbstretch_row\u00bb css=\u00bb.vc_custom_1748945912437{background: #424D59 url(https:\/\/solanteq.com\/wp-content\/uploads\/2025\/06\/Group-4311.jpg?id=476) !important;background-position: center !important;background-repeat: no-repeat !important;background-size: cover !important;}\u00bb el_class=\u00bbdisable-row-overflow\u00bb][vc_column][vc_row_inner equal_height=\u00bbyes\u00bb css=\u00bb.vc_custom_1748878391365{margin-top: -50px !important;padding-right: 0px !important;padding-left: 0px !important;}\u00bb el_class=\u00bbservices-row page-temp\u00bb][vc_column_inner el_class=\u00bbservice-col\u00bb width=\u00bb1\/3&#8243; css=\u00bb.vc_custom_1748871274091{background-color: #E8432D !important;}\u00bb][vc_single_image image=\u00bb465&#8243; img_size=\u00bbfull\u00bb css=\u00bb.vc_custom_1748944386015{margin-bottom: 0px !important;padding-top: 25px !important;padding-right: 20px !important;padding-bottom: 24px !important;padding-left: 20px !important;background-color: #424D59 !important;}\u00bb][vc_custom_heading text=\u00bbElija entre una amplia variedad de opciones de integraci\u00f3n de API.\u00bb font_container=\u00bbtag:h2|font_size:20px|text_align:left|color:%23FFFFFF|line_height:28px\u00bb use_theme_fonts=\u00bbyes\u00bb css=\u00bb.vc_custom_1749632957616{margin-bottom: 0px !important;padding-top: 20px !important;padding-right: 20px !important;padding-bottom: 20px !important;padding-left: 20px !important;}\u00bb link=\u00bburl:%23&#8243;][\/vc_column_inner][vc_column_inner el_class=\u00bbservice-col\u00bb width=\u00bb1\/3&#8243; css=\u00bb.vc_custom_1748871295788{background-color: #FF5842 !important;}\u00bb][vc_single_image image=\u00bb466&#8243; img_size=\u00bbfull\u00bb css=\u00bb.vc_custom_1748944362130{margin-bottom: 0px !important;padding-top: 22px !important;padding-right: 20px !important;padding-bottom: 20px !important;padding-left: 20px !important;background-color: #576778 !important;}\u00bb][vc_custom_heading text=\u00bbDisfrute de la simplicidad con plantillas automatizadas.\u00bb font_container=\u00bbtag:h2|font_size:20px|text_align:left|color:%23FFFFFF|line_height:28px\u00bb use_theme_fonts=\u00bbyes\u00bb css=\u00bb.vc_custom_1749632967240{margin-bottom: 0px !important;padding-top: 20px !important;padding-right: 20px !important;padding-bottom: 20px !important;padding-left: 20px !important;}\u00bb link=\u00bburl:%23&#8243;][\/vc_column_inner][vc_column_inner el_class=\u00bbservice-col\u00bb width=\u00bb1\/3&#8243; css=\u00bb.vc_custom_1748942088153{background-color: #E8432D !important;}\u00bb][vc_single_image image=\u00bb467&#8243; img_size=\u00bbfull\u00bb css=\u00bb.vc_custom_1748944155430{margin-bottom: 0px !important;padding-top: 30px !important;padding-right: 20px !important;padding-bottom: 20px !important;padding-left: 20px !important;background-color: #424D59 !important;}\u00bb][vc_custom_heading text=\u00bbConf\u00ede en la seguridad que proporcionan el cifrado avanzado, la biometr\u00eda y las herramientas antifraude manejadas por IA.\u00bb font_container=\u00bbtag:h2|font_size:20px|text_align:left|color:%23FFFFFF|line_height:28px\u00bb use_theme_fonts=\u00bbyes\u00bb css=\u00bb.vc_custom_1750080480786{margin-bottom: 30px !important;padding-top: 20px !important;padding-right: 20px !important;padding-bottom: 20px !important;padding-left: 20px !important;}\u00bb link=\u00bburl:%23&#8243;][\/vc_column_inner][\/vc_row_inner][vc_empty_space height=\u00bb80px\u00bb el_class=\u00bbmobile-off\u00bb][vc_custom_heading text=\u00bbElementos de funcionalidad\u00bb font_container=\u00bbtag:h2|font_size:36px|text_align:left|color:%23FFFFFF|line_height:44px\u00bb use_theme_fonts=\u00bbyes\u00bb css=\u00bb\u00bb el_class=\u00bbheading-big page-bits-title\u00bb][vc_empty_space height=\u00bb30px\u00bb el_class=\u00bbmobile-off\u00bb][vc_row_inner][vc_column_inner el_class=\u00bbservices-extras-col1&#8243; width=\u00bb1\/3&#8243;][vc_raw_html css=\u00bb.vc_custom_1749633017659{margin-bottom: 0px !important;}\u00bb el_class=\u00bbbits-of-functionality much-text\u00bb]UGVyZmlsZXMlMjBkZSUyMGxvcyUyMHVzdWFyaW9zJTIweSUyMHRyYW5zZmVyZW5jaWFzJTIwYSUyMHRyYXYlQzMlQTlzJTIwZGVsJTIwc2l0aW8lMjB3ZWI=[\/vc_raw_html][vc_raw_html css=\u00bb.vc_custom_1749633029444{margin-bottom: 0px !important;}\u00bb el_class=\u00bbbits-of-functionality much-text\u00bb]VHJhbnNmZXJlbmNpYXMlMjBhJTIwdHJhdiVDMyVBOXMlMjBkZSUyMHVuYSUyMGFwbGljYWNpJUMzJUIzbiUyMGFkJTIwaG9j[\/vc_raw_html][vc_raw_html css=\u00bb.vc_custom_1749633045040{margin-bottom: 0px !important;}\u00bb el_class=\u00bbbits-of-functionality much-text\u00bb]VHJhbnNhY2Npb25lcyUyMHByZXNlbmNpYWxlcyUyMGVuJTIwbGElMjBvZmljaW5h[\/vc_raw_html][\/vc_column_inner][vc_column_inner el_class=\u00bbservices-extras-col2&#8243; width=\u00bb1\/3&#8243;][vc_raw_html css=\u00bb.vc_custom_1749633059867{margin-bottom: 0px !important;}\u00bb el_class=\u00bbbits-of-functionality much-text\u00bb]UG9zaWJpbGlkYWQlMjBkZSUyMGVtaXRpciUyMHRhcmpldGFzJTIwZGUlMjBwYWdv[\/vc_raw_html][vc_raw_html css=\u00bb.vc_custom_1749633071331{margin-bottom: 0px !important;}\u00bb el_class=\u00bbbits-of-functionality much-text\u00bb]SW50ZWdyYWNpJUMzJUIzbiUyMGNvbiUyMGVzcXVlbWFzJTIwZGUlMjBwYWdv[\/vc_raw_html][vc_raw_html css=\u00bb.vc_custom_1749633083282{margin-bottom: 0px !important;}\u00bb el_class=\u00bbbits-of-functionality much-text\u00bb]SW50ZWdyYWNpb25lcyUyMGNvbiUyMHJlZGVzJTIwZGUlMjBzb2Npb3M=[\/vc_raw_html][\/vc_column_inner][vc_column_inner el_class=\u00bbservices-extras-col3&#8243; width=\u00bb1\/3&#8243;][vc_raw_html css=\u00bb.vc_custom_1749633097199{margin-bottom: 0px !important;}\u00bb el_class=\u00bbbits-of-functionality much-text\u00bb]VHJhbnNmZXJlbmNpYXMlMjBhJTIwdGFyamV0YXMlMjBvJTIwY3VlbnRhcyUyMGJhbmNhcmlhcyUyQyUyMG1vbmVkZXJvcyUyMGRpZ2l0YWxlcyUyMG8lMjB1c2FuZG8lMjBlbCUyMG4lQzMlQkFtZXJvJTIwZGUlMjB0ZWwlQzMlQTlmb25vJTIwbSVDMyVCM3ZpbA==[\/vc_raw_html][vc_raw_html css=\u00bb.vc_custom_1749633109894{margin-bottom: 0px !important;}\u00bb el_class=\u00bbbits-of-functionality much-text\u00bb]TWFyY2ElMjBibGFuY2E=[\/vc_raw_html][\/vc_column_inner][\/vc_row_inner][vc_empty_space height=\u00bb110px\u00bb el_class=\u00bbmobile-off\u00bb][\/vc_column][\/vc_row][vc_row css=\u00bb.vc_custom_1748875403174{margin-top: 50px !important;margin-bottom: 50px !important;}\u00bb][vc_column][vc_custom_heading text=\u00bbSOLAR Payment Hub responds to diverse customer needs with quick onboarding of new payment methods, readiness to process large volumes of transactions in real-time.<br \/>\nAnalyze your activity across various channels to identify opportunities for further development.\u00bb font_container=\u00bbtag:h4|font_size:32px|text_align:left|color:%23424D59|line_height:44px\u00bb use_theme_fonts=\u00bbyes\u00bb css=\u00bb.vc_custom_1748944615457{border-left-width: 5px !important;padding-top: 10px !important;padding-bottom: 10px !important;padding-left: 20px !important;border-left-style: solid !important;border-color: #E8432D !important;}\u00bb el_class=\u00bblist-of-text-with-line weight-regular\u00bb][vc_empty_space height=\u00bb30px\u00bb el_class=\u00bbmobile-off\u00bb][vc_custom_heading text=\u00bbBenefit from the additional Solanteq solutions, which can all link together<br \/>\nwith the existing infrastructure:\u00bb font_container=\u00bbtag:h4|font_size:32px|text_align:left|color:%23424D59|line_height:44px\u00bb use_theme_fonts=\u00bbyes\u00bb css=\u00bb.vc_custom_1748944643180{border-left-width: 5px !important;padding-top: 10px !important;padding-bottom: 10px !important;padding-left: 20px !important;border-left-style: solid !important;border-color: #E8432D !important;}\u00bb el_class=\u00bblist-of-text-with-line weight-regular\u00bb][vc_empty_space height=\u00bb30px\u00bb el_class=\u00bbmobile-off\u00bb][vc_custom_heading text=\u00bbSOLAR Mobile;\u00bb font_container=\u00bbtag:h4|font_size:32px|text_align:left|color:%23424D59|line_height:44px\u00bb use_theme_fonts=\u00bbyes\u00bb css=\u00bb.vc_custom_1748945308071{margin-bottom: 0px !important;border-left-width: 5px !important;padding-top: 10px !important;padding-left: 20px !important;border-left-style: solid !important;border-color: #E8432D00 !important;}\u00bb el_class=\u00bbweight-regular link-decoration\u00bb link=\u00bburl:%23&#8243;][vc_custom_heading text=\u00bbSOLAR Token Management;\u00bb font_container=\u00bbtag:h4|font_size:32px|text_align:left|color:%23424D59|line_height:44px\u00bb use_theme_fonts=\u00bbyes\u00bb css=\u00bb.vc_custom_1748945313395{margin-bottom: 0px !important;border-left-width: 5px !important;padding-left: 20px !important;border-left-style: solid !important;border-color: #E8432D00 !important;}\u00bb el_class=\u00bbweight-regular link-decoration\u00bb link=\u00bburl:%23&#8243;][vc_custom_heading text=\u00bbSOLAR Fraud Prevention;\u00bb font_container=\u00bbtag:h4|font_size:32px|text_align:left|color:%23424D59|line_height:44px\u00bb use_theme_fonts=\u00bbyes\u00bb css=\u00bb.vc_custom_1748945317389{margin-bottom: 0px !important;border-left-width: 5px !important;padding-left: 20px !important;border-left-style: solid !important;border-color: #E8432D00 !important;}\u00bb el_class=\u00bbweight-regular link-decoration\u00bb link=\u00bburl:%23&#8243;][vc_custom_heading text=\u00bbSOLAR Loyalty.\u00bb font_container=\u00bbtag:h4|font_size:32px|text_align:left|color:%23424D59|line_height:44px\u00bb use_theme_fonts=\u00bbyes\u00bb css=\u00bb.vc_custom_1748945658380{margin-bottom: 0px !important;border-left-width: 5px !important;padding-left: 20px !important;border-left-style: solid !important;border-color: #E8432D00 !important;}\u00bb el_class=\u00bbweight-regular link-decoration padding-bottom-list-mob\u00bb link=\u00bburl:%23&#8243;][vc_empty_space height=\u00bb40px\u00bb][\/vc_column][\/vc_row][vc_row el_class=\u00bbpage-bottom-boxes-list1&#8243;][vc_column width=\u00bb1\/3&#8243;][vc_custom_heading text=\u00bbSOLAR Card Issuing\u00bb font_container=\u00bbtag:h2|font_size:20px|text_align:center|color:%23FFFFFF|line_height:24px\u00bb use_theme_fonts=\u00bbyes\u00bb css=\u00bb.vc_custom_1750080590639{margin-bottom: 0px !important;padding-top: 20px !important;padding-right: 15px !important;padding-bottom: 20px !important;padding-left: 15px !important;background-color: #E8432D !important;}\u00bb el_class=\u00bbservices-heading first\u00bb link=\u00bburl:%2Fes%2Fsolar-card-issuing%2F\u00bb][\/vc_column][vc_column width=\u00bb1\/3&#8243;][vc_custom_heading text=\u00bbSOLAR Digital Card\u00bb font_container=\u00bbtag:h2|font_size:20px|text_align:center|color:%23FFFFFF|line_height:24px\u00bb use_theme_fonts=\u00bbyes\u00bb css=\u00bb.vc_custom_1750080604819{margin-bottom: 0px !important;padding-top: 20px !important;padding-right: 15px !important;padding-bottom: 20px !important;padding-left: 15px !important;background-color: #FF5842 !important;}\u00bb el_class=\u00bbservices-heading\u00bb link=\u00bburl:%2Fes%2Fsolar-digital-card%2F\u00bb][\/vc_column][vc_column width=\u00bb1\/3&#8243;][vc_custom_heading text=\u00bbSOLAR ACS\u00bb font_container=\u00bbtag:h2|font_size:20px|text_align:center|color:%23FFFFFF|line_height:24px\u00bb use_theme_fonts=\u00bbyes\u00bb css=\u00bb.vc_custom_1748881120872{margin-bottom: 0px !important;padding-top: 20px !important;padding-right: 15px !important;padding-bottom: 20px !important;padding-left: 15px !important;background-color: #E8432D !important;}\u00bb el_class=\u00bbservices-heading\u00bb link=\u00bburl:%23&#8243;][\/vc_column][\/vc_row][vc_row el_class=\u00bbpage-bottom-boxes-list2&#8243;][vc_column width=\u00bb1\/4&#8243;][vc_custom_heading text=\u00bbSOLAR Loyalty\u00bb font_container=\u00bbtag:h2|font_size:20px|text_align:center|color:%23FFFFFF|line_height:24px\u00bb use_theme_fonts=\u00bbyes\u00bb css=\u00bb.vc_custom_1750080720880{margin-bottom: 0px !important;padding-top: 20px !important;padding-right: 15px !important;padding-bottom: 20px !important;padding-left: 15px !important;background-color: #424D59 !important;}\u00bb el_class=\u00bbservices-heading\u00bb link=\u00bburl:%2Fes%2Fsolar-loyalty%2F\u00bb][\/vc_column][vc_column width=\u00bb1\/4&#8243;][vc_custom_heading text=\u00bbSOLAR Token Management\u00bb font_container=\u00bbtag:h2|font_size:20px|text_align:center|color:%23FFFFFF|line_height:24px\u00bb use_theme_fonts=\u00bbyes\u00bb css=\u00bb.vc_custom_1750080738493{margin-bottom: 0px !important;padding-top: 20px !important;padding-right: 15px !important;padding-bottom: 20px !important;padding-left: 15px !important;background-color: #576778 !important;}\u00bb el_class=\u00bbservices-heading\u00bb link=\u00bburl:%2Fes%2Fsolar-token-management%2F\u00bb][\/vc_column][vc_column width=\u00bb1\/4&#8243;][vc_custom_heading text=\u00bbSOLAR Installments\u00bb font_container=\u00bbtag:h2|font_size:20px|text_align:center|color:%23FFFFFF|line_height:24px\u00bb use_theme_fonts=\u00bbyes\u00bb css=\u00bb.vc_custom_1750080752083{margin-bottom: 0px !important;padding-top: 20px !important;padding-right: 15px !important;padding-bottom: 20px !important;padding-left: 15px !important;background-color: #424D59 !important;}\u00bb el_class=\u00bbservices-heading\u00bb link=\u00bburl:%2Fes%2Fsolar-installments%2F\u00bb][\/vc_column][vc_column width=\u00bb1\/4&#8243;][vc_custom_heading text=\u00bbSOLAR Mobile\u00bb font_container=\u00bbtag:h2|font_size:20px|text_align:center|color:%23FFFFFF|line_height:24px\u00bb use_theme_fonts=\u00bbyes\u00bb css=\u00bb.vc_custom_1750080769149{margin-bottom: 0px !important;padding-top: 20px !important;padding-right: 15px !important;padding-bottom: 20px !important;padding-left: 15px !important;background-color: #576778 !important;}\u00bb el_class=\u00bbservices-heading last\u00bb link=\u00bburl:%2Fes%2Fsolar-mobile%2F\u00bb][\/vc_column][\/vc_row][vc_row el_class=\u00bbmobile-off\u00bb][vc_column][vc_empty_space height=\u00bb60px\u00bb][\/vc_column][\/vc_row][vc_row full_width=\u00bbstretch_row\u00bb equal_height=\u00bbyes\u00bb content_placement=\u00bbmiddle\u00bb css=\u00bb.vc_custom_1748342848647{margin-bottom: -40px !important;padding-top: 30px !important;padding-bottom: 30px !important;background-color: #E8432D !important;}\u00bb][vc_column width=\u00bb1\/6&#8243; css=\u00bb.vc_custom_1748443670093{border-color: #FFFFFF !important;}\u00bb el_class=\u00bbbenefit-icon-col\u00bb][vc_empty_space height=\u00bb50px\u00bb el_class=\u00bbmobile-off\u00bb][vc_single_image image=\u00bb413&#8243; img_size=\u00bbfull\u00bb alignment=\u00bbcenter\u00bb css=\u00bb\u00bb][vc_empty_space height=\u00bb50px\u00bb el_class=\u00bbmobile-off\u00bb][\/vc_column][vc_column width=\u00bb5\/6&#8243; el_class=\u00bbbenefit-content-col\u00bb][vc_custom_heading text=\u00bbOpciones de implementaci\u00f3n\u00bb font_container=\u00bbtag:h3|font_size:32px|text_align:left|color:%23FFFFFF|line_height:34px\u00bb use_theme_fonts=\u00bbyes\u00bb css=\u00bb.vc_custom_1750080865819{margin-bottom: 10px !important;}\u00bb el_class=\u00bbweight-regular\u00bb][vc_custom_heading text=\u00bbImpulse la innovaci\u00f3n mediante t\u00e9cnicas de configuraci\u00f3n optimizadas y nativas de la nube.<br \/>\nRequisitos para plataformas inteligentes y modelo SaaS: la clave para soluciones rentables.\u00bb font_container=\u00bbtag:p|font_size:20px|text_align:left|color:%23FFFFFF|line_height:28px\u00bb use_theme_fonts=\u00bbyes\u00bb css=\u00bb.vc_custom_1750080884489{margin-bottom: 0px !important;}\u00bb el_class=\u00bbweight-light\u00bb][vc_empty_space height=\u00bb30px\u00bb][vc_btn title=\u00bbContacte Con Nosotros\u00bb style=\u00bbcustom\u00bb custom_background=\u00bb#E8432D\u00bb custom_text=\u00bb#FFFFFF\u00bb shape=\u00bbround\u00bb size=\u00bblg\u00bb align=\u00bbleft\u00bb css=\u00bb.vc_custom_1750080911698{margin-bottom: 0px !important;border-color: #FFFFFF !important;}\u00bb link=\u00bburl:%23&#8243; el_class=\u00bbbutton-red-bg popmake-1553&#8243;][\/vc_column][\/vc_row]<\/p>\n<\/div>","protected":false},"excerpt":{"rendered":"<p>[vc_row][vc_column][vc_raw_html css=\u00bb.vc_custom_1749632863624{margin-bottom: 0px !important;}\u00bb el_class=\u00bbbreadcrumbs\u00bb]JTNDYSUyMGhyZWYlM0QlMjIlMjIlM0VIb21lJTNDJTJGYSUzRSUyMCU3QyUyMCUzQ2ElMjBocmVmJTNEJTIyJTIyJTNFU2VjdG9yZXMlMjBkZWwlMjBtZXJjYWRvJTNDJTJGYSUzRSUyMCU3QyUyMCUzQ3NwYW4lM0VWJUMzJUFEYXMlMjBkZSUyMHBhZ28lM0MlMkZzcGFuJTNF[\/vc_raw_html][\/vc_column][\/vc_row][vc_row css=\u00bb.vc_custom_1747922304231{border-color: #FF0000 !important;}\u00bb][vc_column][vc_empty_space height=\u00bb40px\u00bb][vc_custom_heading text=\u00bbConstruya una red de pagos que permita a sus clientes beneficiarse de transferencias de dinero f\u00e1ciles y sin fronteras\u00bb font_container=\u00bbtag:h1|font_size:64px|text_align:left|color:%23424D59|line_height:84px\u00bb use_theme_fonts=\u00bbyes\u00bb css=\u00bb.vc_custom_1749632896274{margin-bottom: 0px !important;margin-left: -5px !important;}\u00bb el_class=\u00bbheading-big\u00bb][vc_empty_space height=\u00bb25px\u00bb][vc_custom_heading text=\u00bbLa plataforma Solanteq le proporciona las herramientas adecuadas para crear servicios de remesas que le permitir\u00e1n interactuar con &#8230; <a title=\"V\u00edas de pago\" class=\"read-more\" href=\"https:\/\/solanteq.com\/es\/payment-rails\/\" aria-label=\"Leer m\u00e1s sobre V\u00edas de pago\">Read more<\/a><\/p>\n","protected":false},"author":3,"featured_media":0,"parent":0,"menu_order":0,"comment_status":"closed","ping_status":"closed","template":"","meta":{"footnotes":""},"class_list":["post-1033","page","type-page","status-publish"],"_links":{"self":[{"href":"https:\/\/solanteq.com\/es\/wp-json\/wp\/v2\/pages\/1033","targetHints":{"allow":["GET"]}}],"collection":[{"href":"https:\/\/solanteq.com\/es\/wp-json\/wp\/v2\/pages"}],"about":[{"href":"https:\/\/solanteq.com\/es\/wp-json\/wp\/v2\/types\/page"}],"author":[{"embeddable":true,"href":"https:\/\/solanteq.com\/es\/wp-json\/wp\/v2\/users\/3"}],"replies":[{"embeddable":true,"href":"https:\/\/solanteq.com\/es\/wp-json\/wp\/v2\/comments?post=1033"}],"version-history":[{"count":11,"href":"https:\/\/solanteq.com\/es\/wp-json\/wp\/v2\/pages\/1033\/revisions"}],"predecessor-version":[{"id":2442,"href":"https:\/\/solanteq.com\/es\/wp-json\/wp\/v2\/pages\/1033\/revisions\/2442"}],"wp:attachment":[{"href":"https:\/\/solanteq.com\/es\/wp-json\/wp\/v2\/media?parent=1033"}],"curies":[{"name":"wp","href":"https:\/\/api.w.org\/{rel}","templated":true}]}}