{"id":1035,"date":"2025-06-03T09:02:12","date_gmt":"2025-06-03T06:02:12","guid":{"rendered":"https:\/\/solanteq.web-design.ee\/fintech\/"},"modified":"2025-06-12T11:10:20","modified_gmt":"2025-06-12T11:10:20","slug":"fintech","status":"publish","type":"page","link":"https:\/\/solanteq.com\/es\/fintech\/","title":{"rendered":"Fintech"},"content":{"rendered":"<div class=\"wpb-content-wrapper\"><p>[vc_row][vc_column][vc_raw_html css=\u00bb.vc_custom_1749630482843{margin-bottom: 0px !important;}\u00bb el_class=\u00bbbreadcrumbs\u00bb]JTNDYSUyMGhyZWYlM0QlMjIlMjIlM0VIb21lJTNDJTJGYSUzRSUyMCU3QyUyMCUzQ2ElMjBocmVmJTNEJTIyJTIyJTNFU2VjdG9yZXMlMjBkZWwlMjBtZXJjYWRvJTNDJTJGYSUzRSUyMCU3QyUyMCUzQ3NwYW4lM0VGaW50ZWNoJTNDJTJGc3BhbiUzRQ==[\/vc_raw_html][\/vc_column][\/vc_row][vc_row css=\u00bb.vc_custom_1747922304231{border-color: #FF0000 !important;}\u00bb][vc_column][vc_empty_space height=\u00bb40px\u00bb][vc_custom_heading text=\u00bb<b>Revolucione el mercado<\/b> con innovaci\u00f3n y potencie el rendimiento de la inversi\u00f3n con nuestro software para fintechs\u00bb font_container=\u00bbtag:h1|font_size:64px|text_align:left|color:%23424D59|line_height:84px\u00bb use_theme_fonts=\u00bbyes\u00bb css=\u00bb.vc_custom_1749630515862{margin-bottom: 0px !important;margin-left: -5px !important;}\u00bb el_class=\u00bbheading-big\u00bb][vc_empty_space height=\u00bb25px\u00bb][vc_custom_heading text=\u00bbYa sea en comercio electr\u00f3nico, centros de pago, monederos, cr\u00e9dito o contabilidad de activos digitales y criptomonedas, nuestra plataforma modular flexible y de configuraci\u00f3n r\u00e1pida ofrece libertad para crear y desafiar a los l\u00edderes del mercado. Desde el concepto hasta el producto final, Solanteq le proporcionar\u00e1 un sistema de procesamiento de pagos fiable que sirva como base para la innovaci\u00f3n de su negocio. Nos encargamos de la integraci\u00f3n, las aplicaciones para m\u00f3viles y web, la incorporaci\u00f3n de monederos y de la mediaci\u00f3n y los informes precisos.\u00bb font_container=\u00bbtag:p|font_size:20px|text_align:left|color:%23424D59|line_height:28px\u00bb use_theme_fonts=\u00bbyes\u00bb css=\u00bb.vc_custom_1749630526692{margin-bottom: 0px !important;}\u00bb el_class=\u00bbweight-light\u00bb][vc_empty_space height=\u00bb110px\u00bb][\/vc_column][\/vc_row][vc_row full_width=\u00bbstretch_row\u00bb css=\u00bb.vc_custom_1748942870449{background: #424D59 url(https:\/\/solanteq.com\/wp-content\/uploads\/2025\/06\/Group-431.jpg?id=453) !important;background-position: center !important;background-repeat: no-repeat !important;background-size: cover !important;}\u00bb el_class=\u00bbdisable-row-overflow\u00bb][vc_column][vc_row_inner equal_height=\u00bbyes\u00bb css=\u00bb.vc_custom_1748878391365{margin-top: -50px !important;padding-right: 0px !important;padding-left: 0px !important;}\u00bb el_class=\u00bbservices-row page-temp\u00bb][vc_column_inner el_class=\u00bbservice-col\u00bb width=\u00bb1\/5&#8243; css=\u00bb.vc_custom_1748871274091{background-color: #E8432D !important;}\u00bb][vc_single_image image=\u00bb442&#8243; img_size=\u00bbfull\u00bb css=\u00bb.vc_custom_1748942416520{margin-bottom: 0px !important;padding-top: 25px !important;padding-right: 20px !important;padding-bottom: 15px !important;padding-left: 20px !important;background-color: #424D59 !important;}\u00bb][vc_custom_heading text=\u00bbImplementaci\u00f3n<br \/>\nr\u00e1pida y<br \/>\nfuncionalidades<br \/>\npersonalizables\u00bb font_container=\u00bbtag:h2|font_size:20px|text_align:left|color:%23FFFFFF|line_height:28px\u00bb use_theme_fonts=\u00bbyes\u00bb css=\u00bb.vc_custom_1749631068734{margin-bottom: 0px !important;padding-top: 20px !important;padding-right: 20px !important;padding-bottom: 20px !important;padding-left: 20px !important;}\u00bb link=\u00bburl:%23&#8243;][\/vc_column_inner][vc_column_inner el_class=\u00bbservice-col\u00bb width=\u00bb1\/5&#8243; css=\u00bb.vc_custom_1748871295788{background-color: #FF5842 !important;}\u00bb][vc_single_image image=\u00bb443&#8243; img_size=\u00bbfull\u00bb css=\u00bb.vc_custom_1748942344606{margin-bottom: 0px !important;padding-top: 31px !important;padding-right: 20px !important;padding-bottom: 20px !important;padding-left: 20px !important;background-color: #576778 !important;}\u00bb][vc_custom_heading text=\u00bbArquitectura<br \/>\nf\u00e1cilmente escalable<br \/>\ny avanzados<br \/>\nest\u00e1ndares de<br \/>\nseguridad<br \/>\ncontrolados por IA\u00bb font_container=\u00bbtag:h2|font_size:20px|text_align:left|color:%23FFFFFF|line_height:28px\u00bb use_theme_fonts=\u00bbyes\u00bb css=\u00bb.vc_custom_1749631101031{margin-bottom: 0px !important;padding-top: 20px !important;padding-right: 20px !important;padding-bottom: 20px !important;padding-left: 20px !important;}\u00bb link=\u00bburl:%23&#8243;][\/vc_column_inner][vc_column_inner el_class=\u00bbservice-col\u00bb width=\u00bb1\/5&#8243; css=\u00bb.vc_custom_1748942088153{background-color: #E8432D !important;}\u00bb][vc_single_image image=\u00bb444&#8243; img_size=\u00bbfull\u00bb css=\u00bb.vc_custom_1748941982960{margin-bottom: 0px !important;padding-top: 30px !important;padding-right: 20px !important;padding-bottom: 20px !important;padding-left: 20px !important;background-color: #424D59 !important;}\u00bb][vc_custom_heading text=\u00bbPrestaciones de<br \/>\nnueva generaci\u00f3n<br \/>\ncon las \u00faltimas<br \/>\ntecnolog\u00edas API\u00bb font_container=\u00bbtag:h2|font_size:20px|text_align:left|color:%23FFFFFF|line_height:28px\u00bb use_theme_fonts=\u00bbyes\u00bb css=\u00bb.vc_custom_1749631116305{margin-bottom: 0px !important;padding-top: 20px !important;padding-right: 20px !important;padding-bottom: 20px !important;padding-left: 20px !important;}\u00bb link=\u00bburl:%23&#8243;][\/vc_column_inner][vc_column_inner el_class=\u00bbservice-col\u00bb width=\u00bb1\/5&#8243; css=\u00bb.vc_custom_1748871303926{background-color: #FF5842 !important;}\u00bb][vc_single_image image=\u00bb445&#8243; img_size=\u00bbfull\u00bb css=\u00bb.vc_custom_1748942365974{margin-bottom: 0px !important;padding-top: 32px !important;padding-right: 20px !important;padding-bottom: 20px !important;padding-left: 20px !important;background-color: #576778 !important;}\u00bb][vc_custom_heading text=\u00bbRequisitos<br \/>\nm\u00ednimos<br \/>\nde hardware<br \/>\ny software\u00bb font_container=\u00bbtag:h2|font_size:20px|text_align:left|color:%23FFFFFF|line_height:28px\u00bb use_theme_fonts=\u00bbyes\u00bb css=\u00bb.vc_custom_1749631130888{margin-bottom: 0px !important;padding-top: 20px !important;padding-right: 20px !important;padding-bottom: 20px !important;padding-left: 20px !important;}\u00bb link=\u00bburl:%23&#8243;][\/vc_column_inner][vc_column_inner el_class=\u00bbservice-col\u00bb width=\u00bb1\/5&#8243; css=\u00bb.vc_custom_1748942094935{background-color: #E8432D !important;}\u00bb][vc_single_image image=\u00bb448&#8243; img_size=\u00bbfull\u00bb css=\u00bb.vc_custom_1748942383754{margin-bottom: 0px !important;padding-top: 33px !important;padding-right: 20px !important;padding-bottom: 20px !important;padding-left: 20px !important;background-color: #424D59 !important;}\u00bb][vc_custom_heading text=\u00bbCoste reducido<br \/>\npara la creaci\u00f3n<br \/>\nde un prototipo<br \/>\nde negocio\u00bb font_container=\u00bbtag:h2|font_size:20px|text_align:left|color:%23FFFFFF|line_height:28px\u00bb use_theme_fonts=\u00bbyes\u00bb css=\u00bb.vc_custom_1749631143540{margin-bottom: 0px !important;padding-top: 20px !important;padding-right: 20px !important;padding-bottom: 20px !important;padding-left: 20px !important;}\u00bb link=\u00bburl:%23&#8243;][\/vc_column_inner][\/vc_row_inner][vc_empty_space height=\u00bb80px\u00bb el_class=\u00bbmobile-off\u00bb][vc_custom_heading text=\u00bbElementos de funcionalidad\u00bb font_container=\u00bbtag:h2|font_size:36px|text_align:left|color:%23FFFFFF|line_height:44px\u00bb use_theme_fonts=\u00bbyes\u00bb css=\u00bb\u00bb el_class=\u00bbheading-big page-bits-title\u00bb][vc_empty_space height=\u00bb30px\u00bb el_class=\u00bbmobile-off\u00bb][vc_row_inner][vc_column_inner el_class=\u00bbservices-extras-col1&#8243; width=\u00bb1\/3&#8243;][vc_raw_html css=\u00bb.vc_custom_1749630624645{margin-bottom: 0px !important;}\u00bb el_class=\u00bbbits-of-functionality much-text\u00bb]R2VzdGklQzMlQjNuJTIwZGUlMjB0cmFuc2FjY2lvbmVz[\/vc_raw_html][vc_raw_html css=\u00bb.vc_custom_1749631220069{margin-bottom: 0px !important;}\u00bb el_class=\u00bbbits-of-functionality much-text\u00bb]SW50ZWdyYWNpJUMzJUIzbiUyMGNvbiUyMGVzcXVlbWFzJTNDYnIlMjAlMkYlM0UlMEFkZSUyMHBhZ28lMjB5JTIwbSVDMyVBOXRvZG9zJTNDYnIlMjAlMkYlM0UlMjAlMEFkZSUyMHBhZ28lMjBhbHRlcm5hdGl2b3MlMjAlMEE=[\/vc_raw_html][vc_raw_html css=\u00bb.vc_custom_1749630657259{margin-bottom: 0px !important;}\u00bb el_class=\u00bbbits-of-functionality much-text\u00bb]QVBJJTIwcGFyYSUyMGFwbGljYWNpb25lcyUyMHdlYiUyMHklMjBtJUMzJUIzdmlsZXM=[\/vc_raw_html][\/vc_column_inner][vc_column_inner el_class=\u00bbservices-extras-col2&#8243; width=\u00bb1\/3&#8243;][vc_raw_html css=\u00bb.vc_custom_1748943686670{margin-bottom: 0px !important;}\u00bb el_class=\u00bbbits-of-functionality much-text\u00bb]RS1Db21tZXJjZQ==[\/vc_raw_html][vc_raw_html css=\u00bb.vc_custom_1749630676148{margin-bottom: 0px !important;}\u00bb el_class=\u00bbbits-of-functionality much-text\u00bb]VHJhbnNhY2Npb25lcyUyMGRlJTIwcGFnbyUyMG9ubGluZSUyMHklMjBvZmZsaW5lLg==[\/vc_raw_html][vc_raw_html css=\u00bb.vc_custom_1749631293973{margin-bottom: 0px !important;}\u00bb el_class=\u00bbbits-of-functionality much-text\u00bb]Q3VhbHF1aWVyJTIwdGlwbyUyMGRlJTIwcGFnbyUzQ2JyJTIwJTJGJTNFJTIwJTBBJTI4QUNIJTJDJTIwUDJQJTJDJTIwdHJhbnNmZXJlbmNpYXMlM0NiciUyMCUyRiUzRSUyMCUwQWludGVybmFjaW9uYWxlcyUyQyUyMGZhY3R1cmFjaSVDMyVCM24lMjB5JTIwdGVzb3JlciVDMyVBRGElMjk=[\/vc_raw_html][\/vc_column_inner][vc_column_inner el_class=\u00bbservices-extras-col3&#8243; width=\u00bb1\/3&#8243;][vc_raw_html css=\u00bb.vc_custom_1749631341710{margin-bottom: 0px !important;}\u00bb el_class=\u00bbbits-of-functionality much-text\u00bb]UGxhdGFmb3JtYXMlMjBkZSUyMHByJUMzJUE5c3RhbW9zJTJDJTNDYnIlMjAlMkYlM0UlMjAlMEFpbmNsdWlkYXMlMjBzb2x1Y2lvbmVzJTNDYnIlMjAlMkYlM0UlMjAlMEFkZSUyMHBhZ28lMjBhcGxhemFkbw==[\/vc_raw_html][vc_raw_html css=\u00bb.vc_custom_1749631356584{margin-bottom: 0px !important;}\u00bb el_class=\u00bbbits-of-functionality much-text\u00bb]R2VzdGklQzMlQjNuJTIwZGUlMjBjdWVudGFzJTNDYnIlMjAlMkYlM0UlMjAlMEFkZSUyMHZlbmRlZG9yZXM=[\/vc_raw_html][vc_raw_html css=\u00bb.vc_custom_1749631360880{margin-bottom: 0px !important;}\u00bb el_class=\u00bbbits-of-functionality much-text\u00bb]TWFyY2ElMjBibGFuY2E=[\/vc_raw_html][\/vc_column_inner][\/vc_row_inner][vc_empty_space height=\u00bb110px\u00bb el_class=\u00bbmobile-off\u00bb][\/vc_column][\/vc_row][vc_row css=\u00bb.vc_custom_1748875403174{margin-top: 50px !important;margin-bottom: 50px !important;}\u00bb][vc_column][vc_custom_heading text=\u00bbD\u00e9 un impulso a su negocio fintech con productos de marca blanca, API f\u00e1ciles de usar, integraciones con bancos, emisores de tarjetas o proveedores de servicios de pago listas para configurar, servicios KYC\/AML y mucho m\u00e1s. Todo adaptado a las crecientes demandas de su organizaci\u00f3n.\u00bb font_container=\u00bbtag:h4|font_size:32px|text_align:left|color:%23424D59|line_height:44px\u00bb use_theme_fonts=\u00bbyes\u00bb css=\u00bb.vc_custom_1749630745187{border-left-width: 5px !important;padding-top: 10px !important;padding-bottom: 10px !important;padding-left: 20px !important;border-left-style: solid !important;border-color: #E8432D !important;}\u00bb el_class=\u00bblist-of-text-with-line weight-regular\u00bb][vc_empty_space height=\u00bb30px\u00bb el_class=\u00bbmobile-off\u00bb][vc_custom_heading text=\u00bbCon nosotros es f\u00e1cil mejorar la adquisici\u00f3n de clientes, aumentar la seguridad, poner en marcha procesos tecnol\u00f3gicos relacionados con el cumplimiento de la normativa y expandirse a nuevos mercados. Todo ello garantizar\u00e1 que est\u00e1 dando los pasos adecuados para alcanzar el \u00e9xito a largo plazo.\u00bb font_container=\u00bbtag:h4|font_size:32px|text_align:left|color:%23424D59|line_height:44px\u00bb use_theme_fonts=\u00bbyes\u00bb css=\u00bb.vc_custom_1749630753872{border-left-width: 5px !important;padding-top: 10px !important;padding-bottom: 10px !important;padding-left: 20px !important;border-left-style: solid !important;border-color: #E8432D !important;}\u00bb el_class=\u00bblist-of-text-with-line weight-regular\u00bb][\/vc_column][\/vc_row][vc_row el_class=\u00bbpage-bottom-boxes-list1&#8243;][vc_column width=\u00bb1\/3&#8243;][vc_custom_heading text=\u00bbSOLAR Card Issuing\u00bb font_container=\u00bbtag:h2|font_size:20px|text_align:center|color:%23FFFFFF|line_height:24px\u00bb use_theme_fonts=\u00bbyes\u00bb css=\u00bb.vc_custom_1749648103238{margin-bottom: 0px !important;padding-top: 20px !important;padding-right: 15px !important;padding-bottom: 20px !important;padding-left: 15px !important;background-color: #E8432D !important;}\u00bb el_class=\u00bbservices-heading first\u00bb link=\u00bburl:%2Fes%2Fsolar-card-issuing%2F\u00bb][\/vc_column][vc_column width=\u00bb1\/3&#8243;][vc_custom_heading text=\u00bbSOLAR Digital Card\u00bb font_container=\u00bbtag:h2|font_size:20px|text_align:center|color:%23FFFFFF|line_height:24px\u00bb use_theme_fonts=\u00bbyes\u00bb css=\u00bb.vc_custom_1749648083767{margin-bottom: 0px !important;padding-top: 20px !important;padding-right: 15px !important;padding-bottom: 20px !important;padding-left: 15px !important;background-color: #FF5842 !important;}\u00bb el_class=\u00bbservices-heading\u00bb link=\u00bburl:%2Fes%2Fsolar-digital-card%2F\u00bb][\/vc_column][vc_column width=\u00bb1\/3&#8243;][vc_custom_heading text=\u00bbSOLAR ACS\u00bb font_container=\u00bbtag:h2|font_size:20px|text_align:center|color:%23FFFFFF|line_height:24px\u00bb use_theme_fonts=\u00bbyes\u00bb css=\u00bb.vc_custom_1748881120872{margin-bottom: 0px !important;padding-top: 20px !important;padding-right: 15px !important;padding-bottom: 20px !important;padding-left: 15px !important;background-color: #E8432D !important;}\u00bb el_class=\u00bbservices-heading\u00bb link=\u00bburl:%23&#8243;][\/vc_column][\/vc_row][vc_row el_class=\u00bbpage-bottom-boxes-list2&#8243;][vc_column width=\u00bb1\/4&#8243;][vc_custom_heading text=\u00bbSOLAR Loyalty\u00bb font_container=\u00bbtag:h2|font_size:20px|text_align:center|color:%23FFFFFF|line_height:24px\u00bb use_theme_fonts=\u00bbyes\u00bb css=\u00bb.vc_custom_1749648065293{margin-bottom: 0px !important;padding-top: 20px !important;padding-right: 15px !important;padding-bottom: 20px !important;padding-left: 15px !important;background-color: #424D59 !important;}\u00bb el_class=\u00bbservices-heading\u00bb link=\u00bburl:%2Fes%2Fsolar-loyalty%2F\u00bb][\/vc_column][vc_column width=\u00bb1\/4&#8243;][vc_custom_heading text=\u00bbSOLAR Token Management\u00bb font_container=\u00bbtag:h2|font_size:20px|text_align:center|color:%23FFFFFF|line_height:24px\u00bb use_theme_fonts=\u00bbyes\u00bb css=\u00bb.vc_custom_1749648050799{margin-bottom: 0px !important;padding-top: 20px !important;padding-right: 15px !important;padding-bottom: 20px !important;padding-left: 15px !important;background-color: #576778 !important;}\u00bb el_class=\u00bbservices-heading\u00bb link=\u00bburl:%2Fes%2Fsolar-token-management%2F\u00bb][\/vc_column][vc_column width=\u00bb1\/4&#8243;][vc_custom_heading text=\u00bbSOLAR Installments\u00bb font_container=\u00bbtag:h2|font_size:20px|text_align:center|color:%23FFFFFF|line_height:24px\u00bb use_theme_fonts=\u00bbyes\u00bb css=\u00bb.vc_custom_1749648025734{margin-bottom: 0px !important;padding-top: 20px !important;padding-right: 15px !important;padding-bottom: 20px !important;padding-left: 15px !important;background-color: #424D59 !important;}\u00bb el_class=\u00bbservices-heading\u00bb link=\u00bburl:%2Fes%2Fsolar-installments%2F\u00bb][\/vc_column][vc_column width=\u00bb1\/4&#8243;][vc_custom_heading text=\u00bbSOLAR Mobile\u00bb font_container=\u00bbtag:h2|font_size:20px|text_align:center|color:%23FFFFFF|line_height:24px\u00bb use_theme_fonts=\u00bbyes\u00bb css=\u00bb.vc_custom_1749648006019{margin-bottom: 0px !important;padding-top: 20px !important;padding-right: 15px !important;padding-bottom: 20px !important;padding-left: 15px !important;background-color: #576778 !important;}\u00bb el_class=\u00bbservices-heading last\u00bb link=\u00bburl:%2Fes%2Fsolar-mobile%2F\u00bb][\/vc_column][\/vc_row][vc_row el_class=\u00bbmobile-off\u00bb][vc_column][vc_empty_space height=\u00bb60px\u00bb][\/vc_column][\/vc_row][vc_row full_width=\u00bbstretch_row\u00bb equal_height=\u00bbyes\u00bb content_placement=\u00bbmiddle\u00bb css=\u00bb.vc_custom_1748342848647{margin-bottom: -40px !important;padding-top: 30px !important;padding-bottom: 30px !important;background-color: #E8432D !important;}\u00bb][vc_column width=\u00bb1\/6&#8243; css=\u00bb.vc_custom_1748443670093{border-color: #FFFFFF !important;}\u00bb el_class=\u00bbbenefit-icon-col\u00bb][vc_empty_space height=\u00bb50px\u00bb el_class=\u00bbmobile-off\u00bb][vc_single_image image=\u00bb413&#8243; img_size=\u00bbfull\u00bb alignment=\u00bbcenter\u00bb css=\u00bb\u00bb][vc_empty_space height=\u00bb50px\u00bb el_class=\u00bbmobile-off\u00bb][\/vc_column][vc_column width=\u00bb5\/6&#8243; el_class=\u00bbbenefit-content-col\u00bb][vc_custom_heading text=\u00bbOpciones de implementaci\u00f3n\u00bb font_container=\u00bbtag:h3|font_size:32px|text_align:left|color:%23FFFFFF|line_height:34px\u00bb use_theme_fonts=\u00bbyes\u00bb css=\u00bb.vc_custom_1749630766189{margin-bottom: 10px !important;}\u00bb el_class=\u00bbweight-regular\u00bb][vc_custom_heading text=\u00bbImpulse la innovaci\u00f3n mediante t\u00e9cnicas de configuraci\u00f3n optimizadas y nativas de la nube.<br \/>\nRequisitos para plataformas inteligentes y modelo SaaS: la clave para soluciones rentables.\u00bb font_container=\u00bbtag:p|font_size:20px|text_align:left|color:%23FFFFFF|line_height:28px\u00bb use_theme_fonts=\u00bbyes\u00bb css=\u00bb.vc_custom_1749630780347{margin-bottom: 0px !important;}\u00bb el_class=\u00bbweight-light\u00bb][vc_empty_space height=\u00bb30px\u00bb][vc_btn title=\u00bbContacte Con Nosotros\u00bb style=\u00bbcustom\u00bb custom_background=\u00bb#E8432D\u00bb custom_text=\u00bb#FFFFFF\u00bb shape=\u00bbround\u00bb size=\u00bblg\u00bb align=\u00bbleft\u00bb css=\u00bb.vc_custom_1749726618610{margin-bottom: 0px !important;border-color: #FFFFFF !important;}\u00bb link=\u00bburl:%23&#8243; el_class=\u00bbbutton-red-bg popmake-1553&#8243;][\/vc_column][\/vc_row]<\/p>\n<\/div>","protected":false},"excerpt":{"rendered":"<p>[vc_row][vc_column][vc_raw_html css=\u00bb.vc_custom_1749630482843{margin-bottom: 0px !important;}\u00bb el_class=\u00bbbreadcrumbs\u00bb]JTNDYSUyMGhyZWYlM0QlMjIlMjIlM0VIb21lJTNDJTJGYSUzRSUyMCU3QyUyMCUzQ2ElMjBocmVmJTNEJTIyJTIyJTNFU2VjdG9yZXMlMjBkZWwlMjBtZXJjYWRvJTNDJTJGYSUzRSUyMCU3QyUyMCUzQ3NwYW4lM0VGaW50ZWNoJTNDJTJGc3BhbiUzRQ==[\/vc_raw_html][\/vc_column][\/vc_row][vc_row css=\u00bb.vc_custom_1747922304231{border-color: #FF0000 !important;}\u00bb][vc_column][vc_empty_space height=\u00bb40px\u00bb][vc_custom_heading text=\u00bbRevolucione el mercado con innovaci\u00f3n y potencie el rendimiento de la inversi\u00f3n con nuestro software para fintechs\u00bb font_container=\u00bbtag:h1|font_size:64px|text_align:left|color:%23424D59|line_height:84px\u00bb use_theme_fonts=\u00bbyes\u00bb css=\u00bb.vc_custom_1749630515862{margin-bottom: 0px !important;margin-left: -5px !important;}\u00bb el_class=\u00bbheading-big\u00bb][vc_empty_space height=\u00bb25px\u00bb][vc_custom_heading text=\u00bbYa sea en comercio electr\u00f3nico, centros de pago, monederos, cr\u00e9dito o contabilidad de activos digitales y criptomonedas, nuestra plataforma modular &#8230; <a title=\"Fintech\" class=\"read-more\" href=\"https:\/\/solanteq.com\/es\/fintech\/\" aria-label=\"Leer m\u00e1s sobre Fintech\">Read more<\/a><\/p>\n","protected":false},"author":3,"featured_media":0,"parent":0,"menu_order":0,"comment_status":"closed","ping_status":"closed","template":"","meta":{"footnotes":""},"class_list":["post-1035","page","type-page","status-publish"],"_links":{"self":[{"href":"https:\/\/solanteq.com\/es\/wp-json\/wp\/v2\/pages\/1035","targetHints":{"allow":["GET"]}}],"collection":[{"href":"https:\/\/solanteq.com\/es\/wp-json\/wp\/v2\/pages"}],"about":[{"href":"https:\/\/solanteq.com\/es\/wp-json\/wp\/v2\/types\/page"}],"author":[{"embeddable":true,"href":"https:\/\/solanteq.com\/es\/wp-json\/wp\/v2\/users\/3"}],"replies":[{"embeddable":true,"href":"https:\/\/solanteq.com\/es\/wp-json\/wp\/v2\/comments?post=1035"}],"version-history":[{"count":6,"href":"https:\/\/solanteq.com\/es\/wp-json\/wp\/v2\/pages\/1035\/revisions"}],"predecessor-version":[{"id":1580,"href":"https:\/\/solanteq.com\/es\/wp-json\/wp\/v2\/pages\/1035\/revisions\/1580"}],"wp:attachment":[{"href":"https:\/\/solanteq.com\/es\/wp-json\/wp\/v2\/media?parent=1035"}],"curies":[{"name":"wp","href":"https:\/\/api.w.org\/{rel}","templated":true}]}}