{"id":1133,"date":"2025-06-03T08:33:02","date_gmt":"2025-06-03T05:33:02","guid":{"rendered":"https:\/\/solanteq.web-design.ee\/acquirers-and-psps\/"},"modified":"2025-06-12T11:10:10","modified_gmt":"2025-06-12T11:10:10","slug":"acquirers-and-psps","status":"publish","type":"page","link":"https:\/\/solanteq.com\/es\/acquirers-and-psps\/","title":{"rendered":"Adquirentes y PSP"},"content":{"rendered":"<div class=\"wpb-content-wrapper\"><p>[vc_row][vc_column][vc_raw_html css=\u00bb.vc_custom_1749626829552{margin-bottom: 0px !important;}\u00bb el_class=\u00bbbreadcrumbs\u00bb]JTNDYSUyMGhyZWYlM0QlMjIlMjIlM0VIb21lJTNDJTJGYSUzRSUyMCU3QyUyMCUzQ2ElMjBocmVmJTNEJTIyJTIyJTNFU2VjdG9yZXMlMjBkZWwlMjBtZXJjYWRvJTNDJTJGYSUzRSUyMCU3QyUyMCUzQ3NwYW4lM0VBZHF1aXJlbnRlcyUyMHklMjBQU1AlM0MlMkZzcGFuJTNF[\/vc_raw_html][\/vc_column][\/vc_row][vc_row css=\u00bb.vc_custom_1747922304231{border-color: #FF0000 !important;}\u00bb][vc_column][vc_empty_space height=\u00bb40px\u00bb][vc_custom_heading text=\u00bb<b>Facilite el crecimiento<\/b> de los comercios con transacciones seguras y sin contratiempos en todos los canales\u00bb font_container=\u00bbtag:h1|font_size:64px|text_align:left|color:%23424D59|line_height:84px\u00bb use_theme_fonts=\u00bbyes\u00bb css=\u00bb.vc_custom_1749626869163{margin-bottom: 0px !important;margin-left: -5px !important;}\u00bb el_class=\u00bbheading-big\u00bb][vc_empty_space height=\u00bb25px\u00bb][vc_custom_heading text=\u00bbNuestra desarrollada tecnolog\u00eda dota a los adquirentes y PSP con una capacidad de procesamiento de pagos de primer nivel, que va desde el itinerario de transacciones hasta los pagos, la contabilidad de libro mayor general y la mediaci\u00f3n para facilitar un mayor crecimiento empresarial.\u00bb font_container=\u00bbtag:p|font_size:20px|text_align:left|color:%23424D59|line_height:28px\u00bb use_theme_fonts=\u00bbyes\u00bb css=\u00bb.vc_custom_1749626881537{margin-bottom: 0px !important;}\u00bb el_class=\u00bbweight-light\u00bb][vc_empty_space height=\u00bb110px\u00bb][\/vc_column][\/vc_row][vc_row full_width=\u00bbstretch_row\u00bb css=\u00bb.vc_custom_1748940138105{background: #424D59 url(https:\/\/solanteq.com\/wp-content\/uploads\/2025\/06\/Group-430.jpg?id=434) !important;background-position: center !important;background-repeat: no-repeat !important;background-size: cover !important;}\u00bb el_class=\u00bbdisable-row-overflow\u00bb][vc_column][vc_row_inner equal_height=\u00bbyes\u00bb css=\u00bb.vc_custom_1748878391365{margin-top: -50px !important;padding-right: 0px !important;padding-left: 0px !important;}\u00bb el_class=\u00bbservices-row page-temp\u00bb][vc_column_inner el_class=\u00bbservice-col\u00bb width=\u00bb1\/4&#8243; css=\u00bb.vc_custom_1748871274091{background-color: #E8432D !important;}\u00bb][vc_single_image image=\u00bb429&#8243; img_size=\u00bbfull\u00bb css=\u00bb.vc_custom_1748939914017{margin-bottom: 0px !important;padding-top: 20px !important;padding-right: 20px !important;padding-bottom: 20px !important;padding-left: 20px !important;background-color: #424D59 !important;}\u00bb][vc_custom_heading text=\u00bbOfrecer una<br \/>\nsoluci\u00f3n con todas<br \/>\nlas funcionalidades<br \/>\nclave\u00bb font_container=\u00bbtag:h2|font_size:20px|text_align:left|color:%23FFFFFF|line_height:28px\u00bb use_theme_fonts=\u00bbyes\u00bb css=\u00bb.vc_custom_1749627445439{margin-bottom: 0px !important;padding-top: 20px !important;padding-right: 20px !important;padding-bottom: 20px !important;padding-left: 20px !important;}\u00bb link=\u00bburl:%23&#8243;][\/vc_column_inner][vc_column_inner el_class=\u00bbservice-col\u00bb width=\u00bb1\/4&#8243; css=\u00bb.vc_custom_1748871295788{background-color: #FF5842 !important;}\u00bb][vc_single_image image=\u00bb430&#8243; img_size=\u00bbfull\u00bb css=\u00bb.vc_custom_1748941112794{margin-bottom: 0px !important;padding-top: 32px !important;padding-right: 20px !important;padding-bottom: 20px !important;padding-left: 20px !important;background-color: #576778 !important;}\u00bb][vc_custom_heading text=\u00bbAprovechar el potencial<br \/>\nde productos configurables<br \/>\nde manera inteligente para<br \/>\nobtener una mayor<br \/>\nrentabilidad\u00bb font_container=\u00bbtag:h2|font_size:20px|text_align:left|color:%23FFFFFF|line_height:28px\u00bb use_theme_fonts=\u00bbyes\u00bb css=\u00bb.vc_custom_1749627493122{margin-bottom: 0px !important;padding-top: 20px !important;padding-right: 20px !important;padding-bottom: 20px !important;padding-left: 20px !important;}\u00bb link=\u00bburl:%23&#8243;][\/vc_column_inner][vc_column_inner el_class=\u00bbservice-col\u00bb width=\u00bb1\/4&#8243; css=\u00bb.vc_custom_1747926194831{background-color: #E8432D !important;}\u00bb][vc_single_image image=\u00bb431&#8243; img_size=\u00bbfull\u00bb css=\u00bb.vc_custom_1748941129868{margin-bottom: 0px !important;padding-top: 30px !important;padding-right: 20px !important;padding-bottom: 20px !important;padding-left: 20px !important;background-color: #424D59 !important;}\u00bb][vc_custom_heading text=\u00bbSeamless ecosystem<br \/>\nconnectivity with<br \/>\nadvanced API-first<br \/>\nstrategy\u00bb font_container=\u00bbtag:h2|font_size:20px|text_align:left|color:%23FFFFFF|line_height:28px\u00bb use_theme_fonts=\u00bbyes\u00bb css=\u00bb.vc_custom_1749627524828{margin-bottom: 0px !important;padding-top: 20px !important;padding-right: 20px !important;padding-bottom: 20px !important;padding-left: 20px !important;}\u00bb link=\u00bburl:%23&#8243;][\/vc_column_inner][vc_column_inner el_class=\u00bbservice-col\u00bb width=\u00bb1\/4&#8243; css=\u00bb.vc_custom_1748871303926{background-color: #FF5842 !important;}\u00bb][vc_single_image image=\u00bb432&#8243; img_size=\u00bbfull\u00bb css=\u00bb.vc_custom_1748941150672{margin-bottom: 0px !important;padding-top: 27px !important;padding-right: 20px !important;padding-bottom: 20px !important;padding-left: 20px !important;background-color: #576778 !important;}\u00bb][vc_custom_heading text=\u00bbBeneficiarnos de<br \/>\nla potencia de la IA para<br \/>\nalcanzar un<br \/>\nfuturo m\u00e1s inteligente\u00bb font_container=\u00bbtag:h2|font_size:20px|text_align:left|color:%23FFFFFF|line_height:28px\u00bb use_theme_fonts=\u00bbyes\u00bb css=\u00bb.vc_custom_1749627548809{margin-bottom: 0px !important;padding-top: 20px !important;padding-right: 20px !important;padding-bottom: 20px !important;padding-left: 20px !important;}\u00bb link=\u00bburl:%23&#8243;][\/vc_column_inner][\/vc_row_inner][vc_empty_space height=\u00bb80px\u00bb el_class=\u00bbmobile-off\u00bb][vc_custom_heading text=\u00bbElementos de funcionalidad\u00bb font_container=\u00bbtag:h2|font_size:36px|text_align:left|color:%23FFFFFF|line_height:44px\u00bb use_theme_fonts=\u00bbyes\u00bb css=\u00bb\u00bb el_class=\u00bbheading-big page-bits-title\u00bb][vc_empty_space height=\u00bb30px\u00bb el_class=\u00bbmobile-off\u00bb][vc_row_inner][vc_column_inner el_class=\u00bbservices-extras-col1&#8243; width=\u00bb1\/3&#8243;][vc_raw_html css=\u00bb.vc_custom_1748943713077{margin-bottom: 0px !important;}\u00bb el_class=\u00bbbits-of-functionality much-text\u00bb]U3dpdGNo[\/vc_raw_html][vc_raw_html css=\u00bb.vc_custom_1749627609525{margin-bottom: 0px !important;}\u00bb el_class=\u00bbbits-of-functionality much-text\u00bb]Q29udHJvbGFkb3IlMjBkZSUyMHB1bnRvJTNDYnIlMjAlMkYlM0UlMjAlMEFkZSUyMHNlcnZpY2lvJTIwJTI4UE9TJTI5[\/vc_raw_html][vc_raw_html css=\u00bb.vc_custom_1749626973929{margin-bottom: 0px !important;}\u00bb el_class=\u00bbbits-of-functionality much-text\u00bb]ZS1Db21tZXJjZQ==[\/vc_raw_html][vc_raw_html css=\u00bb.vc_custom_1749626984863{margin-bottom: 0px !important;}\u00bb el_class=\u00bbbits-of-functionality much-text\u00bb]M0QlMjBTZWN1cmU=[\/vc_raw_html][vc_raw_html css=\u00bb.vc_custom_1749626995260{margin-bottom: 0px !important;}\u00bb el_class=\u00bbbits-of-functionality much-text\u00bb]QmFja29mZmljZSUyMG9ubGluZQ==[\/vc_raw_html][\/vc_column_inner][vc_column_inner el_class=\u00bbservices-extras-col2&#8243; width=\u00bb1\/3&#8243;][vc_raw_html css=\u00bb.vc_custom_1749627005829{margin-bottom: 0px !important;}\u00bb el_class=\u00bbbits-of-functionality much-text\u00bb]R2VzdGklQzMlQjNuJTIwZGUlMjBjdWVudGFzJTIwZGUlMjB2ZW5kZWRvcmVz[\/vc_raw_html][vc_raw_html css=\u00bb.vc_custom_1749627015030{margin-bottom: 0px !important;}\u00bb el_class=\u00bbbits-of-functionality much-text\u00bb]R2VzdGklQzMlQjNuJTIwZGUlMjB0ZXJtaW5hbGVz[\/vc_raw_html][vc_raw_html css=\u00bb.vc_custom_1749627023809{margin-bottom: 0px !important;}\u00bb el_class=\u00bbbits-of-functionality much-text\u00bb]R2VzdGklQzMlQjNuJTIwZGUlMjB0cmFuc2FjY2lvbmVz[\/vc_raw_html][vc_raw_html css=\u00bb.vc_custom_1749627037666{margin-bottom: 0px !important;}\u00bb el_class=\u00bbbits-of-functionality much-text\u00bb]UGFzYXJlbGElMjBkZSUyMHBhZ29z[\/vc_raw_html][vc_raw_html css=\u00bb.vc_custom_1749627045543{margin-bottom: 0px !important;}\u00bb el_class=\u00bbbits-of-functionality much-text\u00bb]TWFyY2ElMjBibGFuY2E=[\/vc_raw_html][\/vc_column_inner][vc_column_inner el_class=\u00bbservices-extras-col3&#8243; width=\u00bb1\/3&#8243;][vc_raw_html css=\u00bb.vc_custom_1749627055297{margin-bottom: 0px !important;}\u00bb el_class=\u00bbbits-of-functionality much-text\u00bb]UHJldmVuY2klQzMlQjNuJTIwZGUlMjBmcmF1ZGU=[\/vc_raw_html][vc_raw_html css=\u00bb.vc_custom_1749627665965{margin-bottom: 0px !important;}\u00bb el_class=\u00bbbits-of-functionality much-text\u00bb]VG9kYXMlMjBsYXMlMjBwcmluY2lwYWxlcyUyMHJlZGVzJTNDYnIlMjAlMkYlM0UlMEFkZSUyMHBhZ28lMjB5JTIwbSVDMyVBOXRvZG9zJTNDYnIlMjAlMkYlM0UlMjAlMEFkZSUyMHBhZ28lMjBhbHRlcm5hdGl2b3M=[\/vc_raw_html][\/vc_column_inner][\/vc_row_inner][vc_empty_space height=\u00bb110px\u00bb el_class=\u00bbmobile-off\u00bb][\/vc_column][\/vc_row][vc_row css=\u00bb.vc_custom_1748875403174{margin-top: 50px !important;margin-bottom: 50px !important;}\u00bb][vc_column][vc_custom_heading text=\u00bbSolanteq ofrece la integraci\u00f3n r\u00e1pida con todas las principales redes de pago internacionales y la aceptaci\u00f3n de una gran variedad de m\u00e9todos de pago: transacciones con tarjeta f\u00edsica, pagos en e-Commerce, monederos digitales, transacciones de cuenta a cuenta y m\u00e9todos de pago alternativos como PayPal o CBDC.\u00bb font_container=\u00bbtag:h4|font_size:32px|text_align:left|color:%23424D59|line_height:44px\u00bb use_theme_fonts=\u00bbyes\u00bb css=\u00bb.vc_custom_1749627119388{border-left-width: 5px !important;padding-top: 10px !important;padding-bottom: 10px !important;padding-left: 20px !important;border-left-style: solid !important;border-color: #E8432D !important;}\u00bb el_class=\u00bblist-of-text-with-line weight-regular\u00bb][vc_empty_space height=\u00bb30px\u00bb el_class=\u00bbmobile-off\u00bb][vc_custom_heading text=\u00bbNuestra soluci\u00f3n est\u00e1 dise\u00f1ada con API RESTful avanzadas que permiten un enfoque multicanal, configuraci\u00f3n de tarifas flexibles y modelos de precios inteligentes. El software es f\u00e1cilmente escalable y evoluciona seg\u00fan las necesidades de su proyecto.\u00bb font_container=\u00bbtag:h4|font_size:32px|text_align:left|color:%23424D59|line_height:44px\u00bb use_theme_fonts=\u00bbyes\u00bb css=\u00bb.vc_custom_1749627131443{border-left-width: 5px !important;padding-top: 10px !important;padding-bottom: 10px !important;padding-left: 20px !important;border-left-style: solid !important;border-color: #E8432D !important;}\u00bb el_class=\u00bblist-of-text-with-line weight-regular\u00bb][vc_empty_space height=\u00bb30px\u00bb el_class=\u00bbmobile-off\u00bb][vc_custom_heading text=\u00bbCon SOLAR, mantenerse al d\u00eda de las innovaciones en materia de pagos y agilizar la experiencia del cliente es sencillo, ya que satisface las necesidades actuales de los PSP y aborda los desaf\u00edos del futuro. Los clientes se benefician de una soluci\u00f3n multiadquirente, as\u00ed como de la compatibilidad con interfaces de sistemas de pago, adaptadores flexibles para integraciones previas, actualizaciones autom\u00e1ticas, copia de seguridad de datos y mucho m\u00e1s.\u00bb font_container=\u00bbtag:h4|font_size:32px|text_align:left|color:%23424D59|line_height:44px\u00bb use_theme_fonts=\u00bbyes\u00bb css=\u00bb.vc_custom_1749627147275{border-left-width: 5px !important;padding-top: 10px !important;padding-bottom: 10px !important;padding-left: 20px !important;border-left-style: solid !important;border-color: #E8432D !important;}\u00bb el_class=\u00bblist-of-text-with-line weight-regular\u00bb][\/vc_column][\/vc_row][vc_row el_class=\u00bbpage-bottom-boxes-list1&#8243;][vc_column width=\u00bb1\/3&#8243;][vc_custom_heading text=\u00bbSOLAR Card Issuing\u00bb font_container=\u00bbtag:h2|font_size:20px|text_align:center|color:%23FFFFFF|line_height:24px\u00bb use_theme_fonts=\u00bbyes\u00bb css=\u00bb.vc_custom_1749647278430{margin-bottom: 0px !important;padding-top: 20px !important;padding-right: 15px !important;padding-bottom: 20px !important;padding-left: 15px !important;background-color: #E8432D !important;}\u00bb el_class=\u00bbservices-heading first\u00bb link=\u00bburl:%2Fes%2Fsolar-card-issuing%2F\u00bb][\/vc_column][vc_column width=\u00bb1\/3&#8243;][vc_custom_heading text=\u00bbSOLAR Digital Card\u00bb font_container=\u00bbtag:h2|font_size:20px|text_align:center|color:%23FFFFFF|line_height:24px\u00bb use_theme_fonts=\u00bbyes\u00bb css=\u00bb.vc_custom_1749647294755{margin-bottom: 0px !important;padding-top: 20px !important;padding-right: 15px !important;padding-bottom: 20px !important;padding-left: 15px !important;background-color: #FF5842 !important;}\u00bb el_class=\u00bbservices-heading\u00bb link=\u00bburl:%2Fes%2Fsolar-digital-card%2F\u00bb][\/vc_column][vc_column width=\u00bb1\/3&#8243;][vc_custom_heading text=\u00bbSOLAR ACS\u00bb font_container=\u00bbtag:h2|font_size:20px|text_align:center|color:%23FFFFFF|line_height:24px\u00bb use_theme_fonts=\u00bbyes\u00bb css=\u00bb.vc_custom_1748881120872{margin-bottom: 0px !important;padding-top: 20px !important;padding-right: 15px !important;padding-bottom: 20px !important;padding-left: 15px !important;background-color: #E8432D !important;}\u00bb el_class=\u00bbservices-heading\u00bb link=\u00bburl:%23&#8243;][\/vc_column][\/vc_row][vc_row el_class=\u00bbpage-bottom-boxes-list2&#8243;][vc_column width=\u00bb1\/4&#8243;][vc_custom_heading text=\u00bbSOLAR Loyalty\u00bb font_container=\u00bbtag:h2|font_size:20px|text_align:center|color:%23FFFFFF|line_height:24px\u00bb use_theme_fonts=\u00bbyes\u00bb css=\u00bb.vc_custom_1749647313619{margin-bottom: 0px !important;padding-top: 20px !important;padding-right: 15px !important;padding-bottom: 20px !important;padding-left: 15px !important;background-color: #424D59 !important;}\u00bb el_class=\u00bbservices-heading\u00bb link=\u00bburl:%2Fes%2Fsolar-loyalty%2F\u00bb][\/vc_column][vc_column width=\u00bb1\/4&#8243;][vc_custom_heading text=\u00bbSOLAR Token Management\u00bb font_container=\u00bbtag:h2|font_size:20px|text_align:center|color:%23FFFFFF|line_height:24px\u00bb use_theme_fonts=\u00bbyes\u00bb css=\u00bb.vc_custom_1749647337990{margin-bottom: 0px !important;padding-top: 20px !important;padding-right: 15px !important;padding-bottom: 20px !important;padding-left: 15px !important;background-color: #576778 !important;}\u00bb el_class=\u00bbservices-heading\u00bb link=\u00bburl:%2Fes%2Fsolar-token-management%2F\u00bb][\/vc_column][vc_column width=\u00bb1\/4&#8243;][vc_custom_heading text=\u00bbSOLAR Installments\u00bb font_container=\u00bbtag:h2|font_size:20px|text_align:center|color:%23FFFFFF|line_height:24px\u00bb use_theme_fonts=\u00bbyes\u00bb css=\u00bb.vc_custom_1749647357928{margin-bottom: 0px !important;padding-top: 20px !important;padding-right: 15px !important;padding-bottom: 20px !important;padding-left: 15px !important;background-color: #424D59 !important;}\u00bb el_class=\u00bbservices-heading\u00bb link=\u00bburl:%2Fes%2Fsolar-installments%2F\u00bb][\/vc_column][vc_column width=\u00bb1\/4&#8243;][vc_custom_heading text=\u00bbSOLAR Mobile\u00bb font_container=\u00bbtag:h2|font_size:20px|text_align:center|color:%23FFFFFF|line_height:24px\u00bb use_theme_fonts=\u00bbyes\u00bb css=\u00bb.vc_custom_1749647374335{margin-bottom: 0px !important;padding-top: 20px !important;padding-right: 15px !important;padding-bottom: 20px !important;padding-left: 15px !important;background-color: #576778 !important;}\u00bb el_class=\u00bbservices-heading last\u00bb link=\u00bburl:%2Fes%2Fsolar-mobile%2F\u00bb][\/vc_column][\/vc_row][vc_row el_class=\u00bbmobile-off\u00bb][vc_column][vc_empty_space height=\u00bb60px\u00bb][\/vc_column][\/vc_row][vc_row full_width=\u00bbstretch_row\u00bb equal_height=\u00bbyes\u00bb content_placement=\u00bbmiddle\u00bb css=\u00bb.vc_custom_1748342848647{margin-bottom: -40px !important;padding-top: 30px !important;padding-bottom: 30px !important;background-color: #E8432D !important;}\u00bb][vc_column width=\u00bb1\/6&#8243; css=\u00bb.vc_custom_1748443670093{border-color: #FFFFFF !important;}\u00bb el_class=\u00bbbenefit-icon-col\u00bb][vc_empty_space height=\u00bb50px\u00bb el_class=\u00bbmobile-off\u00bb][vc_single_image image=\u00bb413&#8243; img_size=\u00bbfull\u00bb alignment=\u00bbcenter\u00bb css=\u00bb\u00bb][vc_empty_space height=\u00bb50px\u00bb el_class=\u00bbmobile-off\u00bb][\/vc_column][vc_column width=\u00bb5\/6&#8243; el_class=\u00bbbenefit-content-col\u00bb][vc_custom_heading text=\u00bbOpciones de implementaci\u00f3n\u00bb font_container=\u00bbtag:h3|font_size:32px|text_align:left|color:%23FFFFFF|line_height:34px\u00bb use_theme_fonts=\u00bbyes\u00bb css=\u00bb.vc_custom_1749627161524{margin-bottom: 10px !important;}\u00bb el_class=\u00bbweight-regular\u00bb][vc_custom_heading text=\u00bbImpulse la innovaci\u00f3n mediante t\u00e9cnicas de configuraci\u00f3n optimizadas y nativas de la nube.<br \/>\nRequisitos para plataformas inteligentes y modelo SaaS: la clave para soluciones rentables.\u00bb font_container=\u00bbtag:p|font_size:20px|text_align:left|color:%23FFFFFF|line_height:28px\u00bb use_theme_fonts=\u00bbyes\u00bb css=\u00bb.vc_custom_1749627177420{margin-bottom: 0px !important;}\u00bb el_class=\u00bbweight-light\u00bb][vc_empty_space height=\u00bb30px\u00bb][vc_btn title=\u00bbContacte con nosotros\u00bb style=\u00bbcustom\u00bb custom_background=\u00bb#E8432D\u00bb custom_text=\u00bb#FFFFFF\u00bb shape=\u00bbround\u00bb size=\u00bblg\u00bb align=\u00bbleft\u00bb css=\u00bb.vc_custom_1749726609317{margin-bottom: 0px !important;border-color: #FFFFFF !important;}\u00bb link=\u00bburl:%23&#8243; el_class=\u00bbbutton-red-bg popmake-1553&#8243;][\/vc_column][\/vc_row]<\/p>\n<\/div>","protected":false},"excerpt":{"rendered":"<p>[vc_row][vc_column][vc_raw_html css=\u00bb.vc_custom_1749626829552{margin-bottom: 0px !important;}\u00bb el_class=\u00bbbreadcrumbs\u00bb]JTNDYSUyMGhyZWYlM0QlMjIlMjIlM0VIb21lJTNDJTJGYSUzRSUyMCU3QyUyMCUzQ2ElMjBocmVmJTNEJTIyJTIyJTNFU2VjdG9yZXMlMjBkZWwlMjBtZXJjYWRvJTNDJTJGYSUzRSUyMCU3QyUyMCUzQ3NwYW4lM0VBZHF1aXJlbnRlcyUyMHklMjBQU1AlM0MlMkZzcGFuJTNF[\/vc_raw_html][\/vc_column][\/vc_row][vc_row css=\u00bb.vc_custom_1747922304231{border-color: #FF0000 !important;}\u00bb][vc_column][vc_empty_space height=\u00bb40px\u00bb][vc_custom_heading text=\u00bbFacilite el crecimiento de los comercios con transacciones seguras y sin contratiempos en todos los canales\u00bb font_container=\u00bbtag:h1|font_size:64px|text_align:left|color:%23424D59|line_height:84px\u00bb use_theme_fonts=\u00bbyes\u00bb css=\u00bb.vc_custom_1749626869163{margin-bottom: 0px !important;margin-left: -5px !important;}\u00bb el_class=\u00bbheading-big\u00bb][vc_empty_space height=\u00bb25px\u00bb][vc_custom_heading text=\u00bbNuestra desarrollada tecnolog\u00eda dota a los adquirentes y PSP con una capacidad de procesamiento de pagos de primer nivel, que va &#8230; <a title=\"Adquirentes y PSP\" class=\"read-more\" href=\"https:\/\/solanteq.com\/es\/acquirers-and-psps\/\" aria-label=\"Leer m\u00e1s sobre Adquirentes y PSP\">Read more<\/a><\/p>\n","protected":false},"author":3,"featured_media":0,"parent":0,"menu_order":0,"comment_status":"closed","ping_status":"closed","template":"","meta":{"footnotes":""},"class_list":["post-1133","page","type-page","status-publish"],"_links":{"self":[{"href":"https:\/\/solanteq.com\/es\/wp-json\/wp\/v2\/pages\/1133","targetHints":{"allow":["GET"]}}],"collection":[{"href":"https:\/\/solanteq.com\/es\/wp-json\/wp\/v2\/pages"}],"about":[{"href":"https:\/\/solanteq.com\/es\/wp-json\/wp\/v2\/types\/page"}],"author":[{"embeddable":true,"href":"https:\/\/solanteq.com\/es\/wp-json\/wp\/v2\/users\/3"}],"replies":[{"embeddable":true,"href":"https:\/\/solanteq.com\/es\/wp-json\/wp\/v2\/comments?post=1133"}],"version-history":[{"count":5,"href":"https:\/\/solanteq.com\/es\/wp-json\/wp\/v2\/pages\/1133\/revisions"}],"predecessor-version":[{"id":1579,"href":"https:\/\/solanteq.com\/es\/wp-json\/wp\/v2\/pages\/1133\/revisions\/1579"}],"wp:attachment":[{"href":"https:\/\/solanteq.com\/es\/wp-json\/wp\/v2\/media?parent=1133"}],"curies":[{"name":"wp","href":"https:\/\/api.w.org\/{rel}","templated":true}]}}