{"id":1135,"date":"2025-06-02T12:46:25","date_gmt":"2025-06-02T12:46:25","guid":{"rendered":"https:\/\/solanteq.web-design.ee\/banks-and-issuers\/"},"modified":"2025-06-12T11:10:00","modified_gmt":"2025-06-12T11:10:00","slug":"banks-and-issuers","status":"publish","type":"page","link":"https:\/\/solanteq.com\/es\/banks-and-issuers\/","title":{"rendered":"Bancos y emisores"},"content":{"rendered":"<div class=\"wpb-content-wrapper\"><p>[vc_row][vc_column][vc_raw_html css=\u00bb.vc_custom_1749624191221{margin-bottom: 0px !important;}\u00bb el_class=\u00bbbreadcrumbs\u00bb]JTNDYSUyMGhyZWYlM0QlMjIlMjIlM0VIb21lJTNDJTJGYSUzRSUyMCU3QyUyMCUzQ2ElMjBocmVmJTNEJTIyJTIyJTNFU2VjdG9yZXMlMjBkZWwlMjBtZXJjYWRvJTNDJTJGYSUzRSUyMCU3QyUyMCUzQ3NwYW4lM0VCYW5jb3MlMjB5JTIwZW1pc29yZXMlM0MlMkZzcGFuJTNF[\/vc_raw_html][\/vc_column][\/vc_row][vc_row css=\u00bb.vc_custom_1747922304231{border-color: #FF0000 !important;}\u00bb][vc_column][vc_empty_space height=\u00bb40px\u00bb][vc_custom_heading text=\u00bb<b>Forme parte del futuro<\/b> con<br \/>\nlas soluciones de emisi\u00f3n de tarjetas<br \/>\ninnovadoras y centradas en el usuario.\u00bb font_container=\u00bbtag:h1|font_size:64px|text_align:left|color:%23424D59|line_height:84px\u00bb use_theme_fonts=\u00bbyes\u00bb css=\u00bb.vc_custom_1749624725957{margin-bottom: 0px !important;margin-left: -5px !important;}\u00bb el_class=\u00bbheading-big\u00bb][vc_empty_space height=\u00bb25px\u00bb][vc_custom_heading text=\u00bbSolanteq apoya a bancos tradicionales y neobancos con soluciones efectivas para cualquier proyecto estrat\u00e9gico, desde la completa sustituci\u00f3n de infraestructuras heredadas hasta la implementaci\u00f3n de funcionalidades de vanguardia.\u00bb font_container=\u00bbtag:p|font_size:20px|text_align:left|color:%23424D59|line_height:28px\u00bb use_theme_fonts=\u00bbyes\u00bb css=\u00bb.vc_custom_1749624250903{margin-bottom: 0px !important;}\u00bb el_class=\u00bbweight-light\u00bb][vc_empty_space height=\u00bb110px\u00bb][\/vc_column][\/vc_row][vc_row full_width=\u00bbstretch_row\u00bb css=\u00bb.vc_custom_1748871782040{background: #424D59 url(https:\/\/solanteq.com\/wp-content\/uploads\/2025\/06\/Group-429.jpg?id=388) !important;background-position: center !important;background-repeat: no-repeat !important;background-size: cover !important;}\u00bb el_class=\u00bbdisable-row-overflow\u00bb][vc_column][vc_row_inner equal_height=\u00bbyes\u00bb css=\u00bb.vc_custom_1748878391365{margin-top: -50px !important;padding-right: 0px !important;padding-left: 0px !important;}\u00bb el_class=\u00bbservices-row page-temp\u00bb][vc_column_inner el_class=\u00bbservice-col\u00bb width=\u00bb1\/4&#8243; css=\u00bb.vc_custom_1748871274091{background-color: #E8432D !important;}\u00bb][vc_single_image image=\u00bb376&#8243; img_size=\u00bbfull\u00bb css=\u00bb.vc_custom_1748871071704{margin-bottom: 0px !important;padding-top: 20px !important;padding-right: 20px !important;padding-bottom: 20px !important;padding-left: 20px !important;background-color: #424D59 !important;}\u00bb][vc_custom_heading text=\u00bbInteracci\u00f3n fluida con<br \/>\nel cliente e innovaci\u00f3n<br \/>\nconstante de<br \/>\nnuestros productos.\u00bb font_container=\u00bbtag:h2|font_size:20px|text_align:left|color:%23FFFFFF|line_height:28px\u00bb use_theme_fonts=\u00bbyes\u00bb css=\u00bb.vc_custom_1749624852764{margin-bottom: 0px !important;padding-top: 20px !important;padding-right: 20px !important;padding-bottom: 20px !important;padding-left: 20px !important;}\u00bb link=\u00bburl:%23&#8243;][\/vc_column_inner][vc_column_inner el_class=\u00bbservice-col\u00bb width=\u00bb1\/4&#8243; css=\u00bb.vc_custom_1748871295788{background-color: #FF5842 !important;}\u00bb][vc_single_image image=\u00bb377&#8243; img_size=\u00bbfull\u00bb css=\u00bb.vc_custom_1748871464329{margin-bottom: 0px !important;padding-top: 20px !important;padding-right: 20px !important;padding-bottom: 12px !important;padding-left: 20px !important;background-color: #576778 !important;}\u00bb][vc_custom_heading text=\u00bbMayor eficiencia, ya que<br \/>\ngestionar\u00e1 todos los<br \/>\nproductos de emisi\u00f3n<br \/>\nmediante una \u00fanica<br \/>\nsoluci\u00f3n.\u00bb font_container=\u00bbtag:h2|font_size:20px|text_align:left|color:%23FFFFFF|line_height:28px\u00bb use_theme_fonts=\u00bbyes\u00bb css=\u00bb.vc_custom_1749624900108{margin-bottom: 0px !important;padding-top: 20px !important;padding-right: 20px !important;padding-bottom: 20px !important;padding-left: 20px !important;}\u00bb link=\u00bburl:%23&#8243;][\/vc_column_inner][vc_column_inner el_class=\u00bbservice-col\u00bb width=\u00bb1\/4&#8243; css=\u00bb.vc_custom_1747926194831{background-color: #E8432D !important;}\u00bb][vc_single_image image=\u00bb378&#8243; img_size=\u00bbfull\u00bb css=\u00bb.vc_custom_1748871497820{margin-bottom: 0px !important;padding-top: 20px !important;padding-right: 20px !important;padding-bottom: 16px !important;padding-left: 20px !important;background-color: #424D59 !important;}\u00bb][vc_custom_heading text=\u00bb\u00d3ptima integraci\u00f3n<br \/>\ncon canales<br \/>\nde informaci\u00f3n<br \/>\ny transacci\u00f3n.\u00bb font_container=\u00bbtag:h2|font_size:20px|text_align:left|color:%23FFFFFF|line_height:28px\u00bb use_theme_fonts=\u00bbyes\u00bb css=\u00bb.vc_custom_1749624920600{margin-bottom: 0px !important;padding-top: 20px !important;padding-right: 20px !important;padding-bottom: 20px !important;padding-left: 20px !important;}\u00bb link=\u00bburl:%23&#8243;][\/vc_column_inner][vc_column_inner el_class=\u00bbservice-col\u00bb width=\u00bb1\/4&#8243; css=\u00bb.vc_custom_1748871303926{background-color: #FF5842 !important;}\u00bb][vc_single_image image=\u00bb379&#8243; img_size=\u00bbfull\u00bb css=\u00bb.vc_custom_1748871552869{margin-bottom: 0px !important;padding-top: 22px !important;padding-right: 20px !important;padding-bottom: 21px !important;padding-left: 20px !important;background-color: #576778 !important;}\u00bb][vc_custom_heading text=\u00bbGarant\u00eda de la<br \/>\nescalabilidad y el<br \/>\ncumplimiento de<br \/>\nest\u00e1ndares de<br \/>\nnuestras soluciones.\u00bb font_container=\u00bbtag:h2|font_size:20px|text_align:left|color:%23FFFFFF|line_height:28px\u00bb use_theme_fonts=\u00bbyes\u00bb css=\u00bb.vc_custom_1749624983309{margin-bottom: 0px !important;padding-top: 20px !important;padding-right: 20px !important;padding-bottom: 20px !important;padding-left: 20px !important;}\u00bb link=\u00bburl:%23&#8243;][\/vc_column_inner][\/vc_row_inner][vc_empty_space height=\u00bb80px\u00bb el_class=\u00bbmobile-off\u00bb][vc_custom_heading text=\u00bbElementos de funcionalidad\u00bb font_container=\u00bbtag:h2|font_size:36px|text_align:left|color:%23FFFFFF|line_height:44px\u00bb use_theme_fonts=\u00bbyes\u00bb css=\u00bb\u00bb el_class=\u00bbheading-big page-bits-title\u00bb][vc_empty_space height=\u00bb30px\u00bb el_class=\u00bbmobile-off\u00bb][vc_row_inner][vc_column_inner el_class=\u00bbservices-extras-col1&#8243; width=\u00bb1\/3&#8243;][vc_raw_html css=\u00bb.vc_custom_1749624328955{margin-bottom: 0px !important;}\u00bb el_class=\u00bbbits-of-functionality much-text\u00bb]SW50ZWdyYWNpJUMzJUIzbg==[\/vc_raw_html][vc_raw_html css=\u00bb.vc_custom_1749624325462{margin-bottom: 0px !important;}\u00bb el_class=\u00bbbits-of-functionality much-text\u00bb]QXV0b3JpemFjaSVDMyVCM24=[\/vc_raw_html][vc_raw_html css=\u00bb.vc_custom_1749624338605{margin-bottom: 0px !important;}\u00bb el_class=\u00bbbits-of-functionality much-text\u00bb]QmFja29mZmljZQ==[\/vc_raw_html][vc_raw_html css=\u00bb.vc_custom_1749625114902{margin-bottom: 0px !important;}\u00bb el_class=\u00bbbits-of-functionality much-text\u00bb]Q29udGFiaWxpZGFkJTIwZGVsJTIwbGlicm8lM0NiciUyMCUyRiUzRSUyMCUwQW1heW9yJTIwZ2VuZXJhbC4=[\/vc_raw_html][\/vc_column_inner][vc_column_inner el_class=\u00bbservices-extras-col2&#8243; width=\u00bb1\/3&#8243;][vc_raw_html css=\u00bb.vc_custom_1749624360057{margin-bottom: 0px !important;}\u00bb el_class=\u00bbbits-of-functionality much-text\u00bb]UHJldmVuY2klQzMlQjNuJTIwZGUlMjBmcmF1ZGU=[\/vc_raw_html][vc_raw_html css=\u00bb.vc_custom_1749625381808{margin-bottom: 0px !important;}\u00bb el_class=\u00bbbits-of-functionality much-text\u00bb]VGFyamV0YXMlMjBkZSUyMHByZXBhZ28lMkMlMjBkJUMzJUE5Yml0byUyQyUzQ2JyJTIwJTJGJTNFJTBBY3IlQzMlQTlkaXRvJTJDJTIwZGUlMjBwYWdvJTIwYXBsYXphZG8lMkMlM0NiciUyMCUyRiUzRSUwQSUyMGZpZGVsaXphY2klQzMlQjNuJTJDJTIwc29jaWFsZXMlMkMlM0NiciUyMCUyRiUzRSUwQW11bHRpZGl2aXNhJTIweSUyMGN1YWxxdWllciUyMGNvbWJpbmFjaSVDMyVCM24lM0NiciUyMCUyRiUzRSUwQWRlJTIwbGFzJTIwYW50ZXJpb3Jlcw==[\/vc_raw_html][\/vc_column_inner][vc_column_inner el_class=\u00bbservices-extras-col3&#8243; width=\u00bb1\/3&#8243;][vc_raw_html css=\u00bb.vc_custom_1749624432871{margin-bottom: 0px !important;}\u00bb el_class=\u00bbbits-of-functionality much-text\u00bb]UGxhbmVzJTIwZGUlMjBwYWdvJTIwZmxleGlibGVz[\/vc_raw_html][vc_raw_html css=\u00bb.vc_custom_1749624443749{margin-bottom: 0px !important;}\u00bb el_class=\u00bbbits-of-functionality much-text\u00bb]R2VzdGklQzMlQjNuJTIwZGUlMjBkaXNwdXRhcw==[\/vc_raw_html][vc_raw_html css=\u00bb.vc_custom_1749625296545{margin-bottom: 0px !important;}\u00bb el_class=\u00bbbits-of-functionality much-text\u00bb]TW9kZWxvcyUyMGludGVsaWdlbnRlcyUyMGRlJTNDYnIlMjAlMkYlM0UlMjAlMEFjb25maWd1cmFjaSVDMyVCM24lMjBkZSUyMHRhcmlmYXM=[\/vc_raw_html][vc_raw_html css=\u00bb.vc_custom_1749625311975{margin-bottom: 0px !important;}\u00bb el_class=\u00bbbits-of-functionality much-text\u00bb]UG9zaWJpbGlkYWQlMjBkZSUyMGNvbmZpZ3VyYXIlMjBkZSUzQ2JyJTIwJTJGJTNFJTIwJTBBZXZlbnRvcyUyMHklMjBub3RpZmljYWNpb25lcw==[\/vc_raw_html][\/vc_column_inner][\/vc_row_inner][vc_empty_space height=\u00bb110px\u00bb el_class=\u00bbmobile-off\u00bb][\/vc_column][\/vc_row][vc_row css=\u00bb.vc_custom_1748875403174{margin-top: 50px !important;margin-bottom: 50px !important;}\u00bb][vc_column][vc_custom_heading text=\u00bbMejora tu negocio con una soluci\u00f3n nativa en la nube y deja atr\u00e1s las infraestructuras heredadas.\u00bb font_container=\u00bbtag:h4|font_size:32px|text_align:left|color:%23424D59|line_height:34px\u00bb use_theme_fonts=\u00bbyes\u00bb css=\u00bb.vc_custom_1749624479370{border-left-width: 5px !important;padding-top: 10px !important;padding-bottom: 10px !important;padding-left: 20px !important;border-left-style: solid !important;border-color: #E8432D !important;}\u00bb el_class=\u00bblist-of-text-with-line weight-regular\u00bb][vc_empty_space height=\u00bb30px\u00bb el_class=\u00bbmobile-off\u00bb][vc_custom_heading text=\u00bbNuestro backoffice en tiempo real, la flexibilidad de nuestros conectores con sistemas de pago internacionales y las API enriquecidas constituir\u00e1n una buena inversi\u00f3n para el futuro mientras lleva a cabo la modernizaci\u00f3n de su negocio a cualquier escala.\u00bb font_container=\u00bbtag:h4|font_size:32px|text_align:left|color:%23424D59|line_height:34px\u00bb use_theme_fonts=\u00bbyes\u00bb css=\u00bb.vc_custom_1749624490535{border-left-width: 5px !important;padding-top: 10px !important;padding-bottom: 10px !important;padding-left: 20px !important;border-left-style: solid !important;border-color: #E8432D !important;}\u00bb el_class=\u00bblist-of-text-with-line weight-regular\u00bb][vc_empty_space height=\u00bb30px\u00bb el_class=\u00bbmobile-off\u00bb][vc_custom_heading text=\u00bbOfrecemos nuestra soluci\u00f3n en tiempo real, a medida y con completa funcionalidad tanto a entidades emisores financieras como no financieras.\u00bb font_container=\u00bbtag:h4|font_size:32px|text_align:left|color:%23424D59|line_height:34px\u00bb use_theme_fonts=\u00bbyes\u00bb css=\u00bb.vc_custom_1749624500130{border-left-width: 5px !important;padding-top: 10px !important;padding-bottom: 10px !important;padding-left: 20px !important;border-left-style: solid !important;border-color: #E8432D !important;}\u00bb el_class=\u00bblist-of-text-with-line weight-regular\u00bb][\/vc_column][\/vc_row][vc_row el_class=\u00bbpage-bottom-boxes-list1&#8243;][vc_column width=\u00bb1\/3&#8243;][vc_custom_heading text=\u00bbSOLAR Card Issuing\u00bb font_container=\u00bbtag:h2|font_size:20px|text_align:center|color:%23FFFFFF|line_height:24px\u00bb use_theme_fonts=\u00bbyes\u00bb css=\u00bb.vc_custom_1749646532893{margin-bottom: 0px !important;padding-top: 20px !important;padding-right: 15px !important;padding-bottom: 20px !important;padding-left: 15px !important;background-color: #E8432D !important;}\u00bb el_class=\u00bbservices-heading first\u00bb link=\u00bburl:%2Fes%2Fsolar-card-issuing%2F\u00bb][\/vc_column][vc_column width=\u00bb1\/3&#8243;][vc_custom_heading text=\u00bbSOLAR Digital Card\u00bb font_container=\u00bbtag:h2|font_size:20px|text_align:center|color:%23FFFFFF|line_height:24px\u00bb use_theme_fonts=\u00bbyes\u00bb css=\u00bb.vc_custom_1749646559621{margin-bottom: 0px !important;padding-top: 20px !important;padding-right: 15px !important;padding-bottom: 20px !important;padding-left: 15px !important;background-color: #FF5842 !important;}\u00bb el_class=\u00bbservices-heading\u00bb link=\u00bburl:%2Fes%2Fsolar-digital-card%2F\u00bb][\/vc_column][vc_column width=\u00bb1\/3&#8243;][vc_custom_heading text=\u00bbSOLAR ACS\u00bb font_container=\u00bbtag:h2|font_size:20px|text_align:center|color:%23FFFFFF|line_height:24px\u00bb use_theme_fonts=\u00bbyes\u00bb css=\u00bb.vc_custom_1748881120872{margin-bottom: 0px !important;padding-top: 20px !important;padding-right: 15px !important;padding-bottom: 20px !important;padding-left: 15px !important;background-color: #E8432D !important;}\u00bb el_class=\u00bbservices-heading\u00bb link=\u00bburl:%23&#8243;][\/vc_column][\/vc_row][vc_row el_class=\u00bbpage-bottom-boxes-list2&#8243;][vc_column width=\u00bb1\/4&#8243;][vc_custom_heading text=\u00bbSOLAR Loyalty\u00bb font_container=\u00bbtag:h2|font_size:20px|text_align:center|color:%23FFFFFF|line_height:24px\u00bb use_theme_fonts=\u00bbyes\u00bb css=\u00bb.vc_custom_1749646596210{margin-bottom: 0px !important;padding-top: 20px !important;padding-right: 15px !important;padding-bottom: 20px !important;padding-left: 15px !important;background-color: #424D59 !important;}\u00bb el_class=\u00bbservices-heading\u00bb link=\u00bburl:%2Fes%2Fsolar-loyalty%2F\u00bb][\/vc_column][vc_column width=\u00bb1\/4&#8243;][vc_custom_heading text=\u00bbSOLAR Token Management\u00bb font_container=\u00bbtag:h2|font_size:20px|text_align:center|color:%23FFFFFF|line_height:24px\u00bb use_theme_fonts=\u00bbyes\u00bb css=\u00bb.vc_custom_1749646622871{margin-bottom: 0px !important;padding-top: 20px !important;padding-right: 15px !important;padding-bottom: 20px !important;padding-left: 15px !important;background-color: #576778 !important;}\u00bb el_class=\u00bbservices-heading\u00bb link=\u00bburl:%2Fes%2Fsolar-token-management%2F\u00bb][\/vc_column][vc_column width=\u00bb1\/4&#8243;][vc_custom_heading text=\u00bbSOLAR Installments\u00bb font_container=\u00bbtag:h2|font_size:20px|text_align:center|color:%23FFFFFF|line_height:24px\u00bb use_theme_fonts=\u00bbyes\u00bb css=\u00bb.vc_custom_1749646677871{margin-bottom: 0px !important;padding-top: 20px !important;padding-right: 15px !important;padding-bottom: 20px !important;padding-left: 15px !important;background-color: #424D59 !important;}\u00bb el_class=\u00bbservices-heading\u00bb link=\u00bburl:%2Fes%2Fsolar-installments%2F\u00bb][\/vc_column][vc_column width=\u00bb1\/4&#8243;][vc_custom_heading text=\u00bbSOLAR Mobile\u00bb font_container=\u00bbtag:h2|font_size:20px|text_align:center|color:%23FFFFFF|line_height:24px\u00bb use_theme_fonts=\u00bbyes\u00bb css=\u00bb.vc_custom_1749646697545{margin-bottom: 0px !important;padding-top: 20px !important;padding-right: 15px !important;padding-bottom: 20px !important;padding-left: 15px !important;background-color: #576778 !important;}\u00bb el_class=\u00bbservices-heading last\u00bb link=\u00bburl:%2Fes%2Fsolar-mobile%2F\u00bb][\/vc_column][\/vc_row][vc_row el_class=\u00bbmobile-off\u00bb][vc_column][vc_empty_space height=\u00bb60px\u00bb][\/vc_column][\/vc_row][vc_row full_width=\u00bbstretch_row\u00bb equal_height=\u00bbyes\u00bb content_placement=\u00bbmiddle\u00bb css=\u00bb.vc_custom_1748342848647{margin-bottom: -40px !important;padding-top: 30px !important;padding-bottom: 30px !important;background-color: #E8432D !important;}\u00bb][vc_column width=\u00bb1\/6&#8243; css=\u00bb.vc_custom_1748443670093{border-color: #FFFFFF !important;}\u00bb el_class=\u00bbbenefit-icon-col\u00bb][vc_empty_space height=\u00bb50px\u00bb el_class=\u00bbmobile-off\u00bb][vc_single_image image=\u00bb413&#8243; img_size=\u00bbfull\u00bb alignment=\u00bbcenter\u00bb css=\u00bb\u00bb][vc_empty_space height=\u00bb50px\u00bb el_class=\u00bbmobile-off\u00bb][\/vc_column][vc_column width=\u00bb5\/6&#8243; el_class=\u00bbbenefit-content-col\u00bb][vc_custom_heading text=\u00bbOpciones de implementaci\u00f3n\u00bb font_container=\u00bbtag:h3|font_size:32px|text_align:left|color:%23FFFFFF|line_height:34px\u00bb use_theme_fonts=\u00bbyes\u00bb css=\u00bb.vc_custom_1749624562443{margin-bottom: 10px !important;}\u00bb el_class=\u00bbweight-regular\u00bb][vc_custom_heading text=\u00bbImpulse la innovaci\u00f3n mediante t\u00e9cnicas de configuraci\u00f3n optimizadas y nativas de la nube.<br \/>\nRequisitos para plataformas inteligentes y modelo SaaS: la clave para soluciones rentables.\u00bb font_container=\u00bbtag:p|font_size:20px|text_align:left|color:%23FFFFFF|line_height:28px\u00bb use_theme_fonts=\u00bbyes\u00bb css=\u00bb.vc_custom_1749624583701{margin-bottom: 0px !important;}\u00bb el_class=\u00bbweight-light\u00bb][vc_empty_space height=\u00bb30px\u00bb][vc_btn title=\u00bbContacte Con Nosotros\u00bb style=\u00bbcustom\u00bb custom_background=\u00bb#E8432D\u00bb custom_text=\u00bb#FFFFFF\u00bb shape=\u00bbround\u00bb size=\u00bblg\u00bb align=\u00bbleft\u00bb css=\u00bb.vc_custom_1749726599307{margin-bottom: 0px !important;border-color: #FFFFFF !important;}\u00bb link=\u00bburl:%23&#8243; el_class=\u00bbbutton-red-bg popmake-1553&#8243;][\/vc_column][\/vc_row]<\/p>\n<\/div>","protected":false},"excerpt":{"rendered":"<p>[vc_row][vc_column][vc_raw_html css=\u00bb.vc_custom_1749624191221{margin-bottom: 0px !important;}\u00bb el_class=\u00bbbreadcrumbs\u00bb]JTNDYSUyMGhyZWYlM0QlMjIlMjIlM0VIb21lJTNDJTJGYSUzRSUyMCU3QyUyMCUzQ2ElMjBocmVmJTNEJTIyJTIyJTNFU2VjdG9yZXMlMjBkZWwlMjBtZXJjYWRvJTNDJTJGYSUzRSUyMCU3QyUyMCUzQ3NwYW4lM0VCYW5jb3MlMjB5JTIwZW1pc29yZXMlM0MlMkZzcGFuJTNF[\/vc_raw_html][\/vc_column][\/vc_row][vc_row css=\u00bb.vc_custom_1747922304231{border-color: #FF0000 !important;}\u00bb][vc_column][vc_empty_space height=\u00bb40px\u00bb][vc_custom_heading text=\u00bbForme parte del futuro con las soluciones de emisi\u00f3n de tarjetas innovadoras y centradas en el usuario.\u00bb font_container=\u00bbtag:h1|font_size:64px|text_align:left|color:%23424D59|line_height:84px\u00bb use_theme_fonts=\u00bbyes\u00bb css=\u00bb.vc_custom_1749624725957{margin-bottom: 0px !important;margin-left: -5px !important;}\u00bb el_class=\u00bbheading-big\u00bb][vc_empty_space height=\u00bb25px\u00bb][vc_custom_heading text=\u00bbSolanteq apoya a bancos tradicionales y neobancos con soluciones efectivas para cualquier proyecto estrat\u00e9gico, desde la completa sustituci\u00f3n de infraestructuras &#8230; <a title=\"Bancos y emisores\" class=\"read-more\" href=\"https:\/\/solanteq.com\/es\/banks-and-issuers\/\" aria-label=\"Leer m\u00e1s sobre Bancos y emisores\">Read more<\/a><\/p>\n","protected":false},"author":3,"featured_media":0,"parent":0,"menu_order":0,"comment_status":"closed","ping_status":"closed","template":"","meta":{"footnotes":""},"class_list":["post-1135","page","type-page","status-publish"],"_links":{"self":[{"href":"https:\/\/solanteq.com\/es\/wp-json\/wp\/v2\/pages\/1135","targetHints":{"allow":["GET"]}}],"collection":[{"href":"https:\/\/solanteq.com\/es\/wp-json\/wp\/v2\/pages"}],"about":[{"href":"https:\/\/solanteq.com\/es\/wp-json\/wp\/v2\/types\/page"}],"author":[{"embeddable":true,"href":"https:\/\/solanteq.com\/es\/wp-json\/wp\/v2\/users\/3"}],"replies":[{"embeddable":true,"href":"https:\/\/solanteq.com\/es\/wp-json\/wp\/v2\/comments?post=1135"}],"version-history":[{"count":9,"href":"https:\/\/solanteq.com\/es\/wp-json\/wp\/v2\/pages\/1135\/revisions"}],"predecessor-version":[{"id":1578,"href":"https:\/\/solanteq.com\/es\/wp-json\/wp\/v2\/pages\/1135\/revisions\/1578"}],"wp:attachment":[{"href":"https:\/\/solanteq.com\/es\/wp-json\/wp\/v2\/media?parent=1135"}],"curies":[{"name":"wp","href":"https:\/\/api.w.org\/{rel}","templated":true}]}}