{"id":1848,"date":"2025-06-13T12:21:08","date_gmt":"2025-06-13T12:21:08","guid":{"rendered":"https:\/\/solanteq.web-design.ee\/working-at-solanteq\/"},"modified":"2025-06-13T13:21:13","modified_gmt":"2025-06-13T13:21:13","slug":"working-at-solanteq","status":"publish","type":"page","link":"https:\/\/solanteq.com\/es\/working-at-solanteq\/","title":{"rendered":"Trabajo en Solanteq"},"content":{"rendered":"<div class=\"wpb-content-wrapper\"><p>[vc_row][vc_column][vc_raw_html css=\u00bb.vc_custom_1749818656346{margin-bottom: 0px !important;}\u00bb el_class=\u00bbbreadcrumbs\u00bb]JTNDYSUyMGhyZWYlM0QlMjIlMkYlMjIlM0VIb21lJTNDJTJGYSUzRSUyMCU3QyUyMCUzQ3NwYW4lM0VUcmFiYWpvJTIwZW4lMjBTb2xhbnRlcSUzQyUyRnNwYW4lM0U=[\/vc_raw_html][\/vc_column][\/vc_row][vc_row css=\u00bb.vc_custom_1747922304231{border-color: #FF0000 !important;}\u00bb][vc_column][vc_empty_space height=\u00bb40px\u00bb][vc_custom_heading text=\u00bbTrabajo en Solanteq\u00bb font_container=\u00bbtag:h1|font_size:64px|text_align:left|color:%23424D59|line_height:84px\u00bb use_theme_fonts=\u00bbyes\u00bb css=\u00bb.vc_custom_1749818663241{margin-bottom: 0px !important;margin-left: -5px !important;}\u00bb el_class=\u00bbheading-big\u00bb][vc_empty_space height=\u00bb50px\u00bb][\/vc_column][\/vc_row][vc_row full_width=\u00bbstretch_row\u00bb css=\u00bb.vc_custom_1748962391931{padding-top: 100px !important;padding-bottom: 100px !important;background-color: #424D59 !important;background-position: center !important;background-repeat: no-repeat !important;background-size: cover !important;}\u00bb el_class=\u00bbdisable-row-overflow page-under-video-block\u00bb][vc_column][vc_column_text css=\u00bb\u00bb]<\/p>\n<div id=\"wd-62cd38bb4963a\" class=\"title-wrapper wd-wpb set-mb-s reset-last-child wd-rs-62cd38bb4963a wd-title-color-default wd-title-style-default text-left vc_custom_1657616592997\">\n<div class=\"liner-continer\">\n<h4><span style=\"color: #ffffff;\"><strong>Carreras<\/strong><\/span><br \/>\n<span style=\"color: #ffffff;\"><strong><br \/>\nDamos la bienvenida a los talentos y socios de todo el mundo. Como compa\u00f1\u00eda de r\u00e1pido crecimiento, estamos interesados en fortalecer nuestro negocio en Europa, Oriente Medio, \u00c1frica, Asia y Am\u00e9rica.<\/strong><\/span><\/h4>\n<p><span style=\"color: #ffffff;\">Trabajo en una compa\u00f1\u00eda de r\u00e1pido crecimiento<\/span><br \/>\n<span style=\"color: #ffffff;\">La mejor oportunidad para realizar su experiencia y curiosidad<\/span><\/p>\n<p><span style=\"color: #ffffff;\">Tareas complejas y desafiantes<\/span><br \/>\n<span style=\"color: #ffffff;\">Participaci\u00f3n en el desarrollo de nuevos productos, su arquitectura y funcionalidad<\/span><\/p>\n<p><span style=\"color: #ffffff;\">Proyectos activos<\/span><br \/>\n<span style=\"color: #ffffff;\">Tecnolog\u00edas modernas en el campo de los instrumentos de pago<\/span><\/p>\n<p><span style=\"color: #ffffff;\">Orientaci\u00f3n a resultados<\/span><br \/>\n<span style=\"color: #ffffff;\">Ambiente de equipo amigable y abierto<\/span><\/p>\n<\/div>\n<\/div>\n<p>[\/vc_column_text][vc_empty_space height=\u00bb40px\u00bb][vc_btn title=\u00bbVer m\u00e1s\u00bb style=\u00bbcustom\u00bb custom_background=\u00bb#E8432D\u00bb custom_text=\u00bb#FFFFFF\u00bb shape=\u00bbround\u00bb size=\u00bblg\u00bb align=\u00bbleft\u00bb css=\u00bb.vc_custom_1749820857052{margin-bottom: 0px !important;border-top-width: 0px !important;border-right-width: 0px !important;border-bottom-width: 0px !important;border-left-width: 0px !important;border-color: #FFFFFF00 !important;}\u00bb link=\u00bburl:%23&#8243; el_class=\u00bbbutton-red-bg without-border popmake-1870&#8243;][\/vc_column][\/vc_row][vc_row full_width=\u00bbstretch_row\u00bb equal_height=\u00bbyes\u00bb content_placement=\u00bbmiddle\u00bb css=\u00bb.vc_custom_1748342848647{margin-bottom: -40px !important;padding-top: 30px !important;padding-bottom: 30px !important;background-color: #E8432D !important;}\u00bb][vc_column width=\u00bb1\/6&#8243; css=\u00bb.vc_custom_1748443670093{border-color: #FFFFFF !important;}\u00bb el_class=\u00bbbenefit-icon-col\u00bb][vc_empty_space height=\u00bb30px\u00bb el_class=\u00bbmobile-off\u00bb][vc_single_image image=\u00bb507&#8243; img_size=\u00bbfull\u00bb alignment=\u00bbcenter\u00bb css=\u00bb\u00bb][vc_empty_space height=\u00bb30px\u00bb el_class=\u00bbmobile-off\u00bb][\/vc_column][vc_column width=\u00bb5\/6&#8243; el_class=\u00bbbenefit-content-col\u00bb][vc_custom_heading text=\u00bbOfertas de empleo\u00bb font_container=\u00bbtag:h3|font_size:32px|text_align:left|color:%23FFFFFF|line_height:34px\u00bb use_theme_fonts=\u00bbyes\u00bb css=\u00bb.vc_custom_1749818750351{margin-bottom: 10px !important;}\u00bb el_class=\u00bbweight-regular\u00bb][vc_empty_space height=\u00bb30px\u00bb][vc_btn title=\u00bbEmpleo\u00bb style=\u00bbcustom\u00bb custom_background=\u00bb#E8432D\u00bb custom_text=\u00bb#FFFFFF\u00bb shape=\u00bbround\u00bb size=\u00bblg\u00bb align=\u00bbleft\u00bb css=\u00bb.vc_custom_1749820869911{margin-bottom: 0px !important;border-color: #FFFFFF !important;}\u00bb link=\u00bburl:%2Fvacancies%2F|title:Vacancies\u00bb el_class=\u00bbbutton-red-bg\u00bb][\/vc_column][\/vc_row]<\/p>\n<\/div>","protected":false},"excerpt":{"rendered":"<p>[vc_row][vc_column][vc_raw_html css=\u00bb.vc_custom_1749818656346{margin-bottom: 0px !important;}\u00bb el_class=\u00bbbreadcrumbs\u00bb]JTNDYSUyMGhyZWYlM0QlMjIlMkYlMjIlM0VIb21lJTNDJTJGYSUzRSUyMCU3QyUyMCUzQ3NwYW4lM0VUcmFiYWpvJTIwZW4lMjBTb2xhbnRlcSUzQyUyRnNwYW4lM0U=[\/vc_raw_html][\/vc_column][\/vc_row][vc_row css=\u00bb.vc_custom_1747922304231{border-color: #FF0000 !important;}\u00bb][vc_column][vc_empty_space height=\u00bb40px\u00bb][vc_custom_heading text=\u00bbTrabajo en Solanteq\u00bb font_container=\u00bbtag:h1|font_size:64px|text_align:left|color:%23424D59|line_height:84px\u00bb use_theme_fonts=\u00bbyes\u00bb css=\u00bb.vc_custom_1749818663241{margin-bottom: 0px !important;margin-left: -5px !important;}\u00bb el_class=\u00bbheading-big\u00bb][vc_empty_space height=\u00bb50px\u00bb][\/vc_column][\/vc_row][vc_row full_width=\u00bbstretch_row\u00bb css=\u00bb.vc_custom_1748962391931{padding-top: 100px !important;padding-bottom: 100px !important;background-color: #424D59 !important;background-position: center !important;background-repeat: no-repeat !important;background-size: cover !important;}\u00bb el_class=\u00bbdisable-row-overflow page-under-video-block\u00bb][vc_column][vc_column_text css=\u00bb\u00bb] Carreras Damos la bienvenida a los talentos y socios de todo el mundo. Como compa\u00f1\u00eda de r\u00e1pido &#8230; <a title=\"Trabajo en Solanteq\" class=\"read-more\" href=\"https:\/\/solanteq.com\/es\/working-at-solanteq\/\" aria-label=\"Leer m\u00e1s sobre Trabajo en Solanteq\">Read more<\/a><\/p>\n","protected":false},"author":3,"featured_media":0,"parent":0,"menu_order":0,"comment_status":"closed","ping_status":"closed","template":"","meta":{"footnotes":""},"class_list":["post-1848","page","type-page","status-publish"],"_links":{"self":[{"href":"https:\/\/solanteq.com\/es\/wp-json\/wp\/v2\/pages\/1848","targetHints":{"allow":["GET"]}}],"collection":[{"href":"https:\/\/solanteq.com\/es\/wp-json\/wp\/v2\/pages"}],"about":[{"href":"https:\/\/solanteq.com\/es\/wp-json\/wp\/v2\/types\/page"}],"author":[{"embeddable":true,"href":"https:\/\/solanteq.com\/es\/wp-json\/wp\/v2\/users\/3"}],"replies":[{"embeddable":true,"href":"https:\/\/solanteq.com\/es\/wp-json\/wp\/v2\/comments?post=1848"}],"version-history":[{"count":4,"href":"https:\/\/solanteq.com\/es\/wp-json\/wp\/v2\/pages\/1848\/revisions"}],"predecessor-version":[{"id":1878,"href":"https:\/\/solanteq.com\/es\/wp-json\/wp\/v2\/pages\/1848\/revisions\/1878"}],"wp:attachment":[{"href":"https:\/\/solanteq.com\/es\/wp-json\/wp\/v2\/media?parent=1848"}],"curies":[{"name":"wp","href":"https:\/\/api.w.org\/{rel}","templated":true}]}}