{"id":987,"date":"2025-06-05T14:28:32","date_gmt":"2025-06-05T14:28:32","guid":{"rendered":"https:\/\/solanteq.web-design.ee\/solar-switch\/"},"modified":"2025-06-12T11:42:40","modified_gmt":"2025-06-12T11:42:40","slug":"solar-switch","status":"publish","type":"page","link":"https:\/\/solanteq.com\/es\/solar-switch\/","title":{"rendered":"SOLAR Switch"},"content":{"rendered":"<div class=\"wpb-content-wrapper\"><p>[vc_row][vc_column][vc_raw_html css=\u00bb.vc_custom_1749546221613{margin-bottom: 0px !important;}\u00bb el_class=\u00bbbreadcrumbs\u00bb]JTNDYSUyMGhyZWYlM0QlMjIlMkYlMjIlM0VIb21lJTNDJTJGYSUzRSUyMCU3QyUyMFByb2R1Y3RvcyUyMCU3QyUyMCUzQ3NwYW4lM0VTT0xBUiUyMFN3aXRjaCUzQyUyRnNwYW4lM0U=[\/vc_raw_html][\/vc_column][\/vc_row][vc_row css=\u00bb.vc_custom_1747922304231{border-color: #FF0000 !important;}\u00bb][vc_column][vc_empty_space height=\u00bb40px\u00bb][vc_custom_heading text=\u00bb<b>SOLAR<\/b> Switch \u2014 nos encargamos de sus transacciones\u00bb font_container=\u00bbtag:h1|font_size:64px|text_align:left|color:%23424D59|line_height:84px\u00bb use_theme_fonts=\u00bbyes\u00bb css=\u00bb.vc_custom_1749546241300{margin-bottom: 0px !important;margin-left: -5px !important;}\u00bb el_class=\u00bbheading-big\u00bb][vc_empty_space height=\u00bb25px\u00bb][vc_custom_heading text=\u00bbSOLAR Switch es la soluci\u00f3n estrella de la familia SOLAR. Se encarga de todas las tareas relacionadas con la integraci\u00f3n, el enrutamiento inteligente de transacciones y la transferencia de datos con terceros, y gestiona la interacci\u00f3n del sistema y los subsistemas. SOLAR Switch puede convertirse en la piedra angular de su soluci\u00f3n de procesamiento, tanto si se basa en componentes de SOLAR como en los de otras empresas. Sus interfaces enlazan todos sus sistemas en un \u00fanico espacio desde el que puede acceder a todos los datos relativos a las transacciones de sus clientes.\u00bb font_container=\u00bbtag:p|font_size:20px|text_align:left|color:%23424D59|line_height:28px\u00bb use_theme_fonts=\u00bbyes\u00bb css=\u00bb.vc_custom_1749546252656{margin-bottom: 0px !important;}\u00bb el_class=\u00bbweight-light\u00bb][vc_empty_space height=\u00bb50px\u00bb][\/vc_column][\/vc_row][vc_row full_width=\u00bbstretch_row\u00bb css=\u00bb.vc_custom_1748962391931{padding-top: 100px !important;padding-bottom: 100px !important;background-color: #424D59 !important;background-position: center !important;background-repeat: no-repeat !important;background-size: cover !important;}\u00bb el_class=\u00bbdisable-row-overflow page-under-video-block\u00bb][vc_column][vc_empty_space height=\u00bb20px\u00bb][vc_custom_heading text=\u00bbCONECTAMOS A TODO EL MUNDO\u00bb font_container=\u00bbtag:h2|font_size:36px|text_align:left|color:%23FFFFFF|line_height:44px\u00bb use_theme_fonts=\u00bbyes\u00bb css=\u00bb\u00bb el_class=\u00bbheading-big page-bits-title\u00bb][vc_empty_space height=\u00bb20px\u00bb][vc_column_text css=\u00bb\u00bb]<span style=\"color: #ffffff;\">SOLAR Switch es compatible con diversos protocolos utilizados en el sector de tarjetas de pago como VISA, MasterCard, AMEX, JCB, UPI; protocolos basados en ISO8583 e ISO20022, espec\u00edficos para el mercado de los proveedores de soluciones de pago; protocolos IFSF, que suelen utilizarse en el mercado minorista de combustible, o datos financieros estructurados en XML y JSON y proporciona una amplia variedad de interfaces de servicios Web. La API enriquecida permite conectar SOLAR Switch por medio de los adaptadores de integraci\u00f3n con cualquier otro sistema de procesamiento de pagos, incluyendo Paypal, Alipay, Masterpass, Visa Checkout, WeChat Pay y los monederos de YooMoney. El sistema incorporado de dise\u00f1o de procesos de negocio (BPM) sirve para automatizar los procesos de pago y le permite personalizar a su gusto la secuencia de interacciones del sistema conectado.<\/span>[\/vc_column_text][vc_empty_space height=\u00bb40px\u00bb][vc_single_image image=\u00bb1347&#8243; img_size=\u00bbfull\u00bb alignment=\u00bbcenter\u00bb css=\u00bb.vc_custom_1749546318520{padding-top: 20px !important;padding-right: 20px !important;padding-bottom: 20px !important;padding-left: 20px !important;background-color: #FFFFFF !important;}\u00bb el_class=\u00bbborder-radius20&#8243;][vc_empty_space height=\u00bb40px\u00bb][vc_custom_heading text=\u00bbCOMPACTO, LIGERO, INTELIGENTE\u00bb font_container=\u00bbtag:h2|font_size:36px|text_align:left|color:%23FFFFFF|line_height:44px\u00bb use_theme_fonts=\u00bbyes\u00bb css=\u00bb\u00bb el_class=\u00bbheading-big page-bits-title\u00bb][vc_empty_space height=\u00bb20px\u00bb][vc_column_text css=\u00bb\u00bb]<span style=\"color: #ffffff;\">Compacto, productivo y fiable, SOLAR Switch se\u00f1ala en tiempo real la ruta \u00f3ptima para los mensajes y los convierte de forma inteligente del idioma de origen al de destino.<\/span>[\/vc_column_text][vc_empty_space height=\u00bb20px\u00bb][vc_row_inner css=\u00bb.vc_custom_1748967280488{border-top-width: 1px !important;border-right-width: 1px !important;border-bottom-width: 1px !important;border-left-width: 1px !important;padding-top: 40px !important;padding-right: 30px !important;padding-bottom: 40px !important;padding-left: 30px !important;background-color: #515D6A !important;border-radius: 20px !important;border-color: #515D6A !important;}\u00bb][vc_column_inner][vc_raw_html css=\u00bb\u00bb el_class=\u00bbbits-of-functionality much-text bulletlist\u00bb]JTNDc3Ryb25nJTNFQ29tcGFjdG8uJTNDJTJGc3Ryb25nJTNFJTIwTGFzJTIwbnVldmFzJTIwdGVjbm9sb2clQzMlQURhcyUyMHklMjBsaWJyZXIlQzMlQURhcyUyMHBlcm1pdGVuJTIwZWplY3V0YXIlMjBTT0xBUiUyMFN3aXRjaCUyMGVuJTIwbG9zJTIwcHJvY2VzYWRvcmVzJTIweDg2JTIwY29uJTIwbWVub3IlMjBuJUMzJUJBbWVybyUyMGRlJTIwbiVDMyVCQWNsZW9zJTIweSUyMG1lbW9yaWEu[\/vc_raw_html][vc_raw_html css=\u00bb\u00bb el_class=\u00bbbits-of-functionality much-text bulletlist\u00bb]JTNDc3Ryb25nJTNFQWx0YW1lbnRlJTIwcHJvZHVjdGl2by4lM0MlMkZzdHJvbmclM0UlMjBOdWVzdHJvcyUyMGRlc2Fycm9sbGFkb3JlcyUyMGhhbiUyMHJldmlzYWRvJTIwbWludWNpb3NhbWVudGUlMjBlbCUyMGMlQzMlQjNkaWdvJTIwZGUlMjBudWVzdHJvJTIwcHJvZHVjdG8lMkMlMjBoYW4lMjBhanVzdGFkbyUyMHN1JTIwZnVuY2lvbmFtaWVudG8lMjB5JTIwaGFuJTIwdmVyaWZpY2FkbyUyMHN1JTIwcHJvZHVjdGl2aWRhZCUyMG1lZGlhbnRlJTIwcHJ1ZWJhcyUyMGRlJTIwY2FyZ2ElMjB1dGlsaXphbmRvJTIwbnVlc3RybyUyMHJldm9sdWNpb25hcmlvJTIwU09MQVIlMjBUZXN0aW5nJTIwVG9vbGtpdCUyQyUyMHVuYSUyMG9mZXJ0YSUyMGNvbnNvbGlkYWRhJTIwZW4lMjBlbCUyMGNvbXBldGl0aXZvJTIwbWVyY2FkbyUyMGRlJTIwbGFzJTIwcHJ1ZWJhcyUyMGRlJTIwYXBsaWNhY2lvbmVzJTIwZmluYW5jaWVyYXMu[\/vc_raw_html][vc_raw_html css=\u00bb\u00bb el_class=\u00bbbits-of-functionality much-text bulletlist\u00bb]JTNDc3Ryb25nJTNFRmlhYmxlLiUzQyUyRnN0cm9uZyUzRSUyMEFsJTIwaWd1YWwlMjBxdWUlMjB0b2RhcyUyMGxhcyUyMHNvbHVjaW9uZXMlMjBTT0xBUiUyQyUyMGxhJTIwcmVwbGljYWNpJUMzJUIzbiUyMGFjdGl2YSUyMGVzdCVDMyVBMSUyMGludGVncmFkYSUyMGVuJTIwZWwlMjBwcm9kdWN0byUyMHklMjBzdXMlMjBjb21wb25lbnRlcyUyMGRlJTIwYyVDMyVCM2RpZ28lMjBhYmllcnRvJTIwaGFuJTIwc2lkbyUyMHByb2JhZG9zJTIwZW4lMjBjaWVudG9zJTIwZGUlMjBzaXN0ZW1hcyUyMGNvbiUyMGdyYW5kZXMlMjBjYXJnYXMlMjBlbiUyMHRvZG8lMjBlbCUyMG11bmRvLg==[\/vc_raw_html][\/vc_column_inner][\/vc_row_inner][vc_empty_space height=\u00bb40px\u00bb][vc_custom_heading text=\u00bbF\u00c1CIL LANZAMIENTO E INTEGRACI\u00d3N CON CUALQUIER SISTEMA\u00bb font_container=\u00bbtag:h2|font_size:36px|text_align:left|color:%23FFFFFF|line_height:44px\u00bb use_theme_fonts=\u00bbyes\u00bb css=\u00bb\u00bb el_class=\u00bbheading-big page-bits-title\u00bb][vc_empty_space height=\u00bb20px\u00bb][vc_row_inner css=\u00bb.vc_custom_1748967280488{border-top-width: 1px !important;border-right-width: 1px !important;border-bottom-width: 1px !important;border-left-width: 1px !important;padding-top: 40px !important;padding-right: 30px !important;padding-bottom: 40px !important;padding-left: 30px !important;background-color: #515D6A !important;border-radius: 20px !important;border-color: #515D6A !important;}\u00bb][vc_column_inner][vc_raw_html css=\u00bb\u00bb el_class=\u00bbbits-of-functionality much-text bulletlist\u00bb]SW5zdGFsYWNpJUMzJUIzbiUyQyUyMGxhbnphbWllbnRvJTIwZSUyMGludGVncmFjaSVDMyVCM24lMjBlbiUyMHVuJTIwcGxhem8lMjBkZSUyMDIlMjBhJTIwNCUyMG1lc2VzLg==[\/vc_raw_html][vc_raw_html css=\u00bb\u00bb el_class=\u00bbbits-of-functionality much-text bulletlist\u00bb]UmVxdWlzaXRvcyUyMG0lQzMlQURuaW1vcyUyMGRlJTIwaGFyZHdhcmUlMjB5JTIwc29mdHdhcmUlMjBDb21lbnRhcmlvJTIwJTVCSUM2JTVEJTNBJTIwVGhpcyUyMHNob3VsZCUyMGJlJTIwY2hhbmdlZCUyMGFsc28lMjBpbiUyMHRoZSUyMEVuZ2xpc2glMjB2ZXJzaW9uLg==[\/vc_raw_html][vc_raw_html css=\u00bb\u00bb el_class=\u00bbbits-of-functionality much-text bulletlist\u00bb]TGFzJTIwaW50ZXJmYWNlcyUyMHB1ZWRlbiUyMGNyZWFyc2UlMjBjb24lMjBkb2NlbmFzJTIwZGUlMjBzaXN0ZW1hcyUyMGRlJTIwZGF0b3Mu[\/vc_raw_html][vc_raw_html css=\u00bb\u00bb el_class=\u00bbbits-of-functionality much-text bulletlist\u00bb]TG9zJTIwcGFxdWV0ZXMlMjBkZSUyMGludGVncmFjaSVDMyVCM24lMjBsaXN0b3MlMjBwYXJhJTIwdXNhciUyMGZhY2lsaXRhbiUyMGxhJTIwY29uZXhpJUMzJUIzbiUyMGRlJTIwbG9zJTIwc2lzdGVtYXMlMjBleGlzdGVudGVzLg==[\/vc_raw_html][vc_raw_html css=\u00bb\u00bb el_class=\u00bbbits-of-functionality much-text bulletlist\u00bb]Q29uZmlndXJhY2lvbmVzJTIwYmFzZSUyMGluY29ycG9yYWRhcyUyMHklMjBsaXN0YXMlMjBwYXJhJTIwdXNhci4=[\/vc_raw_html][\/vc_column_inner][\/vc_row_inner][vc_empty_space height=\u00bb40px\u00bb][vc_row_inner equal_height=\u00bbyes\u00bb content_placement=\u00bbmiddle\u00bb css=\u00bb.vc_custom_1748968639058{border-top-width: 1px !important;border-right-width: 1px !important;border-bottom-width: 1px !important;border-left-width: 1px !important;padding-top: 40px !important;padding-bottom: 40px !important;background-color: #E8432D !important;border-left-style: solid !important;border-right-style: solid !important;border-top-style: solid !important;border-bottom-style: solid !important;border-radius: 20px !important;border-color: #E8432D !important;}\u00bb][vc_column_inner el_class=\u00bbbenefit-icon-col\u00bb width=\u00bb1\/6&#8243;][vc_empty_space height=\u00bb30px\u00bb el_class=\u00bbmobile-off\u00bb][vc_icon icon_fontawesome=\u00bbfa fa-regular fa-lightbulb\u00bb color=\u00bbwhite\u00bb size=\u00bbxl\u00bb align=\u00bbcenter\u00bb css=\u00bb\u00bb][\/vc_column_inner][vc_column_inner el_class=\u00bbbenefit-content-col\u00bb width=\u00bb5\/6&#8243; css=\u00bb.vc_custom_1748968779705{padding-right: 50px !important;padding-left: 50px !important;}\u00bb][vc_column_text css=\u00bb\u00bb]<span style=\"color: #ffffff;\">Solanteq, desarrollador de la plataforma SOLAR, especializa en la creaci\u00f3n de componentes innovadores que se utilizan para crear soluciones de pago y aplicaciones digitales. Los productos de software SOLAR son f\u00e1cilmente escalables, se integran de forma nativa en los entornos de nube, ofrecen la m\u00e1xima tolerancia a fallos y pueden suministrarse como contenedores personalizables de forma flexible a petici\u00f3n del cliente. La plataforma SOLAR es universal para el desarrollo de negocio de banca minorista y compa\u00f1\u00edas de procesamiento.<\/span>[\/vc_column_text][\/vc_column_inner][\/vc_row_inner][vc_empty_space height=\u00bb40px\u00bb][vc_custom_heading text=\u00bbOPCIONES DE INTEGRACI\u00d3N ILIMITADAS\u00bb font_container=\u00bbtag:h2|font_size:36px|text_align:left|color:%23FFFFFF|line_height:44px\u00bb use_theme_fonts=\u00bbyes\u00bb css=\u00bb\u00bb el_class=\u00bbheading-big page-bits-title\u00bb][vc_empty_space height=\u00bb20px\u00bb][vc_column_text css=\u00bb\u00bb]<span style=\"color: #ffffff;\">El enrutamiento de transacciones nunca ha sido m\u00e1s r\u00e1pido e inteligente. Implementado con otros productos de la familia SOLAR, SOLAR Switch puede solucionar incluso las exigencias de negocio m\u00e1s ambiciosas.<\/span><\/p>\n<p><span style=\"color: #ffffff;\">Su TPV o cajero autom\u00e1tico puede conectarse a SOLAR Switch directamente o a trav\u00e9s de un controlador externo. Utilice las funciones integradas de SOLAR para configurar los pagos de comercio electr\u00f3nico o delegue esta tarea en otro proveedor configur\u00e1ndolas en SOLAR Switch. SOLAR Switch puede incluso funcionar como multiplexor si necesita convertir una conexi\u00f3n de servidor a servidor en varias, con la ventaja de la traducci\u00f3n inmediata de dialectos si es necesario. Junto con SOLAR Dynamic Pricing, SOLAR Switch determinar\u00e1 la ruta m\u00e1s rentable para cada transacci\u00f3n, teniendo en cuenta los par\u00e1metros de la operaci\u00f3n y su historial de inetracci\u00f3n con destinatarios espec\u00edficos y condiciones de pago individuales.<\/span><\/p>\n<p><span style=\"color: #ffffff;\">Por \u00faltimo pero no menos importante, SOLAR Switch se integra f\u00e1cilmente con cualquier sistema de protecci\u00f3n antifraude conocido por medio de su interfaz est\u00e1ndar. En combinaci\u00f3n con SOLAR Fraud Prevention, su seguridad alcanzar\u00e1 un nuevo nivel.<\/span>[\/vc_column_text][vc_empty_space height=\u00bb40px\u00bb][vc_custom_heading text=\u00bbINDEPENDENCIA EN IMPLEMENTACI\u00d3N DE SUS PROPIOS PROTOCOLOS\u00bb font_container=\u00bbtag:h2|font_size:36px|text_align:left|color:%23FFFFFF|line_height:44px\u00bb use_theme_fonts=\u00bbyes\u00bb css=\u00bb\u00bb el_class=\u00bbheading-big page-bits-title\u00bb][vc_empty_space height=\u00bb20px\u00bb][vc_column_text css=\u00bb\u00bb]<span style=\"color: #ffffff;\">SOLAR Switch es compatible con una amplia variedad de interfaces personalizables que mantenemos y modificamos en funci\u00f3n de los cambios que se producen en el mundo, como por ejemplo, los nuevos requisitos de los esquemas de tarjetas internacionales. Siempre estamos dispuestos a actualizar SOLAR Switch para satisfacer las necesidades cambiantes de su negocio.<\/span><\/p>\n<p><span style=\"color: #ffffff;\">Adem\u00e1s, si decide construir sus propias soluciones, la opci\u00f3n Independent Developer permitir\u00e1 a sus desarrolladores ampliar las funciones de SOLAR Switch, conectarse a nuevos sistemas y crear sus propios dialectos. SOLAR Testing Toolkit, nuestra soluci\u00f3n avanzada de pruebas de desarrollo interno, les ayudar\u00e1 a proporcionar un soporte fiable a su interfaz personalizada de SOLAR Switch.<\/span>[\/vc_column_text][vc_empty_space height=\u00bb40px\u00bb][vc_custom_heading text=\u00bbTODO PARA LOS PAGOS SEGUROS EN L\u00cdNEA\u00bb font_container=\u00bbtag:h2|font_size:36px|text_align:left|color:%23FFFFFF|line_height:44px\u00bb use_theme_fonts=\u00bbyes\u00bb css=\u00bb\u00bb el_class=\u00bbheading-big page-bits-title\u00bb][vc_empty_space height=\u00bb20px\u00bb][vc_column_text css=\u00bb\u00bb]<span style=\"color: #ffffff;\">El mundo de los pagos electr\u00f3nicos est\u00e1 creciendo r\u00e1pidamente. Para atender a los negocios en l\u00ednea, ya sean de venta minorista o de servicio, los bancos tienen que supervisar y mejorar de modo constante sus ofertas de servicio omnicanal. Cuando es crucial que sus clientes puedan realizar los pagos de la forma en que est\u00e1n acostumbrados, SOLAR Switch utilizado con SOLAR E-Commerce ser\u00e1 la mejor soluci\u00f3n.<\/span><\/p>\n<p><span style=\"color: #ffffff;\">Una interfaz con una selecci\u00f3n de m\u00e9todos de pago puede integrarse con facilidad en el sitio web del negocio online. Los m\u00f3dulos MPI y ACS certificados por 3-D Secure proporcionan la m\u00e1xima seguridad para las operaciones de pago. Gracias a la tokenizaci\u00f3n incorporada, puede ofrecer a sus clientes el servicio de suscripci\u00f3n y reducir significativamente el riesgo de fraude. Una API abierta y tokenizada que se integre con proveedores externos convertir\u00e1 a su empresa financiera en un socio fiable para los comerciantes que ofrecen servicios a trav\u00e9s de aplicaciones m\u00f3viles con una sencilla funcionalidad de pago.<\/span><\/p>\n<p><span style=\"color: #ffffff;\">Con SOLAR Switch, sus sistemas de informaci\u00f3n estar\u00e1n integrados de forma segura y eficaz en el mundo de los pagos electr\u00f3nicos.<\/span>[\/vc_column_text][\/vc_column][\/vc_row][vc_row full_width=\u00bbstretch_row\u00bb equal_height=\u00bbyes\u00bb content_placement=\u00bbmiddle\u00bb css=\u00bb.vc_custom_1748969789929{margin-bottom: -40px !important;padding-top: 30px !important;padding-bottom: 30px !important;background-color: #E8432D !important;}\u00bb][vc_column width=\u00bb1\/6&#8243; css=\u00bb.vc_custom_1748443670093{border-color: #FFFFFF !important;}\u00bb el_class=\u00bbbenefit-icon-col\u00bb][vc_empty_space height=\u00bb30px\u00bb el_class=\u00bbmobile-off\u00bb][vc_icon icon_fontawesome=\u00bbfa fa-regular fa-envelope-open\u00bb color=\u00bbwhite\u00bb size=\u00bbxl\u00bb align=\u00bbcenter\u00bb css=\u00bb\u00bb][\/vc_column][vc_column width=\u00bb5\/6&#8243; el_class=\u00bbbenefit-content-col\u00bb][vc_custom_heading text=\u00bbControle las actualizaciones de su sistema de informaci\u00f3n con SOLAR Switch y descubra c\u00f3mo satisfacer a sus clientes.\u00bb font_container=\u00bbtag:h3|font_size:32px|text_align:left|color:%23FFFFFF|line_height:34px\u00bb use_theme_fonts=\u00bbyes\u00bb css=\u00bb.vc_custom_1749546777808{margin-bottom: 10px !important;}\u00bb el_class=\u00bbweight-regular\u00bb][vc_custom_heading text=\u00bb\u00a1Contacte con nosotros! Estaremos encantados de organizar una demostraci\u00f3n para responder a todas sus preguntas en detalle.\u00bb font_container=\u00bbtag:p|font_size:20px|text_align:left|color:%23FFFFFF|line_height:28px\u00bb use_theme_fonts=\u00bbyes\u00bb css=\u00bb.vc_custom_1749546793797{margin-bottom: 10px !important;}\u00bb][vc_empty_space height=\u00bb30px\u00bb][vc_btn title=\u00bbContacte Con Nosotros\u00bb style=\u00bbcustom\u00bb custom_background=\u00bb#E8432D\u00bb custom_text=\u00bb#FFFFFF\u00bb shape=\u00bbround\u00bb size=\u00bblg\u00bb align=\u00bbleft\u00bb css=\u00bb.vc_custom_1749728558565{margin-bottom: 0px !important;border-color: #FFFFFF !important;}\u00bb link=\u00bburl:%23&#8243; el_class=\u00bbbutton-red-bg popmake-1553&#8243;][\/vc_column][\/vc_row]<\/p>\n<\/div>","protected":false},"excerpt":{"rendered":"<p>[vc_row][vc_column][vc_raw_html css=\u00bb.vc_custom_1749546221613{margin-bottom: 0px !important;}\u00bb el_class=\u00bbbreadcrumbs\u00bb]JTNDYSUyMGhyZWYlM0QlMjIlMkYlMjIlM0VIb21lJTNDJTJGYSUzRSUyMCU3QyUyMFByb2R1Y3RvcyUyMCU3QyUyMCUzQ3NwYW4lM0VTT0xBUiUyMFN3aXRjaCUzQyUyRnNwYW4lM0U=[\/vc_raw_html][\/vc_column][\/vc_row][vc_row css=\u00bb.vc_custom_1747922304231{border-color: #FF0000 !important;}\u00bb][vc_column][vc_empty_space height=\u00bb40px\u00bb][vc_custom_heading text=\u00bbSOLAR Switch \u2014 nos encargamos de sus transacciones\u00bb font_container=\u00bbtag:h1|font_size:64px|text_align:left|color:%23424D59|line_height:84px\u00bb use_theme_fonts=\u00bbyes\u00bb css=\u00bb.vc_custom_1749546241300{margin-bottom: 0px !important;margin-left: -5px !important;}\u00bb el_class=\u00bbheading-big\u00bb][vc_empty_space height=\u00bb25px\u00bb][vc_custom_heading text=\u00bbSOLAR Switch es la soluci\u00f3n estrella de la familia SOLAR. Se encarga de todas las tareas relacionadas con la integraci\u00f3n, el enrutamiento inteligente de transacciones y la transferencia de &#8230; <a title=\"SOLAR Switch\" class=\"read-more\" href=\"https:\/\/solanteq.com\/es\/solar-switch\/\" aria-label=\"Leer m\u00e1s sobre SOLAR Switch\">Read more<\/a><\/p>\n","protected":false},"author":3,"featured_media":0,"parent":0,"menu_order":0,"comment_status":"closed","ping_status":"closed","template":"","meta":{"footnotes":""},"class_list":["post-987","page","type-page","status-publish"],"_links":{"self":[{"href":"https:\/\/solanteq.com\/es\/wp-json\/wp\/v2\/pages\/987","targetHints":{"allow":["GET"]}}],"collection":[{"href":"https:\/\/solanteq.com\/es\/wp-json\/wp\/v2\/pages"}],"about":[{"href":"https:\/\/solanteq.com\/es\/wp-json\/wp\/v2\/types\/page"}],"author":[{"embeddable":true,"href":"https:\/\/solanteq.com\/es\/wp-json\/wp\/v2\/users\/3"}],"replies":[{"embeddable":true,"href":"https:\/\/solanteq.com\/es\/wp-json\/wp\/v2\/comments?post=987"}],"version-history":[{"count":2,"href":"https:\/\/solanteq.com\/es\/wp-json\/wp\/v2\/pages\/987\/revisions"}],"predecessor-version":[{"id":1655,"href":"https:\/\/solanteq.com\/es\/wp-json\/wp\/v2\/pages\/987\/revisions\/1655"}],"wp:attachment":[{"href":"https:\/\/solanteq.com\/es\/wp-json\/wp\/v2\/media?parent=987"}],"curies":[{"name":"wp","href":"https:\/\/api.w.org\/{rel}","templated":true}]}}