{"id":989,"date":"2025-06-05T13:58:37","date_gmt":"2025-06-05T13:58:37","guid":{"rendered":"https:\/\/solanteq.web-design.ee\/solar-atm-handler\/"},"modified":"2025-06-12T11:40:24","modified_gmt":"2025-06-12T11:40:24","slug":"solar-atm-handler","status":"publish","type":"page","link":"https:\/\/solanteq.com\/es\/solar-atm-handler\/","title":{"rendered":"SOLAR ATM Handler"},"content":{"rendered":"<div class=\"wpb-content-wrapper\"><p>[vc_row][vc_column][vc_raw_html css=\u00bb.vc_custom_1749548328287{margin-bottom: 0px !important;}\u00bb el_class=\u00bbbreadcrumbs\u00bb]JTNDYSUyMGhyZWYlM0QlMjIlMkYlMjIlM0VIb21lJTNDJTJGYSUzRSUyMCU3QyUyMFByb2R1Y3RvcyUyMCU3QyUyMCUzQ3NwYW4lM0VTT0xBUiUyMEFUTSUyMEhhbmRsZXIlM0MlMkZzcGFuJTNF[\/vc_raw_html][\/vc_column][\/vc_row][vc_row css=\u00bb.vc_custom_1747922304231{border-color: #FF0000 !important;}\u00bb][vc_column][vc_empty_space height=\u00bb40px\u00bb][vc_custom_heading text=\u00bb<b>SOLAR<\/b> ATM Handler \u2014 gesti\u00f3n inteligente para su red de cajeros autom\u00e1ticos\u00bb font_container=\u00bbtag:h1|font_size:64px|text_align:left|color:%23424D59|line_height:84px\u00bb use_theme_fonts=\u00bbyes\u00bb css=\u00bb.vc_custom_1749548347287{margin-bottom: 0px !important;margin-left: -5px !important;}\u00bb el_class=\u00bbheading-big\u00bb][vc_empty_space height=\u00bb25px\u00bb][vc_custom_heading text=\u00bbSOLAR ATM Handler garantiza el funcionamiento integral e ininterrumpido de una red de dispositivos de autoservicio bancario. Le ayudar\u00e1 a proporcionar a sus clientes una fiable red de cajeros autom\u00e1ticos como uno de los elementos clave de su estrategia digital.\u00bb font_container=\u00bbtag:p|font_size:20px|text_align:left|color:%23424D59|line_height:28px\u00bb use_theme_fonts=\u00bbyes\u00bb css=\u00bb.vc_custom_1749548361461{margin-bottom: 0px !important;}\u00bb el_class=\u00bbweight-light\u00bb][vc_empty_space height=\u00bb50px\u00bb][\/vc_column][\/vc_row][vc_row full_width=\u00bbstretch_row\u00bb css=\u00bb.vc_custom_1748962391931{padding-top: 100px !important;padding-bottom: 100px !important;background-color: #424D59 !important;background-position: center !important;background-repeat: no-repeat !important;background-size: cover !important;}\u00bb el_class=\u00bbdisable-row-overflow page-under-video-block\u00bb][vc_column][vc_empty_space height=\u00bb20px\u00bb][vc_custom_heading text=\u00bbHERRAMIENTA FIABLE\u00bb font_container=\u00bbtag:h2|font_size:36px|text_align:left|color:%23FFFFFF|line_height:44px\u00bb use_theme_fonts=\u00bbyes\u00bb css=\u00bb\u00bb el_class=\u00bbheading-big page-bits-title\u00bb][vc_empty_space height=\u00bb20px\u00bb][vc_column_text css=\u00bb\u00bb]<span style=\"color: #ffffff;\">La red de cajeros autom\u00e1ticos es un canal esencial de interacci\u00f3n con los clientes. SOLAR ATM Handler incluye un paquete completo de funciones y proporciona un control fiable y constante sobre todos los dispositivos de autoservicio bancario. Por ejemplo:<\/span>[\/vc_column_text][vc_empty_space height=\u00bb20px\u00bb][vc_row_inner css=\u00bb.vc_custom_1748967280488{border-top-width: 1px !important;border-right-width: 1px !important;border-bottom-width: 1px !important;border-left-width: 1px !important;padding-top: 40px !important;padding-right: 30px !important;padding-bottom: 40px !important;padding-left: 30px !important;background-color: #515D6A !important;border-radius: 20px !important;border-color: #515D6A !important;}\u00bb][vc_column_inner][vc_raw_html css=\u00bb\u00bb el_class=\u00bbbits-of-functionality much-text bulletlist\u00bb]cGFnb3MlMjBpbnRlcmFjdGl2b3MlM0I=[\/vc_raw_html][vc_raw_html css=\u00bb\u00bb el_class=\u00bbbits-of-functionality much-text bulletlist\u00bb]Y29uc3VsdGElMjBkZSUyMHNhbGRvJTNC[\/vc_raw_html][vc_raw_html css=\u00bb\u00bb el_class=\u00bbbits-of-functionality much-text bulletlist\u00bb]cmV0aXJhZGElMjBkZSUyMGVmZWN0aXZvJTIwY29uJTIweSUyMHNpbiUyMHRhcmpldGElM0I=[\/vc_raw_html][vc_raw_html css=\u00bb\u00bb el_class=\u00bbbits-of-functionality much-text bulletlist\u00bb]ZGVwJUMzJUIzc2l0b3MlMjB5JTIwZ2VzdGklQzMlQjNuJTIwZGUlMjBjdWVudGFzJTIwZW4lMjB0b2RvcyUyMHN1cyUyMHNpc3RlbWFzJTNC[\/vc_raw_html][vc_raw_html css=\u00bb\u00bb el_class=\u00bbbits-of-functionality much-text bulletlist\u00bb]Y2FtYmlvJTIwZGUlMjBtb25lZGEu[\/vc_raw_html][\/vc_column_inner][\/vc_row_inner][vc_empty_space height=\u00bb40px\u00bb][vc_custom_heading text=\u00bbCAPACIDADES FUNCIONALES EXCLUSIVAS\u00bb font_container=\u00bbtag:h2|font_size:36px|text_align:left|color:%23FFFFFF|line_height:44px\u00bb use_theme_fonts=\u00bbyes\u00bb css=\u00bb\u00bb el_class=\u00bbheading-big page-bits-title\u00bb][vc_empty_space height=\u00bb20px\u00bb][vc_column_text css=\u00bb\u00bb]<span style=\"color: #ffffff;\">SOLAR ATM Handler incluye todo lo necesario para la comodidad del usuario y para la disponibilidad de la red de cajeros.<\/span>[\/vc_column_text][vc_empty_space height=\u00bb20px\u00bb][vc_row_inner css=\u00bb.vc_custom_1748967280488{border-top-width: 1px !important;border-right-width: 1px !important;border-bottom-width: 1px !important;border-left-width: 1px !important;padding-top: 40px !important;padding-right: 30px !important;padding-bottom: 40px !important;padding-left: 30px !important;background-color: #515D6A !important;border-radius: 20px !important;border-color: #515D6A !important;}\u00bb][vc_column_inner][vc_raw_html css=\u00bb\u00bb el_class=\u00bbbits-of-functionality much-text bulletlist\u00bb]UG9zaWJpbGlkYWQlMjBkZSUyMGNvbmZpZ3VyYXIlMjBlbCUyMG0lQzMlQjNkdWxvJTIwZGUlMjBmb3JtYSUyMGZsZXhpYmxlJTIwc2VnJUMzJUJBbiUyMGxvcyUyMHJlcXVpc2l0b3MlMjBkZWwlMjBjbGllbnRlLg==[\/vc_raw_html][vc_raw_html css=\u00bb\u00bb el_class=\u00bbbits-of-functionality much-text bulletlist\u00bb]U29wb3J0ZSUyMHBhcmElMjBkaWZlcmVudGVzJTIwdGlwb3MlMjBkZSUyMGNhamVyb3MlMjBhdXRvbSVDMyVBMXRpY29z[\/vc_raw_html][vc_raw_html css=\u00bb\u00bb el_class=\u00bbbits-of-functionality much-text bulletlist\u00bb]UHJlcGFyYXIlMjBsb3MlMjBjYWplcm9zJTIwYXV0b20lQzMlQTF0aWNvcyUyMGElMjB0cmF2JUMzJUE5cyUyMGRlbCUyMGNvbmZpZ3VyYWRvciUyMGRlJTIwbGElMjBpbnRlcmZheiUyMGRlJTIwdXN1YXJpbyUyMGluY29ycG9yYWRvLg==[\/vc_raw_html][vc_raw_html css=\u00bb\u00bb el_class=\u00bbbits-of-functionality much-text bulletlist\u00bb]U2VndWltaWVudG8lMjBkZWwlMjBlc3RhZG8lMjBkZSUyMGNhZGElMjBjYWplcm8lMjB5JTIwZGVsJTIwc2lzdGVtYSUyMGRlJTIwYWxlcnRhLg==[\/vc_raw_html][vc_raw_html css=\u00bb\u00bb el_class=\u00bbbits-of-functionality much-text bulletlist\u00bb]RWRpdG9yJTIwZGUlMjBwbGFudGlsbGFzJTIwZGUlMjByZWNpYm9zJTIwYyVDMyVCM21vZG8lMjBlJTIwaW50dWl0aXZvLg==[\/vc_raw_html][vc_raw_html css=\u00bb\u00bb el_class=\u00bbbits-of-functionality much-text bulletlist\u00bb]Q29tcGF0aWJpbGlkYWQlMjBjb24lMjB2YXJpb3MlMjBwcm90b2NvbG9zLg==[\/vc_raw_html][vc_raw_html css=\u00bb\u00bb el_class=\u00bbbits-of-functionality much-text bulletlist\u00bb]Q29tcGF0aWJpbGlkYWQlMjBjb24lMjB2YXJpb3MlMjBzaXN0ZW1hcyUyMGRlJTIwYmFjayUyMG9mZmljZS4=[\/vc_raw_html][vc_raw_html css=\u00bb\u00bb el_class=\u00bbbits-of-functionality much-text bulletlist\u00bb]Q2FwYWNpZGFkJTIwcGFyYSUyMHRyYWJhamFyJTIwZW4lMjBzZXJ2aWRvcmVzJTIwbGlnZXJvcyUyMHklMjB2aXJ0dWFsaXphY2klQzMlQjNuLg==[\/vc_raw_html][vc_raw_html css=\u00bb\u00bb el_class=\u00bbbits-of-functionality much-text bulletlist\u00bb]Q29taXNpb25lcyUyMGRlJTIwZW1pc29yZXMlMkZhZHF1aXJlbnRlcyUyMGVuJTIwbW9kbyUyMG9ubGluZS4=[\/vc_raw_html][vc_raw_html css=\u00bb\u00bb el_class=\u00bbbits-of-functionality much-text bulletlist\u00bb]U29wb3J0ZSUyMGRlJTIwcGFudGFsbGFzJTIwbXVsdGltZWRpYS4=[\/vc_raw_html][vc_raw_html css=\u00bb\u00bb el_class=\u00bbbits-of-functionality much-text bulletlist\u00bb]SGVycmFtaWVudGFzJTIwZGUlMjBwcnVlYmElMjBkZSUyMHJlZ3Jlc2klQzMlQjNuJTIweSUyMHJlbmRpbWllbnRvJTIwaW50ZWdyYWRhcy4=[\/vc_raw_html][vc_raw_html css=\u00bb\u00bb el_class=\u00bbbits-of-functionality much-text bulletlist\u00bb]UGxhbmlmaWNhY2klQzMlQjNuJTIwZGVsJTIwZmx1am8lMjBkZSUyMGNhamEu[\/vc_raw_html][\/vc_column_inner][\/vc_row_inner][vc_empty_space height=\u00bb40px\u00bb][vc_custom_heading text=\u00bbPROTECCI\u00d3N A TODOS LOS NIVELES\u00bb font_container=\u00bbtag:h2|font_size:36px|text_align:left|color:%23FFFFFF|line_height:44px\u00bb use_theme_fonts=\u00bbyes\u00bb css=\u00bb\u00bb el_class=\u00bbheading-big page-bits-title\u00bb][vc_empty_space height=\u00bb20px\u00bb][vc_row_inner css=\u00bb.vc_custom_1748967280488{border-top-width: 1px !important;border-right-width: 1px !important;border-bottom-width: 1px !important;border-left-width: 1px !important;padding-top: 40px !important;padding-right: 30px !important;padding-bottom: 40px !important;padding-left: 30px !important;background-color: #515D6A !important;border-radius: 20px !important;border-color: #515D6A !important;}\u00bb][vc_column_inner][vc_raw_html css=\u00bb\u00bb el_class=\u00bbbits-of-functionality much-text bulletlist\u00bb]QWRtaXRlJTIwSFNNJTJDJTIwaW50ZXJjYW1iaW8lMjBkZSUyMGRhdG9zJTIwZW5jcmlwdGFkb3MlMjB5JTIwY2FyZ2ElMjByZW1vdGElMjBkZSUyMGNsYXZlcy4=[\/vc_raw_html][vc_raw_html css=\u00bb\u00bb el_class=\u00bbbits-of-functionality much-text bulletlist\u00bb]TGElMjBzdXBlcnZpc2klQzMlQjNuJTIwb3BlcmF0aXZhJTIwZGVsJTIwZXN0YWRvJTIwZGUlMjBjYWRhJTIwY2FqZXJvJTIwYXV0b20lQzMlQTF0aWNvJTIwcGVybWl0ZSUyMHJlc3BvbmRlciUyMHIlQzMlQTFwaWRhbWVudGUlMjBhJTIwbGFzJTIwYXZlciVDMyVBRGFzJTIwbyUyMGElMjBsYSUyMGFjdGl2aWRhZCUyMGZyYXVkdWxlbnRhLg==[\/vc_raw_html][vc_raw_html css=\u00bb\u00bb el_class=\u00bbbits-of-functionality much-text bulletlist\u00bb]UGVyc29uYWxpemFjaSVDMyVCM24lMjBmbGV4aWJsZSUyMGRlJTIwbG9zJTIwZGF0b3MlMjBtb3N0cmFkb3MlMjBlbiUyMGxhJTIwaW50ZXJmYXolMjBkZSUyMHVzdWFyaW8lMjBzZWclQzMlQkFuJTIwbG9zJTIwZGlmZXJlbnRlcyUyMG5pdmVsZXMlMjBkZSUyMGFjY2Vzby4=[\/vc_raw_html][vc_raw_html css=\u00bb\u00bb el_class=\u00bbbits-of-functionality much-text bulletlist\u00bb]JTBEJTBBTGElMjBpbnRlZ3JhY2klQzMlQjNuJTIwbmF0aXZhJTIweSUyMGxhJTIwY29tcGF0aWJpbGlkYWQlMjBjb24lMjBTT0xBUiUyMEZyYXVkJTIwUHJldmVudGlvbiUyMGdhcmFudGl6YW4lMjBsYSUyMHByb3RlY2NpJUMzJUIzbiUyMGNvbnRyYSUyMGxhcyUyMGFjdGl2aWRhZGVzJTIwZnJhdWR1bGVudGFzLg==[\/vc_raw_html][\/vc_column_inner][\/vc_row_inner][vc_empty_space height=\u00bb40px\u00bb][vc_custom_heading text=\u00bbF\u00c1CIL LANZAMIENTO E INTEGRACI\u00d3N CON CUALQUIER SISTEMA\u00bb font_container=\u00bbtag:h2|font_size:36px|text_align:left|color:%23FFFFFF|line_height:44px\u00bb use_theme_fonts=\u00bbyes\u00bb css=\u00bb\u00bb el_class=\u00bbheading-big page-bits-title\u00bb][vc_empty_space height=\u00bb20px\u00bb][vc_row_inner css=\u00bb.vc_custom_1748967280488{border-top-width: 1px !important;border-right-width: 1px !important;border-bottom-width: 1px !important;border-left-width: 1px !important;padding-top: 40px !important;padding-right: 30px !important;padding-bottom: 40px !important;padding-left: 30px !important;background-color: #515D6A !important;border-radius: 20px !important;border-color: #515D6A !important;}\u00bb][vc_column_inner][vc_raw_html css=\u00bb\u00bb el_class=\u00bbbits-of-functionality much-text bulletlist\u00bb]SW5zdGFsYWNpJUMzJUIzbiUyQyUyMGxhbnphbWllbnRvJTIwZSUyMGludGVncmFjaSVDMyVCM24lMjBlbiUyMDItNCUyMG1lc2VzLg==[\/vc_raw_html][vc_raw_html css=\u00bb\u00bb el_class=\u00bbbits-of-functionality much-text bulletlist\u00bb]UmVxdWlzaXRvcyUyMG0lQzMlQURuaW1vcyUyMGRlJTIwaGFyZHdhcmUlMjB5JTIwc29mdHdhcmUu[\/vc_raw_html][vc_raw_html css=\u00bb\u00bb el_class=\u00bbbits-of-functionality much-text bulletlist\u00bb]TGFzJTIwaW50ZXJmYWNlcyUyMHB1ZWRlbiUyMGNyZWFyc2UlMjBjb24lMjBkb2NlbmFzJTIwZGUlMjBzaXN0ZW1hcyUyMGRlJTIwZGF0b3Mu[\/vc_raw_html][vc_raw_html css=\u00bb\u00bb el_class=\u00bbbits-of-functionality much-text bulletlist\u00bb]TG9zJTIwcGFxdWV0ZXMlMjBkZSUyMGludGVncmFjaSVDMyVCM24lMjBsaXN0b3MlMjBwYXJhJTIwdXNhciUyMGZhY2lsaXRhbiUyMGxhJTIwY29uZXhpJUMzJUIzbiUyMGRlJTIwbG9zJTIwc2lzdGVtYXMlMjBleGlzdGVudGVzLg==[\/vc_raw_html][vc_raw_html css=\u00bb\u00bb el_class=\u00bbbits-of-functionality much-text bulletlist\u00bb]Q29uZmlndXJhY2lvbmVzJTIwYmFzZSUyMGluY29ycG9yYWRhcyUyMHklMjBsaXN0YXMlMjBwYXJhJTIwdXNhci4=[\/vc_raw_html][vc_raw_html css=\u00bb\u00bb el_class=\u00bbbits-of-functionality much-text bulletlist\u00bb]TGElMjBpbnRlcmZheiUyMGRlJTIwbWlncmFjaSVDMyVCM24lMjBkZSUyMGRhdG9zJTIwc2UlMjBpbmNvcnBvcmElMjBhbCUyMHRyYW5zZmVyaXJzZSUyMGElMjBTT0xBUiUyMEFUTSUyMEhhbmRsZXIlMjBkZXNkZSUyMGxvcyUyMHNpc3RlbWFzJTIwaGVyZWRhZG9zLg==[\/vc_raw_html][\/vc_column_inner][\/vc_row_inner][vc_empty_space height=\u00bb40px\u00bb][vc_single_image image=\u00bb1357&#8243; img_size=\u00bbfull\u00bb alignment=\u00bbcenter\u00bb css=\u00bb.vc_custom_1749549516625{padding-top: 20px !important;padding-right: 20px !important;padding-bottom: 20px !important;padding-left: 20px !important;background-color: #FFFFFF !important;}\u00bb el_class=\u00bbborder-radius20&#8243;][vc_empty_space height=\u00bb40px\u00bb][vc_custom_heading text=\u00bbOPTIMIZACI\u00d3N DE COSTES\u00bb font_container=\u00bbtag:h2|font_size:36px|text_align:left|color:%23FFFFFF|line_height:44px\u00bb use_theme_fonts=\u00bbyes\u00bb css=\u00bb\u00bb el_class=\u00bbheading-big page-bits-title\u00bb][vc_empty_space height=\u00bb20px\u00bb][vc_column_text css=\u00bb\u00bb]<span style=\"color: #ffffff;\">Con SOLAR ATM Handler puede maximizar la disponibilidad de los servicios de la red de cajeros mediante la gesti\u00f3n remota. Por ejemplo, el m\u00f3dulo proporciona una interfaz para facilitar el mantenimiento y la carga remota de im\u00e1genes en los terminales. Esto reduce los costes de servicio, ya que muchas operaciones pueden realizarse sin tener que desplazarse a cada terminal.<\/span><\/p>\n<p><span style=\"color: #ffffff;\">El sistema supervisa el estado de todos los cajeros autom\u00e1ticos y le avisa inmediatamente de la necesidad de mantenimiento, lo que le permitir\u00e1 tomar medidas r\u00e1pidas para que los dispositivos vuelvan a funcionar, as\u00ed como generar estad\u00edsticas sobre la disponibilidad y las causas de la inoperatividad.<\/span><\/p>\n<p><span style=\"color: #ffffff;\">SOLAR ATM Handler cuenta el efectivo restante y prev\u00e9 su consumo, ayud\u00e1ndole a optimizar los planes de reposici\u00f3n de los dispositivos.<\/span>[\/vc_column_text][vc_empty_space height=\u00bb40px\u00bb][vc_custom_heading text=\u00bbSE ADAPTA A SUS NECESIDADES\u00bb font_container=\u00bbtag:h2|font_size:36px|text_align:left|color:%23FFFFFF|line_height:44px\u00bb use_theme_fonts=\u00bbyes\u00bb css=\u00bb\u00bb el_class=\u00bbheading-big page-bits-title\u00bb][vc_empty_space height=\u00bb20px\u00bb][vc_column_text css=\u00bb\u00bb]<span style=\"color: #ffffff;\">SOLAR ATM Handler es escalable horizontalmente, el m\u00f3dulo puede lanzarse en una plataforma x86 b\u00e1sica y a\u00f1adir nodos gradualmente para ampliarlo a medida que su negocio crece.<\/span><\/p>\n<p><span style=\"color: #ffffff;\">Utiliza una interfaz de usuario y un sistema de navegaci\u00f3n explicativos y f\u00e1ciles de usar, adem\u00e1s de una administraci\u00f3n flexible de las funciones del sistema seg\u00fan los diferentes niveles de acceso de los usuarios.<\/span><\/p>\n<p><span style=\"color: #ffffff;\">SOLAR ATM Handler es adecuado para redes de cajeros autom\u00e1ticos de cualquier tama\u00f1o y complejidad, y puede adaptarse por completo a los requisitos de cada cliente.<\/span>[\/vc_column_text][vc_empty_space height=\u00bb40px\u00bb][vc_custom_heading text=\u00bbUNA POTENTE HERRAMIENTA PARA SU NEGOCIO\u00bb font_container=\u00bbtag:h2|font_size:36px|text_align:left|color:%23FFFFFF|line_height:44px\u00bb use_theme_fonts=\u00bbyes\u00bb css=\u00bb\u00bb el_class=\u00bbheading-big page-bits-title\u00bb][vc_empty_space height=\u00bb20px\u00bb][vc_column_text css=\u00bb\u00bb]<span style=\"color: #ffffff;\">SOLAR ATM Handler es una soluci\u00f3n integral que garantiza la supervisi\u00f3n y el funcionamiento continuos de la red de cajeros autom\u00e1ticos. El sistema proporciona informaci\u00f3n precisa y oportuna sobre el estado de cada uno de ellos y sus componentes individuales de hardware y software.<\/span>[\/vc_column_text][\/vc_column][\/vc_row][vc_row full_width=\u00bbstretch_row\u00bb equal_height=\u00bbyes\u00bb content_placement=\u00bbmiddle\u00bb css=\u00bb.vc_custom_1748969789929{margin-bottom: -40px !important;padding-top: 30px !important;padding-bottom: 30px !important;background-color: #E8432D !important;}\u00bb][vc_column width=\u00bb1\/6&#8243; css=\u00bb.vc_custom_1748443670093{border-color: #FFFFFF !important;}\u00bb el_class=\u00bbbenefit-icon-col\u00bb][vc_empty_space height=\u00bb30px\u00bb el_class=\u00bbmobile-off\u00bb][vc_icon icon_fontawesome=\u00bbfa fa-regular fa-envelope-open\u00bb color=\u00bbwhite\u00bb size=\u00bbxl\u00bb align=\u00bbcenter\u00bb css=\u00bb\u00bb][\/vc_column][vc_column width=\u00bb5\/6&#8243; el_class=\u00bbbenefit-content-col\u00bb][vc_custom_heading text=\u00bbEstamos convencidos de que SOLAR ATM Handler garantizar\u00e1 la gesti\u00f3n segura y de alta calidad de su red de cajeros autom\u00e1ticos.\u00bb font_container=\u00bbtag:h3|font_size:32px|text_align:left|color:%23FFFFFF|line_height:34px\u00bb use_theme_fonts=\u00bbyes\u00bb css=\u00bb.vc_custom_1749549283861{margin-bottom: 10px !important;}\u00bb el_class=\u00bbweight-regular\u00bb][vc_custom_heading text=\u00bb\u00a1Contacte con nosotros! Estaremos encantados de organizar una demostraci\u00f3n para responder a todas sus preguntas en detalle\u00bb font_container=\u00bbtag:p|font_size:20px|text_align:left|color:%23FFFFFF|line_height:28px\u00bb use_theme_fonts=\u00bbyes\u00bb css=\u00bb.vc_custom_1749549302292{margin-bottom: 10px !important;}\u00bb][vc_empty_space height=\u00bb30px\u00bb][vc_btn title=\u00bbContacte Con Nosotros\u00bb style=\u00bbcustom\u00bb custom_background=\u00bb#E8432D\u00bb custom_text=\u00bb#FFFFFF\u00bb shape=\u00bbround\u00bb size=\u00bblg\u00bb align=\u00bbleft\u00bb css=\u00bb.vc_custom_1749728422818{margin-bottom: 0px !important;border-color: #FFFFFF !important;}\u00bb link=\u00bburl:%23&#8243; el_class=\u00bbbutton-red-bg popmake-1553&#8243;][\/vc_column][\/vc_row]<\/p>\n<\/div>","protected":false},"excerpt":{"rendered":"<p>[vc_row][vc_column][vc_raw_html css=\u00bb.vc_custom_1749548328287{margin-bottom: 0px !important;}\u00bb el_class=\u00bbbreadcrumbs\u00bb]JTNDYSUyMGhyZWYlM0QlMjIlMkYlMjIlM0VIb21lJTNDJTJGYSUzRSUyMCU3QyUyMFByb2R1Y3RvcyUyMCU3QyUyMCUzQ3NwYW4lM0VTT0xBUiUyMEFUTSUyMEhhbmRsZXIlM0MlMkZzcGFuJTNF[\/vc_raw_html][\/vc_column][\/vc_row][vc_row css=\u00bb.vc_custom_1747922304231{border-color: #FF0000 !important;}\u00bb][vc_column][vc_empty_space height=\u00bb40px\u00bb][vc_custom_heading text=\u00bbSOLAR ATM Handler \u2014 gesti\u00f3n inteligente para su red de cajeros autom\u00e1ticos\u00bb font_container=\u00bbtag:h1|font_size:64px|text_align:left|color:%23424D59|line_height:84px\u00bb use_theme_fonts=\u00bbyes\u00bb css=\u00bb.vc_custom_1749548347287{margin-bottom: 0px !important;margin-left: -5px !important;}\u00bb el_class=\u00bbheading-big\u00bb][vc_empty_space height=\u00bb25px\u00bb][vc_custom_heading text=\u00bbSOLAR ATM Handler garantiza el funcionamiento integral e ininterrumpido de una red de dispositivos de autoservicio bancario. Le ayudar\u00e1 a proporcionar a sus clientes una &#8230; <a title=\"SOLAR ATM Handler\" class=\"read-more\" href=\"https:\/\/solanteq.com\/es\/solar-atm-handler\/\" aria-label=\"Leer m\u00e1s sobre SOLAR ATM Handler\">Read more<\/a><\/p>\n","protected":false},"author":3,"featured_media":0,"parent":0,"menu_order":0,"comment_status":"closed","ping_status":"closed","template":"","meta":{"footnotes":""},"class_list":["post-989","page","type-page","status-publish"],"_links":{"self":[{"href":"https:\/\/solanteq.com\/es\/wp-json\/wp\/v2\/pages\/989","targetHints":{"allow":["GET"]}}],"collection":[{"href":"https:\/\/solanteq.com\/es\/wp-json\/wp\/v2\/pages"}],"about":[{"href":"https:\/\/solanteq.com\/es\/wp-json\/wp\/v2\/types\/page"}],"author":[{"embeddable":true,"href":"https:\/\/solanteq.com\/es\/wp-json\/wp\/v2\/users\/3"}],"replies":[{"embeddable":true,"href":"https:\/\/solanteq.com\/es\/wp-json\/wp\/v2\/comments?post=989"}],"version-history":[{"count":3,"href":"https:\/\/solanteq.com\/es\/wp-json\/wp\/v2\/pages\/989\/revisions"}],"predecessor-version":[{"id":1643,"href":"https:\/\/solanteq.com\/es\/wp-json\/wp\/v2\/pages\/989\/revisions\/1643"}],"wp:attachment":[{"href":"https:\/\/solanteq.com\/es\/wp-json\/wp\/v2\/media?parent=989"}],"curies":[{"name":"wp","href":"https:\/\/api.w.org\/{rel}","templated":true}]}}