{"id":991,"date":"2025-06-05T13:16:45","date_gmt":"2025-06-05T13:16:45","guid":{"rendered":"https:\/\/solanteq.web-design.ee\/solar-stand-in-processing\/"},"modified":"2025-06-12T11:42:30","modified_gmt":"2025-06-12T11:42:30","slug":"solar-stand-in-processing","status":"publish","type":"page","link":"https:\/\/solanteq.com\/es\/solar-stand-in-processing\/","title":{"rendered":"SOLAR Stand-in Processing"},"content":{"rendered":"<div class=\"wpb-content-wrapper\"><p>[vc_row][vc_column][vc_raw_html css=\u00bb.vc_custom_1749550559003{margin-bottom: 0px !important;}\u00bb el_class=\u00bbbreadcrumbs\u00bb]JTNDYSUyMGhyZWYlM0QlMjIlMkYlMjIlM0VIb21lJTNDJTJGYSUzRSUyMCU3QyUyMFByb2R1Y3RvcyUyMCU3QyUyMCUzQ3NwYW4lM0VTT0xBUiUyMFN0YW5kLWluJTIwUHJvY2Vzc2luZyUzQyUyRnNwYW4lM0U=[\/vc_raw_html][\/vc_column][\/vc_row][vc_row css=\u00bb.vc_custom_1747922304231{border-color: #FF0000 !important;}\u00bb][vc_column][vc_empty_space height=\u00bb40px\u00bb][vc_custom_heading text=\u00bb<b>SOLAR<\/b> Stand-in Processing \u2014 m\u00e1xima tolerancia a fallos de su sistema de<br \/>\nprocesamiento\u00bb font_container=\u00bbtag:h1|font_size:64px|text_align:left|color:%23424D59|line_height:84px\u00bb use_theme_fonts=\u00bbyes\u00bb css=\u00bb.vc_custom_1749550574507{margin-bottom: 0px !important;margin-left: -5px !important;}\u00bb el_class=\u00bbheading-big\u00bb][vc_empty_space height=\u00bb25px\u00bb][vc_custom_heading text=\u00bbEl sector de los pagos ejerce cada vez m\u00e1s presi\u00f3n sobre las infraestructuras de pago para que mantengan un alto nivel de tolerancia a fallos. Mientras que hace solo cinco a\u00f1os no hab\u00eda ning\u00fan problema en detener las transacciones durante la noche, hoy en d\u00eda, una paralizaci\u00f3n de diez minutos a medianoche es un incidente de categor\u00eda cr\u00edtica que supone un golpe para la confianza de los clientes. No es de extra\u00f1ar que las empresas de procesamiento de pagos inviertan mucho en el desarrollo de soluciones integrales con alta tolerancia a fallos. SOLAR Stand-in, un sistema de autorizaci\u00f3n de reserva, mejora significativamente la fiabilidad de su sistema de procesamiento y, sin pretender sustituirlo, cumple con la inmensa mayor\u00eda de las funciones necesarias para un procesamiento de pagos con la m\u00e1xima tolerancia a fallos.\u00bb font_container=\u00bbtag:p|font_size:20px|text_align:left|color:%23424D59|line_height:28px\u00bb use_theme_fonts=\u00bbyes\u00bb css=\u00bb.vc_custom_1749550594278{margin-bottom: 0px !important;}\u00bb el_class=\u00bbweight-light\u00bb][vc_empty_space height=\u00bb50px\u00bb][\/vc_column][\/vc_row][vc_row full_width=\u00bbstretch_row\u00bb css=\u00bb.vc_custom_1748962391931{padding-top: 100px !important;padding-bottom: 100px !important;background-color: #424D59 !important;background-position: center !important;background-repeat: no-repeat !important;background-size: cover !important;}\u00bb el_class=\u00bbdisable-row-overflow page-under-video-block\u00bb][vc_column][vc_custom_heading text=\u00bbUN SISTEMA DE AUTORIZACI\u00d3N DE RESERVA: \u00bfCU\u00c1LES SON SUS VENTAJAS?\u00bb font_container=\u00bbtag:h2|font_size:36px|text_align:left|color:%23FFFFFF|line_height:44px\u00bb use_theme_fonts=\u00bbyes\u00bb css=\u00bb\u00bb el_class=\u00bbheading-big page-bits-title\u00bb][vc_empty_space height=\u00bb20px\u00bb][vc_column_text css=\u00bb\u00bb]<span style=\"color: #ffffff;\">Un sistema de procesamiento cl\u00e1sico suele estar formado por componentes, plataformas y sistemas de gesti\u00f3n de bases de datos bastante fiables. Muchos sistemas cl\u00e1sicos utilizan m\u00f3dulos y tecnolog\u00edas novedosos tolerantes a fallos. Sin embargo, a veces se producen errores y periodos de inactividad.<\/span><\/p>\n<p><span style=\"color: #ffffff;\">El problema suele deberse a errores de software, del operador o a fallos de hardware, que a menudo es \u00fanico y costoso. Cuanto m\u00e1s complejos son la arquitectura y los mecanismos de tolerancia a fallos, mayor ser\u00e1 la influencia del factor humano o de los comportamientos inesperados que comprometan la integridad de los datos.<\/span><\/p>\n<p><span style=\"color: #ffffff;\">Nuestra soluci\u00f3n parte del supuesto de que dos componentes simples con interacciones claramente definidas y limitadas son m\u00e1s f\u00e1ciles de mantener que un sistema monol\u00edtico y complejo cuya vida interna carece de transparencia.<\/span><\/p>\n<p><span style=\"color: #ffffff;\">SOLAR Stand-in requiere poca o ninguna modificaci\u00f3n de su sistema de procesamiento actual. Realiza las funciones fundamentales solo durante los momentos en los que el sistema principal no est\u00e1 disponible por cualquier motivo. Mientras el sistema de procesamiento principal est\u00e1 en funcionamiento, el sistema de reserva SOLAR Stand-in tambi\u00e9n permanece activo y actualiza todos los datos necesarios, pero no afecta a los procesos de autorizaci\u00f3n corrientes.<\/span>[\/vc_column_text][vc_empty_space height=\u00bb40px\u00bb][vc_custom_heading text=\u00bbSOLO LO ESENCIAL\u00bb font_container=\u00bbtag:h2|font_size:36px|text_align:left|color:%23FFFFFF|line_height:44px\u00bb use_theme_fonts=\u00bbyes\u00bb css=\u00bb\u00bb el_class=\u00bbheading-big page-bits-title\u00bb][vc_empty_space height=\u00bb20px\u00bb][vc_column_text css=\u00bb\u00bb]<span style=\"color: #ffffff;\">SOLAR Stand-in asumir\u00e1 las siguientes funciones para sustituir a un sistema de procesamiento paralizado:<\/span>[\/vc_column_text][vc_empty_space height=\u00bb20px\u00bb][vc_row_inner css=\u00bb.vc_custom_1748967280488{border-top-width: 1px !important;border-right-width: 1px !important;border-bottom-width: 1px !important;border-left-width: 1px !important;padding-top: 40px !important;padding-right: 30px !important;padding-bottom: 40px !important;padding-left: 30px !important;background-color: #515D6A !important;border-radius: 20px !important;border-color: #515D6A !important;}\u00bb][vc_column_inner][vc_raw_html css=\u00bb\u00bb el_class=\u00bbbits-of-functionality much-text bulletlist\u00bb]YXV0b3JpemFjaW9uZXMlMjBkZSUyMGxhcyUyMG9wZXJhY2lvbmVzJTIwZGUlMjBwYWdvJTJDJTIwaW5jbHVpZG8lMjBlbCUyMGJsb3F1ZW8lMjBkZSUyMHRhc2FzJTIweSUyMGVsJTIwcHJvY2VzYW1pZW50byUyMHBvciUyMHNlcGFyYWRvJTIwZGUlMjBsb3MlMjBmb25kb3MlMjBwcm9waW9zJTIweSUyMGxvcyUyMHByZXN0YWRvcyUzQg==[\/vc_raw_html][vc_raw_html css=\u00bb\u00bb el_class=\u00bbbits-of-functionality much-text bulletlist\u00bb]Y29uc3VsdGElMjBkZSUyMHNhbGRvJTNC[\/vc_raw_html][vc_raw_html css=\u00bb\u00bb el_class=\u00bbbits-of-functionality much-text bulletlist\u00bb]YmxvcXVlbyUyMGRlJTIwdGFyamV0YXMlMkMlMjBjdWVudGFzJTIweSUyMGNsaWVudGVzJTNC[\/vc_raw_html][vc_raw_html css=\u00bb\u00bb el_class=\u00bbbits-of-functionality much-text bulletlist\u00bb]cmVjYXJnYSUyMGRlJTIwc2FsZG8lM0IlMEQlMEE=[\/vc_raw_html][vc_raw_html css=\u00bb\u00bb el_class=\u00bbbits-of-functionality much-text bulletlist\u00bb]Y2FtYmlvJTIwZGUlMjBQSU4lM0I=[\/vc_raw_html][vc_raw_html css=\u00bb\u00bb el_class=\u00bbbits-of-functionality much-text bulletlist\u00bb]Y29udHJvbGVzJTIwZGUlMjB2ZWxvY2lkYWQlM0I=[\/vc_raw_html][vc_raw_html css=\u00bb\u00bb el_class=\u00bbbits-of-functionality much-text bulletlist\u00bb]ZW1pc2klQzMlQjNuJTIwaW5zdGFudCVDMyVBMW5lYSUzQg==[\/vc_raw_html][vc_raw_html css=\u00bb\u00bb el_class=\u00bbbits-of-functionality much-text bulletlist\u00bb]c29wb3J0ZSUyMHBhcmElMjBzZXJ2aWNpb3MlMjBiYW5jYXJpb3MlMjBhJTIwZGlzdGFuY2lhJTIweSUyMEFQSS4=[\/vc_raw_html][\/vc_column_inner][\/vc_row_inner][vc_empty_space height=\u00bb40px\u00bb][vc_custom_heading text=\u00bbINTEGRACI\u00d3N\u00bb font_container=\u00bbtag:h2|font_size:36px|text_align:left|color:%23FFFFFF|line_height:44px\u00bb use_theme_fonts=\u00bbyes\u00bb css=\u00bb\u00bb el_class=\u00bbheading-big page-bits-title\u00bb][vc_empty_space height=\u00bb40px\u00bb][vc_single_image image=\u00bb745&#8243; img_size=\u00bbfull\u00bb alignment=\u00bbcenter\u00bb css=\u00bb.vc_custom_1749131492645{padding-top: 40px !important;padding-right: 20px !important;padding-bottom: 40px !important;padding-left: 20px !important;background-color: #FFFFFF !important;border-radius: 20px !important;}\u00bb el_class=\u00bbborder-radius20&#8243;][vc_empty_space height=\u00bb40px\u00bb][vc_column_text css=\u00bb\u00bb]<span style=\"color: #ffffff;\">Todos estos componentes se integran en una soluci\u00f3n tolerante a fallos mediante SOLAR Switch de una manera productivo y eficaz. El enrutador central de Switch dirige las solicitudes de autorizaci\u00f3n al sistema de autorizaci\u00f3n de reserva en caso de que el sistema principal no est\u00e9 disponible.<\/span><\/p>\n<p><span style=\"color: #ffffff;\">Al controlar el modo de procesamiento de cada cuenta por separado, SOLAR StandIn permite cambiar las cuentas bancarias al sistema de autorizaci\u00f3n de reserva una por una y autorizarlas en conjuntos preasignados. La sincronizaci\u00f3n inversa con el sistema de autorizaci\u00f3n principal puede realizarse, por ejemplo, utilizando los protocolos de sistemas de pago est\u00e1ndar a trav\u00e9s de SOLAR Switch.<\/span>[\/vc_column_text][vc_empty_space height=\u00bb40px\u00bb][vc_custom_heading text=\u00bbVENTAJAS ADICIONALES\u00bb font_container=\u00bbtag:h2|font_size:36px|text_align:left|color:%23FFFFFF|line_height:44px\u00bb use_theme_fonts=\u00bbyes\u00bb css=\u00bb\u00bb el_class=\u00bbheading-big page-bits-title\u00bb][vc_empty_space height=\u00bb20px\u00bb][vc_column_text css=\u00bb\u00bb]<span style=\"color: #ffffff;\">Una arquitectura tolerante a fallos a partir de SOLAR StandIn y SOLAR Switch le permitir\u00e1 expandir f\u00e1cilmente su configuraci\u00f3n de procesamiento sin modificar su componente m\u00e1s importante, el sistema de procesamiento. Por ejemplo, puede a\u00f1adir una soluci\u00f3n antifraude independiente, conectar terminales de cualquier proveedor o red bancaria asociada usando cualquier protocolo.<\/span>[\/vc_column_text][vc_empty_space height=\u00bb40px\u00bb][vc_single_image image=\u00bb745&#8243; img_size=\u00bbfull\u00bb alignment=\u00bbcenter\u00bb css=\u00bb.vc_custom_1749131536513{padding-top: 40px !important;padding-right: 20px !important;padding-bottom: 40px !important;padding-left: 20px !important;background-color: #FFFFFF !important;border-radius: 20px !important;}\u00bb el_class=\u00bbborder-radius20&#8243;][\/vc_column][\/vc_row][vc_row full_width=\u00bbstretch_row\u00bb equal_height=\u00bbyes\u00bb content_placement=\u00bbmiddle\u00bb css=\u00bb.vc_custom_1748969789929{margin-bottom: -40px !important;padding-top: 30px !important;padding-bottom: 30px !important;background-color: #E8432D !important;}\u00bb][vc_column width=\u00bb1\/6&#8243; css=\u00bb.vc_custom_1748443670093{border-color: #FFFFFF !important;}\u00bb el_class=\u00bbbenefit-icon-col\u00bb][vc_empty_space height=\u00bb30px\u00bb el_class=\u00bbmobile-off\u00bb][vc_icon icon_fontawesome=\u00bbfa fa-regular fa-envelope-open\u00bb color=\u00bbwhite\u00bb size=\u00bbxl\u00bb align=\u00bbcenter\u00bb css=\u00bb\u00bb][\/vc_column][vc_column width=\u00bb5\/6&#8243; el_class=\u00bbbenefit-content-col\u00bb][vc_custom_heading text=\u00bbEstamos convencidos de que SOLAR Stand-in se convertir\u00e1 en su aliado de confianza para construir el ecosistema de procesamiento tolerante a fallos definitivo.\u00bb font_container=\u00bbtag:h3|font_size:32px|text_align:left|color:%23FFFFFF|line_height:34px\u00bb use_theme_fonts=\u00bbyes\u00bb css=\u00bb.vc_custom_1749550886099{margin-bottom: 10px !important;}\u00bb el_class=\u00bbweight-regular\u00bb][vc_custom_heading text=\u00bb\u00a1Contacte con nosotros! Estaremos encantados de organizar una demostraci\u00f3n para responder a todas sus preguntas en detalle.\u00bb font_container=\u00bbtag:p|font_size:20px|text_align:left|color:%23FFFFFF|line_height:28px\u00bb use_theme_fonts=\u00bbyes\u00bb css=\u00bb.vc_custom_1749550899554{margin-bottom: 10px !important;}\u00bb][vc_empty_space height=\u00bb30px\u00bb][vc_btn title=\u00bbGet in touch\u00bb style=\u00bbcustom\u00bb custom_background=\u00bb#E8432D\u00bb custom_text=\u00bb#FFFFFF\u00bb shape=\u00bbround\u00bb size=\u00bblg\u00bb align=\u00bbleft\u00bb css=\u00bb.vc_custom_1749728548383{margin-bottom: 0px !important;border-color: #FFFFFF !important;}\u00bb link=\u00bburl:%23&#8243; el_class=\u00bbbutton-red-bg popmake-1553&#8243;][\/vc_column][\/vc_row]<\/p>\n<\/div>","protected":false},"excerpt":{"rendered":"<p>[vc_row][vc_column][vc_raw_html css=\u00bb.vc_custom_1749550559003{margin-bottom: 0px !important;}\u00bb el_class=\u00bbbreadcrumbs\u00bb]JTNDYSUyMGhyZWYlM0QlMjIlMkYlMjIlM0VIb21lJTNDJTJGYSUzRSUyMCU3QyUyMFByb2R1Y3RvcyUyMCU3QyUyMCUzQ3NwYW4lM0VTT0xBUiUyMFN0YW5kLWluJTIwUHJvY2Vzc2luZyUzQyUyRnNwYW4lM0U=[\/vc_raw_html][\/vc_column][\/vc_row][vc_row css=\u00bb.vc_custom_1747922304231{border-color: #FF0000 !important;}\u00bb][vc_column][vc_empty_space height=\u00bb40px\u00bb][vc_custom_heading text=\u00bbSOLAR Stand-in Processing \u2014 m\u00e1xima tolerancia a fallos de su sistema de procesamiento\u00bb font_container=\u00bbtag:h1|font_size:64px|text_align:left|color:%23424D59|line_height:84px\u00bb use_theme_fonts=\u00bbyes\u00bb css=\u00bb.vc_custom_1749550574507{margin-bottom: 0px !important;margin-left: -5px !important;}\u00bb el_class=\u00bbheading-big\u00bb][vc_empty_space height=\u00bb25px\u00bb][vc_custom_heading text=\u00bbEl sector de los pagos ejerce cada vez m\u00e1s presi\u00f3n sobre las infraestructuras de pago para que mantengan un alto nivel de tolerancia a &#8230; <a title=\"SOLAR Stand-in Processing\" class=\"read-more\" href=\"https:\/\/solanteq.com\/es\/solar-stand-in-processing\/\" aria-label=\"Leer m\u00e1s sobre SOLAR Stand-in Processing\">Read more<\/a><\/p>\n","protected":false},"author":3,"featured_media":0,"parent":0,"menu_order":0,"comment_status":"closed","ping_status":"closed","template":"","meta":{"footnotes":""},"class_list":["post-991","page","type-page","status-publish"],"_links":{"self":[{"href":"https:\/\/solanteq.com\/es\/wp-json\/wp\/v2\/pages\/991","targetHints":{"allow":["GET"]}}],"collection":[{"href":"https:\/\/solanteq.com\/es\/wp-json\/wp\/v2\/pages"}],"about":[{"href":"https:\/\/solanteq.com\/es\/wp-json\/wp\/v2\/types\/page"}],"author":[{"embeddable":true,"href":"https:\/\/solanteq.com\/es\/wp-json\/wp\/v2\/users\/3"}],"replies":[{"embeddable":true,"href":"https:\/\/solanteq.com\/es\/wp-json\/wp\/v2\/comments?post=991"}],"version-history":[{"count":2,"href":"https:\/\/solanteq.com\/es\/wp-json\/wp\/v2\/pages\/991\/revisions"}],"predecessor-version":[{"id":1654,"href":"https:\/\/solanteq.com\/es\/wp-json\/wp\/v2\/pages\/991\/revisions\/1654"}],"wp:attachment":[{"href":"https:\/\/solanteq.com\/es\/wp-json\/wp\/v2\/media?parent=991"}],"curies":[{"name":"wp","href":"https:\/\/api.w.org\/{rel}","templated":true}]}}