{"id":993,"date":"2025-06-05T12:55:07","date_gmt":"2025-06-05T12:55:07","guid":{"rendered":"https:\/\/solanteq.web-design.ee\/solar-mobile\/"},"modified":"2025-06-12T11:41:57","modified_gmt":"2025-06-12T11:41:57","slug":"solar-mobile","status":"publish","type":"page","link":"https:\/\/solanteq.com\/es\/solar-mobile\/","title":{"rendered":"SOLAR Mobile"},"content":{"rendered":"<div class=\"wpb-content-wrapper\"><p>[vc_row][vc_column][vc_raw_html css=\u00bb.vc_custom_1749543742093{margin-bottom: 0px !important;}\u00bb el_class=\u00bbbreadcrumbs\u00bb]JTNDYSUyMGhyZWYlM0QlMjIlMkYlMjIlM0VIb21lJTNDJTJGYSUzRSUyMCU3QyUyMFByb2R1Y3RvcyUyMCU3QyUyMCUzQ3NwYW4lM0VTT0xBUiUyME1vYmlsZSUzQyUyRnNwYW4lM0U=[\/vc_raw_html][\/vc_column][\/vc_row][vc_row css=\u00bb.vc_custom_1747922304231{border-color: #FF0000 !important;}\u00bb][vc_column][vc_empty_space height=\u00bb40px\u00bb][vc_custom_heading text=\u00bb<b>SOLAR<\/b> Mobile \u2014 aplicaciones de vanguardia para la mejor experiencia bancaria\u00bb font_container=\u00bbtag:h1|font_size:64px|text_align:left|color:%23424D59|line_height:84px\u00bb use_theme_fonts=\u00bbyes\u00bb css=\u00bb.vc_custom_1749543731397{margin-bottom: 0px !important;margin-left: -5px !important;}\u00bb el_class=\u00bbheading-big\u00bb][vc_empty_space height=\u00bb25px\u00bb][vc_custom_heading text=\u00bbEstamos orgullosos de presentar SOLAR Mobile, una herramienta para crear aplicaciones bancarias innovadoras que proporcionan la mejor experiencia bancaria al cliente.\u00bb font_container=\u00bbtag:p|font_size:20px|text_align:left|color:%23424D59|line_height:28px\u00bb use_theme_fonts=\u00bbyes\u00bb css=\u00bb.vc_custom_1749543755910{margin-bottom: 0px !important;}\u00bb el_class=\u00bbweight-light\u00bb][vc_empty_space height=\u00bb50px\u00bb][\/vc_column][\/vc_row][vc_row full_width=\u00bbstretch_row\u00bb css=\u00bb.vc_custom_1748962391931{padding-top: 100px !important;padding-bottom: 100px !important;background-color: #424D59 !important;background-position: center !important;background-repeat: no-repeat !important;background-size: cover !important;}\u00bb el_class=\u00bbdisable-row-overflow page-under-video-block\u00bb][vc_column][vc_empty_space height=\u00bb20px\u00bb][vc_custom_heading text=\u00bbTODOS SUS RECURSOS DISPONIBLES EN UN TEL\u00c9FONO INTELIGENTE O EN UN NAVEGADOR WEB\u00bb font_container=\u00bbtag:h2|font_size:36px|text_align:left|color:%23FFFFFF|line_height:44px\u00bb use_theme_fonts=\u00bbyes\u00bb css=\u00bb\u00bb el_class=\u00bbheading-big page-bits-title\u00bb][vc_empty_space height=\u00bb20px\u00bb][vc_row_inner css=\u00bb.vc_custom_1748967280488{border-top-width: 1px !important;border-right-width: 1px !important;border-bottom-width: 1px !important;border-left-width: 1px !important;padding-top: 40px !important;padding-right: 30px !important;padding-bottom: 40px !important;padding-left: 30px !important;background-color: #515D6A !important;border-radius: 20px !important;border-color: #515D6A !important;}\u00bb][vc_column_inner][vc_raw_html css=\u00bb\u00bb el_class=\u00bbbits-of-functionality much-text bulletlist\u00bb]QWNjZXNvJTIwYSUyMHRvZG9zJTIwc3VzJTIwcHJvZHVjdG9zJTNBJTIwdGFyamV0YXMlMkMlMjBkZXAlQzMlQjNzaXRvcyUyQyUyMGN1ZW50YXMlMjBjb3JyaWVudGVzJTIweSUyMGRlJTIwY3IlQzMlQTlkaXRvJTJDJTIwcHIlQzMlQTlzdGFtb3MlMkMlMjBldGMuJTIwY29uJTIwdmlzdWFsaXphY2klQzMlQjNuJTIwY29uZmlndXJhYmxlJTIwZGUlMjBmb25kb3MlMkMlMjBzYWxkb3MlMkMlMjBhaG9ycm9zJTIweSUyMHB1bnRvcy4=[\/vc_raw_html][vc_raw_html css=\u00bb\u00bb el_class=\u00bbbits-of-functionality much-text bulletlist\u00bb]SW5jbHVzaSVDMyVCM24lMjBkZSUyMHByb2R1Y3RvcyUyMGJhbmNhcmlvcyUyMHNpbWlsYXIlMjBhJTIwbGElMjBkZSUyMHVuJTIwbWFya2V0cGxhY2UlMkMlMjBjb24lMjB1biUyMGRpc2UlQzMlQjFvJTIwZGUlMjBJVSUyMGZsZXhpYmxlJTIweSUyMHBlcnNvbmFsaXphYmxlLg==[\/vc_raw_html][vc_raw_html css=\u00bb\u00bb el_class=\u00bbbits-of-functionality much-text bulletlist\u00bb]SW50ZXJmYWNlcyUyMHBhcmElMjB0b2RvJTIwdGlwbyUyMGRlJTIwc2VydmljaW9zJTIwZGUlMjBwYWdvJTJDJTIwaW5jbHVpZGFzJTIwbGFzJTIwdHJhbnNmZXJlbmNpYXMlMjBQMlAlMkMlMjBwb3IlMjBuJUMzJUJBbWVybyUyMGRlJTIwdGVsJUMzJUE5Zm9ubyUyQyUyMHBvciUyMGMlQzMlQjNkaWdvJTIwUVIlMkMlMjBkZSUyMHRhcmpldGElMjBhJTIwdGFyamV0YSUyQyUyMHRyYW5zZmVyZW5jaWFzJTIwZGUlMjBlZmVjdGl2byUyMHBvciUyMGMlQzMlQjNkaWdvJTJDJTIwY29udmVyc2klQzMlQjNuJTIwZGUlMjBkaXZpc2FzJTJDJTIwcGFnb3MlMjBkZSUyMGZhY3R1cmFzJTIwZGUlMjBzZXJ2aWNpb3MlMjBwJUMzJUJBYmxpY29zJTIweSUyMHBhZ29zJTIwYSUyMHByb3ZlZWRvcmVzJTIwZGUlMjBzZXJ2aWNpb3Mu[\/vc_raw_html][vc_raw_html css=\u00bb\u00bb el_class=\u00bbbits-of-functionality much-text bulletlist\u00bb]SGlzdG9yaWFsJTIwZGUlMjB0cmFuc2FjY2lvbmVzJTIwZGVsJTIwY2xpZW50ZSUyMHF1ZSUyMG11ZXN0cmElMjBsYXMlMjB0cmFuc2FjY2lvbmVzJTIwZW4lMjBsJUMzJUFEbmVhJTIweSUyMGZ1ZXJhJTIwZGUlMjBsJUMzJUFEbmVhJTIwZmlsdHJhZGFzJTIwcG9yJTIwdmFyaW9zJTIwcGFyJUMzJUExbWV0cm9zJTIwY29uJTIwZGV0YWxsZXMlMjBkZWwlMjBjb21lcmNpYW50ZSUyMHklMjBsYSUyMHRyYW5zYWNjaSVDMyVCM24u[\/vc_raw_html][vc_raw_html css=\u00bb\u00bb el_class=\u00bbbits-of-functionality much-text bulletlist\u00bb]RnVuY2lvbmVzJTIwUEZNJTNBJTIwcmVwcmVzZW50YWNpJUMzJUIzbiUyMGRlJTIwbG9zJTIwZ2FzdG9zJTIwZW4lMjBmb3JtYSUyMGRlJTIwZGlhZ3JhbWFzJTJDJTIwcG9zaWJpbGlkYWQlMjBkZSUyMGElQzMlQjFhZGlyJTIwbm90YXMlMjBhJTIwbGFzJTIwdHJhbnNhY2Npb25lcyUyMCUyOGluY2x1c28lMjBkZSUyMGZvcm1hJTIwYXV0b20lQzMlQTF0aWNhJTI5JTJDJTIwdmlzdWFsaXphY2klQzMlQjNuJTIwZGVsJTIwZmx1am8lMjBkZSUyMGZvbmRvcyUyMGRlbCUyMGNsaWVudGUu[\/vc_raw_html][vc_raw_html css=\u00bb\u00bb el_class=\u00bbbits-of-functionality much-text bulletlist\u00bb]RnVuY2lvbmFsaWRhZCUyMGluY29ycG9yYWRhJTIwZGUlMjBjaGF0JTIweSUyMGJ1eiVDMyVCM24lMjBkZSUyMGNvcnJlbyUyMGNvbiUyMGludGVyY2FtYmlvJTIwZGUlMjBkb2N1bWVudG9zLg==[\/vc_raw_html][vc_raw_html css=\u00bb\u00bb el_class=\u00bbbits-of-functionality much-text bulletlist\u00bb]VXNvJTIwZGUlMjBsYXMlMjBmdW5jaW9uZXMlMjBkZWwlMjB0ZWwlQzMlQTlmb25vJTIwaW50ZWxpZ2VudGUlM0ElMjBORkMlMkMlMjBjJUMzJUExbWFyYSUyQyUyMGdlb2xvY2FsaXphY2klQzMlQjNuJTIweSUyMG5vdGlmaWNhY2lvbmVzJTIwcHVzaC4=[\/vc_raw_html][vc_raw_html css=\u00bb\u00bb el_class=\u00bbbits-of-functionality much-text bulletlist\u00bb]UmVnaXN0cm8lMjBlbiUyMGwlQzMlQURuZWElMjBkZSUyMGJhc2VzJTIwZGUlMjBjbGllbnRlcyUyMG51ZXZhcyUyMHklMjBleGlzdGVudGVzLg==[\/vc_raw_html][vc_raw_html css=\u00bb\u00bb el_class=\u00bbbits-of-functionality much-text bulletlist\u00bb]RXNjYW5lbyUyMGRlJTIwbG9zJTIwZGF0b3MlMjBkZSUyMGxhJTIwdGFyamV0YSUyMGNvbiUyMGxhJTIwYyVDMyVBMW1hcmElMjBlbiUyMGVsJTIwbW9tZW50byUyMGRlJTIwbGElMjB0cmFuc2ZlcmVuY2lhJTJDJTIwdXNvJTIwZGUlMjBPQ1IlMjBwYXJhJTIwZWwlMjByZWNvbm9jaW1pZW50byUyMGF1dG9tJUMzJUExdGljbyUyMGRlJTIwYyVDMyVCM2RpZ29zJTIweSUyMGRhdG9zJTIwZGUlMjB0ZXh0byUyQyUyMHByZXByb2Nlc2FtaWVudG8lMjBkZSUyMGZvdG9zJTIwY29uJTIwZGV0ZWNjaSVDMyVCM24lMjBhdXRvbSVDMyVBMXRpY2ElMjBkZSUyMGxvcyUyMGJvcmRlcyUyMGRlbCUyMGRvY3VtZW50by4=[\/vc_raw_html][vc_raw_html css=\u00bb\u00bb el_class=\u00bbbits-of-functionality much-text bulletlist\u00bb]SWRlbnRpZmljYWNpJUMzJUIzbiUyMGF1dG9tJUMzJUExdGljYSUyMGRlbCUyMHRpcG8lMjBkZSUyMGRvY3VtZW50byUyMCUyOG9iamV0byUyOSUyMGElMjBwYXJ0aXIlMjBkZSUyMHVuYSUyMGZvdG8lMjBhJTIwcGFydGlyJTIwZGVsJTIwYXByZW5kaXphamUlMjBhdXRvbSVDMyVBMXRpY28u[\/vc_raw_html][vc_raw_html css=\u00bb\u00bb el_class=\u00bbbits-of-functionality much-text bulletlist\u00bb]QWNjZXNvJTIwYSUyMGxvcyUyMGNvbnRhY3RvcyUyMHRlbGVmJUMzJUIzbmljb3MlMjBhbCUyMHJlYWxpemFyJTIwbG9zJTIwcGFnb3Mu[\/vc_raw_html][vc_raw_html css=\u00bb\u00bb el_class=\u00bbbits-of-functionality much-text bulletlist\u00bb]QmFycmElMjBkZSUyMGhlcnJhbWllbnRhcyUyMGVuJTIwZm9ybWElMjBkZSUyMHdpZGdldHMu[\/vc_raw_html][vc_raw_html css=\u00bb\u00bb el_class=\u00bbbits-of-functionality much-text bulletlist\u00bb]UGVyZmlsJTIwZGUlMjB1c3VhcmlvJTIweSUyMGFqdXN0ZXMlMjBwZXJzb25hbGl6YWRvcy4=[\/vc_raw_html][vc_raw_html css=\u00bb\u00bb el_class=\u00bbbits-of-functionality much-text bulletlist\u00bb]Q29tcGF0aWJpbGlkYWQlMjBjb24lMjB0YXJqZXRhcyUyMGRlJTIwcGFnbyUyMHZpcnR1YWxlcy4=[\/vc_raw_html][vc_raw_html css=\u00bb\u00bb el_class=\u00bbbits-of-functionality much-text bulletlist\u00bb]UG9zaWJpbGlkYWQlMjBkZSUyMGVtaXRpciUyMHByb2R1Y3RvcyUyMGNvbiUyMGxhJTIwbWFyY2ElMjBkZWwlMjBjbGllbnRlLg==[\/vc_raw_html][vc_raw_html css=\u00bb\u00bb el_class=\u00bbbits-of-functionality much-text bulletlist\u00bb]TWF0ZXJpYWxlcyUyMGRlJTIwcHJvbW9jaSVDMyVCM24lMjBlbiUyMHVuJTIwbm92ZWRvc28lMjBmb3JtYXRvJTIwZGUlMjBoaXN0b3JpYXMlMjBkZSUyMHZpZGVvLg==[\/vc_raw_html][\/vc_column_inner][\/vc_row_inner][vc_empty_space height=\u00bb40px\u00bb][vc_custom_heading text=\u00bbF\u00c1CIL LANZAMIENTO E INTEGRACI\u00d3N CON CUALQUIER SISTEMA\u00bb font_container=\u00bbtag:h2|font_size:36px|text_align:left|color:%23FFFFFF|line_height:44px\u00bb use_theme_fonts=\u00bbyes\u00bb css=\u00bb\u00bb el_class=\u00bbheading-big page-bits-title\u00bb][vc_empty_space height=\u00bb20px\u00bb][vc_row_inner css=\u00bb.vc_custom_1748967280488{border-top-width: 1px !important;border-right-width: 1px !important;border-bottom-width: 1px !important;border-left-width: 1px !important;padding-top: 40px !important;padding-right: 30px !important;padding-bottom: 40px !important;padding-left: 30px !important;background-color: #515D6A !important;border-radius: 20px !important;border-color: #515D6A !important;}\u00bb][vc_column_inner][vc_raw_html css=\u00bb\u00bb el_class=\u00bbbits-of-functionality much-text bulletlist\u00bb]SW5zdGFsYWNpJUMzJUIzbiUyQyUyMGxhbnphbWllbnRvJTIwZSUyMGludGVncmFjaSVDMyVCM24lMjBlbiUyMDItNCUyMG1lc2VzLg==[\/vc_raw_html][vc_raw_html css=\u00bb\u00bb el_class=\u00bbbits-of-functionality much-text bulletlist\u00bb]UmVxdWlzaXRvcyUyMG0lQzMlQURuaW1vcyUyMGRlJTIwaGFyZHdhcmUlMjB5JTIwc29mdHdhcmUu[\/vc_raw_html][vc_raw_html css=\u00bb\u00bb el_class=\u00bbbits-of-functionality much-text bulletlist\u00bb]SW50ZXJmYWNlcyUyMGNvbXBhdGlibGVzJTIwY29uJTIwY3VhbHF1aWVyJTIwc2lzdGVtYS4=[\/vc_raw_html][vc_raw_html css=\u00bb\u00bb el_class=\u00bbbits-of-functionality much-text bulletlist\u00bb]UHJvY2Vzb3MlMjBlJTIwaW50ZXJmYWNlcyUyMHBlcnNvbmFsaXphYmxlcyUyMHklMjBsaXN0b3MlMjBwYXJhJTIwZWwlMjBsYW56YW1pZW50by4=[\/vc_raw_html][vc_raw_html css=\u00bb\u00bb el_class=\u00bbbits-of-functionality much-text bulletlist\u00bb]SW50ZWdyYWNpJUMzJUIzbiUyMGNvbiUyMFNpcmklMjB5JTIwZWwlMjBBc2lzdGVudGUlMjBQZXJzb25hbC4=[\/vc_raw_html][\/vc_column_inner][\/vc_row_inner][vc_empty_space height=\u00bb40px\u00bb][vc_single_image image=\u00bb1337&#8243; img_size=\u00bbfull\u00bb alignment=\u00bbcenter\u00bb css=\u00bb.vc_custom_1749544207469{padding-top: 20px !important;padding-right: 20px !important;padding-bottom: 20px !important;padding-left: 20px !important;background-color: #FFFFFF !important;}\u00bb el_class=\u00bbborder-radius20&#8243;][vc_empty_space height=\u00bb40px\u00bb][vc_row_inner equal_height=\u00bbyes\u00bb content_placement=\u00bbmiddle\u00bb css=\u00bb.vc_custom_1748968639058{border-top-width: 1px !important;border-right-width: 1px !important;border-bottom-width: 1px !important;border-left-width: 1px !important;padding-top: 40px !important;padding-bottom: 40px !important;background-color: #E8432D !important;border-left-style: solid !important;border-right-style: solid !important;border-top-style: solid !important;border-bottom-style: solid !important;border-radius: 20px !important;border-color: #E8432D !important;}\u00bb][vc_column_inner el_class=\u00bbbenefit-icon-col\u00bb width=\u00bb1\/6&#8243;][vc_empty_space height=\u00bb30px\u00bb el_class=\u00bbmobile-off\u00bb][vc_icon icon_fontawesome=\u00bbfa fa-regular fa-lightbulb\u00bb color=\u00bbwhite\u00bb size=\u00bbxl\u00bb align=\u00bbcenter\u00bb css=\u00bb\u00bb][\/vc_column_inner][vc_column_inner el_class=\u00bbbenefit-content-col\u00bb width=\u00bb5\/6&#8243; css=\u00bb.vc_custom_1748968779705{padding-right: 50px !important;padding-left: 50px !important;}\u00bb][vc_column_text css=\u00bb\u00bb]<span style=\"color: #ffffff;\">Solanteq, desarrollador de la plataforma SOLAR, especializa en la creaci\u00f3n de componentes innovadores que se utilizan para crear soluciones de pago y aplicaciones digitales. Los productos de software SOLAR son f\u00e1cilmente escalables, se integran de forma nativa en los entornos de nube, ofrecen la m\u00e1xima tolerancia a fallos y pueden suministrarse como contenedores personalizables de forma flexible a petici\u00f3n del cliente. La plataforma SOLAR es universal para el desarrollo de negocio de banca minorista y compa\u00f1\u00edas de procesamiento.<\/span>[\/vc_column_text][\/vc_column_inner][\/vc_row_inner][vc_empty_space height=\u00bb40px\u00bb][vc_custom_heading text=\u00bbLA EXPERIENCIA OMNICANAL\u00bb font_container=\u00bbtag:h2|font_size:36px|text_align:left|color:%23FFFFFF|line_height:44px\u00bb use_theme_fonts=\u00bbyes\u00bb css=\u00bb\u00bb el_class=\u00bbheading-big page-bits-title\u00bb][vc_empty_space height=\u00bb20px\u00bb][vc_column_text css=\u00bb\u00bb]<span style=\"color: #ffffff;\">Sus clientes obtienen la experiencia omnicanal perfecta: pueden acceder a cualquier opci\u00f3n que necesiten cuando, donde y como quieran. Cuando est\u00e1n corriendo, pueden recargar su saldo desde su tel\u00e9fono inteligente. Cuando llamar no es una opci\u00f3n, pueden bloquear una de sus tarjetas a trav\u00e9s del chat del cliente. Cuando necesitan sentarse a analizar su presupuesto, pueden ver la informaci\u00f3n detallada de su cuenta en el ordenador de casa.<\/span><\/p>\n<p><span style=\"color: #ffffff;\">Sus clientes pueden guardar plantillas de pago y utilizarlas m\u00e1s tarde a trav\u00e9s del chatbot. Pueden comunicarse con la asistencia al cliente por medio de la interfaz de banca online y luego recibir mensajes y llamadas con la aplicaci\u00f3n m\u00f3vil.<\/span>[\/vc_column_text][vc_empty_space height=\u00bb40px\u00bb][vc_custom_heading text=\u00bbATRAER A NUEVOS CLIENTES\u00bb font_container=\u00bbtag:h2|font_size:36px|text_align:left|color:%23FFFFFF|line_height:44px\u00bb use_theme_fonts=\u00bbyes\u00bb css=\u00bb\u00bb el_class=\u00bbheading-big page-bits-title\u00bb][vc_empty_space height=\u00bb20px\u00bb][vc_column_text css=\u00bb\u00bb]<span style=\"color: #ffffff;\">SOLAR Mobile ofrece a sus usuarios un acceso constante y fluido a todos sus productos, transacciones, pagos, transferencias, ofertas de asistencia y otras opciones. Puede ser un elemento clave de su estrategia digital para atraer a nuevos clientes gracias a su funcionalidad y su capacidad de convertir la incorporaci\u00f3n y la selecci\u00f3n de un producto en una experiencia atractiva.<\/span>[\/vc_column_text][vc_empty_space height=\u00bb40px\u00bb][vc_custom_heading text=\u00bbAPROVECHAR LA TECNOLOG\u00cdA M\u00d3VIL\u00bb font_container=\u00bbtag:h2|font_size:36px|text_align:left|color:%23FFFFFF|line_height:44px\u00bb use_theme_fonts=\u00bbyes\u00bb css=\u00bb\u00bb el_class=\u00bbheading-big page-bits-title\u00bb][vc_empty_space height=\u00bb20px\u00bb][vc_column_text css=\u00bb\u00bb]<span style=\"color: #ffffff;\">Aproveche las capacidades de los tel\u00e9fonos inteligentes para facilitar a sus clientes pagos NFC (como Apple Pay, Samsung Pay, Google Pay), o de la c\u00e1mara para pagos por QR, escaneo y env\u00edo de documentos. NFC Wallet puede instalarse como una aplicaci\u00f3n independiente o integrada en la aplicaci\u00f3n bancaria m\u00f3vil existente. SOLAR Mobile aplica mecanismos de seguridad como Keychain, Java Key Store, verificaci\u00f3n del servidor, autenticaci\u00f3n biom\u00e9trica y multifactorial de datos. Las notificaciones push no solo permiten prescindir de los SMS, sino tambi\u00e9n ofrecer a sus clientes diferentes escenarios de interacci\u00f3n y enviar mensajes en respuesta a eventos espec\u00edficos.<\/span>[\/vc_column_text][vc_empty_space height=\u00bb40px\u00bb][vc_custom_heading text=\u00bbPONGA EN MARCHA SU ESTRATEGIA DE DIGITALIZACI\u00d3N\u00bb font_container=\u00bbtag:h2|font_size:36px|text_align:left|color:%23FFFFFF|line_height:44px\u00bb use_theme_fonts=\u00bbyes\u00bb css=\u00bb\u00bb el_class=\u00bbheading-big page-bits-title\u00bb][vc_empty_space height=\u00bb20px\u00bb][vc_column_text css=\u00bb\u00bb]<span style=\"color: #ffffff;\">SOLAR Mobile facilita la promoci\u00f3n de nuevas caracter\u00edsticas de su estrategia de transformaci\u00f3n digital, ya sea la digitalizaci\u00f3n de procesos, las nuevas opciones de autoservicio, la ludificaci\u00f3n o los pagos sin efectivo. Luego, puede analizar el comportamiento de los clientes mediante las estad\u00edsticas de su app y evaluar la eficiencia de la comercializaci\u00f3n de las nuevas funcionalidades.<\/span>[\/vc_column_text][vc_empty_space height=\u00bb40px\u00bb][vc_custom_heading text=\u00bbADAPTABLE A SU NEGOCIO\u00bb font_container=\u00bbtag:h2|font_size:36px|text_align:left|color:%23FFFFFF|line_height:44px\u00bb use_theme_fonts=\u00bbyes\u00bb css=\u00bb\u00bb el_class=\u00bbheading-big page-bits-title\u00bb][vc_empty_space height=\u00bb20px\u00bb][vc_column_text css=\u00bb\u00bb]<span style=\"color: #ffffff;\">Puede personalizar f\u00e1cilmente las acciones disponibles, los planes de tarifas aplicables, las interfaces y los escenarios para cada canal individual de modo que se adapten a su base de clientes y a sus procesos.<\/span>[\/vc_column_text][vc_empty_space height=\u00bb40px\u00bb][vc_custom_heading text=\u00bbSOPORTE FIABLE 24\/7&#8243; font_container=\u00bbtag:h2|font_size:36px|text_align:left|color:%23FFFFFF|line_height:44px\u00bb use_theme_fonts=\u00bbyes\u00bb css=\u00bb\u00bb el_class=\u00bbheading-big page-bits-title\u00bb][vc_empty_space height=\u00bb20px\u00bb][vc_column_text css=\u00bb\u00bb]<span style=\"color: #ffffff;\">La fiabilidad de la plataforma SOLAR hace que la mayor\u00eda de las situaciones puedan resolverse consultando la documentaci\u00f3n detallada del producto. Pero si se necesita asistencia, nuestro equipo de soporte 24\/7 est\u00e1 a su disposici\u00f3n para ayudarle y aconsejarlo sobre cualquier problema.<\/span>[\/vc_column_text][vc_empty_space height=\u00bb20px\u00bb][\/vc_column][\/vc_row][vc_row full_width=\u00bbstretch_row\u00bb equal_height=\u00bbyes\u00bb content_placement=\u00bbmiddle\u00bb css=\u00bb.vc_custom_1748969789929{margin-bottom: -40px !important;padding-top: 30px !important;padding-bottom: 30px !important;background-color: #E8432D !important;}\u00bb][vc_column width=\u00bb1\/6&#8243; css=\u00bb.vc_custom_1748443670093{border-color: #FFFFFF !important;}\u00bb el_class=\u00bbbenefit-icon-col\u00bb][vc_empty_space height=\u00bb30px\u00bb el_class=\u00bbmobile-off\u00bb][vc_icon icon_fontawesome=\u00bbfa fa-regular fa-envelope-open\u00bb color=\u00bbwhite\u00bb size=\u00bbxl\u00bb align=\u00bbcenter\u00bb css=\u00bb\u00bb][\/vc_column][vc_column width=\u00bb5\/6&#8243; el_class=\u00bbbenefit-content-col\u00bb][vc_custom_heading text=\u00bbEstamos convencidos de que SOLAR Mobile se convertir\u00e1 en su aliado para crear los productos digitales de vanguardia que su banca online necesita.\u00bb font_container=\u00bbtag:h3|font_size:32px|text_align:left|color:%23FFFFFF|line_height:34px\u00bb use_theme_fonts=\u00bbyes\u00bb css=\u00bb.vc_custom_1749544488725{margin-bottom: 10px !important;}\u00bb el_class=\u00bbweight-regular\u00bb][vc_custom_heading text=\u00bb\u00a1Contacte con nosotros! Estaremos encantados de organizar una demostraci\u00f3n para responder a todas sus preguntas en detalle\u00bb font_container=\u00bbtag:p|font_size:20px|text_align:left|color:%23FFFFFF|line_height:28px\u00bb use_theme_fonts=\u00bbyes\u00bb css=\u00bb.vc_custom_1749544501880{margin-bottom: 10px !important;}\u00bb][vc_empty_space height=\u00bb30px\u00bb][vc_btn title=\u00bbContacte Con Nosotros\u00bb style=\u00bbcustom\u00bb custom_background=\u00bb#E8432D\u00bb custom_text=\u00bb#FFFFFF\u00bb shape=\u00bbround\u00bb size=\u00bblg\u00bb align=\u00bbleft\u00bb css=\u00bb.vc_custom_1749728515862{margin-bottom: 0px !important;border-color: #FFFFFF !important;}\u00bb link=\u00bburl:%23&#8243; el_class=\u00bbbutton-red-bg popmake-1553&#8243;][\/vc_column][\/vc_row]<\/p>\n<\/div>","protected":false},"excerpt":{"rendered":"<p>[vc_row][vc_column][vc_raw_html css=\u00bb.vc_custom_1749543742093{margin-bottom: 0px !important;}\u00bb el_class=\u00bbbreadcrumbs\u00bb]JTNDYSUyMGhyZWYlM0QlMjIlMkYlMjIlM0VIb21lJTNDJTJGYSUzRSUyMCU3QyUyMFByb2R1Y3RvcyUyMCU3QyUyMCUzQ3NwYW4lM0VTT0xBUiUyME1vYmlsZSUzQyUyRnNwYW4lM0U=[\/vc_raw_html][\/vc_column][\/vc_row][vc_row css=\u00bb.vc_custom_1747922304231{border-color: #FF0000 !important;}\u00bb][vc_column][vc_empty_space height=\u00bb40px\u00bb][vc_custom_heading text=\u00bbSOLAR Mobile \u2014 aplicaciones de vanguardia para la mejor experiencia bancaria\u00bb font_container=\u00bbtag:h1|font_size:64px|text_align:left|color:%23424D59|line_height:84px\u00bb use_theme_fonts=\u00bbyes\u00bb css=\u00bb.vc_custom_1749543731397{margin-bottom: 0px !important;margin-left: -5px !important;}\u00bb el_class=\u00bbheading-big\u00bb][vc_empty_space height=\u00bb25px\u00bb][vc_custom_heading text=\u00bbEstamos orgullosos de presentar SOLAR Mobile, una herramienta para crear aplicaciones bancarias innovadoras que proporcionan la mejor experiencia bancaria al cliente.\u00bb font_container=\u00bbtag:p|font_size:20px|text_align:left|color:%23424D59|line_height:28px\u00bb use_theme_fonts=\u00bbyes\u00bb css=\u00bb.vc_custom_1749543755910{margin-bottom: 0px !important;}\u00bb &#8230; <a title=\"SOLAR Mobile\" class=\"read-more\" href=\"https:\/\/solanteq.com\/es\/solar-mobile\/\" aria-label=\"Leer m\u00e1s sobre SOLAR Mobile\">Read more<\/a><\/p>\n","protected":false},"author":3,"featured_media":0,"parent":0,"menu_order":0,"comment_status":"closed","ping_status":"closed","template":"","meta":{"footnotes":""},"class_list":["post-993","page","type-page","status-publish"],"_links":{"self":[{"href":"https:\/\/solanteq.com\/es\/wp-json\/wp\/v2\/pages\/993","targetHints":{"allow":["GET"]}}],"collection":[{"href":"https:\/\/solanteq.com\/es\/wp-json\/wp\/v2\/pages"}],"about":[{"href":"https:\/\/solanteq.com\/es\/wp-json\/wp\/v2\/types\/page"}],"author":[{"embeddable":true,"href":"https:\/\/solanteq.com\/es\/wp-json\/wp\/v2\/users\/3"}],"replies":[{"embeddable":true,"href":"https:\/\/solanteq.com\/es\/wp-json\/wp\/v2\/comments?post=993"}],"version-history":[{"count":2,"href":"https:\/\/solanteq.com\/es\/wp-json\/wp\/v2\/pages\/993\/revisions"}],"predecessor-version":[{"id":1651,"href":"https:\/\/solanteq.com\/es\/wp-json\/wp\/v2\/pages\/993\/revisions\/1651"}],"wp:attachment":[{"href":"https:\/\/solanteq.com\/es\/wp-json\/wp\/v2\/media?parent=993"}],"curies":[{"name":"wp","href":"https:\/\/api.w.org\/{rel}","templated":true}]}}