{"id":995,"date":"2025-06-05T12:37:34","date_gmt":"2025-06-05T12:37:34","guid":{"rendered":"https:\/\/solanteq.web-design.ee\/solar-payment-hub\/"},"modified":"2025-06-12T11:42:08","modified_gmt":"2025-06-12T11:42:08","slug":"solar-payment-hub","status":"publish","type":"page","link":"https:\/\/solanteq.com\/es\/solar-payment-hub\/","title":{"rendered":"SOLAR Payment Hub"},"content":{"rendered":"<div class=\"wpb-content-wrapper\"><p>[vc_row][vc_column][vc_raw_html css=\u00bb.vc_custom_1749552990695{margin-bottom: 0px !important;}\u00bb el_class=\u00bbbreadcrumbs\u00bb]JTNDYSUyMGhyZWYlM0QlMjIlMkYlMjIlM0VIb21lJTNDJTJGYSUzRSUyMCU3QyUyMFByb2R1Y3RvcyUyMCU3QyUyMCUzQ3NwYW4lM0VTT0xBUiUyMFBheW1lbnQlMjBIdWIlM0MlMkZzcGFuJTNF[\/vc_raw_html][\/vc_column][\/vc_row][vc_row css=\u00bb.vc_custom_1747922304231{border-color: #FF0000 !important;}\u00bb][vc_column][vc_empty_space height=\u00bb40px\u00bb][vc_custom_heading text=\u00bb<b>SOLAR<\/b> Payment Hub \u2014 un sistema de pagos potente\u00bb font_container=\u00bbtag:h1|font_size:64px|text_align:left|color:%23424D59|line_height:84px\u00bb use_theme_fonts=\u00bbyes\u00bb css=\u00bb.vc_custom_1749553004688{margin-bottom: 0px !important;margin-left: -5px !important;}\u00bb el_class=\u00bbheading-big\u00bb][vc_empty_space height=\u00bb25px\u00bb][vc_custom_heading text=\u00bbSOLAR Payment Hub es una soluci\u00f3n de software universal dise\u00f1ada para realizar las operaciones de pago de varios pasos. Es fiable y f\u00e1cil de usar, sencillo de configurar e integrar con sistemas de terceros, y proporciona un enrutamiento de transacciones r\u00e1pido y tolerante a fallos.\u00bb font_container=\u00bbtag:p|font_size:20px|text_align:left|color:%23424D59|line_height:28px\u00bb use_theme_fonts=\u00bbyes\u00bb css=\u00bb.vc_custom_1749553015917{margin-bottom: 0px !important;}\u00bb el_class=\u00bbweight-light\u00bb][vc_empty_space height=\u00bb50px\u00bb][\/vc_column][\/vc_row][vc_row full_width=\u00bbstretch_row\u00bb css=\u00bb.vc_custom_1748962391931{padding-top: 100px !important;padding-bottom: 100px !important;background-color: #424D59 !important;background-position: center !important;background-repeat: no-repeat !important;background-size: cover !important;}\u00bb el_class=\u00bbdisable-row-overflow page-under-video-block\u00bb][vc_column][vc_custom_heading text=\u00bbAMPLIAS CAPACIDADES FUNCIONALES Y OPERATIVAS\u00bb font_container=\u00bbtag:h2|font_size:36px|text_align:left|color:%23FFFFFF|line_height:44px\u00bb use_theme_fonts=\u00bbyes\u00bb css=\u00bb\u00bb el_class=\u00bbheading-big page-bits-title\u00bb][vc_empty_space height=\u00bb20px\u00bb][vc_row_inner css=\u00bb.vc_custom_1748967280488{border-top-width: 1px !important;border-right-width: 1px !important;border-bottom-width: 1px !important;border-left-width: 1px !important;padding-top: 40px !important;padding-right: 30px !important;padding-bottom: 40px !important;padding-left: 30px !important;background-color: #515D6A !important;border-radius: 20px !important;border-color: #515D6A !important;}\u00bb][vc_column_inner][vc_raw_html css=\u00bb\u00bb el_class=\u00bbbits-of-functionality much-text bulletlist\u00bb]UGFnb3MlMkMlMjB0cmFuc2ZlcmVuY2lhcyUyQyUyMGNvbXByYXMlM0ElM0NiciUzRSUwRCUwQS0lMjBwcm9jZXNhbWllbnRvJTIwZGUlMjBzb2xpY2l0dWRlcyUyMGRlJTIwb3BlcmFjaW9uZXMlMjByZWNpYmlkYXMlMjBkZXNkZSUyMHNpc3RlbWFzJTIwZXh0ZXJub3MlM0IlM0NiciUzRSUwRCUwQS0lMjBnZW5lcmFjaSVDMyVCM24lMjBkZSUyMGRhdG9zJTIwYWRpY2lvbmFsZXMlMjBkZSUyMGxhcyUyMHRyYW5zYWNjaW9uZXMlM0IlM0NiciUzRSUwRCUwQS0lMjBhbG1hY2VuYW1pZW50byUyMGRlJTIwZGF0b3MlMjBkZSUyMHRyYW5zYWNjaW9uZXMlMjBkZSUyMGVudHJhZGElM0IlM0NiciUzRSUwRCUwQS0lMjB0cmFuc2ZlcmVuY2lhJTIwZGUlMjBkYXRvcyUyMGRlJTIwb3BlcmFjaW9uZXMlMjBwYXJhJTIwc3UlMjBwb3N0ZXJpb3IlMjBwcm9jZXNhbWllbnRvJTIwZW4lMjBvdHJvcyUyMHNpc3RlbWFzLg==[\/vc_raw_html][vc_raw_html css=\u00bb\u00bb el_class=\u00bbbits-of-functionality much-text bulletlist\u00bb]Q29uc29saWRhY2klQzMlQjNuJTIwZGUlMjB0b2RvcyUyMGxvcyUyMGNvbXBvbmVudGVzJTIwZGUlMjBsYXMlMjB0cmFuc2FjY2lvbmVzJTIwcHJvY2VzYWRhcyUyMGNvbiUyMGRpZmVyZW50ZXMlMjBzaXN0ZW1hcyUyMGVuJTIwdW5hJTIwc29sYSUyMHRyYW5zYWNjaSVDMyVCM24lMjBjb21lcmNpYWwu[\/vc_raw_html][vc_raw_html css=\u00bb\u00bb el_class=\u00bbbits-of-functionality much-text bulletlist\u00bb]UG9zaWJpbGlkYWQlMjBkZSUyMGNhbmNlbGFyJTIwb3BlcmFjaW9uZXMu[\/vc_raw_html][vc_raw_html css=\u00bb\u00bb el_class=\u00bbbits-of-functionality much-text bulletlist\u00bb]Q29tcGF0aWJsZSUyMGNvbiUyMGxhJTIwYXV0ZW50aWNhY2klQzMlQjNuJTIwbXV0dWElM0IlMjBlbCUyMHByb3RvY29sbyUyMDMtRCUyMFNlY3VyZSUyQyUyMHF1ZSUyMGF1bWVudGElMjBlbCUyMG5pdmVsJTIwZGUlMjBzZWd1cmlkYWQlMjBkZSUyMGxhcyUyMHRyYW5zYWNjaW9uZXMlMjBlbiUyMGwlQzMlQURuZWElMjBjb24lMjB0YXJqZXRhJTNCJTIwbGElMjBhdXRlbnRpY2FjaSVDMyVCM24lMjBkZSUyMHVzdWFyaW9zJTIwbWVkaWFudGUlMjBmaXJtYSUyMGVsZWN0ciVDMyVCM25pY2ElMkMlMjB5JTIwY29uJTIwc2lzdGVtYXMlMjBkZSUyMHRva2VuaXphY2klQzMlQjNuJTIwcGFyYSUyMHByb3RlZ2VyJTIwbG9zJTIwcGFnb3MlMjBlbGVjdHIlQzMlQjNuaWNvcy4=[\/vc_raw_html][vc_raw_html css=\u00bb\u00bb el_class=\u00bbbits-of-functionality much-text bulletlist\u00bb]QW4lQzMlQTFsaXNpcyUyMHklMjB0YXJpZmljYWNpJUMzJUIzbiUyMGRpbiVDMyVBMW1pY2ElMjBkZSUyMGxhcyUyMG9wZXJhY2lvbmVzJTIwY3VhbmRvJTIwc2UlMjBjb21iaW5hJTIwY29uJTIwbnVlc3RyYSUyMHNvbHVjaSVDMyVCM24lMjBTT0xBUiUyMER5bmFtaWMlMjBQcmljaW5nLg==[\/vc_raw_html][vc_raw_html css=\u00bb\u00bb el_class=\u00bbbits-of-functionality much-text bulletlist\u00bb]RW52JUMzJUFEbyUyMGRlJTIwbm90aWZpY2FjaW9uZXMlMjBtZWRpYW50ZSUyMFNPTEFSJTIwTm90aWZpY2F0aW9uJTIwTW9kdWxlJTJDJTIwZ2VuZXJhZGFzJTIwc2VnJUMzJUJBbiUyMGxhcyUyMHBsYW50aWxsYXMlMjBlc3BlY2lmaWNhZGFzJTIweSUyMGElMjBwYXJ0aXIlMjBkZSUyMGxvcyUyMGRhdG9zJTIwcHJvcG9yY2lvbmFkb3Mu[\/vc_raw_html][vc_raw_html css=\u00bb\u00bb el_class=\u00bbbits-of-functionality much-text bulletlist\u00bb]RWxhYm9yYWNpJUMzJUIzbiUyMGRlJTIwaW5mb3JtZXMlMjBwZXJpJUMzJUIzZGljb3MlMjBhJTIwcGFydGlyJTIwZGUlMjBsb3MlMjBkYXRvcyUyMGRlJTIwdmFyaW9zJTIwc2lzdGVtYXMlMjBkZSUyMGluZm9ybWFjaSVDMyVCM24lMkMlMjBjdWFuZG8lMjBzZSUyMGNvbWJpbmElMjBjb24lMjBlbCUyMHN1YnNpc3RlbWElMjBTT0xBUiUyMFJlcG9ydGluZy4=[\/vc_raw_html][vc_raw_html css=\u00bb\u00bb el_class=\u00bbbits-of-functionality much-text bulletlist\u00bb]T3BjaW9uZXMlMjBkZSUyMHByb2Nlc2FtaWVudG8lMjBkZSUyMHBhZ29zJTIwZW4lMjBsJUMzJUFEbmVhJTIweSUyMGRpZmVyaWRvcy4=[\/vc_raw_html][\/vc_column_inner][\/vc_row_inner][vc_empty_space height=\u00bb40px\u00bb][vc_custom_heading text=\u00bbOPCIONES DE INTEGRACI\u00d3N ILIMITADAS\u00bb font_container=\u00bbtag:h2|font_size:36px|text_align:left|color:%23FFFFFF|line_height:44px\u00bb use_theme_fonts=\u00bbyes\u00bb css=\u00bb\u00bb el_class=\u00bbheading-big page-bits-title\u00bb][vc_empty_space height=\u00bb20px\u00bb][vc_column_text css=\u00bb\u00bb]<span style=\"color: #ffffff;\">Puede solicitarse una operaci\u00f3n a trav\u00e9s de interfaces est\u00e1ndar flexibles que interact\u00faan con las aplicaciones de la plataforma SOLAR y los componentes externos mediante servicios web u otros protocolos. Lo t\u00edpico es una conexi\u00f3n con la aplicaci\u00f3n SOLAR Switch que registra, enruta y convierte los mensajes. Como el mundo de los pagos est\u00e1 en constante cambio, nuestra empresa ha previsto la posibilidad de ampliar la soluci\u00f3n con nuevos conectores entre SOLAR Payment Hub y otros sistemas.<\/span><\/p>\n<p><span style=\"color: #ffffff;\">SOLAR Mobile, por ejemplo, ser\u00eda un complemento muy \u00fatil que permitir\u00eda crear nuevas aplicaciones de atenci\u00f3n al cliente a distancia. Los clientes podr\u00e1n acceder a todas las funciones de sus sistemas de informaci\u00f3n desde un tel\u00e9fono inteligente o un navegador web.<\/span>[\/vc_column_text][vc_empty_space height=\u00bb40px\u00bb][vc_single_image image=\u00bb1372&#8243; img_size=\u00bbfull\u00bb alignment=\u00bbcenter\u00bb css=\u00bb.vc_custom_1749553350745{padding-top: 20px !important;padding-right: 20px !important;padding-bottom: 20px !important;padding-left: 20px !important;background-color: #FFFFFF !important;}\u00bb el_class=\u00bbborder-radius20&#8243;][vc_empty_space height=\u00bb40px\u00bb][vc_row_inner equal_height=\u00bbyes\u00bb content_placement=\u00bbmiddle\u00bb css=\u00bb.vc_custom_1748968639058{border-top-width: 1px !important;border-right-width: 1px !important;border-bottom-width: 1px !important;border-left-width: 1px !important;padding-top: 40px !important;padding-bottom: 40px !important;background-color: #E8432D !important;border-left-style: solid !important;border-right-style: solid !important;border-top-style: solid !important;border-bottom-style: solid !important;border-radius: 20px !important;border-color: #E8432D !important;}\u00bb][vc_column_inner el_class=\u00bbbenefit-icon-col\u00bb width=\u00bb1\/6&#8243;][vc_empty_space height=\u00bb30px\u00bb el_class=\u00bbmobile-off\u00bb][vc_icon icon_fontawesome=\u00bbfa fa-regular fa-lightbulb\u00bb color=\u00bbwhite\u00bb size=\u00bbxl\u00bb align=\u00bbcenter\u00bb css=\u00bb\u00bb][\/vc_column_inner][vc_column_inner el_class=\u00bbbenefit-content-col\u00bb width=\u00bb5\/6&#8243; css=\u00bb.vc_custom_1748968779705{padding-right: 50px !important;padding-left: 50px !important;}\u00bb][vc_column_text css=\u00bb\u00bb]<span style=\"color: #ffffff;\">Solanteq, desarrollador de la plataforma SOLAR, especializa en la creaci\u00f3n de componentes innovadores que se utilizan para crear soluciones de pago y aplicaciones digitales. Los productos de software SOLAR son f\u00e1cilmente escalables, se integran de forma nativa en los entornos de nube, ofrecen la m\u00e1xima tolerancia a fallos y pueden suministrarse como contenedores personalizables de forma flexible a petici\u00f3n del cliente. La plataforma SOLAR es universal para el desarrollo de negocio de banca minorista y compa\u00f1\u00edas de procesamiento.<\/span>[\/vc_column_text][\/vc_column_inner][\/vc_row_inner][vc_empty_space height=\u00bb40px\u00bb][vc_custom_heading text=\u00bbFLEXIBLE Y EFICIENTE\u00bb font_container=\u00bbtag:h2|font_size:36px|text_align:left|color:%23FFFFFF|line_height:44px\u00bb use_theme_fonts=\u00bbyes\u00bb css=\u00bb\u00bb el_class=\u00bbheading-big page-bits-title\u00bb][vc_empty_space height=\u00bb20px\u00bb][vc_column_text css=\u00bb\u00bb]<span style=\"color: #ffffff;\">SOLAR Payment Hub se configura de forma r\u00e1pida y sencilla para satisfacer los requisitos de los procesos comerciales del operador y es compatible con muchos de los protocolos utilizados en el sector de las tarjetas de pago (VISA, MasterCard, UnionPay, AMEX, Diners Club, JCB) y con m\u00e9todos de pago alternativos.<\/span><\/p>\n<p><span style=\"color: #ffffff;\">Todos los escenarios de transacci\u00f3n son personalizables a trav\u00e9s de la interfaz de usuario. SOLAR Payment Hub coordina todos los tipos de pago.<\/span>[\/vc_column_text][vc_empty_space height=\u00bb40px\u00bb][vc_custom_heading text=\u00bbMULTIUSO\u00bb font_container=\u00bbtag:h2|font_size:36px|text_align:left|color:%23FFFFFF|line_height:44px\u00bb use_theme_fonts=\u00bbyes\u00bb css=\u00bb\u00bb el_class=\u00bbheading-big page-bits-title\u00bb][vc_empty_space height=\u00bb20px\u00bb][vc_row_inner css=\u00bb.vc_custom_1748967280488{border-top-width: 1px !important;border-right-width: 1px !important;border-bottom-width: 1px !important;border-left-width: 1px !important;padding-top: 40px !important;padding-right: 30px !important;padding-bottom: 40px !important;padding-left: 30px !important;background-color: #515D6A !important;border-radius: 20px !important;border-color: #515D6A !important;}\u00bb][vc_column_inner][vc_raw_html css=\u00bb\u00bb el_class=\u00bbbits-of-functionality much-text bulletlist\u00bb]UGFnb3MlMjBkZSUyMHRyYW5zcG9ydGUu[\/vc_raw_html][vc_raw_html css=\u00bb\u00bb el_class=\u00bbbits-of-functionality much-text bulletlist\u00bb]UGFnb3MlMjBkZSUyMHNlcnZpY2lvcyUyMHAlQzMlQkFibGljb3Mu[\/vc_raw_html][vc_raw_html css=\u00bb\u00bb el_class=\u00bbbits-of-functionality much-text bulletlist\u00bb]UGFnb3MlMjBtJUMzJUIzdmlsZXMu[\/vc_raw_html][vc_raw_html css=\u00bb\u00bb el_class=\u00bbbits-of-functionality much-text bulletlist\u00bb]UGFnb3MlMjBkZSUyMGJpZW5lcyUyMHklMjBzZXJ2aWNpb3Mu[\/vc_raw_html][vc_raw_html css=\u00bb\u00bb el_class=\u00bbbits-of-functionality much-text bulletlist\u00bb]U2lzdGVtYSUyMGRlJTIwcGFnbyUyMHIlQzMlQTFwaWRvLg==[\/vc_raw_html][vc_raw_html css=\u00bb\u00bb el_class=\u00bbbits-of-functionality much-text bulletlist\u00bb]VHJhbnNmZXJlbmNpYXMlMjBQMlAlMjBlbnRyZSUyMGN1ZW50YXMlMjBiYW5jYXJpYXMu[\/vc_raw_html][\/vc_column_inner][\/vc_row_inner][vc_empty_space height=\u00bb40px\u00bb][vc_custom_heading text=\u00bbF\u00c1CIL LANZAMIENTO E INTEGRACI\u00d3N CON CUALQUIER SISTEMA\u00bb font_container=\u00bbtag:h2|font_size:36px|text_align:left|color:%23FFFFFF|line_height:44px\u00bb use_theme_fonts=\u00bbyes\u00bb css=\u00bb\u00bb el_class=\u00bbheading-big page-bits-title\u00bb][vc_empty_space height=\u00bb20px\u00bb][vc_row_inner css=\u00bb.vc_custom_1748969047907{border-top-width: 1px !important;border-right-width: 1px !important;border-bottom-width: 1px !important;border-left-width: 1px !important;padding-top: 40px !important;padding-right: 30px !important;padding-bottom: 40px !important;padding-left: 30px !important;background-color: #515D6A !important;border-radius: 20px !important;border-color: #515D6A !important;}\u00bb][vc_column_inner][vc_raw_html css=\u00bb\u00bb el_class=\u00bbbits-of-functionality much-text bulletlist\u00bb]SW5zdGFsYWNpJUMzJUIzbiUyQyUyMGxhbnphbWllbnRvJTIwZSUyMGludGVncmFjaSVDMyVCM24lMjBlbiUyMDItNCUyMG1lc2VzLg==[\/vc_raw_html][vc_raw_html css=\u00bb\u00bb el_class=\u00bbbits-of-functionality much-text bulletlist\u00bb]UmVxdWlzaXRvcyUyMG0lQzMlQURuaW1vcyUyMGRlJTIwaGFyZHdhcmUlMjB5JTIwc29mdHdhcmUu[\/vc_raw_html][vc_raw_html css=\u00bb\u00bb el_class=\u00bbbits-of-functionality much-text bulletlist\u00bb]TGFzJTIwaW50ZXJmYWNlcyUyMHB1ZWRlbiUyMGNyZWFyc2UlMjBjb24lMjBkb2NlbmFzJTIwZGUlMjBzaXN0ZW1hcyUyMGRlJTIwZGF0b3Mu[\/vc_raw_html][vc_raw_html css=\u00bb\u00bb el_class=\u00bbbits-of-functionality much-text bulletlist\u00bb]TG9zJTIwcGFxdWV0ZXMlMjBkZSUyMGludGVncmFjaSVDMyVCM24lMjBsaXN0b3MlMjBwYXJhJTIwdXNhciUyMGZhY2lsaXRhbiUyMGxhJTIwY29uZXhpJUMzJUIzbiUyMGRlJTIwbG9zJTIwc2lzdGVtYXMlMjBleGlzdGVudGVzLg==[\/vc_raw_html][vc_raw_html css=\u00bb\u00bb el_class=\u00bbbits-of-functionality much-text bulletlist\u00bb]Q29uZmlndXJhY2lvbmVzJTIwYmFzZSUyMGluY29ycG9yYWRhcyUyMHklMjBsaXN0YXMlMjBwYXJhJTIwdXNhci4=[\/vc_raw_html][\/vc_column_inner][\/vc_row_inner][vc_empty_space height=\u00bb40px\u00bb][vc_custom_heading text=\u00bbSEGURO\u00bb font_container=\u00bbtag:h2|font_size:36px|text_align:left|color:%23FFFFFF|line_height:44px\u00bb use_theme_fonts=\u00bbyes\u00bb css=\u00bb\u00bb el_class=\u00bbheading-big page-bits-title\u00bb][vc_empty_space height=\u00bb20px\u00bb][vc_column_text css=\u00bb\u00bb]<span style=\"color: #ffffff;\">Como todos nuestros productos, SOLAR Payment Hub ofrece un enfoque progresivo e integrado de la seguridad y la fiabilidad. Se centra en los est\u00e1ndares de producci\u00f3n m\u00e1s innovadores y Utiliza la autenticaci\u00f3n mutua y el protocolo 3-D Secure para las transferencias entre cuentas bancarias o tarjetas.<\/span>[\/vc_column_text][vc_empty_space height=\u00bb40px\u00bb][vc_custom_heading text=\u00bbFLUJO DE PAGOS FLUIDO\u00bb font_container=\u00bbtag:h2|font_size:36px|text_align:left|color:%23FFFFFF|line_height:44px\u00bb use_theme_fonts=\u00bbyes\u00bb css=\u00bb\u00bb el_class=\u00bbheading-big page-bits-title\u00bb][vc_empty_space height=\u00bb20px\u00bb][vc_column_text css=\u00bb\u00bb]<span style=\"color: #ffffff;\">Combinado con SOLAR SWITCH (para el enrutamiento inteligente de transacciones) y SOLAR MPI (en caso de protocolo 3-D Secure), SOLAR Payment Hub ofrece un servicio progresivo. Gracias a la riqueza de sus funcionalidades y a su adaptabilidad a las necesidades de negocio espec\u00edficas, nuestros clientes pueden contar con sistema de pagos optimizado y elegante.<\/span>[\/vc_column_text][\/vc_column][\/vc_row][vc_row full_width=\u00bbstretch_row\u00bb equal_height=\u00bbyes\u00bb content_placement=\u00bbmiddle\u00bb css=\u00bb.vc_custom_1748969789929{margin-bottom: -40px !important;padding-top: 30px !important;padding-bottom: 30px !important;background-color: #E8432D !important;}\u00bb][vc_column width=\u00bb1\/6&#8243; css=\u00bb.vc_custom_1748443670093{border-color: #FFFFFF !important;}\u00bb el_class=\u00bbbenefit-icon-col\u00bb][vc_empty_space height=\u00bb30px\u00bb el_class=\u00bbmobile-off\u00bb][vc_icon icon_fontawesome=\u00bbfa fa-regular fa-envelope-open\u00bb color=\u00bbwhite\u00bb size=\u00bbxl\u00bb align=\u00bbcenter\u00bb css=\u00bb\u00bb][\/vc_column][vc_column width=\u00bb5\/6&#8243; el_class=\u00bbbenefit-content-col\u00bb][vc_custom_heading text=\u00bbEstamos convencidos de que SOLAR Payment Hub apoyar\u00e1 su negocio como una herramienta eficiente e innovadora para garantizar el correcto enrutamiento de los pagos electr\u00f3nicos.\u00bb font_container=\u00bbtag:h3|font_size:32px|text_align:left|color:%23FFFFFF|line_height:34px\u00bb use_theme_fonts=\u00bbyes\u00bb css=\u00bb.vc_custom_1749553713536{margin-bottom: 10px !important;}\u00bb el_class=\u00bbweight-regular\u00bb][vc_custom_heading text=\u00bb\u00a1Contacte con nosotros! Estaremos encantados de organizar una demostraci\u00f3n para responder a todas sus preguntas en detalle.\u00bb font_container=\u00bbtag:p|font_size:20px|text_align:left|color:%23FFFFFF|line_height:28px\u00bb use_theme_fonts=\u00bbyes\u00bb css=\u00bb.vc_custom_1749553732937{margin-bottom: 10px !important;}\u00bb][vc_empty_space height=\u00bb30px\u00bb][vc_btn title=\u00bbContacte Con Nosotros\u00bb style=\u00bbcustom\u00bb custom_background=\u00bb#E8432D\u00bb custom_text=\u00bb#FFFFFF\u00bb shape=\u00bbround\u00bb size=\u00bblg\u00bb align=\u00bbleft\u00bb css=\u00bb.vc_custom_1749728527180{margin-bottom: 0px !important;border-color: #FFFFFF !important;}\u00bb link=\u00bburl:%23&#8243; el_class=\u00bbbutton-red-bg popmake-1553&#8243;][\/vc_column][\/vc_row]<\/p>\n<\/div>","protected":false},"excerpt":{"rendered":"<p>[vc_row][vc_column][vc_raw_html css=\u00bb.vc_custom_1749552990695{margin-bottom: 0px !important;}\u00bb el_class=\u00bbbreadcrumbs\u00bb]JTNDYSUyMGhyZWYlM0QlMjIlMkYlMjIlM0VIb21lJTNDJTJGYSUzRSUyMCU3QyUyMFByb2R1Y3RvcyUyMCU3QyUyMCUzQ3NwYW4lM0VTT0xBUiUyMFBheW1lbnQlMjBIdWIlM0MlMkZzcGFuJTNF[\/vc_raw_html][\/vc_column][\/vc_row][vc_row css=\u00bb.vc_custom_1747922304231{border-color: #FF0000 !important;}\u00bb][vc_column][vc_empty_space height=\u00bb40px\u00bb][vc_custom_heading text=\u00bbSOLAR Payment Hub \u2014 un sistema de pagos potente\u00bb font_container=\u00bbtag:h1|font_size:64px|text_align:left|color:%23424D59|line_height:84px\u00bb use_theme_fonts=\u00bbyes\u00bb css=\u00bb.vc_custom_1749553004688{margin-bottom: 0px !important;margin-left: -5px !important;}\u00bb el_class=\u00bbheading-big\u00bb][vc_empty_space height=\u00bb25px\u00bb][vc_custom_heading text=\u00bbSOLAR Payment Hub es una soluci\u00f3n de software universal dise\u00f1ada para realizar las operaciones de pago de varios pasos. Es fiable y f\u00e1cil de usar, sencillo de configurar &#8230; <a title=\"SOLAR Payment Hub\" class=\"read-more\" href=\"https:\/\/solanteq.com\/es\/solar-payment-hub\/\" aria-label=\"Leer m\u00e1s sobre SOLAR Payment Hub\">Read more<\/a><\/p>\n","protected":false},"author":3,"featured_media":0,"parent":0,"menu_order":0,"comment_status":"closed","ping_status":"closed","template":"","meta":{"footnotes":""},"class_list":["post-995","page","type-page","status-publish"],"_links":{"self":[{"href":"https:\/\/solanteq.com\/es\/wp-json\/wp\/v2\/pages\/995","targetHints":{"allow":["GET"]}}],"collection":[{"href":"https:\/\/solanteq.com\/es\/wp-json\/wp\/v2\/pages"}],"about":[{"href":"https:\/\/solanteq.com\/es\/wp-json\/wp\/v2\/types\/page"}],"author":[{"embeddable":true,"href":"https:\/\/solanteq.com\/es\/wp-json\/wp\/v2\/users\/3"}],"replies":[{"embeddable":true,"href":"https:\/\/solanteq.com\/es\/wp-json\/wp\/v2\/comments?post=995"}],"version-history":[{"count":3,"href":"https:\/\/solanteq.com\/es\/wp-json\/wp\/v2\/pages\/995\/revisions"}],"predecessor-version":[{"id":1652,"href":"https:\/\/solanteq.com\/es\/wp-json\/wp\/v2\/pages\/995\/revisions\/1652"}],"wp:attachment":[{"href":"https:\/\/solanteq.com\/es\/wp-json\/wp\/v2\/media?parent=995"}],"curies":[{"name":"wp","href":"https:\/\/api.w.org\/{rel}","templated":true}]}}