{"id":997,"date":"2025-06-05T12:23:49","date_gmt":"2025-06-05T12:23:49","guid":{"rendered":"https:\/\/solanteq.web-design.ee\/solar-installments\/"},"modified":"2025-06-12T11:41:17","modified_gmt":"2025-06-12T11:41:17","slug":"solar-installments","status":"publish","type":"page","link":"https:\/\/solanteq.com\/es\/solar-installments\/","title":{"rendered":"SOLAR Installments"},"content":{"rendered":"<div class=\"wpb-content-wrapper\"><p>[vc_row][vc_column][vc_raw_html css=\u00bb.vc_custom_1749541746715{margin-bottom: 0px !important;}\u00bb el_class=\u00bbbreadcrumbs\u00bb]JTNDYSUyMGhyZWYlM0QlMjIlMkYlMjIlM0VIb21lJTNDJTJGYSUzRSUyMCU3QyUyMFByb2R1Y3RvcyUyMCU3QyUyMCUzQ3NwYW4lM0VTT0xBUiUyMEluc3RhbGxtZW50cyUzQyUyRnNwYW4lM0U=[\/vc_raw_html][\/vc_column][\/vc_row][vc_row css=\u00bb.vc_custom_1747922304231{border-color: #FF0000 !important;}\u00bb][vc_column][vc_empty_space height=\u00bb40px\u00bb][vc_custom_heading text=\u00bb<b>SOLAR<\/b> Installments \u2014 ofrezca a sus clientes la posibilidad de pagar a plazos\u00bb font_container=\u00bbtag:h1|font_size:64px|text_align:left|color:%23424D59|line_height:84px\u00bb use_theme_fonts=\u00bbyes\u00bb css=\u00bb.vc_custom_1749541757095{margin-bottom: 0px !important;margin-left: -5px !important;}\u00bb el_class=\u00bbheading-big\u00bb][vc_empty_space height=\u00bb25px\u00bb][vc_custom_heading text=\u00bbSOLAR Installments: la soluci\u00f3n de software para servicios de devoluci\u00f3n a plazos de pr\u00e9stamos de dinero. Permita a sus clientes pagar sus compras m\u00e1s tarde.\u00bb font_container=\u00bbtag:p|font_size:20px|text_align:left|color:%23424D59|line_height:28px\u00bb use_theme_fonts=\u00bbyes\u00bb css=\u00bb.vc_custom_1749541768471{margin-bottom: 0px !important;}\u00bb el_class=\u00bbweight-light\u00bb][vc_empty_space height=\u00bb50px\u00bb][\/vc_column][\/vc_row][vc_row full_width=\u00bbstretch_row\u00bb css=\u00bb.vc_custom_1748962391931{padding-top: 100px !important;padding-bottom: 100px !important;background-color: #424D59 !important;background-position: center !important;background-repeat: no-repeat !important;background-size: cover !important;}\u00bb el_class=\u00bbdisable-row-overflow page-under-video-block\u00bb][vc_column][vc_empty_space height=\u00bb20px\u00bb][vc_custom_heading text=\u00bbCOMPRE AHORA, PAGUE DESPU\u00c9S\u00bb font_container=\u00bbtag:h2|font_size:36px|text_align:left|color:%23FFFFFF|line_height:44px\u00bb use_theme_fonts=\u00bbyes\u00bb css=\u00bb\u00bb el_class=\u00bbheading-big page-bits-title\u00bb][vc_empty_space height=\u00bb20px\u00bb][vc_column_text css=\u00bb\u00bb]<span style=\"color: #ffffff;\">Los consumidores buscan formas de comprar y pagar que se adapten a sus necesidades. Por ello, una soluci\u00f3n de pago \u00e1gil que impulse las ventas, aumente las tasas de conversi\u00f3n y genere un mayor valor medio de los pedidos es importante para los empresarios.<\/span><\/p>\n<p><span style=\"color: #ffffff;\">Con SOLAR Installments, es f\u00e1cil proporcionar a los clientes soluciones financieras flexibles, gracias a un amplio abanico de m\u00e9todos de pago y un c\u00f3modo calendario de cuotas. Se trata de un m\u00f3dulo de ofertas de pr\u00e9stamos o pagos a plazos listo para usar.<\/span>[\/vc_column_text][vc_empty_space height=\u00bb40px\u00bb][vc_custom_heading text=\u00bbPAGOS A PLAZOS\u00bb font_container=\u00bbtag:h2|font_size:36px|text_align:left|color:%23FFFFFF|line_height:44px\u00bb use_theme_fonts=\u00bbyes\u00bb css=\u00bb\u00bb el_class=\u00bbheading-big page-bits-title\u00bb][vc_empty_space height=\u00bb20px\u00bb][vc_row_inner css=\u00bb.vc_custom_1748967280488{border-top-width: 1px !important;border-right-width: 1px !important;border-bottom-width: 1px !important;border-left-width: 1px !important;padding-top: 40px !important;padding-right: 30px !important;padding-bottom: 40px !important;padding-left: 30px !important;background-color: #515D6A !important;border-radius: 20px !important;border-color: #515D6A !important;}\u00bb][vc_column_inner][vc_raw_html css=\u00bb\u00bb el_class=\u00bbbits-of-functionality much-text bulletlist\u00bb]TGFzJTIwY29tcHJhcyUyMHB1ZWRlbiUyMHBhZ2Fyc2UlMjBhJTIwcGxhem9zJTIwYSUyMHBldGljaSVDMyVCM24lMjBkZWwlMjBjbGllbnRlJTIwJTI4c2VydmljaW8lMjBkZSUyMGJhbmNhJTIwYSUyMGRpc3RhbmNpYSUyQyUyMGNhbGwtY2VudGVyJTJDJTIwU01TJTI5Lg==[\/vc_raw_html][vc_raw_html css=\u00bb\u00bb el_class=\u00bbbits-of-functionality much-text bulletlist\u00bb]TGFzJTIwY29tcHJhcyUyMGF1dG9tJUMzJUExdGljYXMlMjBzZSUyMGNvbnZpZXJ0ZW4lMjBpbnN0YW50JUMzJUExbmVhbWVudGUlMjBlbiUyMGN1b3Rhcy4=[\/vc_raw_html][vc_raw_html css=\u00bb\u00bb el_class=\u00bbbits-of-functionality much-text bulletlist\u00bb]TG9zJTIwcHJvZHVjdG9zJTIwYmFuY2FyaW9zJTIwZXhpc3RlbnRlcyUyMHB1ZWRlbiUyMGNvbWJpbmFyc2UlMjBjb24lMjBsb3MlMjBwYWdvcyUyMGElMjBwbGF6b3Mu[\/vc_raw_html][vc_raw_html css=\u00bb\u00bb el_class=\u00bbbits-of-functionality much-text bulletlist\u00bb]T3BjaW9uZXMlMjBkZSUyMHBhZ28lMjBhJTIwcGxhem9zJTIwcGFyYSUyMGxhcyUyMHRhcmpldGFzJTIweWElMjBlbWl0aWRhcy4=[\/vc_raw_html][vc_raw_html css=\u00bb\u00bb el_class=\u00bbbits-of-functionality much-text bulletlist\u00bb]TGFzJTIwY29tcHJhcyUyMHJlYWxpemFkYXMlMjBiaWVuJTIwY29uJTIwZm9uZG9zJTIwcHJvcGlvcyUyMGJpZW4lMjBjb24lMjBjciVDMyVBOWRpdG8lMjBwdWVkZW4lMjBjb252ZXJ0aXJzZSUyMGVuJTIwY3VvdGFzLg==[\/vc_raw_html][vc_raw_html css=\u00bb\u00bb el_class=\u00bbbits-of-functionality much-text bulletlist\u00bb]UHVlZGVuJTIwZXN0YWJsZWNlcnNlJTIwbCVDMyVBRG1pdGVzJTIwZW4lMjBsYSUyMGNhbnRpZGFkJTIwZGUlMjBjdW90YXMlMjBlbWl0aWRhcyUyMHBhcmElMjB1biUyMGNsaWVudGUu[\/vc_raw_html][vc_raw_html css=\u00bb\u00bb el_class=\u00bbbits-of-functionality much-text bulletlist\u00bb]T3BjaW9uZXMlMjBkZSUyMGFtb3J0aXphY2klQzMlQjNuJTIwYW50aWNpcGFkYS4=[\/vc_raw_html][vc_raw_html css=\u00bb\u00bb el_class=\u00bbbits-of-functionality much-text bulletlist\u00bb]QXZpc29zJTIwbWVkaWFudGUlMjBTTVMlMjBvJTIwbm90aWZpY2FjaW9uZXMlMjBwdXNoJTIwZGVsJTIwdmVuY2ltaWVudG8lMjBkZSUyMGxvcyUyMHBsYXpvcyUyMHklMjByZWNvcmRhdG9yaW9zLg==[\/vc_raw_html][vc_raw_html css=\u00bb\u00bb el_class=\u00bbbits-of-functionality much-text bulletlist\u00bb]UG9zaWJpbGlkYWQlMjBkZSUyMGFwbGF6YXIlMjBsb3MlMjBwYWdvcy4=[\/vc_raw_html][vc_raw_html css=\u00bb\u00bb el_class=\u00bbbits-of-functionality much-text bulletlist\u00bb]UGxhbmVzJTIwZGUlMjBhZmlsaWFjaSVDMyVCM24u[\/vc_raw_html][vc_raw_html css=\u00bb\u00bb el_class=\u00bbbits-of-functionality much-text bulletlist\u00bb]Q2FwYWNpZGFkJTIwZGUlMjBpbnRlZ3JhY2klQzMlQjNuJTIwY29uJTIwcHJvZ3JhbWFzJTIwZGUlMjBmaWRlbGl6YWNpJUMzJUIzbi4=[\/vc_raw_html][\/vc_column_inner][\/vc_row_inner][vc_empty_space height=\u00bb40px\u00bb][vc_custom_heading text=\u00bbCALENDARIO DE PAGOS\u00bb font_container=\u00bbtag:h2|font_size:36px|text_align:left|color:%23FFFFFF|line_height:44px\u00bb use_theme_fonts=\u00bbyes\u00bb css=\u00bb\u00bb el_class=\u00bbheading-big page-bits-title\u00bb][vc_empty_space height=\u00bb20px\u00bb][vc_row_inner css=\u00bb.vc_custom_1748967280488{border-top-width: 1px !important;border-right-width: 1px !important;border-bottom-width: 1px !important;border-left-width: 1px !important;padding-top: 40px !important;padding-right: 30px !important;padding-bottom: 40px !important;padding-left: 30px !important;background-color: #515D6A !important;border-radius: 20px !important;border-color: #515D6A !important;}\u00bb][vc_column_inner][vc_raw_html css=\u00bb\u00bb el_class=\u00bbbits-of-functionality much-text bulletlist\u00bb]TG9zJTIwY2FsZW5kYXJpb3MlMjBkZSUyMHBhZ28lMjBnZW5lcmFkb3MlMjBwYXJhJTIwY2FkYSUyMHRyYW5zYWNjaSVDMyVCM24lMjBzZSUyMGNvbnZpZXJ0ZW4lMjBlbiUyMHBsYXpvcy4=[\/vc_raw_html][vc_raw_html css=\u00bb\u00bb el_class=\u00bbbits-of-functionality much-text bulletlist\u00bb]R2VzdGlvbmUlMjBtJUMzJUJBbHRpcGxlcyUyMGNhbGVuZGFyaW9zJTIwZGUlMjBwYWdvJTIwcGFyYSUyMHVuJTIwY2xpZW50ZSUyMGNvbiUyMGRpZmVyZW50ZXMlMjBwbGF6b3Mu[\/vc_raw_html][vc_raw_html css=\u00bb\u00bb el_class=\u00bbbits-of-functionality much-text bulletlist\u00bb]RWwlMjBwbGF6byUyMGRlJTIwYW1vcnRpemFjaSVDMyVCM24lMjB2aWVuZSUyMGRldGVybWluYWRvJTIwcG9yJTIwZWwlMjBpbXBvcnRlJTIwZGUlMjBsYSUyMG9wZXJhY2klQzMlQjNuLg==[\/vc_raw_html][vc_raw_html css=\u00bb\u00bb el_class=\u00bbbits-of-functionality much-text bulletlist\u00bb]UG9zaWJpbGlkYWQlMjBkZSUyMGVsZWdpciUyMGVsJTIwcGxhem8lMjBkZSUyMHBhZ28u[\/vc_raw_html][vc_raw_html css=\u00bb\u00bb el_class=\u00bbbits-of-functionality much-text bulletlist\u00bb]UHVlZGUlMjBpbmNsdWlyc2UlMjBsYSUyMHRhc2ElMjBkZSUyMGVtaXNpJUMzJUIzbiUyMGRlJTIwY3VvdGFzJTIwZW4lMjBlbCUyMGNhbGVuZGFyaW8lMjBkZSUyMHBhZ29zJTIwbyUyMGdlc3Rpb25hcnNlJTIwY29tbyUyMHVuJTIwY2FyZ28lMjBzZXBhcmFkby4=[\/vc_raw_html][vc_raw_html css=\u00bb\u00bb el_class=\u00bbbits-of-functionality much-text bulletlist\u00bb]TSVDMyVCQWx0aXBsZXMlMjBtJUMzJUE5dG9kb3MlMjBkZSUyMGMlQzMlQTFsY3Vsby4=[\/vc_raw_html][\/vc_column_inner][\/vc_row_inner][vc_empty_space height=\u00bb40px\u00bb][vc_custom_heading text=\u00bbPR\u00c9STAMOS\u00bb font_container=\u00bbtag:h2|font_size:36px|text_align:left|color:%23FFFFFF|line_height:44px\u00bb use_theme_fonts=\u00bbyes\u00bb css=\u00bb\u00bb el_class=\u00bbheading-big page-bits-title\u00bb][vc_empty_space height=\u00bb20px\u00bb][vc_row_inner css=\u00bb.vc_custom_1748967280488{border-top-width: 1px !important;border-right-width: 1px !important;border-bottom-width: 1px !important;border-left-width: 1px !important;padding-top: 40px !important;padding-right: 30px !important;padding-bottom: 40px !important;padding-left: 30px !important;background-color: #515D6A !important;border-radius: 20px !important;border-color: #515D6A !important;}\u00bb][vc_column_inner][vc_raw_html css=\u00bb\u00bb el_class=\u00bbbits-of-functionality much-text bulletlist\u00bb]RGlmZXJlbnRlcyUyMHRpcG9zJTIweSUyMG5vcm1hcyUyMGFwbGljYWJsZXMlMjBhJTIwbGElMjBnZXN0aSVDMyVCM24lMjBkZSUyMGxhJTIwZGV1ZGEu[\/vc_raw_html][vc_raw_html css=\u00bb\u00bb el_class=\u00bbbits-of-functionality much-text bulletlist\u00bb]UGVyaW9kb3MlMjBkZSUyMGdyYWNpYS4=[\/vc_raw_html][vc_raw_html css=\u00bb\u00bb el_class=\u00bbbits-of-functionality much-text bulletlist\u00bb]R2VuZXJhY2klQzMlQjNuJTIwZGUlMjBwYWdvcyUyMG0lQzMlQURuaW1vcyUyMHUlMjBvYmxpZ2F0b3Jpb3Mu[\/vc_raw_html][vc_raw_html css=\u00bb\u00bb el_class=\u00bbbits-of-functionality much-text bulletlist\u00bb]UmV0cmFzb3MlMkMlMjBtdWx0YXMlMkMlMjBwZW5hbGl6YWNpb25lcyUyRmludGVyZXNlcyUyMGNvbnRhYmxlcy4=[\/vc_raw_html][vc_raw_html css=\u00bb\u00bb el_class=\u00bbbits-of-functionality much-text bulletlist\u00bb]Q3VtcGxpbWllbnRvJTIwZGUlMjBsYSUyMGxlZ2lzbGFjaSVDMyVCM24lMjBsb2NhbC4=[\/vc_raw_html][vc_raw_html css=\u00bb\u00bb el_class=\u00bbbits-of-functionality much-text bulletlist\u00bb]UG9zaWJpbGlkYWQlMjBkZSUyMHJlYWxpemFyJTIwcmVzZXJ2YXMlMjBkZSUyMGZvbmRvcyUyMGVuJTIwU09MQVIlMjBQcm92aXNpb24lMjBvJTIwc3ViaXIlMjBhJTIwdW4lMjBtJUMzJUIzZHVsbyUyMGRlJTIwcmVzZXJ2YXMlMjBleHRlcm5vLg==[\/vc_raw_html][vc_raw_html css=\u00bb\u00bb el_class=\u00bbbits-of-functionality much-text bulletlist\u00bb]RXhwb3J0YWNpJUMzJUIzbiUyMGElMjB1biUyMGRhdGElMjBtYXJ0JTIwcGFyYSUyMGxhJTIwZWxhYm9yYWNpJUMzJUIzbiUyMGRlJTIwaW5mb3JtZXMlMjByZWdsYW1lbnRhcmlvcy4=[\/vc_raw_html][vc_raw_html css=\u00bb\u00bb el_class=\u00bbbits-of-functionality much-text bulletlist\u00bb]R2VuZXJhY2klQzMlQjNuJTIwYXV0b20lQzMlQTF0aWNhJTIwZGUlMjBub3RpZmljYWNpb25lcyUyMHB1c2glMjBvJTIwZGUlMjBTTVMlMjBwYXJhJTIwZWwlMjBtYW50ZW5pbWllbnRvJTIwZGUlMjBsYSUyMGRldWRhLg==[\/vc_raw_html][vc_raw_html css=\u00bb\u00bb el_class=\u00bbbits-of-functionality much-text bulletlist\u00bb]RXh0cmFjdG8lM0ElMjBwbGFudGlsbGFzJTIwaW5kaXZpZHVhbGVzJTIwZGVsJTIwYmFuY28lMjBxdWUlMjBzZSUyMGVudiVDMyVBRGFuJTIwYXV0b20lQzMlQTF0aWNhbWVudGUu[\/vc_raw_html][\/vc_column_inner][\/vc_row_inner][vc_empty_space height=\u00bb40px\u00bb][vc_row_inner equal_height=\u00bbyes\u00bb content_placement=\u00bbmiddle\u00bb css=\u00bb.vc_custom_1748968639058{border-top-width: 1px !important;border-right-width: 1px !important;border-bottom-width: 1px !important;border-left-width: 1px !important;padding-top: 40px !important;padding-bottom: 40px !important;background-color: #E8432D !important;border-left-style: solid !important;border-right-style: solid !important;border-top-style: solid !important;border-bottom-style: solid !important;border-radius: 20px !important;border-color: #E8432D !important;}\u00bb][vc_column_inner el_class=\u00bbbenefit-icon-col\u00bb width=\u00bb1\/6&#8243;][vc_empty_space height=\u00bb30px\u00bb el_class=\u00bbmobile-off\u00bb][vc_icon icon_fontawesome=\u00bbfa fa-regular fa-lightbulb\u00bb color=\u00bbwhite\u00bb size=\u00bbxl\u00bb align=\u00bbcenter\u00bb css=\u00bb\u00bb][\/vc_column_inner][vc_column_inner el_class=\u00bbbenefit-content-col\u00bb width=\u00bb5\/6&#8243; css=\u00bb.vc_custom_1748968779705{padding-right: 50px !important;padding-left: 50px !important;}\u00bb][vc_column_text css=\u00bb\u00bb]<span style=\"color: #ffffff;\"><br \/>\nSolanteq, desarrollador de la plataforma SOLAR, especializa en la creaci\u00f3n de componentes innovadores que se utilizan para crear soluciones de pago y aplicaciones digitales. Los productos de software SOLAR son f\u00e1cilmente escalables, se integran de forma nativa en los entornos de nube, ofrecen la m\u00e1xima tolerancia a fallos y pueden suministrarse como contenedores personalizables de forma flexible a petici\u00f3n del cliente. La plataforma SOLAR es universal para el desarrollo de negocio de banca minorista y compa\u00f1\u00edas de procesamiento.<\/span>[\/vc_column_text][\/vc_column_inner][\/vc_row_inner][vc_empty_space height=\u00bb40px\u00bb][vc_custom_heading text=\u00bbF\u00c1CIL LANZAMIENTO E INTEGRACI\u00d3N CON CUALQUIER SISTEMA\u00bb font_container=\u00bbtag:h2|font_size:36px|text_align:left|color:%23FFFFFF|line_height:44px\u00bb use_theme_fonts=\u00bbyes\u00bb css=\u00bb\u00bb el_class=\u00bbheading-big page-bits-title\u00bb][vc_empty_space height=\u00bb20px\u00bb][vc_row_inner css=\u00bb.vc_custom_1748967280488{border-top-width: 1px !important;border-right-width: 1px !important;border-bottom-width: 1px !important;border-left-width: 1px !important;padding-top: 40px !important;padding-right: 30px !important;padding-bottom: 40px !important;padding-left: 30px !important;background-color: #515D6A !important;border-radius: 20px !important;border-color: #515D6A !important;}\u00bb][vc_column_inner][vc_raw_html css=\u00bb\u00bb el_class=\u00bbbits-of-functionality much-text bulletlist\u00bb]SW5zdGFsYWNpJUMzJUIzbiUyQyUyMGludGVncmFjaSVDMyVCM24lMjB5JTIwbGFuemFtaWVudG8lMjBlbiUyMDItNCUyMG1lc2VzLg==[\/vc_raw_html][vc_raw_html css=\u00bb\u00bb el_class=\u00bbbits-of-functionality much-text bulletlist\u00bb]UmVxdWlzaXRvcyUyMG0lQzMlQURuaW1vcyUyMGRlJTIwaGFyZHdhcmUlMjB5JTIwc29mdHdhcmUu[\/vc_raw_html][vc_raw_html css=\u00bb\u00bb el_class=\u00bbbits-of-functionality much-text bulletlist\u00bb]UHJvY2Vzb3MlMjBkZSUyMG5lZ29jaW8lMjBpbm5vdmFkb3JlcyUyMGUlMjBpbnRlcmZhY2VzJTIwbGlzdGFzJTIwcGFyYSUyMGVsJTIwbGFuemFtaWVudG8u[\/vc_raw_html][vc_raw_html css=\u00bb\u00bb el_class=\u00bbbits-of-functionality much-text bulletlist\u00bb]UHJvZnVuZGElMjBpbnRlZ3JhY2klQzMlQjNuJTIwY29uJTIwc3VzJTIwcHJvZHVjdG9zLg==[\/vc_raw_html][\/vc_column_inner][\/vc_row_inner][vc_empty_space height=\u00bb40px\u00bb][vc_custom_heading text=\u00bbPROGRAMAS DE COLABORACI\u00d3N\u00bb font_container=\u00bbtag:h2|font_size:36px|text_align:left|color:%23FFFFFF|line_height:44px\u00bb use_theme_fonts=\u00bbyes\u00bb css=\u00bb\u00bb el_class=\u00bbheading-big page-bits-title\u00bb][vc_empty_space height=\u00bb20px\u00bb][vc_column_text css=\u00bb\u00bb]<span style=\"color: #ffffff;\">SOLAR Installments es adecuado para las ofertas de pr\u00e9stamos bancarios y servicios de pago a plazos, as\u00ed como para los servicios \u00abcompra ahora y paga despu\u00e9s\u00bb (BNPL, por sus siglas en ingl\u00e9s). Cuando utiliza un esquema de BNPL, los clientes pagan por las compras en cantidades iguales durante un cierto periodo de tiempo sin acuerdo con el banco, y a menudo sin intereses (son las empresas asociadas las que pagan los intereses a la entidad bancaria). SOLAR Installments permite a las instituciones financieras conectar a los socios con tales servicios y determinar individualmente el coste del servicio para cada uno.<\/span>[\/vc_column_text][vc_empty_space height=\u00bb40px\u00bb][vc_row_inner css=\u00bb.vc_custom_1748967280488{border-top-width: 1px !important;border-right-width: 1px !important;border-bottom-width: 1px !important;border-left-width: 1px !important;padding-top: 40px !important;padding-right: 30px !important;padding-bottom: 40px !important;padding-left: 30px !important;background-color: #515D6A !important;border-radius: 20px !important;border-color: #515D6A !important;}\u00bb][vc_column_inner][vc_raw_html css=\u00bb\u00bb el_class=\u00bbbits-of-functionality much-text bulletlist\u00bb]Q29udHJhdG9zJTIwY29uJTIwc29jaW9zJTIweSUyMGdlc3RpJUMzJUIzbiUyMGRlJTIwcHJvZHVjdG9zLg==[\/vc_raw_html][vc_raw_html css=\u00bb\u00bb el_class=\u00bbbits-of-functionality much-text bulletlist\u00bb]R2VzdGklQzMlQjNuJTIwZGUlMjBsb3MlMjBwYXIlQzMlQTFtZXRyb3MlMjBkZSUyMGlkZW50aWZpY2FjaSVDMyVCM24lMjBkZSUyMGxvcyUyMHNvY2lvcy4=[\/vc_raw_html][vc_raw_html css=\u00bb\u00bb el_class=\u00bbbits-of-functionality much-text bulletlist\u00bb]SWRlbnRpZmljYWNpJUMzJUIzbiUyMGRlJTIwbG9zJTIwZGlzcG9zaXRpdm9zJTIwZGUlMjBsb3MlMjBhc29jaWFkb3MlMjBtZWRpYW50ZSUyMGxvcyUyMHBhciVDMyVBMW1ldHJvcyUyMGRlbCUyMG1lbnNhamUlMjBkZSUyMGF1dG9yaXphY2klQzMlQjNuLg==[\/vc_raw_html][vc_raw_html css=\u00bb\u00bb el_class=\u00bbbits-of-functionality much-text bulletlist\u00bb]Q29icm8lMjBhbCUyMHNvY2lvJTIwZGUlMjBsYSUyMGN1b3RhJTIwZGUlMjBwYWdvJTIweSUyMGRlJTIwbGElMjB0YXJpZmElMjBwb3IlMjBsYSUyMGFjdW11bGFjaSVDMyVCM24lMjBkZSUyMGJvbm9zJTIwZGUlMjBmaWRlbGlkYWQu[\/vc_raw_html][vc_raw_html css=\u00bb\u00bb el_class=\u00bbbits-of-functionality much-text bulletlist\u00bb]QWN1bXVsYWNpJUMzJUIzbiUyMGRlJTIwbGElMjBjdW90YSUyMGRlJTIwbGFzJTIwYm9uaWZpY2FjaW9uZXMlMjBwb3IlMjBnYXN0b3MlMjBkZWwlMjBzb2Npby4=[\/vc_raw_html][vc_raw_html css=\u00bb\u00bb el_class=\u00bbbits-of-functionality much-text bulletlist\u00bb]UHJlcGFyYWNpJUMzJUIzbiUyMHklMjBleHBvcnRhY2klQzMlQjNuJTIwcGVyaSVDMyVCM2RpY2ElMjBkZSUyMGZhY3R1cmFzJTIwZSUyMGluZm9ybWVzJTIwc29icmUlMjBsYXMlMjB0cmFuc2FjY2lvbmVzJTIwcmVhbGl6YWRhcyUyMHBhcmElMjBsb3MlMjBzb2Npb3Mu[\/vc_raw_html][vc_raw_html css=\u00bb\u00bb el_class=\u00bbbits-of-functionality much-text bulletlist\u00bb]RW52JUMzJUFEbyUyMGF1dG9tJUMzJUExdGljbyUyMGRlJTIwaW5mb3JtZXMlMjBhJTIwbG9zJTIwc29jaW9zLg==[\/vc_raw_html][vc_raw_html css=\u00bb\u00bb el_class=\u00bbbits-of-functionality much-text bulletlist\u00bb]QVBJJTIwcGFyYSUyMGxhJTIwY3VlbnRhJTIwcGVyc29uYWwlMjBkZSUyMHVuJTIwc29jaW8u[\/vc_raw_html][\/vc_column_inner][\/vc_row_inner][vc_empty_space height=\u00bb40px\u00bb][vc_custom_heading text=\u00bbPROSPERIDAD PARA TODOS\u00bb font_container=\u00bbtag:h2|font_size:36px|text_align:left|color:%23FFFFFF|line_height:44px\u00bb use_theme_fonts=\u00bbyes\u00bb css=\u00bb\u00bb el_class=\u00bbheading-big page-bits-title\u00bb][vc_empty_space height=\u00bb20px\u00bb][vc_column_text css=\u00bb\u00bb]<span style=\"color: #ffffff;\">Los pr\u00e9stamos, los plazos y los servicios BNPL hacen que las compras sean m\u00e1s asequibles para los compradores, mientras que los comerciantes incrementan la conversi\u00f3n de las ventas y los bancos atraen a nuevos clientes y mejoran la fidelidad de los que ya tienen. Con SOLAR Installments, es f\u00e1cil llevar a cabo cualquiera de sus ideas acerca de los servicios de pr\u00e9stamo y sus combinaciones con los programas de fidelizaci\u00f3n.<\/span>[\/vc_column_text][vc_empty_space height=\u00bb20px\u00bb][\/vc_column][\/vc_row][vc_row full_width=\u00bbstretch_row\u00bb equal_height=\u00bbyes\u00bb content_placement=\u00bbmiddle\u00bb css=\u00bb.vc_custom_1748969789929{margin-bottom: -40px !important;padding-top: 30px !important;padding-bottom: 30px !important;background-color: #E8432D !important;}\u00bb][vc_column width=\u00bb1\/6&#8243; css=\u00bb.vc_custom_1748443670093{border-color: #FFFFFF !important;}\u00bb el_class=\u00bbbenefit-icon-col\u00bb][vc_empty_space height=\u00bb30px\u00bb el_class=\u00bbmobile-off\u00bb][vc_icon icon_fontawesome=\u00bbfa fa-regular fa-envelope-open\u00bb color=\u00bbwhite\u00bb size=\u00bbxl\u00bb align=\u00bbcenter\u00bb css=\u00bb\u00bb][\/vc_column][vc_column width=\u00bb5\/6&#8243; el_class=\u00bbbenefit-content-col\u00bb][vc_custom_heading text=\u00bbSOLAR Installments \u2014 el m\u00f3dulo con gran capacidad de personalizaci\u00f3n para todos cualquier coyuntura relacionada con cuotas o pr\u00e9stamos.\u00bb font_container=\u00bbtag:h3|font_size:32px|text_align:left|color:%23FFFFFF|line_height:34px\u00bb use_theme_fonts=\u00bbyes\u00bb css=\u00bb.vc_custom_1749542458642{margin-bottom: 10px !important;}\u00bb el_class=\u00bbweight-regular\u00bb][vc_custom_heading text=\u00bb\u00a1Contacte con nosotros! Estaremos encantados de organizar una demostraci\u00f3n para responder a todas sus preguntas en detalle.\u00bb font_container=\u00bbtag:p|font_size:20px|text_align:left|color:%23FFFFFF|line_height:28px\u00bb use_theme_fonts=\u00bbyes\u00bb css=\u00bb.vc_custom_1749542471078{margin-bottom: 10px !important;}\u00bb][vc_empty_space height=\u00bb30px\u00bb][vc_btn title=\u00bbContacte Con Nosotros\u00bb style=\u00bbcustom\u00bb custom_background=\u00bb#E8432D\u00bb custom_text=\u00bb#FFFFFF\u00bb shape=\u00bbround\u00bb size=\u00bblg\u00bb align=\u00bbleft\u00bb css=\u00bb.vc_custom_1749728475594{margin-bottom: 0px !important;border-color: #FFFFFF !important;}\u00bb link=\u00bburl:%23&#8243; el_class=\u00bbbutton-red-bg popmake-1553&#8243;][\/vc_column][\/vc_row]<\/p>\n<\/div>","protected":false},"excerpt":{"rendered":"<p>[vc_row][vc_column][vc_raw_html css=\u00bb.vc_custom_1749541746715{margin-bottom: 0px !important;}\u00bb el_class=\u00bbbreadcrumbs\u00bb]JTNDYSUyMGhyZWYlM0QlMjIlMkYlMjIlM0VIb21lJTNDJTJGYSUzRSUyMCU3QyUyMFByb2R1Y3RvcyUyMCU3QyUyMCUzQ3NwYW4lM0VTT0xBUiUyMEluc3RhbGxtZW50cyUzQyUyRnNwYW4lM0U=[\/vc_raw_html][\/vc_column][\/vc_row][vc_row css=\u00bb.vc_custom_1747922304231{border-color: #FF0000 !important;}\u00bb][vc_column][vc_empty_space height=\u00bb40px\u00bb][vc_custom_heading text=\u00bbSOLAR Installments \u2014 ofrezca a sus clientes la posibilidad de pagar a plazos\u00bb font_container=\u00bbtag:h1|font_size:64px|text_align:left|color:%23424D59|line_height:84px\u00bb use_theme_fonts=\u00bbyes\u00bb css=\u00bb.vc_custom_1749541757095{margin-bottom: 0px !important;margin-left: -5px !important;}\u00bb el_class=\u00bbheading-big\u00bb][vc_empty_space height=\u00bb25px\u00bb][vc_custom_heading text=\u00bbSOLAR Installments: la soluci\u00f3n de software para servicios de devoluci\u00f3n a plazos de pr\u00e9stamos de dinero. Permita a sus clientes pagar sus compras m\u00e1s &#8230; <a title=\"SOLAR Installments\" class=\"read-more\" href=\"https:\/\/solanteq.com\/es\/solar-installments\/\" aria-label=\"Leer m\u00e1s sobre SOLAR Installments\">Read more<\/a><\/p>\n","protected":false},"author":3,"featured_media":0,"parent":0,"menu_order":0,"comment_status":"closed","ping_status":"closed","template":"","meta":{"footnotes":""},"class_list":["post-997","page","type-page","status-publish"],"_links":{"self":[{"href":"https:\/\/solanteq.com\/es\/wp-json\/wp\/v2\/pages\/997","targetHints":{"allow":["GET"]}}],"collection":[{"href":"https:\/\/solanteq.com\/es\/wp-json\/wp\/v2\/pages"}],"about":[{"href":"https:\/\/solanteq.com\/es\/wp-json\/wp\/v2\/types\/page"}],"author":[{"embeddable":true,"href":"https:\/\/solanteq.com\/es\/wp-json\/wp\/v2\/users\/3"}],"replies":[{"embeddable":true,"href":"https:\/\/solanteq.com\/es\/wp-json\/wp\/v2\/comments?post=997"}],"version-history":[{"count":3,"href":"https:\/\/solanteq.com\/es\/wp-json\/wp\/v2\/pages\/997\/revisions"}],"predecessor-version":[{"id":1648,"href":"https:\/\/solanteq.com\/es\/wp-json\/wp\/v2\/pages\/997\/revisions\/1648"}],"wp:attachment":[{"href":"https:\/\/solanteq.com\/es\/wp-json\/wp\/v2\/media?parent=997"}],"curies":[{"name":"wp","href":"https:\/\/api.w.org\/{rel}","templated":true}]}}