{"id":999,"date":"2025-06-05T11:59:05","date_gmt":"2025-06-05T08:59:05","guid":{"rendered":"https:\/\/solanteq.web-design.ee\/solar-testing-toolkit\/"},"modified":"2025-06-12T11:42:51","modified_gmt":"2025-06-12T11:42:51","slug":"solar-testing-toolkit","status":"publish","type":"page","link":"https:\/\/solanteq.com\/es\/solar-testing-toolkit\/","title":{"rendered":"SOLAR Testing Toolkit"},"content":{"rendered":"<div class=\"wpb-content-wrapper\"><p>[vc_row][vc_column][vc_raw_html css=\u00bb.vc_custom_1749555779296{margin-bottom: 0px !important;}\u00bb el_class=\u00bbbreadcrumbs\u00bb]JTNDYSUyMGhyZWYlM0QlMjIlMkYlMjIlM0VIb21lJTNDJTJGYSUzRSUyMCU3QyUyMFByb2R1Y3RvcyUyMCU3QyUyMCUzQ3NwYW4lM0VTT0xBUiUyMFRlc3RpbmclMjBUb29sa2l0JTNDJTJGc3BhbiUzRQ==[\/vc_raw_html][\/vc_column][\/vc_row][vc_row css=\u00bb.vc_custom_1747922304231{border-color: #FF0000 !important;}\u00bb][vc_column][vc_empty_space height=\u00bb40px\u00bb][vc_custom_heading text=\u00bb<b>SOLAR<\/b> Testing Toolkit \u2014 su tranquilidad en un solo paquete\u00bb font_container=\u00bbtag:h1|font_size:64px|text_align:left|color:%23424D59|line_height:84px\u00bb use_theme_fonts=\u00bbyes\u00bb css=\u00bb.vc_custom_1749555826542{margin-bottom: 0px !important;margin-left: -5px !important;}\u00bb el_class=\u00bbheading-big\u00bb][vc_empty_space height=\u00bb25px\u00bb][vc_custom_heading text=\u00bbSOLAR Testing Toolkit fue el primer producto que lanzamos cuando empezamos a operar en 2014: una potente soluci\u00f3n para las pruebas funcionales, de integraci\u00f3n, de regresi\u00f3n y de rendimiento de los sistemas de procesamiento de pagos. Desde el principio, desarrollamos y utilizamos este juego de herramientas para probar nuestros propios productos y todas nuestras dem\u00e1s soluciones y proyectos se han beneficiado de este s\u00f3lido modelo de prueba. Con SOLAR Testing Toolkit, las actualizaciones m\u00e1s revolucionarias pueden integrarse sin problemas y con rapidez en las soluciones m\u00e1s complejas.\u00bb font_container=\u00bbtag:p|font_size:20px|text_align:left|color:%23424D59|line_height:28px\u00bb use_theme_fonts=\u00bbyes\u00bb css=\u00bb.vc_custom_1749555836921{margin-bottom: 0px !important;}\u00bb el_class=\u00bbweight-light\u00bb][vc_empty_space height=\u00bb50px\u00bb][\/vc_column][\/vc_row][vc_row full_width=\u00bbstretch_row\u00bb css=\u00bb.vc_custom_1748962391931{padding-top: 100px !important;padding-bottom: 100px !important;background-color: #424D59 !important;background-position: center !important;background-repeat: no-repeat !important;background-size: cover !important;}\u00bb el_class=\u00bbdisable-row-overflow page-under-video-block\u00bb][vc_column][vc_video link=\u00bbhttps:\/\/youtu.be\/bcIsLYudasE?si=TlZy3k0E0vjTenSx\u00bb align=\u00bbcenter\u00bb css=\u00bb.vc_custom_1749124951184{background-color: #FFFFFF !important;}\u00bb el_class=\u00bbvideo-widget\u00bb][vc_empty_space height=\u00bb40px\u00bb][vc_custom_heading text=\u00bbUN MODELO COMPACTO DEL MUNDO DE LOS PAGOS\u00bb font_container=\u00bbtag:h2|font_size:36px|text_align:left|color:%23FFFFFF|line_height:44px\u00bb use_theme_fonts=\u00bbyes\u00bb css=\u00bb\u00bb el_class=\u00bbheading-big page-bits-title\u00bb][vc_empty_space height=\u00bb20px\u00bb][vc_column_text css=\u00bb\u00bb]<span style=\"color: #ffffff;\">SOLAR Testing Toolkit simula todos los elementos que componen el mundo de los pagos: cajeros autom\u00e1ticos, TPV, esquemas de tarjetas internacionales y nacionales (VISA, MasterCard, AMEX, JCB, UPI). Es compatible con interfaces de archivos en l\u00ednea y por lotes, y puede probar archivos de compensaci\u00f3n e informes. Un sencillo lenguaje de configuraci\u00f3n de scripts de prueba define las reglas para las interacciones entre los elementos y permite que las transacciones simuladas se env\u00eden al sistema de pruebas sin involucrar la infraestructura externa. Los resultados pueden analizarse r\u00e1pidamente y compararse con los valores previstos para un n\u00famero infinito de par\u00e1metros. B\u00e1sicamente, se trata de un modelo compacto y parametrizable del mundo de los pagos electr\u00f3nicos.<\/span>[\/vc_column_text][vc_empty_space height=\u00bb40px\u00bb][vc_single_image image=\u00bb1381&#8243; img_size=\u00bbfull\u00bb alignment=\u00bbcenter\u00bb css=\u00bb.vc_custom_1749555963866{padding-top: 20px !important;padding-right: 20px !important;padding-bottom: 20px !important;padding-left: 20px !important;background-color: #FFFFFF !important;}\u00bb el_class=\u00bbborder-radius20&#8243;][vc_empty_space height=\u00bb40px\u00bb][vc_custom_heading text=\u00bbPEQUE\u00d1AS INVERSIONES, GRANDES BENEFICIOS\u00bb font_container=\u00bbtag:h2|font_size:36px|text_align:left|color:%23FFFFFF|line_height:44px\u00bb use_theme_fonts=\u00bbyes\u00bb css=\u00bb\u00bb el_class=\u00bbheading-big page-bits-title\u00bb][vc_empty_space height=\u00bb20px\u00bb][vc_column_text css=\u00bb\u00bb]<span style=\"color: #ffffff;\">No hay duda: nuestra fe en este producto ha dado sus frutos a lo grande. SOLAR Testing Toolkit no solo funciona en los laboratorios de prueba de los productos SOLAR, sino que nuestros clientes tambi\u00e9n est\u00e1n cosechando los beneficios cuando lo implantan en las soluciones de prueba desarrolladas por ellos mismos o por otros proveedores<\/span><\/p>\n<p><span style=\"color: #ffffff;\">Nuestros an\u00e1lisis e investigaciones de los productos confirman sistem\u00e1ticamente que SOLAR Testing Toolkit est\u00e1 demostrando su rentabilidad en todos los bancos en los que se ha implantado. Es as\u00ed incluso si el banco no desarrolla sus propios productos, sino que solo prueba los productos adquiridos a proveedores externos.<\/span>[\/vc_column_text][vc_empty_space height=\u00bb40px\u00bb][vc_row_inner equal_height=\u00bbyes\u00bb content_placement=\u00bbmiddle\u00bb css=\u00bb.vc_custom_1748968639058{border-top-width: 1px !important;border-right-width: 1px !important;border-bottom-width: 1px !important;border-left-width: 1px !important;padding-top: 40px !important;padding-bottom: 40px !important;background-color: #E8432D !important;border-left-style: solid !important;border-right-style: solid !important;border-top-style: solid !important;border-bottom-style: solid !important;border-radius: 20px !important;border-color: #E8432D !important;}\u00bb][vc_column_inner el_class=\u00bbbenefit-icon-col\u00bb width=\u00bb1\/6&#8243;][vc_empty_space height=\u00bb30px\u00bb el_class=\u00bbmobile-off\u00bb][vc_icon icon_fontawesome=\u00bbfa fa-regular fa-lightbulb\u00bb color=\u00bbwhite\u00bb size=\u00bbxl\u00bb align=\u00bbcenter\u00bb css=\u00bb\u00bb][\/vc_column_inner][vc_column_inner el_class=\u00bbbenefit-content-col\u00bb width=\u00bb5\/6&#8243; css=\u00bb.vc_custom_1748968779705{padding-right: 50px !important;padding-left: 50px !important;}\u00bb][vc_column_text css=\u00bb\u00bb]<span style=\"color: #ffffff;\">Solanteq, desarrollador de la plataforma SOLAR, especializa en la creaci\u00f3n de componentes innovadores que se utilizan para crear soluciones de pago y aplicaciones digitales. Los productos de software SOLAR son f\u00e1cilmente escalables, se integran de forma nativa en los entornos de nube, ofrecen la m\u00e1xima tolerancia a fallos y pueden suministrarse como contenedores personalizables de forma flexible a petici\u00f3n del cliente. La plataforma SOLAR es universal para el desarrollo de negocio de banca minorista y compa\u00f1\u00edas de procesamiento.<\/span>[\/vc_column_text][\/vc_column_inner][\/vc_row_inner][vc_empty_space height=\u00bb40px\u00bb][vc_custom_heading text=\u00bbCREAR LAS PRUEBAS ES F\u00c1CIL\u00bb font_container=\u00bbtag:h2|font_size:36px|text_align:left|color:%23FFFFFF|line_height:44px\u00bb use_theme_fonts=\u00bbyes\u00bb css=\u00bb\u00bb el_class=\u00bbheading-big page-bits-title\u00bb][vc_empty_space height=\u00bb20px\u00bb][vc_column_text css=\u00bb\u00bb]<span style=\"color: #ffffff;\">Era necesario simplificar el proceso por el que nuestros usuarios llevaban a cabo las pruebas. Cuanto m\u00e1s grande sea el modelo de prueba, m\u00e1s engorroso ser\u00e1 el soporte, por lo que eliminar la complejidad era un gran objetivo. Por eso, hemos abandonado los lenguajes de programaci\u00f3n cl\u00e1sicos para configurar las pruebas. Es posible crear una prueba mediante una interfaz de descripci\u00f3n f\u00e1cil de usar que no requiere ninguna experiencia programando. Otras interfaces especiales permiten que SOLAR Testing Toolkit se integre continuamente en cada construcci\u00f3n de software. Nuestra s\u00f3lida plataforma de pruebas es la base de todos nuestros proyectos, ya sean de desarrollo de productos o de su implementaci\u00f3n.<\/span>[\/vc_column_text][vc_empty_space height=\u00bb20px\u00bb][vc_custom_heading text=\u00bbPRUEBAS FUNCIONALES\u00bb font_container=\u00bbtag:h2|font_size:36px|text_align:left|color:%23FFFFFF|line_height:44px\u00bb use_theme_fonts=\u00bbyes\u00bb css=\u00bb\u00bb el_class=\u00bbheading-big page-bits-title\u00bb][vc_empty_space height=\u00bb20px\u00bb][vc_column_text css=\u00bb\u00bb]<span style=\"color: #ffffff;\">Una nueva funci\u00f3n de software para su sistema debe someterse a una serie de pruebas para garantizar que cumple con todos los requisitos antes de ponerla en funcionamiento. Por ejemplo, una prueba puede verificar que los intereses sobre el saldo de la cuenta se acumulan en los d\u00edas correctos y sobre los importes correctos y que los asientos contables cumplan con las normas del Banco Central. Una vez identificados y corregidos los errores, podemos volver a ejecutar todo el proceso de prueba.<\/span><\/p>\n<p><span style=\"color: #ffffff;\">SOLAR Testing Toolkit le permite enviar transacciones simuladas (autorizaciones, documentos financieros a trav\u00e9s de interfaces est\u00e1ndar) al sistema en pruebas, realizar autom\u00e1ticamente el cierre del d\u00eda bancario, iniciar la carga de los archivos de interfaz necesarios y comprobar su correcci\u00f3n en el modo de comparaci\u00f3n inteligente con el patr\u00f3n. SOLAR Testing Toolkit tambi\u00e9n puede utilizarse para crear pruebas a partir de unos requisitos empresariales espec\u00edficos para el software en pruebas y comprobar si los cumple. La cobertura y la finalizaci\u00f3n de las pruebas pueden seguirse con un pr\u00e1ctico conjunto de informes estad\u00edsticos.<\/span>[\/vc_column_text][vc_empty_space height=\u00bb40px\u00bb][vc_custom_heading text=\u00bbPRUEBAS DE INTEGRACI\u00d3N\u00bb font_container=\u00bbtag:h2|font_size:36px|text_align:left|color:%23FFFFFF|line_height:44px\u00bb use_theme_fonts=\u00bbyes\u00bb css=\u00bb\u00bb el_class=\u00bbheading-big page-bits-title\u00bb][vc_empty_space height=\u00bb20px\u00bb][vc_column_text css=\u00bb\u00bb]<span style=\"color: #ffffff;\">Probar manualmente los sistemas de informaci\u00f3n puede convertirse en una tarea abrumadora si contienen un gran n\u00famero de interfaces externas en l\u00ednea y de archivos compatibles con varios protocolos. Considere que una prueba completa requiere que su entorno est\u00e9 conectado a los entornos de pruebas de todos los sistemas auxiliares, por no hablar de los servidores de prueba de todos los proveedores de servicios de pago externos y los sistemas de pago internacionales.<\/span><\/p>\n<p><span style=\"color: #ffffff;\">Con SOLAR Testing Toolkit, podr\u00e1 seleccionar el nivel de precisi\u00f3n que se desee para la simulaci\u00f3n del sistema. Puede hacer m\u00e1s que enviar acciones y analizar los resultados con las simulaciones inteligentes del Toolkit. Por ejemplo, Toolkit puede emular a cualquier IPS y dar\u00e1 la respuesta adecuada en funci\u00f3n del caso de uso. Una sola instalaci\u00f3n puede simular varios sistemas a la vez. Por ejemplo al probar c\u00f3mo sus cajeros autom\u00e1ticos procesan las tarjetas de pago de otro banco, Toolkit simula tanto el cajero que env\u00eda la solicitud de autorizaci\u00f3n como el sistema de pago que responde a ella.<\/span>[\/vc_column_text][vc_empty_space height=\u00bb40px\u00bb][vc_custom_heading text=\u00bbPRUEBAS DE REGRESI\u00d3N\u00bb font_container=\u00bbtag:h2|font_size:36px|text_align:left|color:%23FFFFFF|line_height:44px\u00bb use_theme_fonts=\u00bbyes\u00bb css=\u00bb\u00bb el_class=\u00bbheading-big page-bits-title\u00bb][vc_empty_space height=\u00bb20px\u00bb][vc_column_text css=\u00bb\u00bb]<span style=\"color: #ffffff;\">As\u00ed que ha pasado con \u00e9xito por un ciclo de actualizaciones funcionales, probando las nuevas caracter\u00edsticas, corrigiendo los errores, probando de nuevo, y as\u00ed una y otra vez, hasta que todo funciona a las mil maravillas. \u00bfYa est\u00e1 el sistema listo para su uso comercial? Casi. Uno de los \u00faltimos obst\u00e1culos despu\u00e9s de las pruebas funcionales es la prueba de regresi\u00f3n, en la que se verifica si las antiguas caracter\u00edsticas funcionan correctamente junto con las nuevas.<\/span><\/p>\n<p><span style=\"color: #ffffff;\">SOLAR Testing Toolkit es excepcional tambi\u00e9n en este sentido: sabe guardar y ejecutar conjuntos de pruebas de regresi\u00f3n. Ya no es necesario asignar costosos recursos de especialistas a un an\u00e1lisis manual de los resultados que lleva d\u00edas. Con este juego de herramientas, todo lo que hay que hacer es asegurarse de que alrededor del 95 % de las pruebas se han ejecutado sin errores y arreglar el 5 % restante. Y definitivamente vale la pena: seg\u00fan nuestra investigaci\u00f3n, SOLAR Testing Toolkit ahorra muchas veces el tiempo que se suele dedicar a las pruebas de regresi\u00f3n y aumenta su rendimiento de manera significativa.<\/span>[\/vc_column_text][vc_empty_space height=\u00bb40px\u00bb][vc_custom_heading text=\u00bbPRUEBAS DE RENDIMIENTO\u00bb font_container=\u00bbtag:h2|font_size:36px|text_align:left|color:%23FFFFFF|line_height:44px\u00bb use_theme_fonts=\u00bbyes\u00bb css=\u00bb\u00bb el_class=\u00bbheading-big page-bits-title\u00bb][vc_empty_space height=\u00bb20px\u00bb][vc_column_text css=\u00bb\u00bb]<span style=\"color: #ffffff;\">A todos nos gustar\u00eda pensar que la actualizaci\u00f3n de un sistema acelerar\u00e1 el procesamiento y el rendimiento, pero no siempre es as\u00ed. A veces, un error del desarrollador puede pasar desapercibido durante la fase de pruebas de regresi\u00f3n y afectar solo a la velocidad de funcionamiento.<\/span><\/p>\n<p><span style=\"color: #ffffff;\">Con SOLAR Testing Toolkit, puede descubrir f\u00e1cilmente los cuellos de botella ocultos. Solo tiene que configurar pruebas especiales con un perfil de carga lo m\u00e1s ajustado posible a la carga real, especificar la capacidad m\u00e1xima requerida e iniciar la carga simult\u00e1nea desde todos los canales. Toolkit puede procesar cargas estables, escalonadas y de pico durante un periodo determinado; registrar y analizar los resultados, y, por \u00faltimo, generar un informe de rendimiento una vez finalizada la prueba.<\/span>[\/vc_column_text][\/vc_column][\/vc_row][vc_row full_width=\u00bbstretch_row\u00bb equal_height=\u00bbyes\u00bb content_placement=\u00bbmiddle\u00bb css=\u00bb.vc_custom_1748969789929{margin-bottom: -40px !important;padding-top: 30px !important;padding-bottom: 30px !important;background-color: #E8432D !important;}\u00bb][vc_column width=\u00bb1\/6&#8243; css=\u00bb.vc_custom_1748443670093{border-color: #FFFFFF !important;}\u00bb el_class=\u00bbbenefit-icon-col\u00bb][vc_empty_space height=\u00bb30px\u00bb el_class=\u00bbmobile-off\u00bb][vc_icon icon_fontawesome=\u00bbfa fa-regular fa-envelope-open\u00bb color=\u00bbwhite\u00bb size=\u00bbxl\u00bb align=\u00bbcenter\u00bb css=\u00bb\u00bb][\/vc_column][vc_column width=\u00bb5\/6&#8243; el_class=\u00bbbenefit-content-col\u00bb][vc_custom_heading text=\u00bbControle las actualizaciones de su sistema con SOLAR Testing Toolkit y descubra c\u00f3mo satisfacer a sus clientes.\u00bb font_container=\u00bbtag:h3|font_size:32px|text_align:left|color:%23FFFFFF|line_height:34px\u00bb use_theme_fonts=\u00bbyes\u00bb css=\u00bb.vc_custom_1749556258304{margin-bottom: 10px !important;}\u00bb el_class=\u00bbweight-regular\u00bb][vc_custom_heading text=\u00bb\u00a1Contacte con nosotros! Estaremos encantados de organizar una demostraci\u00f3n para responder a todas sus preguntas en detalle.\u00bb font_container=\u00bbtag:p|font_size:20px|text_align:left|color:%23FFFFFF|line_height:28px\u00bb use_theme_fonts=\u00bbyes\u00bb css=\u00bb.vc_custom_1749556272124{margin-bottom: 10px !important;}\u00bb][vc_empty_space height=\u00bb30px\u00bb][vc_btn title=\u00bbContacte Con Nosotros\u00bb style=\u00bbcustom\u00bb custom_background=\u00bb#E8432D\u00bb custom_text=\u00bb#FFFFFF\u00bb shape=\u00bbround\u00bb size=\u00bblg\u00bb align=\u00bbleft\u00bb css=\u00bb.vc_custom_1749728570026{margin-bottom: 0px !important;border-color: #FFFFFF !important;}\u00bb link=\u00bburl:%23&#8243; el_class=\u00bbbutton-red-bg popmake-1553&#8243;][\/vc_column][\/vc_row]<\/p>\n<\/div>","protected":false},"excerpt":{"rendered":"<p>[vc_row][vc_column][vc_raw_html css=\u00bb.vc_custom_1749555779296{margin-bottom: 0px !important;}\u00bb el_class=\u00bbbreadcrumbs\u00bb]JTNDYSUyMGhyZWYlM0QlMjIlMkYlMjIlM0VIb21lJTNDJTJGYSUzRSUyMCU3QyUyMFByb2R1Y3RvcyUyMCU3QyUyMCUzQ3NwYW4lM0VTT0xBUiUyMFRlc3RpbmclMjBUb29sa2l0JTNDJTJGc3BhbiUzRQ==[\/vc_raw_html][\/vc_column][\/vc_row][vc_row css=\u00bb.vc_custom_1747922304231{border-color: #FF0000 !important;}\u00bb][vc_column][vc_empty_space height=\u00bb40px\u00bb][vc_custom_heading text=\u00bbSOLAR Testing Toolkit \u2014 su tranquilidad en un solo paquete\u00bb font_container=\u00bbtag:h1|font_size:64px|text_align:left|color:%23424D59|line_height:84px\u00bb use_theme_fonts=\u00bbyes\u00bb css=\u00bb.vc_custom_1749555826542{margin-bottom: 0px !important;margin-left: -5px !important;}\u00bb el_class=\u00bbheading-big\u00bb][vc_empty_space height=\u00bb25px\u00bb][vc_custom_heading text=\u00bbSOLAR Testing Toolkit fue el primer producto que lanzamos cuando empezamos a operar en 2014: una potente soluci\u00f3n para las pruebas funcionales, de integraci\u00f3n, de regresi\u00f3n y &#8230; <a title=\"SOLAR Testing Toolkit\" class=\"read-more\" href=\"https:\/\/solanteq.com\/es\/solar-testing-toolkit\/\" aria-label=\"Leer m\u00e1s sobre SOLAR Testing Toolkit\">Read more<\/a><\/p>\n","protected":false},"author":3,"featured_media":0,"parent":0,"menu_order":0,"comment_status":"closed","ping_status":"closed","template":"","meta":{"footnotes":""},"class_list":["post-999","page","type-page","status-publish"],"_links":{"self":[{"href":"https:\/\/solanteq.com\/es\/wp-json\/wp\/v2\/pages\/999","targetHints":{"allow":["GET"]}}],"collection":[{"href":"https:\/\/solanteq.com\/es\/wp-json\/wp\/v2\/pages"}],"about":[{"href":"https:\/\/solanteq.com\/es\/wp-json\/wp\/v2\/types\/page"}],"author":[{"embeddable":true,"href":"https:\/\/solanteq.com\/es\/wp-json\/wp\/v2\/users\/3"}],"replies":[{"embeddable":true,"href":"https:\/\/solanteq.com\/es\/wp-json\/wp\/v2\/comments?post=999"}],"version-history":[{"count":2,"href":"https:\/\/solanteq.com\/es\/wp-json\/wp\/v2\/pages\/999\/revisions"}],"predecessor-version":[{"id":1656,"href":"https:\/\/solanteq.com\/es\/wp-json\/wp\/v2\/pages\/999\/revisions\/1656"}],"wp:attachment":[{"href":"https:\/\/solanteq.com\/es\/wp-json\/wp\/v2\/media?parent=999"}],"curies":[{"name":"wp","href":"https:\/\/api.w.org\/{rel}","templated":true}]}}