{"id":1000,"date":"2025-06-05T11:00:17","date_gmt":"2025-06-05T11:00:17","guid":{"rendered":"https:\/\/solanteq.web-design.ee\/solar-fraud-prevention\/"},"modified":"2025-06-12T11:36:32","modified_gmt":"2025-06-12T11:36:32","slug":"solar-fraud-prevention","status":"publish","type":"page","link":"https:\/\/solanteq.com\/fr\/solar-fraud-prevention\/","title":{"rendered":"SOLAR Fraud Prevention"},"content":{"rendered":"<div class=\"wpb-content-wrapper\"><p>[vc_row][vc_column][vc_raw_html css=\u00a0\u00bb.vc_custom_1749556886972{margin-bottom: 0px !important;}\u00a0\u00bb el_class=\u00a0\u00bbbreadcrumbs\u00a0\u00bb]JTNDYSUyMGhyZWYlM0QlMjIlMkYlMjIlM0VIb21lJTNDJTJGYSUzRSUyMCU3QyUyMFByb2R1aXRzJTIwJTdDJTIwJTNDc3BhbiUzRVNPTEFSJTIwRnJhdWQlMjBQcmV2ZW50aW9uJTNDJTJGc3BhbiUzRQ==[\/vc_raw_html][\/vc_column][\/vc_row][vc_row css=\u00a0\u00bb.vc_custom_1747922304231{border-color: #FF0000 !important;}\u00a0\u00bb][vc_column][vc_empty_space height=\u00a0\u00bb40px\u00a0\u00bb][vc_custom_heading text=\u00a0\u00bb<b>SOLAR<\/b> Fraud Prevention \u2014 Protection compl\u00e8te de vos transactions\u00a0\u00bb font_container=\u00a0\u00bbtag:h1|font_size:64px|text_align:left|color:%23424D59|line_height:84px\u00a0\u00bb use_theme_fonts=\u00a0\u00bbyes\u00a0\u00bb css=\u00a0\u00bb.vc_custom_1749557022754{margin-bottom: 0px !important;margin-left: -5px !important;}\u00a0\u00bb el_class=\u00a0\u00bbheading-big\u00a0\u00bb][vc_empty_space height=\u00a0\u00bb25px\u00a0\u00bb][vc_custom_heading text=\u00a0\u00bbSOLAR Fraud Prevention est con\u00e7u pour les banques, les \u00e9metteurs, les acqu\u00e9reurs et les soci\u00e9t\u00e9s de traitement. Ce produit vous permet de contr\u00f4ler vos paiements et de pr\u00e9venir la fraude sur tous les canaux de transaction. Les transactions sont affect\u00e9es \u00e0 des cat\u00e9gories de risque par le biais de r\u00e8gles personnalisables bas\u00e9es sur les param\u00e8tres de transaction du client, l\u2019historique et d\u2019autres informations telles que les comportements standards du client.\u00a0\u00bb font_container=\u00a0\u00bbtag:p|font_size:20px|text_align:left|color:%23424D59|line_height:28px\u00a0\u00bb use_theme_fonts=\u00a0\u00bbyes\u00a0\u00bb css=\u00a0\u00bb.vc_custom_1749557030218{margin-bottom: 0px !important;}\u00a0\u00bb el_class=\u00a0\u00bbweight-light\u00a0\u00bb][vc_empty_space height=\u00a0\u00bb50px\u00a0\u00bb][\/vc_column][\/vc_row][vc_row full_width=\u00a0\u00bbstretch_row\u00a0\u00bb css=\u00a0\u00bb.vc_custom_1748962391931{padding-top: 100px !important;padding-bottom: 100px !important;background-color: #424D59 !important;background-position: center !important;background-repeat: no-repeat !important;background-size: cover !important;}\u00a0\u00bb el_class=\u00a0\u00bbdisable-row-overflow page-under-video-block\u00a0\u00bb][vc_column][vc_custom_heading text=\u00a0\u00bbCOUVRANT TOUS LES CANAUX\u00a0\u00bb font_container=\u00a0\u00bbtag:h2|font_size:36px|text_align:left|color:%23FFFFFF|line_height:44px\u00a0\u00bb use_theme_fonts=\u00a0\u00bbyes\u00a0\u00bb css=\u00a0\u00bb\u00a0\u00bb el_class=\u00a0\u00bbheading-big page-bits-title\u00a0\u00bb][vc_empty_space height=\u00a0\u00bb20px\u00a0\u00bb][vc_column_text css=\u00a0\u00bb\u00a0\u00bb]<span style=\"color: #ffffff;\">SOLAR Fraud Prevention comprend des interfaces avec tous les principaux syst\u00e8mes d\u2019information bancaires dont les donn\u00e9es contribuent \u00e0 am\u00e9liorer la s\u00e9curit\u00e9 des transactions:<\/span>[\/vc_column_text][vc_empty_space height=\u00a0\u00bb20px\u00a0\u00bb][vc_row_inner css=\u00a0\u00bb.vc_custom_1748967280488{border-top-width: 1px !important;border-right-width: 1px !important;border-bottom-width: 1px !important;border-left-width: 1px !important;padding-top: 40px !important;padding-right: 30px !important;padding-bottom: 40px !important;padding-left: 30px !important;background-color: #515D6A !important;border-radius: 20px !important;border-color: #515D6A !important;}\u00a0\u00bb][vc_column_inner][vc_raw_html css=\u00a0\u00bb\u00a0\u00bb el_class=\u00a0\u00bbbits-of-functionality much-text bulletlist\u00a0\u00bb]U3lzdCVDMyVBOG1lcyUyMGRlJTIwdHJhaXRlbWVudCUyMGRlcyUyMGNhcnRlcy4=[\/vc_raw_html][vc_raw_html css=\u00a0\u00bb\u00a0\u00bb el_class=\u00a0\u00bbbits-of-functionality much-text bulletlist\u00a0\u00bb]Q2FuYXV4JTIwZGUlMjBiYW5xdWUlMjAlQzMlQTAlMjBkaXN0YW5jZSUyQyUyMHN5c3QlQzMlQThtZXMlMjBkZSUyMGJhbnF1ZSUyMGRlJTIwZCVDMyVBOXRhaWwlMkMlMjBldGMu[\/vc_raw_html][\/vc_column_inner][\/vc_row_inner][vc_empty_space height=\u00a0\u00bb40px\u00a0\u00bb][vc_column_text css=\u00a0\u00bb\u00a0\u00bb]<span style=\"color: #ffffff;\">Les informations provenant de ces syst\u00e8mes sont utilis\u00e9es dans l\u2019analyse des risques et dans l\u2019attribution d\u2019actions telles que:<\/span>[\/vc_column_text][vc_empty_space height=\u00a0\u00bb20px\u00a0\u00bb][vc_row_inner css=\u00a0\u00bb.vc_custom_1748967280488{border-top-width: 1px !important;border-right-width: 1px !important;border-bottom-width: 1px !important;border-left-width: 1px !important;padding-top: 40px !important;padding-right: 30px !important;padding-bottom: 40px !important;padding-left: 30px !important;background-color: #515D6A !important;border-radius: 20px !important;border-color: #515D6A !important;}\u00a0\u00bb][vc_column_inner][vc_raw_html css=\u00a0\u00bb\u00a0\u00bb el_class=\u00a0\u00bbbits-of-functionality much-text bulletlist\u00a0\u00bb]TWFycXVhZ2UlMjBkZXMlMjB0cmFuc2FjdGlvbnMlMjBwb3VyJTIwbGUlMjBzdWl2aSUyMGV0JTIwbGVzJTIwYXBwZWxzJTIwZGUlMjBzdWl2aS4=[\/vc_raw_html][vc_raw_html css=\u00a0\u00bb\u00a0\u00bb el_class=\u00a0\u00bbbits-of-functionality much-text bulletlist\u00a0\u00bb]UmVqZXQlMjBkZXMlMjB0cmFuc2FjdGlvbnMu[\/vc_raw_html][vc_raw_html css=\u00a0\u00bb\u00a0\u00bb el_class=\u00a0\u00bbbits-of-functionality much-text bulletlist\u00a0\u00bb]RW52b2klMjBkZXMlMjBub3RpZmljYXRpb25zJTIwJTI4U01TJTIwb3UlMjBlLW1haWwlMjklMjBhdSUyMGNsaWVudCUyMG91JTIwYXUlMjBjZW50cmUlMjBkZSUyMHMlQzMlQTljdXJpdCVDMyVBOSUyMGQlMjd1bmUlMjBiYW5xdWUu[\/vc_raw_html][vc_raw_html css=\u00a0\u00bb\u00a0\u00bb el_class=\u00a0\u00bbbits-of-functionality much-text bulletlist\u00a0\u00bb]QWpvdXQlMjBkZXMlMjBjbGllbnRzJTJDJTIwZGVzJTIwY2FydGVzJTIwZXQlMjBkZXMlMjBtYXJjaGFuZHMlMjAlQzMlQTAlMjB1bmUlMjBsaXN0ZSUyMG5vaXJlLg==[\/vc_raw_html][\/vc_column_inner][\/vc_row_inner][vc_empty_space height=\u00a0\u00bb40px\u00a0\u00bb][vc_custom_heading text=\u00a0\u00bbCONFIGURATION FLEXIBLE ET FACILE DES R\u00c8GLES\u00a0\u00bb font_container=\u00a0\u00bbtag:h2|font_size:36px|text_align:left|color:%23FFFFFF|line_height:44px\u00a0\u00bb use_theme_fonts=\u00a0\u00bbyes\u00a0\u00bb css=\u00a0\u00bb\u00a0\u00bb el_class=\u00a0\u00bbheading-big page-bits-title\u00a0\u00bb][vc_empty_space height=\u00a0\u00bb20px\u00a0\u00bb][vc_column_text css=\u00a0\u00bb\u00a0\u00bb]<span style=\"color: #ffffff;\">SOLAR Fraud Prevention analyse les transactions sur la base de r\u00e8gles configur\u00e9es qui peuvent utiliser \u00e0 la fois les param\u00e8tres des transactions analys\u00e9es et l\u2019historique des transactions du client dans une p\u00e9riode de temps r\u00e9glable. Aucune connaissance en programmation n\u2019est n\u00e9cessaire pour d\u00e9finir ces r\u00e8gles, car elles sont configur\u00e9es via des pages de configuration accessibles depuis le poste de travail de l\u2019administrateur. L\u2019analyse int\u00e9gr\u00e9e bas\u00e9e sur l\u2019apprentissage automatique r\u00e9cup\u00e8re les donn\u00e9es sur l\u2019utilisation des r\u00e8gles et aide \u00e0 identifier les r\u00e8gles inefficaces ou obsol\u00e8tes.<\/span>[\/vc_column_text][vc_empty_space height=\u00a0\u00bb40px\u00a0\u00bb][vc_custom_heading text=\u00a0\u00bbTEST DES R\u00c8GLES ET NOUVELLES STRAT\u00c9GIES\u00a0\u00bb font_container=\u00a0\u00bbtag:h2|font_size:36px|text_align:left|color:%23FFFFFF|line_height:44px\u00a0\u00bb use_theme_fonts=\u00a0\u00bbyes\u00a0\u00bb css=\u00a0\u00bb\u00a0\u00bb el_class=\u00a0\u00bbheading-big page-bits-title\u00a0\u00bb][vc_empty_space height=\u00a0\u00bb20px\u00a0\u00bb][vc_column_text css=\u00a0\u00bb\u00a0\u00bb]<span style=\"color: #ffffff;\">Au fil du temps, les sch\u00e9mas des malfaiteurs financiers deviennent de plus en plus complexes, vos employ\u00e9s devront configurer de nouvelles strat\u00e9gies de pr\u00e9vention de la fraude. C\u2019est l\u00e0 que SOLAR Fraud Prevention devient votre alli\u00e9. Nous avons construit un syst\u00e8me de test au niveau du noyau de la solution qui vous permet de d\u00e9velopper, en toute s\u00e9curit\u00e9, de nouvelles strat\u00e9gies et d\u2019analyser leur aptitude \u00e0 l\u2019utilisation commerciale dans des conditions op\u00e9rationnelles, sans affecter ni le client ni le processus d\u2019autorisation.<\/span>[\/vc_column_text][vc_empty_space height=\u00a0\u00bb40px\u00a0\u00bb][vc_custom_heading text=\u00a0\u00bbGESTION DES INCIDENTS\u00a0\u00bb font_container=\u00a0\u00bbtag:h2|font_size:36px|text_align:left|color:%23FFFFFF|line_height:44px\u00a0\u00bb use_theme_fonts=\u00a0\u00bbyes\u00a0\u00bb css=\u00a0\u00bb\u00a0\u00bb el_class=\u00a0\u00bbheading-big page-bits-title\u00a0\u00bb][vc_empty_space height=\u00a0\u00bb20px\u00a0\u00bb][vc_column_text css=\u00a0\u00bb\u00a0\u00bb]<span style=\"color: #ffffff;\">Si n\u00e9cessaire, SOLAR Fraud Prevention peut \u00eatre \u00e9quip\u00e9 de SOLAR Case Management ou d\u2019une interface compatible avec le syst\u00e8me que vous utilisez. SOLAR Fraud Prevention ouvre un dossier pour chaque transaction suspect\u00e9e d\u2019\u00eatre frauduleuse qui peut inclure des transactions similaires survenues dans un laps de temps proche.<\/span>[\/vc_column_text][vc_empty_space height=\u00a0\u00bb40px\u00a0\u00bb][vc_custom_heading text=\u00a0\u00bbNOUS COUVRONS AUSSI L\u2019INTERNET\u00a0\u00bb font_container=\u00a0\u00bbtag:h2|font_size:36px|text_align:left|color:%23FFFFFF|line_height:44px\u00a0\u00bb use_theme_fonts=\u00a0\u00bbyes\u00a0\u00bb css=\u00a0\u00bb\u00a0\u00bb el_class=\u00a0\u00bbheading-big page-bits-title\u00a0\u00bb][vc_empty_space height=\u00a0\u00bb20px\u00a0\u00bb][vc_column_text css=\u00a0\u00bb\u00a0\u00bb]<span style=\"color: #ffffff;\">SOLAR Fraud Prevention est \u00e9quip\u00e9 de modules pour le suivi des transactions et des paiements en ligne. Des r\u00e8gles peuvent \u00eatre configur\u00e9es pour inclure les appareils utilis\u00e9s pour effectuer les paiements sur Internet, leurs adresses IP et d\u2019autres informations pertinentes.<\/span><br \/>\n[\/vc_column_text][vc_empty_space height=\u00a0\u00bb40px\u00a0\u00bb][vc_custom_heading text=\u00a0\u00bbTOUT LE MONDE PEUT SE CONNECTER\u00a0\u00bb font_container=\u00a0\u00bbtag:h2|font_size:36px|text_align:left|color:%23FFFFFF|line_height:44px\u00a0\u00bb use_theme_fonts=\u00a0\u00bbyes\u00a0\u00bb css=\u00a0\u00bb\u00a0\u00bb el_class=\u00a0\u00bbheading-big page-bits-title\u00a0\u00bb][vc_empty_space height=\u00a0\u00bb20px\u00a0\u00bb][vc_column_text css=\u00a0\u00bb\u00a0\u00bb]<span style=\"color: #ffffff;\">SOLAR Fraud Prevention est un syst\u00e8me ind\u00e9pendant qui a \u00e9t\u00e9 cr\u00e9\u00e9 pour am\u00e9liorer vos solutions de support aux transactions, qu\u2019elles aient \u00e9t\u00e9 construites sur des composants SOLAR ou sur ceux d\u2019autres soci\u00e9t\u00e9s. SOLAR Fraud Prevention peut \u00eatre int\u00e9gr\u00e9 \u00e0 des syst\u00e8mes tiers externes pour partager des informations sur les incidents li\u00e9s aux risques.<\/span><\/p>\n<p><span style=\"color: #ffffff;\">En fonction de votre architecture, il existe diff\u00e9rentes fa\u00e7ons d\u2019int\u00e9grer SOLAR Fraud Prevention \u00e0 vos syst\u00e8mes d\u2019information, c\u2019est pourquoi SOLAR Fraud Prevention est \u00e9quip\u00e9 d\u2019un ensemble d\u2019interfaces sp\u00e9cialis\u00e9es.<\/span>[\/vc_column_text][vc_empty_space height=\u00a0\u00bb40px\u00a0\u00bb][vc_single_image image=\u00a0\u00bb1387&Prime; img_size=\u00a0\u00bbfull\u00a0\u00bb alignment=\u00a0\u00bbcenter\u00a0\u00bb css=\u00a0\u00bb.vc_custom_1749557572701{padding-top: 20px !important;padding-right: 20px !important;padding-bottom: 20px !important;padding-left: 20px !important;background-color: #FFFFFF !important;}\u00a0\u00bb el_class=\u00a0\u00bbborder-radius20&Prime;][vc_empty_space height=\u00a0\u00bb40px\u00a0\u00bb][vc_custom_heading text=\u00a0\u00bbLES AUTORISATIONS NE RALENTISSENT JAMAIS\u00a0\u00bb font_container=\u00a0\u00bbtag:h2|font_size:36px|text_align:left|color:%23FFFFFF|line_height:44px\u00a0\u00bb use_theme_fonts=\u00a0\u00bbyes\u00a0\u00bb css=\u00a0\u00bb\u00a0\u00bb el_class=\u00a0\u00bbheading-big page-bits-title\u00a0\u00bb][vc_empty_space height=\u00a0\u00bb20px\u00a0\u00bb][vc_column_text css=\u00a0\u00bb\u00a0\u00bb]<span style=\"color: #ffffff;\">SOLAR Fraud Prevention est rapide et stocke les donn\u00e9es de mani\u00e8re compacte. C\u2019est important, car plus le nombre de r\u00e8gles augmente, plus il faut de ressources pour une analyse de risques de qualit\u00e9. SOLAR Fraud Prevention est extensible horizontalement et plusieurs caract\u00e9ristiques de base contribuent \u00e0 sa rapidit\u00e9:<\/span>[\/vc_column_text][vc_empty_space height=\u00a0\u00bb20px\u00a0\u00bb][vc_row_inner css=\u00a0\u00bb.vc_custom_1748969047907{border-top-width: 1px !important;border-right-width: 1px !important;border-bottom-width: 1px !important;border-left-width: 1px !important;padding-top: 40px !important;padding-right: 30px !important;padding-bottom: 40px !important;padding-left: 30px !important;background-color: #515D6A !important;border-radius: 20px !important;border-color: #515D6A !important;}\u00a0\u00bb][vc_column_inner][vc_raw_html css=\u00a0\u00bb\u00a0\u00bb el_class=\u00a0\u00bbbits-of-functionality much-text bulletlist\u00a0\u00bb]TGVzJTIwcHJvY2Vzc3VzJTIwc29udCUyMGV4JUMzJUE5Y3V0JUMzJUE5cyUyMHMlQzMlQTlwYXIlQzMlQTltZW50JTIwZXQlMjBwYXJhbGwlQzMlQThsZW1lbnQlMjBhdXglMjBhY3Rpdml0JUMzJUE5cyUyMGQlMjdhdXRvcmlzYXRpb24lMkMlMjBkZSUyMHNvcnRlJTIwcXUlMjdpbCUyMG4lMjd5JTIwYSUyMHBhcyUyMGQlMjdpbXBhY3QlMjBzdXIlMjBsJTI3YXV0b3Jpc2F0aW9uLg==[\/vc_raw_html][vc_raw_html css=\u00a0\u00bb\u00a0\u00bb el_class=\u00a0\u00bbbits-of-functionality much-text bulletlist\u00a0\u00bb]TGUlMjB0ZW1wcyUyMGQlMjdhbmFseXNlJTIwZXN0JTIwc3VpdmklMjBldCUyMGwlMjdhZG1pbmlzdHJhdGV1ciUyMGVzdCUyMGFsZXJ0JUMzJUE5JTIwbG9yc3F1ZSUyMGxlcyUyMGxpbWl0ZXMlMjBkZSUyMHRlbXBzJTIwcmVjb21tYW5kJUMzJUE5ZXMlMjBvbnQlMjAlQzMlQTl0JUMzJUE5JTIwYXR0ZWludGVzLg==[\/vc_raw_html][vc_raw_html css=\u00a0\u00bb\u00a0\u00bb el_class=\u00a0\u00bbbits-of-functionality much-text bulletlist\u00a0\u00bb]TGUlMjB0ZW1wcyUyMGRlJTIwciVDMyVBOXBvbnNlJTIwZ2FyYW50aSUyMHBldXQlMjAlQzMlQUF0cmUlMjBjb25maWd1ciVDMyVBOS4=[\/vc_raw_html][\/vc_column_inner][\/vc_row_inner][vc_empty_space height=\u00a0\u00bb40px\u00a0\u00bb][vc_custom_heading text=\u00a0\u00bbSUIVRE TOUTES LES CARTES ET TOUS LES APPAREILS\u00a0\u00bb font_container=\u00a0\u00bbtag:h2|font_size:36px|text_align:left|color:%23FFFFFF|line_height:44px\u00a0\u00bb use_theme_fonts=\u00a0\u00bbyes\u00a0\u00bb css=\u00a0\u00bb\u00a0\u00bb el_class=\u00a0\u00bbheading-big page-bits-title\u00a0\u00bb][vc_empty_space height=\u00a0\u00bb20px\u00a0\u00bb][vc_column_text css=\u00a0\u00bb\u00a0\u00bb]<span style=\"color: #ffffff;\">SOLAR Fraud Prevention est une solution puissante, \u00e0 la pointe de la technologie, pour pr\u00e9venir la fraude sur les paiements et vous aider \u00e0 prendre le contr\u00f4le de vos transactions en tant qu\u2019\u00e9metteur, acqu\u00e9reur ou dans un r\u00f4le enti\u00e8rement diff\u00e9rent. Avec SOLAR Fraud Prevention, vous pouvez configurer des strat\u00e9gies pour maintenir des interactions s\u00e9curis\u00e9es entre vous et toutes les contreparties impliqu\u00e9es dans le processus de paiement.<\/span><\/p>\n<p><span style=\"color: #ffffff;\">Avec chaque installation, nous proposons des ensembles pr\u00e9configur\u00e9s de r\u00e8gles de surveillance s\u00e9lectionn\u00e9s par nos experts sur la base de leur exp\u00e9rience et de la session de d\u00e9couverte avec votre \u00e9quipe.<\/span>[\/vc_column_text][\/vc_column][\/vc_row][vc_row full_width=\u00a0\u00bbstretch_row\u00a0\u00bb equal_height=\u00a0\u00bbyes\u00a0\u00bb content_placement=\u00a0\u00bbmiddle\u00a0\u00bb css=\u00a0\u00bb.vc_custom_1748969789929{margin-bottom: -40px !important;padding-top: 30px !important;padding-bottom: 30px !important;background-color: #E8432D !important;}\u00a0\u00bb][vc_column width=\u00a0\u00bb1\/6&Prime; css=\u00a0\u00bb.vc_custom_1748443670093{border-color: #FFFFFF !important;}\u00a0\u00bb el_class=\u00a0\u00bbbenefit-icon-col\u00a0\u00bb][vc_empty_space height=\u00a0\u00bb30px\u00a0\u00bb el_class=\u00a0\u00bbmobile-off\u00a0\u00bb][vc_icon icon_fontawesome=\u00a0\u00bbfa fa-regular fa-envelope-open\u00a0\u00bb color=\u00a0\u00bbwhite\u00a0\u00bb size=\u00a0\u00bbxl\u00a0\u00bb align=\u00a0\u00bbcenter\u00a0\u00bb css=\u00a0\u00bb\u00a0\u00bb][\/vc_column][vc_column width=\u00a0\u00bb5\/6&Prime; el_class=\u00a0\u00bbbenefit-content-col\u00a0\u00bb][vc_custom_heading text=\u00a0\u00bbNous sommes convaincus que SOLAR Fraud Prevention vous offrira une protection sans faille lorsque vous naviguerez dans le monde des paiements internationaux.\u00a0\u00bb font_container=\u00a0\u00bbtag:h3|font_size:32px|text_align:left|color:%23FFFFFF|line_height:34px\u00a0\u00bb use_theme_fonts=\u00a0\u00bbyes\u00a0\u00bb css=\u00a0\u00bb.vc_custom_1749557733199{margin-bottom: 10px !important;}\u00a0\u00bb el_class=\u00a0\u00bbweight-regular\u00a0\u00bb][vc_custom_heading text=\u00a0\u00bbContactez-nous, nous serons heureux d&rsquo;organiser une d\u00e9monstration et de r\u00e9pondre en d\u00e9tail \u00e0 toutes vos questions.\u00a0\u00bb font_container=\u00a0\u00bbtag:p|font_size:20px|text_align:left|color:%23FFFFFF|line_height:28px\u00a0\u00bb use_theme_fonts=\u00a0\u00bbyes\u00a0\u00bb css=\u00a0\u00bb.vc_custom_1749557746594{margin-bottom: 10px !important;}\u00a0\u00bb][vc_empty_space height=\u00a0\u00bb30px\u00a0\u00bb][vc_btn title=\u00a0\u00bbContact\u00a0\u00bb style=\u00a0\u00bbcustom\u00a0\u00bb custom_background=\u00a0\u00bb#E8432D\u00a0\u00bb custom_text=\u00a0\u00bb#FFFFFF\u00a0\u00bb shape=\u00a0\u00bbround\u00a0\u00bb size=\u00a0\u00bblg\u00a0\u00bb align=\u00a0\u00bbleft\u00a0\u00bb css=\u00a0\u00bb.vc_custom_1749728191195{margin-bottom: 0px !important;border-color: #FFFFFF !important;}\u00a0\u00bb link=\u00a0\u00bburl:%23&Prime; el_class=\u00a0\u00bbbutton-red-bg popmake-1552&Prime;][\/vc_column][\/vc_row]<\/p>\n<\/div>","protected":false},"excerpt":{"rendered":"<p>[vc_row][vc_column][vc_raw_html css=\u00a0\u00bb.vc_custom_1749556886972{margin-bottom: 0px !important;}\u00a0\u00bb el_class=\u00a0\u00bbbreadcrumbs\u00a0\u00bb]JTNDYSUyMGhyZWYlM0QlMjIlMkYlMjIlM0VIb21lJTNDJTJGYSUzRSUyMCU3QyUyMFByb2R1aXRzJTIwJTdDJTIwJTNDc3BhbiUzRVNPTEFSJTIwRnJhdWQlMjBQcmV2ZW50aW9uJTNDJTJGc3BhbiUzRQ==[\/vc_raw_html][\/vc_column][\/vc_row][vc_row css=\u00a0\u00bb.vc_custom_1747922304231{border-color: #FF0000 !important;}\u00a0\u00bb][vc_column][vc_empty_space height=\u00a0\u00bb40px\u00a0\u00bb][vc_custom_heading text=\u00a0\u00bbSOLAR Fraud Prevention \u2014 Protection compl\u00e8te de vos transactions\u00a0\u00bb font_container=\u00a0\u00bbtag:h1|font_size:64px|text_align:left|color:%23424D59|line_height:84px\u00a0\u00bb use_theme_fonts=\u00a0\u00bbyes\u00a0\u00bb css=\u00a0\u00bb.vc_custom_1749557022754{margin-bottom: 0px !important;margin-left: -5px !important;}\u00a0\u00bb el_class=\u00a0\u00bbheading-big\u00a0\u00bb][vc_empty_space height=\u00a0\u00bb25px\u00a0\u00bb][vc_custom_heading text=\u00a0\u00bbSOLAR Fraud Prevention est con\u00e7u pour les banques, les \u00e9metteurs, les acqu\u00e9reurs et les soci\u00e9t\u00e9s de traitement. Ce produit vous permet de contr\u00f4ler vos paiements et de pr\u00e9venir &#8230; <a title=\"SOLAR Fraud Prevention\" class=\"read-more\" href=\"https:\/\/solanteq.com\/fr\/solar-fraud-prevention\/\" aria-label=\"En savoir plus sur SOLAR Fraud Prevention\">Read more<\/a><\/p>\n","protected":false},"author":3,"featured_media":0,"parent":0,"menu_order":0,"comment_status":"closed","ping_status":"closed","template":"","meta":{"footnotes":""},"class_list":["post-1000","page","type-page","status-publish"],"_links":{"self":[{"href":"https:\/\/solanteq.com\/fr\/wp-json\/wp\/v2\/pages\/1000","targetHints":{"allow":["GET"]}}],"collection":[{"href":"https:\/\/solanteq.com\/fr\/wp-json\/wp\/v2\/pages"}],"about":[{"href":"https:\/\/solanteq.com\/fr\/wp-json\/wp\/v2\/types\/page"}],"author":[{"embeddable":true,"href":"https:\/\/solanteq.com\/fr\/wp-json\/wp\/v2\/users\/3"}],"replies":[{"embeddable":true,"href":"https:\/\/solanteq.com\/fr\/wp-json\/wp\/v2\/comments?post=1000"}],"version-history":[{"count":9,"href":"https:\/\/solanteq.com\/fr\/wp-json\/wp\/v2\/pages\/1000\/revisions"}],"predecessor-version":[{"id":1630,"href":"https:\/\/solanteq.com\/fr\/wp-json\/wp\/v2\/pages\/1000\/revisions\/1630"}],"wp:attachment":[{"href":"https:\/\/solanteq.com\/fr\/wp-json\/wp\/v2\/media?parent=1000"}],"curies":[{"name":"wp","href":"https:\/\/api.w.org\/{rel}","templated":true}]}}