{"id":1002,"date":"2025-06-05T10:57:24","date_gmt":"2025-06-05T10:57:24","guid":{"rendered":"https:\/\/solanteq.web-design.ee\/solar-token-management\/"},"modified":"2025-06-12T11:38:20","modified_gmt":"2025-06-12T11:38:20","slug":"solar-token-management","status":"publish","type":"page","link":"https:\/\/solanteq.com\/fr\/solar-token-management\/","title":{"rendered":"SOLAR Token Management"},"content":{"rendered":"<div class=\"wpb-content-wrapper\"><p>[vc_row][vc_column][vc_raw_html css=\u00a0\u00bb.vc_custom_1749538131015{margin-bottom: 0px !important;}\u00a0\u00bb el_class=\u00a0\u00bbbreadcrumbs\u00a0\u00bb]JTNDYSUyMGhyZWYlM0QlMjIlMkYlMjIlM0VIb21lJTNDJTJGYSUzRSUyMCU3QyUyMFByb2R1aXRzJTIwJTdDJTIwJTNDc3BhbiUzRVNPTEFSJTIwVG9rZW4lMjBNYW5hZ2VtZW50JTNDJTJGc3BhbiUzRQ==[\/vc_raw_html][\/vc_column][\/vc_row][vc_row css=\u00a0\u00bb.vc_custom_1747922304231{border-color: #FF0000 !important;}\u00a0\u00bb][vc_column][vc_empty_space height=\u00a0\u00bb40px\u00a0\u00bb][vc_custom_heading text=\u00a0\u00bb<b>SOLAR<\/b> Token Management \u2014 Pour prot\u00e9ger les donn\u00e9es des cartes de paiement\u00a0\u00bb font_container=\u00a0\u00bbtag:h1|font_size:64px|text_align:left|color:%23424D59|line_height:84px\u00a0\u00bb use_theme_fonts=\u00a0\u00bbyes\u00a0\u00bb css=\u00a0\u00bb.vc_custom_1749538151628{margin-bottom: 0px !important;margin-left: -5px !important;}\u00a0\u00bb el_class=\u00a0\u00bbheading-big\u00a0\u00bb][vc_empty_space height=\u00a0\u00bb25px\u00a0\u00bb][vc_custom_heading text=\u00a0\u00bbSOLAR Token Management est une solution logicielle de tokenisation des donn\u00e9es pour les transactions de paiement num\u00e9riques et sans contact.\u00a0\u00bb font_container=\u00a0\u00bbtag:p|font_size:20px|text_align:left|color:%23424D59|line_height:28px\u00a0\u00bb use_theme_fonts=\u00a0\u00bbyes\u00a0\u00bb css=\u00a0\u00bb.vc_custom_1749538162456{margin-bottom: 0px !important;}\u00a0\u00bb el_class=\u00a0\u00bbweight-light\u00a0\u00bb][vc_empty_space height=\u00a0\u00bb50px\u00a0\u00bb][\/vc_column][\/vc_row][vc_row full_width=\u00a0\u00bbstretch_row\u00a0\u00bb css=\u00a0\u00bb.vc_custom_1748962391931{padding-top: 100px !important;padding-bottom: 100px !important;background-color: #424D59 !important;background-position: center !important;background-repeat: no-repeat !important;background-size: cover !important;}\u00a0\u00bb el_class=\u00a0\u00bbdisable-row-overflow page-under-video-block\u00a0\u00bb][vc_column][vc_empty_space height=\u00a0\u00bb20px\u00a0\u00bb][vc_custom_heading text=\u00a0\u00bbS\u00c9CURIT\u00c9 DES DONN\u00c9ES\u00a0\u00bb font_container=\u00a0\u00bbtag:h2|font_size:36px|text_align:left|color:%23FFFFFF|line_height:44px\u00a0\u00bb use_theme_fonts=\u00a0\u00bbyes\u00a0\u00bb css=\u00a0\u00bb\u00a0\u00bb el_class=\u00a0\u00bbheading-big page-bits-title\u00a0\u00bb][vc_empty_space height=\u00a0\u00bb20px\u00a0\u00bb][vc_column_text css=\u00a0\u00bb\u00a0\u00bb]<span style=\"color: #ffffff;\">La tokenisation est une technologie moderne, pratique et efficace tant pour les vendeurs que pour les titulaires de cartes, qui permet un traitement s\u00e9curis\u00e9 et rapide des paiements dans les magasins hors ligne et en ligne. L\u2019avantage est que les donn\u00e9es r\u00e9elles de la carte bancaire sont remplac\u00e9es par une valeur num\u00e9rique unique \u2014 le Token (num\u00e9ro DPAN) \u2014 et que les donn\u00e9es confidentielles de la carte ne sont transf\u00e9r\u00e9es nulle part et ne sont pas stock\u00e9es chez le vendeur, l\u2019acqu\u00e9reur ou dans les applications de paiement. Seul le DPAN est utilis\u00e9 pour les transactions.<\/span>[\/vc_column_text][vc_empty_space height=\u00a0\u00bb40px\u00a0\u00bb][vc_custom_heading text=\u00a0\u00bbCON\u00c7U POUR PERMETTRE LE TRAITEMENT DES PAIEMENTS PAR TOKEN:\u00a0\u00bb font_container=\u00a0\u00bbtag:h2|font_size:36px|text_align:left|color:%23FFFFFF|line_height:44px\u00a0\u00bb use_theme_fonts=\u00a0\u00bbyes\u00a0\u00bb css=\u00a0\u00bb\u00a0\u00bb el_class=\u00a0\u00bbheading-big page-bits-title\u00a0\u00bb][vc_empty_space height=\u00a0\u00bb20px\u00a0\u00bb][vc_row_inner css=\u00a0\u00bb.vc_custom_1748967280488{border-top-width: 1px !important;border-right-width: 1px !important;border-bottom-width: 1px !important;border-left-width: 1px !important;padding-top: 40px !important;padding-right: 30px !important;padding-bottom: 40px !important;padding-left: 30px !important;background-color: #515D6A !important;border-radius: 20px !important;border-color: #515D6A !important;}\u00a0\u00bb][vc_column_inner][vc_raw_html css=\u00a0\u00bb\u00a0\u00bb el_class=\u00a0\u00bbbits-of-functionality much-text bulletlist\u00a0\u00bb]UHIlQzMlQTlwYXJlJTIwZGVzJTIwZG9ubiVDMyVBOWVzJTIwbiVDMyVBOWNlc3NhaXJlcyUyMHBvdXIlMjBsZXMlMjBzZXJ2aWNlcyUyMGRlJTIwdG9rZW5pc2F0aW9uJTIwQVBJJTIwZGVzJTIwc3lzdCVDMyVBOG1lcyUyMGRlJTIwcGFpZW1lbnQlMjBpbnRlcm5hdGlvbmF1eCUyMGV0JTIwZGVzJTIwcG9ydGVmZXVpbGxlcyUyMCVDMyVBOWxlY3Ryb25pcXVlcyUyMHBvcHVsYWlyZXMlMkMlMjBub3RhbW1lbnQlMjBBcHBsZSUyMFBheSUyQyUyMEdvb2dsZSUyMFBheSUyQyUyMFNhbXN1bmclMjBQYXklMkMlMjBHYXJtaW4lMjBQYXklMjBldCUyMGF1dHJlcy4=[\/vc_raw_html][vc_raw_html css=\u00a0\u00bb\u00a0\u00bb el_class=\u00a0\u00bbbits-of-functionality much-text bulletlist\u00a0\u00bb]UHJvdCVDMyVBOGdlJTIwbGVzJTIwZG9ubiVDMyVBOWVzJTIwZGVzJTIwY2xpZW50cyUyMGNvbmZvcm0lQzMlQTltZW50JTIwJUMzJUEwJTIwbGElMjBub3JtZSUyMFBDSSUyMERTUyUyQyUyMGNhciUyMGwlMjdvcCVDMyVBOXJhdGlvbiUyMGVzdCUyMGxhbmMlQzMlQTllJTIwc2FucyUyMHNhaXNpZSUyMGRlcyUyMGRvbm4lQzMlQTllcyUyMGRlJTIwbGElMjBjYXJ0ZS4=[\/vc_raw_html][vc_raw_html css=\u00a0\u00bb\u00a0\u00bb el_class=\u00a0\u00bbbits-of-functionality much-text bulletlist\u00a0\u00bb]T2ZmcmUlMjB1biUyMHN0b2NrYWdlJTIwcyVDMyVBOWN1cmlzJUMzJUE5JTIwZGVzJTIwZG9ubiVDMyVBOWVzJTIwZGVzJTIwY2FydGVzJTJDJTIwbW9kaWZpZSUyMGxlcyUyMGRvbm4lQzMlQTllcyUyMGRlcyUyMGNhcnRlcyUyMHByJUMzJUE5YyVDMyVBOWRlbW1lbnQlMjBlbnJlZ2lzdHIlQzMlQTllcyUyMGV0JTIwYXR0cmlidWUlMjBkZXMlMjBpZGVudGlmaWFudHMlMjBudW0lQzMlQTlyaXF1ZXMlMjB1bmlxdWVzLg==[\/vc_raw_html][\/vc_column_inner][\/vc_row_inner][vc_empty_space height=\u00a0\u00bb40px\u00a0\u00bb][vc_row_inner equal_height=\u00a0\u00bbyes\u00a0\u00bb content_placement=\u00a0\u00bbmiddle\u00a0\u00bb css=\u00a0\u00bb.vc_custom_1748968639058{border-top-width: 1px !important;border-right-width: 1px !important;border-bottom-width: 1px !important;border-left-width: 1px !important;padding-top: 40px !important;padding-bottom: 40px !important;background-color: #E8432D !important;border-left-style: solid !important;border-right-style: solid !important;border-top-style: solid !important;border-bottom-style: solid !important;border-radius: 20px !important;border-color: #E8432D !important;}\u00a0\u00bb][vc_column_inner el_class=\u00a0\u00bbbenefit-icon-col\u00a0\u00bb width=\u00a0\u00bb1\/6&Prime;][vc_empty_space height=\u00a0\u00bb30px\u00a0\u00bb el_class=\u00a0\u00bbmobile-off\u00a0\u00bb][vc_icon icon_fontawesome=\u00a0\u00bbfa fa-regular fa-lightbulb\u00a0\u00bb color=\u00a0\u00bbwhite\u00a0\u00bb size=\u00a0\u00bbxl\u00a0\u00bb align=\u00a0\u00bbcenter\u00a0\u00bb css=\u00a0\u00bb\u00a0\u00bb][\/vc_column_inner][vc_column_inner el_class=\u00a0\u00bbbenefit-content-col\u00a0\u00bb width=\u00a0\u00bb5\/6&Prime; css=\u00a0\u00bb.vc_custom_1748968779705{padding-right: 50px !important;padding-left: 50px !important;}\u00a0\u00bb][vc_column_text css=\u00a0\u00bb\u00a0\u00bb]<span style=\"color: #ffffff;\">La soci\u00e9t\u00e9 Solanteq, le d\u00e9veloppeur de la plateforme SOLAR, est sp\u00e9cialis\u00e9e dans la cr\u00e9ation de composants innovants pour la mise en place de solutions de paiement et d&rsquo;applications num\u00e9riques. Les produits logiciels de SOLAR sont facilement \u00e9volutifs, s&rsquo;int\u00e8grent nativement dans les environnements cloud, offrent une r\u00e9sistance maximale aux pannes et peuvent \u00eatre fournis sous forme de conteneurs, adapt\u00e9s de mani\u00e8re flexible aux demandes des clients. La plateforme SOLAR est universelle pour le d\u00e9veloppement des activit\u00e9s de d\u00e9tail des banques et des soci\u00e9t\u00e9s de traitement.<\/span>[\/vc_column_text][\/vc_column_inner][\/vc_row_inner][vc_empty_space height=\u00a0\u00bb40px\u00a0\u00bb][vc_custom_heading text=\u00a0\u00bbMISE EN SERVICE ET INT\u00c9GRATION FACILES AVEC TOUS LES SYST\u00c8MES\u00a0\u00bb font_container=\u00a0\u00bbtag:h2|font_size:36px|text_align:left|color:%23FFFFFF|line_height:44px\u00a0\u00bb use_theme_fonts=\u00a0\u00bbyes\u00a0\u00bb css=\u00a0\u00bb\u00a0\u00bb el_class=\u00a0\u00bbheading-big page-bits-title\u00a0\u00bb][vc_empty_space height=\u00a0\u00bb20px\u00a0\u00bb][vc_row_inner css=\u00a0\u00bb.vc_custom_1748967280488{border-top-width: 1px !important;border-right-width: 1px !important;border-bottom-width: 1px !important;border-left-width: 1px !important;padding-top: 40px !important;padding-right: 30px !important;padding-bottom: 40px !important;padding-left: 30px !important;background-color: #515D6A !important;border-radius: 20px !important;border-color: #515D6A !important;}\u00a0\u00bb][vc_column_inner][vc_raw_html css=\u00a0\u00bb\u00a0\u00bb el_class=\u00a0\u00bbbits-of-functionality much-text bulletlist\u00a0\u00bb]SW5zdGFsbGF0aW9uJTJDJTIwbGFuY2VtZW50JTIwZXQlMjBpbnQlQzMlQTlncmF0aW9uJTIwZGFucyUyMHVuJTIwZCVDMyVBOWxhaSUyMGRlJTIwMiUyMCVDMyVBMCUyMDQlMjBtb2lzLg==[\/vc_raw_html][vc_raw_html css=\u00a0\u00bb\u00a0\u00bb el_class=\u00a0\u00bbbits-of-functionality much-text bulletlist\u00a0\u00bb]RmFpYmxlcyUyMGV4aWdlbmNlcyUyMG1hdCVDMyVBOXJpZWxsZXMlMjBldCUyMGNvJUMzJUJCdHMlMjBtaW5pbWVzJTIwZHUlMjBsb2dpY2llbCUyMHN5c3QlQzMlQThtZS4=[\/vc_raw_html][vc_raw_html css=\u00a0\u00bb\u00a0\u00bb el_class=\u00a0\u00bbbits-of-functionality much-text bulletlist\u00a0\u00bb]RGVzJTIwcHJvY2Vzc3VzJTIwcHIlQzMlQUF0cyUyMCVDMyVBMCUyMGwlMjdlbXBsb2klMjBldCUyMGRlcyUyMCVDMyVBOWNyYW5zJTIwcGVyc29ubmFsaXNhYmxlcy4=[\/vc_raw_html][vc_raw_html css=\u00a0\u00bb\u00a0\u00bb el_class=\u00a0\u00bbbits-of-functionality much-text bulletlist\u00a0\u00bb]T3JpZW50YXRpb24lMjBzdXIlMjB1bmUlMjBpbnQlQzMlQTlncmF0aW9uJTIwZmFjaWxlJTIwYXZlYyUyMHZvcyUyMHByb2R1aXRzLg==[\/vc_raw_html][\/vc_column_inner][\/vc_row_inner][vc_empty_space height=\u00a0\u00bb40px\u00a0\u00bb][vc_custom_heading text=\u00a0\u00bbPOUR LES SERVICES PAYANTS\u00a0\u00bb font_container=\u00a0\u00bbtag:h2|font_size:36px|text_align:left|color:%23FFFFFF|line_height:44px\u00a0\u00bb use_theme_fonts=\u00a0\u00bbyes\u00a0\u00bb css=\u00a0\u00bb\u00a0\u00bb el_class=\u00a0\u00bbheading-big page-bits-title\u00a0\u00bb][vc_empty_space height=\u00a0\u00bb20px\u00a0\u00bb][vc_column_text css=\u00a0\u00bb\u00a0\u00bb]<span style=\"color: #ffffff;\">Quand l\u2019acheteur effectue des paiements \u00e0 partir d\u2019un appareil mobile, il enregistre la carte dans son application de portefeuille \u00e9lectronique, ce qui d\u00e9clenche l\u2019\u00e9mission de Tokens. SOLAR Token Management pr\u00e9pare les donn\u00e9es n\u00e9cessaires \u00e0 la demande de Tokens conform\u00e9ment aux sp\u00e9cifications du d\u00e9veloppeur du portefeuille \u00e9lectronique et du syst\u00e8me de paiement international auquel la carte appartient. Pour chaque transaction, l\u2019application utilise un Token et un cryptogramme fonctionnant comme un code \u00e0 usage unique. Le syst\u00e8me de paiement v\u00e9rifie le cryptogramme et associe le Token au num\u00e9ro de la carte. Comme le Token peut \u00eatre g\u00e9r\u00e9, supprim\u00e9 ou renouvel\u00e9 s\u00e9par\u00e9ment de la carte bancaire, son utilisation \u00e0 la place du num\u00e9ro de carte permet de suivre la transaction sans risque de compromettre des donn\u00e9es r\u00e9elles. M\u00eame si un fraudeur r\u00e9ussit \u00e0 obtenir le Token, il est impossible de cr\u00e9er un cryptogramme sans le dispositif mobile sp\u00e9cifique.<\/span>[\/vc_column_text][vc_empty_space height=\u00a0\u00bb40px\u00a0\u00bb][vc_custom_heading text=\u00a0\u00bbPOUR LES TRANSFERTS R\u00c9GULIERS\u00a0\u00bb font_container=\u00a0\u00bbtag:h2|font_size:36px|text_align:left|color:%23FFFFFF|line_height:44px\u00a0\u00bb use_theme_fonts=\u00a0\u00bbyes\u00a0\u00bb css=\u00a0\u00bb\u00a0\u00bb el_class=\u00a0\u00bbheading-big page-bits-title\u00a0\u00bb][vc_empty_space height=\u00a0\u00bb20px\u00a0\u00bb][vc_column_text css=\u00a0\u00bb\u00a0\u00bb]<span style=\"color: #ffffff;\">SOLAR Token Management offre la possibilit\u00e9 de stocker les donn\u00e9es confidentielles des cartes et de g\u00e9n\u00e9rer des identifiants s\u00e9curis\u00e9s pour les transferts r\u00e9currents dans l\u2019application bancaire. Les op\u00e9rations sur les cartes sauvegard\u00e9es sont effectu\u00e9es de mani\u00e8re transparente par SOLAR Payment Hub ou par un syst\u00e8me tiers ; dans ce cas, SOLAR Token Management assure le transfert du num\u00e9ro de carte par un identifiant sp\u00e9cifique. Ainsi, dans les requ\u00eates de l\u2019application bancaire, le num\u00e9ro de carte n\u2019est pas transmis et reste en stockage s\u00e9curis\u00e9.<\/span>[\/vc_column_text][vc_empty_space height=\u00a0\u00bb40px\u00a0\u00bb][vc_custom_heading text=\u00a0\u00bbPOUR L\u2019E-COMMERCE\u00a0\u00bb font_container=\u00a0\u00bbtag:h2|font_size:36px|text_align:left|color:%23FFFFFF|line_height:44px\u00a0\u00bb use_theme_fonts=\u00a0\u00bbyes\u00a0\u00bb css=\u00a0\u00bb\u00a0\u00bb el_class=\u00a0\u00bbheading-big page-bits-title\u00a0\u00bb][vc_empty_space height=\u00a0\u00bb20px\u00a0\u00bb][vc_column_text css=\u00a0\u00bb\u00a0\u00bb]<span style=\"color: #ffffff;\">SOLAR Token Management prend \u00e9galement en charge les paiements par cartes sauvegard\u00e9es initi\u00e9es par les boutiques en ligne. L\u2019utilisateur saisit les donn\u00e9es de sa carte une seule fois sur la page de la boutique en ligne ou de la banque acqu\u00e9reuse, confirme son autorisation \u00e0 l\u2019enregistrement des donn\u00e9es de la carte et, lors des op\u00e9rations suivantes, l\u2019identifiant unique de la carte sauvegard\u00e9e sera automatiquement utilis\u00e9. Le magasin lui-m\u00eame peut effectuer des paiements r\u00e9guliers pour des abonnements ou des frais mensuels de services publics, par exemple.<\/span><\/p>\n<p><span style=\"color: #ffffff;\">Il est \u00e9galement pratique pour l\u2019utilisateur de pouvoir enregistrer la carte directement sur la page de paiement de l\u2019acqu\u00e9reur pour de futurs achats. Dans les deux cas, les donn\u00e9es de la carte seront prot\u00e9g\u00e9es en toute s\u00e9curit\u00e9 dans un stockage externe, et les escrocs potentiels ne pourront pas les intercepter puisque seul l\u2019identifiant sera impliqu\u00e9 dans la transaction de paiement.<\/span>[\/vc_column_text][vc_empty_space height=\u00a0\u00bb20px\u00a0\u00bb][\/vc_column][\/vc_row][vc_row full_width=\u00a0\u00bbstretch_row\u00a0\u00bb equal_height=\u00a0\u00bbyes\u00a0\u00bb content_placement=\u00a0\u00bbmiddle\u00a0\u00bb css=\u00a0\u00bb.vc_custom_1748969789929{margin-bottom: -40px !important;padding-top: 30px !important;padding-bottom: 30px !important;background-color: #E8432D !important;}\u00a0\u00bb][vc_column width=\u00a0\u00bb1\/6&Prime; css=\u00a0\u00bb.vc_custom_1748443670093{border-color: #FFFFFF !important;}\u00a0\u00bb el_class=\u00a0\u00bbbenefit-icon-col\u00a0\u00bb][vc_empty_space height=\u00a0\u00bb30px\u00a0\u00bb el_class=\u00a0\u00bbmobile-off\u00a0\u00bb][vc_icon icon_fontawesome=\u00a0\u00bbfa fa-regular fa-envelope-open\u00a0\u00bb color=\u00a0\u00bbwhite\u00a0\u00bb size=\u00a0\u00bbxl\u00a0\u00bb align=\u00a0\u00bbcenter\u00a0\u00bb css=\u00a0\u00bb\u00a0\u00bb][\/vc_column][vc_column width=\u00a0\u00bb5\/6&Prime; el_class=\u00a0\u00bbbenefit-content-col\u00a0\u00bb][vc_custom_heading text=\u00a0\u00bbSOLAR Token Management apporte des avantages \u00e0 tous les participants au processus de paiement en rendant les transactions conviviales et s\u00fbres.\u00a0\u00bb font_container=\u00a0\u00bbtag:h3|font_size:32px|text_align:left|color:%23FFFFFF|line_height:34px\u00a0\u00bb use_theme_fonts=\u00a0\u00bbyes\u00a0\u00bb css=\u00a0\u00bb.vc_custom_1749538479079{margin-bottom: 10px !important;}\u00a0\u00bb el_class=\u00a0\u00bbweight-regular\u00a0\u00bb][vc_custom_heading text=\u00a0\u00bbContactez-nous, nous serons heureux d&rsquo;organiser une d\u00e9monstration et de r\u00e9pondre en d\u00e9tail \u00e0 toutes vos questions.\u00a0\u00bb font_container=\u00a0\u00bbtag:p|font_size:20px|text_align:left|color:%23FFFFFF|line_height:28px\u00a0\u00bb use_theme_fonts=\u00a0\u00bbyes\u00a0\u00bb css=\u00a0\u00bb.vc_custom_1749538488822{margin-bottom: 10px !important;}\u00a0\u00bb][vc_empty_space height=\u00a0\u00bb30px\u00a0\u00bb][vc_btn title=\u00a0\u00bbContact\u00a0\u00bb style=\u00a0\u00bbcustom\u00a0\u00bb custom_background=\u00a0\u00bb#E8432D\u00a0\u00bb custom_text=\u00a0\u00bb#FFFFFF\u00a0\u00bb shape=\u00a0\u00bbround\u00a0\u00bb size=\u00a0\u00bblg\u00a0\u00bb align=\u00a0\u00bbleft\u00a0\u00bb css=\u00a0\u00bb.vc_custom_1749728298719{margin-bottom: 0px !important;border-color: #FFFFFF !important;}\u00a0\u00bb link=\u00a0\u00bburl:%23&Prime; el_class=\u00a0\u00bbbutton-red-bg popmake-1552&Prime;][\/vc_column][\/vc_row]<\/p>\n<\/div>","protected":false},"excerpt":{"rendered":"<p>[vc_row][vc_column][vc_raw_html css=\u00a0\u00bb.vc_custom_1749538131015{margin-bottom: 0px !important;}\u00a0\u00bb el_class=\u00a0\u00bbbreadcrumbs\u00a0\u00bb]JTNDYSUyMGhyZWYlM0QlMjIlMkYlMjIlM0VIb21lJTNDJTJGYSUzRSUyMCU3QyUyMFByb2R1aXRzJTIwJTdDJTIwJTNDc3BhbiUzRVNPTEFSJTIwVG9rZW4lMjBNYW5hZ2VtZW50JTNDJTJGc3BhbiUzRQ==[\/vc_raw_html][\/vc_column][\/vc_row][vc_row css=\u00a0\u00bb.vc_custom_1747922304231{border-color: #FF0000 !important;}\u00a0\u00bb][vc_column][vc_empty_space height=\u00a0\u00bb40px\u00a0\u00bb][vc_custom_heading text=\u00a0\u00bbSOLAR Token Management \u2014 Pour prot\u00e9ger les donn\u00e9es des cartes de paiement\u00a0\u00bb font_container=\u00a0\u00bbtag:h1|font_size:64px|text_align:left|color:%23424D59|line_height:84px\u00a0\u00bb use_theme_fonts=\u00a0\u00bbyes\u00a0\u00bb css=\u00a0\u00bb.vc_custom_1749538151628{margin-bottom: 0px !important;margin-left: -5px !important;}\u00a0\u00bb el_class=\u00a0\u00bbheading-big\u00a0\u00bb][vc_empty_space height=\u00a0\u00bb25px\u00a0\u00bb][vc_custom_heading text=\u00a0\u00bbSOLAR Token Management est une solution logicielle de tokenisation des donn\u00e9es pour les transactions de paiement num\u00e9riques et sans contact.\u00a0\u00bb font_container=\u00a0\u00bbtag:p|font_size:20px|text_align:left|color:%23424D59|line_height:28px\u00a0\u00bb use_theme_fonts=\u00a0\u00bbyes\u00a0\u00bb css=\u00a0\u00bb.vc_custom_1749538162456{margin-bottom: 0px !important;}\u00a0\u00bb &#8230; <a title=\"SOLAR Token Management\" class=\"read-more\" href=\"https:\/\/solanteq.com\/fr\/solar-token-management\/\" aria-label=\"En savoir plus sur SOLAR Token Management\">Read more<\/a><\/p>\n","protected":false},"author":3,"featured_media":0,"parent":0,"menu_order":0,"comment_status":"closed","ping_status":"closed","template":"","meta":{"footnotes":""},"class_list":["post-1002","page","type-page","status-publish"],"_links":{"self":[{"href":"https:\/\/solanteq.com\/fr\/wp-json\/wp\/v2\/pages\/1002","targetHints":{"allow":["GET"]}}],"collection":[{"href":"https:\/\/solanteq.com\/fr\/wp-json\/wp\/v2\/pages"}],"about":[{"href":"https:\/\/solanteq.com\/fr\/wp-json\/wp\/v2\/types\/page"}],"author":[{"embeddable":true,"href":"https:\/\/solanteq.com\/fr\/wp-json\/wp\/v2\/users\/3"}],"replies":[{"embeddable":true,"href":"https:\/\/solanteq.com\/fr\/wp-json\/wp\/v2\/comments?post=1002"}],"version-history":[{"count":3,"href":"https:\/\/solanteq.com\/fr\/wp-json\/wp\/v2\/pages\/1002\/revisions"}],"predecessor-version":[{"id":1641,"href":"https:\/\/solanteq.com\/fr\/wp-json\/wp\/v2\/pages\/1002\/revisions\/1641"}],"wp:attachment":[{"href":"https:\/\/solanteq.com\/fr\/wp-json\/wp\/v2\/media?parent=1002"}],"curies":[{"name":"wp","href":"https:\/\/api.w.org\/{rel}","templated":true}]}}