{"id":1004,"date":"2025-06-04T14:53:46","date_gmt":"2025-06-04T14:53:46","guid":{"rendered":"https:\/\/solanteq.web-design.ee\/solar-digital-card\/"},"modified":"2025-06-12T11:36:11","modified_gmt":"2025-06-12T11:36:11","slug":"solar-digital-card","status":"publish","type":"page","link":"https:\/\/solanteq.com\/fr\/solar-digital-card\/","title":{"rendered":"SOLAR Digital Card"},"content":{"rendered":"<div class=\"wpb-content-wrapper\"><p>[vc_row][vc_column][vc_raw_html css=\u00a0\u00bb.vc_custom_1749475907896{margin-bottom: 0px !important;}\u00a0\u00bb el_class=\u00a0\u00bbbreadcrumbs\u00a0\u00bb]JTNDYSUyMGhyZWYlM0QlMjIlMkYlMjIlM0VIb21lJTNDJTJGYSUzRSUyMCU3QyUyMFByb2R1aXRzJTIwJTdDJTIwJTNDc3BhbiUzRVNPTEFSJTIwRGlnaXRhbCUyMENhcmQlM0MlMkZzcGFuJTNF[\/vc_raw_html][\/vc_column][\/vc_row][vc_row css=\u00a0\u00bb.vc_custom_1747922304231{border-color: #FF0000 !important;}\u00a0\u00bb][vc_column][vc_empty_space height=\u00a0\u00bb40px\u00a0\u00bb][vc_custom_heading text=\u00a0\u00bb<b>SOLAR<\/b> Digital Card \u2014 Nouvelles options de paiement sans contact pour vos clientsCustomers\u00a0\u00bb font_container=\u00a0\u00bbtag:h1|font_size:64px|text_align:left|color:%23424D59|line_height:84px\u00a0\u00bb use_theme_fonts=\u00a0\u00bbyes\u00a0\u00bb css=\u00a0\u00bb.vc_custom_1749475922216{margin-bottom: 0px !important;margin-left: -5px !important;}\u00a0\u00bb el_class=\u00a0\u00bbheading-big\u00a0\u00bb][vc_empty_space height=\u00a0\u00bb25px\u00a0\u00bb][vc_custom_heading text=\u00a0\u00bbSOLAR Digital Card est un complexe universel pour l\u2019\u00e9mission instantan\u00e9e des versions num\u00e9riques compl\u00e8tes des cartes bancaires, rempla\u00e7ant ou compl\u00e9tant les cartes plastiques classiques par leur \u00e9quivalent virtuel. La solution vous permet de cr\u00e9er des applications \u00e9l\u00e9gantes et personnalis\u00e9es pour le service client\u00e8le \u00e0 distance.\u00a0\u00bb font_container=\u00a0\u00bbtag:p|font_size:20px|text_align:left|color:%23424D59|line_height:28px\u00a0\u00bb use_theme_fonts=\u00a0\u00bbyes\u00a0\u00bb css=\u00a0\u00bb.vc_custom_1749475931722{margin-bottom: 0px !important;}\u00a0\u00bb el_class=\u00a0\u00bbweight-light\u00a0\u00bb][vc_empty_space height=\u00a0\u00bb50px\u00a0\u00bb][\/vc_column][\/vc_row][vc_row full_width=\u00a0\u00bbstretch_row\u00a0\u00bb css=\u00a0\u00bb.vc_custom_1748962391931{padding-top: 100px !important;padding-bottom: 100px !important;background-color: #424D59 !important;background-position: center !important;background-repeat: no-repeat !important;background-size: cover !important;}\u00a0\u00bb el_class=\u00a0\u00bbdisable-row-overflow page-under-video-block\u00a0\u00bb][vc_column][vc_video link=\u00a0\u00bbhttps:\/\/youtu.be\/kfaxSKJSWTs?feature=shared\u00a0\u00bb align=\u00a0\u00bbcenter\u00a0\u00bb css=\u00a0\u00bb.vc_custom_1749048912895{background-color: #FFFFFF !important;}\u00a0\u00bb el_class=\u00a0\u00bbvideo-widget\u00a0\u00bb][vc_empty_space height=\u00a0\u00bb40px\u00a0\u00bb][vc_custom_heading text=\u00a0\u00bbTOUTES LES RESSOURCES DE VOS PRODUITS SOUS FORME NUM\u00c9RIQUE\u00a0\u00bb font_container=\u00a0\u00bbtag:h2|font_size:36px|text_align:left|color:%23FFFFFF|line_height:44px\u00a0\u00bb use_theme_fonts=\u00a0\u00bbyes\u00a0\u00bb css=\u00a0\u00bb\u00a0\u00bb el_class=\u00a0\u00bbheading-big page-bits-title\u00a0\u00bb][vc_empty_space height=\u00a0\u00bb20px\u00a0\u00bb][vc_column_text css=\u00a0\u00bb\u00a0\u00bb]<span style=\"color: #ffffff;\">Solar Digital Card vous offre un moyen pratique de paiement par smartphone et d\u2019achat en ligne en utilisant les versions num\u00e9riques des cartes de cr\u00e9dit ou de d\u00e9bit stock\u00e9es dans l\u2019application mobile.<\/span>[\/vc_column_text][vc_empty_space height=\u00a0\u00bb20px\u00a0\u00bb][vc_row_inner css=\u00a0\u00bb.vc_custom_1748967280488{border-top-width: 1px !important;border-right-width: 1px !important;border-bottom-width: 1px !important;border-left-width: 1px !important;padding-top: 40px !important;padding-right: 30px !important;padding-bottom: 40px !important;padding-left: 30px !important;background-color: #515D6A !important;border-radius: 20px !important;border-color: #515D6A !important;}\u00a0\u00bb][vc_column_inner][vc_raw_html css=\u00a0\u00bb\u00a0\u00bb el_class=\u00a0\u00bbbits-of-functionality much-text bulletlist\u00a0\u00bb]JUMzJTg5bWlzc2lvbiUyMGluc3RhbnRhbiVDMyVBOWUlMjBkZSUyMGNhcnRlcyUyMG51bSVDMyVBOXJpcXVlcyUyMGV0JTIwcGVyc29ubmFsaXNhdGlvbiUyMGVuJTIwZm9uY3Rpb24lMjBkZXMlMjBiZXNvaW5zJTIwZHUlMjBjbGllbnQu[\/vc_raw_html][vc_raw_html css=\u00a0\u00bb\u00a0\u00bb el_class=\u00a0\u00bbbits-of-functionality much-text bulletlist\u00a0\u00bb]SW50JUMzJUE5Z3JhdGlvbiUyMG5hdGl2ZSUyMGF2ZWMlMjBTT0xBUiUyMFJldGFpbCUyMEJhbmtpbmclMjBldCUyMHByaXNlJTIwZW4lMjBjaGFyZ2UlMjBkZXMlMjBhdXRyZXMlMjBzb2x1dGlvbnMlMjBkZSUyMGJhY2stb2ZmaWNlJTIwZXhpc3RhbnRlcy4=[\/vc_raw_html][vc_raw_html css=\u00a0\u00bb\u00a0\u00bb el_class=\u00a0\u00bbbits-of-functionality much-text bulletlist\u00a0\u00bb]UGFpZW1lbnRzJTJDJTIwdHJhbnNmZXJ0cyUyQyUyMHJlY2hhcmdlbWVudCUyMGR1JTIwc29sZGUlMkMlMjByZXRyYWl0JTIwZCUyN2VzcCVDMyVBOGNlcyUyQyUyMGZhY3R1cmF0aW9uJTIwZXQlMjBwYWllbWVudHMlMjBkZSUyMGZhY3R1cmVzLg==[\/vc_raw_html][vc_raw_html css=\u00a0\u00bb\u00a0\u00bb el_class=\u00a0\u00bbbits-of-functionality much-text bulletlist\u00a0\u00bb]RGVtYW5kZSUyMGRlJTIwZCVDMyVBOWxpdnJhbmNlJTIwZGUlMjBjYXJ0ZSUyMHZpYSUyMHVuZSUyMGFwcGxpY2F0aW9uJTIwbW9iaWxlJTIwYXZlYyUyMGxhJTIwcG9zc2liaWxpdCVDMyVBOSUyMGRlJTIwam9pbmRyZSUyMGRlcyUyMGRvY3VtZW50cyUyMGQlMjdpZGVudGlmaWNhdGlvbiUyMGV0JTIwZGUlMjBzdWl2cmUlMjBsJTI3JUMzJUE5dGF0JTIwZCUyN2F2YW5jZW1lbnQlMjBkZSUyMGxhJTIwZGVtYW5kZS4=[\/vc_raw_html][vc_raw_html css=\u00a0\u00bb\u00a0\u00bb el_class=\u00a0\u00bbbits-of-functionality much-text bulletlist\u00a0\u00bb]TGllbiUyMGVudHJlJTIwbGElMjBjYXJ0ZSUyMG51bSVDMyVBOXJpcXVlJTIwZXQlMjBsZXMlMjBhdXRyZXMlMjBjYXJ0ZXMlMkMlMjByZWNoYXJnZSUyMGF1dG9tYXRpcXVlLg==[\/vc_raw_html][vc_raw_html css=\u00a0\u00bb\u00a0\u00bb el_class=\u00a0\u00bbbits-of-functionality much-text bulletlist\u00a0\u00bb]RCVDMyVBOWZpbmlyJTJGbW9kaWZpZXIlMjBsZSUyMGNvZGUlMjBQSU4u[\/vc_raw_html][vc_raw_html css=\u00a0\u00bb\u00a0\u00bb el_class=\u00a0\u00bbbits-of-functionality much-text bulletlist\u00a0\u00bb]TmF2aWdhdGlvbiUyMGZhY2lsZSUyMGRhbnMlMjBsYSUyMGJhbnF1ZSUyMG1vYmlsZSUyMFNPTEFSJTIwTW9iaWxlLg==[\/vc_raw_html][vc_raw_html css=\u00a0\u00bb\u00a0\u00bb el_class=\u00a0\u00bbbits-of-functionality much-text bulletlist\u00a0\u00bb]TW9kdWxlcyUyMFNPTEFSJTIwTVBJJTIwZXQlMjBTT0xBUyUyMEFDUyUyMGVuJTIwdGFudCUyMHF1ZSUyMHBhcnRpZSUyMGR1JTIwcGFxdWV0JTIwRGlnaXRhbCUyMENhcmQlMjBwb3VyJTIwcHJlbmRyZSUyMGVuJTIwY2hhcmdlJTIwbGUlMjBwcm90b2NvbGUlMjBkJTI3YXV0aGVudGlmaWNhdGlvbiUyMDMtRCUyMFNlY3VyZS4=[\/vc_raw_html][vc_raw_html css=\u00a0\u00bb\u00a0\u00bb el_class=\u00a0\u00bbbits-of-functionality much-text bulletlist\u00a0\u00bb]Tm90aWZpY2F0aW9ucyUyMGluZm9ybWF0aXZlcy4=[\/vc_raw_html][vc_raw_html css=\u00a0\u00bb\u00a0\u00bb el_class=\u00a0\u00bbbits-of-functionality much-text bulletlist\u00a0\u00bb]SGlzdG9yaXF1ZSUyMGRlcyUyMHRyYW5zYWN0aW9ucyUyMGF2ZWMlMjBsYSUyMHBvc3NpYmlsaXQlQzMlQTklMjBkJTI3YWZmaWNoZXIlMjBkZXMlMjBpbmZvcm1hdGlvbnMlMjBkJUMzJUE5dGFpbGwlQzMlQTllcy4=[\/vc_raw_html][vc_raw_html css=\u00a0\u00bb\u00a0\u00bb el_class=\u00a0\u00bbbits-of-functionality much-text bulletlist\u00a0\u00bb]UHJvZ3JhbW1lcyUyMGRlJTIwZmlkJUMzJUE5bGl0JUMzJUE5JTIwaW5kaXZpZHVlbHMu[\/vc_raw_html][vc_raw_html css=\u00a0\u00bb\u00a0\u00bb el_class=\u00a0\u00bbbits-of-functionality much-text bulletlist\u00a0\u00bb]Q29udmVyc2F0aW9ucyUyMGludGVyYWN0aXZlcyUyMGVudHJlJTIwbGVzJTIwY2xpZW50cyUyMGV0JTIwbGVzJTIwZW1wbG95JUMzJUE5cyUyMGRlJTIwbGElMjBiYW5xdWUu[\/vc_raw_html][vc_raw_html css=\u00a0\u00bb\u00a0\u00bb el_class=\u00a0\u00bbbits-of-functionality much-text bulletlist\u00a0\u00bb]Rm9uY3Rpb25zJTIwUEZNJTIwJTNBJTIwdmlzdWFsaXNhdGlvbiUyMGdyYXBoaXF1ZSUyMGRlcyUyMGQlQzMlQTlwZW5zZXMlMjBldCUyMGRlcyUyMG1vdXZlbWVudHMlMjBkZXMlMjBmb25kcyUyMGRlcyUyMGNsaWVudHMu[\/vc_raw_html][\/vc_column_inner][\/vc_row_inner][vc_empty_space height=\u00a0\u00bb40px\u00a0\u00bb][vc_custom_heading text=\u00a0\u00bbMISE EN SERVICE ET INT\u00c9GRATION FACILES AVEC TOUT SYST\u00c8ME\u00a0\u00bb font_container=\u00a0\u00bbtag:h2|font_size:36px|text_align:left|color:%23FFFFFF|line_height:44px\u00a0\u00bb use_theme_fonts=\u00a0\u00bbyes\u00a0\u00bb css=\u00a0\u00bb\u00a0\u00bb el_class=\u00a0\u00bbheading-big page-bits-title\u00a0\u00bb][vc_empty_space height=\u00a0\u00bb20px\u00a0\u00bb][vc_row_inner css=\u00a0\u00bb.vc_custom_1748967280488{border-top-width: 1px !important;border-right-width: 1px !important;border-bottom-width: 1px !important;border-left-width: 1px !important;padding-top: 40px !important;padding-right: 30px !important;padding-bottom: 40px !important;padding-left: 30px !important;background-color: #515D6A !important;border-radius: 20px !important;border-color: #515D6A !important;}\u00a0\u00bb][vc_column_inner][vc_raw_html css=\u00a0\u00bb\u00a0\u00bb el_class=\u00a0\u00bbbits-of-functionality much-text bulletlist\u00a0\u00bb]SW50JUMzJUE5Z3JhdGlvbiUyMGZhY2lsZSUyMGF2ZWMlMjB0b3V0JTIwc3lzdCVDMyVBOG1lJTIwZGUlMjB0cmFpdGVtZW50JTIwdmlhJTIwZGVzJTIwcHJvdG9jb2xlcyUyMGludGVybmF0aW9uYXV4JTIwc3RhbmRhcmRzLg==[\/vc_raw_html][vc_raw_html css=\u00a0\u00bb\u00a0\u00bb el_class=\u00a0\u00bbbits-of-functionality much-text bulletlist\u00a0\u00bb]SW5zdGFsbGF0aW9uJTJDJTIwbGFuY2VtZW50JTIwZXQlMjBpbnQlQzMlQTlncmF0aW9uJTIwZGFucyUyMHVuJTIwZCVDMyVBOWxhaSUyMGRlJTIwMiUyMCVDMyVBMCUyMDQlMjBtb2lzLg==[\/vc_raw_html][vc_raw_html css=\u00a0\u00bb\u00a0\u00bb el_class=\u00a0\u00bbbits-of-functionality much-text bulletlist\u00a0\u00bb]RmFpYmxlcyUyMGV4aWdlbmNlcyUyMG1hdCVDMyVBOXJpZWxsZXMlMjBldCUyMGNvJUMzJUJCdHMlMjBtaW5pbWVzJTIwZHUlMjBsb2dpY2llbCUyMHN5c3QlQzMlQThtZS4=[\/vc_raw_html][vc_raw_html css=\u00a0\u00bb\u00a0\u00bb el_class=\u00a0\u00bbbits-of-functionality much-text bulletlist\u00a0\u00bb]RXhwJUMzJUE5cmllbmNlJTIwZGFucyUyMGxhJTIwY3IlQzMlQTlhdGlvbiUyMGQlMjdpbnRlcmZhY2VzJTIwYXZlYyUyMGRlcyUyMGRpemFpbmVzJTIwZGUlMjBzeXN0JUMzJUE4bWVzJTIwZCUyN2luZm9ybWF0aW9uJTIwY29ubnVzLg==[\/vc_raw_html][vc_raw_html css=\u00a0\u00bb\u00a0\u00bb el_class=\u00a0\u00bbbits-of-functionality much-text bulletlist\u00a0\u00bb]SW50JUMzJUE5Z3JhdGlvbiUyMHByb2ZvbmRlJTIwYXZlYyUyMHRvdXMlMjB2b3MlMjBwcm9kdWl0cy4=[\/vc_raw_html][vc_raw_html css=\u00a0\u00bb\u00a0\u00bb el_class=\u00a0\u00bbbits-of-functionality much-text bulletlist\u00a0\u00bb]RGVzJTIwcHJvY2Vzc3VzJTIwcHIlQzMlQUF0cyUyMCVDMyVBMCUyMGwlMjdlbXBsb2klMjBldCUyMGRlcyUyMCVDMyVBOWNyYW5zJTIwcGVyc29ubmFsaXNhYmxlcy4=[\/vc_raw_html][\/vc_column_inner][\/vc_row_inner][vc_empty_space height=\u00a0\u00bb40px\u00a0\u00bb][vc_single_image image=\u00a0\u00bb1313&Prime; img_size=\u00a0\u00bbfull\u00a0\u00bb alignment=\u00a0\u00bbcenter\u00a0\u00bb css=\u00a0\u00bb.vc_custom_1749476232131{padding-top: 20px !important;padding-right: 20px !important;padding-bottom: 20px !important;padding-left: 20px !important;background-color: #FFFFFF !important;}\u00a0\u00bb el_class=\u00a0\u00bbborder-radius20&Prime;][vc_empty_space height=\u00a0\u00bb40px\u00a0\u00bb][vc_row_inner equal_height=\u00a0\u00bbyes\u00a0\u00bb content_placement=\u00a0\u00bbmiddle\u00a0\u00bb css=\u00a0\u00bb.vc_custom_1748968639058{border-top-width: 1px !important;border-right-width: 1px !important;border-bottom-width: 1px !important;border-left-width: 1px !important;padding-top: 40px !important;padding-bottom: 40px !important;background-color: #E8432D !important;border-left-style: solid !important;border-right-style: solid !important;border-top-style: solid !important;border-bottom-style: solid !important;border-radius: 20px !important;border-color: #E8432D !important;}\u00a0\u00bb][vc_column_inner el_class=\u00a0\u00bbbenefit-icon-col\u00a0\u00bb width=\u00a0\u00bb1\/6&Prime;][vc_empty_space height=\u00a0\u00bb30px\u00a0\u00bb el_class=\u00a0\u00bbmobile-off\u00a0\u00bb][vc_icon icon_fontawesome=\u00a0\u00bbfa fa-regular fa-lightbulb\u00a0\u00bb color=\u00a0\u00bbwhite\u00a0\u00bb size=\u00a0\u00bbxl\u00a0\u00bb align=\u00a0\u00bbcenter\u00a0\u00bb css=\u00a0\u00bb\u00a0\u00bb][\/vc_column_inner][vc_column_inner el_class=\u00a0\u00bbbenefit-content-col\u00a0\u00bb width=\u00a0\u00bb5\/6&Prime; css=\u00a0\u00bb.vc_custom_1748968779705{padding-right: 50px !important;padding-left: 50px !important;}\u00a0\u00bb][vc_column_text css=\u00a0\u00bb\u00a0\u00bb]<span style=\"color: #ffffff;\">La soci\u00e9t\u00e9 Solanteq, le d\u00e9veloppeur de la plateforme SOLAR, est sp\u00e9cialis\u00e9e dans la cr\u00e9ation de composants innovants pour la mise en place de solutions de paiement et d&rsquo;applications num\u00e9riques. Les produits logiciels de SOLAR sont facilement \u00e9volutifs, s&rsquo;int\u00e8grent nativement dans les environnements cloud, offrent une r\u00e9sistance maximale aux pannes et peuvent \u00eatre fournis sous forme de conteneurs, adapt\u00e9s de mani\u00e8re flexible aux demandes des clients. La plateforme SOLAR est universelle pour le d\u00e9veloppement des activit\u00e9s de d\u00e9tail des banques et des soci\u00e9t\u00e9s de traitement.<\/span>[\/vc_column_text][\/vc_column_inner][\/vc_row_inner][vc_empty_space height=\u00a0\u00bb40px\u00a0\u00bb][vc_custom_heading text=\u00a0\u00bbUN OUTIL DANS VOTRE STRAT\u00c9GIE DE NUM\u00c9RISATION\u00a0\u00bb font_container=\u00a0\u00bbtag:h2|font_size:36px|text_align:left|color:%23FFFFFF|line_height:44px\u00a0\u00bb use_theme_fonts=\u00a0\u00bbyes\u00a0\u00bb css=\u00a0\u00bb\u00a0\u00bb el_class=\u00a0\u00bbheading-big page-bits-title\u00a0\u00bb][vc_empty_space height=\u00a0\u00bb20px\u00a0\u00bb][vc_column_text css=\u00a0\u00bb\u00a0\u00bb]<span style=\"color: #ffffff;\">La solution SOLAR Digital Card bas\u00e9e sur SOLAR Retail Banking, une solution de back-office intelligente et facilement personnalisable ou facilement int\u00e9gr\u00e9e \u00e0 une solution de back-office existante du client, est con\u00e7ue pour accro\u00eetre la fid\u00e9lit\u00e9 des clients existants et pour en attirer de nouveaux.<\/span><\/p>\n<p><span style=\"color: #ffffff;\">Les utilisateurs b\u00e9n\u00e9ficient d\u2019avantages consid\u00e9rables:<\/span>[\/vc_column_text][vc_empty_space height=\u00a0\u00bb20px\u00a0\u00bb][vc_row_inner css=\u00a0\u00bb.vc_custom_1748967280488{border-top-width: 1px !important;border-right-width: 1px !important;border-bottom-width: 1px !important;border-left-width: 1px !important;padding-top: 40px !important;padding-right: 30px !important;padding-bottom: 40px !important;padding-left: 30px !important;background-color: #515D6A !important;border-radius: 20px !important;border-color: #515D6A !important;}\u00a0\u00bb][vc_column_inner][vc_raw_html css=\u00a0\u00bb\u00a0\u00bb el_class=\u00a0\u00bbbits-of-functionality much-text bulletlist\u00a0\u00bb]RCVDMyVBOWxpdnJhbmNlJTIwaW5zdGFudGFuJUMzJUE5ZSUyMGRlJTIwbGElMjBjYXJ0ZSUyMGV0JTIwZGVtYW5kZSUyMGVuJTIwbGlnbmUu[\/vc_raw_html][vc_raw_html css=\u00a0\u00bb\u00a0\u00bb el_class=\u00a0\u00bbbits-of-functionality much-text bulletlist\u00a0\u00bb]Q29udHIlQzMlQjRsZSUyMHNpbXBsZSUyMGV0JTIwY29udml2aWFsJTIwZGFucyUyMGwlMjdhcHBsaWNhdGlvbiUyMFNPTEFSJTIwTW9iaWxlJTIwZGVwdWlzJTIwdW4lMjBzbWFydHBob25lJTIwb3UlMjBsZSUyMHdlYi4=[\/vc_raw_html][vc_raw_html css=\u00a0\u00bb\u00a0\u00bb el_class=\u00a0\u00bbbits-of-functionality much-text bulletlist\u00a0\u00bb]QWxlcnRlcyUyMGluZm9ybWF0aXZlcyUyMGV0JTIwbGV1ciUyMHBlcnNvbm5hbGlzYXRpb24lMjBmbGV4aWJsZS4=[\/vc_raw_html][vc_raw_html css=\u00a0\u00bb\u00a0\u00bb el_class=\u00a0\u00bbbits-of-functionality much-text bulletlist\u00a0\u00bb]UHJpc2UlMjBlbiUyMGNoYXJnZSUyMGRlJTIwbCUyN2Vuc2VtYmxlJTIwZGVzJTIwZm9uY3Rpb25uYWxpdCVDMyVBOXMlMjBpZGVudGlxdWVzJTIwJUMzJUEwJTIwY2VsbGVzJTIwZGVzJTIwY2FydGVzJTIwcGh5c2lxdWVzJTIwJTI4cGFpZW1lbnRzJTIwZW4lMjBsaWduZSUyMG91JTIwcGFpZW1lbnRzJTIwc2FucyUyMGNvbnRhY3QlMjBhdmVjJTIwdW4lMjBzbWFydHBob25lJTJDJTIwcmV0cmFpdHMlMjBkJTI3ZXNwJUMzJUE4Y2VzJTIwZXQlMjB0cmFuc2ZlcnRzJTIwZCUyN2FyZ2VudCUyOS4=[\/vc_raw_html][vc_raw_html css=\u00a0\u00bb\u00a0\u00bb el_class=\u00a0\u00bbbits-of-functionality much-text bulletlist\u00a0\u00bb]UHJvdGVjdGlvbiUyMGNvbnRyZSUyMGxhJTIwY29waWUlMjBkZXMlMjBkb25uJUMzJUE5ZXMlMjBkZSUyMGxhJTIwY2FydGUu[\/vc_raw_html][\/vc_column_inner][\/vc_row_inner][vc_empty_space height=\u00a0\u00bb40px\u00a0\u00bb][vc_column_text css=\u00a0\u00bb\u00a0\u00bb]<span style=\"color: #ffffff;\">La plateforme SOLAR Retail Banking permet de conclure tous types de contrats de service \u00e0 la client\u00e8le de d\u00e9tail. Le produit contient tous les m\u00e9canismes n\u00e9cessaires pour comptabiliser et traiter les transactions par carte num\u00e9rique.<\/span><\/p>\n<p><span style=\"color: #ffffff;\">Les transferts et paiements mobiles et en ligne sont des sc\u00e9narios interactifs. Ils n\u00e9cessitent souvent de combiner plusieurs \u00e9tapes trait\u00e9es par diff\u00e9rents syst\u00e8mes en une seule transaction commerciale. SOLAR Payment Hub peut \u00eatre utilis\u00e9 comme un orchestrateur unique et pratique pour tous les types de paiements num\u00e9riques.<\/span>[\/vc_column_text][vc_empty_space height=\u00a0\u00bb40px\u00a0\u00bb][vc_custom_heading text=\u00a0\u00bbS\u00c9CURIT\u00c9\u00a0\u00bb font_container=\u00a0\u00bbtag:h2|font_size:36px|text_align:left|color:%23FFFFFF|line_height:44px\u00a0\u00bb use_theme_fonts=\u00a0\u00bbyes\u00a0\u00bb css=\u00a0\u00bb\u00a0\u00bb el_class=\u00a0\u00bbheading-big page-bits-title\u00a0\u00bb][vc_empty_space height=\u00a0\u00bb20px\u00a0\u00bb][vc_column_text css=\u00a0\u00bb\u00a0\u00bb]<span style=\"color: #ffffff;\">SOLAR Digital Card offre une protection de haute qualit\u00e9 contre les activit\u00e9s frauduleuses et assure l\u2019\u00e9limination des risques de perte de carte et de copie de donn\u00e9es gr\u00e2ce au module int\u00e9gr\u00e9 SOLAR Fraud Prevention.<\/span><\/p>\n<p><span style=\"color: #ffffff;\">SOLAR Fraud Prevention effectue des analyses de transactions sur la base de r\u00e8gles personnalisables et d\u2019analyses du comportement des clients.<\/span>[\/vc_column_text][vc_empty_space height=\u00a0\u00bb40px\u00a0\u00bb][vc_custom_heading text=\u00a0\u00bb\u00c9TABLISSEMENT DES RAPPORTS\u00a0\u00bb font_container=\u00a0\u00bbtag:h2|font_size:36px|text_align:left|color:%23FFFFFF|line_height:44px\u00a0\u00bb use_theme_fonts=\u00a0\u00bbyes\u00a0\u00bb css=\u00a0\u00bb\u00a0\u00bb el_class=\u00a0\u00bbheading-big page-bits-title\u00a0\u00bb][vc_empty_space height=\u00a0\u00bb20px\u00a0\u00bb][vc_column_text css=\u00a0\u00bb\u00a0\u00bb]<span style=\"color: #ffffff;\">Le sous-syst\u00e8me SOLAR Reporting g\u00e9n\u00e8re rapidement des rapports informatifs et conviviaux qui permettent de suivre l\u2019activit\u00e9 des clients, de mettre en \u0153uvre des programmes de fid\u00e9lisation et de mettre en place des strat\u00e9gies anti-fraude.<\/span><\/p>\n<p><span style=\"color: #ffffff;\">SOLAR Reporting permet, entre autres, la pr\u00e9paration de rapports consolid\u00e9s bas\u00e9s sur des donn\u00e9es provenant de plusieurs syst\u00e8mes d\u2019information, ce qui supprime toute restriction quant au nombre et au type de sources de donn\u00e9es pour vos rapports.<\/span>[\/vc_column_text][vc_empty_space height=\u00a0\u00bb40px\u00a0\u00bb][vc_custom_heading text=\u00a0\u00bbPROT\u00c8GE VOTRE BUDGET\u00a0\u00bb font_container=\u00a0\u00bbtag:h2|font_size:36px|text_align:left|color:%23FFFFFF|line_height:44px\u00a0\u00bb use_theme_fonts=\u00a0\u00bbyes\u00a0\u00bb css=\u00a0\u00bb\u00a0\u00bb el_class=\u00a0\u00bbheading-big page-bits-title\u00a0\u00bb][vc_empty_space height=\u00a0\u00bb20px\u00a0\u00bb][vc_column_text css=\u00a0\u00bb\u00a0\u00bb]<span style=\"color: #ffffff;\">SOLAR Digital Card r\u00e9duira consid\u00e9rablement le co\u00fbt de l\u2019\u00e9mission et de la r\u00e9\u00e9mission de cartes physiques pour votre entreprise.<\/span><\/p>\n<p><span style=\"color: #ffffff;\">Tous les produits SOLAR sont extensibles horizontalement et ne n\u00e9cessitent donc pas de composants mat\u00e9riels ou logiciels co\u00fbteux.<\/span>[\/vc_column_text][\/vc_column][\/vc_row][vc_row full_width=\u00a0\u00bbstretch_row\u00a0\u00bb equal_height=\u00a0\u00bbyes\u00a0\u00bb content_placement=\u00a0\u00bbmiddle\u00a0\u00bb css=\u00a0\u00bb.vc_custom_1748969789929{margin-bottom: -40px !important;padding-top: 30px !important;padding-bottom: 30px !important;background-color: #E8432D !important;}\u00a0\u00bb][vc_column width=\u00a0\u00bb1\/6&Prime; css=\u00a0\u00bb.vc_custom_1748443670093{border-color: #FFFFFF !important;}\u00a0\u00bb el_class=\u00a0\u00bbbenefit-icon-col\u00a0\u00bb][vc_empty_space height=\u00a0\u00bb30px\u00a0\u00bb el_class=\u00a0\u00bbmobile-off\u00a0\u00bb][vc_icon icon_fontawesome=\u00a0\u00bbfa fa-regular fa-envelope-open\u00a0\u00bb color=\u00a0\u00bbwhite\u00a0\u00bb size=\u00a0\u00bbxl\u00a0\u00bb align=\u00a0\u00bbcenter\u00a0\u00bb css=\u00a0\u00bb\u00a0\u00bb][\/vc_column][vc_column width=\u00a0\u00bb5\/6&Prime; el_class=\u00a0\u00bbbenefit-content-col\u00a0\u00bb][vc_custom_heading text=\u00a0\u00bbNous sommes convaincus que SOLAR Digital Card jouera un r\u00f4le important dans la num\u00e9risation de votre entreprise et deviendra un assistant fiable dans le domaine des paiements \u00e9lectroniques.\u00a0\u00bb font_container=\u00a0\u00bbtag:h3|font_size:32px|text_align:left|color:%23FFFFFF|line_height:34px\u00a0\u00bb use_theme_fonts=\u00a0\u00bbyes\u00a0\u00bb css=\u00a0\u00bb.vc_custom_1749476553833{margin-bottom: 10px !important;}\u00a0\u00bb el_class=\u00a0\u00bbweight-regular\u00a0\u00bb][vc_custom_heading text=\u00a0\u00bbContactez-nous, nous serons heureux d&rsquo;organiser une d\u00e9monstration et de r\u00e9pondre en d\u00e9tail \u00e0 toutes vos questions.\u00a0\u00bb font_container=\u00a0\u00bbtag:p|font_size:20px|text_align:left|color:%23FFFFFF|line_height:28px\u00a0\u00bb use_theme_fonts=\u00a0\u00bbyes\u00a0\u00bb css=\u00a0\u00bb.vc_custom_1749476564883{margin-bottom: 10px !important;}\u00a0\u00bb][vc_empty_space height=\u00a0\u00bb30px\u00a0\u00bb][vc_btn title=\u00a0\u00bbContact\u00a0\u00bb style=\u00a0\u00bbcustom\u00a0\u00bb custom_background=\u00a0\u00bb#E8432D\u00a0\u00bb custom_text=\u00a0\u00bb#FFFFFF\u00a0\u00bb shape=\u00a0\u00bbround\u00a0\u00bb size=\u00a0\u00bblg\u00a0\u00bb align=\u00a0\u00bbleft\u00a0\u00bb css=\u00a0\u00bb.vc_custom_1749728170463{margin-bottom: 0px !important;border-color: #FFFFFF !important;}\u00a0\u00bb link=\u00a0\u00bburl:%23&Prime; el_class=\u00a0\u00bbbutton-red-bg popmake-1552&Prime;][\/vc_column][\/vc_row]<\/p>\n<\/div>","protected":false},"excerpt":{"rendered":"<p>[vc_row][vc_column][vc_raw_html css=\u00a0\u00bb.vc_custom_1749475907896{margin-bottom: 0px !important;}\u00a0\u00bb el_class=\u00a0\u00bbbreadcrumbs\u00a0\u00bb]JTNDYSUyMGhyZWYlM0QlMjIlMkYlMjIlM0VIb21lJTNDJTJGYSUzRSUyMCU3QyUyMFByb2R1aXRzJTIwJTdDJTIwJTNDc3BhbiUzRVNPTEFSJTIwRGlnaXRhbCUyMENhcmQlM0MlMkZzcGFuJTNF[\/vc_raw_html][\/vc_column][\/vc_row][vc_row css=\u00a0\u00bb.vc_custom_1747922304231{border-color: #FF0000 !important;}\u00a0\u00bb][vc_column][vc_empty_space height=\u00a0\u00bb40px\u00a0\u00bb][vc_custom_heading text=\u00a0\u00bbSOLAR Digital Card \u2014 Nouvelles options de paiement sans contact pour vos clientsCustomers\u00a0\u00bb font_container=\u00a0\u00bbtag:h1|font_size:64px|text_align:left|color:%23424D59|line_height:84px\u00a0\u00bb use_theme_fonts=\u00a0\u00bbyes\u00a0\u00bb css=\u00a0\u00bb.vc_custom_1749475922216{margin-bottom: 0px !important;margin-left: -5px !important;}\u00a0\u00bb el_class=\u00a0\u00bbheading-big\u00a0\u00bb][vc_empty_space height=\u00a0\u00bb25px\u00a0\u00bb][vc_custom_heading text=\u00a0\u00bbSOLAR Digital Card est un complexe universel pour l\u2019\u00e9mission instantan\u00e9e des versions num\u00e9riques compl\u00e8tes des cartes bancaires, rempla\u00e7ant ou compl\u00e9tant les cartes plastiques classiques &#8230; <a title=\"SOLAR Digital Card\" class=\"read-more\" href=\"https:\/\/solanteq.com\/fr\/solar-digital-card\/\" aria-label=\"En savoir plus sur SOLAR Digital Card\">Read more<\/a><\/p>\n","protected":false},"author":3,"featured_media":0,"parent":0,"menu_order":0,"comment_status":"closed","ping_status":"closed","template":"","meta":{"footnotes":""},"class_list":["post-1004","page","type-page","status-publish"],"_links":{"self":[{"href":"https:\/\/solanteq.com\/fr\/wp-json\/wp\/v2\/pages\/1004","targetHints":{"allow":["GET"]}}],"collection":[{"href":"https:\/\/solanteq.com\/fr\/wp-json\/wp\/v2\/pages"}],"about":[{"href":"https:\/\/solanteq.com\/fr\/wp-json\/wp\/v2\/types\/page"}],"author":[{"embeddable":true,"href":"https:\/\/solanteq.com\/fr\/wp-json\/wp\/v2\/users\/3"}],"replies":[{"embeddable":true,"href":"https:\/\/solanteq.com\/fr\/wp-json\/wp\/v2\/comments?post=1004"}],"version-history":[{"count":3,"href":"https:\/\/solanteq.com\/fr\/wp-json\/wp\/v2\/pages\/1004\/revisions"}],"predecessor-version":[{"id":1628,"href":"https:\/\/solanteq.com\/fr\/wp-json\/wp\/v2\/pages\/1004\/revisions\/1628"}],"wp:attachment":[{"href":"https:\/\/solanteq.com\/fr\/wp-json\/wp\/v2\/media?parent=1004"}],"curies":[{"name":"wp","href":"https:\/\/api.w.org\/{rel}","templated":true}]}}