{"id":1006,"date":"2025-06-04T13:35:07","date_gmt":"2025-06-04T13:35:07","guid":{"rendered":"https:\/\/solanteq.web-design.ee\/solar-loyalty\/"},"modified":"2025-06-12T11:36:54","modified_gmt":"2025-06-12T11:36:54","slug":"solar-loyalty","status":"publish","type":"page","link":"https:\/\/solanteq.com\/fr\/solar-loyalty\/","title":{"rendered":"SOLAR Loyalty"},"content":{"rendered":"<div class=\"wpb-content-wrapper\"><p>[vc_row][vc_column][vc_raw_html css=\u00a0\u00bb.vc_custom_1749471782502{margin-bottom: 0px !important;}\u00a0\u00bb el_class=\u00a0\u00bbbreadcrumbs\u00a0\u00bb]JTNDYSUyMGhyZWYlM0QlMjIlMkYlMjIlM0VIb21lJTNDJTJGYSUzRSUyMCU3QyUyMFByb2R1aXRzJTIwJTdDJTIwJTNDc3BhbiUzRVNPTEFSJTIwTG95YWx0eSUzQyUyRnNwYW4lM0U=[\/vc_raw_html][\/vc_column][\/vc_row][vc_row css=\u00a0\u00bb.vc_custom_1747922304231{border-color: #FF0000 !important;}\u00a0\u00bb][vc_column][vc_empty_space height=\u00a0\u00bb40px\u00a0\u00bb][vc_custom_heading text=\u00a0\u00bb<b>SOLAR<\/b> Loyalty \u2014 Une plateforme innovante pour cr\u00e9er les bons programmes de fid\u00e9lit\u00e9\u00a0\u00bb font_container=\u00a0\u00bbtag:h1|font_size:64px|text_align:left|color:%23424D59|line_height:84px\u00a0\u00bb use_theme_fonts=\u00a0\u00bbyes\u00a0\u00bb css=\u00a0\u00bb.vc_custom_1749471767253{margin-bottom: 0px !important;margin-left: -5px !important;}\u00a0\u00bb el_class=\u00a0\u00bbheading-big\u00a0\u00bb][vc_empty_space height=\u00a0\u00bb25px\u00a0\u00bb][vc_custom_heading text=\u00a0\u00bbLa plateforme SOLAR est l\u2019\u00e9laboration phare de notre soci\u00e9t\u00e9. Elle est con\u00e7ue pour automatiser intelligemment tous les aspects du secteur des paiements: de l\u2019\u00e9mission et du traitement des cartes \u00e0 la gestion des r\u00e9seaux de dispositifs de service \u00e0 grande \u00e9chelle. Nous sommes fiers de vous pr\u00e9senter SOLAR Loyalty, une solution rapide, efficace et fiable, con\u00e7ue sp\u00e9cialement pour accompagner les banques dans leur strat\u00e9gie de transformation num\u00e9rique. Gr\u00e2ce \u00e0 SOLAR Loyalty, vous pouvez facilement suivre les activit\u00e9s des clients et obtenir des informations pr\u00e9cieuses sur la mani\u00e8re et le moment d\u2019accro\u00eetre leur engagement.\u00a0\u00bb font_container=\u00a0\u00bbtag:p|font_size:20px|text_align:left|color:%23424D59|line_height:28px\u00a0\u00bb use_theme_fonts=\u00a0\u00bbyes\u00a0\u00bb css=\u00a0\u00bb.vc_custom_1749472811668{margin-bottom: 0px !important;}\u00a0\u00bb el_class=\u00a0\u00bbweight-light\u00a0\u00bb][vc_empty_space height=\u00a0\u00bb50px\u00a0\u00bb][\/vc_column][\/vc_row][vc_row full_width=\u00a0\u00bbstretch_row\u00a0\u00bb css=\u00a0\u00bb.vc_custom_1748962391931{padding-top: 100px !important;padding-bottom: 100px !important;background-color: #424D59 !important;background-position: center !important;background-repeat: no-repeat !important;background-size: cover !important;}\u00a0\u00bb el_class=\u00a0\u00bbdisable-row-overflow page-under-video-block\u00a0\u00bb][vc_column][vc_custom_heading text=\u00a0\u00bbTOUT CE DONT VOUS AVEZ BESOIN POUR VOS PROJETS ACTUELS ET FUTURS EST INCLUS.\u00a0\u00bb font_container=\u00a0\u00bbtag:h2|font_size:36px|text_align:left|color:%23FFFFFF|line_height:44px\u00a0\u00bb use_theme_fonts=\u00a0\u00bbyes\u00a0\u00bb css=\u00a0\u00bb\u00a0\u00bb el_class=\u00a0\u00bbheading-big page-bits-title\u00a0\u00bb][vc_empty_space height=\u00a0\u00bb20px\u00a0\u00bb][vc_row_inner css=\u00a0\u00bb.vc_custom_1748967280488{border-top-width: 1px !important;border-right-width: 1px !important;border-bottom-width: 1px !important;border-left-width: 1px !important;padding-top: 40px !important;padding-right: 30px !important;padding-bottom: 40px !important;padding-left: 30px !important;background-color: #515D6A !important;border-radius: 20px !important;border-color: #515D6A !important;}\u00a0\u00bb][vc_column_inner][vc_raw_html css=\u00a0\u00bb\u00a0\u00bb el_class=\u00a0\u00bbbits-of-functionality much-text bulletlist\u00a0\u00bb]UHJvZ3JhbW1lcyUyMGRlJTIwZmlkJUMzJUE5bGlzYXRpb24lMjBldCUyMG9mZnJlcyUyMHNwJUMzJUE5Y2lhbGVzJTJDJTIwYmFzJUMzJUE5cyUyMHN1ciUyMGxlcyUyMHByb2ZpbHMlMjBkZXMlMjBjbGllbnRzJTJDJTIweSUyMGNvbXByaXMlMjBsZXVycyUyMGFjdGl2aXQlQzMlQTlzJTIwYWN0dWVsbGVzJTIwZXQlMjBwYXNzJUMzJUE5ZXMu[\/vc_raw_html][vc_raw_html css=\u00a0\u00bb\u00a0\u00bb el_class=\u00a0\u00bbbits-of-functionality much-text bulletlist\u00a0\u00bb]QWNjdW11bGF0aW9uJTIwZGUlMjBwcmltZXMlMkMlMjBkZSUyMG1pbGVzJTJDJTIwZGUlMjBwb2ludHMlMkMlMjBkZSUyMHJlbWlzZXMlMjBpbnN0YW50YW4lQzMlQTllcyUyMGV0JTIwZGlmZiVDMyVBOXIlQzMlQTllcy4=[\/vc_raw_html][vc_raw_html css=\u00a0\u00bb\u00a0\u00bb el_class=\u00a0\u00bbbits-of-functionality much-text bulletlist\u00a0\u00bb]Q2F0JUMzJUE5Z29yaWVzJTIwZGUlMjBjbGllbnRzJTIwcHIlQzMlQTlmJUMzJUE5ciVDMyVBOXMlMjBldCUyMG9mZnJlcyUyMCVDMyVBMCUyMGR1ciVDMyVBOWUlMjBsaW1pdCVDMyVBOWUu[\/vc_raw_html][vc_raw_html css=\u00a0\u00bb\u00a0\u00bb el_class=\u00a0\u00bbbits-of-functionality much-text bulletlist\u00a0\u00bb]Q2FkZWF1eCUyMGV0JTIwY2VydGlmaWNhdHMu[\/vc_raw_html][vc_raw_html css=\u00a0\u00bb\u00a0\u00bb el_class=\u00a0\u00bbbits-of-functionality much-text bulletlist\u00a0\u00bb]UHJvZ3JhbW1lcyUyMGZhbWlsaWF1eCUyMGV0JTIwciVDMyVBOWNvbXBlbnNlcyUyMHBlcnNvbm5hbGlzJUMzJUE5ZXMu[\/vc_raw_html][vc_raw_html css=\u00a0\u00bb\u00a0\u00bb el_class=\u00a0\u00bbbits-of-functionality much-text bulletlist\u00a0\u00bb]UHJvZ3JhbW1lcyUyMGRlJTIwcGFydGVuYXJpYXQlMjBldCUyMGRlJTIwY28tbWFycXVhZ2Uu[\/vc_raw_html][vc_raw_html css=\u00a0\u00bb\u00a0\u00bb el_class=\u00a0\u00bbbits-of-functionality much-text bulletlist\u00a0\u00bb]R2VzdGlvbiUyMGRlcyUyMHRhcmlmcy4=[\/vc_raw_html][vc_raw_html css=\u00a0\u00bb\u00a0\u00bb el_class=\u00a0\u00bbbits-of-functionality much-text bulletlist\u00a0\u00bb]Q29udHIlQzMlQjRsZSUyMGRlcyUyMHJpc3F1ZXMlMjBldCUyMHByJUMzJUE5dmVudGlvbiUyMGRlJTIwbGElMjBmcmF1ZGUu[\/vc_raw_html][vc_raw_html css=\u00a0\u00bb\u00a0\u00bb el_class=\u00a0\u00bbbits-of-functionality much-text bulletlist\u00a0\u00bb]TG90ZXJpZXMlMjBldCUyMHRpcmFnZXMlMjBhdSUyMHNvcnQu[\/vc_raw_html][vc_raw_html css=\u00a0\u00bb\u00a0\u00bb el_class=\u00a0\u00bbbits-of-functionality much-text bulletlist\u00a0\u00bb]R2VzdGlvbiUyMGR1JTIwYnVkZ2V0JTIwZXQlMjBhbmFseXNlJTIwZGUlMjBsJTI3ZWZmaWNhY2l0JUMzJUE5JTJDJTIwbGElMjBmaW4lMjBhdXRvbWF0aXF1ZSUyMGRlcyUyMHByb2dyYW1tZXMlMjBldCUyMGRlcyUyMHByb21vdGlvbnMu[\/vc_raw_html][vc_raw_html css=\u00a0\u00bb\u00a0\u00bb el_class=\u00a0\u00bbbits-of-functionality much-text bulletlist\u00a0\u00bb]Q29tcHRhYmlsaXNhdGlvbiUyMGRlcyUyMG1hcmNoYW5kaXNlcyUyMGFjaGV0JUMzJUE5ZXMlMjBldCUyMHJlc3RyaWN0aW9ucyUyMHN1ciUyMGxlcyUyMG1hcmNoYW5kaXNlcy4=[\/vc_raw_html][vc_raw_html css=\u00a0\u00bb\u00a0\u00bb el_class=\u00a0\u00bbbits-of-functionality much-text bulletlist\u00a0\u00bb]RGl2ZXJzZXMlMjBvcHRpb25zJTIwZGUlMjBkJUMzJUE5cGVuc2UlMjBkZSUyMHBvaW50cyUyQyUyMGRvbnQlMjBlbiUyMHRlbXBzJTIwciVDMyVBOWVsJTIwYXUlMjBtb21lbnQlMjBkJTI3dW5lJTIwdHJhbnNhY3Rpb24u[\/vc_raw_html][vc_raw_html css=\u00a0\u00bb\u00a0\u00bb el_class=\u00a0\u00bbbits-of-functionality much-text bulletlist\u00a0\u00bb]Q29tcHRlJTIwcGVyc29ubmVsJTIwaW50JUMzJUE5Z3IlQzMlQTklMjBvdSUyMGwlMjdpbnQlQzMlQTlncmF0aW9uJTIwYXZlYyUyMGxlcyUyMHN5c3QlQzMlQThtZXMlMjBkJTI3YXNzaXN0YW5jZSUyMCVDMyVBMCUyMGRpc3RhbmNlLg==[\/vc_raw_html][vc_raw_html css=\u00a0\u00bb\u00a0\u00bb el_class=\u00a0\u00bbbits-of-functionality much-text bulletlist\u00a0\u00bb]TWVzc2FnZXMlMjBkJTI3aW5jaXRhdGlvbiUyMGV0JTIwbWFpbGluZyUyMGRlJTIwbWFzc2Uu[\/vc_raw_html][\/vc_column_inner][\/vc_row_inner][vc_empty_space height=\u00a0\u00bb40px\u00a0\u00bb][vc_custom_heading text=\u00a0\u00bbLANCEMENT ET INT\u00c9GRATION FACILES AVEC TOUT SYST\u00c8ME\u00a0\u00bb font_container=\u00a0\u00bbtag:h2|font_size:36px|text_align:left|color:%23FFFFFF|line_height:44px\u00a0\u00bb use_theme_fonts=\u00a0\u00bbyes\u00a0\u00bb css=\u00a0\u00bb\u00a0\u00bb el_class=\u00a0\u00bbheading-big page-bits-title\u00a0\u00bb][vc_empty_space height=\u00a0\u00bb20px\u00a0\u00bb][vc_row_inner css=\u00a0\u00bb.vc_custom_1748967280488{border-top-width: 1px !important;border-right-width: 1px !important;border-bottom-width: 1px !important;border-left-width: 1px !important;padding-top: 40px !important;padding-right: 30px !important;padding-bottom: 40px !important;padding-left: 30px !important;background-color: #515D6A !important;border-radius: 20px !important;border-color: #515D6A !important;}\u00a0\u00bb][vc_column_inner][vc_raw_html css=\u00a0\u00bb\u00a0\u00bb el_class=\u00a0\u00bbbits-of-functionality much-text bulletlist\u00a0\u00bb]SW5zdGFsbGF0aW9uJTJDJTIwbGFuY2VtZW50JTIwZXQlMjBpbnQlQzMlQTlncmF0aW9uJTIwZGFucyUyMHVuJTIwZCVDMyVBOWxhaSUyMGRlJTIwMiUyMCVDMyVBMCUyMDQlMjBtb2lzLg==[\/vc_raw_html][vc_raw_html css=\u00a0\u00bb\u00a0\u00bb el_class=\u00a0\u00bbbits-of-functionality much-text bulletlist\u00a0\u00bb]RmFpYmxlcyUyMGV4aWdlbmNlcyUyMG1hdCVDMyVBOXJpZWxsZXMlMjBldCUyMGNvJUMzJUJCdHMlMjBtaW5pbWVzJTIwZHUlMjBsb2dpY2llbCUyMHN5c3QlQzMlQThtZS4=[\/vc_raw_html][vc_raw_html css=\u00a0\u00bb\u00a0\u00bb el_class=\u00a0\u00bbbits-of-functionality much-text bulletlist\u00a0\u00bb]UG9zc2liaWxpdCVDMyVBOSUyMGQlMjd1bmUlMjBpbnN0YWxsYXRpb24lMjAlMjJkYW5zJTIwbGUlMjBudWFnZSUyMi4=[\/vc_raw_html][vc_raw_html css=\u00a0\u00bb\u00a0\u00bb el_class=\u00a0\u00bbbits-of-functionality much-text bulletlist\u00a0\u00bb]RXhwJUMzJUE5cmllbmNlJTIwZGFucyUyMGxhJTIwY3IlQzMlQTlhdGlvbiUyMGQlMjdpbnRlcmZhY2VzJTIwYXZlYyUyMGRlcyUyMGRpemFpbmVzJTIwZGUlMjBzeXN0JUMzJUE4bWVzJTIwZCUyN2luZm9ybWF0aW9uJTIwY29ubnVzLg==[\/vc_raw_html][vc_raw_html css=\u00a0\u00bb\u00a0\u00bb el_class=\u00a0\u00bbbits-of-functionality much-text bulletlist\u00a0\u00bb]UGFja3MlMjBkJTI3aW50JUMzJUE5Z3JhdGlvbiUyMHByJUMzJUFBdHMlMjAlQzMlQTAlMjBsJTI3ZW1wbG9pJTIwcXVpJTIwcGVybWV0dGVudCUyMGRlJTIwY29ubmVjdGVyJTIwZmFjaWxlbWVudCUyMHZvcyUyMHN5c3QlQzMlQThtZXMlMjBleGlzdGFudHMlMjB0ZWxzJTIwcXUlMjdpbHMlMjBzb250JTJDJTIwZGlyZWN0ZW1lbnQlMjAtJTIwc2FucyUyMGF2b2lyJTIwJUMzJUEwJTIwbGVzJTIwcmV0cmF2YWlsbGVyLg==[\/vc_raw_html][vc_raw_html css=\u00a0\u00bb\u00a0\u00bb el_class=\u00a0\u00bbbits-of-functionality much-text bulletlist\u00a0\u00bb]Q29uZmlndXJhdGlvbnMlMjBkZSUyMGJhc2UlMjBpbnQlQzMlQTlnciVDMyVBOWVzJTIwcHIlQzMlQUF0ZXMlMjAlQzMlQTAlMjBsJTI3ZW1wbG9pLg==[\/vc_raw_html][\/vc_column_inner][\/vc_row_inner][vc_empty_space height=\u00a0\u00bb40px\u00a0\u00bb][vc_single_image image=\u00a0\u00bb1302&Prime; img_size=\u00a0\u00bbfull\u00a0\u00bb alignment=\u00a0\u00bbcenter\u00a0\u00bb css=\u00a0\u00bb.vc_custom_1749473836608{padding-top: 20px !important;padding-right: 20px !important;padding-bottom: 20px !important;padding-left: 20px !important;background-color: #FFFFFF !important;}\u00a0\u00bb el_class=\u00a0\u00bbborder-radius20&Prime;][vc_empty_space height=\u00a0\u00bb40px\u00a0\u00bb][vc_row_inner equal_height=\u00a0\u00bbyes\u00a0\u00bb content_placement=\u00a0\u00bbmiddle\u00a0\u00bb css=\u00a0\u00bb.vc_custom_1748968639058{border-top-width: 1px !important;border-right-width: 1px !important;border-bottom-width: 1px !important;border-left-width: 1px !important;padding-top: 40px !important;padding-bottom: 40px !important;background-color: #E8432D !important;border-left-style: solid !important;border-right-style: solid !important;border-top-style: solid !important;border-bottom-style: solid !important;border-radius: 20px !important;border-color: #E8432D !important;}\u00a0\u00bb][vc_column_inner el_class=\u00a0\u00bbbenefit-icon-col\u00a0\u00bb width=\u00a0\u00bb1\/6&Prime;][vc_empty_space height=\u00a0\u00bb30px\u00a0\u00bb el_class=\u00a0\u00bbmobile-off\u00a0\u00bb][vc_icon icon_fontawesome=\u00a0\u00bbfa fa-regular fa-lightbulb\u00a0\u00bb color=\u00a0\u00bbwhite\u00a0\u00bb size=\u00a0\u00bbxl\u00a0\u00bb align=\u00a0\u00bbcenter\u00a0\u00bb css=\u00a0\u00bb\u00a0\u00bb][\/vc_column_inner][vc_column_inner el_class=\u00a0\u00bbbenefit-content-col\u00a0\u00bb width=\u00a0\u00bb5\/6&Prime; css=\u00a0\u00bb.vc_custom_1748968779705{padding-right: 50px !important;padding-left: 50px !important;}\u00a0\u00bb][vc_column_text css=\u00a0\u00bb\u00a0\u00bb]<span style=\"color: #ffffff;\">La soci\u00e9t\u00e9 Solanteq, le d\u00e9veloppeur de la plateforme SOLAR, est sp\u00e9cialis\u00e9e dans la cr\u00e9ation de composants innovants pour la mise en place de solutions de paiement et d&rsquo;applications num\u00e9riques. Les produits logiciels de SOLAR sont facilement \u00e9volutifs, s&rsquo;int\u00e8grent nativement dans les environnements cloud, offrent une r\u00e9sistance maximale aux pannes et peuvent \u00eatre fournis sous forme de conteneurs, adapt\u00e9s de mani\u00e8re flexible aux demandes des clients. La plateforme SOLAR est universelle pour le d\u00e9veloppement des activit\u00e9s de d\u00e9tail des banques et des soci\u00e9t\u00e9s de traitement.<\/span>[\/vc_column_text][\/vc_column_inner][\/vc_row_inner][vc_empty_space height=\u00a0\u00bb40px\u00a0\u00bb][vc_custom_heading text=\u00a0\u00bbCONFIGURATION FACILE DE VOS PROPRES PROGRAMMES\u00a0\u00bb font_container=\u00a0\u00bbtag:h2|font_size:36px|text_align:left|color:%23FFFFFF|line_height:44px\u00a0\u00bb use_theme_fonts=\u00a0\u00bbyes\u00a0\u00bb css=\u00a0\u00bb\u00a0\u00bb el_class=\u00a0\u00bbheading-big page-bits-title\u00a0\u00bb][vc_empty_space height=\u00a0\u00bb20px\u00a0\u00bb][vc_column_text css=\u00a0\u00bb\u00a0\u00bb]<span style=\"color: #ffffff;\">Aucune programmation n\u2019est n\u00e9cessaire pour configurer vos programmes et offres de fid\u00e9lit\u00e9. Les utilisateurs peuvent effectuer les ajustements n\u00e9cessaires gr\u00e2ce \u00e0 des interfaces faciles \u00e0 utiliser sur les postes de travail en ligne. Dans cet environnement convivial, les programmes et les offres peuvent \u00eatre mis en place et activ\u00e9s en quelques minutes! Les interfaces de SOLAR Loyalty sont adapt\u00e9es aux besoins de votre entreprise et font l\u2019objet d\u2019une documentation d\u00e9taill\u00e9e.<\/span>[\/vc_column_text][vc_empty_space height=\u00a0\u00bb40px\u00a0\u00bb][vc_custom_heading text=\u00a0\u00bbFIABILIT\u00c9 ET PERFORMANCE\u00a0\u00bb font_container=\u00a0\u00bbtag:h2|font_size:36px|text_align:left|color:%23FFFFFF|line_height:44px\u00a0\u00bb use_theme_fonts=\u00a0\u00bbyes\u00a0\u00bb css=\u00a0\u00bb\u00a0\u00bb el_class=\u00a0\u00bbheading-big page-bits-title\u00a0\u00bb][vc_empty_space height=\u00a0\u00bb20px\u00a0\u00bb][vc_column_text css=\u00a0\u00bb\u00a0\u00bb]<span style=\"color: #ffffff;\">La plateforme SOLAR Loyalty respecte le m\u00eame niveau de fiabilit\u00e9 que tous les autres produits de SOLAR. Lors de la mise en \u0153uvre de la plateforme, nous recommandons vivement le d\u00e9ploiement d\u2019une architecture de secours \u00e0 chaud, le composant de SOLAR avec \u00e9quilibrage de charge (Actif-Actif), car elle offre une tol\u00e9rance aux pannes et des performances optimales. Les solutions bas\u00e9es sur notre plateforme SOLAR fonctionnent dans des banques et des soci\u00e9t\u00e9s de traitement avec des charges \u00e9lev\u00e9es et offrent constamment d\u2019excellentes performances.<\/span>[\/vc_column_text][vc_empty_space height=\u00a0\u00bb40px\u00a0\u00bb][vc_custom_heading text=\u00a0\u00bbSUIVI DE LA FID\u00c9LIT\u00c9\u00a0\u00bb font_container=\u00a0\u00bbtag:h2|font_size:36px|text_align:left|color:%23FFFFFF|line_height:44px\u00a0\u00bb use_theme_fonts=\u00a0\u00bbyes\u00a0\u00bb css=\u00a0\u00bb\u00a0\u00bb el_class=\u00a0\u00bbheading-big page-bits-title\u00a0\u00bb][vc_empty_space height=\u00a0\u00bb20px\u00a0\u00bb][vc_column_text css=\u00a0\u00bb\u00a0\u00bb]<span style=\"color: #ffffff;\">M\u00eame l\u2019installation la plus basique de SOLAR Loyalty est \u00e9quip\u00e9e de s\u00e9ries de rapports pr\u00eats \u00e0 l\u2019emploi qui vous aident \u00e0 suivre vos programmes de fid\u00e9lit\u00e9 actifs et \u00e0 d\u00e9cider comment les d\u00e9velopper davantage. En outre, SOLAR Loyalty contient des outils permettant de cr\u00e9er vos propres rapports, que vous pouvez enregistrer et t\u00e9l\u00e9charger au format Excel, Word ou PDF.<\/span>[\/vc_column_text][vc_empty_space height=\u00a0\u00bb40px\u00a0\u00bb][vc_custom_heading text=\u00a0\u00bbEXIGENCES POUR LES SERVEURS ET LES PROGRAMMES\u00a0\u00bb font_container=\u00a0\u00bbtag:h2|font_size:36px|text_align:left|color:%23FFFFFF|line_height:44px\u00a0\u00bb use_theme_fonts=\u00a0\u00bbyes\u00a0\u00bb css=\u00a0\u00bb\u00a0\u00bb el_class=\u00a0\u00bbheading-big page-bits-title\u00a0\u00bb][vc_empty_space height=\u00a0\u00bb20px\u00a0\u00bb][vc_column_text css=\u00a0\u00bb\u00a0\u00bb]<span style=\"color: #ffffff;\">Aucune mise \u00e0 niveau importante du mat\u00e9riel et des logiciels n\u2019est n\u00e9cessaire pour installer SOLAR Loyalty. La plateforme SOLAR \u00e9tant \u00e9volutive horizontalement, vous pouvez d\u00e9marrer sur la plateforme de configuration la plus basique et l\u2019\u00e9tendre progressivement au fur et \u00e0 mesure de la croissance de votre entreprise en ajoutant des n\u0153uds. En outre, si la virtualisation est utilis\u00e9e, les ressources n\u00e9cessaires peuvent \u00eatre demand\u00e9es par le syst\u00e8me et attribu\u00e9es dynamiquement en fonction de la charge actuelle.<\/span>[\/vc_column_text][vc_empty_space height=\u00a0\u00bb40px\u00a0\u00bb][vc_custom_heading text=\u00a0\u00bbGESTION DES RISQUES\u00a0\u00bb font_container=\u00a0\u00bbtag:h2|font_size:36px|text_align:left|color:%23FFFFFF|line_height:44px\u00a0\u00bb use_theme_fonts=\u00a0\u00bbyes\u00a0\u00bb css=\u00a0\u00bb\u00a0\u00bb el_class=\u00a0\u00bbheading-big page-bits-title\u00a0\u00bb][vc_empty_space height=\u00a0\u00bb20px\u00a0\u00bb][vc_column_text css=\u00a0\u00bb\u00a0\u00bb]<span style=\"color: #ffffff;\">La mise en \u0153uvre d\u2019un programme de fid\u00e9lisation adapt\u00e9 \u00e0 votre entreprise augmentera sans aucun doute l\u2019engagement des clients, encouragera l\u2019utilisation des cartes et stimulera les d\u00e9penses. Mais cela peut aussi ouvrir la porte \u00e0 l\u2019abus, personne ne devrait pouvoir profiter de votre g\u00e9n\u00e9rosit\u00e9 par des moyens frauduleux pour recevoir des r\u00e9compenses non m\u00e9rit\u00e9es. La plateforme SOLAR fournit des m\u00e9canismes fiables de pr\u00e9vention de la fraude qui comprennent une vari\u00e9t\u00e9 de limites, de listes d\u2019arr\u00eat, de blocages temporaires et permanents, etc.<\/span>[\/vc_column_text][vc_empty_space height=\u00a0\u00bb40px\u00a0\u00bb][vc_custom_heading text=\u00a0\u00bbUN SOUTIEN FIABLE POUR VOTRE ENTREPRISE\u00a0\u00bb font_container=\u00a0\u00bbtag:h2|font_size:36px|text_align:left|color:%23FFFFFF|line_height:44px\u00a0\u00bb use_theme_fonts=\u00a0\u00bbyes\u00a0\u00bb css=\u00a0\u00bb\u00a0\u00bb el_class=\u00a0\u00bbheading-big page-bits-title\u00a0\u00bb][vc_empty_space height=\u00a0\u00bb20px\u00a0\u00bb][vc_column_text css=\u00a0\u00bb\u00a0\u00bb]<span style=\"color: #ffffff;\">La fiabilit\u00e9 de la plateforme SOLAR signifie que la plupart des situations peuvent \u00eatre r\u00e9solues en consultant la documentation d\u00e9taill\u00e9e du produit. Mais si vous avez besoin d\u2019aide, notre \u00e9quipe d\u2019assistance 24 heures sur 24 est pr\u00eate \u00e0 vous aider et \u00e0 vous conseiller sur n\u2019importe quel probl\u00e8me.<\/span>[\/vc_column_text][\/vc_column][\/vc_row][vc_row full_width=\u00a0\u00bbstretch_row\u00a0\u00bb equal_height=\u00a0\u00bbyes\u00a0\u00bb content_placement=\u00a0\u00bbmiddle\u00a0\u00bb css=\u00a0\u00bb.vc_custom_1748969789929{margin-bottom: -40px !important;padding-top: 30px !important;padding-bottom: 30px !important;background-color: #E8432D !important;}\u00a0\u00bb][vc_column width=\u00a0\u00bb1\/6&Prime; css=\u00a0\u00bb.vc_custom_1748443670093{border-color: #FFFFFF !important;}\u00a0\u00bb el_class=\u00a0\u00bbbenefit-icon-col\u00a0\u00bb][vc_empty_space height=\u00a0\u00bb30px\u00a0\u00bb el_class=\u00a0\u00bbmobile-off\u00a0\u00bb][vc_icon icon_fontawesome=\u00a0\u00bbfa fa-regular fa-envelope-open\u00a0\u00bb color=\u00a0\u00bbwhite\u00a0\u00bb size=\u00a0\u00bbxl\u00a0\u00bb align=\u00a0\u00bbcenter\u00a0\u00bb css=\u00a0\u00bb\u00a0\u00bb][\/vc_column][vc_column width=\u00a0\u00bb5\/6&Prime; el_class=\u00a0\u00bbbenefit-content-col\u00a0\u00bb][vc_custom_heading text=\u00a0\u00bbNous sommes convaincus que SOLAR Loyalty sera votre assistant fiable et digne de confiance dans la gestion des pr\u00e9f\u00e9rences des clients.\u00a0\u00bb font_container=\u00a0\u00bbtag:h3|font_size:32px|text_align:left|color:%23FFFFFF|line_height:34px\u00a0\u00bb use_theme_fonts=\u00a0\u00bbyes\u00a0\u00bb css=\u00a0\u00bb.vc_custom_1749474056093{margin-bottom: 10px !important;}\u00a0\u00bb el_class=\u00a0\u00bbweight-regular\u00a0\u00bb][vc_custom_heading text=\u00a0\u00bbContactez-nous, nous serons heureux d&rsquo;organiser une d\u00e9monstration et de r\u00e9pondre en d\u00e9tail \u00e0 toutes vos questions.\u00a0\u00bb font_container=\u00a0\u00bbtag:p|font_size:20px|text_align:left|color:%23FFFFFF|line_height:28px\u00a0\u00bb use_theme_fonts=\u00a0\u00bbyes\u00a0\u00bb css=\u00a0\u00bb.vc_custom_1749474066192{margin-bottom: 10px !important;}\u00a0\u00bb][vc_empty_space height=\u00a0\u00bb30px\u00a0\u00bb][vc_btn title=\u00a0\u00bbContact\u00a0\u00bb style=\u00a0\u00bbcustom\u00a0\u00bb custom_background=\u00a0\u00bb#E8432D\u00a0\u00bb custom_text=\u00a0\u00bb#FFFFFF\u00a0\u00bb shape=\u00a0\u00bbround\u00a0\u00bb size=\u00a0\u00bblg\u00a0\u00bb align=\u00a0\u00bbleft\u00a0\u00bb css=\u00a0\u00bb.vc_custom_1749728212917{margin-bottom: 0px !important;border-color: #FFFFFF !important;}\u00a0\u00bb link=\u00a0\u00bburl:%23&Prime; el_class=\u00a0\u00bbbutton-red-bg popmake-1552&Prime;][\/vc_column][\/vc_row]<\/p>\n<\/div>","protected":false},"excerpt":{"rendered":"<p>[vc_row][vc_column][vc_raw_html css=\u00a0\u00bb.vc_custom_1749471782502{margin-bottom: 0px !important;}\u00a0\u00bb el_class=\u00a0\u00bbbreadcrumbs\u00a0\u00bb]JTNDYSUyMGhyZWYlM0QlMjIlMkYlMjIlM0VIb21lJTNDJTJGYSUzRSUyMCU3QyUyMFByb2R1aXRzJTIwJTdDJTIwJTNDc3BhbiUzRVNPTEFSJTIwTG95YWx0eSUzQyUyRnNwYW4lM0U=[\/vc_raw_html][\/vc_column][\/vc_row][vc_row css=\u00a0\u00bb.vc_custom_1747922304231{border-color: #FF0000 !important;}\u00a0\u00bb][vc_column][vc_empty_space height=\u00a0\u00bb40px\u00a0\u00bb][vc_custom_heading text=\u00a0\u00bbSOLAR Loyalty \u2014 Une plateforme innovante pour cr\u00e9er les bons programmes de fid\u00e9lit\u00e9\u00a0\u00bb font_container=\u00a0\u00bbtag:h1|font_size:64px|text_align:left|color:%23424D59|line_height:84px\u00a0\u00bb use_theme_fonts=\u00a0\u00bbyes\u00a0\u00bb css=\u00a0\u00bb.vc_custom_1749471767253{margin-bottom: 0px !important;margin-left: -5px !important;}\u00a0\u00bb el_class=\u00a0\u00bbheading-big\u00a0\u00bb][vc_empty_space height=\u00a0\u00bb25px\u00a0\u00bb][vc_custom_heading text=\u00a0\u00bbLa plateforme SOLAR est l\u2019\u00e9laboration phare de notre soci\u00e9t\u00e9. Elle est con\u00e7ue pour automatiser intelligemment tous les aspects du secteur des paiements: de l\u2019\u00e9mission &#8230; <a title=\"SOLAR Loyalty\" class=\"read-more\" href=\"https:\/\/solanteq.com\/fr\/solar-loyalty\/\" aria-label=\"En savoir plus sur SOLAR Loyalty\">Read more<\/a><\/p>\n","protected":false},"author":3,"featured_media":0,"parent":0,"menu_order":0,"comment_status":"closed","ping_status":"closed","template":"","meta":{"footnotes":""},"class_list":["post-1006","page","type-page","status-publish"],"_links":{"self":[{"href":"https:\/\/solanteq.com\/fr\/wp-json\/wp\/v2\/pages\/1006","targetHints":{"allow":["GET"]}}],"collection":[{"href":"https:\/\/solanteq.com\/fr\/wp-json\/wp\/v2\/pages"}],"about":[{"href":"https:\/\/solanteq.com\/fr\/wp-json\/wp\/v2\/types\/page"}],"author":[{"embeddable":true,"href":"https:\/\/solanteq.com\/fr\/wp-json\/wp\/v2\/users\/3"}],"replies":[{"embeddable":true,"href":"https:\/\/solanteq.com\/fr\/wp-json\/wp\/v2\/comments?post=1006"}],"version-history":[{"count":3,"href":"https:\/\/solanteq.com\/fr\/wp-json\/wp\/v2\/pages\/1006\/revisions"}],"predecessor-version":[{"id":1632,"href":"https:\/\/solanteq.com\/fr\/wp-json\/wp\/v2\/pages\/1006\/revisions\/1632"}],"wp:attachment":[{"href":"https:\/\/solanteq.com\/fr\/wp-json\/wp\/v2\/media?parent=1006"}],"curies":[{"name":"wp","href":"https:\/\/api.w.org\/{rel}","templated":true}]}}