{"id":1010,"date":"2025-06-04T10:00:07","date_gmt":"2025-06-04T10:00:07","guid":{"rendered":"https:\/\/solanteq.web-design.ee\/solar-merchant-portal\/"},"modified":"2025-06-12T11:37:05","modified_gmt":"2025-06-12T11:37:05","slug":"solar-merchant-portal","status":"publish","type":"page","link":"https:\/\/solanteq.com\/fr\/solar-merchant-portal\/","title":{"rendered":"SOLAR Merchant Portal"},"content":{"rendered":"<div class=\"wpb-content-wrapper\"><p>[vc_row][vc_column][vc_raw_html css=\u00a0\u00bb.vc_custom_1749464760068{margin-bottom: 0px !important;}\u00a0\u00bb el_class=\u00a0\u00bbbreadcrumbs\u00a0\u00bb]JTNDYSUyMGhyZWYlM0QlMjIlMkYlMjIlM0VIb21lJTNDJTJGYSUzRSUyMCU3QyUyMFByb2R1aXRzJTIwJTdDJTIwJTNDc3BhbiUzRVNPTEFSJTIwTWVyY2hhbnQlMjBQb3J0YWwlM0MlMkZzcGFuJTNF[\/vc_raw_html][\/vc_column][\/vc_row][vc_row css=\u00a0\u00bb.vc_custom_1747922304231{border-color: #FF0000 !important;}\u00a0\u00bb][vc_column][vc_empty_space height=\u00a0\u00bb40px\u00a0\u00bb][vc_custom_heading text=\u00a0\u00bb<b>SOLAR<\/b> Merchant Portal \u2014 Un compte personnel convivial pour votre entreprise\u00a0\u00bb font_container=\u00a0\u00bbtag:h1|font_size:64px|text_align:left|color:%23424D59|line_height:84px\u00a0\u00bb use_theme_fonts=\u00a0\u00bbyes\u00a0\u00bb css=\u00a0\u00bb.vc_custom_1749464780871{margin-bottom: 0px !important;margin-left: -5px !important;}\u00a0\u00bb el_class=\u00a0\u00bbheading-big\u00a0\u00bb][vc_empty_space height=\u00a0\u00bb25px\u00a0\u00bb][vc_custom_heading text=\u00a0\u00bbSOLAR Merchant Portal est une application web permettant de visualiser les transactions de commerce \u00e9lectronique et d\u2019\u00e9changer des messages entre le commer\u00e7ant et la banque acqu\u00e9reuse.\u00a0\u00bb font_container=\u00a0\u00bbtag:p|font_size:20px|text_align:left|color:%23424D59|line_height:28px\u00a0\u00bb use_theme_fonts=\u00a0\u00bbyes\u00a0\u00bb css=\u00a0\u00bb.vc_custom_1749464789305{margin-bottom: 0px !important;}\u00a0\u00bb el_class=\u00a0\u00bbweight-light\u00a0\u00bb][vc_empty_space height=\u00a0\u00bb50px\u00a0\u00bb][\/vc_column][\/vc_row][vc_row full_width=\u00a0\u00bbstretch_row\u00a0\u00bb css=\u00a0\u00bb.vc_custom_1748962391931{padding-top: 100px !important;padding-bottom: 100px !important;background-color: #424D59 !important;background-position: center !important;background-repeat: no-repeat !important;background-size: cover !important;}\u00a0\u00bb el_class=\u00a0\u00bbdisable-row-overflow page-under-video-block\u00a0\u00bb][vc_column][vc_custom_heading text=\u00a0\u00bbGESTION FINANCI\u00c8RE FACILE\u00a0\u00bb font_container=\u00a0\u00bbtag:h2|font_size:36px|text_align:left|color:%23FFFFFF|line_height:44px\u00a0\u00bb use_theme_fonts=\u00a0\u00bbyes\u00a0\u00bb css=\u00a0\u00bb\u00a0\u00bb el_class=\u00a0\u00bbheading-big page-bits-title\u00a0\u00bb][vc_empty_space height=\u00a0\u00bb20px\u00a0\u00bb][vc_column_text css=\u00a0\u00bb\u00a0\u00bb]<span style=\"color: #ffffff;\">SOLAR Merchant Portal vous permet de communiquer avec votre banque acqu\u00e9reuse et vous fournit des informations sur toutes les transactions effectu\u00e9es par cartes bancaires via des terminaux de TPE ou en ligne. La solution permet de filtrer les paiements par cat\u00e9gorie et par point de vente. SOLAR Merchant Portal pr\u00e9sente la dynamique des transactions en temps r\u00e9el et aussi:<\/span>[\/vc_column_text][vc_empty_space height=\u00a0\u00bb20px\u00a0\u00bb][vc_empty_space height=\u00a0\u00bb20px\u00a0\u00bb][vc_row_inner css=\u00a0\u00bb.vc_custom_1748967280488{border-top-width: 1px !important;border-right-width: 1px !important;border-bottom-width: 1px !important;border-left-width: 1px !important;padding-top: 40px !important;padding-right: 30px !important;padding-bottom: 40px !important;padding-left: 30px !important;background-color: #515D6A !important;border-radius: 20px !important;border-color: #515D6A !important;}\u00a0\u00bb][vc_column_inner][vc_raw_html css=\u00a0\u00bb\u00a0\u00bb el_class=\u00a0\u00bbbits-of-functionality much-text bulletlist\u00a0\u00bb]bW9udHJlJTIwZGVzJTIwcmFwcG9ydHMlMjBldCUyMGRlcyUyMHJhcHByb2NoZW1lbnRzJTIwZGUlMjBkb25uJUMzJUE5ZXMlMjBkZSUyMHIlQzMlQThnbGVtZW50JTIwcHJvdmVuYW50JTIwZGUlMjBsJTI3YWNxdSVDMyVBOXJldXIlMjBldCUyMGRlcyUyMHN5c3QlQzMlQThtZXMlMjBkZSUyMHBhaWVtZW50JTNC[\/vc_raw_html][vc_raw_html css=\u00a0\u00bb\u00a0\u00bb el_class=\u00a0\u00bbbits-of-functionality much-text bulletlist\u00a0\u00bb]cGVybWV0JTIwZGUlMjB0cmFpdGVyJTIwbGVzJTIwdHJhbnNhY3Rpb25zJTIwbGl0aWdpZXVzZXMlM0I=[\/vc_raw_html][vc_raw_html css=\u00a0\u00bb\u00a0\u00bb el_class=\u00a0\u00bbbits-of-functionality much-text bulletlist\u00a0\u00bb]b2ZmcmUlMjBkaWZmJUMzJUE5cmVudHMlMjBuaXZlYXV4JTIwZCUyN2FjYyVDMyVBOHMlMjBhdSUyMGNvbXB0ZSUyMGV0JTIwbGElMjBwb3NzaWJpbGl0JUMzJUE5JTIwZGUlMjBtb2RpZmllciUyMGxlcyUyMGRvbm4lQzMlQTllcyUyMGR1JTIwcHJvZmlsJTNC[\/vc_raw_html][vc_raw_html css=\u00a0\u00bb\u00a0\u00bb el_class=\u00a0\u00bbbits-of-functionality much-text bulletlist\u00a0\u00bb]YWZmaWNoZSUyMGxlcyUyMGluZm9ybWF0aW9ucyUyMGRlJTIwcGFpZW1lbnRzJTIwZW4lMjB0ZW1wcyUyMHIlQzMlQTllbCUzQg==[\/vc_raw_html][vc_raw_html css=\u00a0\u00bb\u00a0\u00bb el_class=\u00a0\u00bbbits-of-functionality much-text bulletlist\u00a0\u00bb]b2ZmcmUlMjBsYSUyMHBvc3NpYmlsaXQlQzMlQTklMjBkZSUyMGclQzMlQTlyZXIlMjBwbHVzaWV1cnMlMjBtYXJjaGFuZHMlMjAlQzMlQTAlMjBwYXJ0aXIlMjBkJTI3dW4lMjBzZXVsJTIwY29tcHRlJTNC[\/vc_raw_html][vc_raw_html css=\u00a0\u00bb\u00a0\u00bb el_class=\u00a0\u00bbbits-of-functionality much-text bulletlist\u00a0\u00bb]JUMzJUE5dGFibGl0JTIwZGVzJTIwZmFjdHVyZXMlMjBldCUyMGRlcyUyMGxpZW5zJTIwZGUlMjBwYWllbWVudC4=[\/vc_raw_html][\/vc_column_inner][\/vc_row_inner][vc_empty_space height=\u00a0\u00bb40px\u00a0\u00bb][vc_single_image image=\u00a0\u00bb1286&Prime; img_size=\u00a0\u00bbfull\u00a0\u00bb alignment=\u00a0\u00bbcenter\u00a0\u00bb css=\u00a0\u00bb.vc_custom_1749465754932{padding-top: 20px !important;padding-right: 20px !important;padding-bottom: 20px !important;padding-left: 20px !important;background-color: #FFFFFF !important;}\u00a0\u00bb el_class=\u00a0\u00bbborder-radius20&Prime;][vc_empty_space height=\u00a0\u00bb40px\u00a0\u00bb][vc_column_text css=\u00a0\u00bb\u00a0\u00bb]<span style=\"color: #ffffff;\">SOLAR Merchant Portal est un maillon fort de l\u2019approche syst\u00e9matique de la gestion d\u2019une entreprise, une application dot\u00e9e d\u2019une interface ergonomique, qui permet de visualiser les flux de fonds avec les d\u00e9tails pour chaque transaction.<\/span><\/p>\n<p><span style=\"color: #ffffff;\">Depuis leur compte personnel, les vendeurs peuvent g\u00e9rer le cycle complet des paiements, de l\u2019initiation \u00e0 la r\u00e9ception d\u2019une indemnit\u00e9 ou d\u2019une annulation et d\u2019un remboursement. SOLAR Merchant Portal permet de r\u00e9pondre aux plaintes des clients en temps utile, ce qui \u00e9vite \u00e0 l\u2019entreprise de subir des pertes financi\u00e8res potentielles.<\/span>[\/vc_column_text][vc_empty_space height=\u00a0\u00bb20px\u00a0\u00bb][vc_custom_heading text=\u00a0\u00bbANALYSE UTILE\u00a0\u00bb font_container=\u00a0\u00bbtag:h2|font_size:36px|text_align:left|color:%23FFFFFF|line_height:44px\u00a0\u00bb use_theme_fonts=\u00a0\u00bbyes\u00a0\u00bb css=\u00a0\u00bb\u00a0\u00bb el_class=\u00a0\u00bbheading-big page-bits-title\u00a0\u00bb][vc_empty_space height=\u00a0\u00bb20px\u00a0\u00bb][vc_column_text css=\u00a0\u00bb\u00a0\u00bb]<span style=\"color: #ffffff;\">SOLAR Merchant Portal recueille des informations sur les transactions effectu\u00e9es et g\u00e9n\u00e8re des rapports en ligne qui permettent aux commer\u00e7ants de prendre ais\u00e9ment des d\u00e9cisions strat\u00e9giques productives et d\u2019analyser les performances des projets.<\/span><\/p>\n<p><span style=\"color: #ffffff;\">Les donn\u00e9es de transactions sont disponibles dans un affichage convivial et peuvent \u00eatre tri\u00e9es et recherch\u00e9es par e-mail, pour une p\u00e9riode, par destination et autres objets et autres identifiants, tant pour l\u2019ensemble de l\u2019organisation que pour les points de vente s\u00e9par\u00e9ment.<\/span>[\/vc_column_text][vc_empty_space height=\u00a0\u00bb20px\u00a0\u00bb][vc_custom_heading text=\u00a0\u00bbMISE EN SERVICE ET INT\u00c9GRATION FACILES AVEC TOUS LES SYST\u00c8MES\u00a0\u00bb font_container=\u00a0\u00bbtag:h2|font_size:36px|text_align:left|color:%23FFFFFF|line_height:44px\u00a0\u00bb use_theme_fonts=\u00a0\u00bbyes\u00a0\u00bb css=\u00a0\u00bb\u00a0\u00bb el_class=\u00a0\u00bbheading-big page-bits-title\u00a0\u00bb][vc_empty_space height=\u00a0\u00bb20px\u00a0\u00bb][vc_row_inner css=\u00a0\u00bb.vc_custom_1748967280488{border-top-width: 1px !important;border-right-width: 1px !important;border-bottom-width: 1px !important;border-left-width: 1px !important;padding-top: 40px !important;padding-right: 30px !important;padding-bottom: 40px !important;padding-left: 30px !important;background-color: #515D6A !important;border-radius: 20px !important;border-color: #515D6A !important;}\u00a0\u00bb][vc_column_inner][vc_raw_html css=\u00a0\u00bb\u00a0\u00bb el_class=\u00a0\u00bbbits-of-functionality much-text bulletlist\u00a0\u00bb]SW5zdGFsbGF0aW9uJTJDJTIwbGFuY2VtZW50JTIwZXQlMjBpbnQlQzMlQTlncmF0aW9uJTIwZGFucyUyMHVuJTIwZCVDMyVBOWxhaSUyMGRlJTIwMiUyMCVDMyVBMCUyMDQlMjBtb2lzLg==[\/vc_raw_html][vc_raw_html css=\u00a0\u00bb\u00a0\u00bb el_class=\u00a0\u00bbbits-of-functionality much-text bulletlist\u00a0\u00bb]RmFpYmxlcyUyMGV4aWdlbmNlcyUyMG1hdCVDMyVBOXJpZWxsZXMlMjBldCUyMGNvJUMzJUJCdHMlMjBtaW5pbWVzJTIwZHUlMjBsb2dpY2llbCUyMHN5c3QlQzMlQThtZS4=[\/vc_raw_html][vc_raw_html css=\u00a0\u00bb\u00a0\u00bb el_class=\u00a0\u00bbbits-of-functionality much-text bulletlist\u00a0\u00bb]UHJvY2Vzc3VzJTIwcHIlQzMlQUF0cyUyMCVDMyVBMCUyMGwlMjdlbXBsb2klMjBldCUyMGRlcyUyMCVDMyVBOWNyYW5zJTIwcGVyc29ubmFsaXNhYmxlcy4=[\/vc_raw_html][vc_raw_html css=\u00a0\u00bb\u00a0\u00bb el_class=\u00a0\u00bbbits-of-functionality much-text bulletlist\u00a0\u00bb]T3JpZW50YXRpb24lMjBwb3VyJTIwdW5lJTIwaW50JUMzJUE5Z3JhdGlvbiUyMGZhY2lsZSUyMGF2ZWMlMjB2b3MlMjBwcm9kdWl0cy4=[\/vc_raw_html][\/vc_column_inner][\/vc_row_inner][vc_empty_space height=\u00a0\u00bb20px\u00a0\u00bb][vc_empty_space height=\u00a0\u00bb20px\u00a0\u00bb][vc_custom_heading text=\u00a0\u00bbEN PERSPECTIVE\u00a0\u00bb font_container=\u00a0\u00bbtag:h2|font_size:36px|text_align:left|color:%23FFFFFF|line_height:44px\u00a0\u00bb use_theme_fonts=\u00a0\u00bbyes\u00a0\u00bb css=\u00a0\u00bb\u00a0\u00bb el_class=\u00a0\u00bbheading-big page-bits-title\u00a0\u00bb][vc_empty_space height=\u00a0\u00bb20px\u00a0\u00bb][vc_column_text css=\u00a0\u00bb\u00a0\u00bb]<span style=\"color: #ffffff;\">Gr\u00e2ce au SOLAR Merchant Portal, les commer\u00e7ants peuvent laisser une demande pour connecter des interfaces de paiement, pour enregistrer des terminaux et pour ajouter leurs entreprises. SOLAR Merchant Portal pr\u00e9sente les donn\u00e9es relatives aux transactions selon diff\u00e9rentes options de visualisation, \u00e0 la fois dans l\u2019application elle-m\u00eame et sous forme de rapport Excel pour faciliter la recherche de donn\u00e9es et l\u2019int\u00e9gration ult\u00e9rieure. Il est \u00e9galement possible d\u2019\u00e9changer rapidement des messages texte et des fichiers avec la banque qui fournit la passerelle de paiement du commer\u00e7ant.<\/span><\/p>\n<p><span style=\"color: #ffffff;\">SOLAR Merchant Portal utilise une API riche qui permet aux acqu\u00e9reurs de d\u00e9velopper des opportunit\u00e9s du compte personnel du commer\u00e7ant en ajoutant des fonctionnalit\u00e9s suppl\u00e9mentaires.<\/span>[\/vc_column_text][vc_empty_space height=\u00a0\u00bb20px\u00a0\u00bb][vc_custom_heading text=\u00a0\u00bbS\u00c9CURIT\u00c9\u00a0\u00bb font_container=\u00a0\u00bbtag:h2|font_size:36px|text_align:left|color:%23FFFFFF|line_height:44px\u00a0\u00bb use_theme_fonts=\u00a0\u00bbyes\u00a0\u00bb css=\u00a0\u00bb\u00a0\u00bb el_class=\u00a0\u00bbheading-big page-bits-title\u00a0\u00bb][vc_empty_space height=\u00a0\u00bb20px\u00a0\u00bb][vc_column_text css=\u00a0\u00bb\u00a0\u00bb]<span style=\"color: #ffffff;\">Pour les commer\u00e7ants, SOLAR Merchant Portal offre diff\u00e9rents niveaux d\u2019acc\u00e8s au compte personnel, un syst\u00e8me d\u2019authentification \u00e0 deux facteurs, une connexion num\u00e9rique s\u00e9curis\u00e9e, ainsi qu\u2019un r\u00e9glage personnalisable de limites pour diff\u00e9rents types de transactions. Un contr\u00f4le suppl\u00e9mentaire des transactions via SOLAR Merchant Portal est mis en \u0153uvre gr\u00e2ce \u00e0 l\u2019int\u00e9gration du module SOLAR Fraud Prevention qui combine une technologie d\u2019apprentissage automatique et une configuration flexible des r\u00e8gles. Cette combinaison permet de reconna\u00eetre rapidement et pr\u00e9cis\u00e9ment les activit\u00e9s suspectes et de pr\u00e9venir un large \u00e9ventail de sc\u00e9narios de fraude.<\/span>[\/vc_column_text][\/vc_column][\/vc_row][vc_row full_width=\u00a0\u00bbstretch_row\u00a0\u00bb equal_height=\u00a0\u00bbyes\u00a0\u00bb content_placement=\u00a0\u00bbmiddle\u00a0\u00bb css=\u00a0\u00bb.vc_custom_1748969789929{margin-bottom: -40px !important;padding-top: 30px !important;padding-bottom: 30px !important;background-color: #E8432D !important;}\u00a0\u00bb][vc_column width=\u00a0\u00bb1\/6&Prime; css=\u00a0\u00bb.vc_custom_1748443670093{border-color: #FFFFFF !important;}\u00a0\u00bb el_class=\u00a0\u00bbbenefit-icon-col\u00a0\u00bb][vc_empty_space height=\u00a0\u00bb30px\u00a0\u00bb el_class=\u00a0\u00bbmobile-off\u00a0\u00bb][vc_icon icon_fontawesome=\u00a0\u00bbfa fa-regular fa-envelope-open\u00a0\u00bb color=\u00a0\u00bbwhite\u00a0\u00bb size=\u00a0\u00bbxl\u00a0\u00bb align=\u00a0\u00bbcenter\u00a0\u00bb css=\u00a0\u00bb\u00a0\u00bb][\/vc_column][vc_column width=\u00a0\u00bb5\/6&Prime; el_class=\u00a0\u00bbbenefit-content-col\u00a0\u00bb][vc_custom_heading text=\u00a0\u00bbAvec SOLAR Merchant Portal, il est facile d&rsquo;analyser l&rsquo;historique des paiements et de d\u00e9velopper les affaires.\u00a0\u00bb font_container=\u00a0\u00bbtag:h3|font_size:32px|text_align:left|color:%23FFFFFF|line_height:34px\u00a0\u00bb use_theme_fonts=\u00a0\u00bbyes\u00a0\u00bb css=\u00a0\u00bb.vc_custom_1749466210421{margin-bottom: 10px !important;}\u00a0\u00bb el_class=\u00a0\u00bbweight-regular\u00a0\u00bb][vc_custom_heading text=\u00a0\u00bbContactez-nous, nous serons heureux d&rsquo;organiser une d\u00e9monstration et de r\u00e9pondre en d\u00e9tail \u00e0 toutes vos questions.\u00a0\u00bb font_container=\u00a0\u00bbtag:p|font_size:20px|text_align:left|color:%23FFFFFF|line_height:28px\u00a0\u00bb use_theme_fonts=\u00a0\u00bbyes\u00a0\u00bb css=\u00a0\u00bb.vc_custom_1749466220558{margin-bottom: 10px !important;}\u00a0\u00bb][vc_empty_space height=\u00a0\u00bb30px\u00a0\u00bb][vc_btn title=\u00a0\u00bbContact\u00a0\u00bb style=\u00a0\u00bbcustom\u00a0\u00bb custom_background=\u00a0\u00bb#E8432D\u00a0\u00bb custom_text=\u00a0\u00bb#FFFFFF\u00a0\u00bb shape=\u00a0\u00bbround\u00a0\u00bb size=\u00a0\u00bblg\u00a0\u00bb align=\u00a0\u00bbleft\u00a0\u00bb css=\u00a0\u00bb.vc_custom_1749728223230{margin-bottom: 0px !important;border-color: #FFFFFF !important;}\u00a0\u00bb link=\u00a0\u00bburl:%23&Prime; el_class=\u00a0\u00bbbutton-red-bg popmake-1552&Prime;][\/vc_column][\/vc_row]<\/p>\n<\/div>","protected":false},"excerpt":{"rendered":"<p>[vc_row][vc_column][vc_raw_html css=\u00a0\u00bb.vc_custom_1749464760068{margin-bottom: 0px !important;}\u00a0\u00bb el_class=\u00a0\u00bbbreadcrumbs\u00a0\u00bb]JTNDYSUyMGhyZWYlM0QlMjIlMkYlMjIlM0VIb21lJTNDJTJGYSUzRSUyMCU3QyUyMFByb2R1aXRzJTIwJTdDJTIwJTNDc3BhbiUzRVNPTEFSJTIwTWVyY2hhbnQlMjBQb3J0YWwlM0MlMkZzcGFuJTNF[\/vc_raw_html][\/vc_column][\/vc_row][vc_row css=\u00a0\u00bb.vc_custom_1747922304231{border-color: #FF0000 !important;}\u00a0\u00bb][vc_column][vc_empty_space height=\u00a0\u00bb40px\u00a0\u00bb][vc_custom_heading text=\u00a0\u00bbSOLAR Merchant Portal \u2014 Un compte personnel convivial pour votre entreprise\u00a0\u00bb font_container=\u00a0\u00bbtag:h1|font_size:64px|text_align:left|color:%23424D59|line_height:84px\u00a0\u00bb use_theme_fonts=\u00a0\u00bbyes\u00a0\u00bb css=\u00a0\u00bb.vc_custom_1749464780871{margin-bottom: 0px !important;margin-left: -5px !important;}\u00a0\u00bb el_class=\u00a0\u00bbheading-big\u00a0\u00bb][vc_empty_space height=\u00a0\u00bb25px\u00a0\u00bb][vc_custom_heading text=\u00a0\u00bbSOLAR Merchant Portal est une application web permettant de visualiser les transactions de commerce \u00e9lectronique et d\u2019\u00e9changer des messages entre le commer\u00e7ant et la banque acqu\u00e9reuse.\u00a0\u00bb &#8230; <a title=\"SOLAR Merchant Portal\" class=\"read-more\" href=\"https:\/\/solanteq.com\/fr\/solar-merchant-portal\/\" aria-label=\"En savoir plus sur SOLAR Merchant Portal\">Read more<\/a><\/p>\n","protected":false},"author":3,"featured_media":0,"parent":0,"menu_order":0,"comment_status":"closed","ping_status":"closed","template":"","meta":{"footnotes":""},"class_list":["post-1010","page","type-page","status-publish"],"_links":{"self":[{"href":"https:\/\/solanteq.com\/fr\/wp-json\/wp\/v2\/pages\/1010","targetHints":{"allow":["GET"]}}],"collection":[{"href":"https:\/\/solanteq.com\/fr\/wp-json\/wp\/v2\/pages"}],"about":[{"href":"https:\/\/solanteq.com\/fr\/wp-json\/wp\/v2\/types\/page"}],"author":[{"embeddable":true,"href":"https:\/\/solanteq.com\/fr\/wp-json\/wp\/v2\/users\/3"}],"replies":[{"embeddable":true,"href":"https:\/\/solanteq.com\/fr\/wp-json\/wp\/v2\/comments?post=1010"}],"version-history":[{"count":6,"href":"https:\/\/solanteq.com\/fr\/wp-json\/wp\/v2\/pages\/1010\/revisions"}],"predecessor-version":[{"id":1633,"href":"https:\/\/solanteq.com\/fr\/wp-json\/wp\/v2\/pages\/1010\/revisions\/1633"}],"wp:attachment":[{"href":"https:\/\/solanteq.com\/fr\/wp-json\/wp\/v2\/media?parent=1010"}],"curies":[{"name":"wp","href":"https:\/\/api.w.org\/{rel}","templated":true}]}}