{"id":1012,"date":"2025-06-04T09:54:42","date_gmt":"2025-06-04T09:54:42","guid":{"rendered":"https:\/\/solanteq.web-design.ee\/solar-pos-handler\/"},"modified":"2025-06-12T11:37:39","modified_gmt":"2025-06-12T11:37:39","slug":"solar-pos-handler","status":"publish","type":"page","link":"https:\/\/solanteq.com\/fr\/solar-pos-handler\/","title":{"rendered":"SOLAR POS Handler"},"content":{"rendered":"<div class=\"wpb-content-wrapper\"><p>[vc_row][vc_column][vc_raw_html css=\u00a0\u00bb.vc_custom_1749462349432{margin-bottom: 0px !important;}\u00a0\u00bb el_class=\u00a0\u00bbbreadcrumbs\u00a0\u00bb]JTNDYSUyMGhyZWYlM0QlMjIlMkYlMjIlM0VIb21lJTNDJTJGYSUzRSUyMCU3QyUyMFByb2R1aXRzJTIwJTdDJTIwJTNDc3BhbiUzRVNPTEFSJTIwUE9TJTIwSGFuZGxlciUzQyUyRnNwYW4lM0U=[\/vc_raw_html][\/vc_column][\/vc_row][vc_row css=\u00a0\u00bb.vc_custom_1747922304231{border-color: #FF0000 !important;}\u00a0\u00bb][vc_column][vc_empty_space height=\u00a0\u00bb40px\u00a0\u00bb][vc_custom_heading text=\u00a0\u00bb<b>SOLAR<\/b> POS Handler \u2014 Renforcement des capacit\u00e9s commerciales\u00a0\u00bb font_container=\u00a0\u00bbtag:h1|font_size:64px|text_align:left|color:%23424D59|line_height:84px\u00a0\u00bb use_theme_fonts=\u00a0\u00bbyes\u00a0\u00bb css=\u00a0\u00bb.vc_custom_1749462364939{margin-bottom: 0px !important;margin-left: -5px !important;}\u00a0\u00bb el_class=\u00a0\u00bbheading-big\u00a0\u00bb][vc_empty_space height=\u00a0\u00bb25px\u00a0\u00bb][vc_custom_heading text=\u00a0\u00bbSOLAR POS Handler est un syst\u00e8me de traitement des paiements flexible et personnalisable qui dote votre entreprise d\u2019une plateforme de gestion des terminaux fiable et polyvalente. La solution tire parti \u00e0 la fois des capacit\u00e9s des TPE classiques et prend en charge les derni\u00e8res innovations dans le secteur des paiements qui peuvent \u00eatre adapt\u00e9es \u00e0 vos besoins.\u00a0\u00bb font_container=\u00a0\u00bbtag:p|font_size:20px|text_align:left|color:%23424D59|line_height:28px\u00a0\u00bb use_theme_fonts=\u00a0\u00bbyes\u00a0\u00bb css=\u00a0\u00bb.vc_custom_1749462375199{margin-bottom: 0px !important;}\u00a0\u00bb el_class=\u00a0\u00bbweight-light\u00a0\u00bb][vc_empty_space height=\u00a0\u00bb50px\u00a0\u00bb][\/vc_column][\/vc_row][vc_row full_width=\u00a0\u00bbstretch_row\u00a0\u00bb css=\u00a0\u00bb.vc_custom_1748962391931{padding-top: 100px !important;padding-bottom: 100px !important;background-color: #424D59 !important;background-position: center !important;background-repeat: no-repeat !important;background-size: cover !important;}\u00a0\u00bb el_class=\u00a0\u00bbdisable-row-overflow page-under-video-block\u00a0\u00bb][vc_column][vc_custom_heading text=\u00a0\u00bbPOLYVALENT ET TECHNOLOGIQUEMENT AVANC\u00c9\u00a0\u00bb font_container=\u00a0\u00bbtag:h2|font_size:36px|text_align:left|color:%23FFFFFF|line_height:44px\u00a0\u00bb use_theme_fonts=\u00a0\u00bbyes\u00a0\u00bb css=\u00a0\u00bb\u00a0\u00bb el_class=\u00a0\u00bbheading-big page-bits-title\u00a0\u00bb][vc_empty_space height=\u00a0\u00bb20px\u00a0\u00bb][vc_column_text css=\u00a0\u00bb\u00a0\u00bb]<span style=\"color: #ffffff;\">SOLAR POS Handler est une solution riche en fonctionnalit\u00e9s qui \u00e9tend les options de paiement sur les terminaux de paiement:<\/span>[\/vc_column_text][vc_empty_space height=\u00a0\u00bb20px\u00a0\u00bb][vc_empty_space height=\u00a0\u00bb20px\u00a0\u00bb][vc_row_inner css=\u00a0\u00bb.vc_custom_1748967280488{border-top-width: 1px !important;border-right-width: 1px !important;border-bottom-width: 1px !important;border-left-width: 1px !important;padding-top: 40px !important;padding-right: 30px !important;padding-bottom: 40px !important;padding-left: 30px !important;background-color: #515D6A !important;border-radius: 20px !important;border-color: #515D6A !important;}\u00a0\u00bb][vc_column_inner][vc_raw_html css=\u00a0\u00bb\u00a0\u00bb el_class=\u00a0\u00bbbits-of-functionality much-text bulletlist\u00a0\u00bb]UHJpc2UlMjBlbiUyMGNoYXJnZSUyMGRlJTIwZGl2ZXJzJTIwcHJvdG9jb2xlcyUyMGV0JTIwdHlwZXMlMjBkZSUyMFRQRSUzQg==[\/vc_raw_html][vc_raw_html css=\u00a0\u00bb\u00a0\u00bb el_class=\u00a0\u00bbbits-of-functionality much-text bulletlist\u00a0\u00bb]UHJpc2UlMjBlbiUyMGNoYXJnZSUyMGRlJTIwZGlmZiVDMyVBOXJlbnRzJTIwdHlwZXMlMjBkZSUyMGNhcnRlcyUyMGV0JTIwZCUyN2luc3RydW1lbnRzJTIwZGUlMjBwYWllbWVudCUzQg==[\/vc_raw_html][vc_raw_html css=\u00a0\u00bb\u00a0\u00bb el_class=\u00a0\u00bbbits-of-functionality much-text bulletlist\u00a0\u00bb]SW50JUMzJUE5Z3JhdGlvbiUyMGF2ZWMlMjBsZXMlMjBzeXN0JUMzJUE4bWVzJTIwZGUlMjBmaWQlQzMlQTlsaXNhdGlvbiUzQg==[\/vc_raw_html][vc_raw_html css=\u00a0\u00bb\u00a0\u00bb el_class=\u00a0\u00bbbits-of-functionality much-text bulletlist\u00a0\u00bb]T3AlQzMlQTlyYXRpb25zJTIwbXVsdGlkZXZpc2VzJTIwYXZlYyUyMHBvc3NpYmlsaXQlQzMlQTklMjBkZSUyMGNvbnZlcnNpb24lMjBkeW5hbWlxdWUlMjBkZXMlMjBkZXZpc2VzJTNC[\/vc_raw_html][vc_raw_html css=\u00a0\u00bb\u00a0\u00bb el_class=\u00a0\u00bbbits-of-functionality much-text bulletlist\u00a0\u00bb]UmFwcG9ydHMlMjBkJUMzJUE5dGFpbGwlQzMlQTlzJTIwYXZlYyUyMGxhJTIwcG9zc2liaWxpdCVDMyVBOSUyMGRlJTIwciVDMyVBOXZpc2lvbiUyMGluZCVDMyVBOXBlbmRhbnRlJTIwZXQlMjBkZSUyMGQlQzMlQTl2ZWxvcHBlbWVudCUyMGRlJTIwbm91dmVhdXglMjByYXBwb3J0cyUzQg==[\/vc_raw_html][vc_raw_html css=\u00a0\u00bb\u00a0\u00bb el_class=\u00a0\u00bbbits-of-functionality much-text bulletlist\u00a0\u00bb]UHJpc2UlMjBlbiUyMGNoYXJnZSUyMGR1JTIwdHJhbnNmZXJ0JTIwZCUyN2luZm9ybWF0aW9ucyUyMCVDMyVBOXRlbmR1ZXMlMjAlMjhwYW5pZXIlMjBkJTI3YWNoYXQlMkMlMjBpbmZvcm1hdGlvbnMlMjBkZSUyMHBhaWVtZW50JTJDJTIwZXRjLiUyOSUzQg==[\/vc_raw_html][vc_raw_html css=\u00a0\u00bb\u00a0\u00bb el_class=\u00a0\u00bbbits-of-functionality much-text bulletlist\u00a0\u00bb]UGFpZW1lbnQlMjBwYXIlMjBjb2RlJTIwUVIlM0I=[\/vc_raw_html][vc_raw_html css=\u00a0\u00bb\u00a0\u00bb el_class=\u00a0\u00bbbits-of-functionality much-text bulletlist\u00a0\u00bb]Q2wlQzMlQjR0dXJlJTIwZW4lMjBmaW4lMjBkZSUyMGpvdXJuJUMzJUE5ZSUyMGV0JTIwcmFwcHJvY2hlbWVudC4=[\/vc_raw_html][\/vc_column_inner][\/vc_row_inner][vc_empty_space height=\u00a0\u00bb40px\u00a0\u00bb][vc_column_text css=\u00a0\u00bb\u00a0\u00bb]<span style=\"color: #ffffff;\">SOLAR POS Handler am\u00e9liore l\u2019exp\u00e9rience de paiement gr\u00e2ce aux technologies les plus avanc\u00e9es:<\/span>[\/vc_column_text][vc_empty_space height=\u00a0\u00bb40px\u00a0\u00bb][vc_row_inner css=\u00a0\u00bb.vc_custom_1748967280488{border-top-width: 1px !important;border-right-width: 1px !important;border-bottom-width: 1px !important;border-left-width: 1px !important;padding-top: 40px !important;padding-right: 30px !important;padding-bottom: 40px !important;padding-left: 30px !important;background-color: #515D6A !important;border-radius: 20px !important;border-color: #515D6A !important;}\u00a0\u00bb][vc_column_inner][vc_raw_html css=\u00a0\u00bb\u00a0\u00bb el_class=\u00a0\u00bbbits-of-functionality much-text bulletlist\u00a0\u00bb]UHJpc2UlMjBlbiUyMGNoYXJnZSUyMGRlcyUyMHNtYXJ0JTIwVFBFJTIwQW5kcm9pZCUzQg==[\/vc_raw_html][vc_raw_html css=\u00a0\u00bb\u00a0\u00bb el_class=\u00a0\u00bbbits-of-functionality much-text bulletlist\u00a0\u00bb]UG9ydGFpbCUyMHdlYiUyMGV0JTIwYXBwbGljYXRpb24lMjBtb2JpbGUlMjBwb3VyJTIwbGVzJTIwY29tbWVyJUMzJUE3YW50cyUyMCUyOG1vZHVsZSUyMFNPTEFSJTIwTWVyY2hhbnQlMjBwb3J0YWwlMjklM0I=[\/vc_raw_html][vc_raw_html css=\u00a0\u00bb\u00a0\u00bb el_class=\u00a0\u00bbbits-of-functionality much-text bulletlist\u00a0\u00bb]UGx1c2lldXJzJTIwY29kZXMlMjBNQ0MlMjB2aXJ0dWVscyUyMGRhbnMlMjB1biUyMHNldWwlMjBkaXNwb3NpdGlmJTIwcGh5c2lxdWUlMjBkZSUyMFRQRSUzQg==[\/vc_raw_html][vc_raw_html css=\u00a0\u00bb\u00a0\u00bb el_class=\u00a0\u00bbbits-of-functionality much-text bulletlist\u00a0\u00bb]Q2hhcmdlbWVudCUyMGRlJTIwY2wlQzMlQTlzJTIwY3J5cHRvZ3JhcGhpcXVlcyUyMCVDMyVBMCUyMGRpc3RhbmNlJTNC[\/vc_raw_html][vc_raw_html css=\u00a0\u00bb\u00a0\u00bb el_class=\u00a0\u00bbbits-of-functionality much-text bulletlist\u00a0\u00bb]T3V0aWxzJTIwaW50JUMzJUE5Z3IlQzMlQTlzJTIwZGUlMjB0ZXN0cyUyMGRlJTIwciVDMyVBOWdyZXNzaW9uJTIwZXQlMjBkZSUyMHBlcmZvcm1hbmNlJTNC[\/vc_raw_html][vc_raw_html css=\u00a0\u00bb\u00a0\u00bb el_class=\u00a0\u00bbbits-of-functionality much-text bulletlist\u00a0\u00bb]SW50ZXJhY3Rpb24lMjBhdmVjJTIwbGVzJTIwVFBFJTIwJUMzJUEwJTIwbGElMjBmb2lzJTIwdmlhJTIwZGVzJTIwcHJvdG9jb2xlcyUyMCUyMmNsYXNzaXF1ZXMlMjIlMjBiYXMlQzMlQTlzJTIwc3VyJTIwbGElMjBub3JtZSUyMElTTzg1ODMlMjBldCUyMHZpYSUyMHVuJTIwcHJvdG9jb2xlJTIwYmFzJUMzJUE5JTIwc3VyJTIwWE1MJTJGSlNPTiUzQg==[\/vc_raw_html][vc_raw_html css=\u00a0\u00bb\u00a0\u00bb el_class=\u00a0\u00bbbits-of-functionality much-text bulletlist\u00a0\u00bb]UmVnaXN0cmUlMjBldCUyMGludmVudGFpcmUlMjBkZXMlMjBhcHBhcmVpbHMu[\/vc_raw_html][\/vc_column_inner][\/vc_row_inner][vc_empty_space height=\u00a0\u00bb40px\u00a0\u00bb][vc_custom_heading text=\u00a0\u00bbCON\u00c7U POUR R\u00c9PONDRE \u00c0 VOS BESOINS\u00a0\u00bb font_container=\u00a0\u00bbtag:h2|font_size:36px|text_align:left|color:%23FFFFFF|line_height:44px\u00a0\u00bb use_theme_fonts=\u00a0\u00bbyes\u00a0\u00bb css=\u00a0\u00bb\u00a0\u00bb el_class=\u00a0\u00bbheading-big page-bits-title\u00a0\u00bb][vc_empty_space height=\u00a0\u00bb40px\u00a0\u00bb][vc_column_text css=\u00a0\u00bb\u00a0\u00bb]<span style=\"color: #ffffff;\">SOLAR POS Handler est extensible horizontalement comme tous les produits SOLAR. Vous pouvez ex\u00e9cuter le module sur une plate-forme x86 de base et l\u2019\u00e9tendre au fur et \u00e0 mesure que votre entreprise se d\u00e9veloppe en ajoutant des n\u0153uds.<\/span><\/p>\n<p><span style=\"color: #ffffff;\">SOLAR POS Handler est flexible, ce qui vous permet de construire rapidement et facilement une solution qui r\u00e9pond \u00e0 vos besoins individuels.<\/span>[\/vc_column_text][vc_empty_space height=\u00a0\u00bb40px\u00a0\u00bb][vc_custom_heading text=\u00a0\u00bbMISE EN SERVICE ET INT\u00c9GRATION FACILES AVEC TOUS LES SYST\u00c8MES\u00a0\u00bb font_container=\u00a0\u00bbtag:h2|font_size:36px|text_align:left|color:%23FFFFFF|line_height:44px\u00a0\u00bb use_theme_fonts=\u00a0\u00bbyes\u00a0\u00bb css=\u00a0\u00bb\u00a0\u00bb el_class=\u00a0\u00bbheading-big page-bits-title\u00a0\u00bb][vc_empty_space height=\u00a0\u00bb40px\u00a0\u00bb][vc_row_inner css=\u00a0\u00bb.vc_custom_1748967280488{border-top-width: 1px !important;border-right-width: 1px !important;border-bottom-width: 1px !important;border-left-width: 1px !important;padding-top: 40px !important;padding-right: 30px !important;padding-bottom: 40px !important;padding-left: 30px !important;background-color: #515D6A !important;border-radius: 20px !important;border-color: #515D6A !important;}\u00a0\u00bb][vc_column_inner][vc_raw_html css=\u00a0\u00bb\u00a0\u00bb el_class=\u00a0\u00bbbits-of-functionality much-text bulletlist\u00a0\u00bb]SW5zdGFsbGF0aW9uJTJDJTIwbGFuY2VtZW50JTIwZXQlMjBpbnQlQzMlQTlncmF0aW9uJTIwZGFucyUyMHVuJTIwZCVDMyVBOWxhaSUyMGRlJTIwMiUyMCVDMyVBMCUyMDQlMjBtb2lzLg==[\/vc_raw_html][vc_raw_html css=\u00a0\u00bb\u00a0\u00bb el_class=\u00a0\u00bbbits-of-functionality much-text bulletlist\u00a0\u00bb]UG9zc2liaWxpdCVDMyVBOSUyMGRlJTIwZm9uY3Rpb25uZXIlMjBzdXIlMjBkZXMlMjBzZXJ2ZXVycyUyMHNpbXBsZXMlMjBldCUyMGxhJTIwdmlydHVhbGlzYXRpb24lMjBzYW5zJTIwYXZvaXIlMjBiZXNvaW4lMjBkJTI3dW4lMjBsb2dpY2llbCUyMHN5c3QlQzMlQThtZSUyMGNvJUMzJUJCdGV1eC4=[\/vc_raw_html][vc_raw_html css=\u00a0\u00bb\u00a0\u00bb el_class=\u00a0\u00bbbits-of-functionality much-text bulletlist\u00a0\u00bb]RmFpYmxlcyUyMGV4aWdlbmNlcyUyMG1hdCVDMyVBOXJpZWxsZXMlMjBldCUyMGNvJUMzJUJCdHMlMjBtaW5pbWVzJTIwZHUlMjBsb2dpY2llbCUyMHN5c3QlQzMlQThtZS4=[\/vc_raw_html][vc_raw_html css=\u00a0\u00bb\u00a0\u00bb el_class=\u00a0\u00bbbits-of-functionality much-text bulletlist\u00a0\u00bb]UGxhdGVmb3JtZSUyMG9yaWVudCVDMyVBOWUlMjBwb3VyJTIwdW5lJTIwaW50JUMzJUE5Z3JhdGlvbiUyMGZhY2lsZSUyMGF2ZWMlMjB2b3MlMjBwcm9kdWl0cy4=[\/vc_raw_html][\/vc_column_inner][\/vc_row_inner][vc_empty_space height=\u00a0\u00bb40px\u00a0\u00bb][vc_single_image image=\u00a0\u00bb1274&Prime; img_size=\u00a0\u00bbfull\u00a0\u00bb alignment=\u00a0\u00bbcenter\u00a0\u00bb css=\u00a0\u00bb.vc_custom_1749462933451{padding-top: 20px !important;padding-right: 20px !important;padding-bottom: 20px !important;padding-left: 20px !important;background-color: #FFFFFF !important;}\u00a0\u00bb el_class=\u00a0\u00bbborder-radius20&Prime;][vc_empty_space height=\u00a0\u00bb40px\u00a0\u00bb][vc_row_inner equal_height=\u00a0\u00bbyes\u00a0\u00bb content_placement=\u00a0\u00bbmiddle\u00a0\u00bb css=\u00a0\u00bb.vc_custom_1748968639058{border-top-width: 1px !important;border-right-width: 1px !important;border-bottom-width: 1px !important;border-left-width: 1px !important;padding-top: 40px !important;padding-bottom: 40px !important;background-color: #E8432D !important;border-left-style: solid !important;border-right-style: solid !important;border-top-style: solid !important;border-bottom-style: solid !important;border-radius: 20px !important;border-color: #E8432D !important;}\u00a0\u00bb][vc_column_inner el_class=\u00a0\u00bbbenefit-icon-col\u00a0\u00bb width=\u00a0\u00bb1\/6&Prime;][vc_empty_space height=\u00a0\u00bb30px\u00a0\u00bb el_class=\u00a0\u00bbmobile-off\u00a0\u00bb][vc_icon icon_fontawesome=\u00a0\u00bbfa fa-regular fa-lightbulb\u00a0\u00bb color=\u00a0\u00bbwhite\u00a0\u00bb size=\u00a0\u00bbxl\u00a0\u00bb align=\u00a0\u00bbcenter\u00a0\u00bb css=\u00a0\u00bb\u00a0\u00bb][\/vc_column_inner][vc_column_inner el_class=\u00a0\u00bbbenefit-content-col\u00a0\u00bb width=\u00a0\u00bb5\/6&Prime; css=\u00a0\u00bb.vc_custom_1748968779705{padding-right: 50px !important;padding-left: 50px !important;}\u00a0\u00bb][vc_column_text css=\u00a0\u00bb\u00a0\u00bb]<span style=\"color: #ffffff;\">La soci\u00e9t\u00e9 Solanteq, le d\u00e9veloppeur de la plateforme SOLAR, est sp\u00e9cialis\u00e9e dans la cr\u00e9ation de composants innovants pour la mise en place de solutions de paiement et d&rsquo;applications num\u00e9riques. Les produits logiciels de SOLAR sont facilement \u00e9volutifs, s&rsquo;int\u00e8grent nativement dans les environnements cloud, offrent une r\u00e9sistance maximale aux pannes et peuvent \u00eatre fournis sous forme de conteneurs, adapt\u00e9s de mani\u00e8re flexible aux demandes des clients. La plateforme SOLAR est universelle pour le d\u00e9veloppement des activit\u00e9s de d\u00e9tail des banques et des soci\u00e9t\u00e9s de traitement.<\/span>[\/vc_column_text][\/vc_column_inner][\/vc_row_inner][vc_empty_space height=\u00a0\u00bb40px\u00a0\u00bb][vc_custom_heading text=\u00a0\u00bbOUTIL FIABLE\u00a0\u00bb font_container=\u00a0\u00bbtag:h2|font_size:36px|text_align:left|color:%23FFFFFF|line_height:44px\u00a0\u00bb use_theme_fonts=\u00a0\u00bbyes\u00a0\u00bb css=\u00a0\u00bb\u00a0\u00bb el_class=\u00a0\u00bbheading-big page-bits-title\u00a0\u00bb][vc_empty_space height=\u00a0\u00bb20px\u00a0\u00bb][vc_column_text css=\u00a0\u00bb\u00a0\u00bb]<span style=\"color: #ffffff;\">SOLAR POS Handler peut \u00eatre combin\u00e9 avec SOLAR Acquiring. Le r\u00e9sultat est une solution polyvalente de traitement des transactions et les op\u00e9rations de back-office qui vous aide \u00e0 suivre les tarifs et \u00e0 fixer des limites, prend en charge le r\u00e8glement flexible des commer\u00e7ants, y compris des r\u00e8glements entre diff\u00e9rents terminaux et autres canaux d\u2019acquisition.<\/span><\/p>\n<p><span style=\"color: #ffffff;\">La combinaison avec SOLAR Loyalty augmentera l\u2019int\u00e9r\u00eat des clients et permettra d\u2019offrir des programmes de fid\u00e9lisation sur mesure avec la possibilit\u00e9 d\u2019offrir des remises flexibles, des promotions pour diff\u00e9rentes cat\u00e9gories de cartes et de clients, d\u2019accumulation de points \u00e0 utiliser pour des achats en ligne, de participation \u00e0 des programmes d\u2019affiliation.<\/span><\/p>\n<p><span style=\"color: #ffffff;\">Prenant en charge diff\u00e9rents protocoles, SOLAR POS Handler peut s\u2019int\u00e9grer \u00e0 tous les types de TPE dont les derniers syst\u00e8mes bas\u00e9s sur les smartphones et les tablettes (terminaux m-TPE), ce qui permet l\u2019\u00e9change de donn\u00e9es \u00e9tendues pendant les transactions. Le module aidera les entreprises \u00e0 en savoir plus sur leurs clients : leurs magasins pr\u00e9f\u00e9r\u00e9s ou m\u00eame une liste d\u2019articles achet\u00e9s. Gr\u00e2ce au traitement unifi\u00e9 des transactions sur plusieurs canaux et \u00e0 l\u2019acc\u00e8s aux donn\u00e9es relatives aux ventes, les banques acqu\u00e9reuses seront en mesure d\u2019offrir aux commer\u00e7ants des conditions int\u00e9ressantes et une visibilit\u00e9 sur leurs transactions de d\u00e9tail.<\/span>[\/vc_column_text][vc_empty_space height=\u00a0\u00bb20px\u00a0\u00bb][vc_custom_heading text=\u00a0\u00bbPOUR LE TRAITEMENT S\u00c9CURIS\u00c9 DES PAIEMENTS\u00a0\u00bb font_container=\u00a0\u00bbtag:h2|font_size:36px|text_align:left|color:%23FFFFFF|line_height:44px\u00a0\u00bb use_theme_fonts=\u00a0\u00bbyes\u00a0\u00bb css=\u00a0\u00bb\u00a0\u00bb el_class=\u00a0\u00bbheading-big page-bits-title\u00a0\u00bb][vc_empty_space height=\u00a0\u00bb20px\u00a0\u00bb][vc_row_inner css=\u00a0\u00bb.vc_custom_1748969047907{border-top-width: 1px !important;border-right-width: 1px !important;border-bottom-width: 1px !important;border-left-width: 1px !important;padding-top: 40px !important;padding-right: 30px !important;padding-bottom: 40px !important;padding-left: 30px !important;background-color: #515D6A !important;border-radius: 20px !important;border-color: #515D6A !important;}\u00a0\u00bb][vc_column_inner][vc_raw_html css=\u00a0\u00bb\u00a0\u00bb el_class=\u00a0\u00bbbits-of-functionality much-text bulletlist\u00a0\u00bb]UHJpc2UlMjBlbiUyMGNoYXJnZSUyMGR1JTIwZm9uY3Rpb25uZW1lbnQlMjBkdSUyMEhTTSUyQyUyMGRlJTIwbCUyNyVDMyVBOWNoYW5nZSUyMGRlJTIwZG9ubiVDMyVBOWVzJTIwY3J5cHQlQzMlQTllcyUyMGV0JTIwZHUlMjBjaGFyZ2VtZW50JTIwZGVzJTIwY2wlQzMlQTlzJTIwY3J5cHRvZ3JhcGhpcXVlcyUyMCVDMyVBMCUyMGRpc3RhbmNlLg==[\/vc_raw_html][vc_raw_html css=\u00a0\u00bb\u00a0\u00bb el_class=\u00a0\u00bbbits-of-functionality much-text bulletlist\u00a0\u00bb]UGVyc29ubmFsaXNhdGlvbiUyMGZsZXhpYmxlJTIwZGVzJTIwZG9ubiVDMyVBOWVzJTIwYWZmaWNoJUMzJUE5ZXMlMjBkYW5zJTIwbCUyN2ludGVyZmFjZSUyMHV0aWxpc2F0ZXVyJTIwZW4lMjBmb25jdGlvbiUyMGRlcyUyMGRpZmYlQzMlQTlyZW50cyUyMG5pdmVhdXglMjBkJTI3YWNjJUMzJUE4cyUyMGRlcyUyMHV0aWxpc2F0ZXVycy4=[\/vc_raw_html][vc_raw_html css=\u00a0\u00bb\u00a0\u00bb el_class=\u00a0\u00bbbits-of-functionality much-text bulletlist\u00a0\u00bb]SW50JUMzJUE5Z3JhdGlvbiUyMGV0JTIwY29tcGF0aWJpbGl0JUMzJUE5JTIwbmF0aXZlcyUyMGF2ZWMlMjBTT0xBUiUyMEZyYXVkJTIwUHJldmVudGlvbiUyMHF1aSUyMHByb3QlQzMlQThnZW50JTIwZGUlMjBtYW5pJUMzJUE4cmUlMjBmaWFibGUlMjBjb250cmUlMjBsZXMlMjB0cmFuc2FjdGlvbnMlMjBmcmF1ZHVsZXVzZXMu[\/vc_raw_html][\/vc_column_inner][\/vc_row_inner][vc_empty_space height=\u00a0\u00bb40px\u00a0\u00bb][vc_custom_heading text=\u00a0\u00bbASSISTANT FID\u00c8LE DANS LE MONDE DES PAIEMENTS DE D\u00c9TAIL\u00a0\u00bb font_container=\u00a0\u00bbtag:h2|font_size:36px|text_align:left|color:%23FFFFFF|line_height:44px\u00a0\u00bb use_theme_fonts=\u00a0\u00bbyes\u00a0\u00bb css=\u00a0\u00bb\u00a0\u00bb el_class=\u00a0\u00bbheading-big page-bits-title\u00a0\u00bb][vc_empty_space height=\u00a0\u00bb20px\u00a0\u00bb][vc_column_text css=\u00a0\u00bb\u00a0\u00bb]<span style=\"color: #ffffff;\">SOLAR POS Handler est con\u00e7u pour offrir une flexibilit\u00e9 maximale dans le traitement des paiements. La solution s\u2019int\u00e8gre parfaitement \u00e0 d\u2019autres syst\u00e8mes, r\u00e9duit les temps de transaction, prend en charge diff\u00e9rents types de TPE pour r\u00e9pondre \u00e0 vos besoins actuels et peut \u00eatre \u00e9tendue \u00e0 de nouvelles fonctionnalit\u00e9s au fur et mesure que votre entreprise se d\u00e9veloppe.<\/span><\/p>\n<p><span style=\"color: #ffffff;\">SOLAR POS Handler offre aux d\u00e9taillants et aux clients une grande exp\u00e9rience d\u2019interaction lors du paiement des achats.<\/span>[\/vc_column_text][\/vc_column][\/vc_row][vc_row full_width=\u00a0\u00bbstretch_row\u00a0\u00bb equal_height=\u00a0\u00bbyes\u00a0\u00bb content_placement=\u00a0\u00bbmiddle\u00a0\u00bb css=\u00a0\u00bb.vc_custom_1748969789929{margin-bottom: -40px !important;padding-top: 30px !important;padding-bottom: 30px !important;background-color: #E8432D !important;}\u00a0\u00bb][vc_column width=\u00a0\u00bb1\/6&Prime; css=\u00a0\u00bb.vc_custom_1748443670093{border-color: #FFFFFF !important;}\u00a0\u00bb el_class=\u00a0\u00bbbenefit-icon-col\u00a0\u00bb][vc_empty_space height=\u00a0\u00bb30px\u00a0\u00bb el_class=\u00a0\u00bbmobile-off\u00a0\u00bb][vc_icon icon_fontawesome=\u00a0\u00bbfa fa-regular fa-envelope-open\u00a0\u00bb color=\u00a0\u00bbwhite\u00a0\u00bb size=\u00a0\u00bbxl\u00a0\u00bb align=\u00a0\u00bbcenter\u00a0\u00bb css=\u00a0\u00bb\u00a0\u00bb][\/vc_column][vc_column width=\u00a0\u00bb5\/6&Prime; el_class=\u00a0\u00bbbenefit-content-col\u00a0\u00bb][vc_custom_heading text=\u00a0\u00bbNous sommes persuad\u00e9s que SOLAR POS Handler vous permettra de maintenir votre syst\u00e8me de gestion de TPE \u00e0 jour avec les derni\u00e8res tendances et les derni\u00e8res technologies.\u00a0\u00bb font_container=\u00a0\u00bbtag:h3|font_size:32px|text_align:left|color:%23FFFFFF|line_height:34px\u00a0\u00bb use_theme_fonts=\u00a0\u00bbyes\u00a0\u00bb css=\u00a0\u00bb.vc_custom_1749463318426{margin-bottom: 10px !important;}\u00a0\u00bb el_class=\u00a0\u00bbweight-regular\u00a0\u00bb][vc_custom_heading text=\u00a0\u00bbContactez-nous, nous serons heureux d&rsquo;organiser une d\u00e9monstration et de r\u00e9pondre en d\u00e9tail \u00e0 toutes vos questions.\u00a0\u00bb font_container=\u00a0\u00bbtag:p|font_size:20px|text_align:left|color:%23FFFFFF|line_height:28px\u00a0\u00bb use_theme_fonts=\u00a0\u00bbyes\u00a0\u00bb css=\u00a0\u00bb.vc_custom_1749463329873{margin-bottom: 10px !important;}\u00a0\u00bb][vc_empty_space height=\u00a0\u00bb30px\u00a0\u00bb][vc_btn title=\u00a0\u00bbContact\u00a0\u00bb style=\u00a0\u00bbcustom\u00a0\u00bb custom_background=\u00a0\u00bb#E8432D\u00a0\u00bb custom_text=\u00a0\u00bb#FFFFFF\u00a0\u00bb shape=\u00a0\u00bbround\u00a0\u00bb size=\u00a0\u00bblg\u00a0\u00bb align=\u00a0\u00bbleft\u00a0\u00bb css=\u00a0\u00bb.vc_custom_1749728257559{margin-bottom: 0px !important;border-color: #FFFFFF !important;}\u00a0\u00bb link=\u00a0\u00bburl:%23&Prime; el_class=\u00a0\u00bbbutton-red-bg popmake-1552&Prime;][\/vc_column][\/vc_row]<\/p>\n<\/div>","protected":false},"excerpt":{"rendered":"<p>[vc_row][vc_column][vc_raw_html css=\u00a0\u00bb.vc_custom_1749462349432{margin-bottom: 0px !important;}\u00a0\u00bb el_class=\u00a0\u00bbbreadcrumbs\u00a0\u00bb]JTNDYSUyMGhyZWYlM0QlMjIlMkYlMjIlM0VIb21lJTNDJTJGYSUzRSUyMCU3QyUyMFByb2R1aXRzJTIwJTdDJTIwJTNDc3BhbiUzRVNPTEFSJTIwUE9TJTIwSGFuZGxlciUzQyUyRnNwYW4lM0U=[\/vc_raw_html][\/vc_column][\/vc_row][vc_row css=\u00a0\u00bb.vc_custom_1747922304231{border-color: #FF0000 !important;}\u00a0\u00bb][vc_column][vc_empty_space height=\u00a0\u00bb40px\u00a0\u00bb][vc_custom_heading text=\u00a0\u00bbSOLAR POS Handler \u2014 Renforcement des capacit\u00e9s commerciales\u00a0\u00bb font_container=\u00a0\u00bbtag:h1|font_size:64px|text_align:left|color:%23424D59|line_height:84px\u00a0\u00bb use_theme_fonts=\u00a0\u00bbyes\u00a0\u00bb css=\u00a0\u00bb.vc_custom_1749462364939{margin-bottom: 0px !important;margin-left: -5px !important;}\u00a0\u00bb el_class=\u00a0\u00bbheading-big\u00a0\u00bb][vc_empty_space height=\u00a0\u00bb25px\u00a0\u00bb][vc_custom_heading text=\u00a0\u00bbSOLAR POS Handler est un syst\u00e8me de traitement des paiements flexible et personnalisable qui dote votre entreprise d\u2019une plateforme de gestion des terminaux fiable et polyvalente. La solution tire &#8230; <a title=\"SOLAR POS Handler\" class=\"read-more\" href=\"https:\/\/solanteq.com\/fr\/solar-pos-handler\/\" aria-label=\"En savoir plus sur SOLAR POS Handler\">Read more<\/a><\/p>\n","protected":false},"author":3,"featured_media":0,"parent":0,"menu_order":0,"comment_status":"closed","ping_status":"closed","template":"","meta":{"footnotes":""},"class_list":["post-1012","page","type-page","status-publish"],"_links":{"self":[{"href":"https:\/\/solanteq.com\/fr\/wp-json\/wp\/v2\/pages\/1012","targetHints":{"allow":["GET"]}}],"collection":[{"href":"https:\/\/solanteq.com\/fr\/wp-json\/wp\/v2\/pages"}],"about":[{"href":"https:\/\/solanteq.com\/fr\/wp-json\/wp\/v2\/types\/page"}],"author":[{"embeddable":true,"href":"https:\/\/solanteq.com\/fr\/wp-json\/wp\/v2\/users\/3"}],"replies":[{"embeddable":true,"href":"https:\/\/solanteq.com\/fr\/wp-json\/wp\/v2\/comments?post=1012"}],"version-history":[{"count":3,"href":"https:\/\/solanteq.com\/fr\/wp-json\/wp\/v2\/pages\/1012\/revisions"}],"predecessor-version":[{"id":1636,"href":"https:\/\/solanteq.com\/fr\/wp-json\/wp\/v2\/pages\/1012\/revisions\/1636"}],"wp:attachment":[{"href":"https:\/\/solanteq.com\/fr\/wp-json\/wp\/v2\/media?parent=1012"}],"curies":[{"name":"wp","href":"https:\/\/api.w.org\/{rel}","templated":true}]}}