{"id":1014,"date":"2025-06-04T09:27:31","date_gmt":"2025-06-04T09:27:31","guid":{"rendered":"https:\/\/solanteq.web-design.ee\/solar-e-commerce\/"},"modified":"2025-06-12T11:36:22","modified_gmt":"2025-06-12T11:36:22","slug":"solar-e-commerce","status":"publish","type":"page","link":"https:\/\/solanteq.com\/fr\/solar-e-commerce\/","title":{"rendered":"SOLAR E-Commerce"},"content":{"rendered":"<div class=\"wpb-content-wrapper\"><p>[vc_row][vc_column][vc_raw_html css=\u00a0\u00bb.vc_custom_1749454042287{margin-bottom: 0px !important;}\u00a0\u00bb el_class=\u00a0\u00bbbreadcrumbs\u00a0\u00bb]JTNDYSUyMGhyZWYlM0QlMjIlMkYlMjIlM0VIb21lJTNDJTJGYSUzRSUyMCU3QyUyMFByb2R1aXRzJTIwJTdDJTIwJTNDc3BhbiUzRVNPTEFSJTIwRS1Db21tZXJjZSUzQyUyRnNwYW4lM0U=[\/vc_raw_html][\/vc_column][\/vc_row][vc_row css=\u00a0\u00bb.vc_custom_1747922304231{border-color: #FF0000 !important;}\u00a0\u00bb][vc_column][vc_empty_space height=\u00a0\u00bb40px\u00a0\u00bb][vc_custom_heading text=\u00a0\u00bb<b>SOLAR<\/b> E-Commerce \u2014 Tout pour le d\u00e9veloppement du commerce \u00e9lectronique\u00a0\u00bb font_container=\u00a0\u00bbtag:h1|font_size:64px|text_align:left|color:%23424D59|line_height:84px\u00a0\u00bb use_theme_fonts=\u00a0\u00bbyes\u00a0\u00bb css=\u00a0\u00bb.vc_custom_1749454156229{margin-bottom: 0px !important;margin-left: -5px !important;}\u00a0\u00bb el_class=\u00a0\u00bbheading-big\u00a0\u00bb][vc_empty_space height=\u00a0\u00bb25px\u00a0\u00bb][vc_custom_heading text=\u00a0\u00bbSOLAR E-Commerce est un module de pointe pour le traitement s\u00e9curis\u00e9 des transactions pour le commerce en ligne. La facilit\u00e9 d\u2019int\u00e9gration, les diverses options de paiement et la richesse des fonctionnalit\u00e9s de SOLAR E-Commerce permettent aux soci\u00e9t\u00e9s de traitement de se d\u00e9velopper avec succ\u00e8s et de mettre en \u0153uvre des projets dans le domaine concurrentiel des paiements en ligne.\u00a0\u00bb font_container=\u00a0\u00bbtag:p|font_size:20px|text_align:left|color:%23424D59|line_height:28px\u00a0\u00bb use_theme_fonts=\u00a0\u00bbyes\u00a0\u00bb css=\u00a0\u00bb.vc_custom_1749454166754{margin-bottom: 0px !important;}\u00a0\u00bb el_class=\u00a0\u00bbweight-light\u00a0\u00bb][vc_empty_space height=\u00a0\u00bb50px\u00a0\u00bb][\/vc_column][\/vc_row][vc_row full_width=\u00a0\u00bbstretch_row\u00a0\u00bb css=\u00a0\u00bb.vc_custom_1748962391931{padding-top: 100px !important;padding-bottom: 100px !important;background-color: #424D59 !important;background-position: center !important;background-repeat: no-repeat !important;background-size: cover !important;}\u00a0\u00bb el_class=\u00a0\u00bbdisable-row-overflow page-under-video-block\u00a0\u00bb][vc_column][vc_custom_heading text=\u00a0\u00bbPASSERELLE POUR LES PAIEMENTS PAR INTERNET\u00a0\u00bb font_container=\u00a0\u00bbtag:h2|font_size:36px|text_align:left|color:%23FFFFFF|line_height:44px\u00a0\u00bb use_theme_fonts=\u00a0\u00bbyes\u00a0\u00bb css=\u00a0\u00bb\u00a0\u00bb el_class=\u00a0\u00bbheading-big page-bits-title\u00a0\u00bb][vc_empty_space height=\u00a0\u00bb20px\u00a0\u00bb][vc_column_text css=\u00a0\u00bb\u00a0\u00bb]<span style=\"color: #ffffff;\">SOLAR E-Commerce permet les transactions entre les membres de l\u2019\u00e9cosyst\u00e8me de paiement \u00e9lectronique. Divers syst\u00e8mes et protocoles de paiement sont pris en charge (VISA, MasterCard, AMEX, JCB, UPI et autres), ainsi que des m\u00e9thodes de paiement alternatives.<\/span>[\/vc_column_text][vc_empty_space height=\u00a0\u00bb20px\u00a0\u00bb][vc_empty_space height=\u00a0\u00bb20px\u00a0\u00bb][vc_row_inner css=\u00a0\u00bb.vc_custom_1748967280488{border-top-width: 1px !important;border-right-width: 1px !important;border-bottom-width: 1px !important;border-left-width: 1px !important;padding-top: 40px !important;padding-right: 30px !important;padding-bottom: 40px !important;padding-left: 30px !important;background-color: #515D6A !important;border-radius: 20px !important;border-color: #515D6A !important;}\u00a0\u00bb][vc_column_inner][vc_raw_html css=\u00a0\u00bb\u00a0\u00bb el_class=\u00a0\u00bbbits-of-functionality much-text bulletlist\u00a0\u00bb]UHJpc2UlMjBlbiUyMGNoYXJnZSUyMGRlcyUyMG1veWVucyUyMGRlJTIwcGFpZW1lbnQlMjBsb2NhdXglMjBldCUyMGRlcyUyMHBvcnRlZmV1aWxsZXMlMjBkZSUyMHBhaWVtZW50JTNBJTIwUGF5cGFsJTJDJTIwQWxpcGF5JTJDJTIwTWFzdGVycGFzcyUyQyUyMFZpc2ElMjBDaGVja291dCUyQyUyMFdlQ2hhdCUyMFBheSUyMGV0Yy4=[\/vc_raw_html][vc_raw_html css=\u00a0\u00bb\u00a0\u00bb el_class=\u00a0\u00bbbits-of-functionality much-text bulletlist\u00a0\u00bb]UHJpc2UlMjBlbiUyMGNoYXJnZSUyMGRlcyUyMHNlcnZpY2VzJTIwZGUlMjBwYWllbWVudCUyMG1vYmlsZSUzQSUyMEFwcGxlJTIwUGF5JTJDJTIwU2Ftc3VuZyUyMFBheSUyMGV0JTIwR29vZ2xlJTIwUGF5Lg==[\/vc_raw_html][vc_raw_html css=\u00a0\u00bb\u00a0\u00bb el_class=\u00a0\u00bbbits-of-functionality much-text bulletlist\u00a0\u00bb]Q29ubmV4aW9uJTIwYXV4JTIwcHJlc3RhdGFpcmVzJTIwZGUlMjBzZXJ2aWNlcyUyMGRlJTIwcGFpZW1lbnQlMjAlMjhQU1AlMjklMjBldCUyMHBvc3NpYmlsaXQlQzMlQTklMjBkZSUyMG1ldHRyZSUyMGVuJTIwcGxhY2UlMjB2b3RyZSUyMHByb3ByZSUyMFBTUC4=[\/vc_raw_html][vc_raw_html css=\u00a0\u00bb\u00a0\u00bb el_class=\u00a0\u00bbbits-of-functionality much-text bulletlist\u00a0\u00bb]Q29ubmV4aW9uJTIwcmFwaWRlJTIwZGVzJTIwY29tbWVyJUMzJUE3YW50cyUyMHZpYSUyMGRlcyUyMEFQSSUyMHN0YW5kYXJkJTIwZXQlMjBsJTI3JUMzJUE5bXVsYXRpb24lMjBkZXMlMjBBUEklMjBkZXMlMjBhY3F1JUMzJUE5cmV1cnMlMjBldCUyMGRlcyUyMHByZXN0YXRhaXJlcyUyMGRlJTIwc2VydmljZXMlMjBkZSUyMHBhaWVtZW50JTIwJTI4UFNQJTI5JTIwcG91ciUyMGZhY2lsaXRlciUyMGxlcyUyMHRlc3RzJTIwZXQlMjBsZXMlMjBtaWdyYXRpb25zJTIwZHUlMjBzeXN0JUMzJUE4bWUlMjBldCUyMGxhJTIwbWlzZSUyMCVDMyVBMCUyMGRpc3Bvc2l0aW9uJTIwZCUyN3VuJTIwcGx1Zy1pbiUyMHByJUMzJUFBdCUyMCVDMyVBMCUyMGwlMjdlbXBsb2klMjBwb3VyJTIwbGVzJTIwc2l0ZXMu[\/vc_raw_html][vc_raw_html css=\u00a0\u00bb\u00a0\u00bb el_class=\u00a0\u00bbbits-of-functionality much-text bulletlist\u00a0\u00bb]VW4lMjBwb3J0YWlsJTIwbWFyY2hhbmQlMjBkZSUyMHBvaW50ZSUyMGF2ZWMlMjBkZXMlMjBwcm9maWxzJTIwZGUlMjBjbGllbnRzJTIwaW50JUMzJUE5Z3IlQzMlQTlzLg==[\/vc_raw_html][vc_raw_html css=\u00a0\u00bb\u00a0\u00bb el_class=\u00a0\u00bbbits-of-functionality much-text bulletlist\u00a0\u00bb]SW50JUMzJUE5Z3JhdGlvbiUyMGF2ZWMlMjBsZXMlMjBzb2x1dGlvbnMlMjBkZSUyMHRyYWl0ZW1lbnQu[\/vc_raw_html][vc_raw_html css=\u00a0\u00bb\u00a0\u00bb el_class=\u00a0\u00bbbits-of-functionality much-text bulletlist\u00a0\u00bb]UGFyYW0lQzMlQTh0cmVzJTIwZGUlMjBmYWN0dXJhdGlvbiUyMGZsZXhpYmxlcyUyMGV0JTIwcHJpc2UlMjBlbiUyMGNoYXJnZSUyMGRlJTIwZGlmZiVDMyVBOXJlbnRzJTIwbW9kJUMzJUE4bGVzJTIwZGUlMjB0YXJpZmljYXRpb24lMjAlM0ElMjB0YXJpZnMlMjBmaXhlcyUyMGV0JTIwZGlmZiVDMyVBOXJlbmNpJUMzJUE5cyUyMGFpbnNpJTIwcXVlJTIwdGFyaWZzJTIwY29tYmluJUMzJUE5cyUyMGVuJTIwZm9uY3Rpb24lMjBkZXMlMjB0YXV4JTIwZGVzJTIwc3lzdCVDMyVBOG1lcyUyMGRlJTIwcGFpZW1lbnQlMjAlMjhJbnRlcmNoYW5nZSUyQiUyQiUyOS4=[\/vc_raw_html][vc_raw_html css=\u00a0\u00bb\u00a0\u00bb el_class=\u00a0\u00bbbits-of-functionality much-text bulletlist\u00a0\u00bb]U09MQVIlMjBGcmF1ZCUyMFByZXZlbnRpb24lMjBpbnQlQzMlQTlnciVDMyVBOSUyMHBvdXIlMjBzdXJ2ZWlsbGVyJTIwbGVzJTIwdHJhbnNhY3Rpb25zJTIwZXQlMjBjb250cmVyJTIwbGElMjBmcmF1ZGUu[\/vc_raw_html][vc_raw_html css=\u00a0\u00bb\u00a0\u00bb el_class=\u00a0\u00bbbits-of-functionality much-text bulletlist\u00a0\u00bb]SW50ZXJmYWNlJTIwdXRpbGlzYXRldXIlMjBjb252aXZpYWxlLg==[\/vc_raw_html][vc_raw_html css=\u00a0\u00bb\u00a0\u00bb el_class=\u00a0\u00bbbits-of-functionality much-text bulletlist\u00a0\u00bb]U3lzdCVDMyVBOG1lJTIwZGUlMjB0cmFpdGVtZW50JTIwZHUlMjBjeWNsZSUyMGRlcyUyMGxpdGlnZXMlMjBwb3VyJTIwciVDMyVBOWR1aXJlJTIwbGUlMjBjbyVDMyVCQnQlMjBkZSUyMGxhJTIwciVDMyVBOXNvbHV0aW9uJTIwZGVzJTIwdHJhbnNhY3Rpb25zJTIwbGl0aWdpZXVzZXMu[\/vc_raw_html][vc_raw_html css=\u00a0\u00bb\u00a0\u00bb el_class=\u00a0\u00bbbits-of-functionality much-text bulletlist\u00a0\u00bb]UHJpc2UlMjBlbiUyMGNoYXJnZSUyMGNvbXBsJUMzJUE4dGUlMjBkZSUyMGxhJTIwdGVjaG5vbG9naWUlMjAzLUQlMjBTZWN1cmUlMjAlM0ElMjBsZSUyMG1vZHVsZSUyMGVzdCUyMGNlcnRpZmklQzMlQTklMjBwb3VyJTIwZm9uY3Rpb25uZXIlMjBhdmVjJTIwdG91cyUyMGxlcyUyMHNlcnZpY2VzJTIwY291cmFudHMlMjAlRTIlODAlOTQlMjBWaXNhJTIwU2VjdXJlJTJDJTIwTWFzdGVyY2FyZCUyMFNlY3VyZUNvZGUlMkMlMjBBbWVyaWNhbiUyMEV4cHJlc3MlMjBTYWZlS2V5JTJDJTIwSkNCJTIwSiUyRlNlY3VyZSUyQyUyMFVQSSUyMFNlY3VyZVBheSUyMGV0JTIwU2VjdXJlUGx1cy4=[\/vc_raw_html][vc_raw_html css=\u00a0\u00bb\u00a0\u00bb el_class=\u00a0\u00bbbits-of-functionality much-text bulletlist\u00a0\u00bb]QXJjaGl0ZWN0dXJlJTIwZXQlMjBtb2QlQzMlQThsZXMlMjBkZSUyMGQlQzMlQTlwbG9pZW1lbnQlMjBmbGV4aWJsZXMu[\/vc_raw_html][\/vc_column_inner][\/vc_row_inner][vc_empty_space height=\u00a0\u00bb40px\u00a0\u00bb][vc_column_text css=\u00a0\u00bb\u00a0\u00bb]<span style=\"color: #ffffff;\">Le module peut \u00eatre utilis\u00e9 comme un produit complet ou livr\u00e9 sous forme de composants individuels pour am\u00e9liorer une plateforme existante.<\/span>[\/vc_column_text][vc_empty_space height=\u00a0\u00bb40px\u00a0\u00bb][vc_single_image image=\u00a0\u00bb1244&Prime; img_size=\u00a0\u00bbfull\u00a0\u00bb alignment=\u00a0\u00bbcenter\u00a0\u00bb css=\u00a0\u00bb.vc_custom_1749459177136{padding-top: 20px !important;padding-right: 20px !important;padding-bottom: 20px !important;padding-left: 20px !important;background-color: #FFFFFF !important;border-radius: 20px !important;}\u00a0\u00bb el_class=\u00a0\u00bbborder-radius20&Prime;][vc_empty_space height=\u00a0\u00bb40px\u00a0\u00bb][vc_row_inner equal_height=\u00a0\u00bbyes\u00a0\u00bb content_placement=\u00a0\u00bbmiddle\u00a0\u00bb css=\u00a0\u00bb.vc_custom_1748968639058{border-top-width: 1px !important;border-right-width: 1px !important;border-bottom-width: 1px !important;border-left-width: 1px !important;padding-top: 40px !important;padding-bottom: 40px !important;background-color: #E8432D !important;border-left-style: solid !important;border-right-style: solid !important;border-top-style: solid !important;border-bottom-style: solid !important;border-radius: 20px !important;border-color: #E8432D !important;}\u00a0\u00bb][vc_column_inner el_class=\u00a0\u00bbbenefit-icon-col\u00a0\u00bb width=\u00a0\u00bb1\/6&Prime;][vc_empty_space height=\u00a0\u00bb30px\u00a0\u00bb el_class=\u00a0\u00bbmobile-off\u00a0\u00bb][vc_icon icon_fontawesome=\u00a0\u00bbfa fa-regular fa-lightbulb\u00a0\u00bb color=\u00a0\u00bbwhite\u00a0\u00bb size=\u00a0\u00bbxl\u00a0\u00bb align=\u00a0\u00bbcenter\u00a0\u00bb css=\u00a0\u00bb\u00a0\u00bb][\/vc_column_inner][vc_column_inner el_class=\u00a0\u00bbbenefit-content-col\u00a0\u00bb width=\u00a0\u00bb5\/6&Prime; css=\u00a0\u00bb.vc_custom_1748968779705{padding-right: 50px !important;padding-left: 50px !important;}\u00a0\u00bb][vc_column_text css=\u00a0\u00bb\u00a0\u00bb]<span style=\"color: #ffffff;\">La soci\u00e9t\u00e9 Solanteq, le d\u00e9veloppeur de la plateforme SOLAR, est sp\u00e9cialis\u00e9e dans la cr\u00e9ation de composants innovants pour la mise en place de solutions de paiement et d&rsquo;applications num\u00e9riques. Les produits logiciels de SOLAR sont facilement \u00e9volutifs, s&rsquo;int\u00e8grent nativement dans les environnements cloud, offrent une r\u00e9sistance maximale aux pannes et peuvent \u00eatre fournis sous forme de conteneurs, adapt\u00e9s de mani\u00e8re flexible aux demandes des clients. La plateforme SOLAR est universelle pour le d\u00e9veloppement des activit\u00e9s de d\u00e9tail des banques et des soci\u00e9t\u00e9s de traitement.<\/span>[\/vc_column_text][\/vc_column_inner][\/vc_row_inner][vc_empty_space height=\u00a0\u00bb40px\u00a0\u00bb][vc_custom_heading text=\u00a0\u00bbAM\u00c9LIORATION DE LA QUALIT\u00c9 DE L\u2019INTERACTION AVEC LE CLIENT\u00a0\u00bb font_container=\u00a0\u00bbtag:h2|font_size:36px|text_align:left|color:%23FFFFFF|line_height:44px\u00a0\u00bb use_theme_fonts=\u00a0\u00bbyes\u00a0\u00bb css=\u00a0\u00bb\u00a0\u00bb el_class=\u00a0\u00bbheading-big page-bits-title\u00a0\u00bb][vc_empty_space height=\u00a0\u00bb20px\u00a0\u00bb][vc_column_text css=\u00a0\u00bb\u00a0\u00bb]<span style=\"color: #ffffff;\">SOLAR E-Commerce renforce la confiance des commer\u00e7ants et des titulaires de cartes dans les paiements en ligne, ce qui contribue \u00e0 augmenter le chiffre d\u2019affaires. Le module permet aux commer\u00e7ants d\u2019utiliser des profils personnels int\u00e9gr\u00e9s et de partager de mani\u00e8re flexible les droits d\u2019acc\u00e8s des employ\u00e9s, tandis que les clients peuvent effectuer des transactions en ligne ou dans l\u2019application mobile sans avoir \u00e0 saisir les d\u00e9tails de leur carte \u00e0 chaque achat ult\u00e9rieur (card\/credential-on-file).<\/span><\/p>\n<p><span style=\"color: #ffffff;\">Avec SOLAR E-Commerce, les commer\u00e7ants sont en mesure d\u2019int\u00e9grer de mani\u00e8re transparente le processus de paiement, ce qui le rend convivial. Les boutiques en ligne peuvent augmenter leur attrait visuel en concevant l\u2019apparence de leurs \u00e9crans de paiement dans le style de la conception de leur site web.<\/span>[\/vc_column_text][vc_empty_space height=\u00a0\u00bb20px\u00a0\u00bb][vc_custom_heading text=\u00a0\u00bbPAIEMENTS SOUS CONTR\u00d4LE\u00a0\u00bb font_container=\u00a0\u00bbtag:h2|font_size:36px|text_align:left|color:%23FFFFFF|line_height:44px\u00a0\u00bb use_theme_fonts=\u00a0\u00bbyes\u00a0\u00bb css=\u00a0\u00bb\u00a0\u00bb el_class=\u00a0\u00bbheading-big page-bits-title\u00a0\u00bb][vc_empty_space height=\u00a0\u00bb20px\u00a0\u00bb][vc_column_text css=\u00a0\u00bb\u00a0\u00bb]<span style=\"color: #ffffff;\">La solution assure la confidentialit\u00e9 et la s\u00e9curit\u00e9 des transactions en combinant les capacit\u00e9s d\u2019authentification 3-D Secure avec les modules int\u00e9gr\u00e9s SOLAR 3DS Server et SOLAR ACS et un syst\u00e8me anti-fraude complet, SOLAR Fraud Prevention.<\/span><\/p>\n<p><span style=\"color: #ffffff;\">SOLAR Fraud Prevention analyse les transactions sur la base d\u2019un ensemble flexible de r\u00e8gles et peut garantir une r\u00e9ponse tr\u00e8s efficace aux actions des malfaiteurs en temps r\u00e9el en exploitant la puissance de l\u2019apprentissage automatique et de l\u2019analyse comportementale.<\/span><\/p>\n<p><span style=\"color: #ffffff;\">Dans le cadre de ses fonctionnalit\u00e9s, SOLAR E-Commerce fournit des m\u00e9thodes de s\u00e9curit\u00e9 suppl\u00e9mentaires, telles que la v\u00e9rification des signatures num\u00e9riques, la technologie DPA\/CAP (Dynamic PassCode Authentication\/Chip Authentication Program), et divers certificats d\u2019acc\u00e8s.<\/span>[\/vc_column_text][vc_empty_space height=\u00a0\u00bb20px\u00a0\u00bb][vc_custom_heading text=\u00a0\u00bbD\u00c9MARRAGE ET INT\u00c9GRATION FACILES AVEC TOUS LES SYST\u00c8MES\u00a0\u00bb font_container=\u00a0\u00bbtag:h2|font_size:36px|text_align:left|color:%23FFFFFF|line_height:44px\u00a0\u00bb use_theme_fonts=\u00a0\u00bbyes\u00a0\u00bb css=\u00a0\u00bb\u00a0\u00bb el_class=\u00a0\u00bbheading-big page-bits-title\u00a0\u00bb][vc_empty_space height=\u00a0\u00bb20px\u00a0\u00bb][vc_row_inner css=\u00a0\u00bb.vc_custom_1748969047907{border-top-width: 1px !important;border-right-width: 1px !important;border-bottom-width: 1px !important;border-left-width: 1px !important;padding-top: 40px !important;padding-right: 30px !important;padding-bottom: 40px !important;padding-left: 30px !important;background-color: #515D6A !important;border-radius: 20px !important;border-color: #515D6A !important;}\u00a0\u00bb][vc_column_inner][vc_raw_html css=\u00a0\u00bb\u00a0\u00bb el_class=\u00a0\u00bbbits-of-functionality much-text bulletlist\u00a0\u00bb]SW5zdGFsbGF0aW9uJTJDJTIwbGFuY2VtZW50JTIwZXQlMjBpbnQlQzMlQTlncmF0aW9uJTIwZGFucyUyMHVuJTIwZCVDMyVBOWxhaSUyMGRlJTIwMiUyMCVDMyVBMCUyMDQlMjBtb2lzLg==[\/vc_raw_html][vc_raw_html css=\u00a0\u00bb\u00a0\u00bb el_class=\u00a0\u00bbbits-of-functionality much-text bulletlist\u00a0\u00bb]RmFpYmxlcyUyMGV4aWdlbmNlcyUyMG1hdCVDMyVBOXJpZWxsZXMlMjBldCUyMGNvJUMzJUJCdHMlMjBtaW5pbWVzJTIwZGUlMjBsb2dpY2llbCUyMHN5c3QlQzMlQThtZS4=[\/vc_raw_html][vc_raw_html css=\u00a0\u00bb\u00a0\u00bb el_class=\u00a0\u00bbbits-of-functionality much-text bulletlist\u00a0\u00bb]UHJvY2Vzc3VzJTIwcHIlQzMlQUF0cyUyMCVDMyVBMCUyMGwlMjdlbXBsb2klMjBldCUyMGRlcyUyMCVDMyVBOWNyYW5zJTIwcGVyc29ubmFsaXNhYmxlcy4=[\/vc_raw_html][vc_raw_html css=\u00a0\u00bb\u00a0\u00bb el_class=\u00a0\u00bbbits-of-functionality much-text bulletlist\u00a0\u00bb]UGxhdGVmb3JtZSUyMG9yaWVudCVDMyVBOWUlMjBwb3VyJTIwdW5lJTIwaW50JUMzJUE5Z3JhdGlvbiUyMGZhY2lsZSUyMGF2ZWMlMjB2b3MlMjBwcm9kdWl0cy4=[\/vc_raw_html][vc_raw_html css=\u00a0\u00bb\u00a0\u00bb el_class=\u00a0\u00bbbits-of-functionality much-text bulletlist\u00a0\u00bb]SW50JUMzJUE5Z3JhdGlvbiUyMGF2ZWMlMjBkZXMlMjBzZXJ2aWNlcyUyMGRlJTIwdiVDMyVBOXJpZmljYXRpb24lMjBkZSUyMGxhJTIwY29uZm9ybWl0JUMzJUE5JTIwZGVzJTIwY29tbWVyJUMzJUE3YW50cyUyMCVDMyVBMCUyMGxhJTIwbCVDMyVBOWdpc2xhdGlvbiUyMHJlbGF0aXZlJTIwJUMzJUEwJTIwbGElMjBsdXR0ZSUyMGNvbnRyZSUyMGxlJTIwYmxhbmNoaW1lbnQlMjBkJTI3YXJnZW50JTIwZXQlMjBsZSUyMGZpbmFuY2VtZW50JTIwZHUlMjB0ZXJyb3Jpc21lLg==[\/vc_raw_html][\/vc_column_inner][\/vc_row_inner][vc_empty_space height=\u00a0\u00bb40px\u00a0\u00bb][vc_custom_heading text=\u00a0\u00bb\u00c9VOLUTIVIT\u00c9 ET TOL\u00c9RANCE AUX PANNES\u00a0\u00bb font_container=\u00a0\u00bbtag:h2|font_size:36px|text_align:left|color:%23FFFFFF|line_height:44px\u00a0\u00bb use_theme_fonts=\u00a0\u00bbyes\u00a0\u00bb css=\u00a0\u00bb\u00a0\u00bb el_class=\u00a0\u00bbheading-big page-bits-title\u00a0\u00bb][vc_empty_space height=\u00a0\u00bb20px\u00a0\u00bb][vc_column_text css=\u00a0\u00bb\u00a0\u00bb]<\/p>\n<div class=\"wpb_text_column wpb_content_element\">\n<div class=\"wpb_wrapper\">\n<div class=\"wpb_text_column wpb_content_element color-scheme-light\">\n<div class=\"wpb_wrapper\">\n<p><span style=\"color: #ffffff;\">SOLAR E-Commerce fonctionne de mani\u00e8re stable lors des p\u00e9riodes de pointe, de forte activit\u00e9 des utilisateurs, de volumes de transactions \u00e9lev\u00e9s pendant les promotions et les soldes.<\/span><\/p>\n<p><span style=\"color: #ffffff;\">SOLAR E-Commerce, comme les autres solutions SOLAR, est \u00e9volutif horizontalement et ne n\u00e9cessite pas de co\u00fbts importants en termes de mat\u00e9riel et de logiciel syst\u00e8me.<\/span><\/p>\n<\/div>\n<\/div>\n<\/div>\n<\/div>\n<p>[\/vc_column_text][vc_empty_space height=\u00a0\u00bb40px\u00a0\u00bb][vc_custom_heading text=\u00a0\u00bbUNE CONTRIBUTION PUISSANTE AU SOUTIEN DE VOTRE ENTREPRISE\u00a0\u00bb font_container=\u00a0\u00bbtag:h2|font_size:36px|text_align:left|color:%23FFFFFF|line_height:44px\u00a0\u00bb use_theme_fonts=\u00a0\u00bbyes\u00a0\u00bb css=\u00a0\u00bb\u00a0\u00bb el_class=\u00a0\u00bbheading-big page-bits-title\u00a0\u00bb][vc_empty_space height=\u00a0\u00bb20px\u00a0\u00bb][vc_column_text css=\u00a0\u00bb\u00a0\u00bb]<\/p>\n<div class=\"wpb_text_column wpb_content_element\">\n<div class=\"wpb_wrapper\">\n<div class=\"wpb_text_column wpb_content_element color-scheme-light\">\n<div class=\"wpb_wrapper\">\n<p><span style=\"color: #ffffff;\">SOLAR E-Commerce est une passerelle unique pour tous les types de paiements en ligne et peut \u00eatre compl\u00e9t\u00e9e par le module SOLAR Mobile, une solution de pointe pour les services bancaires mobiles et en ligne qui offre une vitrine fonctionnelle et esth\u00e9tique pour tout type de service de paiement en ligne.<\/span><\/p>\n<p><span style=\"color: #ffffff;\">Le module permet aux commer\u00e7ants et aux employ\u00e9s de banque de visualiser des informations d\u00e9taill\u00e9es sur les commandes et les paiements et de g\u00e9n\u00e9rer des demandes d\u2019annulation et de remboursement. La solution est con\u00e7ue pour assurer un traitement fluide des transactions sur tous les canaux, en reconnaissant et en emp\u00eachant les transactions frauduleuses et en maintenant des taux de conversion \u00e9lev\u00e9s.<\/span><\/p>\n<\/div>\n<\/div>\n<\/div>\n<\/div>\n<p>[\/vc_column_text][\/vc_column][\/vc_row][vc_row full_width=\u00a0\u00bbstretch_row\u00a0\u00bb equal_height=\u00a0\u00bbyes\u00a0\u00bb content_placement=\u00a0\u00bbmiddle\u00a0\u00bb css=\u00a0\u00bb.vc_custom_1748969789929{margin-bottom: -40px !important;padding-top: 30px !important;padding-bottom: 30px !important;background-color: #E8432D !important;}\u00a0\u00bb][vc_column width=\u00a0\u00bb1\/6&Prime; css=\u00a0\u00bb.vc_custom_1748443670093{border-color: #FFFFFF !important;}\u00a0\u00bb el_class=\u00a0\u00bbbenefit-icon-col\u00a0\u00bb][vc_empty_space height=\u00a0\u00bb30px\u00a0\u00bb el_class=\u00a0\u00bbmobile-off\u00a0\u00bb][vc_icon icon_fontawesome=\u00a0\u00bbfa fa-regular fa-envelope-open\u00a0\u00bb color=\u00a0\u00bbwhite\u00a0\u00bb size=\u00a0\u00bbxl\u00a0\u00bb align=\u00a0\u00bbcenter\u00a0\u00bb css=\u00a0\u00bb\u00a0\u00bb][\/vc_column][vc_column width=\u00a0\u00bb5\/6&Prime; el_class=\u00a0\u00bbbenefit-content-col\u00a0\u00bb][vc_custom_heading text=\u00a0\u00bbNous sommes convaincus que SOLAR E-Commerce deviendra votre outil indispensable dans le monde des paiements \u00e9lectroniques.\u00a0\u00bb font_container=\u00a0\u00bbtag:h3|font_size:32px|text_align:left|color:%23FFFFFF|line_height:34px\u00a0\u00bb use_theme_fonts=\u00a0\u00bbyes\u00a0\u00bb css=\u00a0\u00bb.vc_custom_1749455980600{margin-bottom: 10px !important;}\u00a0\u00bb el_class=\u00a0\u00bbweight-regular\u00a0\u00bb][vc_custom_heading text=\u00a0\u00bbContactez-nous, nous serons heureux d&rsquo;organiser une d\u00e9monstration et de r\u00e9pondre en d\u00e9tail \u00e0 toutes vos questions.\u00a0\u00bb font_container=\u00a0\u00bbtag:h3|font_size:20px|text_align:left|color:%23FFFFFF|line_height:28px\u00a0\u00bb use_theme_fonts=\u00a0\u00bbyes\u00a0\u00bb css=\u00a0\u00bb.vc_custom_1749455993665{margin-bottom: 10px !important;}\u00a0\u00bb][vc_empty_space height=\u00a0\u00bb30px\u00a0\u00bb][vc_btn title=\u00a0\u00bbContact\u00a0\u00bb style=\u00a0\u00bbcustom\u00a0\u00bb custom_background=\u00a0\u00bb#E8432D\u00a0\u00bb custom_text=\u00a0\u00bb#FFFFFF\u00a0\u00bb shape=\u00a0\u00bbround\u00a0\u00bb size=\u00a0\u00bblg\u00a0\u00bb align=\u00a0\u00bbleft\u00a0\u00bb css=\u00a0\u00bb.vc_custom_1749728180539{margin-bottom: 0px !important;border-color: #FFFFFF !important;}\u00a0\u00bb link=\u00a0\u00bburl:%23&Prime; el_class=\u00a0\u00bbbutton-red-bg popmake-1552&Prime;][\/vc_column][\/vc_row]<\/p>\n<\/div>","protected":false},"excerpt":{"rendered":"<p>[vc_row][vc_column][vc_raw_html css=\u00a0\u00bb.vc_custom_1749454042287{margin-bottom: 0px !important;}\u00a0\u00bb el_class=\u00a0\u00bbbreadcrumbs\u00a0\u00bb]JTNDYSUyMGhyZWYlM0QlMjIlMkYlMjIlM0VIb21lJTNDJTJGYSUzRSUyMCU3QyUyMFByb2R1aXRzJTIwJTdDJTIwJTNDc3BhbiUzRVNPTEFSJTIwRS1Db21tZXJjZSUzQyUyRnNwYW4lM0U=[\/vc_raw_html][\/vc_column][\/vc_row][vc_row css=\u00a0\u00bb.vc_custom_1747922304231{border-color: #FF0000 !important;}\u00a0\u00bb][vc_column][vc_empty_space height=\u00a0\u00bb40px\u00a0\u00bb][vc_custom_heading text=\u00a0\u00bbSOLAR E-Commerce \u2014 Tout pour le d\u00e9veloppement du commerce \u00e9lectronique\u00a0\u00bb font_container=\u00a0\u00bbtag:h1|font_size:64px|text_align:left|color:%23424D59|line_height:84px\u00a0\u00bb use_theme_fonts=\u00a0\u00bbyes\u00a0\u00bb css=\u00a0\u00bb.vc_custom_1749454156229{margin-bottom: 0px !important;margin-left: -5px !important;}\u00a0\u00bb el_class=\u00a0\u00bbheading-big\u00a0\u00bb][vc_empty_space height=\u00a0\u00bb25px\u00a0\u00bb][vc_custom_heading text=\u00a0\u00bbSOLAR E-Commerce est un module de pointe pour le traitement s\u00e9curis\u00e9 des transactions pour le commerce en ligne. La facilit\u00e9 d\u2019int\u00e9gration, les diverses options de paiement et &#8230; <a title=\"SOLAR E-Commerce\" class=\"read-more\" href=\"https:\/\/solanteq.com\/fr\/solar-e-commerce\/\" aria-label=\"En savoir plus sur SOLAR E-Commerce\">Read more<\/a><\/p>\n","protected":false},"author":3,"featured_media":0,"parent":0,"menu_order":0,"comment_status":"closed","ping_status":"closed","template":"","meta":{"footnotes":""},"class_list":["post-1014","page","type-page","status-publish"],"_links":{"self":[{"href":"https:\/\/solanteq.com\/fr\/wp-json\/wp\/v2\/pages\/1014","targetHints":{"allow":["GET"]}}],"collection":[{"href":"https:\/\/solanteq.com\/fr\/wp-json\/wp\/v2\/pages"}],"about":[{"href":"https:\/\/solanteq.com\/fr\/wp-json\/wp\/v2\/types\/page"}],"author":[{"embeddable":true,"href":"https:\/\/solanteq.com\/fr\/wp-json\/wp\/v2\/users\/3"}],"replies":[{"embeddable":true,"href":"https:\/\/solanteq.com\/fr\/wp-json\/wp\/v2\/comments?post=1014"}],"version-history":[{"count":6,"href":"https:\/\/solanteq.com\/fr\/wp-json\/wp\/v2\/pages\/1014\/revisions"}],"predecessor-version":[{"id":1629,"href":"https:\/\/solanteq.com\/fr\/wp-json\/wp\/v2\/pages\/1014\/revisions\/1629"}],"wp:attachment":[{"href":"https:\/\/solanteq.com\/fr\/wp-json\/wp\/v2\/media?parent=1014"}],"curies":[{"name":"wp","href":"https:\/\/api.w.org\/{rel}","templated":true}]}}