{"id":1016,"date":"2025-06-03T16:07:09","date_gmt":"2025-06-03T16:07:09","guid":{"rendered":"https:\/\/solanteq.web-design.ee\/solar-acquiring\/"},"modified":"2025-06-12T11:35:38","modified_gmt":"2025-06-12T11:35:38","slug":"solar-acquiring","status":"publish","type":"page","link":"https:\/\/solanteq.com\/fr\/solar-acquiring\/","title":{"rendered":"SOLAR Acquiring"},"content":{"rendered":"<div class=\"wpb-content-wrapper\"><p>[vc_row][vc_column][vc_raw_html css=\u00a0\u00bb.vc_custom_1749451178208{margin-bottom: 0px !important;}\u00a0\u00bb el_class=\u00a0\u00bbbreadcrumbs\u00a0\u00bb]JTNDYSUyMGhyZWYlM0QlMjIlMkYlMjIlM0VIb21lJTNDJTJGYSUzRSUyMCU3QyUyMFByb2R1aXRzJTIwJTdDJTIwJTNDc3BhbiUzRVNvbGFyJTIwYWNxdWlyaW5nJTNDJTJGc3BhbiUzRQ==[\/vc_raw_html][\/vc_column][\/vc_row][vc_row css=\u00a0\u00bb.vc_custom_1747922304231{border-color: #FF0000 !important;}\u00a0\u00bb][vc_column][vc_empty_space height=\u00a0\u00bb40px\u00a0\u00bb][vc_custom_heading text=\u00a0\u00bb<b>SOLAR<\/b> Acquiring \u2014 Le syst\u00e8me complet du service d&rsquo;acquisition\u00a0\u00bb font_container=\u00a0\u00bbtag:h1|font_size:64px|text_align:left|color:%23424D59|line_height:84px\u00a0\u00bb use_theme_fonts=\u00a0\u00bbyes\u00a0\u00bb css=\u00a0\u00bb.vc_custom_1749452087983{margin-bottom: 0px !important;margin-left: -5px !important;}\u00a0\u00bb el_class=\u00a0\u00bbheading-big\u00a0\u00bb][vc_empty_space height=\u00a0\u00bb25px\u00a0\u00bb][vc_custom_heading text=\u00a0\u00bbSolar acquiring est la solution optimale pour les acqu\u00e9reurs qui souhaitent op\u00e9rer avec succ\u00e8s dans un environnement de paiement multicanal et g\u00e9rer efficacement le traitement des paiements.\u00a0\u00bb font_container=\u00a0\u00bbtag:p|font_size:20px|text_align:left|color:%23424D59|line_height:28px\u00a0\u00bb use_theme_fonts=\u00a0\u00bbyes\u00a0\u00bb css=\u00a0\u00bb.vc_custom_1749451206549{margin-bottom: 0px !important;}\u00a0\u00bb el_class=\u00a0\u00bbweight-light\u00a0\u00bb][vc_empty_space height=\u00a0\u00bb50px\u00a0\u00bb][\/vc_column][\/vc_row][vc_row full_width=\u00a0\u00bbstretch_row\u00a0\u00bb css=\u00a0\u00bb.vc_custom_1748962391931{padding-top: 100px !important;padding-bottom: 100px !important;background-color: #424D59 !important;background-position: center !important;background-repeat: no-repeat !important;background-size: cover !important;}\u00a0\u00bb el_class=\u00a0\u00bbdisable-row-overflow page-under-video-block\u00a0\u00bb][vc_column][vc_custom_heading text=\u00a0\u00bbFONCTIONNALIT\u00c9 COMPL\u00c8TE\u00a0\u00bb font_container=\u00a0\u00bbtag:h2|font_size:36px|text_align:left|color:%23FFFFFF|line_height:44px\u00a0\u00bb use_theme_fonts=\u00a0\u00bbyes\u00a0\u00bb css=\u00a0\u00bb\u00a0\u00bb el_class=\u00a0\u00bbheading-big page-bits-title\u00a0\u00bb][vc_empty_space height=\u00a0\u00bb20px\u00a0\u00bb][vc_column_text css=\u00a0\u00bb\u00a0\u00bb]<\/p>\n<div class=\"wpb_text_column wpb_content_element\">\n<div class=\"wpb_wrapper\">\n<div class=\"wpb_text_column wpb_content_element color-scheme-light\">\n<div class=\"wpb_wrapper\">\n<p><span style=\"color: #ffffff;\">SOLAR Acquiring assure une connectivit\u00e9 rapide des commer\u00e7ants et l\u2019acceptation des paiements par le biais d\u2019une vari\u00e9t\u00e9 de m\u00e9thodes de paiement, fournissant aux acqu\u00e9reurs des donn\u00e9es compl\u00e8tes en temps r\u00e9el sur le parcours de paiement de l\u2019acheteur au commer\u00e7ant.<\/span><\/p>\n<\/div>\n<\/div>\n<\/div>\n<\/div>\n<p>[\/vc_column_text][vc_empty_space height=\u00a0\u00bb20px\u00a0\u00bb][vc_empty_space height=\u00a0\u00bb20px\u00a0\u00bb][vc_row_inner css=\u00a0\u00bb.vc_custom_1748967280488{border-top-width: 1px !important;border-right-width: 1px !important;border-bottom-width: 1px !important;border-left-width: 1px !important;padding-top: 40px !important;padding-right: 30px !important;padding-bottom: 40px !important;padding-left: 30px !important;background-color: #515D6A !important;border-radius: 20px !important;border-color: #515D6A !important;}\u00a0\u00bb][vc_column_inner][vc_raw_html css=\u00a0\u00bb\u00a0\u00bb el_class=\u00a0\u00bbbits-of-functionality much-text bulletlist\u00a0\u00bb]RW5yZWdpc3RyZW1lbnQlMjBkZXMlMjBkaXNwb3NpdGlmcyUyMGV0JTIwZGVzJTIwY29tbWVyJUMzJUE3YW50cyUyMGF2ZWMlMjB1biUyMHN5c3QlQzMlQThtZSUyMGNvbnZpdmlhbCUyMGRlJTIwcmVwciVDMyVBOXNlbnRhdGlvbiUyMGhpJUMzJUE5cmFyY2hpcXVlJTJDJTIwZGVzJTIwcGV0aXRzJTIwcG9pbnRzJTIwZGUlMjB2ZW50ZSUyMGF1eCUyMGdyYW5kZXMlMjBjaGElQzMlQUVuZXMlMjBkZSUyMG1hZ2FzaW5zLg==[\/vc_raw_html][vc_raw_html css=\u00a0\u00bb\u00a0\u00bb el_class=\u00a0\u00bbbits-of-functionality much-text bulletlist\u00a0\u00bb]UHJpc2UlMjBlbiUyMGNoYXJnZSUyMGRlJTIwZGl2ZXJzJTIwcHJvdG9jb2xlcyUyMGV0JTIwc3lzdCVDMyVBOG1lcyUyMGRlJTIwcGFpZW1lbnQlMjAlMjhWSVNBJTJDJTIwTWFzdGVyQ2FyZCUyQyUyMEFNRVglMkMlMjBKQ0IlMkMlMjBVUEklMkMlMjBldGMuJTI5JTJDJTIwYWluc2klMjBxdWUlMjBkZSUyMGRpdmVyc2VzJTIwbSVDMyVBOXRob2RlcyUyMGRlJTIwcGFpZW1lbnQlMjBhbHRlcm5hdGl2ZXMlMjAlMjhQYXlQYWwlMkMlMjBBbGlwYXklMkMlMjBNYXN0ZXJwYXNzJTJDJTIwcG9ydGVmZXVpbGxlcyUyMFlvb01vbmV5JTJDJTIwZXRjLiUyOS4=[\/vc_raw_html][vc_raw_html css=\u00a0\u00bb\u00a0\u00bb el_class=\u00a0\u00bbbits-of-functionality much-text bulletlist\u00a0\u00bb]UGFyYW0lQzMlQTh0cmVzJTIwZGUlMjBmYWN0dXJhdGlvbiUyMGZsZXhpYmxlcyUyMGV0JTIwcHJpc2UlMjBlbiUyMGNoYXJnZSUyMGRlJTIwZGlmZiVDMyVBOXJlbnRzJTIwbW9kJUMzJUE4bGVzJTIwZGUlMjB0YXJpZmljYXRpb24lMjAlM0ElMjBkZXMlMjB0YXJpZnMlMjBmaXhlcyUyMGV0JTIwZGlmZiVDMyVBOXJlbmNpJUMzJUE5cyUyMGFpbnNpJTIwcXVlJTIwZGVzJTIwdGFyaWZzJTIwY29tYmluJUMzJUE5cyUyMGVuJTIwZm9uY3Rpb24lMjBkZXMlMjB0YXV4JTIwZGVzJTIwc3lzdCVDMyVBOG1lcyUyMGRlJTIwcGFpZW1lbnQlMjAlMjhJbnRlcmNoYW5nZSUyQiUyQiUyOS4=[\/vc_raw_html][vc_raw_html css=\u00a0\u00bb\u00a0\u00bb el_class=\u00a0\u00bbbits-of-functionality much-text bulletlist\u00a0\u00bb]U3lzdCVDMyVBOG1lJTIwZGUlMjB0cmFpdGVtZW50JTIwZGUlMjBsYSUyMGZhY3R1cmF0aW9uJTJDJTIwZGUlMjBsYSUyMGNvbXBlbnNhdGlvbiUyQyUyMGRlJTIwbGElMjBjb21wdGFiaWxpdCVDMyVBOSUyMGV0JTIwZHUlMjBjeWNsZSUyMGRlcyUyMGxpdGlnZXMu[\/vc_raw_html][vc_raw_html css=\u00a0\u00bb\u00a0\u00bb el_class=\u00a0\u00bbbits-of-functionality much-text bulletlist\u00a0\u00bb]Q3IlQzMlQTlhdGlvbiUyMGRlcyUyMHJhcHBvcnRzJTIwaW5mb3JtYXRpZnMu[\/vc_raw_html][vc_raw_html css=\u00a0\u00bb\u00a0\u00bb el_class=\u00a0\u00bbbits-of-functionality much-text bulletlist\u00a0\u00bb]UHJpc2UlMjBlbiUyMGNoYXJnZSUyMGRlcyUyMHRlcm1pbmF1eCUyMHZpcnR1ZWxzJTIwZXQlMjBtdWx0aWRldmlzZXMu[\/vc_raw_html][vc_raw_html css=\u00a0\u00bb\u00a0\u00bb el_class=\u00a0\u00bbbits-of-functionality much-text bulletlist\u00a0\u00bb]UGFpZW1lbnQlMjAlQzMlQTljaGVsb25uJUMzJUE5JTIwZGVzJTIwYWNoYXRzLg==[\/vc_raw_html][vc_raw_html css=\u00a0\u00bb\u00a0\u00bb el_class=\u00a0\u00bbbits-of-functionality much-text bulletlist\u00a0\u00bb]SW50JUMzJUE5Z3JhdGlvbiUyMG5hdGl2ZSUyMGF2ZWMlMjBsZSUyMG1vZHVsZSUyMGRlJTIwY29tbWVyY2UlMjAlQzMlQTlsZWN0cm9uaXF1ZSUyMGRlJTIwU09MQVIlMjBFLWNvbW1lcmNlJTIwZXQlMjBhdmVjJTIwbGUlMjBtb2R1bGUlMjBkZSUyMHN1cHBvcnQlMjAzLUQlMjBTZWN1cmUlMjBkZSUyMFNPTEFSJTIwM0RTJTIwU2VydmVyJTJDJTIwYWluc2klMjBxdSUyN2F2ZWMlMjBkZXMlMjBzeXN0JUMzJUE4bWVzJTIwdGllcnMu[\/vc_raw_html][vc_raw_html css=\u00a0\u00bb\u00a0\u00bb el_class=\u00a0\u00bbbits-of-functionality much-text bulletlist\u00a0\u00bb]U3lzdCVDMyVBOG1lJTIwZGUlMjBzdWl2aSUyMGRlcyUyMHRyYW5zYWN0aW9ucy4lMjBNb2R1bGUlMjBkZSUyMHByJUMzJUE5dmVudGlvbiUyMGRlcyUyMGZyYXVkZXMlMjBTT0xBUiUyMEZyYXVkJTIwUHJldmVudGlvbi4=[\/vc_raw_html][vc_raw_html css=\u00a0\u00bb\u00a0\u00bb el_class=\u00a0\u00bbbits-of-functionality much-text bulletlist\u00a0\u00bb]Q29ubmV4aW9uJTIwcmFwaWRlJTIwZGVzJTIwY29tbWVyJUMzJUE3YW50cyUyMHZpYSUyMGRlcyUyMEFQSSUyMHN0YW5kYXJkJTIwZXQlMjBsJTI3JUMzJUE5bXVsYXRpb24lMjBkZXMlMjBBUEklMjBkZXMlMjBhY3F1JUMzJUE5cmV1cnMlMjBldCUyMGRlcyUyMHByZXN0YXRhaXJlcyUyMGRlJTIwc2VydmljZXMlMjBkZSUyMHBhaWVtZW50JTIwJTI4UFNQJTI5JTIwcG91ciUyMGZhY2lsaXRlciUyMGxlcyUyMHRlc3RzJTIwZXQlMjBsZXMlMjBtaWdyYXRpb25zJTIwZHUlMjBzeXN0JUMzJUE4bWUu[\/vc_raw_html][vc_raw_html css=\u00a0\u00bb\u00a0\u00bb el_class=\u00a0\u00bbbits-of-functionality much-text bulletlist\u00a0\u00bb]QXJjaGl0ZWN0dXJlJTIwdG9sJUMzJUE5cmFudGUlMjBhdXglMjBwYW5uZXMlMjBldCUyMGZhY2lsZW1lbnQlMjAlQzMlQTl2b2x1dGl2ZS4=[\/vc_raw_html][vc_raw_html css=\u00a0\u00bb\u00a0\u00bb el_class=\u00a0\u00bbbits-of-functionality much-text bulletlist\u00a0\u00bb]T3B0aW9ucyUyMGRlJTIwcGVyc29ubmFsaXNhdGlvbiUyMCVDMyVBOXRlbmR1ZXMu[\/vc_raw_html][\/vc_column_inner][\/vc_row_inner][vc_empty_space height=\u00a0\u00bb40px\u00a0\u00bb][vc_single_image image=\u00a0\u00bb1227&Prime; img_size=\u00a0\u00bbfull\u00a0\u00bb alignment=\u00a0\u00bbcenter\u00a0\u00bb css=\u00a0\u00bb.vc_custom_1749461803396{padding-top: 20px !important;padding-right: 20px !important;padding-bottom: 20px !important;padding-left: 20px !important;background-color: #FFFFFF !important;}\u00a0\u00bb el_class=\u00a0\u00bbborder-radius20&Prime;][vc_empty_space height=\u00a0\u00bb40px\u00a0\u00bb][vc_row_inner equal_height=\u00a0\u00bbyes\u00a0\u00bb content_placement=\u00a0\u00bbmiddle\u00a0\u00bb css=\u00a0\u00bb.vc_custom_1748968639058{border-top-width: 1px !important;border-right-width: 1px !important;border-bottom-width: 1px !important;border-left-width: 1px !important;padding-top: 40px !important;padding-bottom: 40px !important;background-color: #E8432D !important;border-left-style: solid !important;border-right-style: solid !important;border-top-style: solid !important;border-bottom-style: solid !important;border-radius: 20px !important;border-color: #E8432D !important;}\u00a0\u00bb][vc_column_inner el_class=\u00a0\u00bbbenefit-icon-col\u00a0\u00bb width=\u00a0\u00bb1\/6&Prime;][vc_empty_space height=\u00a0\u00bb30px\u00a0\u00bb el_class=\u00a0\u00bbmobile-off\u00a0\u00bb][vc_icon icon_fontawesome=\u00a0\u00bbfa fa-regular fa-lightbulb\u00a0\u00bb color=\u00a0\u00bbwhite\u00a0\u00bb size=\u00a0\u00bbxl\u00a0\u00bb align=\u00a0\u00bbcenter\u00a0\u00bb css=\u00a0\u00bb\u00a0\u00bb][\/vc_column_inner][vc_column_inner el_class=\u00a0\u00bbbenefit-content-col\u00a0\u00bb width=\u00a0\u00bb5\/6&Prime; css=\u00a0\u00bb.vc_custom_1748968779705{padding-right: 50px !important;padding-left: 50px !important;}\u00a0\u00bb][vc_column_text css=\u00a0\u00bb\u00a0\u00bb]<span style=\"color: #ffffff;\"><br \/>\nLa soci\u00e9t\u00e9 Solanteq, le d\u00e9veloppeur de la plateforme SOLAR, est sp\u00e9cialis\u00e9e dans la cr\u00e9ation de composants innovants pour la mise en place de solutions de paiement et d&rsquo;applications num\u00e9riques. Les produits logiciels de SOLAR sont facilement \u00e9volutifs, s&rsquo;int\u00e8grent nativement dans les environnements cloud, offrent une r\u00e9sistance maximale aux pannes et peuvent \u00eatre fournis sous forme de conteneurs, adapt\u00e9s de mani\u00e8re flexible aux demandes des clients. La plateforme SOLAR est universelle pour le d\u00e9veloppement des activit\u00e9s de d\u00e9tail des banques et des soci\u00e9t\u00e9s de traitement.<\/span>[\/vc_column_text][\/vc_column_inner][\/vc_row_inner][vc_empty_space height=\u00a0\u00bb40px\u00a0\u00bb][vc_custom_heading text=\u00a0\u00bbAPPROCHE INDIVIDUELLE\u00a0\u00bb font_container=\u00a0\u00bbtag:h2|font_size:36px|text_align:left|color:%23FFFFFF|line_height:44px\u00a0\u00bb use_theme_fonts=\u00a0\u00bbyes\u00a0\u00bb css=\u00a0\u00bb\u00a0\u00bb el_class=\u00a0\u00bbheading-big page-bits-title\u00a0\u00bb][vc_empty_space height=\u00a0\u00bb20px\u00a0\u00bb][vc_column_text css=\u00a0\u00bb\u00a0\u00bb]<\/p>\n<div class=\"wpb_text_column wpb_content_element\">\n<div class=\"wpb_wrapper\">\n<div class=\"wpb_text_column wpb_content_element color-scheme-light\">\n<div class=\"wpb_wrapper\">\n<p><span style=\"color: #ffffff;\">SOLAR Acquiring offre un service personnalis\u00e9 pour chaque commer\u00e7ant en fonction de son activit\u00e9 individuelle. Le module comprend des param\u00e8tres de r\u00e8glement flexibles et prend en charge la tarification \u00e0 diff\u00e9rents taux : fixes, variables et combin\u00e9s.<\/span><\/p>\n<p><span style=\"color: #ffffff;\">Comme SOLAR Acquiring est \u00e9volutif horizontalement, la solution peut \u00eatre lanc\u00e9e sur la plateforme de configuration la plus basique et \u00eatre progressivement \u00e9tendue au fur et \u00e0 mesure que l\u2019entreprise se d\u00e9veloppe en ajoutant des n\u0153uds.<\/span><\/p>\n<\/div>\n<\/div>\n<\/div>\n<\/div>\n<p>[\/vc_column_text][vc_empty_space height=\u00a0\u00bb20px\u00a0\u00bb][vc_custom_heading text=\u00a0\u00bbMISE EN SERVICE ET INT\u00c9GRATION FACILES AVEC TOUS LES SYST\u00c8MES\u00a0\u00bb font_container=\u00a0\u00bbtag:h2|font_size:36px|text_align:left|color:%23FFFFFF|line_height:44px\u00a0\u00bb use_theme_fonts=\u00a0\u00bbyes\u00a0\u00bb css=\u00a0\u00bb\u00a0\u00bb el_class=\u00a0\u00bbheading-big page-bits-title\u00a0\u00bb][vc_empty_space height=\u00a0\u00bb20px\u00a0\u00bb][vc_row_inner css=\u00a0\u00bb.vc_custom_1748969047907{border-top-width: 1px !important;border-right-width: 1px !important;border-bottom-width: 1px !important;border-left-width: 1px !important;padding-top: 40px !important;padding-right: 30px !important;padding-bottom: 40px !important;padding-left: 30px !important;background-color: #515D6A !important;border-radius: 20px !important;border-color: #515D6A !important;}\u00a0\u00bb][vc_column_inner][vc_raw_html css=\u00a0\u00bb\u00a0\u00bb el_class=\u00a0\u00bbbits-of-functionality much-text bulletlist\u00a0\u00bb]SW5zdGFsbGF0aW9uJTJDJTIwbGFuY2VtZW50JTIwZXQlMjBpbnQlQzMlQTlncmF0aW9uJTIwZGFucyUyMHVuJTIwZCVDMyVBOWxhaSUyMGRlJTIwMiUyMCVDMyVBMCUyMDQlMjBtb2lzLg==[\/vc_raw_html][vc_raw_html css=\u00a0\u00bb\u00a0\u00bb el_class=\u00a0\u00bbbits-of-functionality much-text bulletlist\u00a0\u00bb]RmFpYmxlcyUyMGV4aWdlbmNlcyUyMG1hdCVDMyVBOXJpZWxsZXMlMjBldCUyMGNvJUMzJUJCdHMlMjBtaW5pbWVzJTIwZHUlMjBsb2dpY2llbCUyMHN5c3QlQzMlQThtZS4=[\/vc_raw_html][vc_raw_html css=\u00a0\u00bb\u00a0\u00bb el_class=\u00a0\u00bbbits-of-functionality much-text bulletlist\u00a0\u00bb]UHJvY2Vzc3VzJTIwcHIlQzMlQUF0cyUyMCVDMyVBMCUyMGwlMjdlbXBsb2klMjBldCUyMGRlcyUyMCVDMyVBOWNyYW5zJTIwcGVyc29ubmFsaXNhYmxlcy4=[\/vc_raw_html][vc_raw_html css=\u00a0\u00bb\u00a0\u00bb el_class=\u00a0\u00bbbits-of-functionality much-text bulletlist\u00a0\u00bb]UGxhdGVmb3JtZSUyMG9yaWVudCVDMyVBOWUlMjBwb3VyJTIwdW5lJTIwaW50JUMzJUE5Z3JhdGlvbiUyMGZhY2lsZSUyMGF2ZWMlMjB2b3MlMjBwcm9kdWl0cy4=[\/vc_raw_html][\/vc_column_inner][\/vc_row_inner][vc_empty_space height=\u00a0\u00bb40px\u00a0\u00bb][vc_custom_heading text=\u00a0\u00bb\u00c9QUILIBRAGE DE LA CHARGE\u00a0\u00bb font_container=\u00a0\u00bbtag:h2|font_size:36px|text_align:left|color:%23FFFFFF|line_height:44px\u00a0\u00bb use_theme_fonts=\u00a0\u00bbyes\u00a0\u00bb css=\u00a0\u00bb\u00a0\u00bb el_class=\u00a0\u00bbheading-big page-bits-title\u00a0\u00bb][vc_empty_space height=\u00a0\u00bb20px\u00a0\u00bb][vc_column_text css=\u00a0\u00bb\u00a0\u00bb]<\/p>\n<div class=\"wpb_text_column wpb_content_element\">\n<div class=\"wpb_wrapper\">\n<div class=\"wpb_text_column wpb_content_element color-scheme-light\">\n<div class=\"wpb_wrapper\">\n<p><span style=\"color: #ffffff;\">SOLAR Acquiring offre le plus haut degr\u00e9 de tol\u00e9rance aux pannes et prend en charge la mise en veille \u00e0 chaud dans le mode de r\u00e9plication active-active avec une capacit\u00e9 d\u2019\u00e9quilibrage de charge.<\/span><\/p>\n<p><span style=\"color: #ffffff;\">La surveillance de la continuit\u00e9 des activit\u00e9s du syst\u00e8me vous permet de contr\u00f4ler rapidement la qualit\u00e9 du service et vous informe de l\u2019\u00e9tat actuel des processus op\u00e9rationnels.<\/span><\/p>\n<\/div>\n<\/div>\n<\/div>\n<\/div>\n<p>[\/vc_column_text][vc_empty_space height=\u00a0\u00bb40px\u00a0\u00bb][vc_custom_heading text=\u00a0\u00bbR\u00c9SOLUTION DES CONFLITS\u00a0\u00bb font_container=\u00a0\u00bbtag:h2|font_size:36px|text_align:left|color:%23FFFFFF|line_height:44px\u00a0\u00bb use_theme_fonts=\u00a0\u00bbyes\u00a0\u00bb css=\u00a0\u00bb\u00a0\u00bb el_class=\u00a0\u00bbheading-big page-bits-title\u00a0\u00bb][vc_empty_space height=\u00a0\u00bb20px\u00a0\u00bb][vc_column_text css=\u00a0\u00bb\u00a0\u00bb]<\/p>\n<div class=\"wpb_text_column wpb_content_element\">\n<div class=\"wpb_wrapper\">\n<div class=\"wpb_text_column wpb_content_element color-scheme-light\">\n<div class=\"wpb_wrapper\">\n<p><span style=\"color: #ffffff;\">SOLAR Acquiring ex\u00e9cute les cycles de litige dans les syst\u00e8mes de paiement et permet de mettre en place des flux de travail internes pour g\u00e9rer les situations conflictuelles. Les demandes peuvent \u00eatre accompagn\u00e9es de pi\u00e8ces justificatives qui sont automatiquement remises aux employ\u00e9s responsables. En fonction des r\u00e9sultats de la r\u00e9solution du litige, le syst\u00e8me effectue automatiquement les ajustements n\u00e9cessaires.<\/span><\/p>\n<\/div>\n<\/div>\n<\/div>\n<\/div>\n<p>[\/vc_column_text][vc_empty_space height=\u00a0\u00bb40px\u00a0\u00bb][vc_custom_heading text=\u00a0\u00bbRAPPORTS\u00a0\u00bb font_container=\u00a0\u00bbtag:h2|font_size:36px|text_align:left|color:%23FFFFFF|line_height:44px\u00a0\u00bb use_theme_fonts=\u00a0\u00bbyes\u00a0\u00bb css=\u00a0\u00bb\u00a0\u00bb el_class=\u00a0\u00bbheading-big page-bits-title\u00a0\u00bb][vc_empty_space height=\u00a0\u00bb20px\u00a0\u00bb][vc_column_text css=\u00a0\u00bb\u00a0\u00bb]<\/p>\n<div class=\"wpb_text_column wpb_content_element\">\n<div class=\"wpb_wrapper\">\n<div class=\"wpb_text_column wpb_content_element color-scheme-light\">\n<div class=\"wpb_wrapper\">\n<p><span style=\"color: #ffffff;\">SOLAR Acquiring traite les donn\u00e9es requises pour les rapports r\u00e9glementaires et les rapports de gestion. SOLAR Acquiring comprend le module SOLAR Reporting, une description d\u00e9taill\u00e9e de la structure de la base de donn\u00e9es et des exemples de rapports pr\u00eats \u00e0 l\u2019emploi. En outre, SOLAR Reporting peut pr\u00e9parer des rapports consolid\u00e9s bas\u00e9s sur des donn\u00e9es provenant de plusieurs syst\u00e8mes d\u2019information, ce qui permet d\u2019\u00e9viter les restrictions sur le nombre et le type de sources de donn\u00e9es.<\/span><\/p>\n<\/div>\n<\/div>\n<\/div>\n<\/div>\n<p>[\/vc_column_text][vc_empty_space height=\u00a0\u00bb40px\u00a0\u00bb][vc_custom_heading text=\u00a0\u00bbLA CL\u00c9 POUR FAIRE PROSP\u00c9RER VOTRE ENTREPRISE\u00a0\u00bb font_container=\u00a0\u00bbtag:h2|font_size:36px|text_align:left|color:%23FFFFFF|line_height:44px\u00a0\u00bb use_theme_fonts=\u00a0\u00bbyes\u00a0\u00bb css=\u00a0\u00bb\u00a0\u00bb el_class=\u00a0\u00bbheading-big page-bits-title\u00a0\u00bb][vc_empty_space height=\u00a0\u00bb20px\u00a0\u00bb][vc_column_text css=\u00a0\u00bb\u00a0\u00bb]<\/p>\n<div class=\"wpb_text_column wpb_content_element\">\n<div class=\"wpb_wrapper\">\n<div class=\"wpb_text_column wpb_content_element color-scheme-light\">\n<div class=\"wpb_wrapper\">\n<p><span style=\"color: #ffffff;\">SOLAR Acquiring s\u2019int\u00e8gre parfaitement \u00e0 l\u2019infrastructure existante pour r\u00e9pondre de mani\u00e8re optimale aux besoins commerciaux d\u2019une organisation.<\/span><\/p>\n<p><span style=\"color: #ffffff;\">Avec SOLAR Acquiring, il est facile pour les institutions financi\u00e8res de se d\u00e9velopper dans un environnement de paiement en constante \u00e9volution et de fournir des services modernes et de qualit\u00e9 aux r\u00e9seaux de vente de toutes tailles.<\/span><\/p>\n<\/div>\n<\/div>\n<\/div>\n<\/div>\n<p>[\/vc_column_text][\/vc_column][\/vc_row][vc_row full_width=\u00a0\u00bbstretch_row\u00a0\u00bb equal_height=\u00a0\u00bbyes\u00a0\u00bb content_placement=\u00a0\u00bbmiddle\u00a0\u00bb css=\u00a0\u00bb.vc_custom_1748969789929{margin-bottom: -40px !important;padding-top: 30px !important;padding-bottom: 30px !important;background-color: #E8432D !important;}\u00a0\u00bb][vc_column width=\u00a0\u00bb1\/6&Prime; css=\u00a0\u00bb.vc_custom_1748443670093{border-color: #FFFFFF !important;}\u00a0\u00bb el_class=\u00a0\u00bbbenefit-icon-col\u00a0\u00bb][vc_empty_space height=\u00a0\u00bb30px\u00a0\u00bb el_class=\u00a0\u00bbmobile-off\u00a0\u00bb][vc_icon icon_fontawesome=\u00a0\u00bbfa fa-regular fa-envelope-open\u00a0\u00bb color=\u00a0\u00bbwhite\u00a0\u00bb size=\u00a0\u00bbxl\u00a0\u00bb align=\u00a0\u00bbcenter\u00a0\u00bb css=\u00a0\u00bb\u00a0\u00bb][\/vc_column][vc_column width=\u00a0\u00bb5\/6&Prime; el_class=\u00a0\u00bbbenefit-content-col\u00a0\u00bb][vc_custom_heading text=\u00a0\u00bbNous sommes convaincus que SOLAR Acquiring sera pour vous une plateforme fiable pour la croissance de votre entreprise.\u00a0\u00bb font_container=\u00a0\u00bbtag:h3|font_size:32px|text_align:left|color:%23FFFFFF|line_height:34px\u00a0\u00bb use_theme_fonts=\u00a0\u00bbyes\u00a0\u00bb css=\u00a0\u00bb.vc_custom_1749451993736{margin-bottom: 10px !important;}\u00a0\u00bb el_class=\u00a0\u00bbweight-regular\u00a0\u00bb][vc_custom_heading text=\u00a0\u00bbContactez-nous, nous serons heureux d&rsquo;organiser une d\u00e9monstration et de r\u00e9pondre en d\u00e9tail \u00e0 toutes vos questions.\u00a0\u00bb font_container=\u00a0\u00bbtag:p|font_size:20px|text_align:left|color:%23FFFFFF|line_height:28px\u00a0\u00bb use_theme_fonts=\u00a0\u00bbyes\u00a0\u00bb css=\u00a0\u00bb.vc_custom_1749452008033{margin-bottom: 10px !important;}\u00a0\u00bb][vc_empty_space height=\u00a0\u00bb30px\u00a0\u00bb][vc_btn title=\u00a0\u00bbContact\u00a0\u00bb style=\u00a0\u00bbcustom\u00a0\u00bb custom_background=\u00a0\u00bb#E8432D\u00a0\u00bb custom_text=\u00a0\u00bb#FFFFFF\u00a0\u00bb shape=\u00a0\u00bbround\u00a0\u00bb size=\u00a0\u00bblg\u00a0\u00bb align=\u00a0\u00bbleft\u00a0\u00bb css=\u00a0\u00bb.vc_custom_1749728137500{margin-bottom: 0px !important;border-color: #FFFFFF !important;}\u00a0\u00bb link=\u00a0\u00bburl:%23&Prime; el_class=\u00a0\u00bbbutton-red-bg popmake-1552&Prime;][\/vc_column][\/vc_row]<\/p>\n<\/div>","protected":false},"excerpt":{"rendered":"<p>[vc_row][vc_column][vc_raw_html css=\u00a0\u00bb.vc_custom_1749451178208{margin-bottom: 0px !important;}\u00a0\u00bb el_class=\u00a0\u00bbbreadcrumbs\u00a0\u00bb]JTNDYSUyMGhyZWYlM0QlMjIlMkYlMjIlM0VIb21lJTNDJTJGYSUzRSUyMCU3QyUyMFByb2R1aXRzJTIwJTdDJTIwJTNDc3BhbiUzRVNvbGFyJTIwYWNxdWlyaW5nJTNDJTJGc3BhbiUzRQ==[\/vc_raw_html][\/vc_column][\/vc_row][vc_row css=\u00a0\u00bb.vc_custom_1747922304231{border-color: #FF0000 !important;}\u00a0\u00bb][vc_column][vc_empty_space height=\u00a0\u00bb40px\u00a0\u00bb][vc_custom_heading text=\u00a0\u00bbSOLAR Acquiring \u2014 Le syst\u00e8me complet du service d&rsquo;acquisition\u00a0\u00bb font_container=\u00a0\u00bbtag:h1|font_size:64px|text_align:left|color:%23424D59|line_height:84px\u00a0\u00bb use_theme_fonts=\u00a0\u00bbyes\u00a0\u00bb css=\u00a0\u00bb.vc_custom_1749452087983{margin-bottom: 0px !important;margin-left: -5px !important;}\u00a0\u00bb el_class=\u00a0\u00bbheading-big\u00a0\u00bb][vc_empty_space height=\u00a0\u00bb25px\u00a0\u00bb][vc_custom_heading text=\u00a0\u00bbSolar acquiring est la solution optimale pour les acqu\u00e9reurs qui souhaitent op\u00e9rer avec succ\u00e8s dans un environnement de paiement multicanal et g\u00e9rer efficacement le traitement des paiements.\u00a0\u00bb font_container=\u00a0\u00bbtag:p|font_size:20px|text_align:left|color:%23424D59|line_height:28px\u00a0\u00bb &#8230; <a title=\"SOLAR Acquiring\" class=\"read-more\" href=\"https:\/\/solanteq.com\/fr\/solar-acquiring\/\" aria-label=\"En savoir plus sur SOLAR Acquiring\">Read more<\/a><\/p>\n","protected":false},"author":3,"featured_media":0,"parent":0,"menu_order":0,"comment_status":"closed","ping_status":"closed","template":"","meta":{"footnotes":""},"class_list":["post-1016","page","type-page","status-publish"],"_links":{"self":[{"href":"https:\/\/solanteq.com\/fr\/wp-json\/wp\/v2\/pages\/1016","targetHints":{"allow":["GET"]}}],"collection":[{"href":"https:\/\/solanteq.com\/fr\/wp-json\/wp\/v2\/pages"}],"about":[{"href":"https:\/\/solanteq.com\/fr\/wp-json\/wp\/v2\/types\/page"}],"author":[{"embeddable":true,"href":"https:\/\/solanteq.com\/fr\/wp-json\/wp\/v2\/users\/3"}],"replies":[{"embeddable":true,"href":"https:\/\/solanteq.com\/fr\/wp-json\/wp\/v2\/comments?post=1016"}],"version-history":[{"count":7,"href":"https:\/\/solanteq.com\/fr\/wp-json\/wp\/v2\/pages\/1016\/revisions"}],"predecessor-version":[{"id":1625,"href":"https:\/\/solanteq.com\/fr\/wp-json\/wp\/v2\/pages\/1016\/revisions\/1625"}],"wp:attachment":[{"href":"https:\/\/solanteq.com\/fr\/wp-json\/wp\/v2\/media?parent=1016"}],"curies":[{"name":"wp","href":"https:\/\/api.w.org\/{rel}","templated":true}]}}