{"id":1032,"date":"2025-06-03T09:46:24","date_gmt":"2025-06-03T06:46:24","guid":{"rendered":"https:\/\/solanteq.web-design.ee\/payment-rails\/"},"modified":"2025-06-12T11:08:19","modified_gmt":"2025-06-12T11:08:19","slug":"payment-rails","status":"publish","type":"page","link":"https:\/\/solanteq.com\/fr\/payment-rails\/","title":{"rendered":"Rails de paiement"},"content":{"rendered":"<div class=\"wpb-content-wrapper\"><p>[vc_row][vc_column][vc_raw_html css=\u00a0\u00bb.vc_custom_1749631706528{margin-bottom: 0px !important;}\u00a0\u00bb el_class=\u00a0\u00bbbreadcrumbs\u00a0\u00bb]JTNDYSUyMGhyZWYlM0QlMjIlMjIlM0VIb21lJTNDJTJGYSUzRSUyMCU3QyUyMCUzQ2ElMjBocmVmJTNEJTIyJTIyJTNFU2VjdGV1cnMlMjBkZSUyMG1hcmNoJUMzJUE5JTNDJTJGYSUzRSUyMCU3QyUyMCUzQ3NwYW4lM0VSYWlscyUyMGRlJTIwcGFpZW1lbnQlM0MlMkZzcGFuJTNF[\/vc_raw_html][\/vc_column][\/vc_row][vc_row css=\u00a0\u00bb.vc_custom_1747922304231{border-color: #FF0000 !important;}\u00a0\u00bb][vc_column][vc_empty_space height=\u00a0\u00bb40px\u00a0\u00bb][vc_custom_heading text=\u00a0\u00bb<b>Cr\u00e9ez un r\u00e9seau<\/b> de paiement qui permet \u00e0 vos clients de b\u00e9n\u00e9ficier de transferts d\u2019argent pratiques sans fronti\u00e8res.\u00a0\u00bb font_container=\u00a0\u00bbtag:h1|font_size:64px|text_align:left|color:%23424D59|line_height:84px\u00a0\u00bb use_theme_fonts=\u00a0\u00bbyes\u00a0\u00bb css=\u00a0\u00bb.vc_custom_1749631744664{margin-bottom: 0px !important;margin-left: -5px !important;}\u00a0\u00bb el_class=\u00a0\u00bbheading-big\u00a0\u00bb][vc_empty_space height=\u00a0\u00bb25px\u00a0\u00bb][vc_custom_heading text=\u00a0\u00bbLa plateforme Solanteq vous fournit les bons outils pour interagir avec vos partenaires de mani\u00e8re transparente, s\u00e9curis\u00e9e et conforme afin de cr\u00e9er des services de transfert de fonds.\u00a0\u00bb font_container=\u00a0\u00bbtag:p|font_size:20px|text_align:left|color:%23424D59|line_height:28px\u00a0\u00bb use_theme_fonts=\u00a0\u00bbyes\u00a0\u00bb css=\u00a0\u00bb.vc_custom_1749631751774{margin-bottom: 0px !important;}\u00a0\u00bb el_class=\u00a0\u00bbweight-light\u00a0\u00bb][vc_empty_space height=\u00a0\u00bb110px\u00a0\u00bb][\/vc_column][\/vc_row][vc_row full_width=\u00a0\u00bbstretch_row\u00a0\u00bb css=\u00a0\u00bb.vc_custom_1748945912437{background: #424D59 url(https:\/\/solanteq.com\/wp-content\/uploads\/2025\/06\/Group-4311.jpg?id=476) !important;background-position: center !important;background-repeat: no-repeat !important;background-size: cover !important;}\u00a0\u00bb el_class=\u00a0\u00bbdisable-row-overflow\u00a0\u00bb][vc_column][vc_row_inner equal_height=\u00a0\u00bbyes\u00a0\u00bb css=\u00a0\u00bb.vc_custom_1748878391365{margin-top: -50px !important;padding-right: 0px !important;padding-left: 0px !important;}\u00a0\u00bb el_class=\u00a0\u00bbservices-row page-temp\u00a0\u00bb][vc_column_inner el_class=\u00a0\u00bbservice-col\u00a0\u00bb width=\u00a0\u00bb1\/3&Prime; css=\u00a0\u00bb.vc_custom_1748871274091{background-color: #E8432D !important;}\u00a0\u00bb][vc_single_image image=\u00a0\u00bb465&Prime; img_size=\u00a0\u00bbfull\u00a0\u00bb css=\u00a0\u00bb.vc_custom_1748944386015{margin-bottom: 0px !important;padding-top: 25px !important;padding-right: 20px !important;padding-bottom: 24px !important;padding-left: 20px !important;background-color: #424D59 !important;}\u00a0\u00bb][vc_custom_heading text=\u00a0\u00bbChoisissez commod\u00e9ment parmi<br \/>\nune large gamme d&rsquo;options<br \/>\nd&rsquo;int\u00e9gration API (interface<br \/>\nde programmation d&rsquo;application)\u00a0\u00bb font_container=\u00a0\u00bbtag:h2|font_size:20px|text_align:left|color:%23FFFFFF|line_height:28px\u00a0\u00bb use_theme_fonts=\u00a0\u00bbyes\u00a0\u00bb css=\u00a0\u00bb.vc_custom_1749632220088{margin-bottom: 0px !important;padding-top: 20px !important;padding-right: 20px !important;padding-bottom: 20px !important;padding-left: 20px !important;}\u00a0\u00bb link=\u00a0\u00bburl:%23&Prime;][\/vc_column_inner][vc_column_inner el_class=\u00a0\u00bbservice-col\u00a0\u00bb width=\u00a0\u00bb1\/3&Prime; css=\u00a0\u00bb.vc_custom_1748871295788{background-color: #FF5842 !important;}\u00a0\u00bb][vc_single_image image=\u00a0\u00bb466&Prime; img_size=\u00a0\u00bbfull\u00a0\u00bb css=\u00a0\u00bb.vc_custom_1748944362130{margin-bottom: 0px !important;padding-top: 22px !important;padding-right: 20px !important;padding-bottom: 20px !important;padding-left: 20px !important;background-color: #576778 !important;}\u00a0\u00bb][vc_custom_heading text=\u00a0\u00bbProfitez de la simplicit\u00e9 gr\u00e2ce \u00e0 des sc\u00e9narios de mod\u00e8les automatis\u00e9s\u00a0\u00bb font_container=\u00a0\u00bbtag:h2|font_size:20px|text_align:left|color:%23FFFFFF|line_height:28px\u00a0\u00bb use_theme_fonts=\u00a0\u00bbyes\u00a0\u00bb css=\u00a0\u00bb.vc_custom_1749631799751{margin-bottom: 0px !important;padding-top: 20px !important;padding-right: 20px !important;padding-bottom: 20px !important;padding-left: 20px !important;}\u00a0\u00bb link=\u00a0\u00bburl:%23&Prime;][\/vc_column_inner][vc_column_inner el_class=\u00a0\u00bbservice-col\u00a0\u00bb width=\u00a0\u00bb1\/3&Prime; css=\u00a0\u00bb.vc_custom_1748942088153{background-color: #E8432D !important;}\u00a0\u00bb][vc_single_image image=\u00a0\u00bb467&Prime; img_size=\u00a0\u00bbfull\u00a0\u00bb css=\u00a0\u00bb.vc_custom_1748944155430{margin-bottom: 0px !important;padding-top: 30px !important;padding-right: 20px !important;padding-bottom: 20px !important;padding-left: 20px !important;background-color: #424D59 !important;}\u00a0\u00bb][vc_custom_heading text=\u00a0\u00bbS&rsquo;appuyer en toute s\u00e9curit\u00e9<br \/>\nsur le cryptage avanc\u00e9,<br \/>\nla biom\u00e9trie et les outils<br \/>\nanti-fraude pilot\u00e9s par l&rsquo;IA\u00a0\u00bb font_container=\u00a0\u00bbtag:h2|font_size:20px|text_align:left|color:%23FFFFFF|line_height:28px\u00a0\u00bb use_theme_fonts=\u00a0\u00bbyes\u00a0\u00bb css=\u00a0\u00bb.vc_custom_1749632261688{margin-bottom: 0px !important;padding-top: 20px !important;padding-right: 20px !important;padding-bottom: 20px !important;padding-left: 20px !important;}\u00a0\u00bb link=\u00a0\u00bburl:%23&Prime;][\/vc_column_inner][\/vc_row_inner][vc_empty_space height=\u00a0\u00bb80px\u00a0\u00bb el_class=\u00a0\u00bbmobile-off\u00a0\u00bb][vc_custom_heading text=\u00a0\u00bb\u00c9l\u00e9ments de fonctionnalit\u00e9\u00a0\u00bb font_container=\u00a0\u00bbtag:h2|font_size:36px|text_align:left|color:%23FFFFFF|line_height:44px\u00a0\u00bb use_theme_fonts=\u00a0\u00bbyes\u00a0\u00bb css=\u00a0\u00bb\u00a0\u00bb el_class=\u00a0\u00bbheading-big page-bits-title\u00a0\u00bb][vc_empty_space height=\u00a0\u00bb30px\u00a0\u00bb el_class=\u00a0\u00bbmobile-off\u00a0\u00bb][vc_row_inner][vc_column_inner el_class=\u00a0\u00bbservices-extras-col1&Prime; width=\u00a0\u00bb1\/3&Prime;][vc_raw_html css=\u00a0\u00bb.vc_custom_1749632399058{margin-bottom: 0px !important;}\u00a0\u00bb el_class=\u00a0\u00bbbits-of-functionality much-text\u00a0\u00bb]UHJvZmlscyUyMGRlcyUyMHV0aWxpc2F0ZXVycyUyMGV0JTIwdHJhbnNmZXJ0cyUzQ2JyJTIwJTJGJTNFJTBBc3VyJTIwbGUlMjBzaXRlJTIwd2Vi[\/vc_raw_html][vc_raw_html css=\u00a0\u00bb.vc_custom_1749632403617{margin-bottom: 0px !important;}\u00a0\u00bb el_class=\u00a0\u00bbbits-of-functionality much-text\u00a0\u00bb]VHJhbnNmZXJ0cyUyMHBhciUyMGwlMjdpbnRlcm0lQzMlQTlkaWFpcmUlMjBkJTI3dW5lJTNDYnIlMjAlMkYlM0UlMjAlMEFhcHBsaWNhdGlvbiUyMGQlQzMlQTlkaSVDMyVBOWUlMjBlbiUyMGQlQzMlQTlwbGFjZW1lbnQ=[\/vc_raw_html][vc_raw_html css=\u00a0\u00bb.vc_custom_1749631888427{margin-bottom: 0px !important;}\u00a0\u00bb el_class=\u00a0\u00bbbits-of-functionality much-text\u00a0\u00bb]VHJhbnNmZXJ0cyUyMGVuJTIwcGVyc29ubmUlMjBhdSUyMGJ1cmVhdQ==[\/vc_raw_html][\/vc_column_inner][vc_column_inner el_class=\u00a0\u00bbservices-extras-col2&Prime; width=\u00a0\u00bb1\/3&Prime;][vc_raw_html css=\u00a0\u00bb.vc_custom_1749632416410{margin-bottom: 0px !important;}\u00a0\u00bb el_class=\u00a0\u00bbbits-of-functionality much-text\u00a0\u00bb]UG9zc2liaWxpdCVDMyVBOSUyMGQlMjclQzMlQTltZXR0cmUlMjBkZXMlM0NiciUyMCUyRiUzRSUyMCUwQWNhcnRlcyUyMGRlJTIwcGFpZW1lbnQ=[\/vc_raw_html][vc_raw_html css=\u00a0\u00bb.vc_custom_1749632435962{margin-bottom: 0px !important;}\u00a0\u00bb el_class=\u00a0\u00bbbits-of-functionality much-text\u00a0\u00bb]SW50JUMzJUE5Z3JhdGlvbiUyMGF2ZWMlMjBkZXMlM0NiciUyMCUyRiUzRSUwQXN5c3QlQzMlQThtZXMlMjBkZSUyMHBhaWVtZW50[\/vc_raw_html][vc_raw_html css=\u00a0\u00bb.vc_custom_1749632449910{margin-bottom: 0px !important;}\u00a0\u00bb el_class=\u00a0\u00bbbits-of-functionality much-text\u00a0\u00bb]SW50JUMzJUE5Z3JhdGlvbiUyMGF2ZWMlMjBkZXMlM0NiciUyMCUyRiUzRSUyMCUwQXIlQzMlQTlzZWF1eCUyMHBhcnRlbmFpcmVz[\/vc_raw_html][\/vc_column_inner][vc_column_inner el_class=\u00a0\u00bbservices-extras-col3&Prime; width=\u00a0\u00bb1\/3&Prime;][vc_raw_html css=\u00a0\u00bb.vc_custom_1749632524683{margin-bottom: 0px !important;}\u00a0\u00bb el_class=\u00a0\u00bbbits-of-functionality much-text\u00a0\u00bb]VHJhbnNmZXJ0cyUyMHZlcnMlMjBkZXMlMjBjYXJ0ZXMlM0NiciUyMCUyRiUzRSUyMCUwQW91JTIwZGVzJTIwY29tcHRlcyUyMGJhbmNhaXJlcyUyQyUzQ2JyJTIwJTJGJTNFJTIwJTBBZGVzJTIwcG9ydGVmZXVpbGxlcyUzQ2JyJTIwJTJGJTNFJTIwJTBBJUMzJUE5bGVjdHJvbmlxdWVzJTIwb3UlMjBwYXIlM0NiciUyMCUyRiUzRSUyMCUwQW51bSVDMyVBOXJvJTIwZGUlMjB0JUMzJUE5bCVDMyVBOXBob25lJTIwbW9iaWxl[\/vc_raw_html][vc_raw_html css=\u00a0\u00bb.vc_custom_1749631981752{margin-bottom: 0px !important;}\u00a0\u00bb el_class=\u00a0\u00bbbits-of-functionality much-text\u00a0\u00bb]TWFycXVlJTIwYmxhbmNoZQ==[\/vc_raw_html][\/vc_column_inner][\/vc_row_inner][vc_empty_space height=\u00a0\u00bb110px\u00a0\u00bb el_class=\u00a0\u00bbmobile-off\u00a0\u00bb][\/vc_column][\/vc_row][vc_row css=\u00a0\u00bb.vc_custom_1748875403174{margin-top: 50px !important;margin-bottom: 50px !important;}\u00a0\u00bb][vc_column][vc_custom_heading text=\u00a0\u00bbLe hub de paiement SOLAR offre une int\u00e9gration rapide et un traitement en temps r\u00e9el pour les volumes de transactions \u00e9lev\u00e9s avec une vari\u00e9t\u00e9 de m\u00e9thodes de paiement.<br \/>\nAnalysez votre activit\u00e9 sur diff\u00e9rents canaux afin d\u2019identifier les opportunit\u00e9s de d\u00e9veloppement.\u00a0\u00bb font_container=\u00a0\u00bbtag:h4|font_size:32px|text_align:left|color:%23424D59|line_height:44px\u00a0\u00bb use_theme_fonts=\u00a0\u00bbyes\u00a0\u00bb css=\u00a0\u00bb.vc_custom_1749632030417{border-left-width: 5px !important;padding-top: 10px !important;padding-bottom: 10px !important;padding-left: 20px !important;border-left-style: solid !important;border-color: #E8432D !important;}\u00a0\u00bb el_class=\u00a0\u00bblist-of-text-with-line weight-regular\u00a0\u00bb][vc_empty_space height=\u00a0\u00bb30px\u00a0\u00bb el_class=\u00a0\u00bbmobile-off\u00a0\u00bb][vc_custom_heading text=\u00a0\u00bbB\u00e9n\u00e9ficiez des solutions Solanteq suppl\u00e9mentaires, qui peuvent toutes \u00eatre li\u00e9es \u00e0 l\u2019infrastructure existante\u00a0\u00bb font_container=\u00a0\u00bbtag:h4|font_size:32px|text_align:left|color:%23424D59|line_height:44px\u00a0\u00bb use_theme_fonts=\u00a0\u00bbyes\u00a0\u00bb css=\u00a0\u00bb.vc_custom_1749632054744{border-left-width: 5px !important;padding-top: 10px !important;padding-bottom: 10px !important;padding-left: 20px !important;border-left-style: solid !important;border-color: #E8432D !important;}\u00a0\u00bb el_class=\u00a0\u00bblist-of-text-with-line weight-regular\u00a0\u00bb][vc_empty_space height=\u00a0\u00bb30px\u00a0\u00bb el_class=\u00a0\u00bbmobile-off\u00a0\u00bb][vc_custom_heading text=\u00a0\u00bbSOLAR Mobile;\u00a0\u00bb font_container=\u00a0\u00bbtag:h4|font_size:32px|text_align:left|color:%23424D59|line_height:44px\u00a0\u00bb use_theme_fonts=\u00a0\u00bbyes\u00a0\u00bb css=\u00a0\u00bb.vc_custom_1748945308071{margin-bottom: 0px !important;border-left-width: 5px !important;padding-top: 10px !important;padding-left: 20px !important;border-left-style: solid !important;border-color: #E8432D00 !important;}\u00a0\u00bb el_class=\u00a0\u00bbweight-regular link-decoration\u00a0\u00bb link=\u00a0\u00bburl:%23&Prime;][vc_custom_heading text=\u00a0\u00bbSOLAR Token Management;\u00a0\u00bb font_container=\u00a0\u00bbtag:h4|font_size:32px|text_align:left|color:%23424D59|line_height:44px\u00a0\u00bb use_theme_fonts=\u00a0\u00bbyes\u00a0\u00bb css=\u00a0\u00bb.vc_custom_1748945313395{margin-bottom: 0px !important;border-left-width: 5px !important;padding-left: 20px !important;border-left-style: solid !important;border-color: #E8432D00 !important;}\u00a0\u00bb el_class=\u00a0\u00bbweight-regular link-decoration\u00a0\u00bb link=\u00a0\u00bburl:%23&Prime;][vc_custom_heading text=\u00a0\u00bbSOLAR Fraud Prevention;\u00a0\u00bb font_container=\u00a0\u00bbtag:h4|font_size:32px|text_align:left|color:%23424D59|line_height:44px\u00a0\u00bb use_theme_fonts=\u00a0\u00bbyes\u00a0\u00bb css=\u00a0\u00bb.vc_custom_1748945317389{margin-bottom: 0px !important;border-left-width: 5px !important;padding-left: 20px !important;border-left-style: solid !important;border-color: #E8432D00 !important;}\u00a0\u00bb el_class=\u00a0\u00bbweight-regular link-decoration\u00a0\u00bb link=\u00a0\u00bburl:%23&Prime;][vc_custom_heading text=\u00a0\u00bbSOLAR Loyalty.\u00a0\u00bb font_container=\u00a0\u00bbtag:h4|font_size:32px|text_align:left|color:%23424D59|line_height:44px\u00a0\u00bb use_theme_fonts=\u00a0\u00bbyes\u00a0\u00bb css=\u00a0\u00bb.vc_custom_1748945658380{margin-bottom: 0px !important;border-left-width: 5px !important;padding-left: 20px !important;border-left-style: solid !important;border-color: #E8432D00 !important;}\u00a0\u00bb el_class=\u00a0\u00bbweight-regular link-decoration padding-bottom-list-mob\u00a0\u00bb link=\u00a0\u00bburl:%23&Prime;][\/vc_column][\/vc_row][vc_row el_class=\u00a0\u00bbpage-bottom-boxes-list1&Prime;][vc_column width=\u00a0\u00bb1\/3&Prime;][vc_custom_heading text=\u00a0\u00bbSOLAR Card Issuing\u00a0\u00bb font_container=\u00a0\u00bbtag:h2|font_size:20px|text_align:center|color:%23FFFFFF|line_height:24px\u00a0\u00bb use_theme_fonts=\u00a0\u00bbyes\u00a0\u00bb css=\u00a0\u00bb.vc_custom_1749648520653{margin-bottom: 0px !important;padding-top: 20px !important;padding-right: 15px !important;padding-bottom: 20px !important;padding-left: 15px !important;background-color: #E8432D !important;}\u00a0\u00bb el_class=\u00a0\u00bbservices-heading first\u00a0\u00bb link=\u00a0\u00bburl:%2Ffr%2Fsolar-card-issuing%2F\u00a0\u00bb][\/vc_column][vc_column width=\u00a0\u00bb1\/3&Prime;][vc_custom_heading text=\u00a0\u00bbSOLAR Digital Card\u00a0\u00bb font_container=\u00a0\u00bbtag:h2|font_size:20px|text_align:center|color:%23FFFFFF|line_height:24px\u00a0\u00bb use_theme_fonts=\u00a0\u00bbyes\u00a0\u00bb css=\u00a0\u00bb.vc_custom_1749648537694{margin-bottom: 0px !important;padding-top: 20px !important;padding-right: 15px !important;padding-bottom: 20px !important;padding-left: 15px !important;background-color: #FF5842 !important;}\u00a0\u00bb el_class=\u00a0\u00bbservices-heading\u00a0\u00bb link=\u00a0\u00bburl:%2Ffr%2Fsolar-digital-card%2F\u00a0\u00bb][\/vc_column][vc_column width=\u00a0\u00bb1\/3&Prime;][vc_custom_heading text=\u00a0\u00bbSOLAR ACS\u00a0\u00bb font_container=\u00a0\u00bbtag:h2|font_size:20px|text_align:center|color:%23FFFFFF|line_height:24px\u00a0\u00bb use_theme_fonts=\u00a0\u00bbyes\u00a0\u00bb css=\u00a0\u00bb.vc_custom_1748881120872{margin-bottom: 0px !important;padding-top: 20px !important;padding-right: 15px !important;padding-bottom: 20px !important;padding-left: 15px !important;background-color: #E8432D !important;}\u00a0\u00bb el_class=\u00a0\u00bbservices-heading\u00a0\u00bb link=\u00a0\u00bburl:%23&Prime;][\/vc_column][\/vc_row][vc_row el_class=\u00a0\u00bbpage-bottom-boxes-list2&Prime;][vc_column width=\u00a0\u00bb1\/4&Prime;][vc_custom_heading text=\u00a0\u00bbSOLAR Loyalty\u00a0\u00bb font_container=\u00a0\u00bbtag:h2|font_size:20px|text_align:center|color:%23FFFFFF|line_height:24px\u00a0\u00bb use_theme_fonts=\u00a0\u00bbyes\u00a0\u00bb css=\u00a0\u00bb.vc_custom_1749648581923{margin-bottom: 0px !important;padding-top: 20px !important;padding-right: 15px !important;padding-bottom: 20px !important;padding-left: 15px !important;background-color: #424D59 !important;}\u00a0\u00bb el_class=\u00a0\u00bbservices-heading\u00a0\u00bb link=\u00a0\u00bburl:%2Ffr%2Fsolar-loyalty%2F\u00a0\u00bb][\/vc_column][vc_column width=\u00a0\u00bb1\/4&Prime;][vc_custom_heading text=\u00a0\u00bbSOLAR Token Management\u00a0\u00bb font_container=\u00a0\u00bbtag:h2|font_size:20px|text_align:center|color:%23FFFFFF|line_height:24px\u00a0\u00bb use_theme_fonts=\u00a0\u00bbyes\u00a0\u00bb css=\u00a0\u00bb.vc_custom_1749648613879{margin-bottom: 0px !important;padding-top: 20px !important;padding-right: 15px !important;padding-bottom: 20px !important;padding-left: 15px !important;background-color: #576778 !important;}\u00a0\u00bb el_class=\u00a0\u00bbservices-heading\u00a0\u00bb link=\u00a0\u00bburl:%2Ffr%2Fsolar-token-management%2F\u00a0\u00bb][\/vc_column][vc_column width=\u00a0\u00bb1\/4&Prime;][vc_custom_heading text=\u00a0\u00bbSOLAR Installments\u00a0\u00bb font_container=\u00a0\u00bbtag:h2|font_size:20px|text_align:center|color:%23FFFFFF|line_height:24px\u00a0\u00bb use_theme_fonts=\u00a0\u00bbyes\u00a0\u00bb css=\u00a0\u00bb.vc_custom_1749648631600{margin-bottom: 0px !important;padding-top: 20px !important;padding-right: 15px !important;padding-bottom: 20px !important;padding-left: 15px !important;background-color: #424D59 !important;}\u00a0\u00bb el_class=\u00a0\u00bbservices-heading\u00a0\u00bb link=\u00a0\u00bburl:%2Ffr%2Fsolar-installments%2F\u00a0\u00bb][\/vc_column][vc_column width=\u00a0\u00bb1\/4&Prime;][vc_custom_heading text=\u00a0\u00bbSOLAR Mobile\u00a0\u00bb font_container=\u00a0\u00bbtag:h2|font_size:20px|text_align:center|color:%23FFFFFF|line_height:24px\u00a0\u00bb use_theme_fonts=\u00a0\u00bbyes\u00a0\u00bb css=\u00a0\u00bb.vc_custom_1749648667235{margin-bottom: 0px !important;padding-top: 20px !important;padding-right: 15px !important;padding-bottom: 20px !important;padding-left: 15px !important;background-color: #576778 !important;}\u00a0\u00bb el_class=\u00a0\u00bbservices-heading last\u00a0\u00bb link=\u00a0\u00bburl:%2Ffr%2Fsolar-mobile%2F\u00a0\u00bb][\/vc_column][\/vc_row][vc_row el_class=\u00a0\u00bbmobile-off\u00a0\u00bb][vc_column][vc_empty_space height=\u00a0\u00bb60px\u00a0\u00bb][\/vc_column][\/vc_row][vc_row full_width=\u00a0\u00bbstretch_row\u00a0\u00bb equal_height=\u00a0\u00bbyes\u00a0\u00bb content_placement=\u00a0\u00bbmiddle\u00a0\u00bb css=\u00a0\u00bb.vc_custom_1748342848647{margin-bottom: -40px !important;padding-top: 30px !important;padding-bottom: 30px !important;background-color: #E8432D !important;}\u00a0\u00bb][vc_column width=\u00a0\u00bb1\/6&Prime; css=\u00a0\u00bb.vc_custom_1748443670093{border-color: #FFFFFF !important;}\u00a0\u00bb el_class=\u00a0\u00bbbenefit-icon-col\u00a0\u00bb][vc_empty_space height=\u00a0\u00bb50px\u00a0\u00bb el_class=\u00a0\u00bbmobile-off\u00a0\u00bb][vc_single_image image=\u00a0\u00bb413&Prime; img_size=\u00a0\u00bbfull\u00a0\u00bb alignment=\u00a0\u00bbcenter\u00a0\u00bb css=\u00a0\u00bb\u00a0\u00bb][vc_empty_space height=\u00a0\u00bb50px\u00a0\u00bb el_class=\u00a0\u00bbmobile-off\u00a0\u00bb][\/vc_column][vc_column width=\u00a0\u00bb5\/6&Prime; el_class=\u00a0\u00bbbenefit-content-col\u00a0\u00bb][vc_custom_heading text=\u00a0\u00bbOptions de d\u00e9ploiement\u00a0\u00bb font_container=\u00a0\u00bbtag:h3|font_size:32px|text_align:left|color:%23FFFFFF|line_height:34px\u00a0\u00bb use_theme_fonts=\u00a0\u00bbyes\u00a0\u00bb css=\u00a0\u00bb.vc_custom_1749632098291{margin-bottom: 10px !important;}\u00a0\u00bb el_class=\u00a0\u00bbweight-regular\u00a0\u00bb][vc_custom_heading text=\u00a0\u00bbFavoriser l\u2019innovation gr\u00e2ce \u00e0 des techniques de d\u00e9ploiement cloud-natives optimis\u00e9es.<br \/>\nExigences en mati\u00e8re de plateforme intelligente et mod\u00e8le SAAS (logiciel en tant que service) :<br \/>\nla cl\u00e9 de solutions rentables\u00a0\u00bb font_container=\u00a0\u00bbtag:p|font_size:20px|text_align:left|color:%23FFFFFF|line_height:28px\u00a0\u00bb use_theme_fonts=\u00a0\u00bbyes\u00a0\u00bb css=\u00a0\u00bb.vc_custom_1749632583409{margin-bottom: 0px !important;}\u00a0\u00bb el_class=\u00a0\u00bbweight-light\u00a0\u00bb][vc_empty_space height=\u00a0\u00bb30px\u00a0\u00bb][vc_btn title=\u00a0\u00bbContact\u00a0\u00bb style=\u00a0\u00bbcustom\u00a0\u00bb custom_background=\u00a0\u00bb#E8432D\u00a0\u00bb custom_text=\u00a0\u00bb#FFFFFF\u00a0\u00bb shape=\u00a0\u00bbround\u00a0\u00bb size=\u00a0\u00bblg\u00a0\u00bb align=\u00a0\u00bbleft\u00a0\u00bb css=\u00a0\u00bb.vc_custom_1749726498323{margin-bottom: 0px !important;border-color: #FFFFFF !important;}\u00a0\u00bb link=\u00a0\u00bburl:%23&Prime; el_class=\u00a0\u00bbbutton-red-bg popmake-1552&Prime;][\/vc_column][\/vc_row]<\/p>\n<\/div>","protected":false},"excerpt":{"rendered":"<p>[vc_row][vc_column][vc_raw_html css=\u00a0\u00bb.vc_custom_1749631706528{margin-bottom: 0px !important;}\u00a0\u00bb el_class=\u00a0\u00bbbreadcrumbs\u00a0\u00bb]JTNDYSUyMGhyZWYlM0QlMjIlMjIlM0VIb21lJTNDJTJGYSUzRSUyMCU3QyUyMCUzQ2ElMjBocmVmJTNEJTIyJTIyJTNFU2VjdGV1cnMlMjBkZSUyMG1hcmNoJUMzJUE5JTNDJTJGYSUzRSUyMCU3QyUyMCUzQ3NwYW4lM0VSYWlscyUyMGRlJTIwcGFpZW1lbnQlM0MlMkZzcGFuJTNF[\/vc_raw_html][\/vc_column][\/vc_row][vc_row css=\u00a0\u00bb.vc_custom_1747922304231{border-color: #FF0000 !important;}\u00a0\u00bb][vc_column][vc_empty_space height=\u00a0\u00bb40px\u00a0\u00bb][vc_custom_heading text=\u00a0\u00bbCr\u00e9ez un r\u00e9seau de paiement qui permet \u00e0 vos clients de b\u00e9n\u00e9ficier de transferts d\u2019argent pratiques sans fronti\u00e8res.\u00a0\u00bb font_container=\u00a0\u00bbtag:h1|font_size:64px|text_align:left|color:%23424D59|line_height:84px\u00a0\u00bb use_theme_fonts=\u00a0\u00bbyes\u00a0\u00bb css=\u00a0\u00bb.vc_custom_1749631744664{margin-bottom: 0px !important;margin-left: -5px !important;}\u00a0\u00bb el_class=\u00a0\u00bbheading-big\u00a0\u00bb][vc_empty_space height=\u00a0\u00bb25px\u00a0\u00bb][vc_custom_heading text=\u00a0\u00bbLa plateforme Solanteq vous fournit les bons outils pour interagir avec vos partenaires de mani\u00e8re transparente, s\u00e9curis\u00e9e et conforme &#8230; <a title=\"Rails de paiement\" class=\"read-more\" href=\"https:\/\/solanteq.com\/fr\/payment-rails\/\" aria-label=\"En savoir plus sur Rails de paiement\">Read more<\/a><\/p>\n","protected":false},"author":3,"featured_media":0,"parent":0,"menu_order":0,"comment_status":"closed","ping_status":"closed","template":"","meta":{"footnotes":""},"class_list":["post-1032","page","type-page","status-publish"],"_links":{"self":[{"href":"https:\/\/solanteq.com\/fr\/wp-json\/wp\/v2\/pages\/1032","targetHints":{"allow":["GET"]}}],"collection":[{"href":"https:\/\/solanteq.com\/fr\/wp-json\/wp\/v2\/pages"}],"about":[{"href":"https:\/\/solanteq.com\/fr\/wp-json\/wp\/v2\/types\/page"}],"author":[{"embeddable":true,"href":"https:\/\/solanteq.com\/fr\/wp-json\/wp\/v2\/users\/3"}],"replies":[{"embeddable":true,"href":"https:\/\/solanteq.com\/fr\/wp-json\/wp\/v2\/comments?post=1032"}],"version-history":[{"count":5,"href":"https:\/\/solanteq.com\/fr\/wp-json\/wp\/v2\/pages\/1032\/revisions"}],"predecessor-version":[{"id":1574,"href":"https:\/\/solanteq.com\/fr\/wp-json\/wp\/v2\/pages\/1032\/revisions\/1574"}],"wp:attachment":[{"href":"https:\/\/solanteq.com\/fr\/wp-json\/wp\/v2\/media?parent=1032"}],"curies":[{"name":"wp","href":"https:\/\/api.w.org\/{rel}","templated":true}]}}