{"id":1034,"date":"2025-06-03T09:02:12","date_gmt":"2025-06-03T06:02:12","guid":{"rendered":"https:\/\/solanteq.web-design.ee\/fintech\/"},"modified":"2025-06-12T11:08:10","modified_gmt":"2025-06-12T11:08:10","slug":"fintech","status":"publish","type":"page","link":"https:\/\/solanteq.com\/fr\/fintech\/","title":{"rendered":"Fintech"},"content":{"rendered":"<div class=\"wpb-content-wrapper\"><p>[vc_row][vc_column][vc_raw_html css=\u00a0\u00bb.vc_custom_1749628342213{margin-bottom: 0px !important;}\u00a0\u00bb el_class=\u00a0\u00bbbreadcrumbs\u00a0\u00bb]JTNDYSUyMGhyZWYlM0QlMjIlMjIlM0VIb21lJTNDJTJGYSUzRSUyMCU3QyUyMCUzQ2ElMjBocmVmJTNEJTIyJTIyJTNFU2VjdGV1cnMlMjBkZSUyMG1hcmNoJUMzJUE5JTNDJTJGYSUzRSUyMCU3QyUyMCUzQ3NwYW4lM0VGaW50ZWNoJTNDJTJGc3BhbiUzRQ==[\/vc_raw_html][\/vc_column][\/vc_row][vc_row css=\u00a0\u00bb.vc_custom_1747922304231{border-color: #FF0000 !important;}\u00a0\u00bb][vc_column][vc_empty_space height=\u00a0\u00bb40px\u00a0\u00bb][vc_custom_heading text=\u00a0\u00bb<b>Secouez le march\u00e9<\/b> gr\u00e2ce \u00e0 l\u2019innovation<br \/>\net stimulez la performance des<br \/>\ninvestissements avec notre<br \/>\nlogiciel pour Fintechs.\u00a0\u00bb font_container=\u00a0\u00bbtag:h1|font_size:64px|text_align:left|color:%23424D59|line_height:84px\u00a0\u00bb use_theme_fonts=\u00a0\u00bbyes\u00a0\u00bb css=\u00a0\u00bb.vc_custom_1749630048761{margin-bottom: 0px !important;margin-left: -5px !important;}\u00a0\u00bb el_class=\u00a0\u00bbheading-big\u00a0\u00bb][vc_empty_space height=\u00a0\u00bb25px\u00a0\u00bb][vc_custom_heading text=\u00a0\u00bbQu\u2019il s\u2019agisse de commerce \u00e9lectronique, de plateforme de paiement, de portefeuilles, de cr\u00e9dit ou de comptabilit\u00e9 de crypto\/actifs num\u00e9riques, notre plateforme flexible, modulaire et \u00e0 d\u00e9ploiement rapide donne la libert\u00e9 de cr\u00e9er et de d\u00e9fier les leaders du march\u00e9. Du concept au produit final, Solanteq fournit une base de traitement des paiements fiable pour votre innovation. Nous g\u00e9rons l\u2019int\u00e9gration, les applications mobiles\/web, l\u2019int\u00e9gration du portefeuille, ainsi qu\u2019un rapprochement et un reporting pr\u00e9cis.\u00a0\u00bb font_container=\u00a0\u00bbtag:p|font_size:20px|text_align:left|color:%23424D59|line_height:28px\u00a0\u00bb use_theme_fonts=\u00a0\u00bbyes\u00a0\u00bb css=\u00a0\u00bb.vc_custom_1749628205940{margin-bottom: 0px !important;}\u00a0\u00bb el_class=\u00a0\u00bbweight-light\u00a0\u00bb][vc_empty_space height=\u00a0\u00bb110px\u00a0\u00bb][\/vc_column][\/vc_row][vc_row full_width=\u00a0\u00bbstretch_row\u00a0\u00bb css=\u00a0\u00bb.vc_custom_1748942870449{background: #424D59 url(https:\/\/solanteq.com\/wp-content\/uploads\/2025\/06\/Group-431.jpg?id=453) !important;background-position: center !important;background-repeat: no-repeat !important;background-size: cover !important;}\u00a0\u00bb el_class=\u00a0\u00bbdisable-row-overflow\u00a0\u00bb][vc_column][vc_row_inner equal_height=\u00a0\u00bbyes\u00a0\u00bb css=\u00a0\u00bb.vc_custom_1748878391365{margin-top: -50px !important;padding-right: 0px !important;padding-left: 0px !important;}\u00a0\u00bb el_class=\u00a0\u00bbservices-row page-temp\u00a0\u00bb][vc_column_inner el_class=\u00a0\u00bbservice-col\u00a0\u00bb width=\u00a0\u00bb1\/5&Prime; css=\u00a0\u00bb.vc_custom_1748871274091{background-color: #E8432D !important;}\u00a0\u00bb][vc_single_image image=\u00a0\u00bb442&Prime; img_size=\u00a0\u00bbfull\u00a0\u00bb css=\u00a0\u00bb.vc_custom_1748942416520{margin-bottom: 0px !important;padding-top: 25px !important;padding-right: 20px !important;padding-bottom: 15px !important;padding-left: 20px !important;background-color: #424D59 !important;}\u00a0\u00bb][vc_custom_heading text=\u00a0\u00bbMise en \u0153uvre<br \/>\nrapide et<br \/>\nfonctionnalit\u00e9s<br \/>\npersonnalisables\u00a0\u00bb font_container=\u00a0\u00bbtag:h2|font_size:20px|text_align:left|color:%23FFFFFF|line_height:28px\u00a0\u00bb use_theme_fonts=\u00a0\u00bbyes\u00a0\u00bb css=\u00a0\u00bb.vc_custom_1749629886162{margin-bottom: 0px !important;padding-top: 20px !important;padding-right: 20px !important;padding-bottom: 20px !important;padding-left: 20px !important;}\u00a0\u00bb link=\u00a0\u00bburl:%23&Prime;][\/vc_column_inner][vc_column_inner el_class=\u00a0\u00bbservice-col\u00a0\u00bb width=\u00a0\u00bb1\/5&Prime; css=\u00a0\u00bb.vc_custom_1748871295788{background-color: #FF5842 !important;}\u00a0\u00bb][vc_single_image image=\u00a0\u00bb443&Prime; img_size=\u00a0\u00bbfull\u00a0\u00bb css=\u00a0\u00bb.vc_custom_1748942344606{margin-bottom: 0px !important;padding-top: 31px !important;padding-right: 20px !important;padding-bottom: 20px !important;padding-left: 20px !important;background-color: #576778 !important;}\u00a0\u00bb][vc_custom_heading text=\u00a0\u00bbArchitecture facilement extensible et normes de s\u00e9curit\u00e9 avanc\u00e9es aliment\u00e9es par l&rsquo;IA\u00a0\u00bb font_container=\u00a0\u00bbtag:h2|font_size:20px|text_align:left|color:%23FFFFFF|line_height:28px\u00a0\u00bb use_theme_fonts=\u00a0\u00bbyes\u00a0\u00bb css=\u00a0\u00bb.vc_custom_1749630162406{margin-bottom: 0px !important;padding-top: 20px !important;padding-right: 20px !important;padding-bottom: 20px !important;padding-left: 20px !important;}\u00a0\u00bb link=\u00a0\u00bburl:%23&Prime;][\/vc_column_inner][vc_column_inner el_class=\u00a0\u00bbservice-col\u00a0\u00bb width=\u00a0\u00bb1\/5&Prime; css=\u00a0\u00bb.vc_custom_1748942088153{background-color: #E8432D !important;}\u00a0\u00bb][vc_single_image image=\u00a0\u00bb444&Prime; img_size=\u00a0\u00bbfull\u00a0\u00bb css=\u00a0\u00bb.vc_custom_1748941982960{margin-bottom: 0px !important;padding-top: 30px !important;padding-right: 20px !important;padding-bottom: 20px !important;padding-left: 20px !important;background-color: #424D59 !important;}\u00a0\u00bb][vc_custom_heading text=\u00a0\u00bbCapacit\u00e9s de nouvelle<br \/>\ng\u00e9n\u00e9ration avec<br \/>\nles derni\u00e8res<br \/>\ntechnologies API<br \/>\n(interface de<br \/>\nprogrammation<br \/>\nd&rsquo;application)\u00a0\u00bb font_container=\u00a0\u00bbtag:h2|font_size:20px|text_align:left|color:%23FFFFFF|line_height:28px\u00a0\u00bb use_theme_fonts=\u00a0\u00bbyes\u00a0\u00bb css=\u00a0\u00bb.vc_custom_1749630121374{margin-bottom: 0px !important;padding-top: 20px !important;padding-right: 20px !important;padding-bottom: 20px !important;padding-left: 20px !important;}\u00a0\u00bb link=\u00a0\u00bburl:%23&Prime;][\/vc_column_inner][vc_column_inner el_class=\u00a0\u00bbservice-col\u00a0\u00bb width=\u00a0\u00bb1\/5&Prime; css=\u00a0\u00bb.vc_custom_1748871303926{background-color: #FF5842 !important;}\u00a0\u00bb][vc_single_image image=\u00a0\u00bb445&Prime; img_size=\u00a0\u00bbfull\u00a0\u00bb css=\u00a0\u00bb.vc_custom_1748942365974{margin-bottom: 0px !important;padding-top: 32px !important;padding-right: 20px !important;padding-bottom: 20px !important;padding-left: 20px !important;background-color: #576778 !important;}\u00a0\u00bb][vc_custom_heading text=\u00a0\u00bbExigences<br \/>\nminimales en<br \/>\nmati\u00e8re de<br \/>\nmat\u00e9riel et<br \/>\nde logiciel\u00a0\u00bb font_container=\u00a0\u00bbtag:h2|font_size:20px|text_align:left|color:%23FFFFFF|line_height:28px\u00a0\u00bb use_theme_fonts=\u00a0\u00bbyes\u00a0\u00bb css=\u00a0\u00bb.vc_custom_1749630001149{margin-bottom: 0px !important;padding-top: 20px !important;padding-right: 20px !important;padding-bottom: 20px !important;padding-left: 20px !important;}\u00a0\u00bb link=\u00a0\u00bburl:%23&Prime;][\/vc_column_inner][vc_column_inner el_class=\u00a0\u00bbservice-col\u00a0\u00bb width=\u00a0\u00bb1\/5&Prime; css=\u00a0\u00bb.vc_custom_1748942094935{background-color: #E8432D !important;}\u00a0\u00bb][vc_single_image image=\u00a0\u00bb448&Prime; img_size=\u00a0\u00bbfull\u00a0\u00bb css=\u00a0\u00bb.vc_custom_1748942383754{margin-bottom: 0px !important;padding-top: 33px !important;padding-right: 20px !important;padding-bottom: 20px !important;padding-left: 20px !important;background-color: #424D59 !important;}\u00a0\u00bb][vc_custom_heading text=\u00a0\u00bbFaible co\u00fbt pour<br \/>\nla cr\u00e9ation d&rsquo;un<br \/>\nprototype<br \/>\nd&rsquo;entreprise\u00a0\u00bb font_container=\u00a0\u00bbtag:h2|font_size:20px|text_align:left|color:%23FFFFFF|line_height:28px\u00a0\u00bb use_theme_fonts=\u00a0\u00bbyes\u00a0\u00bb css=\u00a0\u00bb.vc_custom_1749629940994{margin-bottom: 0px !important;padding-top: 20px !important;padding-right: 20px !important;padding-bottom: 20px !important;padding-left: 20px !important;}\u00a0\u00bb link=\u00a0\u00bburl:%23&Prime;][\/vc_column_inner][\/vc_row_inner][vc_empty_space height=\u00a0\u00bb80px\u00a0\u00bb el_class=\u00a0\u00bbmobile-off\u00a0\u00bb][vc_custom_heading text=\u00a0\u00bb\u00c9l\u00e9ments de fonctionnalit\u00e9\u00a0\u00bb font_container=\u00a0\u00bbtag:h2|font_size:36px|text_align:left|color:%23FFFFFF|line_height:44px\u00a0\u00bb use_theme_fonts=\u00a0\u00bbyes\u00a0\u00bb css=\u00a0\u00bb\u00a0\u00bb el_class=\u00a0\u00bbheading-big page-bits-title\u00a0\u00bb][vc_empty_space height=\u00a0\u00bb30px\u00a0\u00bb el_class=\u00a0\u00bbmobile-off\u00a0\u00bb][vc_row_inner][vc_column_inner el_class=\u00a0\u00bbservices-extras-col1&Prime; width=\u00a0\u00bb1\/3&Prime;][vc_raw_html css=\u00a0\u00bb.vc_custom_1749628694978{margin-bottom: 0px !important;}\u00a0\u00bb el_class=\u00a0\u00bbbits-of-functionality much-text\u00a0\u00bb]R2VzdGlvbiUyMGRlcyUyMHRyYW5zYWN0aW9ucw==[\/vc_raw_html][vc_raw_html css=\u00a0\u00bb.vc_custom_1749630185431{margin-bottom: 0px !important;}\u00a0\u00bb el_class=\u00a0\u00bbbits-of-functionality much-text\u00a0\u00bb]SW50ZWdyYXRpb24lMjB3aXRoJTIwcGF5bWVudCUyMHNjaGVtZXMlM0NiciUyMCUyRiUzRSUyMCUwQWFuZCUyMGFsdGVybmF0aXZlJTIwcGF5bWVudCUyMG1ldGhvZHM=[\/vc_raw_html][vc_raw_html css=\u00a0\u00bb.vc_custom_1749630224487{margin-bottom: 0px !important;}\u00a0\u00bb el_class=\u00a0\u00bbbits-of-functionality much-text\u00a0\u00bb]QVBJJTIwJTI4aW50ZXJmYWNlJTIwZGUlMjBwcm9ncmFtbWF0aW9uJTNDYnIlMjAlMkYlM0UlMjAlMEFkJTI3YXBwbGljYXRpb24lMjklMjBwb3VyJTIwYXBwbGljYXRpb25zJTNDYnIlMjAlMkYlM0UlMjAlMjAlMEF3ZWIlMjBldCUyMG1vYmlsZXM=[\/vc_raw_html][\/vc_column_inner][vc_column_inner el_class=\u00a0\u00bbservices-extras-col2&Prime; width=\u00a0\u00bb1\/3&Prime;][vc_raw_html css=\u00a0\u00bb.vc_custom_1749629290135{margin-bottom: 0px !important;}\u00a0\u00bb el_class=\u00a0\u00bbbits-of-functionality much-text\u00a0\u00bb]Q29tbWVyY2UlMjAlQzMlQTlsZWN0cm9uaXF1ZQ==[\/vc_raw_html][vc_raw_html css=\u00a0\u00bb.vc_custom_1749630322402{margin-bottom: 0px !important;}\u00a0\u00bb el_class=\u00a0\u00bbbits-of-functionality much-text\u00a0\u00bb]VHJhbnNhY3Rpb25zJTIwZGUlMjBwYWllbWVudCUyMGVuJTNDYnIlMjAlMkYlM0UlMjAlMEFsaWduZSUyRmhvcnMlMjBsaWduZQ==[\/vc_raw_html][vc_raw_html css=\u00a0\u00bb.vc_custom_1749630283678{margin-bottom: 0px !important;}\u00a0\u00bb el_class=\u00a0\u00bbbits-of-functionality much-text\u00a0\u00bb]VG91cyUyMHR5cGVzJTIwZGUlMjBwYWllbWVudHMlM0NiciUyMCUyRiUzRSUyMCUwQSUyOEFDSCUyQyUyMFAyUCUyQyUyMHRyYW5zZmVydHMlMjBpbnRlcm5hdGlvbmF1eCUyQyUzQ2JyJTIwJTJGJTNFJTBBZmFjdHVyYXRpb24lMkMlMjB0ciVDMyVBOXNvcmVyaWUlMjk=[\/vc_raw_html][\/vc_column_inner][vc_column_inner el_class=\u00a0\u00bbservices-extras-col3&Prime; width=\u00a0\u00bb1\/3&Prime;][vc_raw_html css=\u00a0\u00bb.vc_custom_1749630383572{margin-bottom: 0px !important;}\u00a0\u00bb el_class=\u00a0\u00bbbits-of-functionality much-text\u00a0\u00bb]UGxhdGVmb3JtZXMlMjBkZSUyMHByJUMzJUFBdCUyQyUzQ2JyJTIwJTJGJTNFJTIwJTBBeSUyMGNvbXByaXMlMjBsZXMlMjBzb2x1dGlvbnMlM0NiciUyMCUyRiUzRSUyMCUwQSUyN0FjaGV0ZXolMjBtYWludGVuYW50JTJDJTIwcGF5ZXolMjBwbHVzJTIwdGFyZCUyMCUyNyUyMEJOUEwlM0NiciUyMCUyRiUzRQ==[\/vc_raw_html][vc_raw_html css=\u00a0\u00bb.vc_custom_1749629340090{margin-bottom: 0px !important;}\u00a0\u00bb el_class=\u00a0\u00bbbits-of-functionality much-text\u00a0\u00bb]R2VzdGlvbiUyMGRlJTIwY29tcHRlcyUyMG1hcmNoYW5kcw==[\/vc_raw_html][vc_raw_html css=\u00a0\u00bb.vc_custom_1749629348539{margin-bottom: 0px !important;}\u00a0\u00bb el_class=\u00a0\u00bbbits-of-functionality much-text\u00a0\u00bb]TWFycXVlJTIwYmxhbmNoZQ==[\/vc_raw_html][\/vc_column_inner][\/vc_row_inner][vc_empty_space height=\u00a0\u00bb110px\u00a0\u00bb el_class=\u00a0\u00bbmobile-off\u00a0\u00bb][\/vc_column][\/vc_row][vc_row css=\u00a0\u00bb.vc_custom_1748875403174{margin-top: 50px !important;margin-bottom: 50px !important;}\u00a0\u00bb][vc_column][vc_custom_heading text=\u00a0\u00bbAm\u00e9liorez votre activit\u00e9 fintech avec des produits en marque blanche, des API (interface de programmation d\u2019application) faciles \u00e0 utiliser, un lancement rapide, des int\u00e9grations pr\u00eates \u00e0 \u00eatre d\u00e9ploy\u00e9es avec les banques, les \u00e9metteurs de cartes, les fournisseurs de services de paiement, les services de connaissance de client\u00e8le (KYC) et de lutte contre le blanchiment d\u2019argent (LBA), et bien plus encore.\u00a0\u00bb font_container=\u00a0\u00bbtag:h4|font_size:32px|text_align:left|color:%23424D59|line_height:44px\u00a0\u00bb use_theme_fonts=\u00a0\u00bbyes\u00a0\u00bb css=\u00a0\u00bb.vc_custom_1749629433804{border-left-width: 5px !important;padding-top: 10px !important;padding-bottom: 10px !important;padding-left: 20px !important;border-left-style: solid !important;border-color: #E8432D !important;}\u00a0\u00bb el_class=\u00a0\u00bblist-of-text-with-line weight-regular\u00a0\u00bb][vc_empty_space height=\u00a0\u00bb30px\u00a0\u00bb el_class=\u00a0\u00bbmobile-off\u00a0\u00bb][vc_custom_heading text=\u00a0\u00bbTous ces services sont adapt\u00e9s \u00e0 l\u2019\u00e9volution des besoins de votre organisation fintech.<br \/>\nAvec nous, il est facile d\u2019am\u00e9liorer l\u2019acquisition de clients, de renforcer la s\u00e9curit\u00e9, d\u2019ex\u00e9cuter des processus technologiques li\u00e9s \u00e0 la conformit\u00e9 r\u00e9glementaire et d\u2019\u00e9voluer vers de nouveaux march\u00e9s, en s\u2019assurant de construire vers un succ\u00e8s \u00e0 long terme.\u00a0\u00bb font_container=\u00a0\u00bbtag:h4|font_size:32px|text_align:left|color:%23424D59|line_height:44px\u00a0\u00bb use_theme_fonts=\u00a0\u00bbyes\u00a0\u00bb css=\u00a0\u00bb.vc_custom_1749629444532{border-left-width: 5px !important;padding-top: 10px !important;padding-bottom: 10px !important;padding-left: 20px !important;border-left-style: solid !important;border-color: #E8432D !important;}\u00a0\u00bb el_class=\u00a0\u00bblist-of-text-with-line weight-regular\u00a0\u00bb][\/vc_column][\/vc_row][vc_row el_class=\u00a0\u00bbpage-bottom-boxes-list1&Prime;][vc_column width=\u00a0\u00bb1\/3&Prime;][vc_custom_heading text=\u00a0\u00bbSOLAR Card Issuing\u00a0\u00bb font_container=\u00a0\u00bbtag:h2|font_size:20px|text_align:center|color:%23FFFFFF|line_height:24px\u00a0\u00bb use_theme_fonts=\u00a0\u00bbyes\u00a0\u00bb css=\u00a0\u00bb.vc_custom_1749648128945{margin-bottom: 0px !important;padding-top: 20px !important;padding-right: 15px !important;padding-bottom: 20px !important;padding-left: 15px !important;background-color: #E8432D !important;}\u00a0\u00bb el_class=\u00a0\u00bbservices-heading first\u00a0\u00bb link=\u00a0\u00bburl:%2Ffr%2Fsolar-card-issuing%2F\u00a0\u00bb][\/vc_column][vc_column width=\u00a0\u00bb1\/3&Prime;][vc_custom_heading text=\u00a0\u00bbSOLAR Digital Card\u00a0\u00bb font_container=\u00a0\u00bbtag:h2|font_size:20px|text_align:center|color:%23FFFFFF|line_height:24px\u00a0\u00bb use_theme_fonts=\u00a0\u00bbyes\u00a0\u00bb css=\u00a0\u00bb.vc_custom_1749648144873{margin-bottom: 0px !important;padding-top: 20px !important;padding-right: 15px !important;padding-bottom: 20px !important;padding-left: 15px !important;background-color: #FF5842 !important;}\u00a0\u00bb el_class=\u00a0\u00bbservices-heading\u00a0\u00bb link=\u00a0\u00bburl:%2Ffr%2Fsolar-digital-card%2F\u00a0\u00bb][\/vc_column][vc_column width=\u00a0\u00bb1\/3&Prime;][vc_custom_heading text=\u00a0\u00bbSOLAR ACS\u00a0\u00bb font_container=\u00a0\u00bbtag:h2|font_size:20px|text_align:center|color:%23FFFFFF|line_height:24px\u00a0\u00bb use_theme_fonts=\u00a0\u00bbyes\u00a0\u00bb css=\u00a0\u00bb.vc_custom_1748881120872{margin-bottom: 0px !important;padding-top: 20px !important;padding-right: 15px !important;padding-bottom: 20px !important;padding-left: 15px !important;background-color: #E8432D !important;}\u00a0\u00bb el_class=\u00a0\u00bbservices-heading\u00a0\u00bb link=\u00a0\u00bburl:%23&Prime;][\/vc_column][\/vc_row][vc_row el_class=\u00a0\u00bbpage-bottom-boxes-list2&Prime;][vc_column width=\u00a0\u00bb1\/4&Prime;][vc_custom_heading text=\u00a0\u00bbSOLAR Loyalty\u00a0\u00bb font_container=\u00a0\u00bbtag:h2|font_size:20px|text_align:center|color:%23FFFFFF|line_height:24px\u00a0\u00bb use_theme_fonts=\u00a0\u00bbyes\u00a0\u00bb css=\u00a0\u00bb.vc_custom_1749648160251{margin-bottom: 0px !important;padding-top: 20px !important;padding-right: 15px !important;padding-bottom: 20px !important;padding-left: 15px !important;background-color: #424D59 !important;}\u00a0\u00bb el_class=\u00a0\u00bbservices-heading\u00a0\u00bb link=\u00a0\u00bburl:%2Ffr%2Fsolar-loyalty%2F\u00a0\u00bb][\/vc_column][vc_column width=\u00a0\u00bb1\/4&Prime;][vc_custom_heading text=\u00a0\u00bbSOLAR Token Management\u00a0\u00bb font_container=\u00a0\u00bbtag:h2|font_size:20px|text_align:center|color:%23FFFFFF|line_height:24px\u00a0\u00bb use_theme_fonts=\u00a0\u00bbyes\u00a0\u00bb css=\u00a0\u00bb.vc_custom_1749648178306{margin-bottom: 0px !important;padding-top: 20px !important;padding-right: 15px !important;padding-bottom: 20px !important;padding-left: 15px !important;background-color: #576778 !important;}\u00a0\u00bb el_class=\u00a0\u00bbservices-heading\u00a0\u00bb link=\u00a0\u00bburl:%2Ffr%2Fsolar-token-management%2F\u00a0\u00bb][\/vc_column][vc_column width=\u00a0\u00bb1\/4&Prime;][vc_custom_heading text=\u00a0\u00bbSOLAR Installments\u00a0\u00bb font_container=\u00a0\u00bbtag:h2|font_size:20px|text_align:center|color:%23FFFFFF|line_height:24px\u00a0\u00bb use_theme_fonts=\u00a0\u00bbyes\u00a0\u00bb css=\u00a0\u00bb.vc_custom_1749648194887{margin-bottom: 0px !important;padding-top: 20px !important;padding-right: 15px !important;padding-bottom: 20px !important;padding-left: 15px !important;background-color: #424D59 !important;}\u00a0\u00bb el_class=\u00a0\u00bbservices-heading\u00a0\u00bb link=\u00a0\u00bburl:%2Ffr%2Fsolar-installments%2F\u00a0\u00bb][\/vc_column][vc_column width=\u00a0\u00bb1\/4&Prime;][vc_custom_heading text=\u00a0\u00bbSOLAR Mobile\u00a0\u00bb font_container=\u00a0\u00bbtag:h2|font_size:20px|text_align:center|color:%23FFFFFF|line_height:24px\u00a0\u00bb use_theme_fonts=\u00a0\u00bbyes\u00a0\u00bb css=\u00a0\u00bb.vc_custom_1749648212735{margin-bottom: 0px !important;padding-top: 20px !important;padding-right: 15px !important;padding-bottom: 20px !important;padding-left: 15px !important;background-color: #576778 !important;}\u00a0\u00bb el_class=\u00a0\u00bbservices-heading last\u00a0\u00bb link=\u00a0\u00bburl:%2Ffr%2Fsolar-mobile%2F\u00a0\u00bb][\/vc_column][\/vc_row][vc_row el_class=\u00a0\u00bbmobile-off\u00a0\u00bb][vc_column][vc_empty_space height=\u00a0\u00bb60px\u00a0\u00bb][\/vc_column][\/vc_row][vc_row full_width=\u00a0\u00bbstretch_row\u00a0\u00bb equal_height=\u00a0\u00bbyes\u00a0\u00bb content_placement=\u00a0\u00bbmiddle\u00a0\u00bb css=\u00a0\u00bb.vc_custom_1748342848647{margin-bottom: -40px !important;padding-top: 30px !important;padding-bottom: 30px !important;background-color: #E8432D !important;}\u00a0\u00bb][vc_column width=\u00a0\u00bb1\/6&Prime; css=\u00a0\u00bb.vc_custom_1748443670093{border-color: #FFFFFF !important;}\u00a0\u00bb el_class=\u00a0\u00bbbenefit-icon-col\u00a0\u00bb][vc_empty_space height=\u00a0\u00bb50px\u00a0\u00bb el_class=\u00a0\u00bbmobile-off\u00a0\u00bb][vc_single_image image=\u00a0\u00bb413&Prime; img_size=\u00a0\u00bbfull\u00a0\u00bb alignment=\u00a0\u00bbcenter\u00a0\u00bb css=\u00a0\u00bb\u00a0\u00bb][vc_empty_space height=\u00a0\u00bb50px\u00a0\u00bb el_class=\u00a0\u00bbmobile-off\u00a0\u00bb][\/vc_column][vc_column width=\u00a0\u00bb5\/6&Prime; el_class=\u00a0\u00bbbenefit-content-col\u00a0\u00bb][vc_custom_heading text=\u00a0\u00bbOptions de d\u00e9ploiement\u00a0\u00bb font_container=\u00a0\u00bbtag:h3|font_size:32px|text_align:left|color:%23FFFFFF|line_height:34px\u00a0\u00bb use_theme_fonts=\u00a0\u00bbyes\u00a0\u00bb css=\u00a0\u00bb.vc_custom_1749629455010{margin-bottom: 10px !important;}\u00a0\u00bb el_class=\u00a0\u00bbweight-regular\u00a0\u00bb][vc_custom_heading text=\u00a0\u00bbFavoriser l\u2019innovation gr\u00e2ce \u00e0 des techniques de d\u00e9ploiement optimis\u00e9es et natives de l\u2019informatique en cloud.<br \/>\nExigences de la plateforme intelligente et mod\u00e8le SAAS (logiciel en tant que service) : la cl\u00e9 de solutions rentables.\u00a0\u00bb font_container=\u00a0\u00bbtag:p|font_size:20px|text_align:left|color:%23FFFFFF|line_height:28px\u00a0\u00bb use_theme_fonts=\u00a0\u00bbyes\u00a0\u00bb css=\u00a0\u00bb.vc_custom_1749629471063{margin-bottom: 0px !important;}\u00a0\u00bb el_class=\u00a0\u00bbweight-light\u00a0\u00bb][vc_empty_space height=\u00a0\u00bb30px\u00a0\u00bb][vc_btn title=\u00a0\u00bbContact\u00a0\u00bb style=\u00a0\u00bbcustom\u00a0\u00bb custom_background=\u00a0\u00bb#E8432D\u00a0\u00bb custom_text=\u00a0\u00bb#FFFFFF\u00a0\u00bb shape=\u00a0\u00bbround\u00a0\u00bb size=\u00a0\u00bblg\u00a0\u00bb align=\u00a0\u00bbleft\u00a0\u00bb css=\u00a0\u00bb.vc_custom_1749726488917{margin-bottom: 0px !important;border-color: #FFFFFF !important;}\u00a0\u00bb link=\u00a0\u00bburl:%23&Prime; el_class=\u00a0\u00bbbutton-red-bg popmake-1552&Prime;][\/vc_column][\/vc_row]<\/p>\n<\/div>","protected":false},"excerpt":{"rendered":"<p>[vc_row][vc_column][vc_raw_html css=\u00a0\u00bb.vc_custom_1749628342213{margin-bottom: 0px !important;}\u00a0\u00bb el_class=\u00a0\u00bbbreadcrumbs\u00a0\u00bb]JTNDYSUyMGhyZWYlM0QlMjIlMjIlM0VIb21lJTNDJTJGYSUzRSUyMCU3QyUyMCUzQ2ElMjBocmVmJTNEJTIyJTIyJTNFU2VjdGV1cnMlMjBkZSUyMG1hcmNoJUMzJUE5JTNDJTJGYSUzRSUyMCU3QyUyMCUzQ3NwYW4lM0VGaW50ZWNoJTNDJTJGc3BhbiUzRQ==[\/vc_raw_html][\/vc_column][\/vc_row][vc_row css=\u00a0\u00bb.vc_custom_1747922304231{border-color: #FF0000 !important;}\u00a0\u00bb][vc_column][vc_empty_space height=\u00a0\u00bb40px\u00a0\u00bb][vc_custom_heading text=\u00a0\u00bbSecouez le march\u00e9 gr\u00e2ce \u00e0 l\u2019innovation et stimulez la performance des investissements avec notre logiciel pour Fintechs.\u00a0\u00bb font_container=\u00a0\u00bbtag:h1|font_size:64px|text_align:left|color:%23424D59|line_height:84px\u00a0\u00bb use_theme_fonts=\u00a0\u00bbyes\u00a0\u00bb css=\u00a0\u00bb.vc_custom_1749630048761{margin-bottom: 0px !important;margin-left: -5px !important;}\u00a0\u00bb el_class=\u00a0\u00bbheading-big\u00a0\u00bb][vc_empty_space height=\u00a0\u00bb25px\u00a0\u00bb][vc_custom_heading text=\u00a0\u00bbQu\u2019il s\u2019agisse de commerce \u00e9lectronique, de plateforme de paiement, de portefeuilles, de cr\u00e9dit ou de comptabilit\u00e9 de crypto\/actifs num\u00e9riques, notre &#8230; <a title=\"Fintech\" class=\"read-more\" href=\"https:\/\/solanteq.com\/fr\/fintech\/\" aria-label=\"En savoir plus sur Fintech\">Read more<\/a><\/p>\n","protected":false},"author":3,"featured_media":0,"parent":0,"menu_order":0,"comment_status":"closed","ping_status":"closed","template":"","meta":{"footnotes":""},"class_list":["post-1034","page","type-page","status-publish"],"_links":{"self":[{"href":"https:\/\/solanteq.com\/fr\/wp-json\/wp\/v2\/pages\/1034","targetHints":{"allow":["GET"]}}],"collection":[{"href":"https:\/\/solanteq.com\/fr\/wp-json\/wp\/v2\/pages"}],"about":[{"href":"https:\/\/solanteq.com\/fr\/wp-json\/wp\/v2\/types\/page"}],"author":[{"embeddable":true,"href":"https:\/\/solanteq.com\/fr\/wp-json\/wp\/v2\/users\/3"}],"replies":[{"embeddable":true,"href":"https:\/\/solanteq.com\/fr\/wp-json\/wp\/v2\/comments?post=1034"}],"version-history":[{"count":6,"href":"https:\/\/solanteq.com\/fr\/wp-json\/wp\/v2\/pages\/1034\/revisions"}],"predecessor-version":[{"id":1573,"href":"https:\/\/solanteq.com\/fr\/wp-json\/wp\/v2\/pages\/1034\/revisions\/1573"}],"wp:attachment":[{"href":"https:\/\/solanteq.com\/fr\/wp-json\/wp\/v2\/media?parent=1034"}],"curies":[{"name":"wp","href":"https:\/\/api.w.org\/{rel}","templated":true}]}}