{"id":1132,"date":"2025-06-03T08:33:02","date_gmt":"2025-06-03T05:33:02","guid":{"rendered":"https:\/\/solanteq.web-design.ee\/acquirers-and-psps\/"},"modified":"2025-06-12T11:08:00","modified_gmt":"2025-06-12T11:08:00","slug":"acquirers-and-psps","status":"publish","type":"page","link":"https:\/\/solanteq.com\/fr\/acquirers-and-psps\/","title":{"rendered":"Acqu\u00e9reurs et PSP"},"content":{"rendered":"<div class=\"wpb-content-wrapper\"><p>[vc_row][vc_column][vc_raw_html css=\u00a0\u00bb.vc_custom_1749625548955{margin-bottom: 0px !important;}\u00a0\u00bb el_class=\u00a0\u00bbbreadcrumbs\u00a0\u00bb]JTNDYSUyMGhyZWYlM0QlMjIlMjIlM0VIb21lJTNDJTJGYSUzRSUyMCU3QyUyMCUzQ2ElMjBocmVmJTNEJTIyJTIyJTNFU2VjdGV1cnMlMjBkZSUyMG1hcmNoJUMzJUE5JTNDJTJGYSUzRSUyMCU3QyUyMCUzQ3NwYW4lM0VBY3F1JUMzJUE5cmV1cnMlMjBldCUyMFBTUCUzQyUyRnNwYW4lM0U=[\/vc_raw_html][\/vc_column][\/vc_row][vc_row css=\u00a0\u00bb.vc_custom_1747922304231{border-color: #FF0000 !important;}\u00a0\u00bb][vc_column][vc_empty_space height=\u00a0\u00bb40px\u00a0\u00bb][vc_custom_heading text=\u00a0\u00bb<b>Secteurs de march\u00e9<\/b> de prosp\u00e9rer<br \/>\ngr\u00e2ce \u00e0 des transactions s\u00e9curis\u00e9es<br \/>\net transparentes sur tous les canaux\u00a0\u00bb font_container=\u00a0\u00bbtag:h1|font_size:64px|text_align:left|color:%23424D59|line_height:84px\u00a0\u00bb use_theme_fonts=\u00a0\u00bbyes\u00a0\u00bb css=\u00a0\u00bb.vc_custom_1749626657718{margin-bottom: 0px !important;margin-left: -5px !important;}\u00a0\u00bb el_class=\u00a0\u00bbheading-big\u00a0\u00bb][vc_empty_space height=\u00a0\u00bb25px\u00a0\u00bb][vc_custom_heading text=\u00a0\u00bbNotre technologie compl\u00e8te dote les acqu\u00e9reurs et fournisseurs de paiement s\u00e9curis\u00e9 (PSP) de capacit\u00e9s de traitement des paiements de premier ordre, de l\u2019acheminement des transactions aux paiements, en passant par la comptabilit\u00e9 et le rapprochement des comptes g\u00e9n\u00e9raux, afin d\u2019am\u00e9liorer la croissance de l\u2019entreprise.\u00a0\u00bb font_container=\u00a0\u00bbtag:p|font_size:20px|text_align:left|color:%23424D59|line_height:28px\u00a0\u00bb use_theme_fonts=\u00a0\u00bbyes\u00a0\u00bb css=\u00a0\u00bb.vc_custom_1749626001512{margin-bottom: 0px !important;}\u00a0\u00bb el_class=\u00a0\u00bbweight-light\u00a0\u00bb][vc_empty_space height=\u00a0\u00bb110px\u00a0\u00bb][\/vc_column][\/vc_row][vc_row full_width=\u00a0\u00bbstretch_row\u00a0\u00bb css=\u00a0\u00bb.vc_custom_1748940138105{background: #424D59 url(https:\/\/solanteq.com\/wp-content\/uploads\/2025\/06\/Group-430.jpg?id=434) !important;background-position: center !important;background-repeat: no-repeat !important;background-size: cover !important;}\u00a0\u00bb el_class=\u00a0\u00bbdisable-row-overflow\u00a0\u00bb][vc_column][vc_row_inner equal_height=\u00a0\u00bbyes\u00a0\u00bb css=\u00a0\u00bb.vc_custom_1748878391365{margin-top: -50px !important;padding-right: 0px !important;padding-left: 0px !important;}\u00a0\u00bb el_class=\u00a0\u00bbservices-row page-temp\u00a0\u00bb][vc_column_inner el_class=\u00a0\u00bbservice-col\u00a0\u00bb width=\u00a0\u00bb1\/4&Prime; css=\u00a0\u00bb.vc_custom_1748871274091{background-color: #E8432D !important;}\u00a0\u00bb][vc_single_image image=\u00a0\u00bb429&Prime; img_size=\u00a0\u00bbfull\u00a0\u00bb css=\u00a0\u00bb.vc_custom_1748939914017{margin-bottom: 0px !important;padding-top: 20px !important;padding-right: 20px !important;padding-bottom: 20px !important;padding-left: 20px !important;background-color: #424D59 !important;}\u00a0\u00bb][vc_custom_heading text=\u00a0\u00bbLa solution<br \/>\navec toutes<br \/>\nles fonctionnalit\u00e9s<br \/>\ncl\u00e9s\u00a0\u00bb font_container=\u00a0\u00bbtag:h2|font_size:20px|text_align:left|color:%23FFFFFF|line_height:28px\u00a0\u00bb use_theme_fonts=\u00a0\u00bbyes\u00a0\u00bb css=\u00a0\u00bb.vc_custom_1749626169777{margin-bottom: 0px !important;padding-top: 20px !important;padding-right: 20px !important;padding-bottom: 20px !important;padding-left: 20px !important;}\u00a0\u00bb link=\u00a0\u00bburl:%23&Prime;][\/vc_column_inner][vc_column_inner el_class=\u00a0\u00bbservice-col\u00a0\u00bb width=\u00a0\u00bb1\/4&Prime; css=\u00a0\u00bb.vc_custom_1748871295788{background-color: #FF5842 !important;}\u00a0\u00bb][vc_single_image image=\u00a0\u00bb430&Prime; img_size=\u00a0\u00bbfull\u00a0\u00bb css=\u00a0\u00bb.vc_custom_1748941112794{margin-bottom: 0px !important;padding-top: 32px !important;padding-right: 20px !important;padding-bottom: 20px !important;padding-left: 20px !important;background-color: #576778 !important;}\u00a0\u00bb][vc_custom_heading text=\u00a0\u00bbAugmentation de la<br \/>\nrentabilit\u00e9 gr\u00e2ce \u00e0<br \/>\nl&rsquo;utilisation du potentiel<br \/>\ndes produits configurables<br \/>\nintelligents\u00a0\u00bb font_container=\u00a0\u00bbtag:h2|font_size:20px|text_align:left|color:%23FFFFFF|line_height:28px\u00a0\u00bb use_theme_fonts=\u00a0\u00bbyes\u00a0\u00bb css=\u00a0\u00bb.vc_custom_1749626701092{margin-bottom: 0px !important;padding-top: 20px !important;padding-right: 20px !important;padding-bottom: 20px !important;padding-left: 20px !important;}\u00a0\u00bb link=\u00a0\u00bburl:%23&Prime;][\/vc_column_inner][vc_column_inner el_class=\u00a0\u00bbservice-col\u00a0\u00bb width=\u00a0\u00bb1\/4&Prime; css=\u00a0\u00bb.vc_custom_1747926194831{background-color: #E8432D !important;}\u00a0\u00bb][vc_single_image image=\u00a0\u00bb431&Prime; img_size=\u00a0\u00bbfull\u00a0\u00bb css=\u00a0\u00bb.vc_custom_1748941129868{margin-bottom: 0px !important;padding-top: 30px !important;padding-right: 20px !important;padding-bottom: 20px !important;padding-left: 20px !important;background-color: #424D59 !important;}\u00a0\u00bb][vc_custom_heading text=\u00a0\u00bbConnectivit\u00e9 transparente<br \/>\nde l&rsquo;\u00e9cosyst\u00e8me gr\u00e2ce \u00e0<br \/>\nnotre strat\u00e9gie d\u2019interface<br \/>\nde programmation<br \/>\nd&rsquo;application (API-first) avanc\u00e9e\u00a0\u00bb font_container=\u00a0\u00bbtag:h2|font_size:20px|text_align:left|color:%23FFFFFF|line_height:28px\u00a0\u00bb use_theme_fonts=\u00a0\u00bbyes\u00a0\u00bb css=\u00a0\u00bb.vc_custom_1749626740439{margin-bottom: 0px !important;padding-top: 20px !important;padding-right: 20px !important;padding-bottom: 20px !important;padding-left: 20px !important;}\u00a0\u00bb link=\u00a0\u00bburl:%23&Prime;][\/vc_column_inner][vc_column_inner el_class=\u00a0\u00bbservice-col\u00a0\u00bb width=\u00a0\u00bb1\/4&Prime; css=\u00a0\u00bb.vc_custom_1748871303926{background-color: #FF5842 !important;}\u00a0\u00bb][vc_single_image image=\u00a0\u00bb432&Prime; img_size=\u00a0\u00bbfull\u00a0\u00bb css=\u00a0\u00bb.vc_custom_1748941150672{margin-bottom: 0px !important;padding-top: 27px !important;padding-right: 20px !important;padding-bottom: 20px !important;padding-left: 20px !important;background-color: #576778 !important;}\u00a0\u00bb][vc_custom_heading text=\u00a0\u00bbLa puissance<br \/>\nde l&rsquo;IA pour<br \/>\nun avenir<br \/>\nplus intelligent\u00a0\u00bb font_container=\u00a0\u00bbtag:h2|font_size:20px|text_align:left|color:%23FFFFFF|line_height:28px\u00a0\u00bb use_theme_fonts=\u00a0\u00bbyes\u00a0\u00bb css=\u00a0\u00bb.vc_custom_1749626116441{margin-bottom: 0px !important;padding-top: 20px !important;padding-right: 20px !important;padding-bottom: 20px !important;padding-left: 20px !important;}\u00a0\u00bb link=\u00a0\u00bburl:%23&Prime;][\/vc_column_inner][\/vc_row_inner][vc_empty_space height=\u00a0\u00bb80px\u00a0\u00bb el_class=\u00a0\u00bbmobile-off\u00a0\u00bb][vc_custom_heading text=\u00a0\u00bb\u00c9l\u00e9ments de fonctionnalit\u00e9\u00a0\u00bb font_container=\u00a0\u00bbtag:h2|font_size:36px|text_align:left|color:%23FFFFFF|line_height:44px\u00a0\u00bb use_theme_fonts=\u00a0\u00bbyes\u00a0\u00bb css=\u00a0\u00bb\u00a0\u00bb el_class=\u00a0\u00bbheading-big page-bits-title\u00a0\u00bb][vc_empty_space height=\u00a0\u00bb30px\u00a0\u00bb el_class=\u00a0\u00bbmobile-off\u00a0\u00bb][vc_row_inner][vc_column_inner el_class=\u00a0\u00bbservices-extras-col1&Prime; width=\u00a0\u00bb1\/3&Prime;][vc_raw_html css=\u00a0\u00bb.vc_custom_1748943713077{margin-bottom: 0px !important;}\u00a0\u00bb el_class=\u00a0\u00bbbits-of-functionality much-text\u00a0\u00bb]U3dpdGNo[\/vc_raw_html][vc_raw_html css=\u00a0\u00bb.vc_custom_1749626200629{margin-bottom: 0px !important;}\u00a0\u00bb el_class=\u00a0\u00bbbits-of-functionality much-text\u00a0\u00bb]Q29udHIlQzMlQjRsZXVyJTIwZGUlMjBwb2ludCUyMGRlJTIwdmVudGU=[\/vc_raw_html][vc_raw_html css=\u00a0\u00bb.vc_custom_1749626209851{margin-bottom: 0px !important;}\u00a0\u00bb el_class=\u00a0\u00bbbits-of-functionality much-text\u00a0\u00bb]Q29tbWVyY2UlMjAlQzMlQTlsZWN0cm9uaXF1ZQ==[\/vc_raw_html][vc_raw_html css=\u00a0\u00bb.vc_custom_1749626219990{margin-bottom: 0px !important;}\u00a0\u00bb el_class=\u00a0\u00bbbits-of-functionality much-text\u00a0\u00bb]UyVDMyVBOWN1cml0JUMzJUE5JTIwM0Q=[\/vc_raw_html][vc_raw_html css=\u00a0\u00bb.vc_custom_1749626228657{margin-bottom: 0px !important;}\u00a0\u00bb el_class=\u00a0\u00bbbits-of-functionality much-text\u00a0\u00bb]QmFjay1vZmZpY2UlMjBlbiUyMGxpZ25l[\/vc_raw_html][\/vc_column_inner][vc_column_inner el_class=\u00a0\u00bbservices-extras-col2&Prime; width=\u00a0\u00bb1\/3&Prime;][vc_raw_html css=\u00a0\u00bb.vc_custom_1749626237203{margin-bottom: 0px !important;}\u00a0\u00bb el_class=\u00a0\u00bbbits-of-functionality much-text\u00a0\u00bb]R2VzdGlvbiUyMGR1JTIwY29tcHRlJTIwbWFyY2hhbmQ=[\/vc_raw_html][vc_raw_html css=\u00a0\u00bb.vc_custom_1749626245768{margin-bottom: 0px !important;}\u00a0\u00bb el_class=\u00a0\u00bbbits-of-functionality much-text\u00a0\u00bb]R2VzdGlvbiUyMGRlcyUyMHRlcm1pbmF1eA==[\/vc_raw_html][vc_raw_html css=\u00a0\u00bb.vc_custom_1749626255473{margin-bottom: 0px !important;}\u00a0\u00bb el_class=\u00a0\u00bbbits-of-functionality much-text\u00a0\u00bb]R2VzdGlvbiUyMGRlcyUyMHRyYW5zYWN0aW9ucw==[\/vc_raw_html][vc_raw_html css=\u00a0\u00bb.vc_custom_1749626266197{margin-bottom: 0px !important;}\u00a0\u00bb el_class=\u00a0\u00bbbits-of-functionality much-text\u00a0\u00bb]UGFzc2VyZWxsZSUyMGRlJTIwcGFpZW1lbnQ=[\/vc_raw_html][vc_raw_html css=\u00a0\u00bb.vc_custom_1749626277191{margin-bottom: 0px !important;}\u00a0\u00bb el_class=\u00a0\u00bbbits-of-functionality much-text\u00a0\u00bb]TWFycXVlJTIwYmxhbmNoZQ==[\/vc_raw_html][\/vc_column_inner][vc_column_inner el_class=\u00a0\u00bbservices-extras-col3&Prime; width=\u00a0\u00bb1\/3&Prime;][vc_raw_html css=\u00a0\u00bb.vc_custom_1749626286258{margin-bottom: 0px !important;}\u00a0\u00bb el_class=\u00a0\u00bbbits-of-functionality much-text\u00a0\u00bb]UHIlQzMlQTl2ZW50aW9uJTIwZGUlMjBsYSUyMGZyYXVkZQ==[\/vc_raw_html][vc_raw_html css=\u00a0\u00bb.vc_custom_1749626342799{margin-bottom: 0px !important;}\u00a0\u00bb el_class=\u00a0\u00bbbits-of-functionality much-text\u00a0\u00bb]VG91cyUyMGxlcyUyMHByaW5jaXBhdXglMjBzeXN0JUMzJUE4bWVzJTNDYnIlMjAlMkYlM0UlMEFkZSUyMHBhaWVtZW50JTIwZXQlMjBtJUMzJUE5dGhvZGVzJTNDYnIlMjAlMkYlM0UlMjAlMEFkZSUyMHBhaWVtZW50JTIwYWx0ZXJuYXRpdmVzJTNDYnIlMjAlMkYlM0U=[\/vc_raw_html][\/vc_column_inner][\/vc_row_inner][vc_empty_space height=\u00a0\u00bb110px\u00a0\u00bb el_class=\u00a0\u00bbmobile-off\u00a0\u00bb][\/vc_column][\/vc_row][vc_row css=\u00a0\u00bb.vc_custom_1748875403174{margin-top: 50px !important;margin-bottom: 50px !important;}\u00a0\u00bb][vc_column][vc_custom_heading text=\u00a0\u00bbSolanteq offre une int\u00e9gration rapide avec tous les principaux syst\u00e8mes de paiement internationaux et une diversit\u00e9 de m\u00e9thodes de paiement accept\u00e9es : transactions par carte, paiements en ligne, portefeuilles num\u00e9riques, transactions A2A et m\u00e9thodes de paiement alternatives telles que PayPal ou CBDC.\u00a0\u00bb font_container=\u00a0\u00bbtag:h4|font_size:32px|text_align:left|color:%23424D59|line_height:44px\u00a0\u00bb use_theme_fonts=\u00a0\u00bbyes\u00a0\u00bb css=\u00a0\u00bb.vc_custom_1749626412243{border-left-width: 5px !important;padding-top: 10px !important;padding-bottom: 10px !important;padding-left: 20px !important;border-left-style: solid !important;border-color: #E8432D !important;}\u00a0\u00bb el_class=\u00a0\u00bblist-of-text-with-line weight-regular\u00a0\u00bb][vc_empty_space height=\u00a0\u00bb30px\u00a0\u00bb el_class=\u00a0\u00bbmobile-off\u00a0\u00bb][vc_custom_heading text=\u00a0\u00bbConstruit avec des API (interface de programmation d\u2019application) modernes et fiables, il permet une approche multicanal, une configuration souple des tarifs et des mod\u00e8les de tarification intelligents. Le logiciel est facilement extensible et \u00e9volue avec les besoins de votre projet.\u00a0\u00bb font_container=\u00a0\u00bbtag:h4|font_size:32px|text_align:left|color:%23424D59|line_height:44px\u00a0\u00bb use_theme_fonts=\u00a0\u00bbyes\u00a0\u00bb css=\u00a0\u00bb.vc_custom_1749626425186{border-left-width: 5px !important;padding-top: 10px !important;padding-bottom: 10px !important;padding-left: 20px !important;border-left-style: solid !important;border-color: #E8432D !important;}\u00a0\u00bb el_class=\u00a0\u00bblist-of-text-with-line weight-regular\u00a0\u00bb][vc_empty_space height=\u00a0\u00bb30px\u00a0\u00bb el_class=\u00a0\u00bbmobile-off\u00a0\u00bb][vc_custom_heading text=\u00a0\u00bbAvec SOLAR, il est facile de rester \u00e0 la pointe des innovations en mati\u00e8re de paiement et de rationaliser l\u2019exp\u00e9rience client, car il r\u00e9pond aux besoins actuels des PSP et aux d\u00e9fis de demain. Les clients b\u00e9n\u00e9ficient d\u2019une solution multi-acqu\u00e9reurs, d\u2019une prise en charge des interfaces des syst\u00e8mes de paiement, d\u2019adaptateurs flexibles pour les int\u00e9grations existantes, de mises \u00e0 jour automatiques, d\u2019une sauvegarde des donn\u00e9es et bien plus encore.\u00a0\u00bb font_container=\u00a0\u00bbtag:h4|font_size:32px|text_align:left|color:%23424D59|line_height:44px\u00a0\u00bb use_theme_fonts=\u00a0\u00bbyes\u00a0\u00bb css=\u00a0\u00bb.vc_custom_1749626437577{border-left-width: 5px !important;padding-top: 10px !important;padding-bottom: 10px !important;padding-left: 20px !important;border-left-style: solid !important;border-color: #E8432D !important;}\u00a0\u00bb el_class=\u00a0\u00bblist-of-text-with-line weight-regular\u00a0\u00bb][\/vc_column][\/vc_row][vc_row el_class=\u00a0\u00bbpage-bottom-boxes-list1&Prime;][vc_column width=\u00a0\u00bb1\/3&Prime;][vc_custom_heading text=\u00a0\u00bbSOLAR Card Issuing\u00a0\u00bb font_container=\u00a0\u00bbtag:h2|font_size:20px|text_align:center|color:%23FFFFFF|line_height:24px\u00a0\u00bb use_theme_fonts=\u00a0\u00bbyes\u00a0\u00bb css=\u00a0\u00bb.vc_custom_1749647241134{margin-bottom: 0px !important;padding-top: 20px !important;padding-right: 15px !important;padding-bottom: 20px !important;padding-left: 15px !important;background-color: #E8432D !important;}\u00a0\u00bb el_class=\u00a0\u00bbservices-heading first\u00a0\u00bb link=\u00a0\u00bburl:%2Ffr%2Fsolar-card-issuing%2F\u00a0\u00bb][\/vc_column][vc_column width=\u00a0\u00bb1\/3&Prime;][vc_custom_heading text=\u00a0\u00bbSOLAR Digital Card\u00a0\u00bb font_container=\u00a0\u00bbtag:h2|font_size:20px|text_align:center|color:%23FFFFFF|line_height:24px\u00a0\u00bb use_theme_fonts=\u00a0\u00bbyes\u00a0\u00bb css=\u00a0\u00bb.vc_custom_1749647227126{margin-bottom: 0px !important;padding-top: 20px !important;padding-right: 15px !important;padding-bottom: 20px !important;padding-left: 15px !important;background-color: #FF5842 !important;}\u00a0\u00bb el_class=\u00a0\u00bbservices-heading\u00a0\u00bb link=\u00a0\u00bburl:%2Ffr%2Fsolar-digital-card%2F\u00a0\u00bb][\/vc_column][vc_column width=\u00a0\u00bb1\/3&Prime;][vc_custom_heading text=\u00a0\u00bbSOLAR ACS\u00a0\u00bb font_container=\u00a0\u00bbtag:h2|font_size:20px|text_align:center|color:%23FFFFFF|line_height:24px\u00a0\u00bb use_theme_fonts=\u00a0\u00bbyes\u00a0\u00bb css=\u00a0\u00bb.vc_custom_1748881120872{margin-bottom: 0px !important;padding-top: 20px !important;padding-right: 15px !important;padding-bottom: 20px !important;padding-left: 15px !important;background-color: #E8432D !important;}\u00a0\u00bb el_class=\u00a0\u00bbservices-heading\u00a0\u00bb link=\u00a0\u00bburl:%23&Prime;][\/vc_column][\/vc_row][vc_row el_class=\u00a0\u00bbpage-bottom-boxes-list2&Prime;][vc_column width=\u00a0\u00bb1\/4&Prime;][vc_custom_heading text=\u00a0\u00bbSOLAR Loyalty\u00a0\u00bb font_container=\u00a0\u00bbtag:h2|font_size:20px|text_align:center|color:%23FFFFFF|line_height:24px\u00a0\u00bb use_theme_fonts=\u00a0\u00bbyes\u00a0\u00bb css=\u00a0\u00bb.vc_custom_1749647207336{margin-bottom: 0px !important;padding-top: 20px !important;padding-right: 15px !important;padding-bottom: 20px !important;padding-left: 15px !important;background-color: #424D59 !important;}\u00a0\u00bb el_class=\u00a0\u00bbservices-heading\u00a0\u00bb link=\u00a0\u00bburl:%2Ffr%2Fsolar-loyalty%2F\u00a0\u00bb][\/vc_column][vc_column width=\u00a0\u00bb1\/4&Prime;][vc_custom_heading text=\u00a0\u00bbSOLAR Token Management\u00a0\u00bb font_container=\u00a0\u00bbtag:h2|font_size:20px|text_align:center|color:%23FFFFFF|line_height:24px\u00a0\u00bb use_theme_fonts=\u00a0\u00bbyes\u00a0\u00bb css=\u00a0\u00bb.vc_custom_1749647180241{margin-bottom: 0px !important;padding-top: 20px !important;padding-right: 15px !important;padding-bottom: 20px !important;padding-left: 15px !important;background-color: #576778 !important;}\u00a0\u00bb el_class=\u00a0\u00bbservices-heading\u00a0\u00bb link=\u00a0\u00bburl:%2Ffr%2Fsolar-token-management%2F\u00a0\u00bb][\/vc_column][vc_column width=\u00a0\u00bb1\/4&Prime;][vc_custom_heading text=\u00a0\u00bbSOLAR Installments\u00a0\u00bb font_container=\u00a0\u00bbtag:h2|font_size:20px|text_align:center|color:%23FFFFFF|line_height:24px\u00a0\u00bb use_theme_fonts=\u00a0\u00bbyes\u00a0\u00bb css=\u00a0\u00bb.vc_custom_1749647162108{margin-bottom: 0px !important;padding-top: 20px !important;padding-right: 15px !important;padding-bottom: 20px !important;padding-left: 15px !important;background-color: #424D59 !important;}\u00a0\u00bb el_class=\u00a0\u00bbservices-heading\u00a0\u00bb link=\u00a0\u00bburl:%2Ffr%2Fsolar-installments%2F\u00a0\u00bb][\/vc_column][vc_column width=\u00a0\u00bb1\/4&Prime;][vc_custom_heading text=\u00a0\u00bbSOLAR Mobile\u00a0\u00bb font_container=\u00a0\u00bbtag:h2|font_size:20px|text_align:center|color:%23FFFFFF|line_height:24px\u00a0\u00bb use_theme_fonts=\u00a0\u00bbyes\u00a0\u00bb css=\u00a0\u00bb.vc_custom_1749647138430{margin-bottom: 0px !important;padding-top: 20px !important;padding-right: 15px !important;padding-bottom: 20px !important;padding-left: 15px !important;background-color: #576778 !important;}\u00a0\u00bb el_class=\u00a0\u00bbservices-heading last\u00a0\u00bb link=\u00a0\u00bburl:%2Ffr%2Fsolar-mobile%2F\u00a0\u00bb][\/vc_column][\/vc_row][vc_row el_class=\u00a0\u00bbmobile-off\u00a0\u00bb][vc_column][vc_empty_space height=\u00a0\u00bb60px\u00a0\u00bb][\/vc_column][\/vc_row][vc_row full_width=\u00a0\u00bbstretch_row\u00a0\u00bb equal_height=\u00a0\u00bbyes\u00a0\u00bb content_placement=\u00a0\u00bbmiddle\u00a0\u00bb css=\u00a0\u00bb.vc_custom_1748342848647{margin-bottom: -40px !important;padding-top: 30px !important;padding-bottom: 30px !important;background-color: #E8432D !important;}\u00a0\u00bb][vc_column width=\u00a0\u00bb1\/6&Prime; css=\u00a0\u00bb.vc_custom_1748443670093{border-color: #FFFFFF !important;}\u00a0\u00bb el_class=\u00a0\u00bbbenefit-icon-col\u00a0\u00bb][vc_empty_space height=\u00a0\u00bb50px\u00a0\u00bb el_class=\u00a0\u00bbmobile-off\u00a0\u00bb][vc_single_image image=\u00a0\u00bb413&Prime; img_size=\u00a0\u00bbfull\u00a0\u00bb alignment=\u00a0\u00bbcenter\u00a0\u00bb css=\u00a0\u00bb\u00a0\u00bb][vc_empty_space height=\u00a0\u00bb50px\u00a0\u00bb el_class=\u00a0\u00bbmobile-off\u00a0\u00bb][\/vc_column][vc_column width=\u00a0\u00bb5\/6&Prime; el_class=\u00a0\u00bbbenefit-content-col\u00a0\u00bb][vc_custom_heading text=\u00a0\u00bbOptions de d\u00e9ploiement\u00a0\u00bb font_container=\u00a0\u00bbtag:h3|font_size:32px|text_align:left|color:%23FFFFFF|line_height:34px\u00a0\u00bb use_theme_fonts=\u00a0\u00bbyes\u00a0\u00bb css=\u00a0\u00bb.vc_custom_1749626570041{margin-bottom: 10px !important;}\u00a0\u00bb el_class=\u00a0\u00bbweight-regular\u00a0\u00bb][vc_custom_heading text=\u00a0\u00bbFavoriser l\u2019innovation gr\u00e2ce \u00e0 des techniques de d\u00e9ploiement cloud-natives optimis\u00e9es.<br \/>\nExigences en mati\u00e8re de plateforme intelligente et mod\u00e8le SAAS (logiciel en tant que service): la cl\u00e9 de solutions rentables\u00a0\u00bb font_container=\u00a0\u00bbtag:p|font_size:20px|text_align:left|color:%23FFFFFF|line_height:28px\u00a0\u00bb use_theme_fonts=\u00a0\u00bbyes\u00a0\u00bb css=\u00a0\u00bb.vc_custom_1749626591012{margin-bottom: 0px !important;}\u00a0\u00bb el_class=\u00a0\u00bbweight-light\u00a0\u00bb][vc_empty_space height=\u00a0\u00bb30px\u00a0\u00bb][vc_btn title=\u00a0\u00bbContact\u00a0\u00bb style=\u00a0\u00bbcustom\u00a0\u00bb custom_background=\u00a0\u00bb#E8432D\u00a0\u00bb custom_text=\u00a0\u00bb#FFFFFF\u00a0\u00bb shape=\u00a0\u00bbround\u00a0\u00bb size=\u00a0\u00bblg\u00a0\u00bb align=\u00a0\u00bbleft\u00a0\u00bb css=\u00a0\u00bb.vc_custom_1749726479080{margin-bottom: 0px !important;border-color: #FFFFFF !important;}\u00a0\u00bb link=\u00a0\u00bburl:%23&Prime; el_class=\u00a0\u00bbbutton-red-bg popmake-1552&Prime;][\/vc_column][\/vc_row]<\/p>\n<\/div>","protected":false},"excerpt":{"rendered":"<p>[vc_row][vc_column][vc_raw_html css=\u00a0\u00bb.vc_custom_1749625548955{margin-bottom: 0px !important;}\u00a0\u00bb el_class=\u00a0\u00bbbreadcrumbs\u00a0\u00bb]JTNDYSUyMGhyZWYlM0QlMjIlMjIlM0VIb21lJTNDJTJGYSUzRSUyMCU3QyUyMCUzQ2ElMjBocmVmJTNEJTIyJTIyJTNFU2VjdGV1cnMlMjBkZSUyMG1hcmNoJUMzJUE5JTNDJTJGYSUzRSUyMCU3QyUyMCUzQ3NwYW4lM0VBY3F1JUMzJUE5cmV1cnMlMjBldCUyMFBTUCUzQyUyRnNwYW4lM0U=[\/vc_raw_html][\/vc_column][\/vc_row][vc_row css=\u00a0\u00bb.vc_custom_1747922304231{border-color: #FF0000 !important;}\u00a0\u00bb][vc_column][vc_empty_space height=\u00a0\u00bb40px\u00a0\u00bb][vc_custom_heading text=\u00a0\u00bbSecteurs de march\u00e9 de prosp\u00e9rer gr\u00e2ce \u00e0 des transactions s\u00e9curis\u00e9es et transparentes sur tous les canaux\u00a0\u00bb font_container=\u00a0\u00bbtag:h1|font_size:64px|text_align:left|color:%23424D59|line_height:84px\u00a0\u00bb use_theme_fonts=\u00a0\u00bbyes\u00a0\u00bb css=\u00a0\u00bb.vc_custom_1749626657718{margin-bottom: 0px !important;margin-left: -5px !important;}\u00a0\u00bb el_class=\u00a0\u00bbheading-big\u00a0\u00bb][vc_empty_space height=\u00a0\u00bb25px\u00a0\u00bb][vc_custom_heading text=\u00a0\u00bbNotre technologie compl\u00e8te dote les acqu\u00e9reurs et fournisseurs de paiement s\u00e9curis\u00e9 (PSP) de capacit\u00e9s de traitement des paiements de premier ordre, &#8230; <a title=\"Acqu\u00e9reurs et PSP\" class=\"read-more\" href=\"https:\/\/solanteq.com\/fr\/acquirers-and-psps\/\" aria-label=\"En savoir plus sur Acqu\u00e9reurs et PSP\">Read more<\/a><\/p>\n","protected":false},"author":3,"featured_media":0,"parent":0,"menu_order":0,"comment_status":"closed","ping_status":"closed","template":"","meta":{"footnotes":""},"class_list":["post-1132","page","type-page","status-publish"],"_links":{"self":[{"href":"https:\/\/solanteq.com\/fr\/wp-json\/wp\/v2\/pages\/1132","targetHints":{"allow":["GET"]}}],"collection":[{"href":"https:\/\/solanteq.com\/fr\/wp-json\/wp\/v2\/pages"}],"about":[{"href":"https:\/\/solanteq.com\/fr\/wp-json\/wp\/v2\/types\/page"}],"author":[{"embeddable":true,"href":"https:\/\/solanteq.com\/fr\/wp-json\/wp\/v2\/users\/3"}],"replies":[{"embeddable":true,"href":"https:\/\/solanteq.com\/fr\/wp-json\/wp\/v2\/comments?post=1132"}],"version-history":[{"count":7,"href":"https:\/\/solanteq.com\/fr\/wp-json\/wp\/v2\/pages\/1132\/revisions"}],"predecessor-version":[{"id":1572,"href":"https:\/\/solanteq.com\/fr\/wp-json\/wp\/v2\/pages\/1132\/revisions\/1572"}],"wp:attachment":[{"href":"https:\/\/solanteq.com\/fr\/wp-json\/wp\/v2\/media?parent=1132"}],"curies":[{"name":"wp","href":"https:\/\/api.w.org\/{rel}","templated":true}]}}