{"id":1134,"date":"2025-06-02T12:46:25","date_gmt":"2025-06-02T12:46:25","guid":{"rendered":"https:\/\/solanteq.web-design.ee\/banks-and-issuers\/"},"modified":"2025-06-12T11:07:50","modified_gmt":"2025-06-12T11:07:50","slug":"banks-and-issuers","status":"publish","type":"page","link":"https:\/\/solanteq.com\/fr\/banks-and-issuers\/","title":{"rendered":"Banques et \u00e9metteurs"},"content":{"rendered":"<div class=\"wpb-content-wrapper\"><p>[vc_row][vc_column][vc_raw_html css=\u00a0\u00bb.vc_custom_1749623441438{margin-bottom: 0px !important;}\u00a0\u00bb el_class=\u00a0\u00bbbreadcrumbs\u00a0\u00bb]JTNDYSUyMGhyZWYlM0QlMjIlMjIlM0VIb21lJTNDJTJGYSUzRSUyMCU3QyUyMCUzQ2ElMjBocmVmJTNEJTIyJTIyJTNFU2VjdGV1cnMlMjBkZSUyMG1hcmNoJUMzJUE5JTNDJTJGYSUzRSUyMCU3QyUyMCUzQ3NwYW4lM0VCYW5xdWVzJTIwZXQlMjAlQzMlQTltZXR0ZXVycyUzQyUyRnNwYW4lM0U=[\/vc_raw_html][\/vc_column][\/vc_row][vc_row css=\u00a0\u00bb.vc_custom_1747922304231{border-color: #FF0000 !important;}\u00a0\u00bb][vc_column][vc_empty_space height=\u00a0\u00bb40px\u00a0\u00bb][vc_custom_heading text=\u00a0\u00bb<b>Embrasser l\u2019avenir gr\u00e2ce<\/b> \u00e0<br \/>\nl\u2019innovation et \u00e0 des offres d\u2019\u00e9mission de<br \/>\ncartes centr\u00e9es sur l\u2019utilisateur.\u00a0\u00bb font_container=\u00a0\u00bbtag:h1|font_size:64px|text_align:left|color:%23424D59|line_height:84px\u00a0\u00bb use_theme_fonts=\u00a0\u00bbyes\u00a0\u00bb css=\u00a0\u00bb.vc_custom_1749624092570{margin-bottom: 0px !important;margin-left: -5px !important;}\u00a0\u00bb el_class=\u00a0\u00bbheading-big\u00a0\u00bb][vc_empty_space height=\u00a0\u00bb25px\u00a0\u00bb][vc_custom_heading text=\u00a0\u00bbSolanteq soutient les banques traditionnelles et les n\u00e9o-banques avec des solutions efficaces pour tout projet strat\u00e9gique : du remplacement complet de l\u2019infrastructure existante \u00e0 l\u2019impl\u00e9mentation de fonctionnalit\u00e9s \u00e0 la pointe de la technologie.\u00a0\u00bb font_container=\u00a0\u00bbtag:p|font_size:20px|text_align:left|color:%23424D59|line_height:28px\u00a0\u00bb use_theme_fonts=\u00a0\u00bbyes\u00a0\u00bb css=\u00a0\u00bb.vc_custom_1749623491780{margin-bottom: 0px !important;}\u00a0\u00bb el_class=\u00a0\u00bbweight-light\u00a0\u00bb][vc_empty_space height=\u00a0\u00bb110px\u00a0\u00bb][\/vc_column][\/vc_row][vc_row full_width=\u00a0\u00bbstretch_row\u00a0\u00bb css=\u00a0\u00bb.vc_custom_1748871782040{background: #424D59 url(https:\/\/solanteq.com\/wp-content\/uploads\/2025\/06\/Group-429.jpg?id=388) !important;background-position: center !important;background-repeat: no-repeat !important;background-size: cover !important;}\u00a0\u00bb el_class=\u00a0\u00bbdisable-row-overflow\u00a0\u00bb][vc_column][vc_row_inner equal_height=\u00a0\u00bbyes\u00a0\u00bb css=\u00a0\u00bb.vc_custom_1748878391365{margin-top: -50px !important;padding-right: 0px !important;padding-left: 0px !important;}\u00a0\u00bb el_class=\u00a0\u00bbservices-row page-temp\u00a0\u00bb][vc_column_inner el_class=\u00a0\u00bbservice-col\u00a0\u00bb width=\u00a0\u00bb1\/4&Prime; css=\u00a0\u00bb.vc_custom_1748871274091{background-color: #E8432D !important;}\u00a0\u00bb][vc_single_image image=\u00a0\u00bb376&Prime; img_size=\u00a0\u00bbfull\u00a0\u00bb css=\u00a0\u00bb.vc_custom_1748871071704{margin-bottom: 0px !important;padding-top: 20px !important;padding-right: 20px !important;padding-bottom: 20px !important;padding-left: 20px !important;background-color: #424D59 !important;}\u00a0\u00bb][vc_custom_heading text=\u00a0\u00bbEngagement des clients et innovation des produits en mode r\u00e9actif\u00a0\u00bb font_container=\u00a0\u00bbtag:h2|font_size:20px|text_align:left|color:%23FFFFFF|line_height:28px\u00a0\u00bb use_theme_fonts=\u00a0\u00bbyes\u00a0\u00bb css=\u00a0\u00bb.vc_custom_1749623501718{margin-bottom: 0px !important;padding-top: 20px !important;padding-right: 20px !important;padding-bottom: 20px !important;padding-left: 20px !important;}\u00a0\u00bb link=\u00a0\u00bburl:%23&Prime;][\/vc_column_inner][vc_column_inner el_class=\u00a0\u00bbservice-col\u00a0\u00bb width=\u00a0\u00bb1\/4&Prime; css=\u00a0\u00bb.vc_custom_1748871295788{background-color: #FF5842 !important;}\u00a0\u00bb][vc_single_image image=\u00a0\u00bb377&Prime; img_size=\u00a0\u00bbfull\u00a0\u00bb css=\u00a0\u00bb.vc_custom_1748871464329{margin-bottom: 0px !important;padding-top: 20px !important;padding-right: 20px !important;padding-bottom: 12px !important;padding-left: 20px !important;background-color: #576778 !important;}\u00a0\u00bb][vc_custom_heading text=\u00a0\u00bbAm\u00e9lioration de l&rsquo;efficacit\u00e9 en g\u00e9rant tous les produits d&rsquo;\u00e9mission par le biais d&rsquo;une seule solution\u00a0\u00bb font_container=\u00a0\u00bbtag:h2|font_size:20px|text_align:left|color:%23FFFFFF|line_height:28px\u00a0\u00bb use_theme_fonts=\u00a0\u00bbyes\u00a0\u00bb css=\u00a0\u00bb.vc_custom_1749623512437{margin-bottom: 0px !important;padding-top: 20px !important;padding-right: 20px !important;padding-bottom: 20px !important;padding-left: 20px !important;}\u00a0\u00bb link=\u00a0\u00bburl:%23&Prime;][\/vc_column_inner][vc_column_inner el_class=\u00a0\u00bbservice-col\u00a0\u00bb width=\u00a0\u00bb1\/4&Prime; css=\u00a0\u00bb.vc_custom_1747926194831{background-color: #E8432D !important;}\u00a0\u00bb][vc_single_image image=\u00a0\u00bb378&Prime; img_size=\u00a0\u00bbfull\u00a0\u00bb css=\u00a0\u00bb.vc_custom_1748871497820{margin-bottom: 0px !important;padding-top: 20px !important;padding-right: 20px !important;padding-bottom: 16px !important;padding-left: 20px !important;background-color: #424D59 !important;}\u00a0\u00bb][vc_custom_heading text=\u00a0\u00bbInt\u00e9gration optimis\u00e9e avec les canaux d&rsquo;information et de transaction\u00a0\u00bb font_container=\u00a0\u00bbtag:h2|font_size:20px|text_align:left|color:%23FFFFFF|line_height:28px\u00a0\u00bb use_theme_fonts=\u00a0\u00bbyes\u00a0\u00bb css=\u00a0\u00bb.vc_custom_1749623525507{margin-bottom: 0px !important;padding-top: 20px !important;padding-right: 20px !important;padding-bottom: 20px !important;padding-left: 20px !important;}\u00a0\u00bb link=\u00a0\u00bburl:%23&Prime;][\/vc_column_inner][vc_column_inner el_class=\u00a0\u00bbservice-col\u00a0\u00bb width=\u00a0\u00bb1\/4&Prime; css=\u00a0\u00bb.vc_custom_1748871303926{background-color: #FF5842 !important;}\u00a0\u00bb][vc_single_image image=\u00a0\u00bb379&Prime; img_size=\u00a0\u00bbfull\u00a0\u00bb css=\u00a0\u00bb.vc_custom_1748871552869{margin-bottom: 0px !important;padding-top: 22px !important;padding-right: 20px !important;padding-bottom: 21px !important;padding-left: 20px !important;background-color: #576778 !important;}\u00a0\u00bb][vc_custom_heading text=\u00a0\u00bbConfiance dans la mise \u00e0 l&rsquo;\u00e9chelle et le respect des normes de s\u00e9curit\u00e9\u00a0\u00bb font_container=\u00a0\u00bbtag:h2|font_size:20px|text_align:left|color:%23FFFFFF|line_height:28px\u00a0\u00bb use_theme_fonts=\u00a0\u00bbyes\u00a0\u00bb css=\u00a0\u00bb.vc_custom_1749623532125{margin-bottom: 0px !important;padding-top: 20px !important;padding-right: 20px !important;padding-bottom: 20px !important;padding-left: 20px !important;}\u00a0\u00bb link=\u00a0\u00bburl:%23&Prime;][\/vc_column_inner][\/vc_row_inner][vc_empty_space height=\u00a0\u00bb80px\u00a0\u00bb el_class=\u00a0\u00bbmobile-off\u00a0\u00bb][vc_custom_heading text=\u00a0\u00bb\u00c9l\u00e9ments de fonctionnalit\u00e9\u00a0\u00bb font_container=\u00a0\u00bbtag:h2|font_size:36px|text_align:left|color:%23FFFFFF|line_height:44px\u00a0\u00bb use_theme_fonts=\u00a0\u00bbyes\u00a0\u00bb css=\u00a0\u00bb\u00a0\u00bb el_class=\u00a0\u00bbheading-big page-bits-title\u00a0\u00bb][vc_empty_space height=\u00a0\u00bb30px\u00a0\u00bb el_class=\u00a0\u00bbmobile-off\u00a0\u00bb][vc_row_inner][vc_column_inner el_class=\u00a0\u00bbservices-extras-col1&Prime; width=\u00a0\u00bb1\/3&Prime;][vc_raw_html css=\u00a0\u00bb.vc_custom_1749623555870{margin-bottom: 0px !important;}\u00a0\u00bb el_class=\u00a0\u00bbbits-of-functionality much-text\u00a0\u00bb]SW50JUMzJUE5Z3JhdGlvbg==[\/vc_raw_html][vc_raw_html css=\u00a0\u00bb.vc_custom_1749623564007{margin-bottom: 0px !important;}\u00a0\u00bb el_class=\u00a0\u00bbbits-of-functionality much-text\u00a0\u00bb]QXV0b3Jpc2F0aW9u[\/vc_raw_html][vc_raw_html css=\u00a0\u00bb.vc_custom_1749623592668{margin-bottom: 0px !important;}\u00a0\u00bb el_class=\u00a0\u00bbbits-of-functionality much-text\u00a0\u00bb]QmFja29mZmljZQ==[\/vc_raw_html][vc_raw_html css=\u00a0\u00bb.vc_custom_1749623598662{margin-bottom: 0px !important;}\u00a0\u00bb el_class=\u00a0\u00bbbits-of-functionality much-text\u00a0\u00bb]Q29tcHRhYmlsaXQlQzMlQTklMjBnJUMzJUE5biVDMyVBOXJhbGU=[\/vc_raw_html][\/vc_column_inner][vc_column_inner el_class=\u00a0\u00bbservices-extras-col2&Prime; width=\u00a0\u00bb1\/3&Prime;][vc_raw_html css=\u00a0\u00bb.vc_custom_1749623608102{margin-bottom: 0px !important;}\u00a0\u00bb el_class=\u00a0\u00bbbits-of-functionality much-text\u00a0\u00bb]UHIlQzMlQTl2ZW50aW9uJTIwZGUlMjBsYSUyMGZyYXVkZQ==[\/vc_raw_html][vc_raw_html css=\u00a0\u00bb.vc_custom_1749623653265{margin-bottom: 0px !important;}\u00a0\u00bb el_class=\u00a0\u00bbbits-of-functionality much-text\u00a0\u00bb]UHIlQzMlQTlwYXklQzMlQTklMkMlMjBkJUMzJUE5Yml0JTJDJTIwY3IlQzMlQTlkaXQlMkMlMjAlMjdBY2hldGV6JTIwbWFpbnRlbmFudCUyQyUyMHBheWV6JTIwcGx1cyUyMHRhcmQlMjAlMjclM0NiciUyMCUyRiUzRSUwQUJOUEwlMkMlMjBmaWQlQzMlQTlsaXQlQzMlQTklMkMlMjBzb2NpYWwlMkMlMjBtdWx0aWRldmlzZXMlMkMlMjAlM0NiciUyMCUyRiUzRSUwQXRvdXRlcyUyMGxlcyUyMGNvbWJpbmFpc29ucyUyMHBvc3NpYmxlcw==[\/vc_raw_html][\/vc_column_inner][vc_column_inner el_class=\u00a0\u00bbservices-extras-col3&Prime; width=\u00a0\u00bb1\/3&Prime;][vc_raw_html css=\u00a0\u00bb.vc_custom_1749623664818{margin-bottom: 0px !important;}\u00a0\u00bb el_class=\u00a0\u00bbbits-of-functionality much-text\u00a0\u00bb]UGxhbnMlMjBkZSUyMHBhaWVtZW50JTIwZmxleGlibGVz[\/vc_raw_html][vc_raw_html css=\u00a0\u00bb.vc_custom_1749623673706{margin-bottom: 0px !important;}\u00a0\u00bb el_class=\u00a0\u00bbbits-of-functionality much-text\u00a0\u00bb]R2VzdGlvbiUyMGRlcyUyMGxpdGlnZXM=[\/vc_raw_html][vc_raw_html css=\u00a0\u00bb.vc_custom_1749623686527{margin-bottom: 0px !important;}\u00a0\u00bb el_class=\u00a0\u00bbbits-of-functionality much-text\u00a0\u00bb]TW9kJUMzJUE4bGVzJTIwZGUlMjBjb25maWd1cmF0aW9uJTIwdGFyaWZhaXJlJTIwaW50ZWxsaWdlbnRz[\/vc_raw_html][vc_raw_html css=\u00a0\u00bb.vc_custom_1749623696849{margin-bottom: 0px !important;}\u00a0\u00bb el_class=\u00a0\u00bbbits-of-functionality much-text\u00a0\u00bb]JUMzJTg5diVDMyVBOW5lbWVudHMlMjBldCUyMG5vdGlmaWNhdGlvbnMlMjBjb25maWd1cmFibGU=[\/vc_raw_html][\/vc_column_inner][\/vc_row_inner][vc_empty_space height=\u00a0\u00bb110px\u00a0\u00bb el_class=\u00a0\u00bbmobile-off\u00a0\u00bb][\/vc_column][\/vc_row][vc_row css=\u00a0\u00bb.vc_custom_1748875403174{margin-top: 50px !important;margin-bottom: 50px !important;}\u00a0\u00bb][vc_column][vc_custom_heading text=\u00a0\u00bbModernisez votre entreprise avec une solution native dans le cloud et laissez le pass\u00e9 derri\u00e8re vous.\u00a0\u00bb font_container=\u00a0\u00bbtag:h4|font_size:32px|text_align:left|color:%23424D59|line_height:34px\u00a0\u00bb use_theme_fonts=\u00a0\u00bbyes\u00a0\u00bb css=\u00a0\u00bb.vc_custom_1749623745445{border-left-width: 5px !important;padding-top: 10px !important;padding-bottom: 10px !important;padding-left: 20px !important;border-left-style: solid !important;border-color: #E8432D !important;}\u00a0\u00bb el_class=\u00a0\u00bblist-of-text-with-line weight-regular\u00a0\u00bb][vc_empty_space height=\u00a0\u00bb30px\u00a0\u00bb el_class=\u00a0\u00bbmobile-off\u00a0\u00bb][vc_custom_heading text=\u00a0\u00bbNotre back-office en temps r\u00e9el, nos connecteurs flexibles aux syst\u00e8mes de paiement internationaux, nos interface de programmation d\u2019application (API) riches, permettront de prot\u00e9ger les investissements futurs tout en lan\u00e7ant rapidement une modernisation \u00e0 grande \u00e9chelle.\u00a0\u00bb font_container=\u00a0\u00bbtag:h4|font_size:32px|text_align:left|color:%23424D59|line_height:34px\u00a0\u00bb use_theme_fonts=\u00a0\u00bbyes\u00a0\u00bb css=\u00a0\u00bb.vc_custom_1749623758439{border-left-width: 5px !important;padding-top: 10px !important;padding-bottom: 10px !important;padding-left: 20px !important;border-left-style: solid !important;border-color: #E8432D !important;}\u00a0\u00bb el_class=\u00a0\u00bblist-of-text-with-line weight-regular\u00a0\u00bb][vc_empty_space height=\u00a0\u00bb30px\u00a0\u00bb el_class=\u00a0\u00bbmobile-off\u00a0\u00bb][vc_custom_heading text=\u00a0\u00bbPour les organisations financi\u00e8res et non financi\u00e8res \u00e9mettrices, nous proposons notre solution en temps r\u00e9el sur mesure avec des capacit\u00e9s compl\u00e8tes.\u00a0\u00bb font_container=\u00a0\u00bbtag:h4|font_size:32px|text_align:left|color:%23424D59|line_height:34px\u00a0\u00bb use_theme_fonts=\u00a0\u00bbyes\u00a0\u00bb css=\u00a0\u00bb.vc_custom_1749623809567{border-left-width: 5px !important;padding-top: 10px !important;padding-bottom: 10px !important;padding-left: 20px !important;border-left-style: solid !important;border-color: #E8432D !important;}\u00a0\u00bb el_class=\u00a0\u00bblist-of-text-with-line weight-regular\u00a0\u00bb][\/vc_column][\/vc_row][vc_row el_class=\u00a0\u00bbpage-bottom-boxes-list1&Prime;][vc_column width=\u00a0\u00bb1\/3&Prime;][vc_custom_heading text=\u00a0\u00bbSOLAR Card Issuing\u00a0\u00bb font_container=\u00a0\u00bbtag:h2|font_size:20px|text_align:center|color:%23FFFFFF|line_height:24px\u00a0\u00bb use_theme_fonts=\u00a0\u00bbyes\u00a0\u00bb css=\u00a0\u00bb.vc_custom_1749646299425{margin-bottom: 0px !important;padding-top: 20px !important;padding-right: 15px !important;padding-bottom: 20px !important;padding-left: 15px !important;background-color: #E8432D !important;}\u00a0\u00bb el_class=\u00a0\u00bbservices-heading first\u00a0\u00bb link=\u00a0\u00bburl:%2Ffr%2Fsolar-card-issuing%2F|title:SOLAR%20Card%20Issuing\u00a0\u00bb][\/vc_column][vc_column width=\u00a0\u00bb1\/3&Prime;][vc_custom_heading text=\u00a0\u00bbSOLAR Digital Card\u00a0\u00bb font_container=\u00a0\u00bbtag:h2|font_size:20px|text_align:center|color:%23FFFFFF|line_height:24px\u00a0\u00bb use_theme_fonts=\u00a0\u00bbyes\u00a0\u00bb css=\u00a0\u00bb.vc_custom_1749646390620{margin-bottom: 0px !important;padding-top: 20px !important;padding-right: 15px !important;padding-bottom: 20px !important;padding-left: 15px !important;background-color: #FF5842 !important;}\u00a0\u00bb el_class=\u00a0\u00bbservices-heading\u00a0\u00bb link=\u00a0\u00bburl:%2Ffr%2Fsolar-digital-card%2F\u00a0\u00bb][\/vc_column][vc_column width=\u00a0\u00bb1\/3&Prime;][vc_custom_heading text=\u00a0\u00bbSOLAR ACS\u00a0\u00bb font_container=\u00a0\u00bbtag:h2|font_size:20px|text_align:center|color:%23FFFFFF|line_height:24px\u00a0\u00bb use_theme_fonts=\u00a0\u00bbyes\u00a0\u00bb css=\u00a0\u00bb.vc_custom_1748881120872{margin-bottom: 0px !important;padding-top: 20px !important;padding-right: 15px !important;padding-bottom: 20px !important;padding-left: 15px !important;background-color: #E8432D !important;}\u00a0\u00bb el_class=\u00a0\u00bbservices-heading\u00a0\u00bb link=\u00a0\u00bburl:%23&Prime;][\/vc_column][\/vc_row][vc_row el_class=\u00a0\u00bbpage-bottom-boxes-list2&Prime;][vc_column width=\u00a0\u00bb1\/4&Prime;][vc_custom_heading text=\u00a0\u00bbSOLAR Loyalty\u00a0\u00bb font_container=\u00a0\u00bbtag:h2|font_size:20px|text_align:center|color:%23FFFFFF|line_height:24px\u00a0\u00bb use_theme_fonts=\u00a0\u00bbyes\u00a0\u00bb css=\u00a0\u00bb.vc_custom_1749646357894{margin-bottom: 0px !important;padding-top: 20px !important;padding-right: 15px !important;padding-bottom: 20px !important;padding-left: 15px !important;background-color: #424D59 !important;}\u00a0\u00bb el_class=\u00a0\u00bbservices-heading\u00a0\u00bb link=\u00a0\u00bburl:%2Ffr%2Fsolar-loyalty%2F\u00a0\u00bb][\/vc_column][vc_column width=\u00a0\u00bb1\/4&Prime;][vc_custom_heading text=\u00a0\u00bbSOLAR Token Management\u00a0\u00bb font_container=\u00a0\u00bbtag:h2|font_size:20px|text_align:center|color:%23FFFFFF|line_height:24px\u00a0\u00bb use_theme_fonts=\u00a0\u00bbyes\u00a0\u00bb css=\u00a0\u00bb.vc_custom_1749646385829{margin-bottom: 0px !important;padding-top: 20px !important;padding-right: 15px !important;padding-bottom: 20px !important;padding-left: 15px !important;background-color: #576778 !important;}\u00a0\u00bb el_class=\u00a0\u00bbservices-heading\u00a0\u00bb link=\u00a0\u00bburl:%2Ffr%2Fsolar-token-management%2F\u00a0\u00bb][\/vc_column][vc_column width=\u00a0\u00bb1\/4&Prime;][vc_custom_heading text=\u00a0\u00bbSOLAR Installments\u00a0\u00bb font_container=\u00a0\u00bbtag:h2|font_size:20px|text_align:center|color:%23FFFFFF|line_height:24px\u00a0\u00bb use_theme_fonts=\u00a0\u00bbyes\u00a0\u00bb css=\u00a0\u00bb.vc_custom_1749646447124{margin-bottom: 0px !important;padding-top: 20px !important;padding-right: 15px !important;padding-bottom: 20px !important;padding-left: 15px !important;background-color: #424D59 !important;}\u00a0\u00bb el_class=\u00a0\u00bbservices-heading\u00a0\u00bb link=\u00a0\u00bburl:%2Ffr%2Fsolar-installments%2F\u00a0\u00bb][\/vc_column][vc_column width=\u00a0\u00bb1\/4&Prime;][vc_custom_heading text=\u00a0\u00bbSOLAR Mobile\u00a0\u00bb font_container=\u00a0\u00bbtag:h2|font_size:20px|text_align:center|color:%23FFFFFF|line_height:24px\u00a0\u00bb use_theme_fonts=\u00a0\u00bbyes\u00a0\u00bb css=\u00a0\u00bb.vc_custom_1749646464728{margin-bottom: 0px !important;padding-top: 20px !important;padding-right: 15px !important;padding-bottom: 20px !important;padding-left: 15px !important;background-color: #576778 !important;}\u00a0\u00bb el_class=\u00a0\u00bbservices-heading last\u00a0\u00bb link=\u00a0\u00bburl:%2Ffr%2Fsolar-mobile%2F\u00a0\u00bb][\/vc_column][\/vc_row][vc_row el_class=\u00a0\u00bbmobile-off\u00a0\u00bb][vc_column][vc_empty_space height=\u00a0\u00bb60px\u00a0\u00bb][\/vc_column][\/vc_row][vc_row full_width=\u00a0\u00bbstretch_row\u00a0\u00bb equal_height=\u00a0\u00bbyes\u00a0\u00bb content_placement=\u00a0\u00bbmiddle\u00a0\u00bb css=\u00a0\u00bb.vc_custom_1748342848647{margin-bottom: -40px !important;padding-top: 30px !important;padding-bottom: 30px !important;background-color: #E8432D !important;}\u00a0\u00bb][vc_column width=\u00a0\u00bb1\/6&Prime; css=\u00a0\u00bb.vc_custom_1748443670093{border-color: #FFFFFF !important;}\u00a0\u00bb el_class=\u00a0\u00bbbenefit-icon-col\u00a0\u00bb][vc_empty_space height=\u00a0\u00bb50px\u00a0\u00bb el_class=\u00a0\u00bbmobile-off\u00a0\u00bb][vc_single_image image=\u00a0\u00bb413&Prime; img_size=\u00a0\u00bbfull\u00a0\u00bb alignment=\u00a0\u00bbcenter\u00a0\u00bb css=\u00a0\u00bb\u00a0\u00bb][vc_empty_space height=\u00a0\u00bb50px\u00a0\u00bb el_class=\u00a0\u00bbmobile-off\u00a0\u00bb][\/vc_column][vc_column width=\u00a0\u00bb5\/6&Prime; el_class=\u00a0\u00bbbenefit-content-col\u00a0\u00bb][vc_custom_heading text=\u00a0\u00bbOptions de d\u00e9ploiement\u00a0\u00bb font_container=\u00a0\u00bbtag:h3|font_size:32px|text_align:left|color:%23FFFFFF|line_height:34px\u00a0\u00bb use_theme_fonts=\u00a0\u00bbyes\u00a0\u00bb css=\u00a0\u00bb.vc_custom_1749623828744{margin-bottom: 10px !important;}\u00a0\u00bb el_class=\u00a0\u00bbweight-regular\u00a0\u00bb][vc_custom_heading text=\u00a0\u00bbFavoriser l\u2019innovation gr\u00e2ce \u00e0 des techniques de d\u00e9ploiement optimis\u00e9es de type \u00ab cloud-natif\u00bb.<br \/>\nExigences de la plateforme intelligente et mod\u00e8le SAAS (logiciel en tant que service): la cl\u00e9 de solutions rentables.\u00a0\u00bb font_container=\u00a0\u00bbtag:p|font_size:20px|text_align:left|color:%23FFFFFF|line_height:28px\u00a0\u00bb use_theme_fonts=\u00a0\u00bbyes\u00a0\u00bb css=\u00a0\u00bb.vc_custom_1749623899404{margin-bottom: 0px !important;}\u00a0\u00bb el_class=\u00a0\u00bbweight-light\u00a0\u00bb][vc_empty_space height=\u00a0\u00bb30px\u00a0\u00bb][vc_btn title=\u00a0\u00bbContact\u00a0\u00bb style=\u00a0\u00bbcustom\u00a0\u00bb custom_background=\u00a0\u00bb#E8432D\u00a0\u00bb custom_text=\u00a0\u00bb#FFFFFF\u00a0\u00bb shape=\u00a0\u00bbround\u00a0\u00bb size=\u00a0\u00bblg\u00a0\u00bb align=\u00a0\u00bbleft\u00a0\u00bb css=\u00a0\u00bb.vc_custom_1749726468620{margin-bottom: 0px !important;border-color: #FFFFFF !important;}\u00a0\u00bb link=\u00a0\u00bburl:%23&Prime; el_class=\u00a0\u00bbbutton-red-bg popmake-1552&Prime;][\/vc_column][\/vc_row]<\/p>\n<\/div>","protected":false},"excerpt":{"rendered":"<p>[vc_row][vc_column][vc_raw_html css=\u00a0\u00bb.vc_custom_1749623441438{margin-bottom: 0px !important;}\u00a0\u00bb el_class=\u00a0\u00bbbreadcrumbs\u00a0\u00bb]JTNDYSUyMGhyZWYlM0QlMjIlMjIlM0VIb21lJTNDJTJGYSUzRSUyMCU3QyUyMCUzQ2ElMjBocmVmJTNEJTIyJTIyJTNFU2VjdGV1cnMlMjBkZSUyMG1hcmNoJUMzJUE5JTNDJTJGYSUzRSUyMCU3QyUyMCUzQ3NwYW4lM0VCYW5xdWVzJTIwZXQlMjAlQzMlQTltZXR0ZXVycyUzQyUyRnNwYW4lM0U=[\/vc_raw_html][\/vc_column][\/vc_row][vc_row css=\u00a0\u00bb.vc_custom_1747922304231{border-color: #FF0000 !important;}\u00a0\u00bb][vc_column][vc_empty_space height=\u00a0\u00bb40px\u00a0\u00bb][vc_custom_heading text=\u00a0\u00bbEmbrasser l\u2019avenir gr\u00e2ce \u00e0 l\u2019innovation et \u00e0 des offres d\u2019\u00e9mission de cartes centr\u00e9es sur l\u2019utilisateur.\u00a0\u00bb font_container=\u00a0\u00bbtag:h1|font_size:64px|text_align:left|color:%23424D59|line_height:84px\u00a0\u00bb use_theme_fonts=\u00a0\u00bbyes\u00a0\u00bb css=\u00a0\u00bb.vc_custom_1749624092570{margin-bottom: 0px !important;margin-left: -5px !important;}\u00a0\u00bb el_class=\u00a0\u00bbheading-big\u00a0\u00bb][vc_empty_space height=\u00a0\u00bb25px\u00a0\u00bb][vc_custom_heading text=\u00a0\u00bbSolanteq soutient les banques traditionnelles et les n\u00e9o-banques avec des solutions efficaces pour tout projet strat\u00e9gique : du remplacement complet de l\u2019infrastructure &#8230; <a title=\"Banques et \u00e9metteurs\" class=\"read-more\" href=\"https:\/\/solanteq.com\/fr\/banks-and-issuers\/\" aria-label=\"En savoir plus sur Banques et \u00e9metteurs\">Read more<\/a><\/p>\n","protected":false},"author":3,"featured_media":0,"parent":0,"menu_order":0,"comment_status":"closed","ping_status":"closed","template":"","meta":{"footnotes":""},"class_list":["post-1134","page","type-page","status-publish"],"_links":{"self":[{"href":"https:\/\/solanteq.com\/fr\/wp-json\/wp\/v2\/pages\/1134","targetHints":{"allow":["GET"]}}],"collection":[{"href":"https:\/\/solanteq.com\/fr\/wp-json\/wp\/v2\/pages"}],"about":[{"href":"https:\/\/solanteq.com\/fr\/wp-json\/wp\/v2\/types\/page"}],"author":[{"embeddable":true,"href":"https:\/\/solanteq.com\/fr\/wp-json\/wp\/v2\/users\/3"}],"replies":[{"embeddable":true,"href":"https:\/\/solanteq.com\/fr\/wp-json\/wp\/v2\/comments?post=1134"}],"version-history":[{"count":7,"href":"https:\/\/solanteq.com\/fr\/wp-json\/wp\/v2\/pages\/1134\/revisions"}],"predecessor-version":[{"id":1571,"href":"https:\/\/solanteq.com\/fr\/wp-json\/wp\/v2\/pages\/1134\/revisions\/1571"}],"wp:attachment":[{"href":"https:\/\/solanteq.com\/fr\/wp-json\/wp\/v2\/media?parent=1134"}],"curies":[{"name":"wp","href":"https:\/\/api.w.org\/{rel}","templated":true}]}}