{"id":986,"date":"2025-06-05T14:28:32","date_gmt":"2025-06-05T14:28:32","guid":{"rendered":"https:\/\/solanteq.web-design.ee\/solar-switch\/"},"modified":"2025-06-12T11:37:59","modified_gmt":"2025-06-12T11:37:59","slug":"solar-switch","status":"publish","type":"page","link":"https:\/\/solanteq.com\/fr\/solar-switch\/","title":{"rendered":"SOLAR Switch"},"content":{"rendered":"<div class=\"wpb-content-wrapper\"><p>[vc_row][vc_column][vc_raw_html css=\u00a0\u00bb.vc_custom_1749544958369{margin-bottom: 0px !important;}\u00a0\u00bb el_class=\u00a0\u00bbbreadcrumbs\u00a0\u00bb]JTNDYSUyMGhyZWYlM0QlMjIlMkYlMjIlM0VIb21lJTNDJTJGYSUzRSUyMCU3QyUyMFByb2R1aXRzJTIwJTdDJTIwJTNDc3BhbiUzRVNPTEFSJTIwU3dpdGNoJTNDJTJGc3BhbiUzRQ==[\/vc_raw_html][\/vc_column][\/vc_row][vc_row css=\u00a0\u00bb.vc_custom_1747922304231{border-color: #FF0000 !important;}\u00a0\u00bb][vc_column][vc_empty_space height=\u00a0\u00bb40px\u00a0\u00bb][vc_custom_heading text=\u00a0\u00bb<b>SOLAR<\/b> Switch \u2014 Con\u00e7u pour vos transactions\u00a0\u00bb font_container=\u00a0\u00bbtag:h1|font_size:64px|text_align:left|color:%23424D59|line_height:84px\u00a0\u00bb use_theme_fonts=\u00a0\u00bbyes\u00a0\u00bb css=\u00a0\u00bb.vc_custom_1749544968991{margin-bottom: 0px !important;margin-left: -5px !important;}\u00a0\u00bb el_class=\u00a0\u00bbheading-big\u00a0\u00bb][vc_empty_space height=\u00a0\u00bb25px\u00a0\u00bb][vc_custom_heading text=\u00a0\u00bbLa plateforme SOLAR est la solution phare de notre soci\u00e9t\u00e9 pour l\u2019automatisation intelligente de tous les aspects du secteur des paiements, de l\u2019\u00e9mission et de la gestion des cartes \u00e0 la gestion des r\u00e9seaux distribu\u00e9s de dispositifs terminaux. SOLAR Switch prend en charge toutes les t\u00e2ches li\u00e9es \u00e0 l\u2019int\u00e9gration, au routage intelligent des transactions et \u00e0 l\u2019\u00e9change de donn\u00e9es avec des fournisseurs de services externes, ainsi qu\u2019\u00e0 la gestion des interactions entre les syst\u00e8mes et sous-syst\u00e8mes de traitement. SOLAR Switch peut devenir la pierre angulaire de votre solution de traitement, qu\u2019elle soit construite \u00e0 partir de composants de SOLAR ou d\u2019autres soci\u00e9t\u00e9s. SOLAR Switch est livr\u00e9 avec des interfaces qui vous permettent de relier tous les syst\u00e8mes en un seul espace uni pour r\u00e9pondre \u00e0 tous les besoins de transaction de vos clients.\u00a0\u00bb font_container=\u00a0\u00bbtag:p|font_size:20px|text_align:left|color:%23424D59|line_height:28px\u00a0\u00bb use_theme_fonts=\u00a0\u00bbyes\u00a0\u00bb css=\u00a0\u00bb.vc_custom_1749544983661{margin-bottom: 0px !important;}\u00a0\u00bb el_class=\u00a0\u00bbweight-light\u00a0\u00bb][vc_empty_space height=\u00a0\u00bb50px\u00a0\u00bb][\/vc_column][\/vc_row][vc_row full_width=\u00a0\u00bbstretch_row\u00a0\u00bb css=\u00a0\u00bb.vc_custom_1748962391931{padding-top: 100px !important;padding-bottom: 100px !important;background-color: #424D59 !important;background-position: center !important;background-repeat: no-repeat !important;background-size: cover !important;}\u00a0\u00bb el_class=\u00a0\u00bbdisable-row-overflow page-under-video-block\u00a0\u00bb][vc_column][vc_empty_space height=\u00a0\u00bb20px\u00a0\u00bb][vc_custom_heading text=\u00a0\u00bbTOUT CONNECTER\u00a0\u00bb font_container=\u00a0\u00bbtag:h2|font_size:36px|text_align:left|color:%23FFFFFF|line_height:44px\u00a0\u00bb use_theme_fonts=\u00a0\u00bbyes\u00a0\u00bb css=\u00a0\u00bb\u00a0\u00bb el_class=\u00a0\u00bbheading-big page-bits-title\u00a0\u00bb][vc_empty_space height=\u00a0\u00bb20px\u00a0\u00bb][vc_column_text css=\u00a0\u00bb\u00a0\u00bb]<span style=\"color: #ffffff;\">SOLAR Switch prend en charge divers protocoles utilis\u00e9s dans le secteur des cartes de paiement (VISA, MasterCard, AMEX, JCB, UPI, protocoles sp\u00e9cifiques des normes ISO8583 et ISO20022 disponibles sur le march\u00e9 des fournisseurs de solutions de paiement), les protocoles IFSF sp\u00e9cifiques aux d\u00e9taillants de carburant, les donn\u00e9es financi\u00e8res structur\u00e9es en XML et JSON, et fournit un large \u00e9ventail d\u2019interfaces de services Web. Une API riche en fonctionnalit\u00e9s permet de connecter SOLAR Switch, par le biais d\u2019adaptateurs d\u2019int\u00e9gration, \u00e0 tout autre syst\u00e8me de traitement des paiements, notamment Paypal, Alipay, Masterpass, Visa Checkout, WeChat Pay. Le syst\u00e8me int\u00e9gr\u00e9 de mod\u00e9lisation des processus d\u2019entreprise d\u00e9velopp\u00e9 pour l\u2019automatisation des processus de paiement vous permet de personnaliser librement la s\u00e9quence des interactions des syst\u00e8mes connect\u00e9s.<\/span>[\/vc_column_text][vc_empty_space height=\u00a0\u00bb40px\u00a0\u00bb][vc_single_image image=\u00a0\u00bb1342&Prime; img_size=\u00a0\u00bbfull\u00a0\u00bb alignment=\u00a0\u00bbcenter\u00a0\u00bb css=\u00a0\u00bb.vc_custom_1749545098007{padding-top: 20px !important;padding-right: 20px !important;padding-bottom: 20px !important;padding-left: 20px !important;background-color: #FFFFFF !important;}\u00a0\u00bb el_class=\u00a0\u00bbborder-radius20&Prime;][vc_empty_space height=\u00a0\u00bb40px\u00a0\u00bb][vc_custom_heading text=\u00a0\u00bbCOMPACT, L\u00c9GER, INTELLIGENT\u00a0\u00bb font_container=\u00a0\u00bbtag:h2|font_size:36px|text_align:left|color:%23FFFFFF|line_height:44px\u00a0\u00bb use_theme_fonts=\u00a0\u00bbyes\u00a0\u00bb css=\u00a0\u00bb\u00a0\u00bb el_class=\u00a0\u00bbheading-big page-bits-title\u00a0\u00bb][vc_empty_space height=\u00a0\u00bb20px\u00a0\u00bb][vc_column_text css=\u00a0\u00bb\u00a0\u00bb]<span style=\"color: #ffffff;\">Compact, hautement productif et fiable, SOLAR Switch d\u00e9termine imm\u00e9diatement l\u2019itin\u00e9raire optimal des messages et les convertit intelligemment de la langue source \u00e0 la langue destinataire.<\/span>[\/vc_column_text][vc_empty_space height=\u00a0\u00bb20px\u00a0\u00bb][vc_row_inner css=\u00a0\u00bb.vc_custom_1748967280488{border-top-width: 1px !important;border-right-width: 1px !important;border-bottom-width: 1px !important;border-left-width: 1px !important;padding-top: 40px !important;padding-right: 30px !important;padding-bottom: 40px !important;padding-left: 30px !important;background-color: #515D6A !important;border-radius: 20px !important;border-color: #515D6A !important;}\u00a0\u00bb][vc_column_inner][vc_raw_html css=\u00a0\u00bb\u00a0\u00bb el_class=\u00a0\u00bbbits-of-functionality much-text bulletlist\u00a0\u00bb]JTNDc3Ryb25nJTNFQ29tcGFjdC4lM0MlMkZzdHJvbmclM0UlMjBHciVDMyVBMmNlJTIwYXV4JTIwbm91dmVsbGVzJTIwdGVjaG5vbG9naWVzJTIwZXQlMjBiaWJsaW90aCVDMyVBOHF1ZXMlMkMlMjBTT0xBUiUyMFN3aXRjaCUyMHBldXQlMjAlQzMlQUF0cmUlMjBleCVDMyVBOWN1dCVDMyVBOSUyMHN1ciUyMGRlcyUyMHByb2Nlc3NldXJzJTIweDg2JTIwYXZlYyUyMHVuJTIwbm9tYnJlJTIwZGUlMjBjJUM1JTkzdXJzJTIwZXQlMjB1bmUlMjBtJUMzJUE5bW9pcmUlMjBpbmYlQzMlQTlyaWV1cnMu[\/vc_raw_html][vc_raw_html css=\u00a0\u00bb\u00a0\u00bb el_class=\u00a0\u00bbbits-of-functionality much-text bulletlist\u00a0\u00bb]JTNDc3Ryb25nJTNFSGF1dGVtZW50JTIwcHJvZHVjdGlmLiUzQyUyRnN0cm9uZyUzRSUyME5vcyUyMGQlQzMlQTl2ZWxvcHBldXJzJTIwb250JTIwZXhhbWluJUMzJUE5JTIwZW4lMjBkJUMzJUE5dGFpbCUyMGxlJTIwY29kZSUyMGRlJTIwbm90cmUlMjBwcm9kdWl0JTJDJTIwb250JTIwYWZmaW4lQzMlQTklMjBzZXMlMjBwZXJmb3JtYW5jZXMlMjBldCUyMG9udCUyMGFzc3VyJUMzJUE5JTIwc2ElMjBwcm9kdWN0aXZpdCVDMyVBOSUyMHBhciUyMGRlcyUyMHRlc3RzJTIwZGUlMjBjaGFyZ2UlMjAlQzMlQTAlMjBsJTI3YWlkZSUyMGRlJTIwbm90cmUlMjBwcm9wcmUlMjBldCUyMHIlQzMlQTl2b2x1dGlvbm5haXJlJTIwU09MQVIlMjBUZXN0aW5nJTIwVG9vbGtpdCUyQyUyMHVuZSUyMG9mZnJlJTIwYmllbiUyMCVDMyVBOXRhYmxpZSUyMHN1ciUyMGxlJTIwbWFyY2glQzMlQTklMjBjb25jdXJyZW50aWVsJTIwZGVzJTIwdGVzdHMlMjBkJTI3YXBwbGljYXRpb25zJTIwZmluYW5jaSVDMyVBOHJlcy4=[\/vc_raw_html][vc_raw_html css=\u00a0\u00bb\u00a0\u00bb el_class=\u00a0\u00bbbits-of-functionality much-text bulletlist\u00a0\u00bb]JTNDc3Ryb25nJTNFRmlhYmxlLiUzQyUyRnN0cm9uZyUzRSUyMENvbW1lJTIwdG91dGVzJTIwbGVzJTIwc29sdXRpb25zJTIwZGUlMjBTT0xBUiUyQyUyMGxhJTIwciVDMyVBOXBsaWNhdGlvbiUyMGFjdGl2ZSUyMGVzdCUyMGludCVDMyVBOWdyJUMzJUE5ZSUyMGF1JTIwcHJvZHVpdCUyMGV0JTIwc2VzJTIwY29tcG9zYW50cyUyME9wZW4lMjBTb3VyY2UlMjBvbnQlMjAlQzMlQTl0JUMzJUE5JTIwdGVzdCVDMyVBOXMlMjBldCUyMHV0aWxpcyVDMyVBOXMlMjBkYW5zJTIwZGVzJTIwY2VudGFpbmVzJTIwZGUlMjBzeXN0JUMzJUE4bWVzJTIwJUMzJUEwJTIwZm9ydGUlMjBjaGFyZ2UlMjBkYW5zJTIwbGUlMjBtb25kZSUyMGVudGllci4=[\/vc_raw_html][\/vc_column_inner][\/vc_row_inner][vc_empty_space height=\u00a0\u00bb40px\u00a0\u00bb][vc_custom_heading text=\u00a0\u00bbLANCEMENT ET INT\u00c9GRATION FACILES AVEC N\u2019IMPORTE QUEL SYST\u00c8ME\u00a0\u00bb font_container=\u00a0\u00bbtag:h2|font_size:36px|text_align:left|color:%23FFFFFF|line_height:44px\u00a0\u00bb use_theme_fonts=\u00a0\u00bbyes\u00a0\u00bb css=\u00a0\u00bb\u00a0\u00bb el_class=\u00a0\u00bbheading-big page-bits-title\u00a0\u00bb][vc_empty_space height=\u00a0\u00bb20px\u00a0\u00bb][vc_row_inner css=\u00a0\u00bb.vc_custom_1748967280488{border-top-width: 1px !important;border-right-width: 1px !important;border-bottom-width: 1px !important;border-left-width: 1px !important;padding-top: 40px !important;padding-right: 30px !important;padding-bottom: 40px !important;padding-left: 30px !important;background-color: #515D6A !important;border-radius: 20px !important;border-color: #515D6A !important;}\u00a0\u00bb][vc_column_inner][vc_raw_html css=\u00a0\u00bb\u00a0\u00bb el_class=\u00a0\u00bbbits-of-functionality much-text bulletlist\u00a0\u00bb]SW5zdGFsbGF0aW9uJTJDJTIwbGFuY2VtZW50JTIwZXQlMjBpbnQlQzMlQTlncmF0aW9uJTIwZGFucyUyMHVuJTIwZCVDMyVBOWxhaSUyMGRlJTIwMiUyMCVDMyVBMCUyMDQlMjBtb2lzLg==[\/vc_raw_html][vc_raw_html css=\u00a0\u00bb\u00a0\u00bb el_class=\u00a0\u00bbbits-of-functionality much-text bulletlist\u00a0\u00bb]RmFpYmxlcyUyMGV4aWdlbmNlcyUyMG1hdCVDMyVBOXJpZWxsZXMlMjBldCUyMGNvJUMzJUJCdHMlMjBtaW5pbWVzJTIwZHUlMjBsb2dpY2llbCUyMHN5c3QlQzMlQThtZS4=[\/vc_raw_html][vc_raw_html css=\u00a0\u00bb\u00a0\u00bb el_class=\u00a0\u00bbbits-of-functionality much-text bulletlist\u00a0\u00bb]RXhwJUMzJUE5cmllbmNlJTIwZGFucyUyMGxhJTIwY3IlQzMlQTlhdGlvbiUyMGQlMjdpbnRlcmZhY2VzJTIwYXZlYyUyMGRlcyUyMGRpemFpbmVzJTIwZGUlMjBzeXN0JUMzJUE4bWVzJTIwZCUyN2luZm9ybWF0aW9uJTIwY29ubnVzLg==[\/vc_raw_html][vc_raw_html css=\u00a0\u00bb\u00a0\u00bb el_class=\u00a0\u00bbbits-of-functionality much-text bulletlist\u00a0\u00bb]UGFja3MlMjBkJTI3aW50JUMzJUE5Z3JhdGlvbiUyMHByJUMzJUFBdHMlMjAlQzMlQTAlMjBsJTI3ZW1wbG9pJTIwcGVybWV0dGFudCUyMGRlJTIwY29ubmVjdGVyJTIwZmFjaWxlbWVudCUyMGxlcyUyMHN5c3QlQzMlQThtZXMlMjBleGlzdGFudHMlMjB0ZWxzJTIwcXUlMjdpbHMlMjBzb250Lg==[\/vc_raw_html][vc_raw_html css=\u00a0\u00bb\u00a0\u00bb el_class=\u00a0\u00bbbits-of-functionality much-text bulletlist\u00a0\u00bb]Q29uZmlndXJhdGlvbnMlMjBkZSUyMGJhc2UlMjBpbnQlQzMlQTlnciVDMyVBOWVzJTIwZXQlMjBwciVDMyVBQXRlcyUyMCVDMyVBMCUyMGwlMjdlbXBsb2ku[\/vc_raw_html][\/vc_column_inner][\/vc_row_inner][vc_empty_space height=\u00a0\u00bb40px\u00a0\u00bb][vc_row_inner equal_height=\u00a0\u00bbyes\u00a0\u00bb content_placement=\u00a0\u00bbmiddle\u00a0\u00bb css=\u00a0\u00bb.vc_custom_1748968639058{border-top-width: 1px !important;border-right-width: 1px !important;border-bottom-width: 1px !important;border-left-width: 1px !important;padding-top: 40px !important;padding-bottom: 40px !important;background-color: #E8432D !important;border-left-style: solid !important;border-right-style: solid !important;border-top-style: solid !important;border-bottom-style: solid !important;border-radius: 20px !important;border-color: #E8432D !important;}\u00a0\u00bb][vc_column_inner el_class=\u00a0\u00bbbenefit-icon-col\u00a0\u00bb width=\u00a0\u00bb1\/6&Prime;][vc_empty_space height=\u00a0\u00bb30px\u00a0\u00bb el_class=\u00a0\u00bbmobile-off\u00a0\u00bb][vc_icon icon_fontawesome=\u00a0\u00bbfa fa-regular fa-lightbulb\u00a0\u00bb color=\u00a0\u00bbwhite\u00a0\u00bb size=\u00a0\u00bbxl\u00a0\u00bb align=\u00a0\u00bbcenter\u00a0\u00bb css=\u00a0\u00bb\u00a0\u00bb][\/vc_column_inner][vc_column_inner el_class=\u00a0\u00bbbenefit-content-col\u00a0\u00bb width=\u00a0\u00bb5\/6&Prime; css=\u00a0\u00bb.vc_custom_1748968779705{padding-right: 50px !important;padding-left: 50px !important;}\u00a0\u00bb][vc_column_text css=\u00a0\u00bb\u00a0\u00bb]<span style=\"color: #ffffff;\">La soci\u00e9t\u00e9 Solanteq, le d\u00e9veloppeur de la plateforme SOLAR, est sp\u00e9cialis\u00e9e dans la cr\u00e9ation de composants innovants pour la mise en place de solutions de paiement et d&rsquo;applications num\u00e9riques. Les produits logiciels de SOLAR sont facilement \u00e9volutifs, s&rsquo;int\u00e8grent nativement dans les environnements cloud, offrent une r\u00e9sistance maximale aux pannes et peuvent \u00eatre fournis sous forme de conteneurs, adapt\u00e9s de mani\u00e8re flexible aux demandes des clients. La plateforme SOLAR est universelle pour le d\u00e9veloppement des activit\u00e9s de d\u00e9tail des banques et des soci\u00e9t\u00e9s de traitement.<\/span>[\/vc_column_text][\/vc_column_inner][\/vc_row_inner][vc_empty_space height=\u00a0\u00bb40px\u00a0\u00bb][vc_custom_heading text=\u00a0\u00bbOPTIONS D\u2019INT\u00c9GRATION ILLIMIT\u00c9ES\u00a0\u00bb font_container=\u00a0\u00bbtag:h2|font_size:36px|text_align:left|color:%23FFFFFF|line_height:44px\u00a0\u00bb use_theme_fonts=\u00a0\u00bbyes\u00a0\u00bb css=\u00a0\u00bb\u00a0\u00bb el_class=\u00a0\u00bbheading-big page-bits-title\u00a0\u00bb][vc_empty_space height=\u00a0\u00bb20px\u00a0\u00bb][vc_column_text css=\u00a0\u00bb\u00a0\u00bb]<span style=\"color: #ffffff;\">L\u2019acheminement des transactions n\u2019a jamais \u00e9t\u00e9 aussi intelligent et rapide. Mis en \u0153uvre avec d\u2019autres produits de la famille SOLAR, SOLAR Switch peut r\u00e9pondre aux exigences commerciales les plus ambitieuses.<\/span><\/p>\n<p><span style=\"color: #ffffff;\">Vos points de vente ou vos distributeurs automatiques peuvent \u00eatre connect\u00e9s \u00e0 SOLAR Switch soit directement, soit par l\u2019interm\u00e9diaire d\u2019un contr\u00f4leur externe. Vous pouvez utiliser les fonctions int\u00e9gr\u00e9es de SOLAR pour mettre en place des paiements \u00e9lectroniques ou d\u00e9l\u00e9guer cette t\u00e2che \u00e0 quelqu\u2019un d\u2019autre, en confiant \u00e0 SOLAR Switch l\u2019interaction avec le fournisseur externe. SOLAR Switch peut m\u00eame fonctionner comme un multiplexeur si vous avez besoin de transformer une connexion h\u00f4te \u00e0 h\u00f4te en plusieurs, avec l\u2019avantage d\u2019une traduction dialectale imm\u00e9diate et \u00e0 la demande.<\/span><\/p>\n<p><span style=\"color: #ffffff;\">Associ\u00e9 \u00e0 SOLAR Dynamic Pricing, SOLAR Switch peut d\u00e9terminer l\u2019itin\u00e9raire le plus rentable pour chaque transaction, en utilisant les param\u00e8tres d\u2019une transaction donn\u00e9e et votre historique avec des destinataires de paiement sp\u00e9cifiques, avec leurs conditions de paiement individuelles.<\/span><\/p>\n<p><span style=\"color: #ffffff;\">SOLAR Stand-In connect\u00e9 \u00e0 SOLAR Switch permettra de continuer vos transactions par carte m\u00eame si d\u2019autres modules de votre complexe de traitement ne sont pas disponibles.<\/span><\/p>\n<p><span style=\"color: #ffffff;\">Enfin, SOLAR Switch s\u2019int\u00e8gre facilement \u00e0 toute protection anti-fraude connue via son interface standard, mais lorsqu\u2019il est associ\u00e9 \u00e0 SOLAR Fraud Prevention, votre s\u00e9curit\u00e9 peut atteindre de nouveaux sommets.<\/span>[\/vc_column_text][vc_empty_space height=\u00a0\u00bb40px\u00a0\u00bb][vc_custom_heading text=\u00a0\u00bbMETTRE EN \u0152UVRE LES PROTOCOLES DE MANI\u00c8RE IND\u00c9PENDANTE\u00a0\u00bb font_container=\u00a0\u00bbtag:h2|font_size:36px|text_align:left|color:%23FFFFFF|line_height:44px\u00a0\u00bb use_theme_fonts=\u00a0\u00bbyes\u00a0\u00bb css=\u00a0\u00bb\u00a0\u00bb el_class=\u00a0\u00bbheading-big page-bits-title\u00a0\u00bb][vc_empty_space height=\u00a0\u00bb20px\u00a0\u00bb][vc_column_text css=\u00a0\u00bb\u00a0\u00bb]<span style=\"color: #ffffff;\">Lors de l\u2019installation, SOLAR Switch est \u00e9quip\u00e9 d\u2019une large gamme d\u2019interfaces personnalisables que nous prenons en charge et mettons \u00e0 jour en fonction des modifications de l\u2019environnement, comme des nouvelles exigences des syst\u00e8mes de paiement internationaux. Nous sommes toujours pr\u00eats \u00e0 mettre \u00e0 jour SOLAR Switch pour r\u00e9pondre \u00e0 l\u2019\u00e9volution des besoins de votre entreprise.<\/span><\/p>\n<p><span style=\"color: #ffffff;\">Par ailleurs, si vous d\u00e9cidez de d\u00e9velopper vos propres solutions, l\u2019option \u00ab D\u00e9veloppeur Ind\u00e9pendant \u00bb permet \u00e0 vos d\u00e9veloppeurs internes d\u2019\u00e9tendre les fonctionnalit\u00e9s de SOLAR Switch, de se connecter \u00e0 de nouveaux syst\u00e8mes et de cr\u00e9er leurs propres dialectes. Le SOLAR Testing Toolkit, notre solution de pointe pour tester vos modules compl\u00e9mentaires, elle permettra \u00e0 vos employ\u00e9s de fournir un support fiable \u00e0 votre interface SOLAR Switch personnalis\u00e9e.<\/span>[\/vc_column_text][vc_empty_space height=\u00a0\u00bb40px\u00a0\u00bb][vc_custom_heading text=\u00a0\u00bbTOUT CE DONT VOUS AVEZ BESOIN POUR DES PAIEMENTS EN LIGNE S\u00c9CURIS\u00c9S\u00a0\u00bb font_container=\u00a0\u00bbtag:h2|font_size:36px|text_align:left|color:%23FFFFFF|line_height:44px\u00a0\u00bb use_theme_fonts=\u00a0\u00bbyes\u00a0\u00bb css=\u00a0\u00bb\u00a0\u00bb el_class=\u00a0\u00bbheading-big page-bits-title\u00a0\u00bb][vc_empty_space height=\u00a0\u00bb20px\u00a0\u00bb][vc_column_text css=\u00a0\u00bb\u00a0\u00bb]<span style=\"color: #ffffff;\">The electronic payments world is rapidly growing. Caring for online businesses, whether retail or service-based, means that banks have to constantly monitor and improve their omnichannel support offerings. When it is crucial to give your customers an opportunity to make payments in a way that they prefer to use, SOLAR Switch used with SOLAR E-Commerce can come to the rescue.<\/span><\/p>\n<p><span style=\"color: #ffffff;\">Le monde des paiements \u00e9lectroniques est en pleine expansion. S\u2019occuper des entreprises en ligne, qu\u2019il s\u2019agisse de commerce de d\u00e9tail ou de services, signifie que les banques doivent constamment contr\u00f4ler et am\u00e9liorer leurs offres du service client omnicanal. Lorsqu\u2019il est n\u00e9cessaire de donner \u00e0 vos clients la possibilit\u00e9 d\u2019effectuer des paiements de la mani\u00e8re qu\u2019ils pr\u00e9f\u00e8rent, SOLAR Switch utilis\u00e9 avec SOLAR E-Commerce peut venir \u00e0 la rescousse.<\/span><\/p>\n<p><span style=\"color: #ffffff;\">Une page de paiement frontale contenant des options de paiement peut \u00eatre facilement int\u00e9gr\u00e9e au site de l\u2019entreprise en ligne. Les modules MPI et ACS certifi\u00e9s 3D-Secure offrent une s\u00e9curit\u00e9 maximale pour les transactions de paiement, effectue l\u2019authentification de l\u2019utilisateur, prend en charge diff\u00e9rents types de transactions sans pr\u00e9sentation de la carte, et s\u2019int\u00e8gre de mani\u00e8re flexible aux sous-syst\u00e8mes existants de la banque. Un syst\u00e8me de tokenisation int\u00e9gr\u00e9 permettra \u00e0 vos entreprises de proposer des abonnements permanents \u00e0 leurs clients, r\u00e9duisant ainsi consid\u00e9rablement le risque de fraude. Une API ouverte et tokenis\u00e9e qui s\u2019int\u00e8gre avec des fournisseurs externes peut faire de votre organisation financi\u00e8re un partenaire fiable pour les entreprises qui offrent des services par le biais d\u2019applications mobiles avec une fonctionnalit\u00e9 de paiement facile.<\/span><\/p>\n<p><span style=\"color: #ffffff;\">Avec SOLAR Switch, vos syst\u00e8mes d\u2019information sont int\u00e9gr\u00e9s de mani\u00e8re s\u00e9curis\u00e9e et efficace dans le monde des paiements \u00e9lectroniques. Contactez-nous \u00e0 tout moment pour une d\u00e9monstration gratuite d\u00e8s aujourd\u2019hui !<\/span>[\/vc_column_text][\/vc_column][\/vc_row][vc_row full_width=\u00a0\u00bbstretch_row\u00a0\u00bb equal_height=\u00a0\u00bbyes\u00a0\u00bb content_placement=\u00a0\u00bbmiddle\u00a0\u00bb css=\u00a0\u00bb.vc_custom_1748969789929{margin-bottom: -40px !important;padding-top: 30px !important;padding-bottom: 30px !important;background-color: #E8432D !important;}\u00a0\u00bb][vc_column width=\u00a0\u00bb1\/6&Prime; css=\u00a0\u00bb.vc_custom_1748443670093{border-color: #FFFFFF !important;}\u00a0\u00bb el_class=\u00a0\u00bbbenefit-icon-col\u00a0\u00bb][vc_empty_space height=\u00a0\u00bb30px\u00a0\u00bb el_class=\u00a0\u00bbmobile-off\u00a0\u00bb][vc_icon icon_fontawesome=\u00a0\u00bbfa fa-regular fa-envelope-open\u00a0\u00bb color=\u00a0\u00bbwhite\u00a0\u00bb size=\u00a0\u00bbxl\u00a0\u00bb align=\u00a0\u00bbcenter\u00a0\u00bb css=\u00a0\u00bb\u00a0\u00bb][\/vc_column][vc_column width=\u00a0\u00bb5\/6&Prime; el_class=\u00a0\u00bbbenefit-content-col\u00a0\u00bb][vc_custom_heading text=\u00a0\u00bbPrenez le contr\u00f4le des mises \u00e0 jour de votre syst\u00e8me avec SOLAR Switch. Apprenez-en davantage sur ce qui se cache derri\u00e8re la satisfaction de nos clients.\u00a0\u00bb font_container=\u00a0\u00bbtag:h3|font_size:32px|text_align:left|color:%23FFFFFF|line_height:34px\u00a0\u00bb use_theme_fonts=\u00a0\u00bbyes\u00a0\u00bb css=\u00a0\u00bb.vc_custom_1749545991556{margin-bottom: 10px !important;}\u00a0\u00bb el_class=\u00a0\u00bbweight-regular\u00a0\u00bb][vc_custom_heading text=\u00a0\u00bbContactez-nous, nous serons heureux d&rsquo;organiser une d\u00e9monstration et de r\u00e9pondre en d\u00e9tail \u00e0 toutes vos questions.\u00a0\u00bb font_container=\u00a0\u00bbtag:p|font_size:20px|text_align:left|color:%23FFFFFF|line_height:28px\u00a0\u00bb use_theme_fonts=\u00a0\u00bbyes\u00a0\u00bb css=\u00a0\u00bb.vc_custom_1749546001998{margin-bottom: 10px !important;}\u00a0\u00bb][vc_empty_space height=\u00a0\u00bb30px\u00a0\u00bb][vc_btn title=\u00a0\u00bbContact\u00a0\u00bb style=\u00a0\u00bbcustom\u00a0\u00bb custom_background=\u00a0\u00bb#E8432D\u00a0\u00bb custom_text=\u00a0\u00bb#FFFFFF\u00a0\u00bb shape=\u00a0\u00bbround\u00a0\u00bb size=\u00a0\u00bblg\u00a0\u00bb align=\u00a0\u00bbleft\u00a0\u00bb css=\u00a0\u00bb.vc_custom_1749728278039{margin-bottom: 0px !important;border-color: #FFFFFF !important;}\u00a0\u00bb link=\u00a0\u00bburl:%23&Prime; el_class=\u00a0\u00bbbutton-red-bg popmake-1552&Prime;][\/vc_column][\/vc_row]<\/p>\n<\/div>","protected":false},"excerpt":{"rendered":"<p>[vc_row][vc_column][vc_raw_html css=\u00a0\u00bb.vc_custom_1749544958369{margin-bottom: 0px !important;}\u00a0\u00bb el_class=\u00a0\u00bbbreadcrumbs\u00a0\u00bb]JTNDYSUyMGhyZWYlM0QlMjIlMkYlMjIlM0VIb21lJTNDJTJGYSUzRSUyMCU3QyUyMFByb2R1aXRzJTIwJTdDJTIwJTNDc3BhbiUzRVNPTEFSJTIwU3dpdGNoJTNDJTJGc3BhbiUzRQ==[\/vc_raw_html][\/vc_column][\/vc_row][vc_row css=\u00a0\u00bb.vc_custom_1747922304231{border-color: #FF0000 !important;}\u00a0\u00bb][vc_column][vc_empty_space height=\u00a0\u00bb40px\u00a0\u00bb][vc_custom_heading text=\u00a0\u00bbSOLAR Switch \u2014 Con\u00e7u pour vos transactions\u00a0\u00bb font_container=\u00a0\u00bbtag:h1|font_size:64px|text_align:left|color:%23424D59|line_height:84px\u00a0\u00bb use_theme_fonts=\u00a0\u00bbyes\u00a0\u00bb css=\u00a0\u00bb.vc_custom_1749544968991{margin-bottom: 0px !important;margin-left: -5px !important;}\u00a0\u00bb el_class=\u00a0\u00bbheading-big\u00a0\u00bb][vc_empty_space height=\u00a0\u00bb25px\u00a0\u00bb][vc_custom_heading text=\u00a0\u00bbLa plateforme SOLAR est la solution phare de notre soci\u00e9t\u00e9 pour l\u2019automatisation intelligente de tous les aspects du secteur des paiements, de l\u2019\u00e9mission et de la gestion des cartes \u00e0 &#8230; <a title=\"SOLAR Switch\" class=\"read-more\" href=\"https:\/\/solanteq.com\/fr\/solar-switch\/\" aria-label=\"En savoir plus sur SOLAR Switch\">Read more<\/a><\/p>\n","protected":false},"author":3,"featured_media":0,"parent":0,"menu_order":0,"comment_status":"closed","ping_status":"closed","template":"","meta":{"footnotes":""},"class_list":["post-986","page","type-page","status-publish"],"_links":{"self":[{"href":"https:\/\/solanteq.com\/fr\/wp-json\/wp\/v2\/pages\/986","targetHints":{"allow":["GET"]}}],"collection":[{"href":"https:\/\/solanteq.com\/fr\/wp-json\/wp\/v2\/pages"}],"about":[{"href":"https:\/\/solanteq.com\/fr\/wp-json\/wp\/v2\/types\/page"}],"author":[{"embeddable":true,"href":"https:\/\/solanteq.com\/fr\/wp-json\/wp\/v2\/users\/3"}],"replies":[{"embeddable":true,"href":"https:\/\/solanteq.com\/fr\/wp-json\/wp\/v2\/comments?post=986"}],"version-history":[{"count":2,"href":"https:\/\/solanteq.com\/fr\/wp-json\/wp\/v2\/pages\/986\/revisions"}],"predecessor-version":[{"id":1638,"href":"https:\/\/solanteq.com\/fr\/wp-json\/wp\/v2\/pages\/986\/revisions\/1638"}],"wp:attachment":[{"href":"https:\/\/solanteq.com\/fr\/wp-json\/wp\/v2\/media?parent=986"}],"curies":[{"name":"wp","href":"https:\/\/api.w.org\/{rel}","templated":true}]}}