{"id":988,"date":"2025-06-05T13:58:37","date_gmt":"2025-06-05T13:58:37","guid":{"rendered":"https:\/\/solanteq.web-design.ee\/solar-atm-handler\/"},"modified":"2025-06-12T11:35:50","modified_gmt":"2025-06-12T11:35:50","slug":"solar-atm-handler","status":"publish","type":"page","link":"https:\/\/solanteq.com\/fr\/solar-atm-handler\/","title":{"rendered":"SOLAR ATM Handler"},"content":{"rendered":"<div class=\"wpb-content-wrapper\"><p>[vc_row][vc_column][vc_raw_html css=\u00a0\u00bb.vc_custom_1749547203140{margin-bottom: 0px !important;}\u00a0\u00bb el_class=\u00a0\u00bbbreadcrumbs\u00a0\u00bb]JTNDYSUyMGhyZWYlM0QlMjIlMkYlMjIlM0VIb21lJTNDJTJGYSUzRSUyMCU3QyUyMFByb2R1aXRzJTIwJTdDJTIwJTNDc3BhbiUzRVNPTEFSJTIwQVRNJTIwSGFuZGxlciUzQyUyRnNwYW4lM0U=[\/vc_raw_html][\/vc_column][\/vc_row][vc_row css=\u00a0\u00bb.vc_custom_1747922304231{border-color: #FF0000 !important;}\u00a0\u00bb][vc_column][vc_empty_space height=\u00a0\u00bb40px\u00a0\u00bb][vc_custom_heading text=\u00a0\u00bb<b>SOLAR<\/b> ATM Handler \u2014 Une gestion intelligente pour votre r\u00e9seau de guichets automatiques\u00a0\u00bb font_container=\u00a0\u00bbtag:h1|font_size:64px|text_align:left|color:%23424D59|line_height:84px\u00a0\u00bb use_theme_fonts=\u00a0\u00bbyes\u00a0\u00bb css=\u00a0\u00bb.vc_custom_1749547217862{margin-bottom: 0px !important;margin-left: -5px !important;}\u00a0\u00bb el_class=\u00a0\u00bbheading-big\u00a0\u00bb][vc_empty_space height=\u00a0\u00bb25px\u00a0\u00bb][vc_custom_heading text=\u00a0\u00bbSOLAR ATM Handler est con\u00e7u pour assurer le fonctionnement complet et constant d\u2019un r\u00e9seau de dispositifs de libre-service bancaire et fournir aux utilisateurs une gamme de services innovants.\u00a0\u00bb font_container=\u00a0\u00bbtag:p|font_size:20px|text_align:left|color:%23424D59|line_height:28px\u00a0\u00bb use_theme_fonts=\u00a0\u00bbyes\u00a0\u00bb css=\u00a0\u00bb.vc_custom_1749547230322{margin-bottom: 0px !important;}\u00a0\u00bb el_class=\u00a0\u00bbweight-light\u00a0\u00bb][vc_empty_space height=\u00a0\u00bb50px\u00a0\u00bb][\/vc_column][\/vc_row][vc_row full_width=\u00a0\u00bbstretch_row\u00a0\u00bb css=\u00a0\u00bb.vc_custom_1748962391931{padding-top: 100px !important;padding-bottom: 100px !important;background-color: #424D59 !important;background-position: center !important;background-repeat: no-repeat !important;background-size: cover !important;}\u00a0\u00bb el_class=\u00a0\u00bbdisable-row-overflow page-under-video-block\u00a0\u00bb][vc_column][vc_empty_space height=\u00a0\u00bb20px\u00a0\u00bb][vc_custom_heading text=\u00a0\u00bbUN OUTIL FIABLE\u00a0\u00bb font_container=\u00a0\u00bbtag:h2|font_size:36px|text_align:left|color:%23FFFFFF|line_height:44px\u00a0\u00bb use_theme_fonts=\u00a0\u00bbyes\u00a0\u00bb css=\u00a0\u00bb\u00a0\u00bb el_class=\u00a0\u00bbheading-big page-bits-title\u00a0\u00bb][vc_empty_space height=\u00a0\u00bb20px\u00a0\u00bb][vc_column_text css=\u00a0\u00bb\u00a0\u00bb]<span style=\"color: #ffffff;\">Le r\u00e9seau de guichets automatiques est l\u2019un des principaux canaux d\u2019interaction avec les clients, et SOLAR ATM Handler r\u00e9pond parfaitement aux exigences du march\u00e9, car il comprend un large \u00e9ventail de fonctionnalit\u00e9s qui permettent un contr\u00f4le fiable et constant de tous les dispositifs de libre-service bancaire:<\/span>[\/vc_column_text][vc_empty_space height=\u00a0\u00bb20px\u00a0\u00bb][vc_row_inner css=\u00a0\u00bb.vc_custom_1748967280488{border-top-width: 1px !important;border-right-width: 1px !important;border-bottom-width: 1px !important;border-left-width: 1px !important;padding-top: 40px !important;padding-right: 30px !important;padding-bottom: 40px !important;padding-left: 30px !important;background-color: #515D6A !important;border-radius: 20px !important;border-color: #515D6A !important;}\u00a0\u00bb][vc_column_inner][vc_raw_html css=\u00a0\u00bb\u00a0\u00bb el_class=\u00a0\u00bbbits-of-functionality much-text bulletlist\u00a0\u00bb]cGFpZW1lbnRzJTIwaW50ZXJhY3RpZnMlM0I=[\/vc_raw_html][vc_raw_html css=\u00a0\u00bb\u00a0\u00bb el_class=\u00a0\u00bbbits-of-functionality much-text bulletlist\u00a0\u00bb]ZGVtYW5kZSUyMGRlJTIwc29sZGUlM0I=[\/vc_raw_html][vc_raw_html css=\u00a0\u00bb\u00a0\u00bb el_class=\u00a0\u00bbbits-of-functionality much-text bulletlist\u00a0\u00bb]cmV0cmFpdCUyMGQlMjdlc3AlQzMlQThjZXMlMjBhdmVjJTIwZXQlMjBzYW5zJTIwdXRpbGlzYXRpb24lMjBkZSUyMGNhcnRlcyUzQg==[\/vc_raw_html][vc_raw_html css=\u00a0\u00bb\u00a0\u00bb el_class=\u00a0\u00bbbits-of-functionality much-text bulletlist\u00a0\u00bb]ciVDMyVBOWFwcHJvdmlzaW9ubmVtZW50JTIwZXQlMjBnZXN0aW9uJTIwZGVzJTIwY29tcHRlcyUyMGRhbnMlMjB0b3VzJTIwbGVzJTIwc3lzdCVDMyVBOG1lcyUzQg==[\/vc_raw_html][vc_raw_html css=\u00a0\u00bb\u00a0\u00bb el_class=\u00a0\u00bbbits-of-functionality much-text bulletlist\u00a0\u00bb]JUMzJUE5Y2hhbmdlJTIwZGUlMjBkZXZpc2VzJTJDJTIwZXRjLg==[\/vc_raw_html][\/vc_column_inner][\/vc_row_inner][vc_empty_space height=\u00a0\u00bb40px\u00a0\u00bb][vc_custom_heading text=\u00a0\u00bbUNE FONCTIONNALIT\u00c9 COMPL\u00c8TE\u00a0\u00bb font_container=\u00a0\u00bbtag:h2|font_size:36px|text_align:left|color:%23FFFFFF|line_height:44px\u00a0\u00bb use_theme_fonts=\u00a0\u00bbyes\u00a0\u00bb css=\u00a0\u00bb\u00a0\u00bb el_class=\u00a0\u00bbheading-big page-bits-title\u00a0\u00bb][vc_empty_space height=\u00a0\u00bb20px\u00a0\u00bb][vc_column_text css=\u00a0\u00bb\u00a0\u00bb]<span style=\"color: #ffffff;\">Le SOLAR ATM Handler comprend tout ce dont vous avez besoin pour le confort et l\u2019accessibilit\u00e9 maximale du r\u00e9seau de guichets automatiques.<\/span>[\/vc_column_text][vc_empty_space height=\u00a0\u00bb20px\u00a0\u00bb][vc_row_inner css=\u00a0\u00bb.vc_custom_1748967280488{border-top-width: 1px !important;border-right-width: 1px !important;border-bottom-width: 1px !important;border-left-width: 1px !important;padding-top: 40px !important;padding-right: 30px !important;padding-bottom: 40px !important;padding-left: 30px !important;background-color: #515D6A !important;border-radius: 20px !important;border-color: #515D6A !important;}\u00a0\u00bb][vc_column_inner][vc_raw_html css=\u00a0\u00bb\u00a0\u00bb el_class=\u00a0\u00bbbits-of-functionality much-text bulletlist\u00a0\u00bb]UG9zc2liaWxpdCVDMyVBOSUyMGRlJTIwY29uZmlndXJlciUyMGxlJTIwbW9kdWxlJTIwZGUlMjBtYW5pJUMzJUE4cmUlMjBmbGV4aWJsZSUyMGVuJTIwZm9uY3Rpb24lMjBkZXMlMjBiZXNvaW5zJTIwZHUlMjBjbGllbnQu[\/vc_raw_html][vc_raw_html css=\u00a0\u00bb\u00a0\u00bb el_class=\u00a0\u00bbbits-of-functionality much-text bulletlist\u00a0\u00bb]UHJpc2UlMjBlbiUyMGNoYXJnZSUyMGRlJTIwZGlmZiVDMyVBOXJlbnRzJTIwdHlwZXMlMjBkZSUyMGd1aWNoZXRzJTIwYXV0b21hdGlxdWVzLg==[\/vc_raw_html][vc_raw_html css=\u00a0\u00bb\u00a0\u00bb el_class=\u00a0\u00bbbits-of-functionality much-text bulletlist\u00a0\u00bb]Q29uZmlndXJhdGlvbiUyMGRlJTIwZ3VpY2hldHMlMjBhdXRvbWF0aXF1ZXMlMjB2aWElMjBsZSUyMGNvbmZpZ3VyYXRldXIlMjBpbnQlQzMlQTlnciVDMyVBOSUyMGRlJTIwbCUyN2ludGVyZmFjZSUyMHV0aWxpc2F0ZXVyLg==[\/vc_raw_html][vc_raw_html css=\u00a0\u00bb\u00a0\u00bb el_class=\u00a0\u00bbbits-of-functionality much-text bulletlist\u00a0\u00bb]U3VpdmklMjBkZSUyMGwlMjclQzMlQTl0YXQlMjBkZSUyMGNoYXF1ZSUyMGd1aWNoZXQlMjBhdXRvbWF0aXF1ZSUyMGV0JTIwdW4lMjBzeXN0JUMzJUE4bWUlMjBkJTI3YWxlcnRlLg==[\/vc_raw_html][vc_raw_html css=\u00a0\u00bb\u00a0\u00bb el_class=\u00a0\u00bbbits-of-functionality much-text bulletlist\u00a0\u00bb]UGxhbmlmaWNhdGlvbiUyMGRlcyUyMGQlQzMlQTlwZW5zZXMlMjBlbiUyMGVzcCVDMyVBOGNlcy4=[\/vc_raw_html][vc_raw_html css=\u00a0\u00bb\u00a0\u00bb el_class=\u00a0\u00bbbits-of-functionality much-text bulletlist\u00a0\u00bb]JUMzJTg5ZGl0ZXVyJTIwZGUlMjBtb2QlQzMlQThsZXMlMjBkZSUyMGNoJUMzJUE4cXVlcyUyMGNvbnZpdmlhbCUyMGV0JTIwaW50dWl0aWYu[\/vc_raw_html][vc_raw_html css=\u00a0\u00bb\u00a0\u00bb el_class=\u00a0\u00bbbits-of-functionality much-text bulletlist\u00a0\u00bb]UHJpc2UlMjBlbiUyMGNoYXJnZSUyMGRlJTIwZGl2ZXJzJTIwcHJvdG9jb2xlcy4=[\/vc_raw_html][vc_raw_html css=\u00a0\u00bb\u00a0\u00bb el_class=\u00a0\u00bbbits-of-functionality much-text bulletlist\u00a0\u00bb]UHJpc2UlMjBlbiUyMGNoYXJnZSUyMGRlJTIwZGl2ZXJzJTIwc3lzdCVDMyVBOG1lcyUyMGRlJTIwYmFjay1vZmZpY2Uu[\/vc_raw_html][vc_raw_html css=\u00a0\u00bb\u00a0\u00bb el_class=\u00a0\u00bbbits-of-functionality much-text bulletlist\u00a0\u00bb]Q2FwYWNpdCVDMyVBOSUyMCVDMyVBMCUyMGZvbmN0aW9ubmVyJTIwc3VyJTIwZGVzJTIwc2VydmV1cnMlMjBzaW1wbGVzJTIwZ3IlQzMlQTJjZSUyMCVDMyVBMCUyMGxhJTIwdmlydHVhbGlzYXRpb24lMjBkZXMlMjBzZXJ2ZXVycy4=[\/vc_raw_html][vc_raw_html css=\u00a0\u00bb\u00a0\u00bb el_class=\u00a0\u00bbbits-of-functionality much-text bulletlist\u00a0\u00bb]Q29tbWlzc2lvbnMlMjBkZXMlMjAlQzMlQTltZXR0ZXVycyUyRmFjcXUlQzMlQTlyZXVycyUyMGVuJTIwbW9kZSUyMGVuJTIwbGlnbmUu[\/vc_raw_html][vc_raw_html css=\u00a0\u00bb\u00a0\u00bb el_class=\u00a0\u00bbbits-of-functionality much-text bulletlist\u00a0\u00bb]UHJpc2UlMjBlbiUyMGNoYXJnZSUyMGRlcyUyMCVDMyVBOWNyYW5zJTIwbXVsdGltJUMzJUE5ZGlhLg==[\/vc_raw_html][vc_raw_html css=\u00a0\u00bb\u00a0\u00bb el_class=\u00a0\u00bbbits-of-functionality much-text bulletlist\u00a0\u00bb]T3V0aWxzJTIwaW50JUMzJUE5Z3IlQzMlQTlzJTIwZGUlMjB0ZXN0JTIwZGUlMjByJUMzJUE5Z3Jlc3Npb24lMjBldCUyMGRlJTIwcGVyZm9ybWFuY2Uu[\/vc_raw_html][\/vc_column_inner][\/vc_row_inner][vc_empty_space height=\u00a0\u00bb40px\u00a0\u00bb][vc_custom_heading text=\u00a0\u00bbPROTECTION \u00c0 TOUS LES NIVEAUX\u00a0\u00bb font_container=\u00a0\u00bbtag:h2|font_size:36px|text_align:left|color:%23FFFFFF|line_height:44px\u00a0\u00bb use_theme_fonts=\u00a0\u00bbyes\u00a0\u00bb css=\u00a0\u00bb\u00a0\u00bb el_class=\u00a0\u00bbheading-big page-bits-title\u00a0\u00bb][vc_empty_space height=\u00a0\u00bb20px\u00a0\u00bb][vc_column_text css=\u00a0\u00bb\u00a0\u00bb]<span style=\"color: #ffffff;\">Notre solution utilise les technologies puissantes permettant d\u2019assurer un suivi de qualit\u00e9 et une analyse rapide de l\u2019\u00e9tat des guichets automatiques, assurant ainsi une gestion fluide et s\u00fbre du r\u00e9seau de terminaux:<\/span>[\/vc_column_text][vc_empty_space height=\u00a0\u00bb20px\u00a0\u00bb][vc_row_inner css=\u00a0\u00bb.vc_custom_1748967280488{border-top-width: 1px !important;border-right-width: 1px !important;border-bottom-width: 1px !important;border-left-width: 1px !important;padding-top: 40px !important;padding-right: 30px !important;padding-bottom: 40px !important;padding-left: 30px !important;background-color: #515D6A !important;border-radius: 20px !important;border-color: #515D6A !important;}\u00a0\u00bb][vc_column_inner][vc_raw_html css=\u00a0\u00bb\u00a0\u00bb el_class=\u00a0\u00bbbits-of-functionality much-text bulletlist\u00a0\u00bb]cHJlbmQlMjBlbiUyMGNoYXJnZSUyMGxlJTIwZm9uY3Rpb25uZW1lbnQlMjBkdSUyMEhTTSUyQyUyMGwlMjclQzMlQTljaGFuZ2UlMjBkZSUyMGRvbm4lQzMlQTllcyUyMGNyeXB0JUMzJUE5ZXMlMjBldCUyMGxlJTIwY2hhcmdlbWVudCUyMGRlcyUyMGNsJUMzJUE5cyUyMGNyeXB0b2dyYXBoaXF1ZXMlMjAlQzMlQTAlMjBkaXN0YW5jZSUzQg==[\/vc_raw_html][vc_raw_html css=\u00a0\u00bb\u00a0\u00bb el_class=\u00a0\u00bbbits-of-functionality much-text bulletlist\u00a0\u00bb]cGVybWV0JTIwbGUlMjBzdWl2aSUyMG9wJUMzJUE5cmF0aW9ubmVsJTIwZGUlMjBsJTI3JUMzJUE5dGF0JTIwZGUlMjBjaGFxdWUlMjBndWljaGV0JTIwYXV0b21hdGlxdWUlM0I=[\/vc_raw_html][vc_raw_html css=\u00a0\u00bb\u00a0\u00bb el_class=\u00a0\u00bbbits-of-functionality much-text bulletlist\u00a0\u00bb]b2ZmcmUlMjB1bmUlMjBwZXJzb25uYWxpc2F0aW9uJTIwZmxleGlibGUlMjBkZXMlMjBkb25uJUMzJUE5ZXMlMjBhZmZpY2glQzMlQTllcyUyMGRhbnMlMjBsJTI3aW50ZXJmYWNlJTIwdXRpbGlzYXRldXIlMjBlbiUyMGZvbmN0aW9uJTIwZGVzJTIwZGlmZiVDMyVBOXJlbnRzJTIwbml2ZWF1eCUyMGQlMjdhY2MlQzMlQThzJTIwZGVzJTIwdXRpbGlzYXRldXJzJTNC[\/vc_raw_html][vc_raw_html css=\u00a0\u00bb\u00a0\u00bb el_class=\u00a0\u00bbbits-of-functionality much-text bulletlist\u00a0\u00bb]aW50JUMzJUE5Z3JhdGlvbiUyMGV0JTIwY29tcGF0aWJpbGl0JUMzJUE5JTIwbmF0aXZlcyUyMGF2ZWMlMjBTT0xBUiUyMEZyYXVkJTIwUHJldmVudGlvbiUyMHF1aSUyMHByb3QlQzMlQThnZW50JTIwZGUlMjBtYW5pJUMzJUE4cmUlMjBmaWFibGUlMjBjb250cmUlMjBsZXMlMjBhY3Rpdml0JUMzJUE5cyUyMGZyYXVkdWxldXNlcy4=[\/vc_raw_html][\/vc_column_inner][\/vc_row_inner][vc_empty_space height=\u00a0\u00bb40px\u00a0\u00bb][vc_custom_heading text=\u00a0\u00bbLANCEMENT ET INT\u00c9GRATION FACILES AVEC TOUS LES SYST\u00c8MES\u00a0\u00bb font_container=\u00a0\u00bbtag:h2|font_size:36px|text_align:left|color:%23FFFFFF|line_height:44px\u00a0\u00bb use_theme_fonts=\u00a0\u00bbyes\u00a0\u00bb css=\u00a0\u00bb\u00a0\u00bb el_class=\u00a0\u00bbheading-big page-bits-title\u00a0\u00bb][vc_empty_space height=\u00a0\u00bb20px\u00a0\u00bb][vc_row_inner css=\u00a0\u00bb.vc_custom_1748967280488{border-top-width: 1px !important;border-right-width: 1px !important;border-bottom-width: 1px !important;border-left-width: 1px !important;padding-top: 40px !important;padding-right: 30px !important;padding-bottom: 40px !important;padding-left: 30px !important;background-color: #515D6A !important;border-radius: 20px !important;border-color: #515D6A !important;}\u00a0\u00bb][vc_column_inner][vc_raw_html css=\u00a0\u00bb\u00a0\u00bb el_class=\u00a0\u00bbbits-of-functionality much-text bulletlist\u00a0\u00bb]SW5zdGFsbGF0aW9uJTJDJTIwbGFuY2VtZW50JTIwZXQlMjBpbnQlQzMlQTlncmF0aW9uJTIwZGFucyUyMHVuJTIwZCVDMyVBOWxhaSUyMGRlJTIwMiUyMCVDMyVBMCUyMDQlMjBtb2lzLg==[\/vc_raw_html][vc_raw_html css=\u00a0\u00bb\u00a0\u00bb el_class=\u00a0\u00bbbits-of-functionality much-text bulletlist\u00a0\u00bb]JTBEJTBBRmFpYmxlcyUyMGV4aWdlbmNlcyUyMG1hdCVDMyVBOXJpZWxsZXMlMjBldCUyMGNvJUMzJUJCdHMlMjBtaW5pbWVzJTIwZGVzJTIwbG9naWNpZWxzJTIwc3lzdCVDMyVBOG1lLg==[\/vc_raw_html][vc_raw_html css=\u00a0\u00bb\u00a0\u00bb el_class=\u00a0\u00bbbits-of-functionality much-text bulletlist\u00a0\u00bb]RXhwJUMzJUE5cmllbmNlJTIwZGFucyUyMGxhJTIwY29uc3RydWN0aW9uJTIwZCUyN2ludGVyZmFjZXMlMjBhdmVjJTIwZGVzJTIwZGl6YWluZXMlMjBkZSUyMHN5c3QlQzMlQThtZXMlMjBkJTI3aW5mb3JtYXRpb24lMjBjb25udXMu[\/vc_raw_html][vc_raw_html css=\u00a0\u00bb\u00a0\u00bb el_class=\u00a0\u00bbbits-of-functionality much-text bulletlist\u00a0\u00bb]SW50JUMzJUE5Z3JhdGlvbiUyMHByb2ZvbmRlJTIwYXZlYyUyMHRvdXMlMjB2b3MlMjBwcm9kdWl0cy4=[\/vc_raw_html][vc_raw_html css=\u00a0\u00bb\u00a0\u00bb el_class=\u00a0\u00bbbits-of-functionality much-text bulletlist\u00a0\u00bb]Q29uZmlndXJhdGlvbnMlMjBkZSUyMGJhc2UlMjBpbnQlQzMlQTlnciVDMyVBOWVzJTIwZXQlMjBwciVDMyVBQXRlcyUyMCVDMyVBMCUyMGwlMjdlbXBsb2ku[\/vc_raw_html][vc_raw_html css=\u00a0\u00bb\u00a0\u00bb el_class=\u00a0\u00bbbits-of-functionality much-text bulletlist\u00a0\u00bb]SW50ZXJmYWNlJTIwaW50JUMzJUE5Z3IlQzMlQTllJTIwZGUlMjBtaWdyYXRpb24lMjBkZXMlMjBkb25uJUMzJUE5ZXMlMjBsb3JzJTIwZHUlMjB0cmFuc2YlQzMlQThyZSUyMHZlcnMlMjBTT0xBUiUyMEFUTSUyMEhhbmRsZXIlMjAlQzMlQTAlMjBwYXJ0aXIlMjBkZSUyMHN5c3QlQzMlQThtZXMlMjBleGlzdGFudHMu[\/vc_raw_html][\/vc_column_inner][\/vc_row_inner][vc_empty_space height=\u00a0\u00bb40px\u00a0\u00bb][vc_single_image image=\u00a0\u00bb1352&Prime; img_size=\u00a0\u00bbfull\u00a0\u00bb alignment=\u00a0\u00bbcenter\u00a0\u00bb css=\u00a0\u00bb.vc_custom_1749547793090{padding-top: 20px !important;padding-right: 20px !important;padding-bottom: 20px !important;padding-left: 20px !important;background-color: #FFFFFF !important;}\u00a0\u00bb el_class=\u00a0\u00bbborder-radius20&Prime;][vc_empty_space height=\u00a0\u00bb40px\u00a0\u00bb][vc_row_inner equal_height=\u00a0\u00bbyes\u00a0\u00bb content_placement=\u00a0\u00bbmiddle\u00a0\u00bb css=\u00a0\u00bb.vc_custom_1748968639058{border-top-width: 1px !important;border-right-width: 1px !important;border-bottom-width: 1px !important;border-left-width: 1px !important;padding-top: 40px !important;padding-bottom: 40px !important;background-color: #E8432D !important;border-left-style: solid !important;border-right-style: solid !important;border-top-style: solid !important;border-bottom-style: solid !important;border-radius: 20px !important;border-color: #E8432D !important;}\u00a0\u00bb][vc_column_inner el_class=\u00a0\u00bbbenefit-icon-col\u00a0\u00bb width=\u00a0\u00bb1\/6&Prime;][vc_empty_space height=\u00a0\u00bb30px\u00a0\u00bb el_class=\u00a0\u00bbmobile-off\u00a0\u00bb][vc_icon icon_fontawesome=\u00a0\u00bbfa fa-regular fa-lightbulb\u00a0\u00bb color=\u00a0\u00bbwhite\u00a0\u00bb size=\u00a0\u00bbxl\u00a0\u00bb align=\u00a0\u00bbcenter\u00a0\u00bb css=\u00a0\u00bb\u00a0\u00bb][\/vc_column_inner][vc_column_inner el_class=\u00a0\u00bbbenefit-content-col\u00a0\u00bb width=\u00a0\u00bb5\/6&Prime; css=\u00a0\u00bb.vc_custom_1748968779705{padding-right: 50px !important;padding-left: 50px !important;}\u00a0\u00bb][vc_column_text css=\u00a0\u00bb\u00a0\u00bb]<span style=\"color: #ffffff;\">La soci\u00e9t\u00e9 Solanteq, le d\u00e9veloppeur de la plateforme SOLAR, est sp\u00e9cialis\u00e9e dans la cr\u00e9ation de composants innovants pour la mise en place de solutions de paiement et d&rsquo;applications num\u00e9riques. Les produits logiciels de SOLAR sont facilement \u00e9volutifs, s&rsquo;int\u00e8grent nativement dans les environnements cloud, offrent une r\u00e9sistance maximale aux pannes et peuvent \u00eatre fournis sous forme de conteneurs, adapt\u00e9s de mani\u00e8re flexible aux demandes des clients. La plateforme SOLAR est universelle pour le d\u00e9veloppement des activit\u00e9s de d\u00e9tail des banques et des soci\u00e9t\u00e9s de traitement.<\/span>[\/vc_column_text][\/vc_column_inner][\/vc_row_inner][vc_empty_space height=\u00a0\u00bb40px\u00a0\u00bb][vc_custom_heading text=\u00a0\u00bbOPTIMISATION DES CO\u00dbTS\u00a0\u00bb font_container=\u00a0\u00bbtag:h2|font_size:36px|text_align:left|color:%23FFFFFF|line_height:44px\u00a0\u00bb use_theme_fonts=\u00a0\u00bbyes\u00a0\u00bb css=\u00a0\u00bb\u00a0\u00bb el_class=\u00a0\u00bbheading-big page-bits-title\u00a0\u00bb][vc_empty_space height=\u00a0\u00bb20px\u00a0\u00bb][vc_column_text css=\u00a0\u00bb\u00a0\u00bb]<span style=\"color: #ffffff;\">Avec SOLAR ATM Handler, vous pouvez maximiser l\u2019accessibilit\u00e9 des services du r\u00e9seau de terminaux gr\u00e2ce \u00e0 la gestion \u00e0 distance. Par exemple, le module fournit une interface permettant de g\u00e9rer facilement la maintenance et le chargement \u00e0 distance des fichiers images dans les terminaux. La solution permet de r\u00e9duire les co\u00fbts de service, car de nombreuses op\u00e9rations peuvent \u00eatre effectu\u00e9es sans se d\u00e9placer physiquement.<\/span><\/p>\n<p><span style=\"color: #ffffff;\">Le syst\u00e8me surveille l\u2019\u00e9tat de tous les guichets automatiques et envoie imm\u00e9diatement une notification en cas de probl\u00e8me, ce qui vous permet de prendre rapidement des mesures pour r\u00e9tablir le fonctionnement d\u2019un appareil. La solution tient \u00e9galement \u00e0 jour des statistiques sur la\/les causes d\u2019inop\u00e9rabilit\u00e9.<\/span><\/p>\n<p><span style=\"color: #ffffff;\">Le module calcule les esp\u00e8ces restantes et pr\u00e9voit leur consommation. Ainsi, l\u2019utilisation de SOLAR ATM Handler permet d\u2019optimiser les plans de r\u00e9approvisionnement des appareils.<\/span>[\/vc_column_text][vc_empty_space height=\u00a0\u00bb40px\u00a0\u00bb][vc_custom_heading text=\u00a0\u00bbADAPTABILIT\u00c9 \u00c0 VOS BESOINS\u00a0\u00bb font_container=\u00a0\u00bbtag:h2|font_size:36px|text_align:left|color:%23FFFFFF|line_height:44px\u00a0\u00bb use_theme_fonts=\u00a0\u00bbyes\u00a0\u00bb css=\u00a0\u00bb\u00a0\u00bb el_class=\u00a0\u00bbheading-big page-bits-title\u00a0\u00bb][vc_empty_space height=\u00a0\u00bb20px\u00a0\u00bb][vc_column_text css=\u00a0\u00bb\u00a0\u00bb]<span style=\"color: #ffffff;\">SOLAR ATM Handler est \u00e9volutif horizontalement, de sorte que le module peut d\u00e9marrer sur la plate-forme de la configuration la plus basique et s\u2019\u00e9tendre progressivement au fur et \u00e0 mesure que l\u2019entreprise se d\u00e9veloppe en ajoutant des n\u0153uds.<\/span><\/p>\n<p><span style=\"color: #ffffff;\">La solution est dot\u00e9e d\u2019une interface utilisateur et d\u2019un syst\u00e8me de navigation conviviaux et informatifs, ainsi que d\u2019une administration flexible des fonctions du syst\u00e8me en fonction des diff\u00e9rents niveaux d\u2019acc\u00e8s des utilisateurs.<\/span><\/p>\n<p><span style=\"color: #ffffff;\">SOLAR ATM Handler convient \u00e0 toute taille et complexit\u00e9 de r\u00e9seaux de guichets automatiques et s\u2019adapte enti\u00e8rement aux exigences de chaque client.<\/span>[\/vc_column_text][vc_empty_space height=\u00a0\u00bb40px\u00a0\u00bb][vc_custom_heading text=\u00a0\u00bbUNE CONTRIBUTION PUISSANTE AU SOUTIEN DE VOTRE ENTREPRISE\u00a0\u00bb font_container=\u00a0\u00bbtag:h2|font_size:36px|text_align:left|color:%23FFFFFF|line_height:44px\u00a0\u00bb use_theme_fonts=\u00a0\u00bbyes\u00a0\u00bb css=\u00a0\u00bb\u00a0\u00bb el_class=\u00a0\u00bbheading-big page-bits-title\u00a0\u00bb][vc_empty_space height=\u00a0\u00bb20px\u00a0\u00bb][vc_column_text css=\u00a0\u00bb\u00a0\u00bb]<span style=\"color: #ffffff;\">SOLAR ATM Handler est une solution compl\u00e8te qui assure la surveillance et le fonctionnement continus du r\u00e9seau de dispositifs de libre-service bancaire. Le syst\u00e8me fournit des informations pr\u00e9cises et opportunes sur l\u2019\u00e9tat de tous les guichets automatiques en g\u00e9n\u00e9ral, ainsi que de leurs composants mat\u00e9riels et logiciels individuels.<\/span>[\/vc_column_text][\/vc_column][\/vc_row][vc_row full_width=\u00a0\u00bbstretch_row\u00a0\u00bb equal_height=\u00a0\u00bbyes\u00a0\u00bb content_placement=\u00a0\u00bbmiddle\u00a0\u00bb css=\u00a0\u00bb.vc_custom_1748969789929{margin-bottom: -40px !important;padding-top: 30px !important;padding-bottom: 30px !important;background-color: #E8432D !important;}\u00a0\u00bb][vc_column width=\u00a0\u00bb1\/6&Prime; css=\u00a0\u00bb.vc_custom_1748443670093{border-color: #FFFFFF !important;}\u00a0\u00bb el_class=\u00a0\u00bbbenefit-icon-col\u00a0\u00bb][vc_empty_space height=\u00a0\u00bb30px\u00a0\u00bb el_class=\u00a0\u00bbmobile-off\u00a0\u00bb][vc_icon icon_fontawesome=\u00a0\u00bbfa fa-regular fa-envelope-open\u00a0\u00bb color=\u00a0\u00bbwhite\u00a0\u00bb size=\u00a0\u00bbxl\u00a0\u00bb align=\u00a0\u00bbcenter\u00a0\u00bb css=\u00a0\u00bb\u00a0\u00bb][\/vc_column][vc_column width=\u00a0\u00bb5\/6&Prime; el_class=\u00a0\u00bbbenefit-content-col\u00a0\u00bb][vc_custom_heading text=\u00a0\u00bbNous sommes convaincus que solar atm handler assurera une gestion s\u00e9curis\u00e9e et de haute qualit\u00e9 de votre r\u00e9seau de guichets automatiques.\u00a0\u00bb font_container=\u00a0\u00bbtag:h3|font_size:32px|text_align:left|color:%23FFFFFF|line_height:34px\u00a0\u00bb use_theme_fonts=\u00a0\u00bbyes\u00a0\u00bb css=\u00a0\u00bb.vc_custom_1749547970371{margin-bottom: 10px !important;}\u00a0\u00bb el_class=\u00a0\u00bbweight-regular\u00a0\u00bb][vc_custom_heading text=\u00a0\u00bbContactez-nous, nous serons heureux d&rsquo;organiser une d\u00e9monstration et de r\u00e9pondre en d\u00e9tail \u00e0 toutes vos questions.\u00a0\u00bb font_container=\u00a0\u00bbtag:p|font_size:20px|text_align:left|color:%23FFFFFF|line_height:28px\u00a0\u00bb use_theme_fonts=\u00a0\u00bbyes\u00a0\u00bb css=\u00a0\u00bb.vc_custom_1749547976714{margin-bottom: 10px !important;}\u00a0\u00bb][vc_empty_space height=\u00a0\u00bb30px\u00a0\u00bb][vc_btn title=\u00a0\u00bbContact\u00a0\u00bb style=\u00a0\u00bbcustom\u00a0\u00bb custom_background=\u00a0\u00bb#E8432D\u00a0\u00bb custom_text=\u00a0\u00bb#FFFFFF\u00a0\u00bb shape=\u00a0\u00bbround\u00a0\u00bb size=\u00a0\u00bblg\u00a0\u00bb align=\u00a0\u00bbleft\u00a0\u00bb css=\u00a0\u00bb.vc_custom_1749728148905{margin-bottom: 0px !important;border-color: #FFFFFF !important;}\u00a0\u00bb link=\u00a0\u00bburl:%23&Prime; el_class=\u00a0\u00bbbutton-red-bg popmake-1552&Prime;][\/vc_column][\/vc_row]<\/p>\n<\/div>","protected":false},"excerpt":{"rendered":"<p>[vc_row][vc_column][vc_raw_html css=\u00a0\u00bb.vc_custom_1749547203140{margin-bottom: 0px !important;}\u00a0\u00bb el_class=\u00a0\u00bbbreadcrumbs\u00a0\u00bb]JTNDYSUyMGhyZWYlM0QlMjIlMkYlMjIlM0VIb21lJTNDJTJGYSUzRSUyMCU3QyUyMFByb2R1aXRzJTIwJTdDJTIwJTNDc3BhbiUzRVNPTEFSJTIwQVRNJTIwSGFuZGxlciUzQyUyRnNwYW4lM0U=[\/vc_raw_html][\/vc_column][\/vc_row][vc_row css=\u00a0\u00bb.vc_custom_1747922304231{border-color: #FF0000 !important;}\u00a0\u00bb][vc_column][vc_empty_space height=\u00a0\u00bb40px\u00a0\u00bb][vc_custom_heading text=\u00a0\u00bbSOLAR ATM Handler \u2014 Une gestion intelligente pour votre r\u00e9seau de guichets automatiques\u00a0\u00bb font_container=\u00a0\u00bbtag:h1|font_size:64px|text_align:left|color:%23424D59|line_height:84px\u00a0\u00bb use_theme_fonts=\u00a0\u00bbyes\u00a0\u00bb css=\u00a0\u00bb.vc_custom_1749547217862{margin-bottom: 0px !important;margin-left: -5px !important;}\u00a0\u00bb el_class=\u00a0\u00bbheading-big\u00a0\u00bb][vc_empty_space height=\u00a0\u00bb25px\u00a0\u00bb][vc_custom_heading text=\u00a0\u00bbSOLAR ATM Handler est con\u00e7u pour assurer le fonctionnement complet et constant d\u2019un r\u00e9seau de dispositifs de libre-service bancaire et fournir aux utilisateurs une &#8230; <a title=\"SOLAR ATM Handler\" class=\"read-more\" href=\"https:\/\/solanteq.com\/fr\/solar-atm-handler\/\" aria-label=\"En savoir plus sur SOLAR ATM Handler\">Read more<\/a><\/p>\n","protected":false},"author":3,"featured_media":0,"parent":0,"menu_order":0,"comment_status":"closed","ping_status":"closed","template":"","meta":{"footnotes":""},"class_list":["post-988","page","type-page","status-publish"],"_links":{"self":[{"href":"https:\/\/solanteq.com\/fr\/wp-json\/wp\/v2\/pages\/988","targetHints":{"allow":["GET"]}}],"collection":[{"href":"https:\/\/solanteq.com\/fr\/wp-json\/wp\/v2\/pages"}],"about":[{"href":"https:\/\/solanteq.com\/fr\/wp-json\/wp\/v2\/types\/page"}],"author":[{"embeddable":true,"href":"https:\/\/solanteq.com\/fr\/wp-json\/wp\/v2\/users\/3"}],"replies":[{"embeddable":true,"href":"https:\/\/solanteq.com\/fr\/wp-json\/wp\/v2\/comments?post=988"}],"version-history":[{"count":2,"href":"https:\/\/solanteq.com\/fr\/wp-json\/wp\/v2\/pages\/988\/revisions"}],"predecessor-version":[{"id":1626,"href":"https:\/\/solanteq.com\/fr\/wp-json\/wp\/v2\/pages\/988\/revisions\/1626"}],"wp:attachment":[{"href":"https:\/\/solanteq.com\/fr\/wp-json\/wp\/v2\/media?parent=988"}],"curies":[{"name":"wp","href":"https:\/\/api.w.org\/{rel}","templated":true}]}}