{"id":990,"date":"2025-06-05T13:16:45","date_gmt":"2025-06-05T13:16:45","guid":{"rendered":"https:\/\/solanteq.web-design.ee\/solar-stand-in-processing\/"},"modified":"2025-06-12T11:37:48","modified_gmt":"2025-06-12T11:37:48","slug":"solar-stand-in-processing","status":"publish","type":"page","link":"https:\/\/solanteq.com\/fr\/solar-stand-in-processing\/","title":{"rendered":"SOLAR Stand-in Processing"},"content":{"rendered":"<div class=\"wpb-content-wrapper\"><p>[vc_row][vc_column][vc_raw_html css=\u00a0\u00bb.vc_custom_1749549721005{margin-bottom: 0px !important;}\u00a0\u00bb el_class=\u00a0\u00bbbreadcrumbs\u00a0\u00bb]JTNDYSUyMGhyZWYlM0QlMjIlMkYlMjIlM0VIb21lJTNDJTJGYSUzRSUyMCU3QyUyMFByb2R1aXRzJTIwJTdDJTIwJTNDc3BhbiUzRVNPTEFSJTIwU3RhbmQtaW4lMjBQcm9jZXNzaW5nJTNDJTJGc3BhbiUzRQ==[\/vc_raw_html][\/vc_column][\/vc_row][vc_row css=\u00a0\u00bb.vc_custom_1747922304231{border-color: #FF0000 !important;}\u00a0\u00bb][vc_column][vc_empty_space height=\u00a0\u00bb40px\u00a0\u00bb][vc_custom_heading text=\u00a0\u00bb<b>SOLAR<\/b> Stand-in Processing \u2014 Disponibilit\u00e9 maximale de votre syst\u00e8me de traitement\u00a0\u00bb font_container=\u00a0\u00bbtag:h1|font_size:64px|text_align:left|color:%23424D59|line_height:84px\u00a0\u00bb use_theme_fonts=\u00a0\u00bbyes\u00a0\u00bb css=\u00a0\u00bb.vc_custom_1749549699021{margin-bottom: 0px !important;margin-left: -5px !important;}\u00a0\u00bb el_class=\u00a0\u00bbheading-big\u00a0\u00bb][vc_empty_space height=\u00a0\u00bb25px\u00a0\u00bb][vc_custom_heading text=\u00a0\u00bbLe secteur des paiements met de plus en plus de pression sur les infrastructures de paiement pour qu\u2019elles maintiennent un niveau \u00e9lev\u00e9 de tol\u00e9rance aux pannes. Alors qu\u2019il y a seulement cinq ans, l\u2019arr\u00eat des transactions pendant la nuit \u00e9tait autoris\u00e9 dans certaines r\u00e9gions, aujourd\u2019hui, m\u00eame un arr\u00eat de 10 minutes \u00e0 minuit est un incident de cat\u00e9gorie critique qui porte un coup \u00e0 la confiance des clients. Il n\u2019est donc pas surprenant que les soci\u00e9t\u00e9s de traitement des paiements investissent massivement dans le d\u00e9veloppement de solutions de traitement compl\u00e8tes \u00e0 haute disponibilit\u00e9. SOLAR Stand-in, un syst\u00e8me d\u2019autorisation de r\u00e9serve, propose une am\u00e9lioration consid\u00e9rable de la fiabilit\u00e9 de votre syst\u00e8me de traitement actuel. Bien qu\u2019il ne soit en aucun cas destin\u00e9 \u00e0 remplacer votre syst\u00e8me existant, qui fonctionne sans probl\u00e8mes, le syst\u00e8me de r\u00e9serve SOLAR remplit l\u2019\u00e9crasante majorit\u00e9 des fonctions n\u00e9cessaires au traitement des paiements avec une tol\u00e9rance maximale aux pannes.\u00a0\u00bb font_container=\u00a0\u00bbtag:p|font_size:20px|text_align:left|color:%23424D59|line_height:28px\u00a0\u00bb use_theme_fonts=\u00a0\u00bbyes\u00a0\u00bb css=\u00a0\u00bb.vc_custom_1749549741522{margin-bottom: 0px !important;}\u00a0\u00bb el_class=\u00a0\u00bbweight-light\u00a0\u00bb][vc_empty_space height=\u00a0\u00bb50px\u00a0\u00bb][\/vc_column][\/vc_row][vc_row full_width=\u00a0\u00bbstretch_row\u00a0\u00bb css=\u00a0\u00bb.vc_custom_1748962391931{padding-top: 100px !important;padding-bottom: 100px !important;background-color: #424D59 !important;background-position: center !important;background-repeat: no-repeat !important;background-size: cover !important;}\u00a0\u00bb el_class=\u00a0\u00bbdisable-row-overflow page-under-video-block\u00a0\u00bb][vc_column][vc_custom_heading text=\u00a0\u00bbUN SYST\u00c8ME D\u2019AUTORISATION DE R\u00c9SERVE\u00a0\u00bb font_container=\u00a0\u00bbtag:h2|font_size:36px|text_align:left|color:%23FFFFFF|line_height:44px\u00a0\u00bb use_theme_fonts=\u00a0\u00bbyes\u00a0\u00bb css=\u00a0\u00bb\u00a0\u00bb el_class=\u00a0\u00bbheading-big page-bits-title\u00a0\u00bb][vc_empty_space height=\u00a0\u00bb20px\u00a0\u00bb][vc_column_text css=\u00a0\u00bb\u00a0\u00bb]<span style=\"color: #ffffff;\">Un syst\u00e8me de traitement classique est constitu\u00e9 d\u2019un ensemble de composants, de plateformes et de syst\u00e8mes de gestion de bases de donn\u00e9es \u00e0 la fiabilit\u00e9 \u00e9prouv\u00e9e. De nombreux syst\u00e8mes classiques utilisent des modules et des technologies de pointe \u00e0 haute disponibilit\u00e9. N\u00e9anmoins, des temps d\u2019arr\u00eat et des pannes surviennent parfois.<\/span><\/p>\n<p><span style=\"color: #ffffff;\">Le probl\u00e8me vient g\u00e9n\u00e9ralement d\u2019un p\u00e9pin logiciel, d\u2019une erreur humaine ou d\u2019une d\u00e9faillance mat\u00e9rielle d\u2019unit\u00e9s uniques et co\u00fbteuses. Plus l\u2019architecture de votre syst\u00e8me et les m\u00e9canismes de tol\u00e9rance aux pannes deviennent complexes, plus ils sont susceptibles d\u2019\u00eatre victimes des facteurs humains, d\u2019un comportement inattendu qui porte atteinte \u00e0 l\u2019int\u00e9grit\u00e9 des donn\u00e9es.<\/span><\/p>\n<p><span style=\"color: #ffffff;\">En d\u00e9veloppant notre solution, nous sommes partis de la conviction que deux composants simples, aux interactions limit\u00e9es et clairement d\u00e9finies, sont plus faciles \u00e0 maintenir qu\u2019un syst\u00e8me monolithique \u00e0 l\u2019architecture interne complexe et aux interactions sans transparence.<\/span><\/p>\n<p><span style=\"color: #ffffff;\">Notre solution SOLAR Stand-in ne n\u00e9cessite aucune ou peu de modifications de votre syst\u00e8me de traitement actuel. Elle fournit les fonctions de traitement n\u00e9cessaires uniquement pendant les p\u00e9riodes o\u00f9 le syst\u00e8me principal est indisponible pour une raison quelconque. Pendant que le syst\u00e8me de traitement principal fonctionne, le syst\u00e8me de r\u00e9serve SOLAR Stand-in reste \u00e9galement actif et rafra\u00eechit toutes les donn\u00e9es n\u00e9cessaires, mais n\u2019affecte pas les processus d\u2019autorisation en cours.<\/span>[\/vc_column_text][vc_empty_space height=\u00a0\u00bb40px\u00a0\u00bb][vc_custom_heading text=\u00a0\u00bbSEULEMENT CE DONT VOUS AVEZ BESOIN\u00a0\u00bb font_container=\u00a0\u00bbtag:h2|font_size:36px|text_align:left|color:%23FFFFFF|line_height:44px\u00a0\u00bb use_theme_fonts=\u00a0\u00bbyes\u00a0\u00bb css=\u00a0\u00bb\u00a0\u00bb el_class=\u00a0\u00bbheading-big page-bits-title\u00a0\u00bb][vc_empty_space height=\u00a0\u00bb20px\u00a0\u00bb][vc_column_text css=\u00a0\u00bb\u00a0\u00bb]<span style=\"color: #ffffff;\">SOLAR Stand-in se substitue \u00e0 un syst\u00e8me de traitement d\u00e9faillant en prenant en charge les fonctions suivantes:<\/span>[\/vc_column_text][vc_empty_space height=\u00a0\u00bb20px\u00a0\u00bb][vc_row_inner css=\u00a0\u00bb.vc_custom_1748967280488{border-top-width: 1px !important;border-right-width: 1px !important;border-bottom-width: 1px !important;border-left-width: 1px !important;padding-top: 40px !important;padding-right: 30px !important;padding-bottom: 40px !important;padding-left: 30px !important;background-color: #515D6A !important;border-radius: 20px !important;border-color: #515D6A !important;}\u00a0\u00bb][vc_column_inner][vc_raw_html css=\u00a0\u00bb\u00a0\u00bb el_class=\u00a0\u00bbbits-of-functionality much-text bulletlist\u00a0\u00bb]QXV0b3Jpc2F0aW9ucyUyMGRlcyUyMG9wJUMzJUE5cmF0aW9ucyUyMGRlJTIwcGFpZW1lbnQlMjBhdmVjJTIwbGUlMjBibG9jYWdlJTIwZGVzJTIwZnJhaXMlMjBldCUyMGxlJTIwdHJhaXRlbWVudCUyMHMlQzMlQTlwYXIlQzMlQTklMjBkZXMlMjBmb25kcyUyMHBlcnNvbm5lbHMlMjBldCUyMGRlcyUyMGZvbmRzJTIwZGUlMjBwciVDMyVBQXQu[\/vc_raw_html][vc_raw_html css=\u00a0\u00bb\u00a0\u00bb el_class=\u00a0\u00bbbits-of-functionality much-text bulletlist\u00a0\u00bb]RGVtYW5kZSUyMGRlJTIwc29sZGUu[\/vc_raw_html][vc_raw_html css=\u00a0\u00bb\u00a0\u00bb el_class=\u00a0\u00bbbits-of-functionality much-text bulletlist\u00a0\u00bb]QmxvY2FnZSUyMGRlJTIwY2FydGVzJTJDJTIwZGUlMjBjb21wdGVzJTIwZXQlMjBkZSUyMGNsaWVudHMu[\/vc_raw_html][vc_raw_html css=\u00a0\u00bb\u00a0\u00bb el_class=\u00a0\u00bbbits-of-functionality much-text bulletlist\u00a0\u00bb]Q2hhcmdlbWVudCUyMGRlJTIwc29sZGUu[\/vc_raw_html][vc_raw_html css=\u00a0\u00bb\u00a0\u00bb el_class=\u00a0\u00bbbits-of-functionality much-text bulletlist\u00a0\u00bb]Q2hhbmdlbWVudCUyMGRlJTIwUElOLg==[\/vc_raw_html][vc_raw_html css=\u00a0\u00bb\u00a0\u00bb el_class=\u00a0\u00bbbits-of-functionality much-text bulletlist\u00a0\u00bb]Q29udHIlQzMlQjRsZSUyMGRlJTIwdiVDMyVBOWxvY2l0JUMzJUE5Lg==[\/vc_raw_html][vc_raw_html css=\u00a0\u00bb\u00a0\u00bb el_class=\u00a0\u00bbbits-of-functionality much-text bulletlist\u00a0\u00bb]RCVDMyVBOWxpdnJhbmNlJTIwaW5zdGFudGFuJUMzJUE5ZS4=[\/vc_raw_html][vc_raw_html css=\u00a0\u00bb\u00a0\u00bb el_class=\u00a0\u00bbbits-of-functionality much-text bulletlist\u00a0\u00bb]UHJpc2UlMjBlbiUyMGNoYXJnZSUyMGRlcyUyMHNlcnZpY2VzJTIwYmFuY2FpcmVzJTIwJUMzJUEwJTIwZGlzdGFuY2UlMjBldCUyMGRlcyUyMEFQSS4=[\/vc_raw_html][\/vc_column_inner][\/vc_row_inner][vc_empty_space height=\u00a0\u00bb40px\u00a0\u00bb][vc_custom_heading text=\u00a0\u00bbINT\u00c9GRATION\u00a0\u00bb font_container=\u00a0\u00bbtag:h2|font_size:36px|text_align:left|color:%23FFFFFF|line_height:44px\u00a0\u00bb use_theme_fonts=\u00a0\u00bbyes\u00a0\u00bb css=\u00a0\u00bb\u00a0\u00bb el_class=\u00a0\u00bbheading-big page-bits-title\u00a0\u00bb][vc_empty_space height=\u00a0\u00bb40px\u00a0\u00bb][vc_single_image image=\u00a0\u00bb745&Prime; img_size=\u00a0\u00bbfull\u00a0\u00bb alignment=\u00a0\u00bbcenter\u00a0\u00bb css=\u00a0\u00bb.vc_custom_1749131492645{padding-top: 40px !important;padding-right: 20px !important;padding-bottom: 40px !important;padding-left: 20px !important;background-color: #FFFFFF !important;border-radius: 20px !important;}\u00a0\u00bb el_class=\u00a0\u00bbborder-radius20&Prime;][vc_empty_space height=\u00a0\u00bb40px\u00a0\u00bb][vc_column_text css=\u00a0\u00bb\u00a0\u00bb]<span style=\"color: #ffffff;\">L\u2019int\u00e9gration de tous ces composants dans une solution unique tol\u00e9rante aux pannes est r\u00e9alis\u00e9e par SOLAR Switch, notre produit hautement productif et efficace. Le routeur central bas\u00e9 sur le SOLAR Switch dirige les demandes d\u2019autorisation vers le syst\u00e8me d\u2019autorisation de r\u00e9serve en cas de panne du syst\u00e8me principal.<\/span><\/p>\n<p><span style=\"color: #ffffff;\">En contr\u00f4lant le mode de traitement de chaque compte s\u00e9par\u00e9ment, SOLAR StandIn permet aux comptes bancaires de sortir un par un du syst\u00e8me d\u2019autorisation de r\u00e9serve et d\u2019inscrire des comptes dans le syst\u00e8me de r\u00e9serve par ensembles pr\u00e9-assign\u00e9s. La synchronisation inverse avec le syst\u00e8me d\u2019autorisation primaire peut \u00eatre effectu\u00e9e, par exemple, en utilisant les protocoles standards des syst\u00e8mes de paiement via SOLAR Switch.<\/span>[\/vc_column_text][vc_empty_space height=\u00a0\u00bb40px\u00a0\u00bb][vc_custom_heading text=\u00a0\u00bbAVANTAGES SUPPL\u00c9MENTAIRES\u00a0\u00bb font_container=\u00a0\u00bbtag:h2|font_size:36px|text_align:left|color:%23FFFFFF|line_height:44px\u00a0\u00bb use_theme_fonts=\u00a0\u00bbyes\u00a0\u00bb css=\u00a0\u00bb\u00a0\u00bb el_class=\u00a0\u00bbheading-big page-bits-title\u00a0\u00bb][vc_empty_space height=\u00a0\u00bb20px\u00a0\u00bb][vc_column_text css=\u00a0\u00bb\u00a0\u00bb]<span style=\"color: #ffffff;\">Une architecture tol\u00e9rante aux pannes bas\u00e9e sur SOLAR Stand-in et SOLAR Switch vous permettra d\u2019\u00e9tendre facilement votre installation de traitement sans modifier son composant le plus important, le syst\u00e8me de traitement. Par exemple, vous pouvez ajouter une solution ind\u00e9pendante de pr\u00e9vention des fraudes, connecter des terminaux de n\u2019importe quel fournisseur ou de n\u2019importe quel r\u00e9seau bancaire partenaire sur n\u2019importe quel protocole.<\/span>[\/vc_column_text][vc_empty_space height=\u00a0\u00bb40px\u00a0\u00bb][vc_single_image image=\u00a0\u00bb745&Prime; img_size=\u00a0\u00bbfull\u00a0\u00bb alignment=\u00a0\u00bbcenter\u00a0\u00bb css=\u00a0\u00bb.vc_custom_1749131536513{padding-top: 40px !important;padding-right: 20px !important;padding-bottom: 40px !important;padding-left: 20px !important;background-color: #FFFFFF !important;border-radius: 20px !important;}\u00a0\u00bb el_class=\u00a0\u00bbborder-radius20&Prime;][\/vc_column][\/vc_row][vc_row full_width=\u00a0\u00bbstretch_row\u00a0\u00bb equal_height=\u00a0\u00bbyes\u00a0\u00bb content_placement=\u00a0\u00bbmiddle\u00a0\u00bb css=\u00a0\u00bb.vc_custom_1748969789929{margin-bottom: -40px !important;padding-top: 30px !important;padding-bottom: 30px !important;background-color: #E8432D !important;}\u00a0\u00bb][vc_column width=\u00a0\u00bb1\/6&Prime; css=\u00a0\u00bb.vc_custom_1748443670093{border-color: #FFFFFF !important;}\u00a0\u00bb el_class=\u00a0\u00bbbenefit-icon-col\u00a0\u00bb][vc_empty_space height=\u00a0\u00bb30px\u00a0\u00bb el_class=\u00a0\u00bbmobile-off\u00a0\u00bb][vc_icon icon_fontawesome=\u00a0\u00bbfa fa-regular fa-envelope-open\u00a0\u00bb color=\u00a0\u00bbwhite\u00a0\u00bb size=\u00a0\u00bbxl\u00a0\u00bb align=\u00a0\u00bbcenter\u00a0\u00bb css=\u00a0\u00bb\u00a0\u00bb][\/vc_column][vc_column width=\u00a0\u00bb5\/6&Prime; el_class=\u00a0\u00bbbenefit-content-col\u00a0\u00bb][vc_custom_heading text=\u00a0\u00bbNous sommes convaincus que Solar Stand-in deviendra votre alli\u00e9 fiable dans la construction de l&rsquo;ultime \u00e9cosyst\u00e8me de traitement tol\u00e9rant aux pannes.\u00a0\u00bb font_container=\u00a0\u00bbtag:h3|font_size:32px|text_align:left|color:%23FFFFFF|line_height:34px\u00a0\u00bb use_theme_fonts=\u00a0\u00bbyes\u00a0\u00bb css=\u00a0\u00bb.vc_custom_1749550176061{margin-bottom: 10px !important;}\u00a0\u00bb el_class=\u00a0\u00bbweight-regular\u00a0\u00bb][vc_custom_heading text=\u00a0\u00bbContactez-nous, nous serons heureux d&rsquo;organiser une d\u00e9monstration et de r\u00e9pondre en d\u00e9tail \u00e0 toutes vos questions.\u00a0\u00bb font_container=\u00a0\u00bbtag:p|font_size:20px|text_align:left|color:%23FFFFFF|line_height:28px\u00a0\u00bb use_theme_fonts=\u00a0\u00bbyes\u00a0\u00bb css=\u00a0\u00bb.vc_custom_1749550201054{margin-bottom: 10px !important;}\u00a0\u00bb][vc_empty_space height=\u00a0\u00bb30px\u00a0\u00bb][vc_btn title=\u00a0\u00bbContact\u00a0\u00bb style=\u00a0\u00bbcustom\u00a0\u00bb custom_background=\u00a0\u00bb#E8432D\u00a0\u00bb custom_text=\u00a0\u00bb#FFFFFF\u00a0\u00bb shape=\u00a0\u00bbround\u00a0\u00bb size=\u00a0\u00bblg\u00a0\u00bb align=\u00a0\u00bbleft\u00a0\u00bb css=\u00a0\u00bb.vc_custom_1749728266980{margin-bottom: 0px !important;border-color: #FFFFFF !important;}\u00a0\u00bb link=\u00a0\u00bburl:%23&Prime; el_class=\u00a0\u00bbbutton-red-bg popmake-1552&Prime;][\/vc_column][\/vc_row]<\/p>\n<\/div>","protected":false},"excerpt":{"rendered":"<p>[vc_row][vc_column][vc_raw_html css=\u00a0\u00bb.vc_custom_1749549721005{margin-bottom: 0px !important;}\u00a0\u00bb el_class=\u00a0\u00bbbreadcrumbs\u00a0\u00bb]JTNDYSUyMGhyZWYlM0QlMjIlMkYlMjIlM0VIb21lJTNDJTJGYSUzRSUyMCU3QyUyMFByb2R1aXRzJTIwJTdDJTIwJTNDc3BhbiUzRVNPTEFSJTIwU3RhbmQtaW4lMjBQcm9jZXNzaW5nJTNDJTJGc3BhbiUzRQ==[\/vc_raw_html][\/vc_column][\/vc_row][vc_row css=\u00a0\u00bb.vc_custom_1747922304231{border-color: #FF0000 !important;}\u00a0\u00bb][vc_column][vc_empty_space height=\u00a0\u00bb40px\u00a0\u00bb][vc_custom_heading text=\u00a0\u00bbSOLAR Stand-in Processing \u2014 Disponibilit\u00e9 maximale de votre syst\u00e8me de traitement\u00a0\u00bb font_container=\u00a0\u00bbtag:h1|font_size:64px|text_align:left|color:%23424D59|line_height:84px\u00a0\u00bb use_theme_fonts=\u00a0\u00bbyes\u00a0\u00bb css=\u00a0\u00bb.vc_custom_1749549699021{margin-bottom: 0px !important;margin-left: -5px !important;}\u00a0\u00bb el_class=\u00a0\u00bbheading-big\u00a0\u00bb][vc_empty_space height=\u00a0\u00bb25px\u00a0\u00bb][vc_custom_heading text=\u00a0\u00bbLe secteur des paiements met de plus en plus de pression sur les infrastructures de paiement pour qu\u2019elles maintiennent un niveau \u00e9lev\u00e9 de tol\u00e9rance aux pannes. &#8230; <a title=\"SOLAR Stand-in Processing\" class=\"read-more\" href=\"https:\/\/solanteq.com\/fr\/solar-stand-in-processing\/\" aria-label=\"En savoir plus sur SOLAR Stand-in Processing\">Read more<\/a><\/p>\n","protected":false},"author":3,"featured_media":0,"parent":0,"menu_order":0,"comment_status":"closed","ping_status":"closed","template":"","meta":{"footnotes":""},"class_list":["post-990","page","type-page","status-publish"],"_links":{"self":[{"href":"https:\/\/solanteq.com\/fr\/wp-json\/wp\/v2\/pages\/990","targetHints":{"allow":["GET"]}}],"collection":[{"href":"https:\/\/solanteq.com\/fr\/wp-json\/wp\/v2\/pages"}],"about":[{"href":"https:\/\/solanteq.com\/fr\/wp-json\/wp\/v2\/types\/page"}],"author":[{"embeddable":true,"href":"https:\/\/solanteq.com\/fr\/wp-json\/wp\/v2\/users\/3"}],"replies":[{"embeddable":true,"href":"https:\/\/solanteq.com\/fr\/wp-json\/wp\/v2\/comments?post=990"}],"version-history":[{"count":5,"href":"https:\/\/solanteq.com\/fr\/wp-json\/wp\/v2\/pages\/990\/revisions"}],"predecessor-version":[{"id":1637,"href":"https:\/\/solanteq.com\/fr\/wp-json\/wp\/v2\/pages\/990\/revisions\/1637"}],"wp:attachment":[{"href":"https:\/\/solanteq.com\/fr\/wp-json\/wp\/v2\/media?parent=990"}],"curies":[{"name":"wp","href":"https:\/\/api.w.org\/{rel}","templated":true}]}}