{"id":992,"date":"2025-06-05T12:55:07","date_gmt":"2025-06-05T12:55:07","guid":{"rendered":"https:\/\/solanteq.web-design.ee\/solar-mobile\/"},"modified":"2025-06-12T11:37:15","modified_gmt":"2025-06-12T11:37:15","slug":"solar-mobile","status":"publish","type":"page","link":"https:\/\/solanteq.com\/fr\/solar-mobile\/","title":{"rendered":"SOLAR Mobile"},"content":{"rendered":"<div class=\"wpb-content-wrapper\"><p>[vc_row][vc_column][vc_raw_html css=\u00a0\u00bb.vc_custom_1749542721471{margin-bottom: 0px !important;}\u00a0\u00bb el_class=\u00a0\u00bbbreadcrumbs\u00a0\u00bb]JTNDYSUyMGhyZWYlM0QlMjIlMkYlMjIlM0VIb21lJTNDJTJGYSUzRSUyMCU3QyUyMFByb2R1aXRzJTIwJTdDJTIwJTNDc3BhbiUzRVNPTEFSJTIwTW9iaWxlJTNDJTJGc3BhbiUzRQ==[\/vc_raw_html][\/vc_column][\/vc_row][vc_row css=\u00a0\u00bb.vc_custom_1747922304231{border-color: #FF0000 !important;}\u00a0\u00bb][vc_column][vc_empty_space height=\u00a0\u00bb40px\u00a0\u00bb][vc_custom_heading text=\u00a0\u00bb<b>SOLAR<\/b> Mobile \u2014 Vos canaux modernes de service \u00e0 la client\u00e8le \u00e0 distance\u00a0\u00bb font_container=\u00a0\u00bbtag:h1|font_size:64px|text_align:left|color:%23424D59|line_height:84px\u00a0\u00bb use_theme_fonts=\u00a0\u00bbyes\u00a0\u00bb css=\u00a0\u00bb.vc_custom_1749542729591{margin-bottom: 0px !important;margin-left: -5px !important;}\u00a0\u00bb el_class=\u00a0\u00bbheading-big\u00a0\u00bb][vc_empty_space height=\u00a0\u00bb25px\u00a0\u00bb][vc_custom_heading text=\u00a0\u00bbNous sommes heureux de vous pr\u00e9senter notre produit SOLAR Mobile, un outil permettant de cr\u00e9er des applications bancaires innovantes qui offrent la meilleure exp\u00e9rience bancaire possible aux clients.\u00a0\u00bb font_container=\u00a0\u00bbtag:p|font_size:20px|text_align:left|color:%23424D59|line_height:28px\u00a0\u00bb use_theme_fonts=\u00a0\u00bbyes\u00a0\u00bb css=\u00a0\u00bb.vc_custom_1749542739386{margin-bottom: 0px !important;}\u00a0\u00bb el_class=\u00a0\u00bbweight-light\u00a0\u00bb][vc_empty_space height=\u00a0\u00bb50px\u00a0\u00bb][\/vc_column][\/vc_row][vc_row full_width=\u00a0\u00bbstretch_row\u00a0\u00bb css=\u00a0\u00bb.vc_custom_1748962391931{padding-top: 100px !important;padding-bottom: 100px !important;background-color: #424D59 !important;background-position: center !important;background-repeat: no-repeat !important;background-size: cover !important;}\u00a0\u00bb el_class=\u00a0\u00bbdisable-row-overflow page-under-video-block\u00a0\u00bb][vc_column][vc_empty_space height=\u00a0\u00bb20px\u00a0\u00bb][vc_custom_heading text=\u00a0\u00bbTOUTES VOS RESSOURCES DISPONIBLES SUR UN SMARTPHONE OU UN NAVIGATEUR WEB\u00a0\u00bb font_container=\u00a0\u00bbtag:h2|font_size:36px|text_align:left|color:%23FFFFFF|line_height:44px\u00a0\u00bb use_theme_fonts=\u00a0\u00bbyes\u00a0\u00bb css=\u00a0\u00bb\u00a0\u00bb el_class=\u00a0\u00bbheading-big page-bits-title\u00a0\u00bb][vc_empty_space height=\u00a0\u00bb20px\u00a0\u00bb][vc_row_inner css=\u00a0\u00bb.vc_custom_1748967280488{border-top-width: 1px !important;border-right-width: 1px !important;border-bottom-width: 1px !important;border-left-width: 1px !important;padding-top: 40px !important;padding-right: 30px !important;padding-bottom: 40px !important;padding-left: 30px !important;background-color: #515D6A !important;border-radius: 20px !important;border-color: #515D6A !important;}\u00a0\u00bb][vc_column_inner][vc_raw_html css=\u00a0\u00bb\u00a0\u00bb el_class=\u00a0\u00bbbits-of-functionality much-text bulletlist\u00a0\u00bb]QWNjJUMzJUE4cyUyMCVDMyVBMCUyMHRvdXMlMjB2b3MlMjBwcm9kdWl0cyUzQSUyMGNhcnRlcyUyQyUyMGQlQzMlQTlwJUMzJUI0dHMlMkMlMjBjb21wdGVzJTIwY291cmFudHMlMjBldCUyMGRlJTIwY3IlQzMlQTlkaXQlMkMlMjBwciVDMyVBQXRzJTJDJTIwZXRjLiUyQyUyMGF2ZWMlMjB2aXN1YWxpc2F0aW9uJTIwY29uZmlndXJhYmxlJTIwZGVzJTIwZm9uZHMlMkMlMjBkZXMlMjBzb2xkZXMlMkMlMjBkZSUyMGwlMjclQzMlQTlwYXJnbmUlMjBldCUyMGRlcyUyMHBvaW50cy4=[\/vc_raw_html][vc_raw_html css=\u00a0\u00bb\u00a0\u00bb el_class=\u00a0\u00bbbits-of-functionality much-text bulletlist\u00a0\u00bb]Q29tbWFuZGUlMjBkZSUyMG5vdXZlYXV4JTIwcHJvZHVpdHMlMjBiYW5jYWlyZXMlMjBzb3VzJTIwZm9ybWUlMjBzZW1ibGFibGUlMjAlQzMlQTAlMjBjZWx1aSUyMGRlJTIwbWFya2V0cGxhY2UlMjBhdmVjJTIwdW5lJTIwaW50ZXJmYWNlJTIwdXRpbGlzYXRldXIlMjBmbGV4aWJsZSUyMGV0JTIwZmFjaWxlJTIwJUMzJUEwJTIwcGVyc29ubmFsaXNlci4=[\/vc_raw_html][vc_raw_html css=\u00a0\u00bb\u00a0\u00bb el_class=\u00a0\u00bbbits-of-functionality much-text bulletlist\u00a0\u00bb]SW50ZXJmYWNlcyUyMGZvdXJuaWVzJTIwcG91ciUyMGNoYXF1ZSUyMHNlcnZpY2UlMjBkZSUyMHBhaWVtZW50JTJDJTIwZG9udCUyMGxlcyUyMHRyYW5zZmVydHMlMjBQMlAlMkMlMjBwYXIlMjBudW0lQzMlQTlybyUyMGRlJTIwdCVDMyVBOWwlQzMlQTlwaG9uZSUyQyUyMHBhciUyMGNvZGUlMjBRUiUyQyUyMHRyYW5zZmVydHMlMjBkZSUyMGNhcnRlJTIwJUMzJUEwJTIwY2FydGUlMkMlMjB0cmFuc2ZlcnRzJTIwZCUyN2FyZ2VudCUyMHBhciUyMGNvZGUlMjBkZSUyMHMlQzMlQTljdXJpdCVDMyVBOSUyQyUyMGNvbnZlcnNpb24lMjBkZSUyMGRldmlzZXMlMkMlMjBwYWllbWVudHMlMjBkZSUyMGZhY3R1cmVzJTIwZGVzJTIwc2VydmljZXMlMjBwdWJsaWNzJTJDJTIwcGFpZW1lbnRzJTIwYXV4JTIwcHJlc3RhdGFpcmVzJTIwZGUlMjBkaWZmJUMzJUE5cmVudHMlMjBzZXJ2aWNlcyUyQyUyMGV0Yy4=[\/vc_raw_html][vc_raw_html css=\u00a0\u00bb\u00a0\u00bb el_class=\u00a0\u00bbbits-of-functionality much-text bulletlist\u00a0\u00bb]SGlzdG9yaXF1ZSUyMGRlcyUyMHRyYW5zYWN0aW9ucyUyMGR1JTIwY2xpZW50JTIwbW9udHJhbnQlMjBsZXMlMjB0cmFuc2FjdGlvbnMlMjBlbiUyMGxpZ25lJTIwZXQlMjBob3JzJTIwbGlnbmUlMkMlMjBmaWx0ciVDMyVBOWVzJTIwcGFyJTIwZGl2ZXJzJTIwcGFyYW0lQzMlQTh0cmVzJTIwYXZlYyUyMGxlcyUyMGQlQzMlQTl0YWlscyUyMGR1JTIwY29tbWVyJUMzJUE3YW50JTIwZXQlMjBkZSUyMGxhJTIwdHJhbnNhY3Rpb24u[\/vc_raw_html][vc_raw_html css=\u00a0\u00bb\u00a0\u00bb el_class=\u00a0\u00bbbits-of-functionality much-text bulletlist\u00a0\u00bb]Rm9uY3Rpb25zJTIwUEZNJTNBJTIwc3VpdmklMjBkZXMlMjBncmFwaGlxdWVzJTIwZGUlMjBkJUMzJUE5cGVuc2VzJTJDJTIwYWpvdXQlMjBkZSUyMG5vdGVzJTIwYXV4JTIwdHJhbnNhY3Rpb25zJTJDJTIwdmlzdWFsaXNhdGlvbiUyMGRlcyUyMGZsdXglMjBkZSUyMHRyJUMzJUE5c29yZXJpZSUyMGF1dG9tYXRpcXVlcy4=[\/vc_raw_html][vc_raw_html css=\u00a0\u00bb\u00a0\u00bb el_class=\u00a0\u00bbbits-of-functionality much-text bulletlist\u00a0\u00bb]Q2hhdCUyMGF2ZWMlMjBkZXMlMjBjYXBhY2l0JUMzJUE5cyUyMGRlJTIwcGFydGFnZSUyMGRlJTIwZG9jdW1lbnRzJTIwZW50cmUlMjBsZXMlMjBtZW1icmVzJTIwZHUlMjBwZXJzb25uZWwlMjBkJTI3YXNzaXN0YW5jZSUyMGV0JTIwbGUlMjBjbGllbnQu[\/vc_raw_html][vc_raw_html css=\u00a0\u00bb\u00a0\u00bb el_class=\u00a0\u00bbbits-of-functionality much-text bulletlist\u00a0\u00bb]VXRpbGlzYXRpb24lMjBkZXMlMjBmb25jdGlvbm5hbGl0JUMzJUE5cyUyMGRlcyUyMHNtYXJ0cGhvbmVzJTNBJTIwTkZDJTIwJTI4QXBwbGUlMjBQYXklMkMlMjBTYW1zdW5nJTIwUGF5JTJDJTIwR29vZ2xlJTIwUGF5JTIwZXQlMjBhdXRyZXMlMjklMkMlMjBhcHBhcmVpbCUyMHBob3RvJTJDJTIwZyVDMyVBOW9sb2NhbGlzYXRpb24lMkMlMjBub3RpZmljYXRpb25zJTIwUFVTSC4=[\/vc_raw_html][vc_raw_html css=\u00a0\u00bb\u00a0\u00bb el_class=\u00a0\u00bbbits-of-functionality much-text bulletlist\u00a0\u00bb]SW5zY3JpcHRpb24lMjBlbiUyMGxpZ25lJTIwZGVzJTIwY2xpZW50cyUyMGV4aXN0YW50cyUyMGV0JTIwbGElMjBwb3NzaWJpbGl0JUMzJUE5JTIwZGUlMjBjb25uZWN0ZXIlMjBkZSUyMG5vdXZlYXV4JTIwdXRpbGlzYXRldXJzLg==[\/vc_raw_html][vc_raw_html css=\u00a0\u00bb\u00a0\u00bb el_class=\u00a0\u00bbbits-of-functionality much-text bulletlist\u00a0\u00bb]U2NhbiUyMGRlcyUyMGp1c3RpZmljYXRpZnMlMjBkZSUyMGNhcnRlJTIwJUMzJUEwJTIwbCUyN2FpZGUlMjBkJTI3dW4lMjBhcHBhcmVpbCUyMHBob3RvJTIwdG91dCUyMGVuJTIwZWZmZWN0dWFudCUyMGRlcyUyMHRyYW5zZmVydHMlMkMlMjBlbiUyMHV0aWxpc2FudCUyMGwlMjdPQ1IlMjBwb3VyJTIwZCVDMyVBOXRlY3RlciUyMGF1dG9tYXRpcXVlbWVudCUyMGxlcyUyMGNvZGVzJTIwZXQlMjBsZXMlMjBkb25uJUMzJUE5ZXMlMjB0ZXh0dWVsbGVzJTIwZW4lMjBsZWN0dXJlJTIwYXV0b21hdGlxdWUlMkMlMjBlbiUyMHByJUMzJUE5dHJhaXRlbWVudCUyMGRlcyUyMHBob3RvcyUyMGF2ZWMlMjBkJUMzJUE5dGVjdGlvbiUyMGF1dG9tYXRpcXVlJTIwZGVzJTIwYm9yZHMlMjBkdSUyMGRvY3VtZW50Lg==[\/vc_raw_html][vc_raw_html css=\u00a0\u00bb\u00a0\u00bb el_class=\u00a0\u00bbbits-of-functionality much-text bulletlist\u00a0\u00bb]RCVDMyVBOXRlY3Rpb24lMjBkZXMlMjB0eXBlcyUyMGRlJTIwZG9jdW1lbnRzJTIwJUMzJUEwJTIwcGFydGlyJTIwZCUyN3VuZSUyMHBob3RvJTIwcGFyJTIwYXBwcmVudGlzc2FnZSUyMGF1dG9tYXRpcXVlLg==[\/vc_raw_html][vc_raw_html css=\u00a0\u00bb\u00a0\u00bb el_class=\u00a0\u00bbbits-of-functionality much-text bulletlist\u00a0\u00bb]QWNjJUMzJUE4cyUyMGF1eCUyMGNvbnRhY3RzJTIwdCVDMyVBOWwlQzMlQTlwaG9uaXF1ZXMlMjBwZW5kYW50JTIwbGVzJTIwcGFpZW1lbnRzLg==[\/vc_raw_html][vc_raw_html css=\u00a0\u00bb\u00a0\u00bb el_class=\u00a0\u00bbbits-of-functionality much-text bulletlist\u00a0\u00bb]VGFibGVhdSUyMGRlJTIwYm9yZCUyMHBlcnNvbm5hbGlzYWJsZSUyMGJhcyVDMyVBOSUyMHN1ciUyMGRlcyUyMHdpZGdldHMu[\/vc_raw_html][vc_raw_html css=\u00a0\u00bb\u00a0\u00bb el_class=\u00a0\u00bbbits-of-functionality much-text bulletlist\u00a0\u00bb]UHJvZmlsJTIwZGUlMjBsJTI3dXRpbGlzYXRldXIlMjBldCUyMHBhcmFtJUMzJUE4dHJlcyUyMGNvbnZpdmlhdXgu[\/vc_raw_html][vc_raw_html css=\u00a0\u00bb\u00a0\u00bb el_class=\u00a0\u00bbbits-of-functionality much-text bulletlist\u00a0\u00bb]UHJpc2UlMjBlbiUyMGNoYXJnZSUyMGRlcyUyMGNhcnRlcyUyMGRlJTIwcGFpZW1lbnQlMjB2aXJ0dWVsbGVzLg==[\/vc_raw_html][vc_raw_html css=\u00a0\u00bb\u00a0\u00bb el_class=\u00a0\u00bbbits-of-functionality much-text bulletlist\u00a0\u00bb]UG9zc2liaWxpdCVDMyVBOSUyMGRlJTIwbWlzZSUyMGVuJTIwJUM1JTkzdXZyZSUyMHNvdXMlMjBsYSUyMG1hcnF1ZSUyMGR1JTIwY2xpZW50Lg==[\/vc_raw_html][vc_raw_html css=\u00a0\u00bb\u00a0\u00bb el_class=\u00a0\u00bbbits-of-functionality much-text bulletlist\u00a0\u00bb]TWF0JUMzJUE5cmllbCUyMHByb21vdGlvbm5lbCUyMHNvdXMlMjBmb3JtYXQlMjB2aWQlQzMlQTlvLg==[\/vc_raw_html][\/vc_column_inner][\/vc_row_inner][vc_empty_space height=\u00a0\u00bb40px\u00a0\u00bb][vc_custom_heading text=\u00a0\u00bbLANCEMENT ET INT\u00c9GRATION FACILES AVEC TOUT SYST\u00c8ME\u00a0\u00bb font_container=\u00a0\u00bbtag:h2|font_size:36px|text_align:left|color:%23FFFFFF|line_height:44px\u00a0\u00bb use_theme_fonts=\u00a0\u00bbyes\u00a0\u00bb css=\u00a0\u00bb\u00a0\u00bb el_class=\u00a0\u00bbheading-big page-bits-title\u00a0\u00bb][vc_empty_space height=\u00a0\u00bb20px\u00a0\u00bb][vc_row_inner css=\u00a0\u00bb.vc_custom_1748967280488{border-top-width: 1px !important;border-right-width: 1px !important;border-bottom-width: 1px !important;border-left-width: 1px !important;padding-top: 40px !important;padding-right: 30px !important;padding-bottom: 40px !important;padding-left: 30px !important;background-color: #515D6A !important;border-radius: 20px !important;border-color: #515D6A !important;}\u00a0\u00bb][vc_column_inner][vc_raw_html css=\u00a0\u00bb\u00a0\u00bb el_class=\u00a0\u00bbbits-of-functionality much-text bulletlist\u00a0\u00bb]SW5zdGFsbGF0aW9uJTJDJTIwbGFuY2VtZW50JTIwZXQlMjBpbnQlQzMlQTlncmF0aW9uJTIwZGFucyUyMHVuJTIwZCVDMyVBOWxhaSUyMGRlJTIwMiUyMCVDMyVBMCUyMDQlMjBtb2lzLg==[\/vc_raw_html][vc_raw_html css=\u00a0\u00bb\u00a0\u00bb el_class=\u00a0\u00bbbits-of-functionality much-text bulletlist\u00a0\u00bb]RmFpYmxlcyUyMGV4aWdlbmNlcyUyMG1hdCVDMyVBOXJpZWxsZXMlMjBldCUyMGNvJUMzJUJCdHMlMjBtaW5pbWVzJTIwZHUlMjBsb2dpY2llbCUyMHN5c3QlQzMlQThtZS4=[\/vc_raw_html][vc_raw_html css=\u00a0\u00bb\u00a0\u00bb el_class=\u00a0\u00bbbits-of-functionality much-text bulletlist\u00a0\u00bb]RXhwJUMzJUE5cmllbmNlJTIwZGFucyUyMGxhJTIwY3IlQzMlQTlhdGlvbiUyMGQlMjdpbnRlcmZhY2VzJTIwYXZlYyUyMGRlcyUyMGRpemFpbmVzJTIwZGUlMjBzeXN0JUMzJUE4bWVzJTIwZCUyN2luZm9ybWF0aW9uJTIwY29ubnVzLg==[\/vc_raw_html][vc_raw_html css=\u00a0\u00bb\u00a0\u00bb el_class=\u00a0\u00bbbits-of-functionality much-text bulletlist\u00a0\u00bb]SW50JUMzJUE5Z3JhdGlvbiUyMHByb2ZvbmRlJTIwYXZlYyUyMHRvdXMlMjB2b3MlMjBwcm9kdWl0cy4=[\/vc_raw_html][vc_raw_html css=\u00a0\u00bb\u00a0\u00bb el_class=\u00a0\u00bbbits-of-functionality much-text bulletlist\u00a0\u00bb]RGVzJTIwcHJvY2Vzc3VzJTIwcHIlQzMlQUF0cyUyMCVDMyVBMCUyMGwlMjdlbXBsb2klMjBldCUyMGRlcyUyMCVDMyVBOWNyYW5zJTIwcGVyc29ubmFsaXNhYmxlcy4=[\/vc_raw_html][vc_raw_html css=\u00a0\u00bb\u00a0\u00bb el_class=\u00a0\u00bbbits-of-functionality much-text bulletlist\u00a0\u00bb]SW50JUMzJUE5Z3JhdGlvbiUyMGF2ZWMlMjBTaXJpJTIwZXQlMjBBc3Npc3RhbnQlMjBQZXJzb25uZWwu[\/vc_raw_html][\/vc_column_inner][\/vc_row_inner][vc_empty_space height=\u00a0\u00bb40px\u00a0\u00bb][vc_single_image image=\u00a0\u00bb1332&Prime; img_size=\u00a0\u00bbfull\u00a0\u00bb alignment=\u00a0\u00bbcenter\u00a0\u00bb css=\u00a0\u00bb.vc_custom_1749543211899{padding-top: 20px !important;padding-right: 20px !important;padding-bottom: 20px !important;padding-left: 20px !important;background-color: #FFFFFF !important;}\u00a0\u00bb el_class=\u00a0\u00bbborder-radius20&Prime;][vc_empty_space height=\u00a0\u00bb40px\u00a0\u00bb][vc_row_inner equal_height=\u00a0\u00bbyes\u00a0\u00bb content_placement=\u00a0\u00bbmiddle\u00a0\u00bb css=\u00a0\u00bb.vc_custom_1748968639058{border-top-width: 1px !important;border-right-width: 1px !important;border-bottom-width: 1px !important;border-left-width: 1px !important;padding-top: 40px !important;padding-bottom: 40px !important;background-color: #E8432D !important;border-left-style: solid !important;border-right-style: solid !important;border-top-style: solid !important;border-bottom-style: solid !important;border-radius: 20px !important;border-color: #E8432D !important;}\u00a0\u00bb][vc_column_inner el_class=\u00a0\u00bbbenefit-icon-col\u00a0\u00bb width=\u00a0\u00bb1\/6&Prime;][vc_empty_space height=\u00a0\u00bb30px\u00a0\u00bb el_class=\u00a0\u00bbmobile-off\u00a0\u00bb][vc_icon icon_fontawesome=\u00a0\u00bbfa fa-regular fa-lightbulb\u00a0\u00bb color=\u00a0\u00bbwhite\u00a0\u00bb size=\u00a0\u00bbxl\u00a0\u00bb align=\u00a0\u00bbcenter\u00a0\u00bb css=\u00a0\u00bb\u00a0\u00bb][\/vc_column_inner][vc_column_inner el_class=\u00a0\u00bbbenefit-content-col\u00a0\u00bb width=\u00a0\u00bb5\/6&Prime; css=\u00a0\u00bb.vc_custom_1748968779705{padding-right: 50px !important;padding-left: 50px !important;}\u00a0\u00bb][vc_column_text css=\u00a0\u00bb\u00a0\u00bb]<span style=\"color: #ffffff;\">La soci\u00e9t\u00e9 Solanteq, le d\u00e9veloppeur de la plateforme SOLAR, est sp\u00e9cialis\u00e9e dans la cr\u00e9ation de composants innovants pour la mise en place de solutions de paiement et d&rsquo;applications num\u00e9riques. Les produits logiciels de SOLAR sont facilement \u00e9volutifs, s&rsquo;int\u00e8grent nativement dans les environnements cloud, offrent une r\u00e9sistance maximale aux pannes et peuvent \u00eatre fournis sous forme de conteneurs, adapt\u00e9s de mani\u00e8re flexible aux demandes des clients. La plateforme SOLAR est universelle pour le d\u00e9veloppement des activit\u00e9s de d\u00e9tail des banques et des soci\u00e9t\u00e9s de traitement.<\/span>[\/vc_column_text][\/vc_column_inner][\/vc_row_inner][vc_empty_space height=\u00a0\u00bb40px\u00a0\u00bb][vc_custom_heading text=\u00a0\u00bbEXP\u00c9RIENCE OMNICANALE\u00a0\u00bb font_container=\u00a0\u00bbtag:h2|font_size:36px|text_align:left|color:%23FFFFFF|line_height:44px\u00a0\u00bb use_theme_fonts=\u00a0\u00bbyes\u00a0\u00bb css=\u00a0\u00bb\u00a0\u00bb el_class=\u00a0\u00bbheading-big page-bits-title\u00a0\u00bb][vc_empty_space height=\u00a0\u00bb20px\u00a0\u00bb][vc_column_text css=\u00a0\u00bb\u00a0\u00bb]<span style=\"color: #ffffff;\">Vos clients b\u00e9n\u00e9ficient d\u2019une exp\u00e9rience omnicanale parfaite : ils peuvent acc\u00e9der \u00e0 toutes les options dont ils ont besoin, quand, o\u00f9 et comme ils le souhaitent. Lorsqu\u2019ils sont press\u00e9s, ils peuvent recharger leur solde via leur smartphone. Lorsqu\u2019il n\u2019est pas possible d\u2019appeler, ils peuvent bloquer une de leurs cartes par le biais du chat client. Lorsqu\u2019ils ont besoin de s\u2019asseoir et d\u2019analyser leur budget, ils peuvent consulter les informations d\u00e9taill\u00e9es de leur compte sur leur ordinateur personnel.<\/span><\/p>\n<p><span style=\"color: #ffffff;\">Ils peuvent enregistrer des mod\u00e8les de paiement et les utiliser ult\u00e9rieurement via le chat bot. Vos clients peuvent initier une demande de service en se connectant \u00e0 leur interface bancaire en ligne, puis recevoir des messages de suivi et des appels instantan\u00e9ment via leur application mobile.<\/span>[\/vc_column_text][vc_empty_space height=\u00a0\u00bb40px\u00a0\u00bb][vc_custom_heading text=\u00a0\u00bbATTIRER DE NOUVEAUX CLIENTS\u00a0\u00bb font_container=\u00a0\u00bbtag:h2|font_size:36px|text_align:left|color:%23FFFFFF|line_height:44px\u00a0\u00bb use_theme_fonts=\u00a0\u00bbyes\u00a0\u00bb css=\u00a0\u00bb\u00a0\u00bb el_class=\u00a0\u00bbheading-big page-bits-title\u00a0\u00bb][vc_empty_space height=\u00a0\u00bb20px\u00a0\u00bb][vc_column_text css=\u00a0\u00bb\u00a0\u00bb]<span style=\"color: #ffffff;\">SOLAR Mobile offre \u00e0 vos clients un acc\u00e8s coh\u00e9rent et transparent \u00e0 tous leurs produits : transactions, paiements, transferts, offres d\u2019assistance et autres options. Si vous utilisez les canaux num\u00e9riques comme moyen d\u2019attirer de nouveaux clients, SOLAR Mobile vous aidera \u00e0 engager les utilisateurs de mani\u00e8re simple, claire et rapide dans leurs interactions avec vous, leur permettant ainsi de choisir les meilleurs produits.<\/span>[\/vc_column_text][vc_empty_space height=\u00a0\u00bb40px\u00a0\u00bb][vc_custom_heading text=\u00a0\u00bbEXPLOITER LA TECHNOLOGIE MOBILE\u00a0\u00bb font_container=\u00a0\u00bbtag:h2|font_size:36px|text_align:left|color:%23FFFFFF|line_height:44px\u00a0\u00bb use_theme_fonts=\u00a0\u00bbyes\u00a0\u00bb css=\u00a0\u00bb\u00a0\u00bb el_class=\u00a0\u00bbheading-big page-bits-title\u00a0\u00bb][vc_empty_space height=\u00a0\u00bb20px\u00a0\u00bb][vc_column_text css=\u00a0\u00bb\u00a0\u00bb]<span style=\"color: #ffffff;\">Vos clients peuvent utiliser un portefeuille NFC, d\u00e9ploy\u00e9 en tant qu\u2019application autonome ou dans le cadre d\u2019une application bancaire mobile, pour effectuer des paiements sans contact (tels que Apple Pay, Samsung Pay, Google Pay), et des options bas\u00e9es sur l\u2019appareil photo d\u2019un smartphone, pour les paiements QR, pour la num\u00e9risation et l\u2019envoi de documents. SOLAR Mobile applique des fonctions de s\u00e9curit\u00e9 telles que Keychain, Java Key Store, la v\u00e9rification du serveur, l\u2019authentification biom\u00e9trique et multifactorielle des donn\u00e9es. Les notifications push rendent l\u2019envoi de SMS facultatif, mettent \u00e0 la port\u00e9e de vos clients diff\u00e9rents sc\u00e9narios d\u2019interaction et envoient des messages en r\u00e9ponse \u00e0 des \u00e9v\u00e9nements sp\u00e9cifiques.<\/span>[\/vc_column_text][vc_empty_space height=\u00a0\u00bb40px\u00a0\u00bb][vc_custom_heading text=\u00a0\u00bbMISE EN \u0152UVRE DE VOTRE STRAT\u00c9GIE DE NUM\u00c9RISATION\u00a0\u00bb font_container=\u00a0\u00bbtag:h2|font_size:36px|text_align:left|color:%23FFFFFF|line_height:44px\u00a0\u00bb use_theme_fonts=\u00a0\u00bbyes\u00a0\u00bb css=\u00a0\u00bb\u00a0\u00bb el_class=\u00a0\u00bbheading-big page-bits-title\u00a0\u00bb][vc_empty_space height=\u00a0\u00bb20px\u00a0\u00bb][vc_column_text css=\u00a0\u00bb\u00a0\u00bb]<span style=\"color: #ffffff;\">SOLAR Mobile facilite la promotion des nouvelles fonctionnalit\u00e9s de votre strat\u00e9gie de modernisation num\u00e9rique, qu\u2019il s\u2019agisse de la num\u00e9risation des processus, des nouvelles options de libre-service, de la ludification ou des paiements sans num\u00e9raire. Vous pouvez ensuite suivre le comportement de vos clients \u00e0 l\u2019aide des statistiques de leurs applications, afin de mesurer pr\u00e9cis\u00e9ment l\u2019efficacit\u00e9 de la commercialisation des nouvelles fonctionnalit\u00e9s.<\/span>[\/vc_column_text][vc_empty_space height=\u00a0\u00bb40px\u00a0\u00bb][vc_custom_heading text=\u00a0\u00bbPERSONNALISABLE POUR VOTRE ENTREPRISE\u00a0\u00bb font_container=\u00a0\u00bbtag:h2|font_size:36px|text_align:left|color:%23FFFFFF|line_height:44px\u00a0\u00bb use_theme_fonts=\u00a0\u00bbyes\u00a0\u00bb css=\u00a0\u00bb\u00a0\u00bb el_class=\u00a0\u00bbheading-big page-bits-title\u00a0\u00bb][vc_empty_space height=\u00a0\u00bb20px\u00a0\u00bb][vc_column_text css=\u00a0\u00bb\u00a0\u00bb]<span style=\"color: #ffffff;\">Vous pouvez facilement configurer les fonctionnalit\u00e9s disponibles, choisir les plans tarifaires applicables et les niveaux de commission, personnaliser les processus et les \u00e9crans pour chaque canal individuellement, afin de les adapter \u00e0 votre client\u00e8le et \u00e0 vos processus.<\/span>[\/vc_column_text][vc_empty_space height=\u00a0\u00bb40px\u00a0\u00bb][vc_custom_heading text=\u00a0\u00bbUN SOUTIEN FIABLE\u00a0\u00bb font_container=\u00a0\u00bbtag:h2|font_size:36px|text_align:left|color:%23FFFFFF|line_height:44px\u00a0\u00bb use_theme_fonts=\u00a0\u00bbyes\u00a0\u00bb css=\u00a0\u00bb\u00a0\u00bb el_class=\u00a0\u00bbheading-big page-bits-title\u00a0\u00bb][vc_empty_space height=\u00a0\u00bb20px\u00a0\u00bb][vc_column_text css=\u00a0\u00bb\u00a0\u00bb]<span style=\"color: #ffffff;\">La fiabilit\u00e9 de la plate-forme SOLAR signifie que la plupart des situations peuvent \u00eatre r\u00e9solues en consultant la documentation d\u00e9taill\u00e9e du produit. Mais si vous avez besoin d\u2019aide, notre \u00e9quipe d\u2019assistance 24 heures sur 24 est pr\u00eate \u00e0 vous aider et \u00e0 vous conseiller sur n\u2019importe quel probl\u00e8me.<\/span>[\/vc_column_text][vc_empty_space height=\u00a0\u00bb20px\u00a0\u00bb][\/vc_column][\/vc_row][vc_row full_width=\u00a0\u00bbstretch_row\u00a0\u00bb equal_height=\u00a0\u00bbyes\u00a0\u00bb content_placement=\u00a0\u00bbmiddle\u00a0\u00bb css=\u00a0\u00bb.vc_custom_1748969789929{margin-bottom: -40px !important;padding-top: 30px !important;padding-bottom: 30px !important;background-color: #E8432D !important;}\u00a0\u00bb][vc_column width=\u00a0\u00bb1\/6&Prime; css=\u00a0\u00bb.vc_custom_1748443670093{border-color: #FFFFFF !important;}\u00a0\u00bb el_class=\u00a0\u00bbbenefit-icon-col\u00a0\u00bb][vc_empty_space height=\u00a0\u00bb30px\u00a0\u00bb el_class=\u00a0\u00bbmobile-off\u00a0\u00bb][vc_icon icon_fontawesome=\u00a0\u00bbfa fa-regular fa-envelope-open\u00a0\u00bb color=\u00a0\u00bbwhite\u00a0\u00bb size=\u00a0\u00bbxl\u00a0\u00bb align=\u00a0\u00bbcenter\u00a0\u00bb css=\u00a0\u00bb\u00a0\u00bb][\/vc_column][vc_column width=\u00a0\u00bb5\/6&Prime; el_class=\u00a0\u00bbbenefit-content-col\u00a0\u00bb][vc_custom_heading text=\u00a0\u00bbNous sommes certains que SOLAR Mobile deviendra votre alli\u00e9 dans la cr\u00e9ation de produits num\u00e9riques de pointe pour vos besoins bancaires en ligne.\u00a0\u00bb font_container=\u00a0\u00bbtag:h3|font_size:32px|text_align:left|color:%23FFFFFF|line_height:34px\u00a0\u00bb use_theme_fonts=\u00a0\u00bbyes\u00a0\u00bb css=\u00a0\u00bb.vc_custom_1749543549995{margin-bottom: 10px !important;}\u00a0\u00bb el_class=\u00a0\u00bbweight-regular\u00a0\u00bb][vc_custom_heading text=\u00a0\u00bbContactez-nous, nous serons heureux d&rsquo;organiser une d\u00e9monstration et de r\u00e9pondre en d\u00e9tail \u00e0 toutes vos questions.\u00a0\u00bb font_container=\u00a0\u00bbtag:p|font_size:20px|text_align:left|color:%23FFFFFF|line_height:28px\u00a0\u00bb use_theme_fonts=\u00a0\u00bbyes\u00a0\u00bb css=\u00a0\u00bb.vc_custom_1749543565110{margin-bottom: 10px !important;}\u00a0\u00bb][vc_empty_space height=\u00a0\u00bb30px\u00a0\u00bb][vc_btn title=\u00a0\u00bbContact\u00a0\u00bb style=\u00a0\u00bbcustom\u00a0\u00bb custom_background=\u00a0\u00bb#E8432D\u00a0\u00bb custom_text=\u00a0\u00bb#FFFFFF\u00a0\u00bb shape=\u00a0\u00bbround\u00a0\u00bb size=\u00a0\u00bblg\u00a0\u00bb align=\u00a0\u00bbleft\u00a0\u00bb css=\u00a0\u00bb.vc_custom_1749728234310{margin-bottom: 0px !important;border-color: #FFFFFF !important;}\u00a0\u00bb link=\u00a0\u00bburl:%23&Prime; el_class=\u00a0\u00bbbutton-red-bg popmake-1552&Prime;][\/vc_column][\/vc_row]<\/p>\n<\/div>","protected":false},"excerpt":{"rendered":"<p>[vc_row][vc_column][vc_raw_html css=\u00a0\u00bb.vc_custom_1749542721471{margin-bottom: 0px !important;}\u00a0\u00bb el_class=\u00a0\u00bbbreadcrumbs\u00a0\u00bb]JTNDYSUyMGhyZWYlM0QlMjIlMkYlMjIlM0VIb21lJTNDJTJGYSUzRSUyMCU3QyUyMFByb2R1aXRzJTIwJTdDJTIwJTNDc3BhbiUzRVNPTEFSJTIwTW9iaWxlJTNDJTJGc3BhbiUzRQ==[\/vc_raw_html][\/vc_column][\/vc_row][vc_row css=\u00a0\u00bb.vc_custom_1747922304231{border-color: #FF0000 !important;}\u00a0\u00bb][vc_column][vc_empty_space height=\u00a0\u00bb40px\u00a0\u00bb][vc_custom_heading text=\u00a0\u00bbSOLAR Mobile \u2014 Vos canaux modernes de service \u00e0 la client\u00e8le \u00e0 distance\u00a0\u00bb font_container=\u00a0\u00bbtag:h1|font_size:64px|text_align:left|color:%23424D59|line_height:84px\u00a0\u00bb use_theme_fonts=\u00a0\u00bbyes\u00a0\u00bb css=\u00a0\u00bb.vc_custom_1749542729591{margin-bottom: 0px !important;margin-left: -5px !important;}\u00a0\u00bb el_class=\u00a0\u00bbheading-big\u00a0\u00bb][vc_empty_space height=\u00a0\u00bb25px\u00a0\u00bb][vc_custom_heading text=\u00a0\u00bbNous sommes heureux de vous pr\u00e9senter notre produit SOLAR Mobile, un outil permettant de cr\u00e9er des applications bancaires innovantes qui offrent la meilleure exp\u00e9rience &#8230; <a title=\"SOLAR Mobile\" class=\"read-more\" href=\"https:\/\/solanteq.com\/fr\/solar-mobile\/\" aria-label=\"En savoir plus sur SOLAR Mobile\">Read more<\/a><\/p>\n","protected":false},"author":3,"featured_media":0,"parent":0,"menu_order":0,"comment_status":"closed","ping_status":"closed","template":"","meta":{"footnotes":""},"class_list":["post-992","page","type-page","status-publish"],"_links":{"self":[{"href":"https:\/\/solanteq.com\/fr\/wp-json\/wp\/v2\/pages\/992","targetHints":{"allow":["GET"]}}],"collection":[{"href":"https:\/\/solanteq.com\/fr\/wp-json\/wp\/v2\/pages"}],"about":[{"href":"https:\/\/solanteq.com\/fr\/wp-json\/wp\/v2\/types\/page"}],"author":[{"embeddable":true,"href":"https:\/\/solanteq.com\/fr\/wp-json\/wp\/v2\/users\/3"}],"replies":[{"embeddable":true,"href":"https:\/\/solanteq.com\/fr\/wp-json\/wp\/v2\/comments?post=992"}],"version-history":[{"count":2,"href":"https:\/\/solanteq.com\/fr\/wp-json\/wp\/v2\/pages\/992\/revisions"}],"predecessor-version":[{"id":1634,"href":"https:\/\/solanteq.com\/fr\/wp-json\/wp\/v2\/pages\/992\/revisions\/1634"}],"wp:attachment":[{"href":"https:\/\/solanteq.com\/fr\/wp-json\/wp\/v2\/media?parent=992"}],"curies":[{"name":"wp","href":"https:\/\/api.w.org\/{rel}","templated":true}]}}