{"id":994,"date":"2025-06-05T12:37:34","date_gmt":"2025-06-05T12:37:34","guid":{"rendered":"https:\/\/solanteq.web-design.ee\/solar-payment-hub\/"},"modified":"2025-06-12T11:37:29","modified_gmt":"2025-06-12T11:37:29","slug":"solar-payment-hub","status":"publish","type":"page","link":"https:\/\/solanteq.com\/fr\/solar-payment-hub\/","title":{"rendered":"SOLAR Payment Hub"},"content":{"rendered":"<div class=\"wpb-content-wrapper\"><p>[vc_row][vc_column][vc_raw_html css=\u00a0\u00bb.vc_custom_1749551921143{margin-bottom: 0px !important;}\u00a0\u00bb el_class=\u00a0\u00bbbreadcrumbs\u00a0\u00bb]JTNDYSUyMGhyZWYlM0QlMjIlMkYlMjIlM0VIb21lJTNDJTJGYSUzRSUyMCU3QyUyMFByb2R1aXRzJTIwJTdDJTIwJTNDc3BhbiUzRVNPTEFSJTIwUGF5bWVudCUyMEh1YiUzQyUyRnNwYW4lM0U=[\/vc_raw_html][\/vc_column][\/vc_row][vc_row css=\u00a0\u00bb.vc_custom_1747922304231{border-color: #FF0000 !important;}\u00a0\u00bb][vc_column][vc_empty_space height=\u00a0\u00bb40px\u00a0\u00bb][vc_custom_heading text=\u00a0\u00bb<b>SOLAR<\/b> Payment Hub \u2014 Un syst\u00e8me puissant pour les op\u00e9rations de paiement\u00a0\u00bb font_container=\u00a0\u00bbtag:h1|font_size:64px|text_align:left|color:%23424D59|line_height:84px\u00a0\u00bb use_theme_fonts=\u00a0\u00bbyes\u00a0\u00bb css=\u00a0\u00bb.vc_custom_1749551934339{margin-bottom: 0px !important;margin-left: -5px !important;}\u00a0\u00bb el_class=\u00a0\u00bbheading-big\u00a0\u00bb][vc_empty_space height=\u00a0\u00bb25px\u00a0\u00bb][vc_custom_heading text=\u00a0\u00bbSOLAR Payment Hub \u2014 solution logicielle universelle, con\u00e7ue pour les transactions de paiement en plusieurs \u00e9tapes. Le syst\u00e8me est convivial et fiable dans son fonctionnement, facile \u00e0 configurer et \u00e0 int\u00e9grer avec des syst\u00e8mes tiers, il offre une grande vitesse et une tol\u00e9rance aux pannes lors des transactions.\u00a0\u00bb font_container=\u00a0\u00bbtag:p|font_size:20px|text_align:left|color:%23424D59|line_height:28px\u00a0\u00bb use_theme_fonts=\u00a0\u00bbyes\u00a0\u00bb css=\u00a0\u00bb.vc_custom_1749551945792{margin-bottom: 0px !important;}\u00a0\u00bb el_class=\u00a0\u00bbweight-light\u00a0\u00bb][vc_empty_space height=\u00a0\u00bb50px\u00a0\u00bb][\/vc_column][\/vc_row][vc_row full_width=\u00a0\u00bbstretch_row\u00a0\u00bb css=\u00a0\u00bb.vc_custom_1748962391931{padding-top: 100px !important;padding-bottom: 100px !important;background-color: #424D59 !important;background-position: center !important;background-repeat: no-repeat !important;background-size: cover !important;}\u00a0\u00bb el_class=\u00a0\u00bbdisable-row-overflow page-under-video-block\u00a0\u00bb][vc_column][vc_custom_heading text=\u00a0\u00bbCAPACIT\u00c9S FONCTIONNELLES ET OP\u00c9RATIONNELLES COMPL\u00c8TES\u00a0\u00bb font_container=\u00a0\u00bbtag:h2|font_size:36px|text_align:left|color:%23FFFFFF|line_height:44px\u00a0\u00bb use_theme_fonts=\u00a0\u00bbyes\u00a0\u00bb css=\u00a0\u00bb\u00a0\u00bb el_class=\u00a0\u00bbheading-big page-bits-title\u00a0\u00bb][vc_empty_space height=\u00a0\u00bb20px\u00a0\u00bb][vc_row_inner css=\u00a0\u00bb.vc_custom_1748967280488{border-top-width: 1px !important;border-right-width: 1px !important;border-bottom-width: 1px !important;border-left-width: 1px !important;padding-top: 40px !important;padding-right: 30px !important;padding-bottom: 40px !important;padding-left: 30px !important;background-color: #515D6A !important;border-radius: 20px !important;border-color: #515D6A !important;}\u00a0\u00bb][vc_column_inner][vc_raw_html css=\u00a0\u00bb\u00a0\u00bb el_class=\u00a0\u00bbbits-of-functionality much-text bulletlist\u00a0\u00bb]UGFpZW1lbnRzJTJDJTIwdHJhbnNmZXJ0cyUyQyUyMGFjaGF0cyUzQSUzQ2JyJTNFJTBEJTBBLSUyMHRyYWl0ZW1lbnQlMjBkZXMlMjBkZW1hbmRlcyUyMGQlMjdvcCVDMyVBOXJhdGlvbnMlMjByZSVDMyVBN3VlcyUyMGRlJTIwc3lzdCVDMyVBOG1lcyUyMGV4dGVybmVzJTJDJTNDYnIlM0UlMEQlMEEtJTIwZyVDMyVBOW4lQzMlQTlyYXRpb24lMjBkZSUyMGRvbm4lQzMlQTllcyUyMGRlJTIwdHJhbnNhY3Rpb24lMjBzdXBwbCVDMyVBOW1lbnRhaXJlcyUyQyUzQ2JyJTNFJTBEJTBBLSUyMHNhdXZlZ2FyZGUlMjBkZXMlMjBkb25uJUMzJUE5ZXMlMjBkZSUyMHRyYW5zYWN0aW9uJTIwZW50cmFudGVzJTJDJTNDYnIlM0UlMEQlMEEtJTIwdHJhbnNmZXJ0JTIwZGVzJTIwZG9ubiVDMyVBOWVzJTIwZCUyN29wJUMzJUE5cmF0aW9ucyUyMHBvdXIlMjB0cmFpdGVtZW50JTIwdWx0JUMzJUE5cmlldXIlMjBkYW5zJTIwZCUyN2F1dHJlcyUyMHN5c3QlQzMlQThtZXMu[\/vc_raw_html][vc_raw_html css=\u00a0\u00bb\u00a0\u00bb el_class=\u00a0\u00bbbits-of-functionality much-text bulletlist\u00a0\u00bb]Q29uc29saWRhdGlvbiUyMGRlJTIwdG91cyUyMGxlcyUyMCVDMyVBOWwlQzMlQTltZW50cyUyMGRlJTIwdHJhbnNhY3Rpb24lMjB0cmFpdCVDMyVBOXMlMjBwYXIlMjBkaWZmJUMzJUE5cmVudHMlMjBzeXN0JUMzJUE4bWVzJTIwZW4lMjB1bmUlMjBzZXVsZSUyMG9wJUMzJUE5cmF0aW9uJTIwY29tbWVyY2lhbGUu[\/vc_raw_html][vc_raw_html css=\u00a0\u00bb\u00a0\u00bb el_class=\u00a0\u00bbbits-of-functionality much-text bulletlist\u00a0\u00bb]UG9zc2liaWxpdCVDMyVBOSUyMGQlMjdhbm51bGVyJTIwZGVzJTIwb3AlQzMlQTlyYXRpb25zLg==[\/vc_raw_html][vc_raw_html css=\u00a0\u00bb\u00a0\u00bb el_class=\u00a0\u00bbbits-of-functionality much-text bulletlist\u00a0\u00bb]U291dGllbiUyMGRlJTIwbCUyN2F1dGhlbnRpZmljYXRpb24lMjBtdXR1ZWxsZSUyQyUyMHByb3RvY29sZSUyMDNELVNlY3VyZSUyMHF1aSUyMGF1Z21lbnRlJTIwbGUlMjBuaXZlYXUlMjBkZSUyMHMlQzMlQTljdXJpdCVDMyVBOSUyMGRlcyUyMHNlcnZpY2VzJTIwZGUlMjB0cmFuc2FjdGlvbiUyMHBhciUyMGNhcnRlJTIwZW4lMjBsaWduZS4=[\/vc_raw_html][vc_raw_html css=\u00a0\u00bb\u00a0\u00bb el_class=\u00a0\u00bbbits-of-functionality much-text bulletlist\u00a0\u00bb]QXV0aGVudGlmaWNhdGlvbiUyMGRlJTIwbCUyN3V0aWxpc2F0ZXVyJTIwcGFyJTIwc2lnbmF0dXJlJTIwJUMzJUE5bGVjdHJvbmlxdWUlMkMlMjBzeXN0JUMzJUE4bWUlMjBkZSUyMHRva2VuaXNhdGlvbiUyMHBvdXIlMjBwcm90JUMzJUE5Z2VyJTIwbGVzJTIwcGFpZW1lbnRzJTIwJUMzJUE5bGVjdHJvbmlxdWVzLg==[\/vc_raw_html][vc_raw_html css=\u00a0\u00bb\u00a0\u00bb el_class=\u00a0\u00bbbits-of-functionality much-text bulletlist\u00a0\u00bb]QW5hbHlzZSUyMGV0JTIwdGFyaWZpY2F0aW9uJTIwZHluYW1pcXVlJTIwZGVzJTIwb3AlQzMlQTlyYXRpb25zJTIwbG9yc3F1JTI3ZWxsZXMlMjBzb250JTIwY29tYmluJUMzJUE5ZXMlMjAlQzMlQTAlMjBub3RyZSUyMHNvbHV0aW9uJTIwU09MQVIlMjBEeW5hbWljJTIwUHJpY2luZy4=[\/vc_raw_html][vc_raw_html css=\u00a0\u00bb\u00a0\u00bb el_class=\u00a0\u00bbbits-of-functionality much-text bulletlist\u00a0\u00bb]RW52b2llJTIwZGVzJTIwbm90aWZpY2F0aW9ucyUyMHBhciUyMGwlMjdpbnRlcm0lQzMlQTlkaWFpcmUlMjBkdSUyMFNPTEFSJTIwTm90aWZpY2F0aW9uJTIwTW9kdWxlJTJDJTIwcXVpJTIwZyVDMyVBOW4lQzMlQThyZSUyMGRlcyUyMG5vdGlmaWNhdGlvbnMlMjBzZWxvbiUyMGRlcyUyMG1vZCVDMyVBOGxlcyUyMHNwJUMzJUE5Y2lmaSVDMyVBOXMlMkMlMjBzdXIlMjBsYSUyMGJhc2UlMjBkZXMlMjBkb25uJUMzJUE5ZXMlMjBmb3Vybmllcy4=[\/vc_raw_html][vc_raw_html css=\u00a0\u00bb\u00a0\u00bb el_class=\u00a0\u00bbbits-of-functionality much-text bulletlist\u00a0\u00bb]QXNzdXJhbmNlJTIwZCUyN3VuJTIwcmVwb3J0aW5nJTIwciVDMyVBOWd1bGllciUyMGJhcyVDMyVBOSUyMHN1ciUyMGxlcyUyMGRvbm4lQzMlQTllcyUyMGRlJTIwdm9zJTIwZGlmZiVDMyVBOXJlbnRzJTIwc3lzdCVDMyVBOG1lcyUyMGQlMjdpbmZvcm1hdGlvbiUyMC0lMjBlbiUyMGNvbWJpbmFpc29uJTIwYXZlYyUyMGxlJTIwc291cy1zeXN0JUMzJUE4bWUlMjBTT0xBUiUyMFJlcG9ydGluZy4=[\/vc_raw_html][vc_raw_html css=\u00a0\u00bb\u00a0\u00bb el_class=\u00a0\u00bbbits-of-functionality much-text bulletlist\u00a0\u00bb]T3B0aW9ucyUyMGRlJTIwdHJhaXRlbWVudCUyMGRlcyUyMHBhaWVtZW50cyUyMGVuJTIwbGlnbmUlMjBldCUyMGRpZmYlQzMlQTlyJUMzJUE5cy4=[\/vc_raw_html][\/vc_column_inner][\/vc_row_inner][vc_empty_space height=\u00a0\u00bb40px\u00a0\u00bb][vc_custom_heading text=\u00a0\u00bbDES OPTIONS D\u2019INT\u00c9GRATION ILLIMIT\u00c9ES\u00a0\u00bb font_container=\u00a0\u00bbtag:h2|font_size:36px|text_align:left|color:%23FFFFFF|line_height:44px\u00a0\u00bb use_theme_fonts=\u00a0\u00bbyes\u00a0\u00bb css=\u00a0\u00bb\u00a0\u00bb el_class=\u00a0\u00bbheading-big page-bits-title\u00a0\u00bb][vc_empty_space height=\u00a0\u00bb20px\u00a0\u00bb][vc_column_text css=\u00a0\u00bb\u00a0\u00bb]<span style=\"color: #ffffff;\">Une demande d\u2019op\u00e9ration peut \u00eatre envoy\u00e9e via des interfaces standards flexibles con\u00e7ues pour interagir avec les applications de la plateforme SOLAR et les composants externes en utilisant les services Web fournis ou d\u2019autres protocoles. Le cas typique est une connexion \u00e0 l\u2019application SOLAR Switch, qui enregistre, achemine et convertit les messages. Comme le monde des paiements est en constante \u00e9volution, notre soci\u00e9t\u00e9 a pr\u00e9vu la possibilit\u00e9 d\u2019\u00e9tendre la solution avec de nouveaux connecteurs, qui jouent le r\u00f4le de liens entre SOLAR Payment Hub et divers syst\u00e8mes.<\/span><\/p>\n<p><span style=\"color: #ffffff;\">Par exemple, SOLAR Mobile deviendra un excellent compl\u00e9ment qui offre la possibilit\u00e9 de cr\u00e9er de nouvelles applications pour le service client \u00e0 distance. Toutes les fonctionnalit\u00e9s de vos syst\u00e8mes d\u2019information seront \u00e0 la disposition des clients sur un smartphone ou un navigateur web.<\/span>[\/vc_column_text][vc_empty_space height=\u00a0\u00bb40px\u00a0\u00bb][vc_single_image image=\u00a0\u00bb1370&Prime; img_size=\u00a0\u00bbfull\u00a0\u00bb alignment=\u00a0\u00bbcenter\u00a0\u00bb css=\u00a0\u00bb.vc_custom_1749552752839{padding-top: 20px !important;padding-right: 20px !important;padding-bottom: 20px !important;padding-left: 20px !important;background-color: #FFFFFF !important;}\u00a0\u00bb el_class=\u00a0\u00bbborder-radius20&Prime;][vc_empty_space height=\u00a0\u00bb40px\u00a0\u00bb][vc_row_inner equal_height=\u00a0\u00bbyes\u00a0\u00bb content_placement=\u00a0\u00bbmiddle\u00a0\u00bb css=\u00a0\u00bb.vc_custom_1748968639058{border-top-width: 1px !important;border-right-width: 1px !important;border-bottom-width: 1px !important;border-left-width: 1px !important;padding-top: 40px !important;padding-bottom: 40px !important;background-color: #E8432D !important;border-left-style: solid !important;border-right-style: solid !important;border-top-style: solid !important;border-bottom-style: solid !important;border-radius: 20px !important;border-color: #E8432D !important;}\u00a0\u00bb][vc_column_inner el_class=\u00a0\u00bbbenefit-icon-col\u00a0\u00bb width=\u00a0\u00bb1\/6&Prime;][vc_empty_space height=\u00a0\u00bb30px\u00a0\u00bb el_class=\u00a0\u00bbmobile-off\u00a0\u00bb][vc_icon icon_fontawesome=\u00a0\u00bbfa fa-regular fa-lightbulb\u00a0\u00bb color=\u00a0\u00bbwhite\u00a0\u00bb size=\u00a0\u00bbxl\u00a0\u00bb align=\u00a0\u00bbcenter\u00a0\u00bb css=\u00a0\u00bb\u00a0\u00bb][\/vc_column_inner][vc_column_inner el_class=\u00a0\u00bbbenefit-content-col\u00a0\u00bb width=\u00a0\u00bb5\/6&Prime; css=\u00a0\u00bb.vc_custom_1748968779705{padding-right: 50px !important;padding-left: 50px !important;}\u00a0\u00bb][vc_column_text css=\u00a0\u00bb\u00a0\u00bb]<span style=\"color: #ffffff;\">La soci\u00e9t\u00e9 Solanteq, le d\u00e9veloppeur de la plateforme SOLAR, est sp\u00e9cialis\u00e9e dans la cr\u00e9ation de composants innovants pour la mise en place de solutions de paiement et d&rsquo;applications num\u00e9riques. Les produits logiciels de SOLAR sont facilement \u00e9volutifs, s&rsquo;int\u00e8grent nativement dans les environnements cloud, offrent une r\u00e9sistance maximale aux pannes et peuvent \u00eatre fournis sous forme de conteneurs, adapt\u00e9s de mani\u00e8re flexible aux demandes des clients. La plateforme SOLAR est universelle pour le d\u00e9veloppement des activit\u00e9s de d\u00e9tail des banques et des soci\u00e9t\u00e9s de traitement.<\/span>[\/vc_column_text][\/vc_column_inner][\/vc_row_inner][vc_empty_space height=\u00a0\u00bb40px\u00a0\u00bb][vc_custom_heading text=\u00a0\u00bbFLEXIBLE, EFFICACE\u00a0\u00bb font_container=\u00a0\u00bbtag:h2|font_size:36px|text_align:left|color:%23FFFFFF|line_height:44px\u00a0\u00bb use_theme_fonts=\u00a0\u00bbyes\u00a0\u00bb css=\u00a0\u00bb\u00a0\u00bb el_class=\u00a0\u00bbheading-big page-bits-title\u00a0\u00bb][vc_empty_space height=\u00a0\u00bb20px\u00a0\u00bb][vc_column_text css=\u00a0\u00bb\u00a0\u00bb]<span style=\"color: #ffffff;\">SOLAR Payment Hub est rapide et facile \u00e0 configurer conform\u00e9ment aux exigences des processus de l\u2019op\u00e9rateur de paiement. Il prend en charge une vari\u00e9t\u00e9 de protocoles de paiement utilis\u00e9s dans l\u2019industrie des cartes de paiement (VISA, MasterCard, UnionPay, AmEx, Diners Club, JCB), ainsi que les m\u00e9thodes de paiement alternatives.<\/span><\/p>\n<p><span style=\"color: #ffffff;\">Tous les sc\u00e9narios d\u2019op\u00e9rations sont configur\u00e9s via l\u2019interface utilisateur. Le produit est un orchestrateur unique pour tous les types de paiements.<\/span>[\/vc_column_text][vc_empty_space height=\u00a0\u00bb40px\u00a0\u00bb][vc_custom_heading text=\u00a0\u00bbUNIVERSEL\u00a0\u00bb font_container=\u00a0\u00bbtag:h2|font_size:36px|text_align:left|color:%23FFFFFF|line_height:44px\u00a0\u00bb use_theme_fonts=\u00a0\u00bbyes\u00a0\u00bb css=\u00a0\u00bb\u00a0\u00bb el_class=\u00a0\u00bbheading-big page-bits-title\u00a0\u00bb][vc_empty_space height=\u00a0\u00bb20px\u00a0\u00bb][vc_row_inner css=\u00a0\u00bb.vc_custom_1748967280488{border-top-width: 1px !important;border-right-width: 1px !important;border-bottom-width: 1px !important;border-left-width: 1px !important;padding-top: 40px !important;padding-right: 30px !important;padding-bottom: 40px !important;padding-left: 30px !important;background-color: #515D6A !important;border-radius: 20px !important;border-color: #515D6A !important;}\u00a0\u00bb][vc_column_inner][vc_raw_html css=\u00a0\u00bb\u00a0\u00bb el_class=\u00a0\u00bbbits-of-functionality much-text bulletlist\u00a0\u00bb]UGFpZW1lbnRzJTIwZHUlMjB0cmFuc3BvcnQu[\/vc_raw_html][vc_raw_html css=\u00a0\u00bb\u00a0\u00bb el_class=\u00a0\u00bbbits-of-functionality much-text bulletlist\u00a0\u00bb]UGFpZW1lbnRzJTIwZGVzJTIwc2VydmljZXMlMjBwdWJsaWNzLg==[\/vc_raw_html][vc_raw_html css=\u00a0\u00bb\u00a0\u00bb el_class=\u00a0\u00bbbits-of-functionality much-text bulletlist\u00a0\u00bb]UGFpZW1lbnRzJTIwbW9iaWxlcy4=[\/vc_raw_html][vc_raw_html css=\u00a0\u00bb\u00a0\u00bb el_class=\u00a0\u00bbbits-of-functionality much-text bulletlist\u00a0\u00bb]UGFpZW1lbnRzJTIwZGVzJTIwYmllbnMlMjBldCUyMHNlcnZpY2VzLg==[\/vc_raw_html][vc_raw_html css=\u00a0\u00bb\u00a0\u00bb el_class=\u00a0\u00bbbits-of-functionality much-text bulletlist\u00a0\u00bb]U3lzdCVDMyVBOG1lJTIwZGUlMjBwYWllbWVudCUyMHJhcGlkZS4=[\/vc_raw_html][vc_raw_html css=\u00a0\u00bb\u00a0\u00bb el_class=\u00a0\u00bbbits-of-functionality much-text bulletlist\u00a0\u00bb]VHJhbnNmZXJ0cyUyMFAyUCUyMGVudHJlJTIwY29tcHRlcyUyMGJhbmNhaXJlcy4=[\/vc_raw_html][\/vc_column_inner][\/vc_row_inner][vc_empty_space height=\u00a0\u00bb40px\u00a0\u00bb][vc_custom_heading text=\u00a0\u00bbLANCEMENT ET INT\u00c9GRATION FACILES AVEC N\u2019IMPORTE QUEL SYST\u00c8ME\u00a0\u00bb font_container=\u00a0\u00bbtag:h2|font_size:36px|text_align:left|color:%23FFFFFF|line_height:44px\u00a0\u00bb use_theme_fonts=\u00a0\u00bbyes\u00a0\u00bb css=\u00a0\u00bb\u00a0\u00bb el_class=\u00a0\u00bbheading-big page-bits-title\u00a0\u00bb][vc_empty_space height=\u00a0\u00bb20px\u00a0\u00bb][vc_row_inner css=\u00a0\u00bb.vc_custom_1748969047907{border-top-width: 1px !important;border-right-width: 1px !important;border-bottom-width: 1px !important;border-left-width: 1px !important;padding-top: 40px !important;padding-right: 30px !important;padding-bottom: 40px !important;padding-left: 30px !important;background-color: #515D6A !important;border-radius: 20px !important;border-color: #515D6A !important;}\u00a0\u00bb][vc_column_inner][vc_raw_html css=\u00a0\u00bb\u00a0\u00bb el_class=\u00a0\u00bbbits-of-functionality much-text bulletlist\u00a0\u00bb]SW5zdGFsbGF0aW9uJTJDJTIwbGFuY2VtZW50JTIwZXQlMjBpbnQlQzMlQTlncmF0aW9uJTIwZGFucyUyMHVuJTIwZCVDMyVBOWxhaSUyMGRlJTIwMiUyMCVDMyVBMCUyMDQlMjBtb2lzLg==[\/vc_raw_html][vc_raw_html css=\u00a0\u00bb\u00a0\u00bb el_class=\u00a0\u00bbbits-of-functionality much-text bulletlist\u00a0\u00bb]RmFpYmxlcyUyMGV4aWdlbmNlcyUyMG1hdCVDMyVBOXJpZWxsZXMlMjBldCUyMGNvJUMzJUJCdHMlMjBtaW5pbWVzJTIwZHUlMjBsb2dpY2llbCUyMHN5c3QlQzMlQThtZS4=[\/vc_raw_html][vc_raw_html css=\u00a0\u00bb\u00a0\u00bb el_class=\u00a0\u00bbbits-of-functionality much-text bulletlist\u00a0\u00bb]RXhwJUMzJUE5cmllbmNlJTIwZGFucyUyMGxhJTIwY3IlQzMlQTlhdGlvbiUyMGQlMjdpbnRlcmZhY2VzJTIwYXZlYyUyMGRlcyUyMGRpemFpbmVzJTIwZGUlMjBzeXN0JUMzJUE4bWVzJTIwZCUyN2luZm9ybWF0aW9uJTIwY29ubnVzLg==[\/vc_raw_html][vc_raw_html css=\u00a0\u00bb\u00a0\u00bb el_class=\u00a0\u00bbbits-of-functionality much-text bulletlist\u00a0\u00bb]UGFja3MlMjBkJTI3aW50JUMzJUE5Z3JhdGlvbiUyMHByJUMzJUFBdHMlMjAlQzMlQTAlMjBsJTI3ZW1wbG9pJTIwcGVybWV0dGFudCUyMGRlJTIwY29ubmVjdGVyJTIwZmFjaWxlbWVudCUyMGxlcyUyMHN5c3QlQzMlQThtZXMlMjBleGlzdGFudHMlMjB0ZWxzJTIwcXUlMjdpbHMlMjBzb250Lg==[\/vc_raw_html][vc_raw_html css=\u00a0\u00bb\u00a0\u00bb el_class=\u00a0\u00bbbits-of-functionality much-text bulletlist\u00a0\u00bb]Q29uZmlndXJhdGlvbnMlMjBkZSUyMGJhc2UlMjBpbnQlQzMlQTlnciVDMyVBOWVzJTIwZXQlMjBwciVDMyVBQXRlcyUyMCVDMyVBMCUyMGwlMjdlbXBsb2ku[\/vc_raw_html][\/vc_column_inner][\/vc_row_inner][vc_empty_space height=\u00a0\u00bb40px\u00a0\u00bb][vc_custom_heading text=\u00a0\u00bbS\u00c9CURIT\u00c9\u00a0\u00bb font_container=\u00a0\u00bbtag:h2|font_size:36px|text_align:left|color:%23FFFFFF|line_height:44px\u00a0\u00bb use_theme_fonts=\u00a0\u00bbyes\u00a0\u00bb css=\u00a0\u00bb\u00a0\u00bb el_class=\u00a0\u00bbheading-big page-bits-title\u00a0\u00bb][vc_empty_space height=\u00a0\u00bb20px\u00a0\u00bb][vc_column_text css=\u00a0\u00bb\u00a0\u00bb]<span style=\"color: #ffffff;\">Comme tous nos produits, SOLAR Payment Hub offre une approche progressive et int\u00e9grative de la s\u00e9curit\u00e9 et de la fiabilit\u00e9 en se concentrant sur les normes de production les plus innovantes, en utilisant l\u2019authentification mutuelle et le protocole 3D-Secure en cas de transferts entre comptes ou cartes bancaires.<\/span>[\/vc_column_text][vc_empty_space height=\u00a0\u00bb40px\u00a0\u00bb][vc_custom_heading text=\u00a0\u00bbFLUX DE PAIEMENT FLUIDE\u00a0\u00bb font_container=\u00a0\u00bbtag:h2|font_size:36px|text_align:left|color:%23FFFFFF|line_height:44px\u00a0\u00bb use_theme_fonts=\u00a0\u00bbyes\u00a0\u00bb css=\u00a0\u00bb\u00a0\u00bb el_class=\u00a0\u00bbheading-big page-bits-title\u00a0\u00bb][vc_empty_space height=\u00a0\u00bb20px\u00a0\u00bb][vc_column_text css=\u00a0\u00bb\u00a0\u00bb]<span style=\"color: #ffffff;\">Combin\u00e9 avec SOLAR SWITCH pour le routage intelligent des transactions, et avec SOLAR MPI pour la prise en charge du protocole 3D-Secure, SOLAR Payment Hub offre un service progressif dans le monde des paiements. En utilisant la riche fonctionnalit\u00e9 de ce produit et en adaptant les sc\u00e9narios potentiels aux besoins de l\u2019entreprise sp\u00e9cifique, nos clients re\u00e7oivent un syst\u00e8me de paiement \u00e9l\u00e9gant et hautement optimis\u00e9.<\/span>[\/vc_column_text][\/vc_column][\/vc_row][vc_row full_width=\u00a0\u00bbstretch_row\u00a0\u00bb equal_height=\u00a0\u00bbyes\u00a0\u00bb content_placement=\u00a0\u00bbmiddle\u00a0\u00bb css=\u00a0\u00bb.vc_custom_1748969789929{margin-bottom: -40px !important;padding-top: 30px !important;padding-bottom: 30px !important;background-color: #E8432D !important;}\u00a0\u00bb][vc_column width=\u00a0\u00bb1\/6&Prime; css=\u00a0\u00bb.vc_custom_1748443670093{border-color: #FFFFFF !important;}\u00a0\u00bb el_class=\u00a0\u00bbbenefit-icon-col\u00a0\u00bb][vc_empty_space height=\u00a0\u00bb30px\u00a0\u00bb el_class=\u00a0\u00bbmobile-off\u00a0\u00bb][vc_icon icon_fontawesome=\u00a0\u00bbfa fa-regular fa-envelope-open\u00a0\u00bb color=\u00a0\u00bbwhite\u00a0\u00bb size=\u00a0\u00bbxl\u00a0\u00bb align=\u00a0\u00bbcenter\u00a0\u00bb css=\u00a0\u00bb\u00a0\u00bb][\/vc_column][vc_column width=\u00a0\u00bb5\/6&Prime; el_class=\u00a0\u00bbbenefit-content-col\u00a0\u00bb][vc_custom_heading text=\u00a0\u00bbNous sommes convaincus que SOLAR Payment Hub soutiendra votre entreprise en tant qu&rsquo;outil efficace et innovant assurant le bon acheminement des paiements \u00e9lectroniques.\u00a0\u00bb font_container=\u00a0\u00bbtag:h3|font_size:32px|text_align:left|color:%23FFFFFF|line_height:34px\u00a0\u00bb use_theme_fonts=\u00a0\u00bbyes\u00a0\u00bb css=\u00a0\u00bb.vc_custom_1749552559822{margin-bottom: 10px !important;}\u00a0\u00bb el_class=\u00a0\u00bbweight-regular\u00a0\u00bb][vc_custom_heading text=\u00a0\u00bbContactez-nous, nous serons heureux d&rsquo;organiser une d\u00e9monstration et de r\u00e9pondre en d\u00e9tail \u00e0 toutes vos questions.\u00a0\u00bb font_container=\u00a0\u00bbtag:p|font_size:20px|text_align:left|color:%23FFFFFF|line_height:28px\u00a0\u00bb use_theme_fonts=\u00a0\u00bbyes\u00a0\u00bb css=\u00a0\u00bb.vc_custom_1749552594993{margin-bottom: 10px !important;}\u00a0\u00bb][vc_empty_space height=\u00a0\u00bb30px\u00a0\u00bb][vc_btn title=\u00a0\u00bbContact\u00a0\u00bb style=\u00a0\u00bbcustom\u00a0\u00bb custom_background=\u00a0\u00bb#E8432D\u00a0\u00bb custom_text=\u00a0\u00bb#FFFFFF\u00a0\u00bb shape=\u00a0\u00bbround\u00a0\u00bb size=\u00a0\u00bblg\u00a0\u00bb align=\u00a0\u00bbleft\u00a0\u00bb css=\u00a0\u00bb.vc_custom_1749728247722{margin-bottom: 0px !important;border-color: #FFFFFF !important;}\u00a0\u00bb link=\u00a0\u00bburl:%23&Prime; el_class=\u00a0\u00bbbutton-red-bg popmake-1552&Prime;][\/vc_column][\/vc_row]<\/p>\n<\/div>","protected":false},"excerpt":{"rendered":"<p>[vc_row][vc_column][vc_raw_html css=\u00a0\u00bb.vc_custom_1749551921143{margin-bottom: 0px !important;}\u00a0\u00bb el_class=\u00a0\u00bbbreadcrumbs\u00a0\u00bb]JTNDYSUyMGhyZWYlM0QlMjIlMkYlMjIlM0VIb21lJTNDJTJGYSUzRSUyMCU3QyUyMFByb2R1aXRzJTIwJTdDJTIwJTNDc3BhbiUzRVNPTEFSJTIwUGF5bWVudCUyMEh1YiUzQyUyRnNwYW4lM0U=[\/vc_raw_html][\/vc_column][\/vc_row][vc_row css=\u00a0\u00bb.vc_custom_1747922304231{border-color: #FF0000 !important;}\u00a0\u00bb][vc_column][vc_empty_space height=\u00a0\u00bb40px\u00a0\u00bb][vc_custom_heading text=\u00a0\u00bbSOLAR Payment Hub \u2014 Un syst\u00e8me puissant pour les op\u00e9rations de paiement\u00a0\u00bb font_container=\u00a0\u00bbtag:h1|font_size:64px|text_align:left|color:%23424D59|line_height:84px\u00a0\u00bb use_theme_fonts=\u00a0\u00bbyes\u00a0\u00bb css=\u00a0\u00bb.vc_custom_1749551934339{margin-bottom: 0px !important;margin-left: -5px !important;}\u00a0\u00bb el_class=\u00a0\u00bbheading-big\u00a0\u00bb][vc_empty_space height=\u00a0\u00bb25px\u00a0\u00bb][vc_custom_heading text=\u00a0\u00bbSOLAR Payment Hub \u2014 solution logicielle universelle, con\u00e7ue pour les transactions de paiement en plusieurs \u00e9tapes. Le syst\u00e8me est convivial et fiable dans son fonctionnement, &#8230; <a title=\"SOLAR Payment Hub\" class=\"read-more\" href=\"https:\/\/solanteq.com\/fr\/solar-payment-hub\/\" aria-label=\"En savoir plus sur SOLAR Payment Hub\">Read more<\/a><\/p>\n","protected":false},"author":3,"featured_media":0,"parent":0,"menu_order":0,"comment_status":"closed","ping_status":"closed","template":"","meta":{"footnotes":""},"class_list":["post-994","page","type-page","status-publish"],"_links":{"self":[{"href":"https:\/\/solanteq.com\/fr\/wp-json\/wp\/v2\/pages\/994","targetHints":{"allow":["GET"]}}],"collection":[{"href":"https:\/\/solanteq.com\/fr\/wp-json\/wp\/v2\/pages"}],"about":[{"href":"https:\/\/solanteq.com\/fr\/wp-json\/wp\/v2\/types\/page"}],"author":[{"embeddable":true,"href":"https:\/\/solanteq.com\/fr\/wp-json\/wp\/v2\/users\/3"}],"replies":[{"embeddable":true,"href":"https:\/\/solanteq.com\/fr\/wp-json\/wp\/v2\/comments?post=994"}],"version-history":[{"count":4,"href":"https:\/\/solanteq.com\/fr\/wp-json\/wp\/v2\/pages\/994\/revisions"}],"predecessor-version":[{"id":1635,"href":"https:\/\/solanteq.com\/fr\/wp-json\/wp\/v2\/pages\/994\/revisions\/1635"}],"wp:attachment":[{"href":"https:\/\/solanteq.com\/fr\/wp-json\/wp\/v2\/media?parent=994"}],"curies":[{"name":"wp","href":"https:\/\/api.w.org\/{rel}","templated":true}]}}