{"id":996,"date":"2025-06-05T12:23:49","date_gmt":"2025-06-05T12:23:49","guid":{"rendered":"https:\/\/solanteq.web-design.ee\/solar-installments\/"},"modified":"2025-06-12T11:36:44","modified_gmt":"2025-06-12T11:36:44","slug":"solar-installments","status":"publish","type":"page","link":"https:\/\/solanteq.com\/fr\/solar-installments\/","title":{"rendered":"SOLAR Installments"},"content":{"rendered":"<div class=\"wpb-content-wrapper\"><p>[vc_row][vc_column][vc_raw_html css=\u00a0\u00bb.vc_custom_1749539447137{margin-bottom: 0px !important;}\u00a0\u00bb el_class=\u00a0\u00bbbreadcrumbs\u00a0\u00bb]JTNDYSUyMGhyZWYlM0QlMjIlMkYlMjIlM0VIb21lJTNDJTJGYSUzRSUyMCU3QyUyMFByb2R1aXRzJTIwJTdDJTIwJTNDc3BhbiUzRVNPTEFSJTIwSW5zdGFsbG1lbnRzJTNDJTJGc3BhbiUzRQ==[\/vc_raw_html][\/vc_column][\/vc_row][vc_row css=\u00a0\u00bb.vc_custom_1747922304231{border-color: #FF0000 !important;}\u00a0\u00bb][vc_column][vc_empty_space height=\u00a0\u00bb40px\u00a0\u00bb][vc_custom_heading text=\u00a0\u00bb<b>SOLAR<\/b> Installments &#8211; Permettre aux clients de payer au fil du temps\u00a0\u00bb font_container=\u00a0\u00bbtag:h1|font_size:64px|text_align:left|color:%23424D59|line_height:84px\u00a0\u00bb use_theme_fonts=\u00a0\u00bbyes\u00a0\u00bb css=\u00a0\u00bb.vc_custom_1749539469231{margin-bottom: 0px !important;margin-left: -5px !important;}\u00a0\u00bb el_class=\u00a0\u00bbheading-big\u00a0\u00bb][vc_empty_space height=\u00a0\u00bb25px\u00a0\u00bb][vc_custom_heading text=\u00a0\u00bbSOLAR Installments \u2014 la solution logicielle pour les services de pr\u00eat d\u2019argent \u00e0 temp\u00e9rament. Permettez \u00e0 vos clients de payer leurs achats \u00e0 une date ult\u00e9rieure.\u00a0\u00bb font_container=\u00a0\u00bbtag:p|font_size:20px|text_align:left|color:%23424D59|line_height:28px\u00a0\u00bb use_theme_fonts=\u00a0\u00bbyes\u00a0\u00bb css=\u00a0\u00bb.vc_custom_1749539478984{margin-bottom: 0px !important;}\u00a0\u00bb el_class=\u00a0\u00bbweight-light\u00a0\u00bb][vc_empty_space height=\u00a0\u00bb50px\u00a0\u00bb][\/vc_column][\/vc_row][vc_row full_width=\u00a0\u00bbstretch_row\u00a0\u00bb css=\u00a0\u00bb.vc_custom_1748962391931{padding-top: 100px !important;padding-bottom: 100px !important;background-color: #424D59 !important;background-position: center !important;background-repeat: no-repeat !important;background-size: cover !important;}\u00a0\u00bb el_class=\u00a0\u00bbdisable-row-overflow page-under-video-block\u00a0\u00bb][vc_column][vc_empty_space height=\u00a0\u00bb20px\u00a0\u00bb][vc_custom_heading text=\u00a0\u00bbACHETEZ MAINTENANT, PAYEZ PLUS TARD\u00a0\u00bb font_container=\u00a0\u00bbtag:h2|font_size:36px|text_align:left|color:%23FFFFFF|line_height:44px\u00a0\u00bb use_theme_fonts=\u00a0\u00bbyes\u00a0\u00bb css=\u00a0\u00bb\u00a0\u00bb el_class=\u00a0\u00bbheading-big page-bits-title\u00a0\u00bb][vc_empty_space height=\u00a0\u00bb20px\u00a0\u00bb][vc_column_text css=\u00a0\u00bb\u00a0\u00bb]<span style=\"color: #ffffff;\">Les consommateurs recherchent des moyens flexibles et adapt\u00e9s \u00e0 leurs besoins pour faire leurs achats et payer. Les entrepreneurs souhaitent offrir aux acheteurs une solution de paiement rationalis\u00e9e qui stimule les ventes, augmente les taux de conversion et g\u00e9n\u00e8re une valeur de commande plus \u00e9lev\u00e9e.<\/span><\/p>\n<p><span style=\"color: #ffffff;\">Avec SOLAR Installments, il est facile d\u2019offrir aux clients des solutions financi\u00e8res flexibles gr\u00e2ce \u00e0 un large \u00e9ventail de m\u00e9thodes de paiement et \u00e0 un calendrier de paiement pratique. Il s\u2019agit d\u2019un module pr\u00eat \u00e0 l\u2019emploi permettant de mettre en \u0153uvre des offres de pr\u00eat ou des paiements \u00e9chelonn\u00e9s.<\/span>[\/vc_column_text][vc_empty_space height=\u00a0\u00bb40px\u00a0\u00bb][vc_custom_heading text=\u00a0\u00bbPAIEMENTS \u00c9CHELONN\u00c9S\u00a0\u00bb font_container=\u00a0\u00bbtag:h2|font_size:36px|text_align:left|color:%23FFFFFF|line_height:44px\u00a0\u00bb use_theme_fonts=\u00a0\u00bbyes\u00a0\u00bb css=\u00a0\u00bb\u00a0\u00bb el_class=\u00a0\u00bbheading-big page-bits-title\u00a0\u00bb][vc_empty_space height=\u00a0\u00bb20px\u00a0\u00bb][vc_row_inner css=\u00a0\u00bb.vc_custom_1748967280488{border-top-width: 1px !important;border-right-width: 1px !important;border-bottom-width: 1px !important;border-left-width: 1px !important;padding-top: 40px !important;padding-right: 30px !important;padding-bottom: 40px !important;padding-left: 30px !important;background-color: #515D6A !important;border-radius: 20px !important;border-color: #515D6A !important;}\u00a0\u00bb][vc_column_inner][vc_raw_html css=\u00a0\u00bb\u00a0\u00bb el_class=\u00a0\u00bbbits-of-functionality much-text bulletlist\u00a0\u00bb]UG9zc2liaWxpdCVDMyVBOSUyMGRlJTIwY29udmVydGlyJTIwbGVzJTIwYWNoYXRzJTIwZW4lMjB2ZXJzZW1lbnRzJTIwJUMzJUE5Y2hlbG9ubiVDMyVBOXMlMjAlQzMlQTAlMjBsYSUyMGRlbWFuZGUlMjBkdSUyMGNsaWVudCUyMCUyOHNlcnZpY2UlMjBkZSUyMGJhbnF1ZSUyMCVDMyVBMCUyMGRpc3RhbmNlJTJDJTIwY2FsbC1jZW50ZXIlMkMlMjBTTVMlMjku[\/vc_raw_html][vc_raw_html css=\u00a0\u00bb\u00a0\u00bb el_class=\u00a0\u00bbbits-of-functionality much-text bulletlist\u00a0\u00bb]Q29udmVyc2lvbiUyMGluc3RhbnRhbiVDMyVBOWUlMjBkZXMlMjBhY2hhdHMlMjBhdXRvbWF0aXF1ZXMlMjBlbiUyMHBhaWVtZW50cyUyMCVDMyVBOWNoZWxvbm4lQzMlQTlzLg==[\/vc_raw_html][vc_raw_html css=\u00a0\u00bb\u00a0\u00bb el_class=\u00a0\u00bbbits-of-functionality much-text bulletlist\u00a0\u00bb]UHJvZHVpdHMlMjBiYW5jYWlyZXMlMjBleGlzdGFudHMlMjBjb21iaW4lQzMlQTlzJTIwYXZlYyUyMGRlcyUyMHZlcnNlbWVudHMu[\/vc_raw_html][vc_raw_html css=\u00a0\u00bb\u00a0\u00bb el_class=\u00a0\u00bbbits-of-functionality much-text bulletlist\u00a0\u00bb]T3B0aW9ucyUyMGRlJTIwcGFpZW1lbnQlMjAlQzMlQTAlMjB0ZW1wJUMzJUE5cmFtZW50JTIwcG91ciUyMGxlcyUyMGNhcnRlcyUyMGQlQzMlQTlqJUMzJUEwJTIwJUMzJUE5bWlzZXMu[\/vc_raw_html][vc_raw_html css=\u00a0\u00bb\u00a0\u00bb el_class=\u00a0\u00bbbits-of-functionality much-text bulletlist\u00a0\u00bb]Q29udmVyc2lvbiUyMGRlcyUyMGFjaGF0cyUyMGVuJTIwdmVyc2VtZW50cyUyMCVDMyVBOWNoZWxvbm4lQzMlQTlzJTIwZW4lMjB1dGlsaXNhbnQlMjAlQzMlQTAlMjBsYSUyMGZvaXMlMjBkZXMlMjBmb25kcyUyMHByb3ByZXMlMjBldCUyMGRlcyUyMGZvbmRzJTIwZGUlMjBjciVDMyVBOWRpdC4=[\/vc_raw_html][vc_raw_html css=\u00a0\u00bb\u00a0\u00bb el_class=\u00a0\u00bbbits-of-functionality much-text bulletlist\u00a0\u00bb]TGltaXRlJTIwZHUlMjBub21icmUlMjBldCUyMGR1JTIwbW9udGFudCUyMGRlcyUyMHZlcnNlbWVudHMlMjAlQzMlQTltaXMlMjBwb3VyJTIwdW4lMjBtJUMzJUFBbWUlMjBjbGllbnQu[\/vc_raw_html][vc_raw_html css=\u00a0\u00bb\u00a0\u00bb el_class=\u00a0\u00bbbits-of-functionality much-text bulletlist\u00a0\u00bb]T3B0aW9ucyUyMGRlJTIwcmVtYm91cnNlbWVudCUyMGFudGljaXAlQzMlQTku[\/vc_raw_html][vc_raw_html css=\u00a0\u00bb\u00a0\u00bb el_class=\u00a0\u00bbbits-of-functionality much-text bulletlist\u00a0\u00bb]Tm90aWZpY2F0aW9ucyUyMHBhciUyMFNNUyUyRlB1c2glMjBwb3VyJTIwbGElMjBnZXN0aW9uJTIwZGVzJTIwdmVyc2VtZW50cyUyMGV0JTIwZGVzJTIwcmFwcGVscy4=[\/vc_raw_html][vc_raw_html css=\u00a0\u00bb\u00a0\u00bb el_class=\u00a0\u00bbbits-of-functionality much-text bulletlist\u00a0\u00bb]UG9zc2liaWxpdCVDMyVBOSUyMGRlJTIwcGFpZW1lbnRzJTIwZGlmZiVDMyVBOXIlQzMlQTlzLg==[\/vc_raw_html][vc_raw_html css=\u00a0\u00bb\u00a0\u00bb el_class=\u00a0\u00bbbits-of-functionality much-text bulletlist\u00a0\u00bb]UHJvZ3JhbW1lcyUyMGRlJTIwcGFydGVuYXJpYXQu[\/vc_raw_html][vc_raw_html css=\u00a0\u00bb\u00a0\u00bb el_class=\u00a0\u00bbbits-of-functionality much-text bulletlist\u00a0\u00bb]UG9zc2liaWxpdCVDMyVBOSUyMGQlMjdpbnQlQzMlQTlncmF0aW9uJTIwYXZlYyUyMGRlcyUyMHByb2dyYW1tZXMlMjBkZSUyMGZpZCVDMyVBOWxpdCVDMyVBOS4=[\/vc_raw_html][\/vc_column_inner][\/vc_row_inner][vc_empty_space height=\u00a0\u00bb40px\u00a0\u00bb][vc_custom_heading text=\u00a0\u00bb\u00c9CH\u00c9ANCIER DE PAIEMENTS\u00a0\u00bb font_container=\u00a0\u00bbtag:h2|font_size:36px|text_align:left|color:%23FFFFFF|line_height:44px\u00a0\u00bb use_theme_fonts=\u00a0\u00bbyes\u00a0\u00bb css=\u00a0\u00bb\u00a0\u00bb el_class=\u00a0\u00bbheading-big page-bits-title\u00a0\u00bb][vc_empty_space height=\u00a0\u00bb20px\u00a0\u00bb][vc_row_inner css=\u00a0\u00bb.vc_custom_1748967280488{border-top-width: 1px !important;border-right-width: 1px !important;border-bottom-width: 1px !important;border-left-width: 1px !important;padding-top: 40px !important;padding-right: 30px !important;padding-bottom: 40px !important;padding-left: 30px !important;background-color: #515D6A !important;border-radius: 20px !important;border-color: #515D6A !important;}\u00a0\u00bb][vc_column_inner][vc_raw_html css=\u00a0\u00bb\u00a0\u00bb el_class=\u00a0\u00bbbits-of-functionality much-text bulletlist\u00a0\u00bb]RyVDMyVBOW4lQzMlQTlyYXRpb24lMjBkJTI3dW4lMjBjYWxlbmRyaWVyJTIwZGUlMjBwYWllbWVudCUyMHBvdXIlMjBjaGFxdWUlMjB0cmFuc2FjdGlvbiUyMGNvbnZlcnRpZSUyMGVuJTIwcGFpZW1lbnQlMjAlQzMlQTljaGVsb25uJUMzJUE5Lg==[\/vc_raw_html][vc_raw_html css=\u00a0\u00bb\u00a0\u00bb el_class=\u00a0\u00bbbits-of-functionality much-text bulletlist\u00a0\u00bb]JTBEJTBBR2VzdGlvbiUyMGRlJTIwcGx1c2lldXJzJTIwJUMzJUE5Y2glQzMlQTlhbmNpZXJzJTIwcG91ciUyMHVuJTIwbSVDMyVBQW1lJTIwY2xpZW50JTIwYXZlYyUyMGRlcyUyMGNvbmRpdGlvbnMlMjBkZSUyMHBhaWVtZW50JTIwZGlmZiVDMyVBOXJlbnRlcy4=[\/vc_raw_html][vc_raw_html css=\u00a0\u00bb\u00a0\u00bb el_class=\u00a0\u00bbbits-of-functionality much-text bulletlist\u00a0\u00bb]RCVDMyVBOWZpbml0aW9uJTIwZGVzJTIwcCVDMyVBOXJpb2RlcyUyMGRlJTIwcmVtYm91cnNlbWVudCUyMGVuJTIwZm9uY3Rpb24lMjBkdSUyMG1vbnRhbnQlMjBkZSUyMGxhJTIwdHJhbnNhY3Rpb24u[\/vc_raw_html][vc_raw_html css=\u00a0\u00bb\u00a0\u00bb el_class=\u00a0\u00bbbits-of-functionality much-text bulletlist\u00a0\u00bb]UG9zc2liaWxpdCVDMyVBOSUyMGRlJTIwY2hvaXNpciUyMHVuZSUyMHAlQzMlQTlyaW9kZSUyMGRlJTIwcGFpZW1lbnQlMjAlQzMlQTljaGVsb25uJUMzJUE5Lg==[\/vc_raw_html][vc_raw_html css=\u00a0\u00bb\u00a0\u00bb el_class=\u00a0\u00bbbits-of-functionality much-text bulletlist\u00a0\u00bb]SW5jbHVzaW9uJTIwZCUyN3VuZSUyMGNvbW1pc3Npb24lMjBkJTI3JUMzJUE5bWlzc2lvbiUyMGRlcyUyMHZlcnNlbWVudHMlMjBkYW5zJTIwbCUyNyVDMyVBOWNoJUMzJUE5YW5jaWVyJTIwZGUlMjBwYWllbWVudCUyQyUyMG91JTIwdHJhaXRlbWVudCUyMGVuJTIwdGFudCUyMHF1ZSUyMGZyYWlzJTIwcyVDMyVBOXBhciVDMyVBOXMu[\/vc_raw_html][vc_raw_html css=\u00a0\u00bb\u00a0\u00bb el_class=\u00a0\u00bbbits-of-functionality much-text bulletlist\u00a0\u00bb]TSVDMyVBOXRob2RlcyUyMGRlJTIwY2FsY3VsJTIwbXVsdGlwbGVzLg==[\/vc_raw_html][\/vc_column_inner][\/vc_row_inner][vc_empty_space height=\u00a0\u00bb40px\u00a0\u00bb][vc_custom_heading text=\u00a0\u00bbPR\u00caTS\u00a0\u00bb font_container=\u00a0\u00bbtag:h2|font_size:36px|text_align:left|color:%23FFFFFF|line_height:44px\u00a0\u00bb use_theme_fonts=\u00a0\u00bbyes\u00a0\u00bb css=\u00a0\u00bb\u00a0\u00bb el_class=\u00a0\u00bbheading-big page-bits-title\u00a0\u00bb][vc_empty_space height=\u00a0\u00bb20px\u00a0\u00bb][vc_row_inner css=\u00a0\u00bb.vc_custom_1748967280488{border-top-width: 1px !important;border-right-width: 1px !important;border-bottom-width: 1px !important;border-left-width: 1px !important;padding-top: 40px !important;padding-right: 30px !important;padding-bottom: 40px !important;padding-left: 30px !important;background-color: #515D6A !important;border-radius: 20px !important;border-color: #515D6A !important;}\u00a0\u00bb][vc_column_inner][vc_raw_html css=\u00a0\u00bb\u00a0\u00bb el_class=\u00a0\u00bbbits-of-functionality much-text bulletlist\u00a0\u00bb]TWlzZSUyMGVuJTIwJUM1JTkzdXZyZSUyMGRlJTIwZGlmZiVDMyVBOXJlbnRlcyUyMG0lQzMlQTl0aG9kZXMlMjBldCUyMHIlQzMlQThnbGVzJTIwZGUlMjBnZXN0aW9uJTIwZGUlMjBsYSUyMGRldHRlLg==[\/vc_raw_html][vc_raw_html css=\u00a0\u00bb\u00a0\u00bb el_class=\u00a0\u00bbbits-of-functionality much-text bulletlist\u00a0\u00bb]RCVDMyVBOWxhaXMlMjBkZSUyMGdyJUMzJUEyY2Uu[\/vc_raw_html][vc_raw_html css=\u00a0\u00bb\u00a0\u00bb el_class=\u00a0\u00bbbits-of-functionality much-text bulletlist\u00a0\u00bb]RyVDMyVBOW4lQzMlQTlyYXRpb24lMjBkZSUyMHBhaWVtZW50cyUyMG1pbmltdW1zJTJGb2JsaWdhdG9pcmVzLg==[\/vc_raw_html][vc_raw_html css=\u00a0\u00bb\u00a0\u00bb el_class=\u00a0\u00bbbits-of-functionality much-text bulletlist\u00a0\u00bb]Q29tcHRhYmlsaXNhdGlvbiUyMGRlcyUyMHJldGFyZHMlMkMlMjBhbWVuZGVzJTJDJTIwcCVDMyVBOW5hbGl0JUMzJUE5cyUyRmludCVDMyVBOXIlQzMlQUF0cy4=[\/vc_raw_html][vc_raw_html css=\u00a0\u00bb\u00a0\u00bb el_class=\u00a0\u00bbbits-of-functionality much-text bulletlist\u00a0\u00bb]Q29uZm9ybWl0JUMzJUE5JTIwJUMzJUEwJTIwbGElMjBsJUMzJUE5Z2lzbGF0aW9uJTIwbG9jYWxlLg==[\/vc_raw_html][vc_raw_html css=\u00a0\u00bb\u00a0\u00bb el_class=\u00a0\u00bbbits-of-functionality much-text bulletlist\u00a0\u00bb]UiVDMyVBOXNlcnZhdGlvbiUyMGRhbnMlMjBTT0xBUiUyMFByb3Zpc2lvbiUyMG91JTIwdCVDMyVBOWwlQzMlQTljaGFyZ2VtZW50JTIwdmVycyUyMHVuJTIwbW9kdWxlJTIwZGUlMjByJUMzJUE5c2VydmF0aW9uJTIwZXh0ZXJuZS4=[\/vc_raw_html][vc_raw_html css=\u00a0\u00bb\u00a0\u00bb el_class=\u00a0\u00bbbits-of-functionality much-text bulletlist\u00a0\u00bb]RXhwb3J0YXRpb24lMjB2ZXJzJTIwZGVzJTIwYmFzZXMlMjBkZSUyMGRvbm4lQzMlQTllcyUyMHBvdXIlMjBsZXMlMjByYXBwb3J0cyUyMHIlQzMlQTlnbGVtZW50YWlyZXMu[\/vc_raw_html][vc_raw_html css=\u00a0\u00bb\u00a0\u00bb el_class=\u00a0\u00bbbits-of-functionality much-text bulletlist\u00a0\u00bb]RyVDMyVBOW4lQzMlQTlyYXRpb24lMjBhdXRvbWF0aXF1ZSUyMGRlJTIwbm90aWZpY2F0aW9ucyUyMFNNUyUyRlB1c2glMjBwb3VyJTIwbGElMjBnZXN0aW9uJTIwZGUlMjBsYSUyMGRldHRlLg==[\/vc_raw_html][vc_raw_html css=\u00a0\u00bb\u00a0\u00bb el_class=\u00a0\u00bbbits-of-functionality much-text bulletlist\u00a0\u00bb]UmVsZXYlQzMlQTklMjAtJTIwbW9kJUMzJUE4bGVzJTIwaW5kaXZpZHVlbHMlMjBkZSUyMGxhJTIwYmFucXVlJTJDJTIwZW52b2klMjBhdXRvbWF0aXF1ZS4=[\/vc_raw_html][\/vc_column_inner][\/vc_row_inner][vc_empty_space height=\u00a0\u00bb40px\u00a0\u00bb][vc_row_inner equal_height=\u00a0\u00bbyes\u00a0\u00bb content_placement=\u00a0\u00bbmiddle\u00a0\u00bb css=\u00a0\u00bb.vc_custom_1748968639058{border-top-width: 1px !important;border-right-width: 1px !important;border-bottom-width: 1px !important;border-left-width: 1px !important;padding-top: 40px !important;padding-bottom: 40px !important;background-color: #E8432D !important;border-left-style: solid !important;border-right-style: solid !important;border-top-style: solid !important;border-bottom-style: solid !important;border-radius: 20px !important;border-color: #E8432D !important;}\u00a0\u00bb][vc_column_inner el_class=\u00a0\u00bbbenefit-icon-col\u00a0\u00bb width=\u00a0\u00bb1\/6&Prime;][vc_empty_space height=\u00a0\u00bb30px\u00a0\u00bb el_class=\u00a0\u00bbmobile-off\u00a0\u00bb][vc_icon icon_fontawesome=\u00a0\u00bbfa fa-regular fa-lightbulb\u00a0\u00bb color=\u00a0\u00bbwhite\u00a0\u00bb size=\u00a0\u00bbxl\u00a0\u00bb align=\u00a0\u00bbcenter\u00a0\u00bb css=\u00a0\u00bb\u00a0\u00bb][\/vc_column_inner][vc_column_inner el_class=\u00a0\u00bbbenefit-content-col\u00a0\u00bb width=\u00a0\u00bb5\/6&Prime; css=\u00a0\u00bb.vc_custom_1748968779705{padding-right: 50px !important;padding-left: 50px !important;}\u00a0\u00bb][vc_column_text css=\u00a0\u00bb\u00a0\u00bb]<span style=\"color: #ffffff;\">La soci\u00e9t\u00e9 Solanteq, le d\u00e9veloppeur de la plateforme SOLAR, est sp\u00e9cialis\u00e9e dans la cr\u00e9ation de composants innovants pour la mise en place de solutions de paiement et d&rsquo;applications num\u00e9riques. Les produits logiciels de SOLAR sont facilement \u00e9volutifs, s&rsquo;int\u00e8grent nativement dans les environnements cloud, offrent une r\u00e9sistance maximale aux pannes et peuvent \u00eatre fournis sous forme de conteneurs, adapt\u00e9s de mani\u00e8re flexible aux demandes des clients. La plateforme SOLAR est universelle pour le d\u00e9veloppement des activit\u00e9s de d\u00e9tail des banques et des soci\u00e9t\u00e9s de traitement.<\/span>[\/vc_column_text][\/vc_column_inner][\/vc_row_inner][vc_empty_space height=\u00a0\u00bb40px\u00a0\u00bb][vc_custom_heading text=\u00a0\u00bbLANCEMENT ET INT\u00c9GRATION FACILES AVEC TOUT SYST\u00c8ME\u00a0\u00bb font_container=\u00a0\u00bbtag:h2|font_size:36px|text_align:left|color:%23FFFFFF|line_height:44px\u00a0\u00bb use_theme_fonts=\u00a0\u00bbyes\u00a0\u00bb css=\u00a0\u00bb\u00a0\u00bb el_class=\u00a0\u00bbheading-big page-bits-title\u00a0\u00bb][vc_empty_space height=\u00a0\u00bb20px\u00a0\u00bb][vc_row_inner css=\u00a0\u00bb.vc_custom_1748967280488{border-top-width: 1px !important;border-right-width: 1px !important;border-bottom-width: 1px !important;border-left-width: 1px !important;padding-top: 40px !important;padding-right: 30px !important;padding-bottom: 40px !important;padding-left: 30px !important;background-color: #515D6A !important;border-radius: 20px !important;border-color: #515D6A !important;}\u00a0\u00bb][vc_column_inner][vc_raw_html css=\u00a0\u00bb\u00a0\u00bb el_class=\u00a0\u00bbbits-of-functionality much-text bulletlist\u00a0\u00bb]SW5zdGFsbGF0aW9uJTJDJTIwbGFuY2VtZW50JTIwZXQlMjBpbnQlQzMlQTlncmF0aW9uJTIwZGFucyUyMHVuJTIwZCVDMyVBOWxhaSUyMGRlJTIwMiUyMCVDMyVBMCUyMDQlMjBtb2lzLg==[\/vc_raw_html][vc_raw_html css=\u00a0\u00bb\u00a0\u00bb el_class=\u00a0\u00bbbits-of-functionality much-text bulletlist\u00a0\u00bb]RmFpYmxlJTIwZXhpZ2VuY2UlMjBtYXQlQzMlQTlyaWVsbGUlMjBldCUyMGNvJUMzJUJCdHMlMjBtaW5pbWVzJTIwZHUlMjBsb2dpY2llbCUyMHN5c3QlQzMlQThtZS4=[\/vc_raw_html][vc_raw_html css=\u00a0\u00bb\u00a0\u00bb el_class=\u00a0\u00bbbits-of-functionality much-text bulletlist\u00a0\u00bb]TGVzJTIwcGFja3MlMjBkJTI3aW50JUMzJUE5Z3JhdGlvbiUyMHByJUMzJUFBdHMlMjAlQzMlQTAlMjBsJTI3ZW1wbG9pJTIwYXZlYyUyMGxhJTIwcG9zc2liaWxpdCVDMyVBOSUyMGQlMjclQzMlQTl0ZW5kcmUlMjBsZXMlMjBmb25jdGlvbm5hbGl0JUMzJUE5cy4=[\/vc_raw_html][vc_raw_html css=\u00a0\u00bb\u00a0\u00bb el_class=\u00a0\u00bbbits-of-functionality much-text bulletlist\u00a0\u00bb]SW50JUMzJUE5Z3JhdGlvbiUyMHByb2ZvbmRlJTIwYXZlYyUyMHZvcyUyMHByb2R1aXRzJTIwZXhpc3RhbnRzLg==[\/vc_raw_html][\/vc_column_inner][\/vc_row_inner][vc_empty_space height=\u00a0\u00bb40px\u00a0\u00bb][vc_custom_heading text=\u00a0\u00bbPROGRAMMES DE PARTENARIAT\u00a0\u00bb font_container=\u00a0\u00bbtag:h2|font_size:36px|text_align:left|color:%23FFFFFF|line_height:44px\u00a0\u00bb use_theme_fonts=\u00a0\u00bbyes\u00a0\u00bb css=\u00a0\u00bb\u00a0\u00bb el_class=\u00a0\u00bbheading-big page-bits-title\u00a0\u00bb][vc_empty_space height=\u00a0\u00bb20px\u00a0\u00bb][vc_column_text css=\u00a0\u00bb\u00a0\u00bb]<span style=\"color: #ffffff;\">SOLAR Installments convient \u00e0 la fois aux services de pr\u00eats bancaires et aux services d\u2019\u00e9ch\u00e9anciers, ainsi qu\u2019aux services de BNPL. Dans le cadre d\u2019un programme BNPL, les clients paient leurs achats en montants \u00e9gaux sur une certaine p\u00e9riode sans accord de la banque et souvent sans int\u00e9r\u00eats, ces int\u00e9r\u00eats sont pay\u00e9s \u00e0 la banque par les entreprises partenaires. SOLAR Installments permet aux institutions financi\u00e8res de connecter des partenaires \u00e0 de tels services et de d\u00e9terminer individuellement le co\u00fbt du service pour chacun<\/span>[\/vc_column_text][vc_empty_space height=\u00a0\u00bb40px\u00a0\u00bb][vc_row_inner css=\u00a0\u00bb.vc_custom_1748967280488{border-top-width: 1px !important;border-right-width: 1px !important;border-bottom-width: 1px !important;border-left-width: 1px !important;padding-top: 40px !important;padding-right: 30px !important;padding-bottom: 40px !important;padding-left: 30px !important;background-color: #515D6A !important;border-radius: 20px !important;border-color: #515D6A !important;}\u00a0\u00bb][vc_column_inner][vc_raw_html css=\u00a0\u00bb\u00a0\u00bb el_class=\u00a0\u00bbbits-of-functionality much-text bulletlist\u00a0\u00bb]Q29udHJhdHMlMjBkZSUyMHBhcnRlbmFyaWF0JTIwZXQlMjBnZXN0aW9uJTIwZGVzJTIwcHJvZHVpdHMu[\/vc_raw_html][vc_raw_html css=\u00a0\u00bb\u00a0\u00bb el_class=\u00a0\u00bbbits-of-functionality much-text bulletlist\u00a0\u00bb]R2VzdGlvbiUyMGRlcyUyMHBhcmFtJUMzJUE4dHJlcyUyMGQlMjdpZGVudGlmaWNhdGlvbiUyMGRlcyUyMHBhcnRlbmFpcmVzLg==[\/vc_raw_html][vc_raw_html css=\u00a0\u00bb\u00a0\u00bb el_class=\u00a0\u00bbbits-of-functionality much-text bulletlist\u00a0\u00bb]SWRlbnRpZmljYXRpb24lMjBkZXMlMjBwYXJ0ZW5haXJlcyUyMHBhciUyMGxlcyUyMHBhcmFtJUMzJUE4dHJlcyUyMGR1JTIwbWVzc2FnZSUyMGQlMjdhdXRvcmlzYXRpb24u[\/vc_raw_html][vc_raw_html css=\u00a0\u00bb\u00a0\u00bb el_class=\u00a0\u00bbbits-of-functionality much-text bulletlist\u00a0\u00bb]RmFjdHVyYXRpb24lMjBhdSUyMHBhcnRlbmFpcmUlMjBkZSUyMGxhJTIwY29tbWlzc2lvbiUyMGRlJTIwcGFpZW1lbnRzJTIwJUMzJUE5Y2hlbG9ubiVDMyVBOXMlMjBldCUyMGRlcyUyMHIlQzMlQTljb21wZW5zZXMlMjBkZXMlMjBwcm9ncmFtbWVzJTIwZGUlMjBmaWQlQzMlQTlsaXQlQzMlQTku[\/vc_raw_html][vc_raw_html css=\u00a0\u00bb\u00a0\u00bb el_class=\u00a0\u00bbbits-of-functionality much-text bulletlist\u00a0\u00bb]UHJvZ3JhbW1lJTIwZGUlMjByJUMzJUE5Y29tcGVuc2VzJTIwYXV4JTIwcGFydGVuYWlyZXMlMjBwb3VyJTIwbGVzJTIwcHJpbWVzJTIwZGUlMjBmaWQlQzMlQTlsaXQlQzMlQTklMjBhY2N1bXVsJUMzJUE5ZXMu[\/vc_raw_html][vc_raw_html css=\u00a0\u00bb\u00a0\u00bb el_class=\u00a0\u00bbbits-of-functionality much-text bulletlist\u00a0\u00bb]JUMzJTg5bWlzc2lvbiUyMGV0JTIwZXhwb3J0YXRpb24lMjBkZSUyMGZhY3R1cmVzJTIwciVDMyVBOWd1bGklQzMlQThyZXMlMjBwb3VyJTIwbGVzJTIwcGFydGVuYWlyZXMlMjBzdXIlMjBsZXMlMjB0cmFuc2FjdGlvbnMlMjBlZmZlY3R1JUMzJUE5ZXMu[\/vc_raw_html][vc_raw_html css=\u00a0\u00bb\u00a0\u00bb el_class=\u00a0\u00bbbits-of-functionality much-text bulletlist\u00a0\u00bb]RW52b2klMjBhdXRvbWF0aXF1ZSUyMGRlJTIwcmFwcG9ydHMlMjBhdXglMjBwYXJ0ZW5haXJlcy4=[\/vc_raw_html][vc_raw_html css=\u00a0\u00bb\u00a0\u00bb el_class=\u00a0\u00bbbits-of-functionality much-text bulletlist\u00a0\u00bb]QVBJJTIwcG91ciUyMGxlJTIwY29tcHRlJTIwcGVyc29ubmVsJTIwZGVzJTIwcGFydGVuYWlyZXMu[\/vc_raw_html][\/vc_column_inner][\/vc_row_inner][vc_empty_space height=\u00a0\u00bb40px\u00a0\u00bb][vc_custom_heading text=\u00a0\u00bbPROSP\u00c9RIT\u00c9 POUR TOUS\u00a0\u00bb font_container=\u00a0\u00bbtag:h2|font_size:36px|text_align:left|color:%23FFFFFF|line_height:44px\u00a0\u00bb use_theme_fonts=\u00a0\u00bbyes\u00a0\u00bb css=\u00a0\u00bb\u00a0\u00bb el_class=\u00a0\u00bbheading-big page-bits-title\u00a0\u00bb][vc_empty_space height=\u00a0\u00bb20px\u00a0\u00bb][vc_column_text css=\u00a0\u00bb\u00a0\u00bb]<span style=\"color: #ffffff;\">Les pr\u00eats, les paiements \u00e9chelonn\u00e9s et les services BNPL rendent les achats plus abordables pour les consommateurs, tandis que les commer\u00e7ants augmentent la conversion des ventes et que les banques attirent de nouveaux clients et les fid\u00e9lisent. Avec SOLAR Installments, il est facile de mettre en \u0153uvre toutes vos id\u00e9es de services de pr\u00eat et leurs combinaisons avec des programmes de fid\u00e9lit\u00e9.<\/span>[\/vc_column_text][vc_empty_space height=\u00a0\u00bb20px\u00a0\u00bb][\/vc_column][\/vc_row][vc_row full_width=\u00a0\u00bbstretch_row\u00a0\u00bb equal_height=\u00a0\u00bbyes\u00a0\u00bb content_placement=\u00a0\u00bbmiddle\u00a0\u00bb css=\u00a0\u00bb.vc_custom_1748969789929{margin-bottom: -40px !important;padding-top: 30px !important;padding-bottom: 30px !important;background-color: #E8432D !important;}\u00a0\u00bb][vc_column width=\u00a0\u00bb1\/6&Prime; css=\u00a0\u00bb.vc_custom_1748443670093{border-color: #FFFFFF !important;}\u00a0\u00bb el_class=\u00a0\u00bbbenefit-icon-col\u00a0\u00bb][vc_empty_space height=\u00a0\u00bb30px\u00a0\u00bb el_class=\u00a0\u00bbmobile-off\u00a0\u00bb][vc_icon icon_fontawesome=\u00a0\u00bbfa fa-regular fa-envelope-open\u00a0\u00bb color=\u00a0\u00bbwhite\u00a0\u00bb size=\u00a0\u00bbxl\u00a0\u00bb align=\u00a0\u00bbcenter\u00a0\u00bb css=\u00a0\u00bb\u00a0\u00bb][\/vc_column][vc_column width=\u00a0\u00bb5\/6&Prime; el_class=\u00a0\u00bbbenefit-content-col\u00a0\u00bb][vc_custom_heading text=\u00a0\u00bbSOLAR Installments \u2014 un module hautement personnalisable pour tous les sc\u00e9narios de paiements \u00e9chelonn\u00e9s ou de pr\u00eats.\u00a0\u00bb font_container=\u00a0\u00bbtag:h3|font_size:32px|text_align:left|color:%23FFFFFF|line_height:34px\u00a0\u00bb use_theme_fonts=\u00a0\u00bbyes\u00a0\u00bb css=\u00a0\u00bb.vc_custom_1749541581377{margin-bottom: 10px !important;}\u00a0\u00bb el_class=\u00a0\u00bbweight-regular\u00a0\u00bb][vc_custom_heading text=\u00a0\u00bbContactez-nous, nous serons heureux d&rsquo;organiser une d\u00e9monstration et de r\u00e9pondre en d\u00e9tail \u00e0 toutes vos questions.\u00a0\u00bb font_container=\u00a0\u00bbtag:p|font_size:20px|text_align:left|color:%23FFFFFF|line_height:28px\u00a0\u00bb use_theme_fonts=\u00a0\u00bbyes\u00a0\u00bb css=\u00a0\u00bb.vc_custom_1749541592055{margin-bottom: 10px !important;}\u00a0\u00bb][vc_empty_space height=\u00a0\u00bb30px\u00a0\u00bb][vc_btn title=\u00a0\u00bbContact\u00a0\u00bb style=\u00a0\u00bbcustom\u00a0\u00bb custom_background=\u00a0\u00bb#E8432D\u00a0\u00bb custom_text=\u00a0\u00bb#FFFFFF\u00a0\u00bb shape=\u00a0\u00bbround\u00a0\u00bb size=\u00a0\u00bblg\u00a0\u00bb align=\u00a0\u00bbleft\u00a0\u00bb css=\u00a0\u00bb.vc_custom_1749728202620{margin-bottom: 0px !important;border-color: #FFFFFF !important;}\u00a0\u00bb link=\u00a0\u00bburl:%23&Prime; el_class=\u00a0\u00bbbutton-red-bg popmake-1552&Prime;][\/vc_column][\/vc_row]<\/p>\n<\/div>","protected":false},"excerpt":{"rendered":"<p>[vc_row][vc_column][vc_raw_html css=\u00a0\u00bb.vc_custom_1749539447137{margin-bottom: 0px !important;}\u00a0\u00bb el_class=\u00a0\u00bbbreadcrumbs\u00a0\u00bb]JTNDYSUyMGhyZWYlM0QlMjIlMkYlMjIlM0VIb21lJTNDJTJGYSUzRSUyMCU3QyUyMFByb2R1aXRzJTIwJTdDJTIwJTNDc3BhbiUzRVNPTEFSJTIwSW5zdGFsbG1lbnRzJTNDJTJGc3BhbiUzRQ==[\/vc_raw_html][\/vc_column][\/vc_row][vc_row css=\u00a0\u00bb.vc_custom_1747922304231{border-color: #FF0000 !important;}\u00a0\u00bb][vc_column][vc_empty_space height=\u00a0\u00bb40px\u00a0\u00bb][vc_custom_heading text=\u00a0\u00bbSOLAR Installments &#8211; Permettre aux clients de payer au fil du temps\u00a0\u00bb font_container=\u00a0\u00bbtag:h1|font_size:64px|text_align:left|color:%23424D59|line_height:84px\u00a0\u00bb use_theme_fonts=\u00a0\u00bbyes\u00a0\u00bb css=\u00a0\u00bb.vc_custom_1749539469231{margin-bottom: 0px !important;margin-left: -5px !important;}\u00a0\u00bb el_class=\u00a0\u00bbheading-big\u00a0\u00bb][vc_empty_space height=\u00a0\u00bb25px\u00a0\u00bb][vc_custom_heading text=\u00a0\u00bbSOLAR Installments \u2014 la solution logicielle pour les services de pr\u00eat d\u2019argent \u00e0 temp\u00e9rament. Permettez \u00e0 vos clients de payer leurs achats \u00e0 une date &#8230; <a title=\"SOLAR Installments\" class=\"read-more\" href=\"https:\/\/solanteq.com\/fr\/solar-installments\/\" aria-label=\"En savoir plus sur SOLAR Installments\">Read more<\/a><\/p>\n","protected":false},"author":3,"featured_media":0,"parent":0,"menu_order":0,"comment_status":"closed","ping_status":"closed","template":"","meta":{"footnotes":""},"class_list":["post-996","page","type-page","status-publish"],"_links":{"self":[{"href":"https:\/\/solanteq.com\/fr\/wp-json\/wp\/v2\/pages\/996","targetHints":{"allow":["GET"]}}],"collection":[{"href":"https:\/\/solanteq.com\/fr\/wp-json\/wp\/v2\/pages"}],"about":[{"href":"https:\/\/solanteq.com\/fr\/wp-json\/wp\/v2\/types\/page"}],"author":[{"embeddable":true,"href":"https:\/\/solanteq.com\/fr\/wp-json\/wp\/v2\/users\/3"}],"replies":[{"embeddable":true,"href":"https:\/\/solanteq.com\/fr\/wp-json\/wp\/v2\/comments?post=996"}],"version-history":[{"count":3,"href":"https:\/\/solanteq.com\/fr\/wp-json\/wp\/v2\/pages\/996\/revisions"}],"predecessor-version":[{"id":1631,"href":"https:\/\/solanteq.com\/fr\/wp-json\/wp\/v2\/pages\/996\/revisions\/1631"}],"wp:attachment":[{"href":"https:\/\/solanteq.com\/fr\/wp-json\/wp\/v2\/media?parent=996"}],"curies":[{"name":"wp","href":"https:\/\/api.w.org\/{rel}","templated":true}]}}