{"id":998,"date":"2025-06-05T11:59:05","date_gmt":"2025-06-05T08:59:05","guid":{"rendered":"https:\/\/solanteq.web-design.ee\/solar-testing-toolkit\/"},"modified":"2025-06-12T11:38:10","modified_gmt":"2025-06-12T11:38:10","slug":"solar-testing-toolkit","status":"publish","type":"page","link":"https:\/\/solanteq.com\/fr\/solar-testing-toolkit\/","title":{"rendered":"SOLAR Testing Toolkit"},"content":{"rendered":"<div class=\"wpb-content-wrapper\"><p>[vc_row][vc_column][vc_raw_html css=\u00a0\u00bb.vc_custom_1749554810090{margin-bottom: 0px !important;}\u00a0\u00bb el_class=\u00a0\u00bbbreadcrumbs\u00a0\u00bb]JTNDYSUyMGhyZWYlM0QlMjIlMkYlMjIlM0VIb21lJTNDJTJGYSUzRSUyMCU3QyUyMFByb2R1aXRzJTIwJTdDJTIwJTNDc3BhbiUzRVNPTEFSJTIwVGVzdGluZyUyMFRvb2xraXQlM0MlMkZzcGFuJTNF[\/vc_raw_html][\/vc_column][\/vc_row][vc_row css=\u00a0\u00bb.vc_custom_1747922304231{border-color: #FF0000 !important;}\u00a0\u00bb][vc_column][vc_empty_space height=\u00a0\u00bb40px\u00a0\u00bb][vc_custom_heading text=\u00a0\u00bb<b>SOLAR<\/b> Testing Toolkit \u2014 La tranquillit\u00e9 d&rsquo;esprit en un seul pack\u00a0\u00bb font_container=\u00a0\u00bbtag:h1|font_size:64px|text_align:left|color:%23424D59|line_height:84px\u00a0\u00bb use_theme_fonts=\u00a0\u00bbyes\u00a0\u00bb css=\u00a0\u00bb.vc_custom_1749554825270{margin-bottom: 0px !important;margin-left: -5px !important;}\u00a0\u00bb el_class=\u00a0\u00bbheading-big\u00a0\u00bb][vc_empty_space height=\u00a0\u00bb25px\u00a0\u00bb][vc_custom_heading text=\u00a0\u00bbLe SOLAR Testing Toolkit a \u00e9t\u00e9 le premier produit que nous avons lanc\u00e9 lorsque nous avons commenc\u00e9 nos activit\u00e9s en 2014 \u2014 une solution solide qui g\u00e8re les tests fonctionnels, d\u2019int\u00e9gration, de r\u00e9gression et de performance des syst\u00e8mes de traitement des paiements. D\u00e8s le d\u00e9but, nous avons d\u00e9velopp\u00e9 et utilis\u00e9 le SOLAR Testing Toolkit pour tester nos propres produits, et toutes nos autres solutions et projets ont b\u00e9n\u00e9fici\u00e9 de la solide couverture de test qu\u2019il fournit. Gr\u00e2ce au SOLAR Testing Toolkit, les mises \u00e0 jour les plus r\u00e9volutionnaires peuvent \u00eatre int\u00e9gr\u00e9es de mani\u00e8re transparente et rapide dans les solutions les plus complexes.\u00a0\u00bb font_container=\u00a0\u00bbtag:p|font_size:20px|text_align:left|color:%23424D59|line_height:28px\u00a0\u00bb use_theme_fonts=\u00a0\u00bbyes\u00a0\u00bb css=\u00a0\u00bb.vc_custom_1749554878176{margin-bottom: 0px !important;}\u00a0\u00bb el_class=\u00a0\u00bbweight-light\u00a0\u00bb][vc_empty_space height=\u00a0\u00bb50px\u00a0\u00bb][\/vc_column][\/vc_row][vc_row full_width=\u00a0\u00bbstretch_row\u00a0\u00bb css=\u00a0\u00bb.vc_custom_1748962391931{padding-top: 100px !important;padding-bottom: 100px !important;background-color: #424D59 !important;background-position: center !important;background-repeat: no-repeat !important;background-size: cover !important;}\u00a0\u00bb el_class=\u00a0\u00bbdisable-row-overflow page-under-video-block\u00a0\u00bb][vc_column][vc_video link=\u00a0\u00bbhttps:\/\/youtu.be\/bcIsLYudasE?si=TlZy3k0E0vjTenSx\u00a0\u00bb align=\u00a0\u00bbcenter\u00a0\u00bb css=\u00a0\u00bb.vc_custom_1749124951184{background-color: #FFFFFF !important;}\u00a0\u00bb el_class=\u00a0\u00bbvideo-widget\u00a0\u00bb][vc_empty_space height=\u00a0\u00bb40px\u00a0\u00bb][vc_custom_heading text=\u00a0\u00bbUN MOD\u00c8LE COMPACT DU MONDE DES PAIEMENTS MONDIAUX\u00a0\u00bb font_container=\u00a0\u00bbtag:h2|font_size:36px|text_align:left|color:%23FFFFFF|line_height:44px\u00a0\u00bb use_theme_fonts=\u00a0\u00bbyes\u00a0\u00bb css=\u00a0\u00bb\u00a0\u00bb el_class=\u00a0\u00bbheading-big page-bits-title\u00a0\u00bb][vc_empty_space height=\u00a0\u00bb20px\u00a0\u00bb][vc_column_text css=\u00a0\u00bb\u00a0\u00bb]<span style=\"color: #ffffff;\">Le SOLAR Testing Toolkit simule tous les \u00e9l\u00e9ments qui composent le monde des paiements mondiaux : guichets automatiques de banque, terminaux de paiement, syst\u00e8mes de cartes internationaux et nationaux (VISA, MASTERCARD, AMEX, JCB, UPI). Il prend en charge les interfaces en ligne et celles de fichiers batch et peut tester les fichiers de compensation et les rapports. Un langage simple de configuration des scripts de test d\u00e9finit les r\u00e8gles d\u2019interaction entre les \u00e9l\u00e9ments, ce qui permet \u00e0 des transactions simul\u00e9es r\u00e9alistes d\u2019\u00eatre soumises au syst\u00e8me de test sans impliquer l\u2019infrastructure externe. Les r\u00e9sultats peuvent \u00eatre rapidement analys\u00e9s et compar\u00e9s aux valeurs attendues pour des ensembles infinis de param\u00e8tres. En fait, il s\u2019agit d\u2019un mod\u00e8le compact du monde des paiements \u00e9lectroniques que vous pouvez param\u00e9trer \u00e0 votre guise.<\/span>[\/vc_column_text][vc_empty_space height=\u00a0\u00bb40px\u00a0\u00bb][vc_single_image image=\u00a0\u00bb1379&Prime; img_size=\u00a0\u00bbfull\u00a0\u00bb alignment=\u00a0\u00bbcenter\u00a0\u00bb css=\u00a0\u00bb.vc_custom_1749555011177{padding-top: 20px !important;padding-right: 20px !important;padding-bottom: 20px !important;padding-left: 20px !important;background-color: #FFFFFF !important;}\u00a0\u00bb el_class=\u00a0\u00bbborder-radius20&Prime;][vc_empty_space height=\u00a0\u00bb40px\u00a0\u00bb][vc_custom_heading text=\u00a0\u00bbPETITS INVESTISSEMENTS, GRANDS RETOURS\u00a0\u00bb font_container=\u00a0\u00bbtag:h2|font_size:36px|text_align:left|color:%23FFFFFF|line_height:44px\u00a0\u00bb use_theme_fonts=\u00a0\u00bbyes\u00a0\u00bb css=\u00a0\u00bb\u00a0\u00bb el_class=\u00a0\u00bbheading-big page-bits-title\u00a0\u00bb][vc_empty_space height=\u00a0\u00bb20px\u00a0\u00bb][vc_column_text css=\u00a0\u00bb\u00a0\u00bb]<span style=\"color: #ffffff;\">Il n\u2019y a aucun doute \u00e0 ce sujet : notre confiance dans ce produit a port\u00e9 ses fruits de mani\u00e8re consid\u00e9rable. Le SOLAR Testing Toolkit n\u2019est pas seulement un succ\u00e8s dans nos laboratoires d\u2019essai des produits SOLAR. Nos clients r\u00e9coltent \u00e9galement les fruits de sa mise en \u0153uvre dans les solutions de test d\u00e9velopp\u00e9es par eux-m\u00eames ou par d\u2019autres fournisseurs.<\/span><\/p>\n<p><span style=\"color: #ffffff;\">Nos analyses et recherches continues sur les produits confirment que SOLAR Testing Toolkit s\u2019est av\u00e9r\u00e9 \u00eatre une solution rentable dans toutes les banques o\u00f9 elle a \u00e9t\u00e9 mise en \u0153uvre. Cela s\u2019est av\u00e9r\u00e9 vrai m\u00eame pour celles qui n\u2019ont pas de d\u00e9veloppement en interne et dont les tests se limitent aux produits des fournisseurs.<\/span>[\/vc_column_text][vc_empty_space height=\u00a0\u00bb40px\u00a0\u00bb][vc_row_inner equal_height=\u00a0\u00bbyes\u00a0\u00bb content_placement=\u00a0\u00bbmiddle\u00a0\u00bb css=\u00a0\u00bb.vc_custom_1748968639058{border-top-width: 1px !important;border-right-width: 1px !important;border-bottom-width: 1px !important;border-left-width: 1px !important;padding-top: 40px !important;padding-bottom: 40px !important;background-color: #E8432D !important;border-left-style: solid !important;border-right-style: solid !important;border-top-style: solid !important;border-bottom-style: solid !important;border-radius: 20px !important;border-color: #E8432D !important;}\u00a0\u00bb][vc_column_inner el_class=\u00a0\u00bbbenefit-icon-col\u00a0\u00bb width=\u00a0\u00bb1\/6&Prime;][vc_empty_space height=\u00a0\u00bb30px\u00a0\u00bb el_class=\u00a0\u00bbmobile-off\u00a0\u00bb][vc_icon icon_fontawesome=\u00a0\u00bbfa fa-regular fa-lightbulb\u00a0\u00bb color=\u00a0\u00bbwhite\u00a0\u00bb size=\u00a0\u00bbxl\u00a0\u00bb align=\u00a0\u00bbcenter\u00a0\u00bb css=\u00a0\u00bb\u00a0\u00bb][\/vc_column_inner][vc_column_inner el_class=\u00a0\u00bbbenefit-content-col\u00a0\u00bb width=\u00a0\u00bb5\/6&Prime; css=\u00a0\u00bb.vc_custom_1748968779705{padding-right: 50px !important;padding-left: 50px !important;}\u00a0\u00bb][vc_column_text css=\u00a0\u00bb\u00a0\u00bb]<span style=\"color: #ffffff;\"><br \/>\nLa soci\u00e9t\u00e9 Solanteq, le d\u00e9veloppeur de la plateforme SOLAR, est sp\u00e9cialis\u00e9e dans la cr\u00e9ation de composants innovants pour la mise en place de solutions de paiement et d&rsquo;applications num\u00e9riques. Les produits logiciels de SOLAR sont facilement \u00e9volutifs, s&rsquo;int\u00e8grent nativement dans les environnements cloud, offrent une r\u00e9sistance maximale aux pannes et peuvent \u00eatre fournis sous forme de conteneurs, adapt\u00e9s de mani\u00e8re flexible aux demandes des clients. La plateforme SOLAR est universelle pour le d\u00e9veloppement des activit\u00e9s de d\u00e9tail des banques et des soci\u00e9t\u00e9s de traitement.<\/span>[\/vc_column_text][\/vc_column_inner][\/vc_row_inner][vc_empty_space height=\u00a0\u00bb40px\u00a0\u00bb][vc_custom_heading text=\u00a0\u00bbCR\u00c9ATION DE TESTS SANS TRACAS\u00a0\u00bb font_container=\u00a0\u00bbtag:h2|font_size:36px|text_align:left|color:%23FFFFFF|line_height:44px\u00a0\u00bb use_theme_fonts=\u00a0\u00bbyes\u00a0\u00bb css=\u00a0\u00bb\u00a0\u00bb el_class=\u00a0\u00bbheading-big page-bits-title\u00a0\u00bb][vc_empty_space height=\u00a0\u00bb20px\u00a0\u00bb][vc_column_text css=\u00a0\u00bb\u00a0\u00bb]<span style=\"color: #ffffff;\">Nous voulions simplifier le processus de cr\u00e9ation de tests pour nos utilisateurs. Plus le mod\u00e8le de test est grand, plus le support est lourd, donc \u00e9liminer la complexit\u00e9 \u00e9tait un objectif important. C\u2019est pourquoi nous avons renonc\u00e9 aux langages de programmation classiques dans le processus de configuration des tests et avons rendu la cr\u00e9ation de tests possible gr\u00e2ce \u00e0 une interface conviviale de description des tests qui ne n\u00e9cessite aucune exp\u00e9rience de programmation. Les interfaces sp\u00e9ciales permettent d\u2019int\u00e9grer en continu le SOLAR Testing Toolkit \u00e0 chaque construction de logiciel. Notre solide plateforme de test constitue la base de tous nos projets, qu\u2019il s\u2019agisse de d\u00e9veloppement ou de mise en \u0153uvre de produits.<\/span>[\/vc_column_text][vc_empty_space height=\u00a0\u00bb20px\u00a0\u00bb][vc_custom_heading text=\u00a0\u00bbTESTS DE FONCTIONNEMENT\u00a0\u00bb font_container=\u00a0\u00bbtag:h2|font_size:36px|text_align:left|color:%23FFFFFF|line_height:44px\u00a0\u00bb use_theme_fonts=\u00a0\u00bbyes\u00a0\u00bb css=\u00a0\u00bb\u00a0\u00bb el_class=\u00a0\u00bbheading-big page-bits-title\u00a0\u00bb][vc_empty_space height=\u00a0\u00bb20px\u00a0\u00bb][vc_column_text css=\u00a0\u00bb\u00a0\u00bb]<span style=\"color: #ffffff;\">Une nouvelle fonctionnalit\u00e9 logicielle de votre syst\u00e8me doit \u00eatre soumise \u00e0 une s\u00e9rie de tests avant d\u2019\u00eatre commercialis\u00e9e, afin de s\u2019assurer qu\u2019elle r\u00e9pond pleinement aux exigences. Par exemple, les tests permettent de v\u00e9rifier que les int\u00e9r\u00eats sur les soldes des comptes sont comptabilis\u00e9s aux bons jours et pour le bon montant, que les transactions comptables r\u00e9pondent aux exigences de la banque centrale. Apr\u00e8s les tests, les erreurs doivent \u00eatre corrig\u00e9es et le processus de test r\u00e9p\u00e9t\u00e9 \u00e0 nouveau.<\/span><\/p>\n<p><span style=\"color: #ffffff;\">Le SOLAR Testing Toolkit vous permet de le faire sans probl\u00e8me en soumettant des transactions simul\u00e9es, telles que des autorisations et des documents financiers, par le biais d\u2019interfaces standards, en ex\u00e9cutant automatiquement des transactions de fin de journ\u00e9e et en d\u00e9clenchant le t\u00e9l\u00e9chargement des fichiers d\u2019interface requis, tout en utilisant un mode de correspondance intelligent pour les v\u00e9rifier.<br \/>\nLe SOLAR Testing Toolkit peut \u00e9galement \u00eatre utilis\u00e9 pour cr\u00e9er des tests bas\u00e9s sur des exigences commerciales sp\u00e9cifiques saisies pour le logiciel test\u00e9 et pour faire correspondre les r\u00e9sultats aux exigences. La couverture et l\u2019ach\u00e8vement des tests peuvent \u00eatre suivis \u00e0 l\u2019aide d\u2019un ensemble pratique de rapports statistiques.<\/span>[\/vc_column_text][vc_empty_space height=\u00a0\u00bb40px\u00a0\u00bb][vc_custom_heading text=\u00a0\u00bbTESTS D\u2019INT\u00c9GRATION\u00a0\u00bb font_container=\u00a0\u00bbtag:h2|font_size:36px|text_align:left|color:%23FFFFFF|line_height:44px\u00a0\u00bb use_theme_fonts=\u00a0\u00bbyes\u00a0\u00bb css=\u00a0\u00bb\u00a0\u00bb el_class=\u00a0\u00bbheading-big page-bits-title\u00a0\u00bb][vc_empty_space height=\u00a0\u00bb20px\u00a0\u00bb][vc_column_text css=\u00a0\u00bb\u00a0\u00bb]<span style=\"color: #ffffff;\">Le test manuel des syst\u00e8mes d\u2019information peut se transformer en un d\u00e9fi monumental s\u2019ils contiennent un grand nombre d\u2019interfaces externes en ligne et de fichiers qui prennent en charge divers protocoles. Il faut savoir qu\u2019un test complet exige que l\u2019instance de test du syst\u00e8me soit connect\u00e9e aux instances de test compatibles de tous les syst\u00e8mes auxiliaires \u2014 sans parler des h\u00f4tes de test de tous les fournisseurs de services de paiement externes et des syst\u00e8mes de paiement internationaux.<\/span><\/p>\n<p><span style=\"color: #ffffff;\">Avec le SOLAR Testing Toolkit, vous pouvez d\u00e9cider du niveau de pr\u00e9cision dont vous avez besoin pour la simulation de votre syst\u00e8me. Vous pouvez faire plus que soumettre des actions et analyser les r\u00e9sultats avec les mocks intelligents du SOLAR Testing Toolkit. Par exemple, le SOLAR Testing Toolkit peut simuler n\u2019importe quel syst\u00e8me de paiement international et donnera la bonne r\u00e9ponse en fonction de la t\u00e2che \u00e0 accomplir. Une seule installation peut simuler plusieurs syst\u00e8mes \u00e0 la fois; lorsque vous testez la fa\u00e7on dont vos distributeurs automatiques de billets traitent les cartes de paiement d\u2019une autre banque, le SOLAR Testing Toolkit simule \u00e0 la fois le distributeur automatique de billets qui envoie la demande d\u2019autorisation et le syst\u00e8me de paiement qui y r\u00e9pond.<\/span>[\/vc_column_text][vc_empty_space height=\u00a0\u00bb40px\u00a0\u00bb][vc_custom_heading text=\u00a0\u00bbTEST DE R\u00c9GRESSION\u00a0\u00bb font_container=\u00a0\u00bbtag:h2|font_size:36px|text_align:left|color:%23FFFFFF|line_height:44px\u00a0\u00bb use_theme_fonts=\u00a0\u00bbyes\u00a0\u00bb css=\u00a0\u00bb\u00a0\u00bb el_class=\u00a0\u00bbheading-big page-bits-title\u00a0\u00bb][vc_empty_space height=\u00a0\u00bb20px\u00a0\u00bb][vc_column_text css=\u00a0\u00bb\u00a0\u00bb]<span style=\"color: #ffffff;\">Vous avez donc parcouru avec succ\u00e8s la boucle des mises \u00e0 niveau des fonctionnalit\u00e9s en testant les nouvelles fonctionnalit\u00e9s, en corrigeant les erreurs, en testant \u00e0 nouveau, et encore et encore jusqu\u2019\u00e0 ce que tout fonctionne comme un charme. Le syst\u00e8me est-il maintenant pr\u00eat pour une exploitation commerciale? Pas n\u00e9cessairement. L\u2019un des derniers obstacles apr\u00e8s les tests fonctionnels est le test de r\u00e9gression qui consiste \u00e0 v\u00e9rifier que les anciennes fonctionnalit\u00e9s continuent de fonctionner correctement en m\u00eame temps que les nouvelles.<br \/>\nL\u00e0 aussi, le SOLAR Testing Toolkit vous donne l\u2019avantage en sauvegardant et en lan\u00e7ant des s\u00e9ries de tests de r\u00e9gression. Il n\u2019est plus n\u00e9cessaire d\u2019affecter des ressources sp\u00e9cialis\u00e9es co\u00fbteuses \u00e0 l\u2019analyse manuelle des r\u00e9sultats qui prend plusieurs jours. Avec SOLAR Testing Toolkit, il est probable que tout ce que vous ferez sera de vous assurer qu\u2019environ 95 % des tests se sont d\u00e9roul\u00e9s correctement et de corriger les 5 % restants. Et cela porte ses fruits: d\u2019apr\u00e8s nos recherches, le SOLAR Testing Toolkit permet de gagner plusieurs fois le temps habituellement consacr\u00e9 aux tests de r\u00e9gression et d\u2019am\u00e9liorer consid\u00e9rablement les performances des tests.<\/span>[\/vc_column_text][vc_empty_space height=\u00a0\u00bb40px\u00a0\u00bb][vc_custom_heading text=\u00a0\u00bbTEST DE PERFORMANCE\u00a0\u00bb font_container=\u00a0\u00bbtag:h2|font_size:36px|text_align:left|color:%23FFFFFF|line_height:44px\u00a0\u00bb use_theme_fonts=\u00a0\u00bbyes\u00a0\u00bb css=\u00a0\u00bb\u00a0\u00bb el_class=\u00a0\u00bbheading-big page-bits-title\u00a0\u00bb][vc_empty_space height=\u00a0\u00bb20px\u00a0\u00bb][vc_column_text css=\u00a0\u00bb\u00a0\u00bb]<span style=\"color: #ffffff;\">Nous aimerions tous penser que la mise \u00e0 jour d\u2019un syst\u00e8me d\u2019information acc\u00e9l\u00e8re le traitement et les performances, mais ce n\u2019est pas toujours le cas. Il arrive qu\u2019un bug passe inaper\u00e7u lors des tests de r\u00e9gression et ne se manifeste que par un ralentissement de la vitesse de fonctionnement.<br \/>\nAvec le SOLAR Testing Toolkit, vous pouvez facilement d\u00e9tecter des goulots d\u2019\u00e9tranglement en configurant un profil de charge personnalis\u00e9 qui se rapproche le plus des charges r\u00e9elles et en lan\u00e7ant le chargement simultan\u00e9 du syst\u00e8me \u00e0 partir de tous les canaux avec la capacit\u00e9 maximale. Le SOLAR Testing Toolkit peut g\u00e9rer des charges stables, \u00e9chelonn\u00e9es et de pointe dans la p\u00e9riode pr\u00e9d\u00e9finie, puis enregistrer et analyser les r\u00e9sultats, et enfin, cr\u00e9er un rapport de productivit\u00e9 une fois le test termin\u00e9.<br \/>\nSOLAR Testing Toolkit prend en charge la couverture compl\u00e8te des tests logiciels, optimise et automatise le processus de test, ce qui r\u00e9duit consid\u00e9rablement les co\u00fbts financiers. SOLAR Testing Toolkit est utilis\u00e9 par les principales institutions financi\u00e8res et les grandes banques du monde entier.<\/span>[\/vc_column_text][\/vc_column][\/vc_row][vc_row full_width=\u00a0\u00bbstretch_row\u00a0\u00bb equal_height=\u00a0\u00bbyes\u00a0\u00bb content_placement=\u00a0\u00bbmiddle\u00a0\u00bb css=\u00a0\u00bb.vc_custom_1748969789929{margin-bottom: -40px !important;padding-top: 30px !important;padding-bottom: 30px !important;background-color: #E8432D !important;}\u00a0\u00bb][vc_column width=\u00a0\u00bb1\/6&Prime; css=\u00a0\u00bb.vc_custom_1748443670093{border-color: #FFFFFF !important;}\u00a0\u00bb el_class=\u00a0\u00bbbenefit-icon-col\u00a0\u00bb][vc_empty_space height=\u00a0\u00bb30px\u00a0\u00bb el_class=\u00a0\u00bbmobile-off\u00a0\u00bb][vc_icon icon_fontawesome=\u00a0\u00bbfa fa-regular fa-envelope-open\u00a0\u00bb color=\u00a0\u00bbwhite\u00a0\u00bb size=\u00a0\u00bbxl\u00a0\u00bb align=\u00a0\u00bbcenter\u00a0\u00bb css=\u00a0\u00bb\u00a0\u00bb][\/vc_column][vc_column width=\u00a0\u00bb5\/6&Prime; el_class=\u00a0\u00bbbenefit-content-col\u00a0\u00bb][vc_custom_heading text=\u00a0\u00bbPrenez le contr\u00f4le des mises \u00e0 jour de votre syst\u00e8me avec le SOLAR Testing Toolkit. Apprenez-en davantage sur ce qui se cache derri\u00e8re la satisfaction de nos clients.\u00a0\u00bb font_container=\u00a0\u00bbtag:h3|font_size:32px|text_align:left|color:%23FFFFFF|line_height:34px\u00a0\u00bb use_theme_fonts=\u00a0\u00bbyes\u00a0\u00bb css=\u00a0\u00bb.vc_custom_1749555423728{margin-bottom: 10px !important;}\u00a0\u00bb el_class=\u00a0\u00bbweight-regular\u00a0\u00bb][vc_custom_heading text=\u00a0\u00bbContactez-nous, nous serons heureux d&rsquo;organiser une d\u00e9monstration et de r\u00e9pondre en d\u00e9tail \u00e0 toutes vos questions.\u00a0\u00bb font_container=\u00a0\u00bbtag:p|font_size:20px|text_align:left|color:%23FFFFFF|line_height:28px\u00a0\u00bb use_theme_fonts=\u00a0\u00bbyes\u00a0\u00bb css=\u00a0\u00bb.vc_custom_1749555442553{margin-bottom: 10px !important;}\u00a0\u00bb][vc_empty_space height=\u00a0\u00bb30px\u00a0\u00bb][vc_btn title=\u00a0\u00bbContact\u00a0\u00bb style=\u00a0\u00bbcustom\u00a0\u00bb custom_background=\u00a0\u00bb#E8432D\u00a0\u00bb custom_text=\u00a0\u00bb#FFFFFF\u00a0\u00bb shape=\u00a0\u00bbround\u00a0\u00bb size=\u00a0\u00bblg\u00a0\u00bb align=\u00a0\u00bbleft\u00a0\u00bb css=\u00a0\u00bb.vc_custom_1749728288478{margin-bottom: 0px !important;border-color: #FFFFFF !important;}\u00a0\u00bb link=\u00a0\u00bburl:%23&Prime; el_class=\u00a0\u00bbbutton-red-bg popmake-1552&Prime;][\/vc_column][\/vc_row]<\/p>\n<\/div>","protected":false},"excerpt":{"rendered":"<p>[vc_row][vc_column][vc_raw_html css=\u00a0\u00bb.vc_custom_1749554810090{margin-bottom: 0px !important;}\u00a0\u00bb el_class=\u00a0\u00bbbreadcrumbs\u00a0\u00bb]JTNDYSUyMGhyZWYlM0QlMjIlMkYlMjIlM0VIb21lJTNDJTJGYSUzRSUyMCU3QyUyMFByb2R1aXRzJTIwJTdDJTIwJTNDc3BhbiUzRVNPTEFSJTIwVGVzdGluZyUyMFRvb2xraXQlM0MlMkZzcGFuJTNF[\/vc_raw_html][\/vc_column][\/vc_row][vc_row css=\u00a0\u00bb.vc_custom_1747922304231{border-color: #FF0000 !important;}\u00a0\u00bb][vc_column][vc_empty_space height=\u00a0\u00bb40px\u00a0\u00bb][vc_custom_heading text=\u00a0\u00bbSOLAR Testing Toolkit \u2014 La tranquillit\u00e9 d&rsquo;esprit en un seul pack\u00a0\u00bb font_container=\u00a0\u00bbtag:h1|font_size:64px|text_align:left|color:%23424D59|line_height:84px\u00a0\u00bb use_theme_fonts=\u00a0\u00bbyes\u00a0\u00bb css=\u00a0\u00bb.vc_custom_1749554825270{margin-bottom: 0px !important;margin-left: -5px !important;}\u00a0\u00bb el_class=\u00a0\u00bbheading-big\u00a0\u00bb][vc_empty_space height=\u00a0\u00bb25px\u00a0\u00bb][vc_custom_heading text=\u00a0\u00bbLe SOLAR Testing Toolkit a \u00e9t\u00e9 le premier produit que nous avons lanc\u00e9 lorsque nous avons commenc\u00e9 nos activit\u00e9s en 2014 \u2014 une solution solide qui &#8230; <a title=\"SOLAR Testing Toolkit\" class=\"read-more\" href=\"https:\/\/solanteq.com\/fr\/solar-testing-toolkit\/\" aria-label=\"En savoir plus sur SOLAR Testing Toolkit\">Read more<\/a><\/p>\n","protected":false},"author":3,"featured_media":0,"parent":0,"menu_order":0,"comment_status":"closed","ping_status":"closed","template":"","meta":{"footnotes":""},"class_list":["post-998","page","type-page","status-publish"],"_links":{"self":[{"href":"https:\/\/solanteq.com\/fr\/wp-json\/wp\/v2\/pages\/998","targetHints":{"allow":["GET"]}}],"collection":[{"href":"https:\/\/solanteq.com\/fr\/wp-json\/wp\/v2\/pages"}],"about":[{"href":"https:\/\/solanteq.com\/fr\/wp-json\/wp\/v2\/types\/page"}],"author":[{"embeddable":true,"href":"https:\/\/solanteq.com\/fr\/wp-json\/wp\/v2\/users\/3"}],"replies":[{"embeddable":true,"href":"https:\/\/solanteq.com\/fr\/wp-json\/wp\/v2\/comments?post=998"}],"version-history":[{"count":4,"href":"https:\/\/solanteq.com\/fr\/wp-json\/wp\/v2\/pages\/998\/revisions"}],"predecessor-version":[{"id":1639,"href":"https:\/\/solanteq.com\/fr\/wp-json\/wp\/v2\/pages\/998\/revisions\/1639"}],"wp:attachment":[{"href":"https:\/\/solanteq.com\/fr\/wp-json\/wp\/v2\/media?parent=998"}],"curies":[{"name":"wp","href":"https:\/\/api.w.org\/{rel}","templated":true}]}}